{"id":11105,"date":"2025-11-28T08:24:09","date_gmt":"2025-12-03T07:24:11","guid":{"rendered":"https:\/\/dehub.netgear.com\/de\/hub\/?page_id=11105"},"modified":"2025-12-30T09:47:21","modified_gmt":"2025-12-30T08:47:21","slug":"lindy-netgear-a-partnership-for-advanced-av-integration","status":"publish","type":"page","link":"https:\/\/dehub.netgear.com\/de\/hub\/business\/av\/lindy-netgear-a-partnership-for-advanced-av-integration\/","title":{"rendered":"Lindy &amp; NETGEAR: Eine Partnerschaft f\u00fcr fortschrittliche AV-Integration"},"content":{"rendered":"<p><img loading=\"lazy\" decoding=\"async\" class=\"alignone size-full wp-image-10681\" style=\"border-radius: 1em;\" src=\"https:\/\/www.netgear.com\/hub\/wp-content\/uploads\/2025\/11\/38365_HW.png\" alt=\"\" width=\"1048\" height=\"511\" \/><\/p>\n    <div class=\"table-of-content bg-gray\">\n        <p><strong>IN THIS ARTICLE<\/strong><\/p>\n        <ul>\n                        <li><a href=\"#topic2\">Garantierte Interoperabilit\u00e4t und vereinfachte Implementierung<\/a><\/li>\n                        <li><a href=\"#topic3\">Verbesserte Anwendungen in professionellen Umgebungen<\/a><\/li>\n                        <li><a href=\"#topic4\">Eine Zusammenarbeit, die AV-Technologie vorantreibt<\/a><\/li>\n                        <li><a href=\"#topic5\">Mehr Informationen<\/a><\/li>\n                    <\/ul>\n    <\/div>\n        <div id=\"topic1\" class=\"skip-item\">\n                        <p data-start=\"40\" data-end=\"344\">Die effektive \u00dcbertragung von hochwertigem AV-Inhalt ist eine entscheidende Anforderung f\u00fcr moderne Unternehmens-, Bildungs- und \u00f6ffentliche Umgebungen. Da Organisationen zunehmend AV-over-IP-L\u00f6sungen einsetzen, wird die zugrunde liegende Netzwerkinfrastruktur ebenso wichtig wie die AV-Endpoints selbst.<\/p>\n<p data-start=\"346\" data-end=\"645\">Ein erfolgreiches AV-over-IP-System basiert auf zwei Schl\u00fcsselelementen: einem ausgefeilten AV-Signalmanagement und einem robusten Netzwerk-Backbone, das die Datenlast bew\u00e4ltigen kann. Die Partnerschaft zwischen Lindy und NETGEAR \u00fcberzeugt, indem sie erstklassige L\u00f6sungen f\u00fcr beide Bereiche bietet.<\/p>\n<p data-start=\"647\" data-end=\"880\">Lindys SDVoE-System stellt die Werkzeuge bereit, um komplexe AV-Streams pr\u00e4zise und flexibel zu verwalten. Das System st\u00fctzt sich auf zwei zentrale Produkte, die zusammenarbeiten, um audiovisuelle Inhalte zu verteilen und zu steuern.<\/p>\n<p data-start=\"882\" data-end=\"1185\"><strong data-start=\"882\" data-end=\"919\">Der SDVoE Controller (Nr. 38364):<\/strong><br data-start=\"919\" data-end=\"922\" \/>Dieses Ger\u00e4t ist das zentrale Steuerungselement der gesamten AV-Installation. Es bietet eine webbasierte GUI f\u00fcr das zentrale Systemmanagement, die es Bedienern erm\u00f6glicht, Signale zu routen, Videow\u00e4nde zu erstellen und Presets per Drag-and-Drop zu konfigurieren.<\/p>\n<p data-start=\"1187\" data-end=\"1557\"><strong data-start=\"1187\" data-end=\"1224\">Der SDVoE Transceiver (Nr. 38365)<\/strong> ist ein \u00e4u\u00dferst vielseitiges Ger\u00e4t, das entweder als Encoder (am Quellger\u00e4t) oder als Decoder (am Display) konfiguriert werden kann. Diese doppelte Funktionalit\u00e4t vereinfacht sowohl das Systemdesign als auch die Lagerhaltung und erm\u00f6glicht Konfigurationen von einfachen Punkt-zu-Punkt-Strecken bis hin zu komplexem Matrix-Switching.<\/p>\n<p data-start=\"1559\" data-end=\"1905\">Die Leistung jedes AV-over-IP-Systems h\u00e4ngt von der Qualit\u00e4t des Netzwerkswitches ab. Die M4250- und M4350-Serien der verwalteten Switches von NETGEAR wurden ausdr\u00fccklich f\u00fcr AV-over-IP-Anwendungen entwickelt. Sie bieten die hohe Bandbreite und geringe Latenz, die f\u00fcr eine einwandfreie \u00dcbertragung von unkomprimiertem 4K-Video erforderlich sind.<\/p>\n<p data-start=\"1907\" data-end=\"2137\">Die Integration von Lindys SDVoE-Hardware mit NETGEARs Netzwerkinfrastruktur schafft eine L\u00f6sung, die mehr ist als die Summe ihrer Teile. Diese Partnerschaft bietet Installateuren wie Endanwendern gleicherma\u00dfen greifbare Vorteile.<img loading=\"lazy\" decoding=\"async\" class=\"aligncenter size-full wp-image-22298\" src=\"https:\/\/www.netgear.com\/hub\/wp-content\/uploads\/2025\/11\/38364_HW.png\" alt=\"\" width=\"950\" height=\"1000\" \/><\/p>\n    <\/div>\n        <div id=\"topic2\" class=\"skip-item\">\n                        <h2>Garantierte Interoperabilit\u00e4t und vereinfachte Implementierung<\/h2>\n                <p data-start=\"2205\" data-end=\"2757\">Eine der gr\u00f6\u00dften Herausforderungen bei AV-over-IP-Projekten besteht darin, sicherzustellen, dass alle Komponenten reibungslos zusammenarbeiten. Die Zusammenarbeit zwischen Lindy und NETGEAR beseitigt diese Unsicherheit. Beide Unternehmen sind Mitglieder der SDVoE-Alliance und haben daf\u00fcr gesorgt, dass ihre Produkte vollst\u00e4ndig interoperabel sind. Die AV-fokussierten Switch-Konfigurationen von NETGEAR sind f\u00fcr SDVoE-Umgebungen vorgetestet, sodass Installateure mit der Gewissheit arbeiten k\u00f6nnen, dass das Netzwerk f\u00fcr Lindys Hardware optimiert ist.<\/p>\n<p data-start=\"2759\" data-end=\"3223\">SDVoE-Technologie verspricht latenzfreie, visuell verlustfreie Video\u00fcbertragung. Diese Leistung ist nur mit einem Netzwerk zu erreichen, das hohe Datenraten ohne Paketverlust oder Jitter bew\u00e4ltigt. Die 10G-Switches von NETGEAR bieten die robuste und stabile Grundlage, die Lindys Transceiver ben\u00f6tigen, um unkomprimiertes 4K-Video und Audio ohne Kompromisse zu liefern. Dies gew\u00e4hrleistet ein einwandfreies Seherlebnis \u2013 entscheidend in professionellen Umgebungen.<\/p>\n<p data-start=\"3225\" data-end=\"3830\">Die modulare Natur dieser kombinierten L\u00f6sung erm\u00f6glicht eine au\u00dfergew\u00f6hnliche Skalierbarkeit. Eine Organisation kann mit einem einfachen Punkt-zu-Punkt-Extender-System beginnen, bestehend aus zwei Lindy-Transceivern und einem kleinen NETGEAR-Switch. Wenn der Bedarf w\u00e4chst, k\u00f6nnen weitere Transceiver und Displays zum Netzwerk hinzugef\u00fcgt werden. Das System kann problemlos erweitert werden, um gro\u00dfe Videow\u00e4nde oder vollst\u00e4ndige Matrix-Switching-Umgebungen \u00fcber einen gesamten Campus zu unterst\u00fctzen \u2013 alles gesteuert vom Lindy SDVoE Controller und getragen von der hohen Kapazit\u00e4t der NETGEAR-Switches.<\/p>\n    <\/div>\n        <div id=\"topic3\" class=\"skip-item\">\n                        <h2>Verbesserte Anwendungen in professionellen Umgebungen<\/h2>\n                <p data-start=\"3889\" data-end=\"4003\">Die Synergie zwischen Lindy und NETGEAR erweitert die AV-M\u00f6glichkeiten in verschiedenen professionellen Bereichen.<\/p>\n<p data-start=\"4005\" data-end=\"4430\"><strong data-start=\"4005\" data-end=\"4032\">Unternehmensumgebungen:<\/strong><br data-start=\"4032\" data-end=\"4035\" \/>In Besprechungsr\u00e4umen und Konferenzzentren erm\u00f6glicht die L\u00f6sung nahtlose Pr\u00e4sentationen und die Zusammenarbeit mit mehreren Quellen. Ein Pr\u00e4sentierender kann die Inhalte seines Laptops sofort auf eine zentrale Videowand \u00fcbertragen. Gleichzeitig erm\u00f6glicht die USB-KVM-Funktionalit\u00e4t die Steuerung \u00fcber ein interaktives Display \u2013 alles gest\u00fctzt von einem zuverl\u00e4ssigen NETGEAR-Netzwerk-Backbone.<\/p>\n<p data-start=\"4432\" data-end=\"4753\"><strong data-start=\"4432\" data-end=\"4458\">Bildungseinrichtungen:<\/strong><br data-start=\"4458\" data-end=\"4461\" \/>Universit\u00e4ten k\u00f6nnen dynamische Lernr\u00e4ume schaffen, in denen die Inhalte der Lehrkraft auf mehrere Displays in einem H\u00f6rsaal verteilt werden. Die Skalierbarkeit erm\u00f6glicht eine campusweite AV-Verteilung, die Klassenzimmer und Auditorien \u00fcber eine einheitliche Netzwerkinfrastruktur verbindet.<\/p>\n<p data-start=\"4755\" data-end=\"5127\"><strong data-start=\"4755\" data-end=\"4793\">Digital Signage und Entertainment:<\/strong><br data-start=\"4793\" data-end=\"4796\" \/>F\u00fcr gro\u00dffl\u00e4chige digitale Beschilderungen in Einzelhandel oder Verkehrsknotenpunkten bietet diese Partnerschaft die Leistung, massive, mehrteilige Videow\u00e4nde mit perfekt synchronisierten, hochaufl\u00f6senden Inhalten zu betreiben. Die Zuverl\u00e4ssigkeit des Systems ist entscheidend f\u00fcr diese \u201eAlways-On\u201c-Anwendungen im \u00f6ffentlichen Raum.<\/p>\n    <\/div>\n        <div id=\"topic4\" class=\"skip-item\">\n                        <h2>Eine Zusammenarbeit, die AV-Technologie vorantreibt<\/h2>\n                <p>Die Partnerschaft zwischen Lindy und NETGEAR stellt einen wichtigen Schritt f\u00fcr die professionelle AV-Branche dar. Sie verbindet spezialisierte Expertise sowohl in der AV-Signalverarbeitung als auch in der Netzwerktechnik zu einem koh\u00e4renten, leistungsstarken \u00d6kosystem. Durch die Wahl der SDVoE-L\u00f6sungen von Lindy, unterst\u00fctzt durch NETGEARs Netzwerkinfrastruktur, entscheiden sich Organisationen f\u00fcr eine umfassende und zukunftssichere Plattform f\u00fcr AV \u00fcber IP. Diese Zusammenarbeit vereinfacht die Integration, garantiert Leistung und erm\u00f6glicht es Nutzern, das volle Potenzial von Software Defined Video over Ethernet auszusch\u00f6pfen.<\/p>\n    <\/div>\n        <div id=\"topic5\" class=\"skip-item\">\n                        <h2>Mehr Informationen<\/h2>\n                <p><!-- IT NETGEAR BUSINESS-L\u00d6SUNGEN--><br \/>\nMehr \u00fcber unsere Business-Produkte erfahren<\/p>\n<div class=\"hs-cta-embed hs-cta-simple-placeholder hs-cta-embed-243392275167\" style=\"max-width: 100%;max-height: 100%;width: 260px;height: 50.390625px\" data-hubspot-wrapper-cta-id=\"243392275167\"><a href=\"https:\/\/cta-na2.hubspot.com\/web-interactives\/public\/v1\/track\/redirect?encryptedPayload=AVxigLI%2Fu8J7nFnep8w0CfLqqlWixXySh0cANLn7TQ3MtLEGeFdfhQxw3AVxVzYlZOkZoVB4gdslqY4il1pZTz7RSKy0mNw%2BF1Y6bdIwWiFAFfgtF%2FkXW%2Fmq0JFY6OQExFSwjiafSp97IxwGv6iNNhiT9X6MQziOnjaAnh9UsXCYR2VD1S791%2F7MVwT1TQ%3D%3D&amp;webInteractiveContentId=243392275167&amp;portalId=242128791\" target=\"_blank\" rel=\"noopener\"><br \/>\n<img decoding=\"async\" style=\"height: 100%;width: 100%;object-fit: fill\" src=\"https:\/\/hubspot-no-cache-na2-prod.s3.amazonaws.com\/cta\/default\/242128791\/interactive-243392275167.png\" alt=\"NETGEAR AV-L\u00d6SUNGEN\" \/><br \/>\n<\/a><\/div>\n<p><!-- IT ACADEMY --><br \/>\nAlles \u00fcber IP-Netzwerke lernen \u2013 in der NETGEAR ACADEMY<\/p>\n<div class=\"hs-cta-embed hs-cta-simple-placeholder hs-cta-embed-243357267644\" style=\"max-width: 100%;max-height: 100%;width: 260px;height: 50.390625px\" data-hubspot-wrapper-cta-id=\"243357267644\"><a href=\"https:\/\/cta-na2.hubspot.com\/web-interactives\/public\/v1\/track\/redirect?encryptedPayload=AVxigLKW9uCCU9FL7iPOCpU%2BvA8Z1UfLRQT8691iSSqh%2BqLrpD%2FITlt6RGXTdhci0W5DkR0wb%2FpK%2BWToDj8Qf0HaQwR0kyzZgK35i%2BhitHvCmHPH8BmXutiugzeYtEHOY6aYTSXoNxDjJJwwtUXAzSqnxQuhx5jjnWcHl4zUp4Dt1tTG2PymP7esgNCNHKHECJ76tda5x0hFMo8JQo6UwGGb9CBw4fyYnA%3D%3D&amp;webInteractiveContentId=243357267644&amp;portalId=242128791\" target=\"_blank\" rel=\"noopener\"><br \/>\n<img decoding=\"async\" style=\"height: 100%;width: 100%;object-fit: fill\" src=\"https:\/\/hubspot-no-cache-na2-prod.s3.amazonaws.com\/cta\/default\/242128791\/interactive-243357267644.png\" alt=\"NETGEAR ACADEMY\" \/><br \/>\n<\/a><\/div>\n<p><!-- KONTAKT PRO-IT-TEAM --><br \/>\nUnsere Ingenieure unterst\u00fctzen Sie kostenlos bei Ihrem Projekt<\/p>\n<div class=\"hs-cta-embed hs-cta-simple-placeholder hs-cta-embed-243357266676\" style=\"max-width: 100%;max-height: 100%;width: 270px;height: 50.390625px\" data-hubspot-wrapper-cta-id=\"243357266676\"><a href=\"https:\/\/cta-na2.hubspot.com\/web-interactives\/public\/v1\/track\/redirect?encryptedPayload=AVxigLL9MaHliYSOIHWsJvXrVuyffxSFGu%2FOD4neANfzotKQLgtjDgnA0CFJQWLPGl5hkjLPFJf7A76nk1yWw939l8y7nc4NGJ1%2Fa58epF2QbqIhW7KyV%2Fr75%2B8GCI%2FfEXyeGuic8buAEe%2F8pDQ63tT6ExQvwvvuG%2BeK5mOqM%2FlNsZUaeR4q5pghXZB3yAUIu7WWwKynlh9Y3Ug9ymAN6sNjHEzXMCgwSYmLqMh7eixTsrgTswO85eLb8rCODQ%3D%3D&amp;webInteractiveContentId=243357266676&amp;portalId=242128791\" target=\"_blank\" rel=\"noopener\"><br \/>\n<img decoding=\"async\" style=\"height: 100%;width: 100%;object-fit: fill\" src=\"https:\/\/hubspot-no-cache-na2-prod.s3.amazonaws.com\/cta\/default\/242128791\/interactive-243357266676.png\" alt=\"KONTAKT PROAV-TEAM\" \/><br \/>\n<\/a><\/div>\n<p style=\"margin-top: 50px\"><iframe loading=\"lazy\" src=\"https:\/\/405nrr.share-na2.hsforms.com\/25w_D-U5iS-e5KaSaP86jnQ\" width=\"100%\" height=\"1200px\"><\/iframe><\/p>\n    <\/div>\n    \n","protected":false},"excerpt":{"rendered":"","protected":false},"author":94,"featured_media":11106,"parent":6754,"menu_order":0,"comment_status":"closed","ping_status":"closed","template":"templates\/blog-wifi.php","meta":{"_acf_changed":false,"footnotes":""},"class_list":["post-11105","page","type-page","status-publish","has-post-thumbnail","hentry"],"acf":[],"yoast_head":"<!-- This site is optimized with the Yoast SEO plugin v27.4 - https:\/\/yoast.com\/product\/yoast-seo-wordpress\/ -->\n<title>Lindy &amp; NETGEAR: Eine Partnerschaft f\u00fcr fortschrittliche AV-Integration - NETGEAR Hub<\/title>\n<meta name=\"description\" content=\"Lindy &amp; NETGEAR: Eine Partnerschaft f\u00fcr fortschrittliche AV-Integration\" \/>\n<meta name=\"robots\" content=\"index, follow, max-snippet:-1, max-image-preview:large, max-video-preview:-1\" \/>\n<link rel=\"canonical\" href=\"https:\/\/dehub.netgear.com\/de\/hub\/business\/av\/lindy-netgear-a-partnership-for-advanced-av-integration\/\" \/>\n<meta property=\"og:locale\" content=\"de_DE\" \/>\n<meta property=\"og:type\" content=\"article\" \/>\n<meta property=\"og:title\" content=\"Lindy &amp; NETGEAR: Eine Partnerschaft f\u00fcr fortschrittliche AV-Integration - NETGEAR Hub\" \/>\n<meta property=\"og:description\" content=\"Lindy &amp; NETGEAR: Eine Partnerschaft f\u00fcr fortschrittliche AV-Integration\" \/>\n<meta property=\"og:url\" content=\"https:\/\/dehub.netgear.com\/de\/hub\/business\/av\/lindy-netgear-a-partnership-for-advanced-av-integration\/\" \/>\n<meta property=\"og:site_name\" content=\"NETGEAR Hub\" \/>\n<meta property=\"article:publisher\" content=\"https:\/\/www.facebook.com\/NetgearAU\/\" \/>\n<meta property=\"article:modified_time\" content=\"2025-12-30T08:47:21+00:00\" \/>\n<meta property=\"og:image\" content=\"https:\/\/dehub.netgear.com\/de\/hub\/wp-content\/uploads\/2025\/12\/Lindy-3-e1764339080679-383x288-1.jpeg\" \/>\n\t<meta property=\"og:image:width\" content=\"383\" \/>\n\t<meta property=\"og:image:height\" content=\"288\" \/>\n\t<meta property=\"og:image:type\" content=\"image\/jpeg\" \/>\n<meta name=\"twitter:card\" content=\"summary_large_image\" \/>\n<meta name=\"twitter:site\" content=\"@NETGEAR\" \/>\n<script type=\"application\/ld+json\" class=\"yoast-schema-graph\">{\"@context\":\"https:\\\/\\\/schema.org\",\"@graph\":[{\"@type\":\"WebPage\",\"@id\":\"https:\\\/\\\/dehub.netgear.com\\\/de\\\/hub\\\/business\\\/av\\\/lindy-netgear-a-partnership-for-advanced-av-integration\\\/\",\"url\":\"https:\\\/\\\/dehub.netgear.com\\\/de\\\/hub\\\/business\\\/av\\\/lindy-netgear-a-partnership-for-advanced-av-integration\\\/\",\"name\":\"Lindy &amp; NETGEAR: Eine Partnerschaft f\u00fcr fortschrittliche AV-Integration - NETGEAR Hub\",\"isPartOf\":{\"@id\":\"https:\\\/\\\/dehub.netgear.com\\\/de\\\/hub\\\/#website\"},\"primaryImageOfPage\":{\"@id\":\"https:\\\/\\\/dehub.netgear.com\\\/de\\\/hub\\\/business\\\/av\\\/lindy-netgear-a-partnership-for-advanced-av-integration\\\/#primaryimage\"},\"image\":{\"@id\":\"https:\\\/\\\/dehub.netgear.com\\\/de\\\/hub\\\/business\\\/av\\\/lindy-netgear-a-partnership-for-advanced-av-integration\\\/#primaryimage\"},\"thumbnailUrl\":\"https:\\\/\\\/dehub.netgear.com\\\/de\\\/hub\\\/wp-content\\\/uploads\\\/2025\\\/12\\\/Lindy-3-e1764339080679-383x288-1.jpeg\",\"datePublished\":\"2025-12-03T07:24:11+00:00\",\"dateModified\":\"2025-12-30T08:47:21+00:00\",\"description\":\"Lindy & NETGEAR: Eine Partnerschaft f\u00fcr fortschrittliche AV-Integration\",\"breadcrumb\":{\"@id\":\"https:\\\/\\\/dehub.netgear.com\\\/de\\\/hub\\\/business\\\/av\\\/lindy-netgear-a-partnership-for-advanced-av-integration\\\/#breadcrumb\"},\"inLanguage\":\"de\",\"potentialAction\":[{\"@type\":\"ReadAction\",\"target\":[\"https:\\\/\\\/dehub.netgear.com\\\/de\\\/hub\\\/business\\\/av\\\/lindy-netgear-a-partnership-for-advanced-av-integration\\\/\"]}]},{\"@type\":\"ImageObject\",\"inLanguage\":\"de\",\"@id\":\"https:\\\/\\\/dehub.netgear.com\\\/de\\\/hub\\\/business\\\/av\\\/lindy-netgear-a-partnership-for-advanced-av-integration\\\/#primaryimage\",\"url\":\"https:\\\/\\\/dehub.netgear.com\\\/de\\\/hub\\\/wp-content\\\/uploads\\\/2025\\\/12\\\/Lindy-3-e1764339080679-383x288-1.jpeg\",\"contentUrl\":\"https:\\\/\\\/dehub.netgear.com\\\/de\\\/hub\\\/wp-content\\\/uploads\\\/2025\\\/12\\\/Lindy-3-e1764339080679-383x288-1.jpeg\",\"width\":383,\"height\":288},{\"@type\":\"BreadcrumbList\",\"@id\":\"https:\\\/\\\/dehub.netgear.com\\\/de\\\/hub\\\/business\\\/av\\\/lindy-netgear-a-partnership-for-advanced-av-integration\\\/#breadcrumb\",\"itemListElement\":[{\"@type\":\"ListItem\",\"position\":1,\"name\":\"Home\",\"item\":\"https:\\\/\\\/dehub.netgear.com\\\/de\\\/hub\\\/\"},{\"@type\":\"ListItem\",\"position\":2,\"name\":\"Business Articles Hub\",\"item\":\"https:\\\/\\\/dehub.netgear.com\\\/de\\\/hub\\\/business\\\/\"},{\"@type\":\"ListItem\",\"position\":3,\"name\":\"Business AV\",\"item\":\"https:\\\/\\\/dehub.netgear.com\\\/de\\\/hub\\\/business\\\/av\\\/\"},{\"@type\":\"ListItem\",\"position\":4,\"name\":\"Lindy &amp; NETGEAR: Eine Partnerschaft f\u00fcr fortschrittliche AV-Integration\"}]},{\"@type\":\"WebSite\",\"@id\":\"https:\\\/\\\/dehub.netgear.com\\\/de\\\/hub\\\/#website\",\"url\":\"https:\\\/\\\/dehub.netgear.com\\\/de\\\/hub\\\/\",\"name\":\"NETGEAR\",\"description\":\"Erkunden Sie unsere Hub-Seiten und st\u00f6bern Sie in Artikeln, um mehr \u00fcber NETGEAR Produkte und Technologien zu erfahren.\",\"publisher\":{\"@id\":\"https:\\\/\\\/dehub.netgear.com\\\/de\\\/hub\\\/#organization\"},\"potentialAction\":[{\"@type\":\"SearchAction\",\"target\":{\"@type\":\"EntryPoint\",\"urlTemplate\":\"https:\\\/\\\/dehub.netgear.com\\\/de\\\/hub\\\/?s={search_term_string}\"},\"query-input\":{\"@type\":\"PropertyValueSpecification\",\"valueRequired\":true,\"valueName\":\"search_term_string\"}}],\"inLanguage\":\"de\"},{\"@type\":\"Organization\",\"@id\":\"https:\\\/\\\/dehub.netgear.com\\\/de\\\/hub\\\/#organization\",\"name\":\"NETGEAR\",\"url\":\"https:\\\/\\\/dehub.netgear.com\\\/de\\\/hub\\\/\",\"logo\":{\"@type\":\"ImageObject\",\"inLanguage\":\"de\",\"@id\":\"https:\\\/\\\/dehub.netgear.com\\\/de\\\/hub\\\/#\\\/schema\\\/logo\\\/image\\\/\",\"url\":\"https:\\\/\\\/www.dehub.netgear.com\\\/de\\\/hub\\\/wp-content\\\/uploads\\\/2019\\\/07\\\/NETGEAR_logo.jpg\",\"contentUrl\":\"https:\\\/\\\/www.dehub.netgear.com\\\/de\\\/hub\\\/wp-content\\\/uploads\\\/2019\\\/07\\\/NETGEAR_logo.jpg\",\"width\":1500,\"height\":501,\"caption\":\"NETGEAR\"},\"image\":{\"@id\":\"https:\\\/\\\/dehub.netgear.com\\\/de\\\/hub\\\/#\\\/schema\\\/logo\\\/image\\\/\"},\"sameAs\":[\"https:\\\/\\\/www.facebook.com\\\/NetgearAU\\\/\",\"https:\\\/\\\/x.com\\\/NETGEAR\",\"https:\\\/\\\/www.linkedin.com\\\/company\\\/netgear\"]}]}<\/script>\n<!-- \/ Yoast SEO plugin. -->","yoast_head_json":{"title":"Lindy &amp; NETGEAR: Eine Partnerschaft f\u00fcr fortschrittliche AV-Integration - NETGEAR Hub","description":"Lindy & NETGEAR: Eine Partnerschaft f\u00fcr fortschrittliche AV-Integration","robots":{"index":"index","follow":"follow","max-snippet":"max-snippet:-1","max-image-preview":"max-image-preview:large","max-video-preview":"max-video-preview:-1"},"canonical":"https:\/\/dehub.netgear.com\/de\/hub\/business\/av\/lindy-netgear-a-partnership-for-advanced-av-integration\/","og_locale":"de_DE","og_type":"article","og_title":"Lindy &amp; NETGEAR: Eine Partnerschaft f\u00fcr fortschrittliche AV-Integration - NETGEAR Hub","og_description":"Lindy & NETGEAR: Eine Partnerschaft f\u00fcr fortschrittliche AV-Integration","og_url":"https:\/\/dehub.netgear.com\/de\/hub\/business\/av\/lindy-netgear-a-partnership-for-advanced-av-integration\/","og_site_name":"NETGEAR Hub","article_publisher":"https:\/\/www.facebook.com\/NetgearAU\/","article_modified_time":"2025-12-30T08:47:21+00:00","og_image":[{"width":383,"height":288,"url":"https:\/\/dehub.netgear.com\/de\/hub\/wp-content\/uploads\/2025\/12\/Lindy-3-e1764339080679-383x288-1.jpeg","type":"image\/jpeg"}],"twitter_card":"summary_large_image","twitter_site":"@NETGEAR","schema":{"@context":"https:\/\/schema.org","@graph":[{"@type":"WebPage","@id":"https:\/\/dehub.netgear.com\/de\/hub\/business\/av\/lindy-netgear-a-partnership-for-advanced-av-integration\/","url":"https:\/\/dehub.netgear.com\/de\/hub\/business\/av\/lindy-netgear-a-partnership-for-advanced-av-integration\/","name":"Lindy &amp; NETGEAR: Eine Partnerschaft f\u00fcr fortschrittliche AV-Integration - NETGEAR Hub","isPartOf":{"@id":"https:\/\/dehub.netgear.com\/de\/hub\/#website"},"primaryImageOfPage":{"@id":"https:\/\/dehub.netgear.com\/de\/hub\/business\/av\/lindy-netgear-a-partnership-for-advanced-av-integration\/#primaryimage"},"image":{"@id":"https:\/\/dehub.netgear.com\/de\/hub\/business\/av\/lindy-netgear-a-partnership-for-advanced-av-integration\/#primaryimage"},"thumbnailUrl":"https:\/\/dehub.netgear.com\/de\/hub\/wp-content\/uploads\/2025\/12\/Lindy-3-e1764339080679-383x288-1.jpeg","datePublished":"2025-12-03T07:24:11+00:00","dateModified":"2025-12-30T08:47:21+00:00","description":"Lindy & NETGEAR: Eine Partnerschaft f\u00fcr fortschrittliche AV-Integration","breadcrumb":{"@id":"https:\/\/dehub.netgear.com\/de\/hub\/business\/av\/lindy-netgear-a-partnership-for-advanced-av-integration\/#breadcrumb"},"inLanguage":"de","potentialAction":[{"@type":"ReadAction","target":["https:\/\/dehub.netgear.com\/de\/hub\/business\/av\/lindy-netgear-a-partnership-for-advanced-av-integration\/"]}]},{"@type":"ImageObject","inLanguage":"de","@id":"https:\/\/dehub.netgear.com\/de\/hub\/business\/av\/lindy-netgear-a-partnership-for-advanced-av-integration\/#primaryimage","url":"https:\/\/dehub.netgear.com\/de\/hub\/wp-content\/uploads\/2025\/12\/Lindy-3-e1764339080679-383x288-1.jpeg","contentUrl":"https:\/\/dehub.netgear.com\/de\/hub\/wp-content\/uploads\/2025\/12\/Lindy-3-e1764339080679-383x288-1.jpeg","width":383,"height":288},{"@type":"BreadcrumbList","@id":"https:\/\/dehub.netgear.com\/de\/hub\/business\/av\/lindy-netgear-a-partnership-for-advanced-av-integration\/#breadcrumb","itemListElement":[{"@type":"ListItem","position":1,"name":"Home","item":"https:\/\/dehub.netgear.com\/de\/hub\/"},{"@type":"ListItem","position":2,"name":"Business Articles Hub","item":"https:\/\/dehub.netgear.com\/de\/hub\/business\/"},{"@type":"ListItem","position":3,"name":"Business AV","item":"https:\/\/dehub.netgear.com\/de\/hub\/business\/av\/"},{"@type":"ListItem","position":4,"name":"Lindy &amp; NETGEAR: Eine Partnerschaft f\u00fcr fortschrittliche AV-Integration"}]},{"@type":"WebSite","@id":"https:\/\/dehub.netgear.com\/de\/hub\/#website","url":"https:\/\/dehub.netgear.com\/de\/hub\/","name":"NETGEAR","description":"Erkunden Sie unsere Hub-Seiten und st\u00f6bern Sie in Artikeln, um mehr \u00fcber NETGEAR Produkte und Technologien zu erfahren.","publisher":{"@id":"https:\/\/dehub.netgear.com\/de\/hub\/#organization"},"potentialAction":[{"@type":"SearchAction","target":{"@type":"EntryPoint","urlTemplate":"https:\/\/dehub.netgear.com\/de\/hub\/?s={search_term_string}"},"query-input":{"@type":"PropertyValueSpecification","valueRequired":true,"valueName":"search_term_string"}}],"inLanguage":"de"},{"@type":"Organization","@id":"https:\/\/dehub.netgear.com\/de\/hub\/#organization","name":"NETGEAR","url":"https:\/\/dehub.netgear.com\/de\/hub\/","logo":{"@type":"ImageObject","inLanguage":"de","@id":"https:\/\/dehub.netgear.com\/de\/hub\/#\/schema\/logo\/image\/","url":"https:\/\/www.dehub.netgear.com\/de\/hub\/wp-content\/uploads\/2019\/07\/NETGEAR_logo.jpg","contentUrl":"https:\/\/www.dehub.netgear.com\/de\/hub\/wp-content\/uploads\/2019\/07\/NETGEAR_logo.jpg","width":1500,"height":501,"caption":"NETGEAR"},"image":{"@id":"https:\/\/dehub.netgear.com\/de\/hub\/#\/schema\/logo\/image\/"},"sameAs":["https:\/\/www.facebook.com\/NetgearAU\/","https:\/\/x.com\/NETGEAR","https:\/\/www.linkedin.com\/company\/netgear"]}]}},"_links":{"self":[{"href":"https:\/\/dehub.netgear.com\/de\/hub\/wp-json\/wp\/v2\/pages\/11105","targetHints":{"allow":["GET"]}}],"collection":[{"href":"https:\/\/dehub.netgear.com\/de\/hub\/wp-json\/wp\/v2\/pages"}],"about":[{"href":"https:\/\/dehub.netgear.com\/de\/hub\/wp-json\/wp\/v2\/types\/page"}],"author":[{"embeddable":true,"href":"https:\/\/dehub.netgear.com\/de\/hub\/wp-json\/wp\/v2\/users\/94"}],"replies":[{"embeddable":true,"href":"https:\/\/dehub.netgear.com\/de\/hub\/wp-json\/wp\/v2\/comments?post=11105"}],"version-history":[{"count":4,"href":"https:\/\/dehub.netgear.com\/de\/hub\/wp-json\/wp\/v2\/pages\/11105\/revisions"}],"predecessor-version":[{"id":11150,"href":"https:\/\/dehub.netgear.com\/de\/hub\/wp-json\/wp\/v2\/pages\/11105\/revisions\/11150"}],"up":[{"embeddable":true,"href":"https:\/\/dehub.netgear.com\/de\/hub\/wp-json\/wp\/v2\/pages\/6754"}],"wp:featuredmedia":[{"embeddable":true,"href":"https:\/\/dehub.netgear.com\/de\/hub\/wp-json\/wp\/v2\/media\/11106"}],"wp:attachment":[{"href":"https:\/\/dehub.netgear.com\/de\/hub\/wp-json\/wp\/v2\/media?parent=11105"}],"curies":[{"name":"wp","href":"https:\/\/api.w.org\/{rel}","templated":true}]}}