{"id":11100,"date":"2024-10-30T11:15:09","date_gmt":"2025-12-01T10:15:44","guid":{"rendered":"https:\/\/dehub.netgear.com\/de\/hub\/?page_id=11100"},"modified":"2025-12-01T11:32:03","modified_gmt":"2025-12-01T10:32:03","slug":"dcm-school-chandigarh","status":"publish","type":"page","link":"https:\/\/dehub.netgear.com\/de\/hub\/business\/case-studies\/it-case-studies\/dcm-school-chandigarh\/","title":{"rendered":"Revolutionierung der Schulkonnektivit\u00e4t: Eine Fallstudie der DC Montessori School Chandigarh"},"content":{"rendered":"<p><img loading=\"lazy\" decoding=\"async\" class=\"alignone size-full wp-image-10681\" style=\"border-radius: 1em;\" src=\"https:\/\/www.netgear.com\/hub\/wp-content\/uploads\/2024\/10\/DCM-1.jpg\" alt=\"\" width=\"1048\" height=\"511\" \/><\/p>\n    <div class=\"table-of-content bg-gray\">\n        <p><strong>IN THIS ARTICLE<\/strong><\/p>\n        <ul>\n                        <li><a href=\"#topic1\">Einf\u00fchrung<\/a><\/li>\n                        <li><a href=\"#topic2\">Die Herausforderung: Mehrere Ger\u00e4te verbinden, ohne die Internetgeschwindigkeit zu beeintr\u00e4chtigen<\/a><\/li>\n                        <li><a href=\"#topic3\">Die L\u00f6sung: Netzwerkinfrastruktur restrukturieren<\/a><\/li>\n                        <li><a href=\"#topic4\">Die Ergebnisse: Ein zukunftsf\u00e4higes Netzwerk<\/a><\/li>\n                        <li><a href=\"#topic5\">Erfahrene Vorteile f\u00fcr die Schule<\/a><\/li>\n                        <li><a href=\"#topic6\">Feedback von Mitarbeitern und Sch\u00fclern<\/a><\/li>\n                        <li><a href=\"#topic7\">Warum NETGEAR?<\/a><\/li>\n                        <li><a href=\"#topic8\">Mehr Informationen<\/a><\/li>\n                    <\/ul>\n    <\/div>\n        <div id=\"topic1\" class=\"skip-item\">\n                        <h2>Einf\u00fchrung<\/h2>\n                <div style=\"background-color: #eeeeee;padding: 20px;width: 33%;float: right\">\n<p><strong>Firmenname: <\/strong><br \/>\nDC Montessori School Chandigarh<\/p>\n<p><strong>Branche:<\/strong><br \/>\nBildung<\/p>\n<p><strong>Firmenwebsite:<\/strong><br \/>\n<a href=\"https:\/\/www.dcmschd.edu.in\">dcmschd.edu.in<\/a><\/p>\n<p><strong>Standort:<\/strong><br \/>\nChandigarh, Indien<\/p>\n<\/div>\n<p>Zuverl\u00e4ssige Netzwerk-Infrastruktur ist im Bildungsbereich von entscheidender Bedeutung, da Schulen auf digitale Konnektivit\u00e4t sowohl f\u00fcr die Verwaltung als auch f\u00fcr den Unterricht angewiesen sind. Dies war auch bei der DC Montessori School in Chandigarh, Indien, der Fall, wo ein veraltetes Netzwerk die Produktivit\u00e4t und Zuverl\u00e4ssigkeit der Verbindung einschr\u00e4nkte. Mit der Unterst\u00fctzung von NETGEAR Business hat die Schule auf eine moderne, Hochgeschwindigkeits-Netzwerkl\u00f6sung umgestellt, die den Anforderungen von Mitarbeitern, Sch\u00fclern und G\u00e4sten gerecht wird.<\/p>\n    <\/div>\n        <div id=\"topic2\" class=\"skip-item\">\n                        <h2>Die Herausforderung: Mehrere Ger\u00e4te verbinden, ohne die Internetgeschwindigkeit zu beeintr\u00e4chtigen<\/h2>\n                <p>Die DC Montessori Senior Secondary School in Chandigarh stand vor der gro\u00dfen Herausforderung, eine nahtlose WLAN-Konnektivit\u00e4t auf dem gesamten Campus bereitzustellen. Die Schule ben\u00f6tigte eine L\u00f6sung, die mehrere Ger\u00e4te verbinden konnte, ohne die Internetgeschwindigkeit zu beeintr\u00e4chtigen. Zudem musste das Schulgeb\u00e4ude spezifische Sicherheitsanforderungen erf\u00fcllen, um die Sicherheit und Privatsph\u00e4re von Sch\u00fclern und Mitarbeitern zu gew\u00e4hrleisten.<img loading=\"lazy\" decoding=\"async\" class=\"wp-image-13641 size-full aligncenter\" src=\"https:\/\/www.netgear.com\/hub\/wp-content\/uploads\/2024\/10\/DCM4.jpg\" alt=\"\" width=\"1280\" height=\"588\" \/><\/p>\n    <\/div>\n        <div id=\"topic3\" class=\"skip-item\">\n                        <h2>Die L\u00f6sung: Netzwerkinfrastruktur restrukturieren<\/h2>\n                <p data-start=\"680\" data-end=\"1193\">NETGEAR entwarf eine umfassende WLAN-L\u00f6sung, die genau auf die Bed\u00fcrfnisse der Schule zugeschnitten war. Die L\u00f6sung beinhaltete ein separates WLAN-Netzwerk mit einem 10G-Uplink vom Access-Switch zum Core-Switch der M4350-Serie. Die Konfiguration umfasste VLAN-, Trunk- und Access-Port-Einstellungen auf den Switches sowie SSID- und ACL-Konfigurationen auf dem Controller. Zus\u00e4tzlich implementierte NETGEAR eine standortbasierte ACL, um mehrere Websites und Apps gem\u00e4\u00df den Anforderungen der Schule zu blockieren.<\/p>\n<p data-start=\"1195\" data-end=\"1221\"><strong data-start=\"1195\" data-end=\"1219\">Verwendete Produkte:<\/strong><\/p>\n<ul data-start=\"1222\" data-end=\"1372\">\n<li data-start=\"1222\" data-end=\"1250\">\n<p data-start=\"1224\" data-end=\"1250\"><strong data-start=\"1224\" data-end=\"1238\">XSM4328FV:<\/strong> 1 Einheit<\/p>\n<\/li>\n<li data-start=\"1251\" data-end=\"1281\">\n<p data-start=\"1253\" data-end=\"1281\"><strong data-start=\"1253\" data-end=\"1266\">GS728TXP:<\/strong> 70 Einheiten<\/p>\n<\/li>\n<li data-start=\"1282\" data-end=\"1310\">\n<p data-start=\"1284\" data-end=\"1310\"><strong data-start=\"1284\" data-end=\"1295\">WAX610:<\/strong> 58 Einheiten<\/p>\n<\/li>\n<li data-start=\"1311\" data-end=\"1339\">\n<p data-start=\"1313\" data-end=\"1339\"><strong data-start=\"1313\" data-end=\"1324\">AXM761:<\/strong> 64 Einheiten<\/p>\n<\/li>\n<li data-start=\"1340\" data-end=\"1372\">\n<p data-start=\"1342\" data-end=\"1372\"><strong data-start=\"1342\" data-end=\"1370\">Insight Cloud Management<\/strong><\/p>\n<\/li>\n<\/ul>\n<p data-start=\"1374\" data-end=\"1735\">Die Implementierung der NETGEAR-L\u00f6sung f\u00fchrte zu einer vollst\u00e4ndigen WLAN-Abdeckung mit leistungsstarken WAX610 Access Points. Die Schule konnte ihr WLAN-Netzwerk problemlos erweitern, indem weitere Access Points \u00fcber den Insight-Cloud-Controller hinzugef\u00fcgt wurden. Dar\u00fcber hinaus wurde das WLAN-Netzwerk einfach \u00fcber einen webbasierten Controller verwaltet.<\/p>\n    <\/div>\n        <div id=\"topic4\" class=\"skip-item\">\n                        <h2>Die Ergebnisse: Ein zukunftsf\u00e4higes Netzwerk<\/h2>\n                <p>Die Implementierung der NETGEAR-L\u00f6sung erm\u00f6glichte eine vollst\u00e4ndige WLAN-Abdeckung mit hochleistungsf\u00e4higen WAX610 Access Points. Die Schule konnte ihr Netzwerk flexibel erweitern und es \u00fcber den webbasierten Controller einfach verwalten.<\/p>\n    <\/div>\n        <div id=\"topic5\" class=\"skip-item\">\n                        <h2>Erfahrene Vorteile f\u00fcr die Schule<\/h2>\n                <p data-start=\"2089\" data-end=\"2206\">Nach der Implementierung der NETGEAR-L\u00f6sung profitierte die DC Montessori School Chandigarh von mehreren Vorteilen:<\/p>\n<ul data-start=\"2208\" data-end=\"2949\">\n<li data-start=\"2208\" data-end=\"2414\">\n<p data-start=\"2210\" data-end=\"2414\"><strong data-start=\"2210\" data-end=\"2240\">Verbesserte Konnektivit\u00e4t:<\/strong> Nahtlose WLAN-Abdeckung auf dem gesamten Campus erm\u00f6glichte es Sch\u00fclern und Mitarbeitern, mehrere Ger\u00e4te zu verbinden, ohne die Internetgeschwindigkeit zu beeintr\u00e4chtigen.<\/p>\n<\/li>\n<li data-start=\"2415\" data-end=\"2584\">\n<p data-start=\"2417\" data-end=\"2584\"><strong data-start=\"2417\" data-end=\"2440\">Erh\u00f6hte Sicherheit:<\/strong> Die L\u00f6sung erf\u00fcllte die Sicherheitsanforderungen der Schule und gew\u00e4hrleistete die Sicherheit und Privatsph\u00e4re von Sch\u00fclern und Mitarbeitern.<\/p>\n<\/li>\n<li data-start=\"2585\" data-end=\"2787\">\n<p data-start=\"2587\" data-end=\"2787\"><strong data-start=\"2587\" data-end=\"2606\">Skalierbarkeit:<\/strong> Die Schule konnte das WLAN-Netzwerk schnell erweitern, indem weitere Access Points \u00fcber den Cloud-Controller hinzugef\u00fcgt wurden, was Flexibilit\u00e4t f\u00fcr zuk\u00fcnftiges Wachstum bietet.<\/p>\n<\/li>\n<li data-start=\"2788\" data-end=\"2949\">\n<p data-start=\"2790\" data-end=\"2949\"><strong data-start=\"2790\" data-end=\"2814\">Einfache Verwaltung:<\/strong> Der webbasierte Controller erleichterte die Verwaltung des WLAN-Netzwerks und reduzierte die Komplexit\u00e4t der Netzwerkadministration.<\/p>\n<\/li>\n<\/ul>\n<p><img loading=\"lazy\" decoding=\"async\" class=\"alignnone size-medium wp-image-13636 aligncenter\" src=\"https:\/\/www.netgear.com\/hub\/wp-content\/uploads\/2024\/10\/DCM5-e1730301254580-300x186.jpg\" alt=\"\" width=\"300\" height=\"186\" \/><\/p>\n    <\/div>\n        <div id=\"topic6\" class=\"skip-item\">\n                        <h2>Feedback von Mitarbeitern und Sch\u00fclern<\/h2>\n                <p data-start=\"3005\" data-end=\"3070\">Das Feedback von Lehrkr\u00e4ften und Sch\u00fclern war durchweg positiv:<\/p>\n<ul data-start=\"3072\" data-end=\"3552\">\n<li data-start=\"3072\" data-end=\"3295\">\n<p data-start=\"3074\" data-end=\"3295\">Lehrer berichteten, dass die verbesserte Konnektivit\u00e4t ihre F\u00e4higkeit, digitale Ressourcen in den Unterricht zu integrieren, erheblich gesteigert habe, wodurch der Unterricht interaktiver und ansprechender geworden sei.<\/p>\n<\/li>\n<li data-start=\"3296\" data-end=\"3410\">\n<p data-start=\"3298\" data-end=\"3410\">Sch\u00fcler sch\u00e4tzen den zuverl\u00e4ssigen Internetzugang, der ihre Recherchen und Online-Lernaktivit\u00e4ten erleichtert.<\/p>\n<\/li>\n<li data-start=\"3411\" data-end=\"3552\">\n<p data-start=\"3413\" data-end=\"3552\">Insgesamt dr\u00fcckte die Schulgemeinschaft Zufriedenheit mit der verbesserten Netzwerkleistung und der einfachen Verwaltung des Systems aus.<\/p>\n<\/li>\n<\/ul>\n    <\/div>\n        <div id=\"topic7\" class=\"skip-item\">\n                        <h2>Warum NETGEAR?<\/h2>\n                <p>Die L\u00f6sung von NETGEAR war kosteneffektiv und bot eine breite Palette an Funktionen. Die leistungsstarken Access Points waren erschwinglich, mit einer 5-Jahres-Garantie und einem 1-j\u00e4hrigen kostenlosen Cloud-Abonnement. NETGEAR bot zudem exzellenten Service-Support, was die Wahl zur idealen L\u00f6sung f\u00fcr die DC Montessori School Chandigarh machte.<\/p>\n    <\/div>\n        <div id=\"topic8\" class=\"skip-item\">\n                        <h2>Mehr Informationen<\/h2>\n                <p><!-- IT NETGEAR BUSINESS-L\u00d6SUNGEN--><br \/>\nMehr \u00fcber unsere Business-Produkte erfahren<\/p>\n<div class=\"hs-cta-embed hs-cta-simple-placeholder hs-cta-embed-242892643058\" style=\"max-width: 100%;max-height: 100%;width: 290px;height: 50.390625px\" data-hubspot-wrapper-cta-id=\"242892643058\"><a href=\"https:\/\/cta-na2.hubspot.com\/web-interactives\/public\/v1\/track\/redirect?encryptedPayload=AVxigLKSM9WTTg7%2FAeRV5qugDCzPgQ8MwIY0MWnrXLIcw1araTPlipAsbwW69SXPDIx4zCiH7IZWeqt%2BemeJLODhF%2FDlADckUBODpWmfLAeC%2B10Ud4YKVbb7l5mPLqwZdwx6VwqQcDHRL6LCGiyEcIh1qQqL0T3sxlnvr0t4bAvKCKjkKFXgqcVzXA%3D%3D&amp;webInteractiveContentId=242892643058&amp;portalId=242128791\" target=\"_blank\" rel=\"noopener\"><br \/>\n<img decoding=\"async\" style=\"height: 100%;width: 100%;object-fit: fill\" src=\"https:\/\/hubspot-no-cache-na2-prod.s3.amazonaws.com\/cta\/default\/242128791\/interactive-242892643058.png\" alt=\"NETGEAR BUSINESS-L\u00d6SUNGEN\" \/><br \/>\n<\/a><\/div>\n<p><!-- IT ACADEMY --><br \/>\nAlles \u00fcber IP-Netzwerke lernen \u2013 in der NETGEAR ACADEMY<\/p>\n<div class=\"hs-cta-embed hs-cta-simple-placeholder hs-cta-embed-242204954356\" style=\"max-width: 100%;max-height: 100%;width: 260px;height: 50.390625px\" data-hubspot-wrapper-cta-id=\"242204954356\"><a href=\"https:\/\/cta-na2.hubspot.com\/web-interactives\/public\/v1\/track\/redirect?encryptedPayload=AVxigLLkH9zel89o4qb5Zt0HNH2fd%2FRPXNoIMgiMzse7LTSjZhAi9JGmYnyHR1fYgVtqiIdLJk0UNBiYKxNP%2B%2FkdsBG1bikxBOFgBdX7C8VIedE8pHvRDgz%2F5zbzhiRhRBSaQNkZPdEPlmtk1BrN3KAJybsrZkfDr26KvP5h8b3eKmfGBpfusntV9159BNLCOue6HmfkXhcXHdUr6kvupL%2BZSl13fw11hQ%3D%3D&amp;webInteractiveContentId=242204954356&amp;portalId=242128791\" target=\"_blank\" rel=\"noopener\"><br \/>\n<img decoding=\"async\" style=\"height: 100%;width: 100%;object-fit: fill\" src=\"https:\/\/hubspot-no-cache-na2-prod.s3.amazonaws.com\/cta\/default\/242128791\/interactive-242204954356.png\" alt=\"NETGEAR ACADEMY\" \/><br \/>\n<\/a><\/div>\n<p><!-- KONTAKT PRO-IT-TEAM --><br \/>\nUnsere Ingenieure unterst\u00fctzen Sie kostenlos bei Ihrem Projekt<\/p>\n<div class=\"hs-cta-embed hs-cta-simple-placeholder hs-cta-embed-245601739512\" style=\"max-width: 100%;max-height: 100%;width: 230px;height: 50.390625px\" data-hubspot-wrapper-cta-id=\"245601739512\"><a href=\"https:\/\/cta-na2.hubspot.com\/web-interactives\/public\/v1\/track\/redirect?encryptedPayload=AVxigLJr11uo8X2nE1LSD6Xjyr2Y4qHnMBiuTjepc%2Bu21JUc7ZZdAG7jEsrURlBKJ6f0gXIV8yzULoIPrEgSbXIfpubEaDTPtU2vi7JTsOLryr06L8dJPrqyt%2F2eKloPwOKZGDfL9zTAajC1ulDGRS7faQbDW8hv2qOUvg1kmKNy515wshiC%2FWSKAezkM0ul1Fbw9ZFaKkqGQny0qCHfNGg6IBozCtGRUg%3D%3D&amp;webInteractiveContentId=245601739512&amp;portalId=242128791\" target=\"_blank\" rel=\"noopener\"><br \/>\n<img decoding=\"async\" style=\"height: 100%;width: 100%;object-fit: fill\" src=\"https:\/\/hubspot-no-cache-na2-prod.s3.amazonaws.com\/cta\/default\/242128791\/interactive-245601739512.png\" alt=\"KONTAKT PRO-IT-TEAM\" \/><br \/>\n<\/a><\/div>\n<p style=\"margin-top: 50px\"><iframe loading=\"lazy\" src=\"https:\/\/405nrr.share-na2.hsforms.com\/25w_D-U5iS-e5KaSaP86jnQ\" width=\"100%\" height=\"1200px\"><\/iframe><\/p>\n    <\/div>\n    \n","protected":false},"excerpt":{"rendered":"","protected":false},"author":94,"featured_media":11101,"parent":10318,"menu_order":0,"comment_status":"closed","ping_status":"closed","template":"templates\/blog-wifi.php","meta":{"_acf_changed":false,"footnotes":""},"class_list":["post-11100","page","type-page","status-publish","has-post-thumbnail","hentry"],"acf":[],"yoast_head":"<!-- This site is optimized with the Yoast SEO plugin v27.5 - https:\/\/yoast.com\/product\/yoast-seo-wordpress\/ -->\n<title>Revolutionierung der Schulkonnektivit\u00e4t: Eine Fallstudie der DC Montessori School Chandigarh - NETGEAR Hub<\/title>\n<meta name=\"description\" content=\"Revolutionierung der Schulkonnektivit\u00e4t: Eine Fallstudie der DC Montessori School Chandigarh\" \/>\n<meta name=\"robots\" content=\"index, follow, max-snippet:-1, max-image-preview:large, max-video-preview:-1\" \/>\n<link rel=\"canonical\" href=\"https:\/\/dehub.netgear.com\/de\/hub\/business\/case-studies\/it-case-studies\/dcm-school-chandigarh\/\" \/>\n<meta property=\"og:locale\" content=\"de_DE\" \/>\n<meta property=\"og:type\" content=\"article\" \/>\n<meta property=\"og:title\" content=\"Revolutionierung der Schulkonnektivit\u00e4t: Eine Fallstudie der DC Montessori School Chandigarh - NETGEAR Hub\" \/>\n<meta property=\"og:description\" content=\"Revolutionierung der Schulkonnektivit\u00e4t: Eine Fallstudie der DC Montessori School Chandigarh\" \/>\n<meta property=\"og:url\" content=\"https:\/\/dehub.netgear.com\/de\/hub\/business\/case-studies\/it-case-studies\/dcm-school-chandigarh\/\" \/>\n<meta property=\"og:site_name\" content=\"NETGEAR Hub\" \/>\n<meta property=\"article:publisher\" content=\"https:\/\/www.facebook.com\/NetgearAU\/\" \/>\n<meta property=\"article:modified_time\" content=\"2025-12-01T10:32:03+00:00\" \/>\n<meta property=\"og:image\" content=\"https:\/\/dehub.netgear.com\/de\/hub\/wp-content\/uploads\/2025\/12\/DCM3-new-383x288-1.jpg\" \/>\n\t<meta property=\"og:image:width\" content=\"383\" \/>\n\t<meta property=\"og:image:height\" content=\"288\" \/>\n\t<meta property=\"og:image:type\" content=\"image\/jpeg\" \/>\n<meta name=\"twitter:card\" content=\"summary_large_image\" \/>\n<meta name=\"twitter:site\" content=\"@NETGEAR\" \/>\n<script type=\"application\/ld+json\" class=\"yoast-schema-graph\">{\"@context\":\"https:\\\/\\\/schema.org\",\"@graph\":[{\"@type\":\"WebPage\",\"@id\":\"https:\\\/\\\/dehub.netgear.com\\\/de\\\/hub\\\/business\\\/case-studies\\\/it-case-studies\\\/dcm-school-chandigarh\\\/\",\"url\":\"https:\\\/\\\/dehub.netgear.com\\\/de\\\/hub\\\/business\\\/case-studies\\\/it-case-studies\\\/dcm-school-chandigarh\\\/\",\"name\":\"Revolutionierung der Schulkonnektivit\u00e4t: Eine Fallstudie der DC Montessori School Chandigarh - NETGEAR Hub\",\"isPartOf\":{\"@id\":\"https:\\\/\\\/dehub.netgear.com\\\/de\\\/hub\\\/#website\"},\"primaryImageOfPage\":{\"@id\":\"https:\\\/\\\/dehub.netgear.com\\\/de\\\/hub\\\/business\\\/case-studies\\\/it-case-studies\\\/dcm-school-chandigarh\\\/#primaryimage\"},\"image\":{\"@id\":\"https:\\\/\\\/dehub.netgear.com\\\/de\\\/hub\\\/business\\\/case-studies\\\/it-case-studies\\\/dcm-school-chandigarh\\\/#primaryimage\"},\"thumbnailUrl\":\"https:\\\/\\\/dehub.netgear.com\\\/de\\\/hub\\\/wp-content\\\/uploads\\\/2025\\\/12\\\/DCM3-new-383x288-1.jpg\",\"datePublished\":\"2025-12-01T10:15:44+00:00\",\"dateModified\":\"2025-12-01T10:32:03+00:00\",\"description\":\"Revolutionierung der Schulkonnektivit\u00e4t: Eine Fallstudie der DC Montessori School Chandigarh\",\"breadcrumb\":{\"@id\":\"https:\\\/\\\/dehub.netgear.com\\\/de\\\/hub\\\/business\\\/case-studies\\\/it-case-studies\\\/dcm-school-chandigarh\\\/#breadcrumb\"},\"inLanguage\":\"de\",\"potentialAction\":[{\"@type\":\"ReadAction\",\"target\":[\"https:\\\/\\\/dehub.netgear.com\\\/de\\\/hub\\\/business\\\/case-studies\\\/it-case-studies\\\/dcm-school-chandigarh\\\/\"]}]},{\"@type\":\"ImageObject\",\"inLanguage\":\"de\",\"@id\":\"https:\\\/\\\/dehub.netgear.com\\\/de\\\/hub\\\/business\\\/case-studies\\\/it-case-studies\\\/dcm-school-chandigarh\\\/#primaryimage\",\"url\":\"https:\\\/\\\/dehub.netgear.com\\\/de\\\/hub\\\/wp-content\\\/uploads\\\/2025\\\/12\\\/DCM3-new-383x288-1.jpg\",\"contentUrl\":\"https:\\\/\\\/dehub.netgear.com\\\/de\\\/hub\\\/wp-content\\\/uploads\\\/2025\\\/12\\\/DCM3-new-383x288-1.jpg\",\"width\":383,\"height\":288},{\"@type\":\"BreadcrumbList\",\"@id\":\"https:\\\/\\\/dehub.netgear.com\\\/de\\\/hub\\\/business\\\/case-studies\\\/it-case-studies\\\/dcm-school-chandigarh\\\/#breadcrumb\",\"itemListElement\":[{\"@type\":\"ListItem\",\"position\":1,\"name\":\"Home\",\"item\":\"https:\\\/\\\/dehub.netgear.com\\\/de\\\/hub\\\/\"},{\"@type\":\"ListItem\",\"position\":2,\"name\":\"Business Articles Hub\",\"item\":\"https:\\\/\\\/dehub.netgear.com\\\/de\\\/hub\\\/business\\\/\"},{\"@type\":\"ListItem\",\"position\":3,\"name\":\"All Case Studies &#8211; DE\",\"item\":\"https:\\\/\\\/dehub.netgear.com\\\/de\\\/hub\\\/business\\\/case-studies\\\/\"},{\"@type\":\"ListItem\",\"position\":4,\"name\":\"IT-Fallstudien\",\"item\":\"https:\\\/\\\/dehub.netgear.com\\\/de\\\/hub\\\/business\\\/case-studies\\\/it-case-studies\\\/\"},{\"@type\":\"ListItem\",\"position\":5,\"name\":\"Revolutionierung der Schulkonnektivit\u00e4t: Eine Fallstudie der DC Montessori School Chandigarh\"}]},{\"@type\":\"WebSite\",\"@id\":\"https:\\\/\\\/dehub.netgear.com\\\/de\\\/hub\\\/#website\",\"url\":\"https:\\\/\\\/dehub.netgear.com\\\/de\\\/hub\\\/\",\"name\":\"NETGEAR\",\"description\":\"Erkunden Sie unsere Hub-Seiten und st\u00f6bern Sie in Artikeln, um mehr \u00fcber NETGEAR Produkte und Technologien zu erfahren.\",\"publisher\":{\"@id\":\"https:\\\/\\\/dehub.netgear.com\\\/de\\\/hub\\\/#organization\"},\"potentialAction\":[{\"@type\":\"SearchAction\",\"target\":{\"@type\":\"EntryPoint\",\"urlTemplate\":\"https:\\\/\\\/dehub.netgear.com\\\/de\\\/hub\\\/?s={search_term_string}\"},\"query-input\":{\"@type\":\"PropertyValueSpecification\",\"valueRequired\":true,\"valueName\":\"search_term_string\"}}],\"inLanguage\":\"de\"},{\"@type\":\"Organization\",\"@id\":\"https:\\\/\\\/dehub.netgear.com\\\/de\\\/hub\\\/#organization\",\"name\":\"NETGEAR\",\"url\":\"https:\\\/\\\/dehub.netgear.com\\\/de\\\/hub\\\/\",\"logo\":{\"@type\":\"ImageObject\",\"inLanguage\":\"de\",\"@id\":\"https:\\\/\\\/dehub.netgear.com\\\/de\\\/hub\\\/#\\\/schema\\\/logo\\\/image\\\/\",\"url\":\"https:\\\/\\\/www.dehub.netgear.com\\\/de\\\/hub\\\/wp-content\\\/uploads\\\/2019\\\/07\\\/NETGEAR_logo.jpg\",\"contentUrl\":\"https:\\\/\\\/www.dehub.netgear.com\\\/de\\\/hub\\\/wp-content\\\/uploads\\\/2019\\\/07\\\/NETGEAR_logo.jpg\",\"width\":1500,\"height\":501,\"caption\":\"NETGEAR\"},\"image\":{\"@id\":\"https:\\\/\\\/dehub.netgear.com\\\/de\\\/hub\\\/#\\\/schema\\\/logo\\\/image\\\/\"},\"sameAs\":[\"https:\\\/\\\/www.facebook.com\\\/NetgearAU\\\/\",\"https:\\\/\\\/x.com\\\/NETGEAR\",\"https:\\\/\\\/www.linkedin.com\\\/company\\\/netgear\"]}]}<\/script>\n<!-- \/ Yoast SEO plugin. -->","yoast_head_json":{"title":"Revolutionierung der Schulkonnektivit\u00e4t: Eine Fallstudie der DC Montessori School Chandigarh - NETGEAR Hub","description":"Revolutionierung der Schulkonnektivit\u00e4t: Eine Fallstudie der DC Montessori School Chandigarh","robots":{"index":"index","follow":"follow","max-snippet":"max-snippet:-1","max-image-preview":"max-image-preview:large","max-video-preview":"max-video-preview:-1"},"canonical":"https:\/\/dehub.netgear.com\/de\/hub\/business\/case-studies\/it-case-studies\/dcm-school-chandigarh\/","og_locale":"de_DE","og_type":"article","og_title":"Revolutionierung der Schulkonnektivit\u00e4t: Eine Fallstudie der DC Montessori School Chandigarh - NETGEAR Hub","og_description":"Revolutionierung der Schulkonnektivit\u00e4t: Eine Fallstudie der DC Montessori School Chandigarh","og_url":"https:\/\/dehub.netgear.com\/de\/hub\/business\/case-studies\/it-case-studies\/dcm-school-chandigarh\/","og_site_name":"NETGEAR Hub","article_publisher":"https:\/\/www.facebook.com\/NetgearAU\/","article_modified_time":"2025-12-01T10:32:03+00:00","og_image":[{"width":383,"height":288,"url":"https:\/\/dehub.netgear.com\/de\/hub\/wp-content\/uploads\/2025\/12\/DCM3-new-383x288-1.jpg","type":"image\/jpeg"}],"twitter_card":"summary_large_image","twitter_site":"@NETGEAR","schema":{"@context":"https:\/\/schema.org","@graph":[{"@type":"WebPage","@id":"https:\/\/dehub.netgear.com\/de\/hub\/business\/case-studies\/it-case-studies\/dcm-school-chandigarh\/","url":"https:\/\/dehub.netgear.com\/de\/hub\/business\/case-studies\/it-case-studies\/dcm-school-chandigarh\/","name":"Revolutionierung der Schulkonnektivit\u00e4t: Eine Fallstudie der DC Montessori School Chandigarh - NETGEAR Hub","isPartOf":{"@id":"https:\/\/dehub.netgear.com\/de\/hub\/#website"},"primaryImageOfPage":{"@id":"https:\/\/dehub.netgear.com\/de\/hub\/business\/case-studies\/it-case-studies\/dcm-school-chandigarh\/#primaryimage"},"image":{"@id":"https:\/\/dehub.netgear.com\/de\/hub\/business\/case-studies\/it-case-studies\/dcm-school-chandigarh\/#primaryimage"},"thumbnailUrl":"https:\/\/dehub.netgear.com\/de\/hub\/wp-content\/uploads\/2025\/12\/DCM3-new-383x288-1.jpg","datePublished":"2025-12-01T10:15:44+00:00","dateModified":"2025-12-01T10:32:03+00:00","description":"Revolutionierung der Schulkonnektivit\u00e4t: Eine Fallstudie der DC Montessori School Chandigarh","breadcrumb":{"@id":"https:\/\/dehub.netgear.com\/de\/hub\/business\/case-studies\/it-case-studies\/dcm-school-chandigarh\/#breadcrumb"},"inLanguage":"de","potentialAction":[{"@type":"ReadAction","target":["https:\/\/dehub.netgear.com\/de\/hub\/business\/case-studies\/it-case-studies\/dcm-school-chandigarh\/"]}]},{"@type":"ImageObject","inLanguage":"de","@id":"https:\/\/dehub.netgear.com\/de\/hub\/business\/case-studies\/it-case-studies\/dcm-school-chandigarh\/#primaryimage","url":"https:\/\/dehub.netgear.com\/de\/hub\/wp-content\/uploads\/2025\/12\/DCM3-new-383x288-1.jpg","contentUrl":"https:\/\/dehub.netgear.com\/de\/hub\/wp-content\/uploads\/2025\/12\/DCM3-new-383x288-1.jpg","width":383,"height":288},{"@type":"BreadcrumbList","@id":"https:\/\/dehub.netgear.com\/de\/hub\/business\/case-studies\/it-case-studies\/dcm-school-chandigarh\/#breadcrumb","itemListElement":[{"@type":"ListItem","position":1,"name":"Home","item":"https:\/\/dehub.netgear.com\/de\/hub\/"},{"@type":"ListItem","position":2,"name":"Business Articles Hub","item":"https:\/\/dehub.netgear.com\/de\/hub\/business\/"},{"@type":"ListItem","position":3,"name":"All Case Studies &#8211; DE","item":"https:\/\/dehub.netgear.com\/de\/hub\/business\/case-studies\/"},{"@type":"ListItem","position":4,"name":"IT-Fallstudien","item":"https:\/\/dehub.netgear.com\/de\/hub\/business\/case-studies\/it-case-studies\/"},{"@type":"ListItem","position":5,"name":"Revolutionierung der Schulkonnektivit\u00e4t: Eine Fallstudie der DC Montessori School Chandigarh"}]},{"@type":"WebSite","@id":"https:\/\/dehub.netgear.com\/de\/hub\/#website","url":"https:\/\/dehub.netgear.com\/de\/hub\/","name":"NETGEAR","description":"Erkunden Sie unsere Hub-Seiten und st\u00f6bern Sie in Artikeln, um mehr \u00fcber NETGEAR Produkte und Technologien zu erfahren.","publisher":{"@id":"https:\/\/dehub.netgear.com\/de\/hub\/#organization"},"potentialAction":[{"@type":"SearchAction","target":{"@type":"EntryPoint","urlTemplate":"https:\/\/dehub.netgear.com\/de\/hub\/?s={search_term_string}"},"query-input":{"@type":"PropertyValueSpecification","valueRequired":true,"valueName":"search_term_string"}}],"inLanguage":"de"},{"@type":"Organization","@id":"https:\/\/dehub.netgear.com\/de\/hub\/#organization","name":"NETGEAR","url":"https:\/\/dehub.netgear.com\/de\/hub\/","logo":{"@type":"ImageObject","inLanguage":"de","@id":"https:\/\/dehub.netgear.com\/de\/hub\/#\/schema\/logo\/image\/","url":"https:\/\/www.dehub.netgear.com\/de\/hub\/wp-content\/uploads\/2019\/07\/NETGEAR_logo.jpg","contentUrl":"https:\/\/www.dehub.netgear.com\/de\/hub\/wp-content\/uploads\/2019\/07\/NETGEAR_logo.jpg","width":1500,"height":501,"caption":"NETGEAR"},"image":{"@id":"https:\/\/dehub.netgear.com\/de\/hub\/#\/schema\/logo\/image\/"},"sameAs":["https:\/\/www.facebook.com\/NetgearAU\/","https:\/\/x.com\/NETGEAR","https:\/\/www.linkedin.com\/company\/netgear"]}]}},"_links":{"self":[{"href":"https:\/\/dehub.netgear.com\/de\/hub\/wp-json\/wp\/v2\/pages\/11100","targetHints":{"allow":["GET"]}}],"collection":[{"href":"https:\/\/dehub.netgear.com\/de\/hub\/wp-json\/wp\/v2\/pages"}],"about":[{"href":"https:\/\/dehub.netgear.com\/de\/hub\/wp-json\/wp\/v2\/types\/page"}],"author":[{"embeddable":true,"href":"https:\/\/dehub.netgear.com\/de\/hub\/wp-json\/wp\/v2\/users\/94"}],"replies":[{"embeddable":true,"href":"https:\/\/dehub.netgear.com\/de\/hub\/wp-json\/wp\/v2\/comments?post=11100"}],"version-history":[{"count":3,"href":"https:\/\/dehub.netgear.com\/de\/hub\/wp-json\/wp\/v2\/pages\/11100\/revisions"}],"predecessor-version":[{"id":11104,"href":"https:\/\/dehub.netgear.com\/de\/hub\/wp-json\/wp\/v2\/pages\/11100\/revisions\/11104"}],"up":[{"embeddable":true,"href":"https:\/\/dehub.netgear.com\/de\/hub\/wp-json\/wp\/v2\/pages\/10318"}],"wp:featuredmedia":[{"embeddable":true,"href":"https:\/\/dehub.netgear.com\/de\/hub\/wp-json\/wp\/v2\/media\/11101"}],"wp:attachment":[{"href":"https:\/\/dehub.netgear.com\/de\/hub\/wp-json\/wp\/v2\/media?parent=11100"}],"curies":[{"name":"wp","href":"https:\/\/api.w.org\/{rel}","templated":true}]}}