{"id":11095,"date":"2025-10-28T10:52:09","date_gmt":"2025-12-01T09:52:41","guid":{"rendered":"https:\/\/dehub.netgear.com\/de\/hub\/?page_id=11095"},"modified":"2025-12-01T10:57:17","modified_gmt":"2025-12-01T09:57:17","slug":"inside-the-crestron-emea-customer-experience-centre","status":"publish","type":"page","link":"https:\/\/dehub.netgear.com\/de\/hub\/business\/av\/inside-the-crestron-emea-customer-experience-centre\/","title":{"rendered":"Im Crestron EMEA Customer Experience Centre"},"content":{"rendered":"<p><img loading=\"lazy\" decoding=\"async\" class=\"alignone size-full wp-image-10681\" style=\"border-radius: 1em;\" src=\"https:\/\/www.netgear.com\/hub\/wp-content\/uploads\/2025\/10\/photo1_crestron_experience-center-scaled.png\" alt=\"\" width=\"1048\" height=\"511\" \/><\/p>\n    <div class=\"table-of-content bg-gray\">\n        <p><strong>IN THIS ARTICLE<\/strong><\/p>\n        <ul>\n                        <li><a href=\"#topic2\">Technologie, die Ideen zum Leben erweckt<\/a><\/li>\n                        <li><a href=\"#topic3\">Eine echte Erfahrung, kein Schaukasten<\/a><\/li>\n                        <li><a href=\"#topic4\">Reale Herausforderungen l\u00f6sen<\/a><\/li>\n                        <li><a href=\"#topic5\">Ein Raum f\u00fcr Entdeckung<\/a><\/li>\n                        <li><a href=\"#topic6\">Mehr Informationen<\/a><\/li>\n                    <\/ul>\n    <\/div>\n        <div id=\"topic1\" class=\"skip-item\">\n                        <p data-start=\"42\" data-end=\"206\"><strong data-start=\"42\" data-end=\"204\">Ein direkter Einblick, wie Crestron und NETGEAR nahtlose hybride Zusammenarbeit und AV-Netzwerke der n\u00e4chsten Generation in Mechelen, Belgien, zusammenbringen<\/strong><\/p>\n<p data-start=\"208\" data-end=\"629\">Das neue Crestron EMEA Customer Experience Centre in der Stadt Mechelen, etwa auf halbem Weg zwischen Antwerpen und Br\u00fcssel, ist weit mehr als nur ein Showroom. Es ist eine immersive, funktionierende Umgebung, in der Entscheidungstr\u00e4ger aus Unternehmen, Bildungseinrichtungen und Beh\u00f6rden erleben k\u00f6nnen, wie AV-over-IP-Systeme reale Herausforderungen in den Bereichen Konnektivit\u00e4t, Zusammenarbeit und Steuerung l\u00f6sen.<\/p>\n<p data-start=\"631\" data-end=\"949\">Im heutigen Umfeld hybrider Arbeit stehen Organisationen vor einem vertrauten Dreiklang an Herausforderungen: die Verteilung von Video in ultrahoher Qualit\u00e4t, die Erm\u00f6glichung nahtloser Zusammenarbeit \u00fcber Standorte und Ger\u00e4te hinweg sowie die Verwaltung all dessen im Netzwerk, ohne den t\u00e4glichen Betrieb zu st\u00f6ren.<\/p>\n<p data-start=\"951\" data-end=\"1076\">Im Centre in Mechelen geht Crestron diese Herausforderungen direkt an \u2013 unterst\u00fctzt durch die AV-Infrastruktur von NETGEAR.<\/p>\n<p data-start=\"951\" data-end=\"1076\"><img decoding=\"async\" src=\"https:\/\/www.netgear.com\/hub\/wp-content\/uploads\/2025\/10\/Screenshot-2025-10-28-at-15.19.31.png\" alt=\"\" \/><\/p>\n    <\/div>\n        <div id=\"topic2\" class=\"skip-item\">\n                        <h2>Technologie, die Ideen zum Leben erweckt<\/h2>\n                <p data-start=\"93\" data-end=\"176\">Die AV-Implementierung im Centre beeindruckt sowohl in Umfang als auch im Design:<\/p>\n<ul data-start=\"178\" data-end=\"520\">\n<li data-start=\"178\" data-end=\"305\">\n<p data-start=\"180\" data-end=\"305\">16 DM-NVX-Videoquellen speisen 50 DM-NVX-Decoder, die makellosen Inhalt \u00fcber verschiedene Demonstrationsbereiche verteilen.<\/p>\n<\/li>\n<li data-start=\"306\" data-end=\"383\">\n<p data-start=\"308\" data-end=\"383\">Eine gro\u00dfformatige Videowand zeigt mission-kritische Streams in Echtzeit.<\/p>\n<\/li>\n<li data-start=\"384\" data-end=\"520\">\n<p data-start=\"386\" data-end=\"520\">Ein dedizierter \u201eSight Line\u201c-Konferenzraum verf\u00fcgt \u00fcber zehn Kameras, acht Displays und intelligente Deckenmikrofone von Sennheiser.<\/p>\n<\/li>\n<\/ul>\n<p data-start=\"522\" data-end=\"731\">Im Hintergrund bilden NETGEAR M4250- und M4350-AV-Switches das R\u00fcckgrat dieser gesamten Umgebung und liefern die Leistung, Zuverl\u00e4ssigkeit und Skalierbarkeit, die moderne AV-over-IP-Installationen erfordern.<\/p>\n    <\/div>\n        <div id=\"topic3\" class=\"skip-item\">\n                        <h2>Eine echte Erfahrung, kein Schaukasten<\/h2>\n                <p data-start=\"787\" data-end=\"1076\">Das Crestron Centre dreht sich nicht um statische Hardware oder Produktzahlen \u2013 es geht darum, den Fluss von Inhalten und Steuerung \u00fcber verbundene R\u00e4ume hinweg zu erleben. Besucher k\u00f6nnen realistische Szenarien durchlaufen, die zeigen, wie sich leistungsstarkes AV anf\u00fchlt und aussieht:<\/p>\n<ul data-start=\"1078\" data-end=\"1289\">\n<li data-start=\"1078\" data-end=\"1148\">\n<p data-start=\"1080\" data-end=\"1148\">Rennsimulationsst\u00fchle, die visuelles Feedback in Echtzeit erfassen<\/p>\n<\/li>\n<li data-start=\"1149\" data-end=\"1222\">\n<p data-start=\"1151\" data-end=\"1222\">Auto-Tracking-Konferenzraumkameras, die Pr\u00e4sentierende live einrahmen<\/p>\n<\/li>\n<li data-start=\"1223\" data-end=\"1289\">\n<p data-start=\"1225\" data-end=\"1289\">Drahtloses BYOD-Streaming auf LED-W\u00e4nde mit nahezu null Latenz<\/p>\n<\/li>\n<\/ul>\n<p data-start=\"1291\" data-end=\"1523\">F\u00fcr Installateure und Integratoren ist es ein lebendiges Labor, das demonstriert, wie Quellen, Decoder, Kameras, Displays, Mikrofone und NETGEAR-Netzwerkswitches harmonisch zusammenarbeiten, um reale Kundenbed\u00fcrfnisse zu erf\u00fcllen.<\/p>\n    <\/div>\n        <div id=\"topic4\" class=\"skip-item\">\n                        <h2>Reale Herausforderungen l\u00f6sen<\/h2>\n                <p data-start=\"1570\" data-end=\"1699\">Jeder Bereich des Centres zeigt, wie durchdachtes AV-over-IP-Design Barrieren f\u00fcr Zusammenarbeit und Effizienz beseitigen kann:<\/p>\n<ul data-start=\"1701\" data-end=\"1948\">\n<li data-start=\"1701\" data-end=\"1760\">\n<p data-start=\"1703\" data-end=\"1760\">Nahtloser Wechsel zwischen lokalen und entfernten Teams<\/p>\n<\/li>\n<li data-start=\"1761\" data-end=\"1831\">\n<p data-start=\"1763\" data-end=\"1831\">Hochdichte AV-Verteilung ohne Qualit\u00e4tsverlust oder erh\u00f6hte Latenz<\/p>\n<\/li>\n<li data-start=\"1832\" data-end=\"1948\">\n<p data-start=\"1834\" data-end=\"1948\">Einheitliche, verwaltbare Infrastruktur, die Besprechungsr\u00e4ume, Schulungsbereiche und Experience-Zonen verbindet<\/p>\n<\/li>\n<\/ul>\n<p data-start=\"1950\" data-end=\"2144\">Mit NETGEAR AV als Netzwerkgrundlage zeigt Crestron, wie leistungsf\u00e4hig und gleichzeitig einfach vernetztes AV sein kann, wenn es f\u00fcr Integratoren und Endanwender gleicherma\u00dfen konzipiert ist.<\/p>\n<p data-start=\"1950\" data-end=\"2144\"><img decoding=\"async\" src=\"https:\/\/www.netgear.com\/hub\/wp-content\/uploads\/2025\/10\/Screenshot-2025-10-28-at-15.19.49.png\" alt=\"\" \/><\/p>\n    <\/div>\n        <div id=\"topic5\" class=\"skip-item\">\n                        <h2>Ein Raum f\u00fcr Entdeckung<\/h2>\n                <p data-start=\"2185\" data-end=\"2339\">Das Customer Experience Centre in Mechelen ist eine Vorzeige-Destination \u2013 nicht nur, um Technologie zu pr\u00e4sentieren, sondern sie praktisch zu erkunden.<\/p>\n<p data-start=\"2341\" data-end=\"2544\">Architekten, Systemdesigner, Endanwender und Integratoren sind eingeladen, zu sehen, zu ber\u00fchren und zu erleben, was hybride Zusammenarbeit und immersives AV in einer vernetzten Welt wirklich bedeuten.<\/p>\n<p data-start=\"2546\" data-end=\"2854\">Am Ende geht es im Crestron EMEA Customer Experience Centre nicht um Technologie um ihrer selbst willen. Es geht darum, Organisationen zu zeigen, wie integriertes AV-over-IP, unterst\u00fctzt durch NETGEARs AV-qualitatives Netzwerk, Menschen verbunden, engagiert und produktiv h\u00e4lt \u2013 egal, wo sie sich befinden.<\/p>\n<p align=\"center\"><iframe loading=\"lazy\" src=\"https:\/\/www.youtube.com\/embed\/JLI7Dwr2zEk?si=Vruuu9tdKwXAio0w\" width=\"560\" height=\"315\" frameborder=\"0\" allowfullscreen=\"allowfullscreen\"><\/iframe><\/p>\n    <\/div>\n        <div id=\"topic6\" class=\"skip-item\">\n                        <h2>Mehr Informationen<\/h2>\n                <p><!-- IT NETGEAR BUSINESS-L\u00d6SUNGEN--><br \/>\nMehr \u00fcber unsere Business-Produkte erfahren<\/p>\n<div class=\"hs-cta-embed hs-cta-simple-placeholder hs-cta-embed-243392275167\" style=\"max-width: 100%;max-height: 100%;width: 260px;height: 50.390625px\" data-hubspot-wrapper-cta-id=\"243392275167\"><a href=\"https:\/\/cta-na2.hubspot.com\/web-interactives\/public\/v1\/track\/redirect?encryptedPayload=AVxigLI%2Fu8J7nFnep8w0CfLqqlWixXySh0cANLn7TQ3MtLEGeFdfhQxw3AVxVzYlZOkZoVB4gdslqY4il1pZTz7RSKy0mNw%2BF1Y6bdIwWiFAFfgtF%2FkXW%2Fmq0JFY6OQExFSwjiafSp97IxwGv6iNNhiT9X6MQziOnjaAnh9UsXCYR2VD1S791%2F7MVwT1TQ%3D%3D&amp;webInteractiveContentId=243392275167&amp;portalId=242128791\" target=\"_blank\" rel=\"noopener\"><br \/>\n<img decoding=\"async\" style=\"height: 100%;width: 100%;object-fit: fill\" src=\"https:\/\/hubspot-no-cache-na2-prod.s3.amazonaws.com\/cta\/default\/242128791\/interactive-243392275167.png\" alt=\"NETGEAR AV-L\u00d6SUNGEN\" \/><br \/>\n<\/a><\/div>\n<p><!-- IT ACADEMY --><br \/>\nAlles \u00fcber IP-Netzwerke lernen \u2013 in der NETGEAR ACADEMY<\/p>\n<div class=\"hs-cta-embed hs-cta-simple-placeholder hs-cta-embed-243357267644\" style=\"max-width: 100%;max-height: 100%;width: 260px;height: 50.390625px\" data-hubspot-wrapper-cta-id=\"243357267644\"><a href=\"https:\/\/cta-na2.hubspot.com\/web-interactives\/public\/v1\/track\/redirect?encryptedPayload=AVxigLKW9uCCU9FL7iPOCpU%2BvA8Z1UfLRQT8691iSSqh%2BqLrpD%2FITlt6RGXTdhci0W5DkR0wb%2FpK%2BWToDj8Qf0HaQwR0kyzZgK35i%2BhitHvCmHPH8BmXutiugzeYtEHOY6aYTSXoNxDjJJwwtUXAzSqnxQuhx5jjnWcHl4zUp4Dt1tTG2PymP7esgNCNHKHECJ76tda5x0hFMo8JQo6UwGGb9CBw4fyYnA%3D%3D&amp;webInteractiveContentId=243357267644&amp;portalId=242128791\" target=\"_blank\" rel=\"noopener\"><br \/>\n<img decoding=\"async\" style=\"height: 100%;width: 100%;object-fit: fill\" src=\"https:\/\/hubspot-no-cache-na2-prod.s3.amazonaws.com\/cta\/default\/242128791\/interactive-243357267644.png\" alt=\"NETGEAR ACADEMY\" \/><br \/>\n<\/a><\/div>\n<p><!-- KONTAKT PRO-IT-TEAM --><br \/>\nUnsere Ingenieure unterst\u00fctzen Sie kostenlos bei Ihrem Projekt<\/p>\n<div class=\"hs-cta-embed hs-cta-simple-placeholder hs-cta-embed-243357266676\" style=\"max-width: 100%;max-height: 100%;width: 270px;height: 50.390625px\" data-hubspot-wrapper-cta-id=\"243357266676\"><a href=\"https:\/\/cta-na2.hubspot.com\/web-interactives\/public\/v1\/track\/redirect?encryptedPayload=AVxigLL9MaHliYSOIHWsJvXrVuyffxSFGu%2FOD4neANfzotKQLgtjDgnA0CFJQWLPGl5hkjLPFJf7A76nk1yWw939l8y7nc4NGJ1%2Fa58epF2QbqIhW7KyV%2Fr75%2B8GCI%2FfEXyeGuic8buAEe%2F8pDQ63tT6ExQvwvvuG%2BeK5mOqM%2FlNsZUaeR4q5pghXZB3yAUIu7WWwKynlh9Y3Ug9ymAN6sNjHEzXMCgwSYmLqMh7eixTsrgTswO85eLb8rCODQ%3D%3D&amp;webInteractiveContentId=243357266676&amp;portalId=242128791\" target=\"_blank\" rel=\"noopener\"><br \/>\n<img decoding=\"async\" style=\"height: 100%;width: 100%;object-fit: fill\" src=\"https:\/\/hubspot-no-cache-na2-prod.s3.amazonaws.com\/cta\/default\/242128791\/interactive-243357266676.png\" alt=\"KONTAKT PROAV-TEAM\" \/><br \/>\n<\/a><\/div>\n<p style=\"margin-top: 50px\"><iframe loading=\"lazy\" src=\"https:\/\/405nrr.share-na2.hsforms.com\/25w_D-U5iS-e5KaSaP86jnQ\" width=\"100%\" height=\"1200px\"><\/iframe><\/p>\n    <\/div>\n    \n","protected":false},"excerpt":{"rendered":"","protected":false},"author":94,"featured_media":11097,"parent":6754,"menu_order":0,"comment_status":"closed","ping_status":"closed","template":"templates\/blog-wifi.php","meta":{"_acf_changed":false,"footnotes":""},"class_list":["post-11095","page","type-page","status-publish","has-post-thumbnail","hentry"],"acf":[],"yoast_head":"<!-- This site is optimized with the Yoast SEO plugin v27.4 - https:\/\/yoast.com\/product\/yoast-seo-wordpress\/ -->\n<title>Im Crestron EMEA Customer Experience Centre - NETGEAR Hub<\/title>\n<meta name=\"description\" content=\"Im Crestron EMEA Customer Experience Centre\" \/>\n<meta name=\"robots\" content=\"index, follow, max-snippet:-1, max-image-preview:large, max-video-preview:-1\" \/>\n<link rel=\"canonical\" href=\"https:\/\/dehub.netgear.com\/de\/hub\/business\/av\/inside-the-crestron-emea-customer-experience-centre\/\" \/>\n<meta property=\"og:locale\" content=\"de_DE\" \/>\n<meta property=\"og:type\" content=\"article\" \/>\n<meta property=\"og:title\" content=\"Im Crestron EMEA Customer Experience Centre - NETGEAR Hub\" \/>\n<meta property=\"og:description\" content=\"Im Crestron EMEA Customer Experience Centre\" \/>\n<meta property=\"og:url\" content=\"https:\/\/dehub.netgear.com\/de\/hub\/business\/av\/inside-the-crestron-emea-customer-experience-centre\/\" \/>\n<meta property=\"og:site_name\" content=\"NETGEAR Hub\" \/>\n<meta property=\"article:publisher\" content=\"https:\/\/www.facebook.com\/NetgearAU\/\" \/>\n<meta property=\"article:modified_time\" content=\"2025-12-01T09:57:17+00:00\" \/>\n<meta property=\"og:image\" content=\"https:\/\/dehub.netgear.com\/de\/hub\/wp-content\/uploads\/2025\/12\/photo1_crestron_experience-center-383x288-1.png\" \/>\n\t<meta property=\"og:image:width\" content=\"383\" \/>\n\t<meta property=\"og:image:height\" content=\"288\" \/>\n\t<meta property=\"og:image:type\" content=\"image\/png\" \/>\n<meta name=\"twitter:card\" content=\"summary_large_image\" \/>\n<meta name=\"twitter:site\" content=\"@NETGEAR\" \/>\n<script type=\"application\/ld+json\" class=\"yoast-schema-graph\">{\"@context\":\"https:\\\/\\\/schema.org\",\"@graph\":[{\"@type\":\"WebPage\",\"@id\":\"https:\\\/\\\/dehub.netgear.com\\\/de\\\/hub\\\/business\\\/av\\\/inside-the-crestron-emea-customer-experience-centre\\\/\",\"url\":\"https:\\\/\\\/dehub.netgear.com\\\/de\\\/hub\\\/business\\\/av\\\/inside-the-crestron-emea-customer-experience-centre\\\/\",\"name\":\"Im Crestron EMEA Customer Experience Centre - NETGEAR Hub\",\"isPartOf\":{\"@id\":\"https:\\\/\\\/dehub.netgear.com\\\/de\\\/hub\\\/#website\"},\"primaryImageOfPage\":{\"@id\":\"https:\\\/\\\/dehub.netgear.com\\\/de\\\/hub\\\/business\\\/av\\\/inside-the-crestron-emea-customer-experience-centre\\\/#primaryimage\"},\"image\":{\"@id\":\"https:\\\/\\\/dehub.netgear.com\\\/de\\\/hub\\\/business\\\/av\\\/inside-the-crestron-emea-customer-experience-centre\\\/#primaryimage\"},\"thumbnailUrl\":\"https:\\\/\\\/dehub.netgear.com\\\/de\\\/hub\\\/wp-content\\\/uploads\\\/2025\\\/12\\\/photo1_crestron_experience-center-383x288-1.png\",\"datePublished\":\"2025-12-01T09:52:41+00:00\",\"dateModified\":\"2025-12-01T09:57:17+00:00\",\"description\":\"Im Crestron EMEA Customer Experience Centre\",\"breadcrumb\":{\"@id\":\"https:\\\/\\\/dehub.netgear.com\\\/de\\\/hub\\\/business\\\/av\\\/inside-the-crestron-emea-customer-experience-centre\\\/#breadcrumb\"},\"inLanguage\":\"de\",\"potentialAction\":[{\"@type\":\"ReadAction\",\"target\":[\"https:\\\/\\\/dehub.netgear.com\\\/de\\\/hub\\\/business\\\/av\\\/inside-the-crestron-emea-customer-experience-centre\\\/\"]}]},{\"@type\":\"ImageObject\",\"inLanguage\":\"de\",\"@id\":\"https:\\\/\\\/dehub.netgear.com\\\/de\\\/hub\\\/business\\\/av\\\/inside-the-crestron-emea-customer-experience-centre\\\/#primaryimage\",\"url\":\"https:\\\/\\\/dehub.netgear.com\\\/de\\\/hub\\\/wp-content\\\/uploads\\\/2025\\\/12\\\/photo1_crestron_experience-center-383x288-1.png\",\"contentUrl\":\"https:\\\/\\\/dehub.netgear.com\\\/de\\\/hub\\\/wp-content\\\/uploads\\\/2025\\\/12\\\/photo1_crestron_experience-center-383x288-1.png\",\"width\":383,\"height\":288},{\"@type\":\"BreadcrumbList\",\"@id\":\"https:\\\/\\\/dehub.netgear.com\\\/de\\\/hub\\\/business\\\/av\\\/inside-the-crestron-emea-customer-experience-centre\\\/#breadcrumb\",\"itemListElement\":[{\"@type\":\"ListItem\",\"position\":1,\"name\":\"Home\",\"item\":\"https:\\\/\\\/dehub.netgear.com\\\/de\\\/hub\\\/\"},{\"@type\":\"ListItem\",\"position\":2,\"name\":\"Business Articles Hub\",\"item\":\"https:\\\/\\\/dehub.netgear.com\\\/de\\\/hub\\\/business\\\/\"},{\"@type\":\"ListItem\",\"position\":3,\"name\":\"Business AV\",\"item\":\"https:\\\/\\\/dehub.netgear.com\\\/de\\\/hub\\\/business\\\/av\\\/\"},{\"@type\":\"ListItem\",\"position\":4,\"name\":\"Im Crestron EMEA Customer Experience Centre\"}]},{\"@type\":\"WebSite\",\"@id\":\"https:\\\/\\\/dehub.netgear.com\\\/de\\\/hub\\\/#website\",\"url\":\"https:\\\/\\\/dehub.netgear.com\\\/de\\\/hub\\\/\",\"name\":\"NETGEAR\",\"description\":\"Erkunden Sie unsere Hub-Seiten und st\u00f6bern Sie in Artikeln, um mehr \u00fcber NETGEAR Produkte und Technologien zu erfahren.\",\"publisher\":{\"@id\":\"https:\\\/\\\/dehub.netgear.com\\\/de\\\/hub\\\/#organization\"},\"potentialAction\":[{\"@type\":\"SearchAction\",\"target\":{\"@type\":\"EntryPoint\",\"urlTemplate\":\"https:\\\/\\\/dehub.netgear.com\\\/de\\\/hub\\\/?s={search_term_string}\"},\"query-input\":{\"@type\":\"PropertyValueSpecification\",\"valueRequired\":true,\"valueName\":\"search_term_string\"}}],\"inLanguage\":\"de\"},{\"@type\":\"Organization\",\"@id\":\"https:\\\/\\\/dehub.netgear.com\\\/de\\\/hub\\\/#organization\",\"name\":\"NETGEAR\",\"url\":\"https:\\\/\\\/dehub.netgear.com\\\/de\\\/hub\\\/\",\"logo\":{\"@type\":\"ImageObject\",\"inLanguage\":\"de\",\"@id\":\"https:\\\/\\\/dehub.netgear.com\\\/de\\\/hub\\\/#\\\/schema\\\/logo\\\/image\\\/\",\"url\":\"https:\\\/\\\/www.dehub.netgear.com\\\/de\\\/hub\\\/wp-content\\\/uploads\\\/2019\\\/07\\\/NETGEAR_logo.jpg\",\"contentUrl\":\"https:\\\/\\\/www.dehub.netgear.com\\\/de\\\/hub\\\/wp-content\\\/uploads\\\/2019\\\/07\\\/NETGEAR_logo.jpg\",\"width\":1500,\"height\":501,\"caption\":\"NETGEAR\"},\"image\":{\"@id\":\"https:\\\/\\\/dehub.netgear.com\\\/de\\\/hub\\\/#\\\/schema\\\/logo\\\/image\\\/\"},\"sameAs\":[\"https:\\\/\\\/www.facebook.com\\\/NetgearAU\\\/\",\"https:\\\/\\\/x.com\\\/NETGEAR\",\"https:\\\/\\\/www.linkedin.com\\\/company\\\/netgear\"]}]}<\/script>\n<!-- \/ Yoast SEO plugin. -->","yoast_head_json":{"title":"Im Crestron EMEA Customer Experience Centre - NETGEAR Hub","description":"Im Crestron EMEA Customer Experience Centre","robots":{"index":"index","follow":"follow","max-snippet":"max-snippet:-1","max-image-preview":"max-image-preview:large","max-video-preview":"max-video-preview:-1"},"canonical":"https:\/\/dehub.netgear.com\/de\/hub\/business\/av\/inside-the-crestron-emea-customer-experience-centre\/","og_locale":"de_DE","og_type":"article","og_title":"Im Crestron EMEA Customer Experience Centre - NETGEAR Hub","og_description":"Im Crestron EMEA Customer Experience Centre","og_url":"https:\/\/dehub.netgear.com\/de\/hub\/business\/av\/inside-the-crestron-emea-customer-experience-centre\/","og_site_name":"NETGEAR Hub","article_publisher":"https:\/\/www.facebook.com\/NetgearAU\/","article_modified_time":"2025-12-01T09:57:17+00:00","og_image":[{"width":383,"height":288,"url":"https:\/\/dehub.netgear.com\/de\/hub\/wp-content\/uploads\/2025\/12\/photo1_crestron_experience-center-383x288-1.png","type":"image\/png"}],"twitter_card":"summary_large_image","twitter_site":"@NETGEAR","schema":{"@context":"https:\/\/schema.org","@graph":[{"@type":"WebPage","@id":"https:\/\/dehub.netgear.com\/de\/hub\/business\/av\/inside-the-crestron-emea-customer-experience-centre\/","url":"https:\/\/dehub.netgear.com\/de\/hub\/business\/av\/inside-the-crestron-emea-customer-experience-centre\/","name":"Im Crestron EMEA Customer Experience Centre - NETGEAR Hub","isPartOf":{"@id":"https:\/\/dehub.netgear.com\/de\/hub\/#website"},"primaryImageOfPage":{"@id":"https:\/\/dehub.netgear.com\/de\/hub\/business\/av\/inside-the-crestron-emea-customer-experience-centre\/#primaryimage"},"image":{"@id":"https:\/\/dehub.netgear.com\/de\/hub\/business\/av\/inside-the-crestron-emea-customer-experience-centre\/#primaryimage"},"thumbnailUrl":"https:\/\/dehub.netgear.com\/de\/hub\/wp-content\/uploads\/2025\/12\/photo1_crestron_experience-center-383x288-1.png","datePublished":"2025-12-01T09:52:41+00:00","dateModified":"2025-12-01T09:57:17+00:00","description":"Im Crestron EMEA Customer Experience Centre","breadcrumb":{"@id":"https:\/\/dehub.netgear.com\/de\/hub\/business\/av\/inside-the-crestron-emea-customer-experience-centre\/#breadcrumb"},"inLanguage":"de","potentialAction":[{"@type":"ReadAction","target":["https:\/\/dehub.netgear.com\/de\/hub\/business\/av\/inside-the-crestron-emea-customer-experience-centre\/"]}]},{"@type":"ImageObject","inLanguage":"de","@id":"https:\/\/dehub.netgear.com\/de\/hub\/business\/av\/inside-the-crestron-emea-customer-experience-centre\/#primaryimage","url":"https:\/\/dehub.netgear.com\/de\/hub\/wp-content\/uploads\/2025\/12\/photo1_crestron_experience-center-383x288-1.png","contentUrl":"https:\/\/dehub.netgear.com\/de\/hub\/wp-content\/uploads\/2025\/12\/photo1_crestron_experience-center-383x288-1.png","width":383,"height":288},{"@type":"BreadcrumbList","@id":"https:\/\/dehub.netgear.com\/de\/hub\/business\/av\/inside-the-crestron-emea-customer-experience-centre\/#breadcrumb","itemListElement":[{"@type":"ListItem","position":1,"name":"Home","item":"https:\/\/dehub.netgear.com\/de\/hub\/"},{"@type":"ListItem","position":2,"name":"Business Articles Hub","item":"https:\/\/dehub.netgear.com\/de\/hub\/business\/"},{"@type":"ListItem","position":3,"name":"Business AV","item":"https:\/\/dehub.netgear.com\/de\/hub\/business\/av\/"},{"@type":"ListItem","position":4,"name":"Im Crestron EMEA Customer Experience Centre"}]},{"@type":"WebSite","@id":"https:\/\/dehub.netgear.com\/de\/hub\/#website","url":"https:\/\/dehub.netgear.com\/de\/hub\/","name":"NETGEAR","description":"Erkunden Sie unsere Hub-Seiten und st\u00f6bern Sie in Artikeln, um mehr \u00fcber NETGEAR Produkte und Technologien zu erfahren.","publisher":{"@id":"https:\/\/dehub.netgear.com\/de\/hub\/#organization"},"potentialAction":[{"@type":"SearchAction","target":{"@type":"EntryPoint","urlTemplate":"https:\/\/dehub.netgear.com\/de\/hub\/?s={search_term_string}"},"query-input":{"@type":"PropertyValueSpecification","valueRequired":true,"valueName":"search_term_string"}}],"inLanguage":"de"},{"@type":"Organization","@id":"https:\/\/dehub.netgear.com\/de\/hub\/#organization","name":"NETGEAR","url":"https:\/\/dehub.netgear.com\/de\/hub\/","logo":{"@type":"ImageObject","inLanguage":"de","@id":"https:\/\/dehub.netgear.com\/de\/hub\/#\/schema\/logo\/image\/","url":"https:\/\/www.dehub.netgear.com\/de\/hub\/wp-content\/uploads\/2019\/07\/NETGEAR_logo.jpg","contentUrl":"https:\/\/www.dehub.netgear.com\/de\/hub\/wp-content\/uploads\/2019\/07\/NETGEAR_logo.jpg","width":1500,"height":501,"caption":"NETGEAR"},"image":{"@id":"https:\/\/dehub.netgear.com\/de\/hub\/#\/schema\/logo\/image\/"},"sameAs":["https:\/\/www.facebook.com\/NetgearAU\/","https:\/\/x.com\/NETGEAR","https:\/\/www.linkedin.com\/company\/netgear"]}]}},"_links":{"self":[{"href":"https:\/\/dehub.netgear.com\/de\/hub\/wp-json\/wp\/v2\/pages\/11095","targetHints":{"allow":["GET"]}}],"collection":[{"href":"https:\/\/dehub.netgear.com\/de\/hub\/wp-json\/wp\/v2\/pages"}],"about":[{"href":"https:\/\/dehub.netgear.com\/de\/hub\/wp-json\/wp\/v2\/types\/page"}],"author":[{"embeddable":true,"href":"https:\/\/dehub.netgear.com\/de\/hub\/wp-json\/wp\/v2\/users\/94"}],"replies":[{"embeddable":true,"href":"https:\/\/dehub.netgear.com\/de\/hub\/wp-json\/wp\/v2\/comments?post=11095"}],"version-history":[{"count":3,"href":"https:\/\/dehub.netgear.com\/de\/hub\/wp-json\/wp\/v2\/pages\/11095\/revisions"}],"predecessor-version":[{"id":11099,"href":"https:\/\/dehub.netgear.com\/de\/hub\/wp-json\/wp\/v2\/pages\/11095\/revisions\/11099"}],"up":[{"embeddable":true,"href":"https:\/\/dehub.netgear.com\/de\/hub\/wp-json\/wp\/v2\/pages\/6754"}],"wp:featuredmedia":[{"embeddable":true,"href":"https:\/\/dehub.netgear.com\/de\/hub\/wp-json\/wp\/v2\/media\/11097"}],"wp:attachment":[{"href":"https:\/\/dehub.netgear.com\/de\/hub\/wp-json\/wp\/v2\/media?parent=11095"}],"curies":[{"name":"wp","href":"https:\/\/api.w.org\/{rel}","templated":true}]}}