{"id":11079,"date":"2025-10-30T09:54:09","date_gmt":"2025-11-28T08:54:27","guid":{"rendered":"https:\/\/dehub.netgear.com\/de\/hub\/?page_id=11079"},"modified":"2025-12-01T11:29:17","modified_gmt":"2025-12-01T10:29:17","slug":"idc-marketscape-2025-2","status":"publish","type":"page","link":"https:\/\/dehub.netgear.com\/de\/hub\/business\/enterprise-it\/idc-marketscape-2025-2\/","title":{"rendered":"NETGEAR als starker Mitbewerber im IDC-Bericht zum Enterprise-WLAN anerkannt"},"content":{"rendered":"<p><img loading=\"lazy\" decoding=\"async\" class=\"alignone size-full wp-image-10681\" style=\"border-radius: 1em;\" src=\"https:\/\/www.netgear.com\/hub\/wp-content\/uploads\/2025\/10\/GettyConntected-Earth-scaled.jpg\" alt=\"\" width=\"1048\" height=\"511\" \/><\/p>\n    <div class=\"table-of-content bg-gray\">\n        <p><strong>IN THIS ARTICLE<\/strong><\/p>\n        <ul>\n                        <li><a href=\"#topic1\">NETGEAR \u2013 Ein starker Mitbewerber<\/a><\/li>\n                        <li><a href=\"#topic2\">Warum IDC aufmerksam wurde<\/a><\/li>\n                        <li><a href=\"#topic3\">Warum IDC aufmerksam wurde<\/a><\/li>\n                        <li><a href=\"#topic4\">Leistung, Einfachheit und Mehrwert<\/a><\/li>\n                        <li><a href=\"#topic5\">Strategischer Aufwind<\/a><\/li>\n                        <li><a href=\"#topic6\">Blick nach vorn<\/a><\/li>\n                        <li><a href=\"#topic7\">Mehr Informationen<\/a><\/li>\n                    <\/ul>\n    <\/div>\n        <div id=\"topic1\" class=\"skip-item\">\n                        <h2>NETGEAR \u2013 Ein starker Mitbewerber<\/h2>\n                <p data-start=\"95\" data-end=\"495\">NETGEARs Fokus auf kleine und mittelst\u00e4ndische Unternehmen (KMU) zeigt weiterhin Wirkung. Der aktuelle <strong data-start=\"198\" data-end=\"293\">IDC MarketScape f\u00fcr die weltweite Bewertung der Anbieter von Enterprise Wireless LAN (2025)<\/strong> stuft NETGEAR als <em data-start=\"312\" data-end=\"330\">Strong Contender<\/em> ein und hebt unsere wachsende Rolle im Enterprise-WLAN-Markt hervor. Gleichzeitig best\u00e4tigt er unser Engagement f\u00fcr Unternehmen mit 500 Mitarbeitenden oder weniger.<\/p>\n<p data-start=\"497\" data-end=\"758\">Die Anerkennung durch IDC unterstreicht, wie NETGEARs Ansatz \u2013 <strong data-start=\"560\" data-end=\"607\">Einfachheit, Leistung und Erschwinglichkeit<\/strong> \u2013 die Bed\u00fcrfnisse schlanker IT-Teams erf\u00fcllt, die ein Netzwerk in Unternehmensqualit\u00e4t ohne den administrativen Aufwand einer Gro\u00dforganisation suchen.<\/p>\n    <\/div>\n        <div id=\"topic2\" class=\"skip-item\">\n                        <h2>Warum IDC aufmerksam wurde<\/h2>\n                <p data-start=\"800\" data-end=\"1145\">Der Bericht lobte NETGEARs Engagement f\u00fcr Benutzerfreundlichkeit und eine klare, einfache Designphilosophie. IDC bemerkte:<br data-start=\"922\" data-end=\"925\" \/><strong data-start=\"925\" data-end=\"1143\">\u201eNETGEAR richtet seine Gesch\u00e4ftsl\u00f6sungen auf Benutzerfreundlichkeit sowie auf einfache Gestaltung und Verwaltung aus, was ein leicht zu bedienendes Produktangebot f\u00fcr Organisationen mit schlanken IT-Teams schafft.\u201c<\/strong><\/p>\n<p data-start=\"1147\" data-end=\"1302\">Das ist seit jeher zentral f\u00fcr unsere Mission: leistungsstarke, zuverl\u00e4ssige L\u00f6sungen zu entwickeln, die keine gro\u00dfe IT-Abteilung zur Verwaltung ben\u00f6tigen.<\/p>\n<p data-start=\"1304\" data-end=\"1640\">IDC w\u00fcrdigte au\u00dferdem NETGEARs wachsendes Gesch\u00e4ftsportfolio und verwies auf unsere Investitionen in kabelgebundene und drahtlose LAN-Infrastrukturen sowie in Routing-L\u00f6sungen und Go-to-Market-Kan\u00e4le. Diese Ma\u00dfnahmen st\u00e4rken unsere Position im KMU-Segment und erm\u00f6glichen mehr Unternehmen den Zugang zu Leistungen auf Enterprise-Niveau.<\/p>\n<p data-start=\"1642\" data-end=\"1906\">Ein weiteres Highlight war NETGEARs Erfolg im professionellen AV-Bereich. IDC hob unsere starke Pr\u00e4senz in ProAV-Deployments hervor \u2013 insbesondere dank unserer <strong data-start=\"1802\" data-end=\"1821\">AVLine Switches<\/strong> und <strong data-start=\"1826\" data-end=\"1843\">WLAN-L\u00f6sungen<\/strong>, unterst\u00fctzt von einem Netzwerk aus \u00fcber 450 Branchenpartnern.<\/p>\n    <\/div>\n        <div id=\"topic3\" class=\"skip-item\">\n                        <h2>Warum IDC aufmerksam wurde<\/h2>\n                <p data-start=\"800\" data-end=\"1145\">Der Bericht lobte NETGEARs Engagement f\u00fcr Benutzerfreundlichkeit und eine klare, einfache Designphilosophie. IDC bemerkte:<br data-start=\"922\" data-end=\"925\" \/><strong data-start=\"925\" data-end=\"1143\">\u201eNETGEAR richtet seine Gesch\u00e4ftsl\u00f6sungen auf Benutzerfreundlichkeit sowie auf einfache Gestaltung und Verwaltung aus, was ein leicht zu bedienendes Produktangebot f\u00fcr Organisationen mit schlanken IT-Teams schafft.\u201c<\/strong><\/p>\n<p data-start=\"1147\" data-end=\"1302\">Das ist seit jeher zentral f\u00fcr unsere Mission: leistungsstarke, zuverl\u00e4ssige L\u00f6sungen zu entwickeln, die keine gro\u00dfe IT-Abteilung zur Verwaltung ben\u00f6tigen.<\/p>\n<p data-start=\"1304\" data-end=\"1640\">IDC w\u00fcrdigte au\u00dferdem NETGEARs wachsendes Gesch\u00e4ftsportfolio und verwies auf unsere Investitionen in kabelgebundene und drahtlose LAN-Infrastrukturen sowie in Routing-L\u00f6sungen und Go-to-Market-Kan\u00e4le. Diese Ma\u00dfnahmen st\u00e4rken unsere Position im KMU-Segment und erm\u00f6glichen mehr Unternehmen den Zugang zu Leistungen auf Enterprise-Niveau.<\/p>\n<p data-start=\"1642\" data-end=\"1906\">Ein weiteres Highlight war NETGEARs Erfolg im professionellen AV-Bereich. IDC hob unsere starke Pr\u00e4senz in ProAV-Deployments hervor \u2013 insbesondere dank unserer <strong data-start=\"1802\" data-end=\"1821\">AVLine Switches<\/strong> und <strong data-start=\"1826\" data-end=\"1843\">WLAN-L\u00f6sungen<\/strong>, unterst\u00fctzt von einem Netzwerk aus \u00fcber 450 Branchenpartnern.<\/p>\n    <\/div>\n        <div id=\"topic4\" class=\"skip-item\">\n                        <h2>Leistung, Einfachheit und Mehrwert<\/h2>\n                <p data-start=\"1956\" data-end=\"2070\">Die Anerkennung durch IDC spiegelt genau das wider, was das Leistungsversprechen von NETGEAR Enterprise definiert.<\/p>\n<p data-start=\"2072\" data-end=\"2394\">Unsere Einstufung in die Kategorie der <em data-start=\"2111\" data-end=\"2123\">Contenders<\/em> best\u00e4tigt, dass KMU echte Enterprise-Performance ohne unn\u00f6tige Komplexit\u00e4t erreichen k\u00f6nnen. Mit branchenf\u00fchrenden MTBF-Werten (bis zu 79 Jahre) und der F\u00e4higkeit, bis zu 50 gleichzeitige Wi-Fi-Streams zu unterst\u00fctzen, sind NETGEAR-L\u00f6sungen auf H\u00f6chstleistung ausgelegt.<\/p>\n<p data-start=\"2396\" data-end=\"2674\">Gleichzeitig bleibt <strong data-start=\"2416\" data-end=\"2431\">Einfachheit<\/strong> das Herzst\u00fcck unserer Designphilosophie. Tools wie <strong data-start=\"2483\" data-end=\"2502\">NETGEAR Insight<\/strong>, unsere Cloud-Management-Plattform, bieten IT-Administratoren zentrale Transparenz und Kontrolle \u00fcber mehrere Standorte hinweg \u2013 ideal f\u00fcr Teams mit begrenzten Ressourcen.<\/p>\n<p data-start=\"2676\" data-end=\"3041\">Und weil wir glauben, dass Enterprise-Networking nicht mit Lizenzkosten auf Enterprise-Niveau einhergehen muss, bleiben unsere L\u00f6sungen <strong data-start=\"2812\" data-end=\"2847\">erschwinglich, ohne Kompromisse<\/strong>. IDC betonte unseren Fokus auf <strong data-start=\"2879\" data-end=\"2958\">\u201eunkomplizierte, leistungsstarke L\u00f6sungen mit vereinfachten Lizenzmodellen\u201c<\/strong>, was unsere Mission unterstreicht, transparente, wertorientierte Preise zu bieten.<\/p>\n    <\/div>\n        <div id=\"topic5\" class=\"skip-item\">\n                        <h2>Strategischer Aufwind<\/h2>\n                <p data-start=\"3078\" data-end=\"3404\">IDC w\u00fcrdigte auch unsere anhaltenden Investitionen in Innovation und Partnerschaften. Die \u00dcbernahme von <strong data-start=\"3182\" data-end=\"3199\">NETGEAR Exium<\/strong> im Juni 2025 \u2013 einem f\u00fchrenden Anbieter cloud-nativer, 5G-Core-basierter SASE-L\u00f6sungen \u2013 hat unsere F\u00e4higkeit gest\u00e4rkt, integrierte Sicherheits- und Netzwerkdienste f\u00fcr verteilte Belegschaften anzubieten.<\/p>\n<p data-start=\"3406\" data-end=\"3635\">In Kombination mit unserem wachsenden \u00d6kosystem aus Managed Service Providern, VARs und Vertriebspartnern erweitert NETGEAR seine Pr\u00e4senz in Branchen, die spezialisierte L\u00f6sungen ben\u00f6tigen, insbesondere im Bereich <strong data-start=\"3620\" data-end=\"3634\">AV-over-IP<\/strong>.<\/p>\n    <\/div>\n        <div id=\"topic6\" class=\"skip-item\">\n                        <h2>Blick nach vorn<\/h2>\n                <p data-start=\"3666\" data-end=\"4038\">Auch wenn IDC unsere laufenden Bem\u00fchungen anerkennt, uns von unserem Consumer-Erbe zu differenzieren, best\u00e4tigt der Bericht, dass unsere Strategie funktioniert. Mit Initiativen wie der <strong data-start=\"3851\" data-end=\"3870\">NETGEAR Academy<\/strong> und unseren <strong data-start=\"3883\" data-end=\"3932\">kostenlosen Pro AV- und Wi-Fi-Design-Services<\/strong> statten wir Partner und Kunden mit dem Wissen und den Werkzeugen aus, die sie f\u00fcr ihren Erfolg ben\u00f6tigen.<\/p>\n<p data-start=\"4040\" data-end=\"4298\">Diese Einstufung als <em data-start=\"4061\" data-end=\"4072\">Contender<\/em> ist nicht nur eine Auszeichnung \u2013 es ist ein <strong data-start=\"4118\" data-end=\"4130\">Momentum<\/strong>. Sie zeigt, wohin NETGEAR sich bewegt: tiefer in den Enterprise-Markt, st\u00e4rker in vertikalen Branchen und engagierter denn je darin, KMU beim Wachstum zu unterst\u00fctzen.<\/p>\n<p data-start=\"4300\" data-end=\"4522\"><strong data-start=\"4300\" data-end=\"4464\">NETGEAR bietet Enterprise-Performance mit der Einfachheit f\u00fcr KMU \u2013 damit Unternehmen sich auf ihr Wachstum konzentrieren k\u00f6nnen, nicht auf Netzwerkkomplexit\u00e4t.<\/strong><br data-start=\"4464\" data-end=\"4467\" \/>Erfahren Sie mehr \u00fcber die NETGEAR-Enterprise-L\u00f6sungen!<\/p>\n    <\/div>\n        <div id=\"topic7\" class=\"skip-item\">\n                        <h2>Mehr Informationen<\/h2>\n                <p><!-- IT NETGEAR BUSINESS-L\u00d6SUNGEN--><br \/>\nMehr \u00fcber unsere Business-Produkte erfahren<\/p>\n<div class=\"hs-cta-embed hs-cta-simple-placeholder hs-cta-embed-242892643058\" style=\"max-width: 100%;max-height: 100%;width: 290px;height: 50.390625px\" data-hubspot-wrapper-cta-id=\"242892643058\"><a href=\"https:\/\/cta-na2.hubspot.com\/web-interactives\/public\/v1\/track\/redirect?encryptedPayload=AVxigLKSM9WTTg7%2FAeRV5qugDCzPgQ8MwIY0MWnrXLIcw1araTPlipAsbwW69SXPDIx4zCiH7IZWeqt%2BemeJLODhF%2FDlADckUBODpWmfLAeC%2B10Ud4YKVbb7l5mPLqwZdwx6VwqQcDHRL6LCGiyEcIh1qQqL0T3sxlnvr0t4bAvKCKjkKFXgqcVzXA%3D%3D&amp;webInteractiveContentId=242892643058&amp;portalId=242128791\" target=\"_blank\" rel=\"noopener\"><br \/>\n<img decoding=\"async\" style=\"height: 100%;width: 100%;object-fit: fill\" src=\"https:\/\/hubspot-no-cache-na2-prod.s3.amazonaws.com\/cta\/default\/242128791\/interactive-242892643058.png\" alt=\"NETGEAR BUSINESS-L\u00d6SUNGEN\" \/><br \/>\n<\/a><\/div>\n<p><!-- IT ACADEMY --><br \/>\nAlles \u00fcber IP-Netzwerke lernen \u2013 in der NETGEAR ACADEMY<\/p>\n<div class=\"hs-cta-embed hs-cta-simple-placeholder hs-cta-embed-242204954356\" style=\"max-width: 100%;max-height: 100%;width: 260px;height: 50.390625px\" data-hubspot-wrapper-cta-id=\"242204954356\"><a href=\"https:\/\/cta-na2.hubspot.com\/web-interactives\/public\/v1\/track\/redirect?encryptedPayload=AVxigLLkH9zel89o4qb5Zt0HNH2fd%2FRPXNoIMgiMzse7LTSjZhAi9JGmYnyHR1fYgVtqiIdLJk0UNBiYKxNP%2B%2FkdsBG1bikxBOFgBdX7C8VIedE8pHvRDgz%2F5zbzhiRhRBSaQNkZPdEPlmtk1BrN3KAJybsrZkfDr26KvP5h8b3eKmfGBpfusntV9159BNLCOue6HmfkXhcXHdUr6kvupL%2BZSl13fw11hQ%3D%3D&amp;webInteractiveContentId=242204954356&amp;portalId=242128791\" target=\"_blank\" rel=\"noopener\"><br \/>\n<img decoding=\"async\" style=\"height: 100%;width: 100%;object-fit: fill\" src=\"https:\/\/hubspot-no-cache-na2-prod.s3.amazonaws.com\/cta\/default\/242128791\/interactive-242204954356.png\" alt=\"NETGEAR ACADEMY\" \/><br \/>\n<\/a><\/div>\n<p><!-- KONTAKT PRO-IT-TEAM --><br \/>\nUnsere Ingenieure unterst\u00fctzen Sie kostenlos bei Ihrem Projekt<\/p>\n<div class=\"hs-cta-embed hs-cta-simple-placeholder hs-cta-embed-245601739512\" style=\"max-width: 100%;max-height: 100%;width: 230px;height: 50.390625px\" data-hubspot-wrapper-cta-id=\"245601739512\"><a href=\"https:\/\/cta-na2.hubspot.com\/web-interactives\/public\/v1\/track\/redirect?encryptedPayload=AVxigLJr11uo8X2nE1LSD6Xjyr2Y4qHnMBiuTjepc%2Bu21JUc7ZZdAG7jEsrURlBKJ6f0gXIV8yzULoIPrEgSbXIfpubEaDTPtU2vi7JTsOLryr06L8dJPrqyt%2F2eKloPwOKZGDfL9zTAajC1ulDGRS7faQbDW8hv2qOUvg1kmKNy515wshiC%2FWSKAezkM0ul1Fbw9ZFaKkqGQny0qCHfNGg6IBozCtGRUg%3D%3D&amp;webInteractiveContentId=245601739512&amp;portalId=242128791\" target=\"_blank\" rel=\"noopener\"><br \/>\n<img decoding=\"async\" style=\"height: 100%;width: 100%;object-fit: fill\" src=\"https:\/\/hubspot-no-cache-na2-prod.s3.amazonaws.com\/cta\/default\/242128791\/interactive-245601739512.png\" alt=\"KONTAKT PRO-IT-TEAM\" \/><br \/>\n<\/a><\/div>\n<p style=\"margin-top: 50px\"><iframe loading=\"lazy\" src=\"https:\/\/405nrr.share-na2.hsforms.com\/25w_D-U5iS-e5KaSaP86jnQ\" width=\"100%\" height=\"1200px\"><\/iframe><\/p>\n    <\/div>\n    \n","protected":false},"excerpt":{"rendered":"","protected":false},"author":94,"featured_media":11080,"parent":6714,"menu_order":0,"comment_status":"closed","ping_status":"closed","template":"templates\/blog-wifi.php","meta":{"_acf_changed":false,"footnotes":""},"class_list":["post-11079","page","type-page","status-publish","has-post-thumbnail","hentry"],"acf":[],"yoast_head":"<!-- This site is optimized with the Yoast SEO plugin v27.4 - https:\/\/yoast.com\/product\/yoast-seo-wordpress\/ -->\n<title>NETGEAR als starker Mitbewerber im IDC-Bericht zum Enterprise-WLAN anerkannt - NETGEAR Hub<\/title>\n<meta name=\"description\" content=\"NETGEAR als starker Mitbewerber im IDC-Bericht zum Enterprise-WLAN anerkannt\" \/>\n<meta name=\"robots\" content=\"index, follow, max-snippet:-1, max-image-preview:large, max-video-preview:-1\" \/>\n<link rel=\"canonical\" href=\"https:\/\/dehub.netgear.com\/de\/hub\/business\/enterprise-it\/idc-marketscape-2025-2\/\" \/>\n<meta property=\"og:locale\" content=\"de_DE\" \/>\n<meta property=\"og:type\" content=\"article\" \/>\n<meta property=\"og:title\" content=\"NETGEAR als starker Mitbewerber im IDC-Bericht zum Enterprise-WLAN anerkannt - NETGEAR Hub\" \/>\n<meta property=\"og:description\" content=\"NETGEAR als starker Mitbewerber im IDC-Bericht zum Enterprise-WLAN anerkannt\" \/>\n<meta property=\"og:url\" content=\"https:\/\/dehub.netgear.com\/de\/hub\/business\/enterprise-it\/idc-marketscape-2025-2\/\" \/>\n<meta property=\"og:site_name\" content=\"NETGEAR Hub\" \/>\n<meta property=\"article:publisher\" content=\"https:\/\/www.facebook.com\/NetgearAU\/\" \/>\n<meta property=\"article:modified_time\" content=\"2025-12-01T10:29:17+00:00\" \/>\n<meta property=\"og:image\" content=\"https:\/\/dehub.netgear.com\/de\/hub\/wp-content\/uploads\/2025\/11\/GettyConntected-Earth-383x288-1.jpg\" \/>\n\t<meta property=\"og:image:width\" content=\"383\" \/>\n\t<meta property=\"og:image:height\" content=\"288\" \/>\n\t<meta property=\"og:image:type\" content=\"image\/jpeg\" \/>\n<meta name=\"twitter:card\" content=\"summary_large_image\" \/>\n<meta name=\"twitter:site\" content=\"@NETGEAR\" \/>\n<script type=\"application\/ld+json\" class=\"yoast-schema-graph\">{\"@context\":\"https:\\\/\\\/schema.org\",\"@graph\":[{\"@type\":\"WebPage\",\"@id\":\"https:\\\/\\\/dehub.netgear.com\\\/de\\\/hub\\\/business\\\/enterprise-it\\\/idc-marketscape-2025-2\\\/\",\"url\":\"https:\\\/\\\/dehub.netgear.com\\\/de\\\/hub\\\/business\\\/enterprise-it\\\/idc-marketscape-2025-2\\\/\",\"name\":\"NETGEAR als starker Mitbewerber im IDC-Bericht zum Enterprise-WLAN anerkannt - NETGEAR Hub\",\"isPartOf\":{\"@id\":\"https:\\\/\\\/dehub.netgear.com\\\/de\\\/hub\\\/#website\"},\"primaryImageOfPage\":{\"@id\":\"https:\\\/\\\/dehub.netgear.com\\\/de\\\/hub\\\/business\\\/enterprise-it\\\/idc-marketscape-2025-2\\\/#primaryimage\"},\"image\":{\"@id\":\"https:\\\/\\\/dehub.netgear.com\\\/de\\\/hub\\\/business\\\/enterprise-it\\\/idc-marketscape-2025-2\\\/#primaryimage\"},\"thumbnailUrl\":\"https:\\\/\\\/dehub.netgear.com\\\/de\\\/hub\\\/wp-content\\\/uploads\\\/2025\\\/11\\\/GettyConntected-Earth-383x288-1.jpg\",\"datePublished\":\"2025-11-28T08:54:27+00:00\",\"dateModified\":\"2025-12-01T10:29:17+00:00\",\"description\":\"NETGEAR als starker Mitbewerber im IDC-Bericht zum Enterprise-WLAN anerkannt\",\"breadcrumb\":{\"@id\":\"https:\\\/\\\/dehub.netgear.com\\\/de\\\/hub\\\/business\\\/enterprise-it\\\/idc-marketscape-2025-2\\\/#breadcrumb\"},\"inLanguage\":\"de\",\"potentialAction\":[{\"@type\":\"ReadAction\",\"target\":[\"https:\\\/\\\/dehub.netgear.com\\\/de\\\/hub\\\/business\\\/enterprise-it\\\/idc-marketscape-2025-2\\\/\"]}]},{\"@type\":\"ImageObject\",\"inLanguage\":\"de\",\"@id\":\"https:\\\/\\\/dehub.netgear.com\\\/de\\\/hub\\\/business\\\/enterprise-it\\\/idc-marketscape-2025-2\\\/#primaryimage\",\"url\":\"https:\\\/\\\/dehub.netgear.com\\\/de\\\/hub\\\/wp-content\\\/uploads\\\/2025\\\/11\\\/GettyConntected-Earth-383x288-1.jpg\",\"contentUrl\":\"https:\\\/\\\/dehub.netgear.com\\\/de\\\/hub\\\/wp-content\\\/uploads\\\/2025\\\/11\\\/GettyConntected-Earth-383x288-1.jpg\",\"width\":383,\"height\":288},{\"@type\":\"BreadcrumbList\",\"@id\":\"https:\\\/\\\/dehub.netgear.com\\\/de\\\/hub\\\/business\\\/enterprise-it\\\/idc-marketscape-2025-2\\\/#breadcrumb\",\"itemListElement\":[{\"@type\":\"ListItem\",\"position\":1,\"name\":\"Home\",\"item\":\"https:\\\/\\\/dehub.netgear.com\\\/de\\\/hub\\\/\"},{\"@type\":\"ListItem\",\"position\":2,\"name\":\"Business Articles Hub\",\"item\":\"https:\\\/\\\/dehub.netgear.com\\\/de\\\/hub\\\/business\\\/\"},{\"@type\":\"ListItem\",\"position\":3,\"name\":\"Business Networking Articles Hub\",\"item\":\"https:\\\/\\\/dehub.netgear.com\\\/de\\\/hub\\\/business\\\/enterprise-it\\\/\"},{\"@type\":\"ListItem\",\"position\":4,\"name\":\"NETGEAR als starker Mitbewerber im IDC-Bericht zum Enterprise-WLAN anerkannt\"}]},{\"@type\":\"WebSite\",\"@id\":\"https:\\\/\\\/dehub.netgear.com\\\/de\\\/hub\\\/#website\",\"url\":\"https:\\\/\\\/dehub.netgear.com\\\/de\\\/hub\\\/\",\"name\":\"NETGEAR\",\"description\":\"Erkunden Sie unsere Hub-Seiten und st\u00f6bern Sie in Artikeln, um mehr \u00fcber NETGEAR Produkte und Technologien zu erfahren.\",\"publisher\":{\"@id\":\"https:\\\/\\\/dehub.netgear.com\\\/de\\\/hub\\\/#organization\"},\"potentialAction\":[{\"@type\":\"SearchAction\",\"target\":{\"@type\":\"EntryPoint\",\"urlTemplate\":\"https:\\\/\\\/dehub.netgear.com\\\/de\\\/hub\\\/?s={search_term_string}\"},\"query-input\":{\"@type\":\"PropertyValueSpecification\",\"valueRequired\":true,\"valueName\":\"search_term_string\"}}],\"inLanguage\":\"de\"},{\"@type\":\"Organization\",\"@id\":\"https:\\\/\\\/dehub.netgear.com\\\/de\\\/hub\\\/#organization\",\"name\":\"NETGEAR\",\"url\":\"https:\\\/\\\/dehub.netgear.com\\\/de\\\/hub\\\/\",\"logo\":{\"@type\":\"ImageObject\",\"inLanguage\":\"de\",\"@id\":\"https:\\\/\\\/dehub.netgear.com\\\/de\\\/hub\\\/#\\\/schema\\\/logo\\\/image\\\/\",\"url\":\"https:\\\/\\\/www.dehub.netgear.com\\\/de\\\/hub\\\/wp-content\\\/uploads\\\/2019\\\/07\\\/NETGEAR_logo.jpg\",\"contentUrl\":\"https:\\\/\\\/www.dehub.netgear.com\\\/de\\\/hub\\\/wp-content\\\/uploads\\\/2019\\\/07\\\/NETGEAR_logo.jpg\",\"width\":1500,\"height\":501,\"caption\":\"NETGEAR\"},\"image\":{\"@id\":\"https:\\\/\\\/dehub.netgear.com\\\/de\\\/hub\\\/#\\\/schema\\\/logo\\\/image\\\/\"},\"sameAs\":[\"https:\\\/\\\/www.facebook.com\\\/NetgearAU\\\/\",\"https:\\\/\\\/x.com\\\/NETGEAR\",\"https:\\\/\\\/www.linkedin.com\\\/company\\\/netgear\"]}]}<\/script>\n<!-- \/ Yoast SEO plugin. -->","yoast_head_json":{"title":"NETGEAR als starker Mitbewerber im IDC-Bericht zum Enterprise-WLAN anerkannt - NETGEAR Hub","description":"NETGEAR als starker Mitbewerber im IDC-Bericht zum Enterprise-WLAN anerkannt","robots":{"index":"index","follow":"follow","max-snippet":"max-snippet:-1","max-image-preview":"max-image-preview:large","max-video-preview":"max-video-preview:-1"},"canonical":"https:\/\/dehub.netgear.com\/de\/hub\/business\/enterprise-it\/idc-marketscape-2025-2\/","og_locale":"de_DE","og_type":"article","og_title":"NETGEAR als starker Mitbewerber im IDC-Bericht zum Enterprise-WLAN anerkannt - NETGEAR Hub","og_description":"NETGEAR als starker Mitbewerber im IDC-Bericht zum Enterprise-WLAN anerkannt","og_url":"https:\/\/dehub.netgear.com\/de\/hub\/business\/enterprise-it\/idc-marketscape-2025-2\/","og_site_name":"NETGEAR Hub","article_publisher":"https:\/\/www.facebook.com\/NetgearAU\/","article_modified_time":"2025-12-01T10:29:17+00:00","og_image":[{"width":383,"height":288,"url":"https:\/\/dehub.netgear.com\/de\/hub\/wp-content\/uploads\/2025\/11\/GettyConntected-Earth-383x288-1.jpg","type":"image\/jpeg"}],"twitter_card":"summary_large_image","twitter_site":"@NETGEAR","schema":{"@context":"https:\/\/schema.org","@graph":[{"@type":"WebPage","@id":"https:\/\/dehub.netgear.com\/de\/hub\/business\/enterprise-it\/idc-marketscape-2025-2\/","url":"https:\/\/dehub.netgear.com\/de\/hub\/business\/enterprise-it\/idc-marketscape-2025-2\/","name":"NETGEAR als starker Mitbewerber im IDC-Bericht zum Enterprise-WLAN anerkannt - NETGEAR Hub","isPartOf":{"@id":"https:\/\/dehub.netgear.com\/de\/hub\/#website"},"primaryImageOfPage":{"@id":"https:\/\/dehub.netgear.com\/de\/hub\/business\/enterprise-it\/idc-marketscape-2025-2\/#primaryimage"},"image":{"@id":"https:\/\/dehub.netgear.com\/de\/hub\/business\/enterprise-it\/idc-marketscape-2025-2\/#primaryimage"},"thumbnailUrl":"https:\/\/dehub.netgear.com\/de\/hub\/wp-content\/uploads\/2025\/11\/GettyConntected-Earth-383x288-1.jpg","datePublished":"2025-11-28T08:54:27+00:00","dateModified":"2025-12-01T10:29:17+00:00","description":"NETGEAR als starker Mitbewerber im IDC-Bericht zum Enterprise-WLAN anerkannt","breadcrumb":{"@id":"https:\/\/dehub.netgear.com\/de\/hub\/business\/enterprise-it\/idc-marketscape-2025-2\/#breadcrumb"},"inLanguage":"de","potentialAction":[{"@type":"ReadAction","target":["https:\/\/dehub.netgear.com\/de\/hub\/business\/enterprise-it\/idc-marketscape-2025-2\/"]}]},{"@type":"ImageObject","inLanguage":"de","@id":"https:\/\/dehub.netgear.com\/de\/hub\/business\/enterprise-it\/idc-marketscape-2025-2\/#primaryimage","url":"https:\/\/dehub.netgear.com\/de\/hub\/wp-content\/uploads\/2025\/11\/GettyConntected-Earth-383x288-1.jpg","contentUrl":"https:\/\/dehub.netgear.com\/de\/hub\/wp-content\/uploads\/2025\/11\/GettyConntected-Earth-383x288-1.jpg","width":383,"height":288},{"@type":"BreadcrumbList","@id":"https:\/\/dehub.netgear.com\/de\/hub\/business\/enterprise-it\/idc-marketscape-2025-2\/#breadcrumb","itemListElement":[{"@type":"ListItem","position":1,"name":"Home","item":"https:\/\/dehub.netgear.com\/de\/hub\/"},{"@type":"ListItem","position":2,"name":"Business Articles Hub","item":"https:\/\/dehub.netgear.com\/de\/hub\/business\/"},{"@type":"ListItem","position":3,"name":"Business Networking Articles Hub","item":"https:\/\/dehub.netgear.com\/de\/hub\/business\/enterprise-it\/"},{"@type":"ListItem","position":4,"name":"NETGEAR als starker Mitbewerber im IDC-Bericht zum Enterprise-WLAN anerkannt"}]},{"@type":"WebSite","@id":"https:\/\/dehub.netgear.com\/de\/hub\/#website","url":"https:\/\/dehub.netgear.com\/de\/hub\/","name":"NETGEAR","description":"Erkunden Sie unsere Hub-Seiten und st\u00f6bern Sie in Artikeln, um mehr \u00fcber NETGEAR Produkte und Technologien zu erfahren.","publisher":{"@id":"https:\/\/dehub.netgear.com\/de\/hub\/#organization"},"potentialAction":[{"@type":"SearchAction","target":{"@type":"EntryPoint","urlTemplate":"https:\/\/dehub.netgear.com\/de\/hub\/?s={search_term_string}"},"query-input":{"@type":"PropertyValueSpecification","valueRequired":true,"valueName":"search_term_string"}}],"inLanguage":"de"},{"@type":"Organization","@id":"https:\/\/dehub.netgear.com\/de\/hub\/#organization","name":"NETGEAR","url":"https:\/\/dehub.netgear.com\/de\/hub\/","logo":{"@type":"ImageObject","inLanguage":"de","@id":"https:\/\/dehub.netgear.com\/de\/hub\/#\/schema\/logo\/image\/","url":"https:\/\/www.dehub.netgear.com\/de\/hub\/wp-content\/uploads\/2019\/07\/NETGEAR_logo.jpg","contentUrl":"https:\/\/www.dehub.netgear.com\/de\/hub\/wp-content\/uploads\/2019\/07\/NETGEAR_logo.jpg","width":1500,"height":501,"caption":"NETGEAR"},"image":{"@id":"https:\/\/dehub.netgear.com\/de\/hub\/#\/schema\/logo\/image\/"},"sameAs":["https:\/\/www.facebook.com\/NetgearAU\/","https:\/\/x.com\/NETGEAR","https:\/\/www.linkedin.com\/company\/netgear"]}]}},"_links":{"self":[{"href":"https:\/\/dehub.netgear.com\/de\/hub\/wp-json\/wp\/v2\/pages\/11079","targetHints":{"allow":["GET"]}}],"collection":[{"href":"https:\/\/dehub.netgear.com\/de\/hub\/wp-json\/wp\/v2\/pages"}],"about":[{"href":"https:\/\/dehub.netgear.com\/de\/hub\/wp-json\/wp\/v2\/types\/page"}],"author":[{"embeddable":true,"href":"https:\/\/dehub.netgear.com\/de\/hub\/wp-json\/wp\/v2\/users\/94"}],"replies":[{"embeddable":true,"href":"https:\/\/dehub.netgear.com\/de\/hub\/wp-json\/wp\/v2\/comments?post=11079"}],"version-history":[{"count":1,"href":"https:\/\/dehub.netgear.com\/de\/hub\/wp-json\/wp\/v2\/pages\/11079\/revisions"}],"predecessor-version":[{"id":11081,"href":"https:\/\/dehub.netgear.com\/de\/hub\/wp-json\/wp\/v2\/pages\/11079\/revisions\/11081"}],"up":[{"embeddable":true,"href":"https:\/\/dehub.netgear.com\/de\/hub\/wp-json\/wp\/v2\/pages\/6714"}],"wp:featuredmedia":[{"embeddable":true,"href":"https:\/\/dehub.netgear.com\/de\/hub\/wp-json\/wp\/v2\/media\/11080"}],"wp:attachment":[{"href":"https:\/\/dehub.netgear.com\/de\/hub\/wp-json\/wp\/v2\/media?parent=11079"}],"curies":[{"name":"wp","href":"https:\/\/api.w.org\/{rel}","templated":true}]}}