{"id":11076,"date":"2025-11-21T09:29:09","date_gmt":"2025-11-28T08:29:54","guid":{"rendered":"https:\/\/dehub.netgear.com\/de\/hub\/?page_id=11076"},"modified":"2025-11-28T17:14:11","modified_gmt":"2025-11-28T16:14:11","slug":"netgear-thinlabs-poe-innovation","status":"publish","type":"page","link":"https:\/\/dehub.netgear.com\/de\/hub\/business\/av\/netgear-thinlabs-poe-innovation\/","title":{"rendered":"Thinlabs und NETGEAR: Die Zukunft des Enterprise-Computing durch PoE-Innovation vorantreiben"},"content":{"rendered":"<p><img loading=\"lazy\" decoding=\"async\" class=\"alignone size-full wp-image-10681\" style=\"border-radius: 1em;\" src=\"https:\/\/www.netgear.com\/hub\/wp-content\/uploads\/2025\/11\/DSC07922-scaled.jpg\" alt=\"\" width=\"1048\" height=\"511\" \/><\/p>\n    <div class=\"table-of-content bg-gray\">\n        <p><strong>IN THIS ARTICLE<\/strong><\/p>\n        <ul>\n                        <li><a href=\"#topic1\">AV Evolved: Partnerschaften der n\u00e4chsten Generation f\u00fcr AV der n\u00e4chsten Generation<\/a><\/li>\n                        <li><a href=\"#topic2\">Smart Buildings: Der Computer, der alles antreibt<\/a><\/li>\n                        <li><a href=\"#topic3\">Digital Signage leicht gemacht<\/a><\/li>\n                        <li><a href=\"#topic4\">End-User Computing neu gedacht<\/a><\/li>\n                        <li><a href=\"#topic5\">Die perfekte Infrastrukturkombination<\/a><\/li>\n                        <li><a href=\"#topic6\">Mehr Informationen<\/a><\/li>\n                    <\/ul>\n    <\/div>\n        <div id=\"topic1\" class=\"skip-item\">\n                        <h2>AV Evolved: Partnerschaften der n\u00e4chsten Generation f\u00fcr AV der n\u00e4chsten Generation<\/h2>\n                <p data-start=\"145\" data-end=\"581\">Nat\u00fcrlich werden Computer immer schneller und eleganter. Doch die wahre Innovation liegt in grundlegender Effizienz. Das ist die treibende Philosophie hinter unserem Partner Thinlabs, einem wegweisenden Technologieunternehmen, das revolutioniert, wie wir im heutigen vernetzten Umfeld \u00fcber die Stromversorgung und den Einsatz von Computern denken.<\/p>\n<p data-start=\"583\" data-end=\"980\">Thinlabs wurde 1998 gegr\u00fcndet und hat seinen Hauptsitz in Langhorne, Pennsylvania. Das Unternehmen ist zum f\u00fchrenden unabh\u00e4ngigen Hersteller von Power-over-Ethernet-(PoE)-Computern und Digital-Signage-L\u00f6sungen der n\u00e4chsten Generation geworden. Ihre patentierte Technologie kann ein komplettes Computersystem \u2014 einschlie\u00dflich bis zu vier Monitoren \u2014 \u00fcber eine einzige 90-W-PoE-Verbindung betreiben.<\/p>\n<p data-start=\"982\" data-end=\"1387\">Diese bahnbrechende Technologie brachte Thinlabs k\u00fcrzlich das US-Patent US 12,360,775 B2 f\u00fcr ihr \u201ePower management system and method for operating multiple high-powered components of a computer using a single power-over-ethernet cable connection\u201c ein. Doch hinter diesem technischen Meilenstein steckt eine praktische Revolution, die perfekt auf NETGEARs PoE-f\u00e4hige Switching-Infrastruktur abgestimmt ist.<\/p>\n    <\/div>\n        <div id=\"topic2\" class=\"skip-item\">\n                        <h2>Smart Buildings: Der Computer, der alles antreibt<\/h2>\n                <p data-start=\"1452\" data-end=\"1780\">Thinlabs positioniert seine Ger\u00e4te als den \u201eSmart Building Computer\u201c \u2014 und das aus gutem Grund. Diese vielseitigen Systeme integrieren sich nahtlos in verschiedene Umweltsensoren und versorgen sie gleichzeitig mit Energie, wodurch intelligente Steuerungsnetzwerke entstehen, die die Energieeffizienz moderner Geb\u00e4ude optimieren.<\/p>\n<p data-start=\"1782\" data-end=\"2409\">Ob als Edge-Ger\u00e4te f\u00fcr Building Management Systems (BMS), zum Sammeln von Daten aus verschiedenen Geb\u00e4udesystemen oder f\u00fcr lokale Rechenleistung \u2014 die Thinlabs-Computer beseitigen die Komplexit\u00e4t traditioneller Installationen. Besonders beeindruckend sind ihre Anwendungen im Bereich Zugangskontrolle und Sicherheit. Stellen Sie sich vor, Video\u00fcberwachung, Gegensprechanlagen und Zugangskontrollsysteme \u00fcber eine einzige, elegante L\u00f6sung zu betreiben, die NETGEARs intelligente PoE-Switches mit deren fortschrittlichem Power-Management, pr\u00e4zisem Port-basiertem Leistungsbudget und Zuverl\u00e4ssigkeit in Unternehmensqualit\u00e4t nutzt.<\/p>\n    <\/div>\n        <div id=\"topic3\" class=\"skip-item\">\n                        <h2>Digital Signage leicht gemacht<\/h2>\n                <p data-start=\"2455\" data-end=\"2807\">Der herk\u00f6mmliche Einsatz von Digital Signage kann ein Albtraum aus Steckdosen, Kabelwegen und Installationsaufwand sein. Thinlabs \u00e4ndert diese Gleichung grundlegend. Ihre PoE-betriebenen Displays und Kioske k\u00f6nnen \u00fcberall dort installiert werden, wo das NETGEAR-Netzwerk reicht \u2014 ohne sichtbare Stromkabel und ohne die Kosten f\u00fcr Elektroinstallationen.<\/p>\n<p data-start=\"2809\" data-end=\"3217\">F\u00fcr interaktive Kioske wie Wegf\u00fchrung, Selbstbedienungsbestellungen oder Informationsstationen sind die Installationsvorteile transformativ. Ein einziges Ethernet-Kabel liefert sowohl die Stromversorgung als auch die Hochgeschwindigkeits-Datenverbindung f\u00fcr eine reaktionsschnelle, hochwertige Benutzererfahrung. Dies reduziert Installationszeit, Arbeitskosten und langfristige Wartungskomplexit\u00e4t erheblich.<\/p>\n<p data-start=\"2809\" data-end=\"3217\"><img decoding=\"async\" src=\"https:\/\/www.netgear.com\/hub\/wp-content\/uploads\/2025\/11\/DSC07943-scaled.jpg\" alt=\"\" \/><\/p>\n    <\/div>\n        <div id=\"topic4\" class=\"skip-item\">\n                        <h2>End-User Computing neu gedacht<\/h2>\n                <p data-start=\"3263\" data-end=\"3593\">Nirgends wird der Vorteil von Thinlabs deutlicher als in Desktop-as-a-Service-(DaaS)- und End-User-Computing-Umgebungen. Ihre PoE-Computer erm\u00f6glichen es Unternehmen, Arbeitspl\u00e4tze schnell mit minimaler Verkabelung bereitzustellen und umzustrukturieren \u2014 ideal f\u00fcr Hotdesking, B\u00fcroverlagerungen, Erweiterungen oder Umgestaltungen.<\/p>\n<p data-start=\"3595\" data-end=\"3942\">Die Zahlen sprechen f\u00fcr sich: Thinlabs-L\u00f6sungen verbrauchen bis zu 85 % weniger Strom als herk\u00f6mmliche PCs und senken die energierelevanten Computerkosten um bis zu 90 %. F\u00fcr Organisationen, die Hunderte oder Tausende Arbeitspl\u00e4tze betreiben, ergeben sich daraus erhebliche betriebliche Vorteile \u2014 und zugleich ein Beitrag zu Green-IT-Initiativen.<\/p>\n<p data-start=\"3944\" data-end=\"4232\">Auch die Sicherheitsvorteile sind beeindruckend. Die zentralisierte Verwaltung von DaaS-Umgebungen in Kombination mit den inh\u00e4renten Sicherheitsvorteilen von Thin Clients schafft eine robustere und leichter zu verwaltende IT-Infrastruktur, die IT-Teams gerne implementieren und betreiben.<\/p>\n<p data-start=\"4234\" data-end=\"4489\">Mit \u00fcber 60.000 weltweit installierten PoE-Computern bietet Thinlabs eine nachweislich bew\u00e4hrte L\u00f6sung. Ihr beeindruckender MTBF-Wert (Mean Time Before Failure) von rund 1.400.000 Stunden unterstreicht die Zuverl\u00e4ssigkeit, die Unternehmenskunden erwarten.<\/p>\n<p data-start=\"4491\" data-end=\"4729\">Thinlabs bedient eine breite Palette von Branchen, darunter Gesundheitswesen, Bildung, Finanzdienstleistungen, Fertigung, Einzelhandel und Gastgewerbe \u2014 und arbeitet mit f\u00fchrenden Partnern wie Cisco, Microsoft, VMware und Citrix zusammen.<\/p>\n    <\/div>\n        <div id=\"topic5\" class=\"skip-item\">\n                        <h2>Die perfekte Infrastrukturkombination<\/h2>\n                <p data-start=\"4782\" data-end=\"5141\">NETGEARs umfassendes PoE-Switching-Portfolio bietet die ideale Grundlage f\u00fcr die Innovationen von Thinlabs. Von unseren Managed Switches mit pr\u00e4ziser Leistungsbudgetierung bis hin zu unseren fortschrittlichen PoE++-Funktionen, die 90-W-Ger\u00e4te unterst\u00fctzen \u2014 die NETGEAR-Infrastruktur erm\u00f6glicht es der Thinlabs-Technologie, ihr volles Potenzial auszusch\u00f6pfen.<\/p>\n<p data-start=\"5143\" data-end=\"5397\">Unsere Switches \u00fcbernehmen das intelligente Power-Management, das PoE-Deployments mit mehreren Bildschirmen erm\u00f6glicht, w\u00e4hrend unsere Netzwerkmanagement-Tools die notwendige Transparenz und Kontrolle f\u00fcr Implementierungen im Unternehmensma\u00dfstab liefern.<\/p>\n<p data-start=\"5399\" data-end=\"5693\">Die Partnerschaft zwischen NETGEAR und Thinlabs steht f\u00fcr eine vereinfachte, effiziente und nachhaltige IT-Infrastruktur. Da Unternehmen weiterhin eine h\u00f6here Energieeffizienz, geringere Komplexit\u00e4t und mehr Flexibilit\u00e4t verlangen, bietet diese Kombination einen klaren gesch\u00e4ftlichen Mehrwert.<\/p>\n<p data-start=\"5695\" data-end=\"5997\">Ganz gleich, ob Sie eine Smart-Building-Umsetzung planen, ein Digital-Signage-Netzwerk entwerfen oder eine moderne End-User-Computing-Umgebung aufbauen \u2014 die Kombination NETGEAR\u2013Thinlabs bietet einen \u00fcberzeugenden Weg nach vorn: geringere Kosten, vereinfachte Bereitstellung und h\u00f6here Zuverl\u00e4ssigkeit.<\/p>\n    <\/div>\n        <div id=\"topic6\" class=\"skip-item\">\n                        <h2>Mehr Informationen<\/h2>\n                <p>\n<!-- IT NETGEAR BUSINESS-L\u00d6SUNGEN--><br \/>\nMehr \u00fcber unsere Business-Produkte erfahren<\/p>\n<div class=\"hs-cta-embed hs-cta-simple-placeholder hs-cta-embed-243392275167\" style=\"max-width:100%;max-height:100%;width:260px;height:50.390625px\" data-hubspot-wrapper-cta-id=\"243392275167\"><br \/>\n  <a href=\"https:\/\/cta-na2.hubspot.com\/web-interactives\/public\/v1\/track\/redirect?encryptedPayload=AVxigLI%2Fu8J7nFnep8w0CfLqqlWixXySh0cANLn7TQ3MtLEGeFdfhQxw3AVxVzYlZOkZoVB4gdslqY4il1pZTz7RSKy0mNw%2BF1Y6bdIwWiFAFfgtF%2FkXW%2Fmq0JFY6OQExFSwjiafSp97IxwGv6iNNhiT9X6MQziOnjaAnh9UsXCYR2VD1S791%2F7MVwT1TQ%3D%3D&#038;webInteractiveContentId=243392275167&#038;portalId=242128791\" target=\"_blank\" rel=\"noopener\"><br \/>\n    <img decoding=\"async\" alt=\"NETGEAR AV-L&Ouml;SUNGEN\" loading=\"lazy\" src=\"https:\/\/hubspot-no-cache-na2-prod.s3.amazonaws.com\/cta\/default\/242128791\/interactive-243392275167.png\" style=\"height: 100%;width: 100%;object-fit: fill\" \/><br \/>\n  <\/a>\n<\/div>\n<\/p>\n<p>\n<!-- IT ACADEMY --><br \/>\nAlles \u00fcber IP-Netzwerke lernen \u2013 in der NETGEAR ACADEMY<\/p>\n<div class=\"hs-cta-embed hs-cta-simple-placeholder hs-cta-embed-243357267644\" style=\"max-width:100%;max-height:100%;width:260px;height:50.390625px\" data-hubspot-wrapper-cta-id=\"243357267644\"><br \/>\n  <a href=\"https:\/\/cta-na2.hubspot.com\/web-interactives\/public\/v1\/track\/redirect?encryptedPayload=AVxigLKW9uCCU9FL7iPOCpU%2BvA8Z1UfLRQT8691iSSqh%2BqLrpD%2FITlt6RGXTdhci0W5DkR0wb%2FpK%2BWToDj8Qf0HaQwR0kyzZgK35i%2BhitHvCmHPH8BmXutiugzeYtEHOY6aYTSXoNxDjJJwwtUXAzSqnxQuhx5jjnWcHl4zUp4Dt1tTG2PymP7esgNCNHKHECJ76tda5x0hFMo8JQo6UwGGb9CBw4fyYnA%3D%3D&#038;webInteractiveContentId=243357267644&#038;portalId=242128791\" target=\"_blank\" rel=\"noopener\"><br \/>\n    <img decoding=\"async\" alt=\"NETGEAR ACADEMY\" loading=\"lazy\" src=\"https:\/\/hubspot-no-cache-na2-prod.s3.amazonaws.com\/cta\/default\/242128791\/interactive-243357267644.png\" style=\"height: 100%;width: 100%;object-fit: fill\" \/><br \/>\n  <\/a>\n<\/div>\n<\/p>\n<p>\n<!-- KONTAKT PRO-IT-TEAM --><br \/>\nUnsere Ingenieure unterst\u00fctzen Sie kostenlos bei Ihrem Projekt<\/p>\n<div class=\"hs-cta-embed hs-cta-simple-placeholder hs-cta-embed-243357266676\" style=\"max-width:100%;max-height:100%;width:270px;height:50.390625px\" data-hubspot-wrapper-cta-id=\"243357266676\"><br \/>\n  <a href=\"https:\/\/cta-na2.hubspot.com\/web-interactives\/public\/v1\/track\/redirect?encryptedPayload=AVxigLL9MaHliYSOIHWsJvXrVuyffxSFGu%2FOD4neANfzotKQLgtjDgnA0CFJQWLPGl5hkjLPFJf7A76nk1yWw939l8y7nc4NGJ1%2Fa58epF2QbqIhW7KyV%2Fr75%2B8GCI%2FfEXyeGuic8buAEe%2F8pDQ63tT6ExQvwvvuG%2BeK5mOqM%2FlNsZUaeR4q5pghXZB3yAUIu7WWwKynlh9Y3Ug9ymAN6sNjHEzXMCgwSYmLqMh7eixTsrgTswO85eLb8rCODQ%3D%3D&#038;webInteractiveContentId=243357266676&#038;portalId=242128791\" target=\"_blank\" rel=\"noopener\"><br \/>\n    <img decoding=\"async\" alt=\"KONTAKT PROAV-TEAM\" loading=\"lazy\" src=\"https:\/\/hubspot-no-cache-na2-prod.s3.amazonaws.com\/cta\/default\/242128791\/interactive-243357266676.png\" style=\"height: 100%;width: 100%;object-fit: fill\" \/><br \/>\n  <\/a>\n<\/div>\n<\/p>\n<p style=\"margin-top:50px\"><iframe loading=\"lazy\" src=\"https:\/\/405nrr.share-na2.hsforms.com\/25w_D-U5iS-e5KaSaP86jnQ\" width=\"100%\" height=\"1200px\"><\/iframe><\/p>\n    <\/div>\n    \n","protected":false},"excerpt":{"rendered":"","protected":false},"author":94,"featured_media":11077,"parent":6754,"menu_order":0,"comment_status":"closed","ping_status":"closed","template":"templates\/blog-wifi.php","meta":{"_acf_changed":false,"footnotes":""},"class_list":["post-11076","page","type-page","status-publish","has-post-thumbnail","hentry"],"acf":[],"yoast_head":"<!-- This site is optimized with the Yoast SEO plugin v27.4 - https:\/\/yoast.com\/product\/yoast-seo-wordpress\/ -->\n<title>Thinlabs und NETGEAR: Die Zukunft des Enterprise-Computing durch PoE-Innovation vorantreiben - NETGEAR Hub<\/title>\n<meta name=\"description\" content=\"Thinlabs und NETGEAR: Die Zukunft des Enterprise-Computing durch PoE-Innovation vorantreiben\" \/>\n<meta name=\"robots\" content=\"index, follow, max-snippet:-1, max-image-preview:large, max-video-preview:-1\" \/>\n<link rel=\"canonical\" href=\"https:\/\/dehub.netgear.com\/de\/hub\/business\/av\/netgear-thinlabs-poe-innovation\/\" \/>\n<meta property=\"og:locale\" content=\"de_DE\" \/>\n<meta property=\"og:type\" content=\"article\" \/>\n<meta property=\"og:title\" content=\"Thinlabs und NETGEAR: Die Zukunft des Enterprise-Computing durch PoE-Innovation vorantreiben - NETGEAR Hub\" \/>\n<meta property=\"og:description\" content=\"Thinlabs und NETGEAR: Die Zukunft des Enterprise-Computing durch PoE-Innovation vorantreiben\" \/>\n<meta property=\"og:url\" content=\"https:\/\/dehub.netgear.com\/de\/hub\/business\/av\/netgear-thinlabs-poe-innovation\/\" \/>\n<meta property=\"og:site_name\" content=\"NETGEAR Hub\" \/>\n<meta property=\"article:publisher\" content=\"https:\/\/www.facebook.com\/NetgearAU\/\" \/>\n<meta property=\"article:modified_time\" content=\"2025-11-28T16:14:11+00:00\" \/>\n<meta property=\"og:image\" content=\"https:\/\/dehub.netgear.com\/de\/hub\/wp-content\/uploads\/2025\/11\/DSC07922-383x288-1.jpg\" \/>\n\t<meta property=\"og:image:width\" content=\"383\" \/>\n\t<meta property=\"og:image:height\" content=\"288\" \/>\n\t<meta property=\"og:image:type\" content=\"image\/jpeg\" \/>\n<meta name=\"twitter:card\" content=\"summary_large_image\" \/>\n<meta name=\"twitter:site\" content=\"@NETGEAR\" \/>\n<script type=\"application\/ld+json\" class=\"yoast-schema-graph\">{\"@context\":\"https:\\\/\\\/schema.org\",\"@graph\":[{\"@type\":\"WebPage\",\"@id\":\"https:\\\/\\\/dehub.netgear.com\\\/de\\\/hub\\\/business\\\/av\\\/netgear-thinlabs-poe-innovation\\\/\",\"url\":\"https:\\\/\\\/dehub.netgear.com\\\/de\\\/hub\\\/business\\\/av\\\/netgear-thinlabs-poe-innovation\\\/\",\"name\":\"Thinlabs und NETGEAR: Die Zukunft des Enterprise-Computing durch PoE-Innovation vorantreiben - NETGEAR Hub\",\"isPartOf\":{\"@id\":\"https:\\\/\\\/dehub.netgear.com\\\/de\\\/hub\\\/#website\"},\"primaryImageOfPage\":{\"@id\":\"https:\\\/\\\/dehub.netgear.com\\\/de\\\/hub\\\/business\\\/av\\\/netgear-thinlabs-poe-innovation\\\/#primaryimage\"},\"image\":{\"@id\":\"https:\\\/\\\/dehub.netgear.com\\\/de\\\/hub\\\/business\\\/av\\\/netgear-thinlabs-poe-innovation\\\/#primaryimage\"},\"thumbnailUrl\":\"https:\\\/\\\/dehub.netgear.com\\\/de\\\/hub\\\/wp-content\\\/uploads\\\/2025\\\/11\\\/DSC07922-383x288-1.jpg\",\"datePublished\":\"2025-11-28T08:29:54+00:00\",\"dateModified\":\"2025-11-28T16:14:11+00:00\",\"description\":\"Thinlabs und NETGEAR: Die Zukunft des Enterprise-Computing durch PoE-Innovation vorantreiben\",\"breadcrumb\":{\"@id\":\"https:\\\/\\\/dehub.netgear.com\\\/de\\\/hub\\\/business\\\/av\\\/netgear-thinlabs-poe-innovation\\\/#breadcrumb\"},\"inLanguage\":\"de\",\"potentialAction\":[{\"@type\":\"ReadAction\",\"target\":[\"https:\\\/\\\/dehub.netgear.com\\\/de\\\/hub\\\/business\\\/av\\\/netgear-thinlabs-poe-innovation\\\/\"]}]},{\"@type\":\"ImageObject\",\"inLanguage\":\"de\",\"@id\":\"https:\\\/\\\/dehub.netgear.com\\\/de\\\/hub\\\/business\\\/av\\\/netgear-thinlabs-poe-innovation\\\/#primaryimage\",\"url\":\"https:\\\/\\\/dehub.netgear.com\\\/de\\\/hub\\\/wp-content\\\/uploads\\\/2025\\\/11\\\/DSC07922-383x288-1.jpg\",\"contentUrl\":\"https:\\\/\\\/dehub.netgear.com\\\/de\\\/hub\\\/wp-content\\\/uploads\\\/2025\\\/11\\\/DSC07922-383x288-1.jpg\",\"width\":383,\"height\":288},{\"@type\":\"BreadcrumbList\",\"@id\":\"https:\\\/\\\/dehub.netgear.com\\\/de\\\/hub\\\/business\\\/av\\\/netgear-thinlabs-poe-innovation\\\/#breadcrumb\",\"itemListElement\":[{\"@type\":\"ListItem\",\"position\":1,\"name\":\"Home\",\"item\":\"https:\\\/\\\/dehub.netgear.com\\\/de\\\/hub\\\/\"},{\"@type\":\"ListItem\",\"position\":2,\"name\":\"Business Articles Hub\",\"item\":\"https:\\\/\\\/dehub.netgear.com\\\/de\\\/hub\\\/business\\\/\"},{\"@type\":\"ListItem\",\"position\":3,\"name\":\"Business AV\",\"item\":\"https:\\\/\\\/dehub.netgear.com\\\/de\\\/hub\\\/business\\\/av\\\/\"},{\"@type\":\"ListItem\",\"position\":4,\"name\":\"Thinlabs und NETGEAR: Die Zukunft des Enterprise-Computing durch PoE-Innovation vorantreiben\"}]},{\"@type\":\"WebSite\",\"@id\":\"https:\\\/\\\/dehub.netgear.com\\\/de\\\/hub\\\/#website\",\"url\":\"https:\\\/\\\/dehub.netgear.com\\\/de\\\/hub\\\/\",\"name\":\"NETGEAR\",\"description\":\"Erkunden Sie unsere Hub-Seiten und st\u00f6bern Sie in Artikeln, um mehr \u00fcber NETGEAR Produkte und Technologien zu erfahren.\",\"publisher\":{\"@id\":\"https:\\\/\\\/dehub.netgear.com\\\/de\\\/hub\\\/#organization\"},\"potentialAction\":[{\"@type\":\"SearchAction\",\"target\":{\"@type\":\"EntryPoint\",\"urlTemplate\":\"https:\\\/\\\/dehub.netgear.com\\\/de\\\/hub\\\/?s={search_term_string}\"},\"query-input\":{\"@type\":\"PropertyValueSpecification\",\"valueRequired\":true,\"valueName\":\"search_term_string\"}}],\"inLanguage\":\"de\"},{\"@type\":\"Organization\",\"@id\":\"https:\\\/\\\/dehub.netgear.com\\\/de\\\/hub\\\/#organization\",\"name\":\"NETGEAR\",\"url\":\"https:\\\/\\\/dehub.netgear.com\\\/de\\\/hub\\\/\",\"logo\":{\"@type\":\"ImageObject\",\"inLanguage\":\"de\",\"@id\":\"https:\\\/\\\/dehub.netgear.com\\\/de\\\/hub\\\/#\\\/schema\\\/logo\\\/image\\\/\",\"url\":\"https:\\\/\\\/www.dehub.netgear.com\\\/de\\\/hub\\\/wp-content\\\/uploads\\\/2019\\\/07\\\/NETGEAR_logo.jpg\",\"contentUrl\":\"https:\\\/\\\/www.dehub.netgear.com\\\/de\\\/hub\\\/wp-content\\\/uploads\\\/2019\\\/07\\\/NETGEAR_logo.jpg\",\"width\":1500,\"height\":501,\"caption\":\"NETGEAR\"},\"image\":{\"@id\":\"https:\\\/\\\/dehub.netgear.com\\\/de\\\/hub\\\/#\\\/schema\\\/logo\\\/image\\\/\"},\"sameAs\":[\"https:\\\/\\\/www.facebook.com\\\/NetgearAU\\\/\",\"https:\\\/\\\/x.com\\\/NETGEAR\",\"https:\\\/\\\/www.linkedin.com\\\/company\\\/netgear\"]}]}<\/script>\n<!-- \/ Yoast SEO plugin. -->","yoast_head_json":{"title":"Thinlabs und NETGEAR: Die Zukunft des Enterprise-Computing durch PoE-Innovation vorantreiben - NETGEAR Hub","description":"Thinlabs und NETGEAR: Die Zukunft des Enterprise-Computing durch PoE-Innovation vorantreiben","robots":{"index":"index","follow":"follow","max-snippet":"max-snippet:-1","max-image-preview":"max-image-preview:large","max-video-preview":"max-video-preview:-1"},"canonical":"https:\/\/dehub.netgear.com\/de\/hub\/business\/av\/netgear-thinlabs-poe-innovation\/","og_locale":"de_DE","og_type":"article","og_title":"Thinlabs und NETGEAR: Die Zukunft des Enterprise-Computing durch PoE-Innovation vorantreiben - NETGEAR Hub","og_description":"Thinlabs und NETGEAR: Die Zukunft des Enterprise-Computing durch PoE-Innovation vorantreiben","og_url":"https:\/\/dehub.netgear.com\/de\/hub\/business\/av\/netgear-thinlabs-poe-innovation\/","og_site_name":"NETGEAR Hub","article_publisher":"https:\/\/www.facebook.com\/NetgearAU\/","article_modified_time":"2025-11-28T16:14:11+00:00","og_image":[{"width":383,"height":288,"url":"https:\/\/dehub.netgear.com\/de\/hub\/wp-content\/uploads\/2025\/11\/DSC07922-383x288-1.jpg","type":"image\/jpeg"}],"twitter_card":"summary_large_image","twitter_site":"@NETGEAR","schema":{"@context":"https:\/\/schema.org","@graph":[{"@type":"WebPage","@id":"https:\/\/dehub.netgear.com\/de\/hub\/business\/av\/netgear-thinlabs-poe-innovation\/","url":"https:\/\/dehub.netgear.com\/de\/hub\/business\/av\/netgear-thinlabs-poe-innovation\/","name":"Thinlabs und NETGEAR: Die Zukunft des Enterprise-Computing durch PoE-Innovation vorantreiben - NETGEAR Hub","isPartOf":{"@id":"https:\/\/dehub.netgear.com\/de\/hub\/#website"},"primaryImageOfPage":{"@id":"https:\/\/dehub.netgear.com\/de\/hub\/business\/av\/netgear-thinlabs-poe-innovation\/#primaryimage"},"image":{"@id":"https:\/\/dehub.netgear.com\/de\/hub\/business\/av\/netgear-thinlabs-poe-innovation\/#primaryimage"},"thumbnailUrl":"https:\/\/dehub.netgear.com\/de\/hub\/wp-content\/uploads\/2025\/11\/DSC07922-383x288-1.jpg","datePublished":"2025-11-28T08:29:54+00:00","dateModified":"2025-11-28T16:14:11+00:00","description":"Thinlabs und NETGEAR: Die Zukunft des Enterprise-Computing durch PoE-Innovation vorantreiben","breadcrumb":{"@id":"https:\/\/dehub.netgear.com\/de\/hub\/business\/av\/netgear-thinlabs-poe-innovation\/#breadcrumb"},"inLanguage":"de","potentialAction":[{"@type":"ReadAction","target":["https:\/\/dehub.netgear.com\/de\/hub\/business\/av\/netgear-thinlabs-poe-innovation\/"]}]},{"@type":"ImageObject","inLanguage":"de","@id":"https:\/\/dehub.netgear.com\/de\/hub\/business\/av\/netgear-thinlabs-poe-innovation\/#primaryimage","url":"https:\/\/dehub.netgear.com\/de\/hub\/wp-content\/uploads\/2025\/11\/DSC07922-383x288-1.jpg","contentUrl":"https:\/\/dehub.netgear.com\/de\/hub\/wp-content\/uploads\/2025\/11\/DSC07922-383x288-1.jpg","width":383,"height":288},{"@type":"BreadcrumbList","@id":"https:\/\/dehub.netgear.com\/de\/hub\/business\/av\/netgear-thinlabs-poe-innovation\/#breadcrumb","itemListElement":[{"@type":"ListItem","position":1,"name":"Home","item":"https:\/\/dehub.netgear.com\/de\/hub\/"},{"@type":"ListItem","position":2,"name":"Business Articles Hub","item":"https:\/\/dehub.netgear.com\/de\/hub\/business\/"},{"@type":"ListItem","position":3,"name":"Business AV","item":"https:\/\/dehub.netgear.com\/de\/hub\/business\/av\/"},{"@type":"ListItem","position":4,"name":"Thinlabs und NETGEAR: Die Zukunft des Enterprise-Computing durch PoE-Innovation vorantreiben"}]},{"@type":"WebSite","@id":"https:\/\/dehub.netgear.com\/de\/hub\/#website","url":"https:\/\/dehub.netgear.com\/de\/hub\/","name":"NETGEAR","description":"Erkunden Sie unsere Hub-Seiten und st\u00f6bern Sie in Artikeln, um mehr \u00fcber NETGEAR Produkte und Technologien zu erfahren.","publisher":{"@id":"https:\/\/dehub.netgear.com\/de\/hub\/#organization"},"potentialAction":[{"@type":"SearchAction","target":{"@type":"EntryPoint","urlTemplate":"https:\/\/dehub.netgear.com\/de\/hub\/?s={search_term_string}"},"query-input":{"@type":"PropertyValueSpecification","valueRequired":true,"valueName":"search_term_string"}}],"inLanguage":"de"},{"@type":"Organization","@id":"https:\/\/dehub.netgear.com\/de\/hub\/#organization","name":"NETGEAR","url":"https:\/\/dehub.netgear.com\/de\/hub\/","logo":{"@type":"ImageObject","inLanguage":"de","@id":"https:\/\/dehub.netgear.com\/de\/hub\/#\/schema\/logo\/image\/","url":"https:\/\/www.dehub.netgear.com\/de\/hub\/wp-content\/uploads\/2019\/07\/NETGEAR_logo.jpg","contentUrl":"https:\/\/www.dehub.netgear.com\/de\/hub\/wp-content\/uploads\/2019\/07\/NETGEAR_logo.jpg","width":1500,"height":501,"caption":"NETGEAR"},"image":{"@id":"https:\/\/dehub.netgear.com\/de\/hub\/#\/schema\/logo\/image\/"},"sameAs":["https:\/\/www.facebook.com\/NetgearAU\/","https:\/\/x.com\/NETGEAR","https:\/\/www.linkedin.com\/company\/netgear"]}]}},"_links":{"self":[{"href":"https:\/\/dehub.netgear.com\/de\/hub\/wp-json\/wp\/v2\/pages\/11076","targetHints":{"allow":["GET"]}}],"collection":[{"href":"https:\/\/dehub.netgear.com\/de\/hub\/wp-json\/wp\/v2\/pages"}],"about":[{"href":"https:\/\/dehub.netgear.com\/de\/hub\/wp-json\/wp\/v2\/types\/page"}],"author":[{"embeddable":true,"href":"https:\/\/dehub.netgear.com\/de\/hub\/wp-json\/wp\/v2\/users\/94"}],"replies":[{"embeddable":true,"href":"https:\/\/dehub.netgear.com\/de\/hub\/wp-json\/wp\/v2\/comments?post=11076"}],"version-history":[{"count":1,"href":"https:\/\/dehub.netgear.com\/de\/hub\/wp-json\/wp\/v2\/pages\/11076\/revisions"}],"predecessor-version":[{"id":11078,"href":"https:\/\/dehub.netgear.com\/de\/hub\/wp-json\/wp\/v2\/pages\/11076\/revisions\/11078"}],"up":[{"embeddable":true,"href":"https:\/\/dehub.netgear.com\/de\/hub\/wp-json\/wp\/v2\/pages\/6754"}],"wp:featuredmedia":[{"embeddable":true,"href":"https:\/\/dehub.netgear.com\/de\/hub\/wp-json\/wp\/v2\/media\/11077"}],"wp:attachment":[{"href":"https:\/\/dehub.netgear.com\/de\/hub\/wp-json\/wp\/v2\/media?parent=11076"}],"curies":[{"name":"wp","href":"https:\/\/api.w.org\/{rel}","templated":true}]}}