{"id":11062,"date":"2025-04-16T08:00:09","date_gmt":"2025-11-26T07:00:00","guid":{"rendered":"https:\/\/dehub.netgear.com\/de\/hub\/?page_id=11062"},"modified":"2025-11-26T08:00:52","modified_gmt":"2025-11-26T07:00:52","slug":"assist-solutions-netgear-insight","status":"publish","type":"page","link":"https:\/\/dehub.netgear.com\/de\/hub\/business\/case-studies\/it-case-studies\/assist-solutions-netgear-insight\/","title":{"rendered":"Assist Solutions bietet sichere und skalierbare Network-Services f\u00fcr globale Kunden mit NETGEAR Insight"},"content":{"rendered":"<p><img loading=\"lazy\" decoding=\"async\" class=\"alignone size-full wp-image-10681\" style=\"border-radius: 1em;\" src=\"https:\/\/www.netgear.com\/hub\/wp-content\/uploads\/2025\/10\/car-dealership-card.jpg\" alt=\"\" width=\"1048\" height=\"511\" \/><\/p>\n    <div class=\"table-of-content bg-gray\">\n        <p><strong>IN THIS ARTICLE<\/strong><\/p>\n        <ul>\n                        <li><a href=\"#topic1\">Summary<\/a><\/li>\n                        <li><a href=\"#topic2\">Die Herausforderung<\/a><\/li>\n                        <li><a href=\"#topic3\">Die L\u00f6sung<\/a><\/li>\n                        <li><a href=\"#topic4\">Ergebnisse<\/a><\/li>\n                        <li><a href=\"#topic5\">Kundenstimmen<\/a><\/li>\n                        <li><a href=\"#topic6\">Vereinfachtes Netzwerkmanagement freischalten<\/a><\/li>\n                    <\/ul>\n    <\/div>\n        <div id=\"topic1\" class=\"skip-item\">\n                        <h2>Summary<\/h2>\n                <p>Assist Solutions, ein japanischer IT-Dienstleister, der eine anspruchsvolle internationale Kundschaft einschlie\u00dflich Botschaften und Diplomaten betreut, ben\u00f6tigte eine hochsichere, zuverl\u00e4ssige und aus der Ferne verwaltbare Netzwerkl\u00f6sung. Das Unternehmen stand vor operativen Herausforderungen durch Vor-Ort-Service, mehrsprachigen Support und die Verwaltung von mehr als 2.000 Ger\u00e4ten. Durch die Einf\u00fchrung der NETGEAR Insight Cloud-Management-Plattform und die Integration ihrer API in Salesforce automatisierte Assist Solutions Arbeitsabl\u00e4ufe, optimierte den Support und bietet nun au\u00dfergew\u00f6hnlichen Service mit h\u00f6herer Effizienz und gr\u00f6\u00dferem Vertrauen.<\/p>\n    <\/div>\n        <div id=\"topic2\" class=\"skip-item\">\n                        <h2>Die Herausforderung<\/h2>\n                <p data-start=\"842\" data-end=\"1017\">Die Betreuung einer globalen Nutzerschaft erforderte eine Netzwerkmanagement-L\u00f6sung, die bedeutende operative H\u00fcrden \u00fcberwinden konnte. Assist Solutions wurde behindert durch:<\/p>\n<ul data-start=\"1019\" data-end=\"1559\">\n<li data-start=\"1019\" data-end=\"1117\">\n<p data-start=\"1021\" data-end=\"1117\">Hohe Betriebskosten aufgrund notwendiger Vor-Ort-Besuche f\u00fcr Konfiguration und Fehlerbehebung.<\/p>\n<\/li>\n<li data-start=\"1118\" data-end=\"1246\">\n<p data-start=\"1120\" data-end=\"1246\">Ineffiziente Arbeitsabl\u00e4ufe und langsame Support-Eskalationen aufgrund nicht verbundener Systeme und manueller Dateneingabe.<\/p>\n<\/li>\n<li data-start=\"1247\" data-end=\"1380\">\n<p data-start=\"1249\" data-end=\"1380\">Risiken f\u00fcr die Servicekontinuit\u00e4t durch dezentralisiertes Lizenz- und Ger\u00e4testatus-Tracking \u00fcber Tausende von Endpunkten hinweg.<\/p>\n<\/li>\n<li data-start=\"1381\" data-end=\"1559\">\n<p data-start=\"1383\" data-end=\"1559\">Sprach- und Bedienbarkeitsbarrieren bei Netzwerkprodukten, denen robuste englischsprachige Benutzeroberfl\u00e4chen fehlten und die daher f\u00fcr internationale Kunden ungeeignet waren.<\/p>\n<\/li>\n<\/ul>\n    <\/div>\n        <div id=\"topic3\" class=\"skip-item\">\n                        <h2>Die L\u00f6sung<\/h2>\n                <p data-start=\"1586\" data-end=\"1834\">Assist Solutions entschied sich f\u00fcr NETGEAR aufgrund der leistungsstarken Kombination aus Cloud-basierter Einfachheit und Erweiterbarkeit auf Enterprise-Niveau. Die L\u00f6sung basiert auf der NETGEAR Insight Plattform und ihren robusten API-Funktionen.<\/p>\n<ul data-start=\"1836\" data-end=\"2726\">\n<li data-start=\"1836\" data-end=\"2025\">\n<p data-start=\"1838\" data-end=\"2025\"><strong data-start=\"1838\" data-end=\"1877\">Vereinheitlichtes Cloud-Management:<\/strong> Insight bietet eine zentrale Oberfl\u00e4che f\u00fcr Fern\u00fcberwachung, Konfiguration und Fehlerbehebung und macht die meisten Vor-Ort-Eins\u00e4tze \u00fcberfl\u00fcssig.<\/p>\n<\/li>\n<li data-start=\"2026\" data-end=\"2251\">\n<p data-start=\"2028\" data-end=\"2251\"><strong data-start=\"2028\" data-end=\"2057\">Nahtlose CRM-Integration:<\/strong> Die Insight API verbindet sich direkt mit Salesforce und automatisiert die Synchronisierung von Kunden- und Ger\u00e4tedaten, um eine einzige zuverl\u00e4ssige Datenquelle f\u00fcr Supportteams zu schaffen.<\/p>\n<\/li>\n<li data-start=\"2252\" data-end=\"2458\">\n<p data-start=\"2254\" data-end=\"2458\"><strong data-start=\"2254\" data-end=\"2291\">Automatisiertes Lizenzmanagement:<\/strong> Benutzerdefinierte API-basierte Warnmeldungen zu Lizenz- und Token-Abl\u00e4ufen l\u00f6sen Erneuerungs-Workflows aus, verhindern Serviceunterbrechungen und sch\u00fctzen Ums\u00e4tze.<\/p>\n<\/li>\n<li data-start=\"2459\" data-end=\"2726\">\n<p data-start=\"2461\" data-end=\"2726\"><strong data-start=\"2461\" data-end=\"2497\">Global einsatzbereite Plattform:<\/strong> Die weltweit anerkannte Marke NETGEAR, englischkompatible Benutzeroberfl\u00e4chen und ein reaktionsschneller technischer Support bieten die Zuverl\u00e4ssigkeit und Benutzerfreundlichkeit, die f\u00fcr internationale Kunden entscheidend sind.<\/p>\n<\/li>\n<\/ul>\n    <\/div>\n        <div id=\"topic4\" class=\"skip-item\">\n                        <h2>Ergebnisse<\/h2>\n                <p data-start=\"2753\" data-end=\"2932\">Die Integration von NETGEAR Insight hat die Abl\u00e4ufe bei Assist Solutions transformiert und messbare Verbesserungen in Effizienz, Zuverl\u00e4ssigkeit und Kundenzufriedenheit geliefert.<\/p>\n<ul data-start=\"2934\" data-end=\"3768\">\n<li data-start=\"2934\" data-end=\"3140\">\n<p data-start=\"2936\" data-end=\"3140\"><strong data-start=\"2936\" data-end=\"2960\">Schnellere L\u00f6sungen:<\/strong> Die Supportzeiten wurden erheblich verk\u00fcrzt, da Probleme nun remote diagnostiziert und behoben werden k\u00f6nnen, wodurch kostspielige und langsame Vor-Ort-Besuche minimiert werden.<\/p>\n<\/li>\n<li data-start=\"3141\" data-end=\"3343\">\n<p data-start=\"3143\" data-end=\"3343\"><strong data-start=\"3143\" data-end=\"3169\">H\u00f6here Team-Effizienz:<\/strong> Die Kundensupportteams bearbeiten Erstanfragen nun \u00fcber intuitive Insight-Dashboards, sodass sich spezialisierte Ingenieure auf komplexe Eskalationen konzentrieren k\u00f6nnen.<\/p>\n<\/li>\n<li data-start=\"3344\" data-end=\"3533\">\n<p data-start=\"3346\" data-end=\"3533\"><strong data-start=\"3346\" data-end=\"3378\">Verbesserte Datenintegrit\u00e4t:<\/strong> Die automatische Datensynchronisierung zwischen Salesforce und Insight eliminiert doppelte manuelle Eingaben und steigert Produktivit\u00e4t und Genauigkeit.<\/p>\n<\/li>\n<li data-start=\"3534\" data-end=\"3768\">\n<p data-start=\"3536\" data-end=\"3768\"><strong data-start=\"3536\" data-end=\"3567\">Gest\u00e4rktes Kundenvertrauen:<\/strong> Die F\u00e4higkeit, stabile, sichere und hochverf\u00fcgbare Netzwerkservices bereitzustellen, schafft gr\u00f6\u00dferes Vertrauen bei diplomatischen und unternehmenskritischen Kunden mit hohen Sicherheitsanforderungen.<\/p>\n<\/li>\n<\/ul>\n<table border=\"0\" cellspacing=\"0\" cellpadding=\"0\" role=\"presentation\">\n<tr>\n<td class=\"innertd buttonblock\" bgcolor=\"#26e880\" style=\"border-radius: 10px;background-color: #2b3749\">\n<a target=\"_blank\" class=\"buttonstyles\" style=\"font-size: 14px;color: #fff;text-align: center;text-decoration: none;font-family: Outfit, Arial, Helvetica, sans-serif, SourceSansPro;background-color: #2b3749;border: 1px solid #2b3749;padding: 12px 30px;border-radius: 10px\" href=\"https:\/\/dehub.netgear.com\/de\/hub\/wp-content\/uploads\/2025\/11\/Assist_solutions.pdf\" title=\"Shop Now\" data-linkto=\"https:\/\/\">Die Fallstudie herunterladen<\/a><\/td>\n<\/tr>\n<\/table>\n    <\/div>\n        <div id=\"topic5\" class=\"skip-item\">\n                        <h2>Kundenstimmen<\/h2>\n                <blockquote data-start=\"3799\" data-end=\"4154\">\n<p data-start=\"3801\" data-end=\"4154\"><strong data-start=\"3801\" data-end=\"4088\">\u201eDer gr\u00f6\u00dfte Vorteil ist die Zeitersparnis. Fr\u00fcher mussten wir Vor-Ort-Besuche durchf\u00fchren, aber jetzt k\u00f6nnen wir remote Fehler beheben. Dank der Salesforce-Integration kann unser CS-Team viele Probleme selbst l\u00f6sen, sodass nur komplexe F\u00e4lle zu den technischen Ingenieuren gelangen.\u201c<\/strong><br data-start=\"4088\" data-end=\"4091\" \/><em data-start=\"4093\" data-end=\"4154\">Narantuya Tumurbalsa, Full-Stack Engineer, Assist Solutions<\/em><\/p>\n<\/blockquote>\n<blockquote data-start=\"4156\" data-end=\"4446\">\n<p data-start=\"4158\" data-end=\"4446\"><strong data-start=\"4158\" data-end=\"4400\">\u201eDas internationale Supportmodell von NETGEAR ist eine gro\u00dfe St\u00e4rke. Zusammen mit der Produktzuverl\u00e4ssigkeit, der Markenbekanntheit und den wettbewerbsf\u00e4higen Preisen sind dies die Gr\u00fcnde, warum wir uns weiterhin f\u00fcr NETGEAR entscheiden.\u201c<\/strong><br data-start=\"4400\" data-end=\"4403\" \/><em data-start=\"4405\" data-end=\"4446\">Daisuke Nagakawa, CEO, Assist Solutions<\/em><\/p>\n<\/blockquote>\n    <\/div>\n        <div id=\"topic6\" class=\"skip-item\">\n                        <h2>Vereinfachtes Netzwerkmanagement freischalten<\/h2>\n                <p>Entdecken Sie, wie NETGEAR Insight das Management vereinfachen, die Zuverl\u00e4ssigkeit steigern und mit Ihrem Unternehmen skalieren kann. Erkunden Sie die Plattform oder kontaktieren Sie unser Vertriebsteam, um loszulegen.<\/p>\n<p><!-- IT NETGEAR BUSINESS-L\u00d6SUNGEN--><br \/>\nMehr \u00fcber unsere Business-Produkte erfahren<\/p>\n<div class=\"hs-cta-embed hs-cta-simple-placeholder hs-cta-embed-242892643058\" style=\"max-width: 100%;max-height: 100%;width: 290px;height: 50.390625px\" data-hubspot-wrapper-cta-id=\"242892643058\"><a href=\"https:\/\/cta-na2.hubspot.com\/web-interactives\/public\/v1\/track\/redirect?encryptedPayload=AVxigLKSM9WTTg7%2FAeRV5qugDCzPgQ8MwIY0MWnrXLIcw1araTPlipAsbwW69SXPDIx4zCiH7IZWeqt%2BemeJLODhF%2FDlADckUBODpWmfLAeC%2B10Ud4YKVbb7l5mPLqwZdwx6VwqQcDHRL6LCGiyEcIh1qQqL0T3sxlnvr0t4bAvKCKjkKFXgqcVzXA%3D%3D&amp;webInteractiveContentId=242892643058&amp;portalId=242128791\" target=\"_blank\" rel=\"noopener\"><br \/>\n<img decoding=\"async\" style=\"height: 100%;width: 100%;object-fit: fill\" src=\"https:\/\/hubspot-no-cache-na2-prod.s3.amazonaws.com\/cta\/default\/242128791\/interactive-242892643058.png\" alt=\"NETGEAR BUSINESS-L\u00d6SUNGEN\" \/><br \/>\n<\/a><\/div>\n<p><!-- IT ACADEMY --><br \/>\nAlles \u00fcber IP-Netzwerke lernen \u2013 in der NETGEAR ACADEMY<\/p>\n<div class=\"hs-cta-embed hs-cta-simple-placeholder hs-cta-embed-242204954356\" style=\"max-width: 100%;max-height: 100%;width: 260px;height: 50.390625px\" data-hubspot-wrapper-cta-id=\"242204954356\"><a href=\"https:\/\/cta-na2.hubspot.com\/web-interactives\/public\/v1\/track\/redirect?encryptedPayload=AVxigLLkH9zel89o4qb5Zt0HNH2fd%2FRPXNoIMgiMzse7LTSjZhAi9JGmYnyHR1fYgVtqiIdLJk0UNBiYKxNP%2B%2FkdsBG1bikxBOFgBdX7C8VIedE8pHvRDgz%2F5zbzhiRhRBSaQNkZPdEPlmtk1BrN3KAJybsrZkfDr26KvP5h8b3eKmfGBpfusntV9159BNLCOue6HmfkXhcXHdUr6kvupL%2BZSl13fw11hQ%3D%3D&amp;webInteractiveContentId=242204954356&amp;portalId=242128791\" target=\"_blank\" rel=\"noopener\"><br \/>\n<img decoding=\"async\" style=\"height: 100%;width: 100%;object-fit: fill\" src=\"https:\/\/hubspot-no-cache-na2-prod.s3.amazonaws.com\/cta\/default\/242128791\/interactive-242204954356.png\" alt=\"NETGEAR ACADEMY\" \/><br \/>\n<\/a><\/div>\n<p><!-- KONTAKT PRO-IT-TEAM --><br \/>\nUnsere Ingenieure unterst\u00fctzen Sie kostenlos bei Ihrem Projekt<\/p>\n<div class=\"hs-cta-embed hs-cta-simple-placeholder hs-cta-embed-245601739512\" style=\"max-width: 100%;max-height: 100%;width: 230px;height: 50.390625px\" data-hubspot-wrapper-cta-id=\"245601739512\"><a href=\"https:\/\/cta-na2.hubspot.com\/web-interactives\/public\/v1\/track\/redirect?encryptedPayload=AVxigLJr11uo8X2nE1LSD6Xjyr2Y4qHnMBiuTjepc%2Bu21JUc7ZZdAG7jEsrURlBKJ6f0gXIV8yzULoIPrEgSbXIfpubEaDTPtU2vi7JTsOLryr06L8dJPrqyt%2F2eKloPwOKZGDfL9zTAajC1ulDGRS7faQbDW8hv2qOUvg1kmKNy515wshiC%2FWSKAezkM0ul1Fbw9ZFaKkqGQny0qCHfNGg6IBozCtGRUg%3D%3D&amp;webInteractiveContentId=245601739512&amp;portalId=242128791\" target=\"_blank\" rel=\"noopener\"><br \/>\n<img decoding=\"async\" style=\"height: 100%;width: 100%;object-fit: fill\" src=\"https:\/\/hubspot-no-cache-na2-prod.s3.amazonaws.com\/cta\/default\/242128791\/interactive-245601739512.png\" alt=\"KONTAKT PRO-IT-TEAM\" \/><br \/>\n<\/a><\/div>\n<p style=\"margin-top: 50px\"><iframe loading=\"lazy\" src=\"https:\/\/405nrr.share-na2.hsforms.com\/25w_D-U5iS-e5KaSaP86jnQ\" width=\"100%\" height=\"1200px\"><\/iframe><\/p>\n    <\/div>\n    \n","protected":false},"excerpt":{"rendered":"","protected":false},"author":94,"featured_media":11063,"parent":10318,"menu_order":0,"comment_status":"closed","ping_status":"closed","template":"templates\/blog-wifi.php","meta":{"_acf_changed":false,"footnotes":""},"class_list":["post-11062","page","type-page","status-publish","has-post-thumbnail","hentry"],"acf":[],"yoast_head":"<!-- This site is optimized with the Yoast SEO plugin v27.5 - https:\/\/yoast.com\/product\/yoast-seo-wordpress\/ -->\n<title>Assist Solutions bietet sichere und skalierbare Network-Services f\u00fcr globale Kunden mit NETGEAR Insight - NETGEAR Hub<\/title>\n<meta name=\"description\" content=\"Assist Solutions bietet sichere und skalierbare Network-Services f\u00fcr globale Kunden mit NETGEAR Insight\" \/>\n<meta name=\"robots\" content=\"index, follow, max-snippet:-1, max-image-preview:large, max-video-preview:-1\" \/>\n<link rel=\"canonical\" href=\"https:\/\/dehub.netgear.com\/de\/hub\/business\/case-studies\/it-case-studies\/assist-solutions-netgear-insight\/\" \/>\n<meta property=\"og:locale\" content=\"de_DE\" \/>\n<meta property=\"og:type\" content=\"article\" \/>\n<meta property=\"og:title\" content=\"Assist Solutions bietet sichere und skalierbare Network-Services f\u00fcr globale Kunden mit NETGEAR Insight - NETGEAR Hub\" \/>\n<meta property=\"og:description\" content=\"Assist Solutions bietet sichere und skalierbare Network-Services f\u00fcr globale Kunden mit NETGEAR Insight\" \/>\n<meta property=\"og:url\" content=\"https:\/\/dehub.netgear.com\/de\/hub\/business\/case-studies\/it-case-studies\/assist-solutions-netgear-insight\/\" \/>\n<meta property=\"og:site_name\" content=\"NETGEAR Hub\" \/>\n<meta property=\"article:publisher\" content=\"https:\/\/www.facebook.com\/NetgearAU\/\" \/>\n<meta property=\"article:modified_time\" content=\"2025-11-26T07:00:52+00:00\" \/>\n<meta property=\"og:image\" content=\"https:\/\/dehub.netgear.com\/de\/hub\/wp-content\/uploads\/2025\/11\/car-dealership-card-383x288-1.jpg\" \/>\n\t<meta property=\"og:image:width\" content=\"383\" \/>\n\t<meta property=\"og:image:height\" content=\"288\" \/>\n\t<meta property=\"og:image:type\" content=\"image\/jpeg\" \/>\n<meta name=\"twitter:card\" content=\"summary_large_image\" \/>\n<meta name=\"twitter:site\" content=\"@NETGEAR\" \/>\n<script type=\"application\/ld+json\" class=\"yoast-schema-graph\">{\"@context\":\"https:\\\/\\\/schema.org\",\"@graph\":[{\"@type\":\"WebPage\",\"@id\":\"https:\\\/\\\/dehub.netgear.com\\\/de\\\/hub\\\/business\\\/case-studies\\\/it-case-studies\\\/assist-solutions-netgear-insight\\\/\",\"url\":\"https:\\\/\\\/dehub.netgear.com\\\/de\\\/hub\\\/business\\\/case-studies\\\/it-case-studies\\\/assist-solutions-netgear-insight\\\/\",\"name\":\"Assist Solutions bietet sichere und skalierbare Network-Services f\u00fcr globale Kunden mit NETGEAR Insight - NETGEAR Hub\",\"isPartOf\":{\"@id\":\"https:\\\/\\\/dehub.netgear.com\\\/de\\\/hub\\\/#website\"},\"primaryImageOfPage\":{\"@id\":\"https:\\\/\\\/dehub.netgear.com\\\/de\\\/hub\\\/business\\\/case-studies\\\/it-case-studies\\\/assist-solutions-netgear-insight\\\/#primaryimage\"},\"image\":{\"@id\":\"https:\\\/\\\/dehub.netgear.com\\\/de\\\/hub\\\/business\\\/case-studies\\\/it-case-studies\\\/assist-solutions-netgear-insight\\\/#primaryimage\"},\"thumbnailUrl\":\"https:\\\/\\\/dehub.netgear.com\\\/de\\\/hub\\\/wp-content\\\/uploads\\\/2025\\\/11\\\/car-dealership-card-383x288-1.jpg\",\"datePublished\":\"2025-11-26T07:00:00+00:00\",\"dateModified\":\"2025-11-26T07:00:52+00:00\",\"description\":\"Assist Solutions bietet sichere und skalierbare Network-Services f\u00fcr globale Kunden mit NETGEAR Insight\",\"breadcrumb\":{\"@id\":\"https:\\\/\\\/dehub.netgear.com\\\/de\\\/hub\\\/business\\\/case-studies\\\/it-case-studies\\\/assist-solutions-netgear-insight\\\/#breadcrumb\"},\"inLanguage\":\"de\",\"potentialAction\":[{\"@type\":\"ReadAction\",\"target\":[\"https:\\\/\\\/dehub.netgear.com\\\/de\\\/hub\\\/business\\\/case-studies\\\/it-case-studies\\\/assist-solutions-netgear-insight\\\/\"]}]},{\"@type\":\"ImageObject\",\"inLanguage\":\"de\",\"@id\":\"https:\\\/\\\/dehub.netgear.com\\\/de\\\/hub\\\/business\\\/case-studies\\\/it-case-studies\\\/assist-solutions-netgear-insight\\\/#primaryimage\",\"url\":\"https:\\\/\\\/dehub.netgear.com\\\/de\\\/hub\\\/wp-content\\\/uploads\\\/2025\\\/11\\\/car-dealership-card-383x288-1.jpg\",\"contentUrl\":\"https:\\\/\\\/dehub.netgear.com\\\/de\\\/hub\\\/wp-content\\\/uploads\\\/2025\\\/11\\\/car-dealership-card-383x288-1.jpg\",\"width\":383,\"height\":288},{\"@type\":\"BreadcrumbList\",\"@id\":\"https:\\\/\\\/dehub.netgear.com\\\/de\\\/hub\\\/business\\\/case-studies\\\/it-case-studies\\\/assist-solutions-netgear-insight\\\/#breadcrumb\",\"itemListElement\":[{\"@type\":\"ListItem\",\"position\":1,\"name\":\"Home\",\"item\":\"https:\\\/\\\/dehub.netgear.com\\\/de\\\/hub\\\/\"},{\"@type\":\"ListItem\",\"position\":2,\"name\":\"Business Articles Hub\",\"item\":\"https:\\\/\\\/dehub.netgear.com\\\/de\\\/hub\\\/business\\\/\"},{\"@type\":\"ListItem\",\"position\":3,\"name\":\"All Case Studies &#8211; DE\",\"item\":\"https:\\\/\\\/dehub.netgear.com\\\/de\\\/hub\\\/business\\\/case-studies\\\/\"},{\"@type\":\"ListItem\",\"position\":4,\"name\":\"IT-Fallstudien\",\"item\":\"https:\\\/\\\/dehub.netgear.com\\\/de\\\/hub\\\/business\\\/case-studies\\\/it-case-studies\\\/\"},{\"@type\":\"ListItem\",\"position\":5,\"name\":\"Assist Solutions bietet sichere und skalierbare Network-Services f\u00fcr globale Kunden mit NETGEAR Insight\"}]},{\"@type\":\"WebSite\",\"@id\":\"https:\\\/\\\/dehub.netgear.com\\\/de\\\/hub\\\/#website\",\"url\":\"https:\\\/\\\/dehub.netgear.com\\\/de\\\/hub\\\/\",\"name\":\"NETGEAR\",\"description\":\"Erkunden Sie unsere Hub-Seiten und st\u00f6bern Sie in Artikeln, um mehr \u00fcber NETGEAR Produkte und Technologien zu erfahren.\",\"publisher\":{\"@id\":\"https:\\\/\\\/dehub.netgear.com\\\/de\\\/hub\\\/#organization\"},\"potentialAction\":[{\"@type\":\"SearchAction\",\"target\":{\"@type\":\"EntryPoint\",\"urlTemplate\":\"https:\\\/\\\/dehub.netgear.com\\\/de\\\/hub\\\/?s={search_term_string}\"},\"query-input\":{\"@type\":\"PropertyValueSpecification\",\"valueRequired\":true,\"valueName\":\"search_term_string\"}}],\"inLanguage\":\"de\"},{\"@type\":\"Organization\",\"@id\":\"https:\\\/\\\/dehub.netgear.com\\\/de\\\/hub\\\/#organization\",\"name\":\"NETGEAR\",\"url\":\"https:\\\/\\\/dehub.netgear.com\\\/de\\\/hub\\\/\",\"logo\":{\"@type\":\"ImageObject\",\"inLanguage\":\"de\",\"@id\":\"https:\\\/\\\/dehub.netgear.com\\\/de\\\/hub\\\/#\\\/schema\\\/logo\\\/image\\\/\",\"url\":\"https:\\\/\\\/www.dehub.netgear.com\\\/de\\\/hub\\\/wp-content\\\/uploads\\\/2019\\\/07\\\/NETGEAR_logo.jpg\",\"contentUrl\":\"https:\\\/\\\/www.dehub.netgear.com\\\/de\\\/hub\\\/wp-content\\\/uploads\\\/2019\\\/07\\\/NETGEAR_logo.jpg\",\"width\":1500,\"height\":501,\"caption\":\"NETGEAR\"},\"image\":{\"@id\":\"https:\\\/\\\/dehub.netgear.com\\\/de\\\/hub\\\/#\\\/schema\\\/logo\\\/image\\\/\"},\"sameAs\":[\"https:\\\/\\\/www.facebook.com\\\/NetgearAU\\\/\",\"https:\\\/\\\/x.com\\\/NETGEAR\",\"https:\\\/\\\/www.linkedin.com\\\/company\\\/netgear\"]}]}<\/script>\n<!-- \/ Yoast SEO plugin. -->","yoast_head_json":{"title":"Assist Solutions bietet sichere und skalierbare Network-Services f\u00fcr globale Kunden mit NETGEAR Insight - NETGEAR Hub","description":"Assist Solutions bietet sichere und skalierbare Network-Services f\u00fcr globale Kunden mit NETGEAR Insight","robots":{"index":"index","follow":"follow","max-snippet":"max-snippet:-1","max-image-preview":"max-image-preview:large","max-video-preview":"max-video-preview:-1"},"canonical":"https:\/\/dehub.netgear.com\/de\/hub\/business\/case-studies\/it-case-studies\/assist-solutions-netgear-insight\/","og_locale":"de_DE","og_type":"article","og_title":"Assist Solutions bietet sichere und skalierbare Network-Services f\u00fcr globale Kunden mit NETGEAR Insight - NETGEAR Hub","og_description":"Assist Solutions bietet sichere und skalierbare Network-Services f\u00fcr globale Kunden mit NETGEAR Insight","og_url":"https:\/\/dehub.netgear.com\/de\/hub\/business\/case-studies\/it-case-studies\/assist-solutions-netgear-insight\/","og_site_name":"NETGEAR Hub","article_publisher":"https:\/\/www.facebook.com\/NetgearAU\/","article_modified_time":"2025-11-26T07:00:52+00:00","og_image":[{"width":383,"height":288,"url":"https:\/\/dehub.netgear.com\/de\/hub\/wp-content\/uploads\/2025\/11\/car-dealership-card-383x288-1.jpg","type":"image\/jpeg"}],"twitter_card":"summary_large_image","twitter_site":"@NETGEAR","schema":{"@context":"https:\/\/schema.org","@graph":[{"@type":"WebPage","@id":"https:\/\/dehub.netgear.com\/de\/hub\/business\/case-studies\/it-case-studies\/assist-solutions-netgear-insight\/","url":"https:\/\/dehub.netgear.com\/de\/hub\/business\/case-studies\/it-case-studies\/assist-solutions-netgear-insight\/","name":"Assist Solutions bietet sichere und skalierbare Network-Services f\u00fcr globale Kunden mit NETGEAR Insight - NETGEAR Hub","isPartOf":{"@id":"https:\/\/dehub.netgear.com\/de\/hub\/#website"},"primaryImageOfPage":{"@id":"https:\/\/dehub.netgear.com\/de\/hub\/business\/case-studies\/it-case-studies\/assist-solutions-netgear-insight\/#primaryimage"},"image":{"@id":"https:\/\/dehub.netgear.com\/de\/hub\/business\/case-studies\/it-case-studies\/assist-solutions-netgear-insight\/#primaryimage"},"thumbnailUrl":"https:\/\/dehub.netgear.com\/de\/hub\/wp-content\/uploads\/2025\/11\/car-dealership-card-383x288-1.jpg","datePublished":"2025-11-26T07:00:00+00:00","dateModified":"2025-11-26T07:00:52+00:00","description":"Assist Solutions bietet sichere und skalierbare Network-Services f\u00fcr globale Kunden mit NETGEAR Insight","breadcrumb":{"@id":"https:\/\/dehub.netgear.com\/de\/hub\/business\/case-studies\/it-case-studies\/assist-solutions-netgear-insight\/#breadcrumb"},"inLanguage":"de","potentialAction":[{"@type":"ReadAction","target":["https:\/\/dehub.netgear.com\/de\/hub\/business\/case-studies\/it-case-studies\/assist-solutions-netgear-insight\/"]}]},{"@type":"ImageObject","inLanguage":"de","@id":"https:\/\/dehub.netgear.com\/de\/hub\/business\/case-studies\/it-case-studies\/assist-solutions-netgear-insight\/#primaryimage","url":"https:\/\/dehub.netgear.com\/de\/hub\/wp-content\/uploads\/2025\/11\/car-dealership-card-383x288-1.jpg","contentUrl":"https:\/\/dehub.netgear.com\/de\/hub\/wp-content\/uploads\/2025\/11\/car-dealership-card-383x288-1.jpg","width":383,"height":288},{"@type":"BreadcrumbList","@id":"https:\/\/dehub.netgear.com\/de\/hub\/business\/case-studies\/it-case-studies\/assist-solutions-netgear-insight\/#breadcrumb","itemListElement":[{"@type":"ListItem","position":1,"name":"Home","item":"https:\/\/dehub.netgear.com\/de\/hub\/"},{"@type":"ListItem","position":2,"name":"Business Articles Hub","item":"https:\/\/dehub.netgear.com\/de\/hub\/business\/"},{"@type":"ListItem","position":3,"name":"All Case Studies &#8211; DE","item":"https:\/\/dehub.netgear.com\/de\/hub\/business\/case-studies\/"},{"@type":"ListItem","position":4,"name":"IT-Fallstudien","item":"https:\/\/dehub.netgear.com\/de\/hub\/business\/case-studies\/it-case-studies\/"},{"@type":"ListItem","position":5,"name":"Assist Solutions bietet sichere und skalierbare Network-Services f\u00fcr globale Kunden mit NETGEAR Insight"}]},{"@type":"WebSite","@id":"https:\/\/dehub.netgear.com\/de\/hub\/#website","url":"https:\/\/dehub.netgear.com\/de\/hub\/","name":"NETGEAR","description":"Erkunden Sie unsere Hub-Seiten und st\u00f6bern Sie in Artikeln, um mehr \u00fcber NETGEAR Produkte und Technologien zu erfahren.","publisher":{"@id":"https:\/\/dehub.netgear.com\/de\/hub\/#organization"},"potentialAction":[{"@type":"SearchAction","target":{"@type":"EntryPoint","urlTemplate":"https:\/\/dehub.netgear.com\/de\/hub\/?s={search_term_string}"},"query-input":{"@type":"PropertyValueSpecification","valueRequired":true,"valueName":"search_term_string"}}],"inLanguage":"de"},{"@type":"Organization","@id":"https:\/\/dehub.netgear.com\/de\/hub\/#organization","name":"NETGEAR","url":"https:\/\/dehub.netgear.com\/de\/hub\/","logo":{"@type":"ImageObject","inLanguage":"de","@id":"https:\/\/dehub.netgear.com\/de\/hub\/#\/schema\/logo\/image\/","url":"https:\/\/www.dehub.netgear.com\/de\/hub\/wp-content\/uploads\/2019\/07\/NETGEAR_logo.jpg","contentUrl":"https:\/\/www.dehub.netgear.com\/de\/hub\/wp-content\/uploads\/2019\/07\/NETGEAR_logo.jpg","width":1500,"height":501,"caption":"NETGEAR"},"image":{"@id":"https:\/\/dehub.netgear.com\/de\/hub\/#\/schema\/logo\/image\/"},"sameAs":["https:\/\/www.facebook.com\/NetgearAU\/","https:\/\/x.com\/NETGEAR","https:\/\/www.linkedin.com\/company\/netgear"]}]}},"_links":{"self":[{"href":"https:\/\/dehub.netgear.com\/de\/hub\/wp-json\/wp\/v2\/pages\/11062","targetHints":{"allow":["GET"]}}],"collection":[{"href":"https:\/\/dehub.netgear.com\/de\/hub\/wp-json\/wp\/v2\/pages"}],"about":[{"href":"https:\/\/dehub.netgear.com\/de\/hub\/wp-json\/wp\/v2\/types\/page"}],"author":[{"embeddable":true,"href":"https:\/\/dehub.netgear.com\/de\/hub\/wp-json\/wp\/v2\/users\/94"}],"replies":[{"embeddable":true,"href":"https:\/\/dehub.netgear.com\/de\/hub\/wp-json\/wp\/v2\/comments?post=11062"}],"version-history":[{"count":1,"href":"https:\/\/dehub.netgear.com\/de\/hub\/wp-json\/wp\/v2\/pages\/11062\/revisions"}],"predecessor-version":[{"id":11065,"href":"https:\/\/dehub.netgear.com\/de\/hub\/wp-json\/wp\/v2\/pages\/11062\/revisions\/11065"}],"up":[{"embeddable":true,"href":"https:\/\/dehub.netgear.com\/de\/hub\/wp-json\/wp\/v2\/pages\/10318"}],"wp:featuredmedia":[{"embeddable":true,"href":"https:\/\/dehub.netgear.com\/de\/hub\/wp-json\/wp\/v2\/media\/11063"}],"wp:attachment":[{"href":"https:\/\/dehub.netgear.com\/de\/hub\/wp-json\/wp\/v2\/media?parent=11062"}],"curies":[{"name":"wp","href":"https:\/\/api.w.org\/{rel}","templated":true}]}}