{"id":11027,"date":"2025-10-27T07:39:09","date_gmt":"2025-11-15T06:39:54","guid":{"rendered":"https:\/\/dehub.netgear.com\/de\/hub\/?page_id=11027"},"modified":"2025-11-15T07:40:40","modified_gmt":"2025-11-15T06:40:40","slug":"sfp-to-qsfp28-fiber-modules-av-over-ip","status":"publish","type":"page","link":"https:\/\/dehub.netgear.com\/de\/hub\/business\/av\/sfp-to-qsfp28-fiber-modules-av-over-ip\/","title":{"rendered":"Welche Arten von Glasfasermodulen gibt es, und wie unterscheiden sie sich in ihrer Verschlei\u00dfempfindlichkeit?"},"content":{"rendered":"<p><img loading=\"lazy\" decoding=\"async\" class=\"alignone size-full wp-image-10681\" style=\"border-radius: 1em;\" src=\"https:\/\/dehub.netgear.com\/de\/hub\/wp-content\/uploads\/2025\/11\/Screenshot-2025-10-27-at-11.15.07.png\" alt=\"\" width=\"1048\" height=\"511\" \/><\/p>\n    <div class=\"table-of-content bg-gray\">\n        <p><strong>IN THIS ARTICLE<\/strong><\/p>\n        <ul>\n                        <li><a href=\"#topic2\">\u00dcberblick \u00fcber die Modultypen<\/a><\/li>\n                        <li><a href=\"#topic3\">Was macht ein Modul empfindlicher?<\/a><\/li>\n                        <li><a href=\"#topic4\">Was bedeutet das f\u00fcr AV over IP?<\/a><\/li>\n                        <li><a href=\"#topic5\">Fazit<\/a><\/li>\n                        <li><a href=\"#topic6\">Mehr Informationen<\/a><\/li>\n                    <\/ul>\n    <\/div>\n        <div id=\"topic1\" class=\"skip-item\">\n                        <p>In diesem Blog gebe ich einen \u00dcberblick \u00fcber die am h\u00e4ufigsten verwendeten Glasfasermodule \u2013 von SFP bis QSFP28 \u2013 und erkl\u00e4re, wie sie sich unter hohen AV-Lasten verhalten.<\/p>\n    <\/div>\n        <div id=\"topic2\" class=\"skip-item\">\n                        <h2>\u00dcberblick \u00fcber die Modultypen<\/h2>\n                <table class=\"___1hm93bs f1ddd56o f16vktn6 f1enuhaj fdclmfp f1ev3kgc ftgm304 f1uinfot fibjyge fvueend f9yszdx f1fu4s3n f3l3pb3 f1s2k7dp f8fmt76 fjvbh62 fysh76l fic4ptz f1yenhzu f1yn6nvh f14tj6oe f1jq587y f1el8yx3 f1pymoxg f1ofu761 fe6itr f7coize f1794535 f70r78m f4zgifc fk1v6el f16pyhcb fo436u6 fzy4j18 fc43013 f1hmrcvb fc4t9fq fgp09rh fjnyn6r\">\n<thead>\n<tr>\n<th style=\"text-align: left\">Modultyp<\/th>\n<th style=\"text-align: left\">Maximale Geschwindigkeit<\/th>\n<th style=\"text-align: left\">Typische Anwendungen<\/th>\n<th style=\"text-align: left\">Erwartete Lebensdauer<\/th>\n<th style=\"text-align: left\">Empfindlichkeit bei hoher Last<\/th>\n<\/tr>\n<\/thead>\n<tbody>\n<tr>\n<td>SFP<\/td>\n<td>1 Gbit\/s<\/td>\n<td>LAN-Uplinks, IP-Kameras, Medienkonverter<\/td>\n<td>&gt;10 Jahre bei normaler Nutzung<\/td>\n<td>Niedrig \u2013 bleibt k\u00fchl, langsame Abnutzung<\/td>\n<\/tr>\n<tr>\n<td>SFP+<\/td>\n<td>10 Gbit\/s<\/td>\n<td>Rechenzentrumsserver, AV-Matrix-Switching<\/td>\n<td>5\u201310 Jahre bei guter Wartung<\/td>\n<td>Mittel \u2013 erw\u00e4rmt sich bei konstanter 10G-Last<\/td>\n<\/tr>\n<tr>\n<td>SFP28<\/td>\n<td>25 Gbit\/s<\/td>\n<td>4K-Video\u00fcbertragung, Switch-Trunking<\/td>\n<td>~5 Jahre bei intensiver Nutzung<\/td>\n<td>Mittel\/Hoch \u2013 erzeugt W\u00e4rme, ben\u00f6tigt gute K\u00fchlung<\/td>\n<\/tr>\n<tr>\n<td>QSFP (40G)<\/td>\n<td>40 Gbit\/s (4\u00d710G)<\/td>\n<td>Aggregation von 10G-Str\u00f6men, 8K-Experimente<\/td>\n<td>~5 Jahre unter Volllast<\/td>\n<td>Hoch \u2013 4 Laser erzeugen erhebliche W\u00e4rme<\/td>\n<\/tr>\n<tr>\n<td>QSFP28 (100G)<\/td>\n<td>100 Gbit\/s (4\u00d725G)<\/td>\n<td>Backbone-\/Core-Verbindungen, hochdichte AV-Installationen<\/td>\n<td>3\u20135 Jahre bei kontinuierlicher Nutzung<\/td>\n<td>Sehr hoch \u2013 extrem empfindlich gegen\u00fcber thermischem Stress<\/td>\n<\/tr>\n<\/tbody>\n<\/table>\n    <\/div>\n        <div id=\"topic3\" class=\"skip-item\">\n                        <h2>Was macht ein Modul empfindlicher?<\/h2>\n                <ul data-start=\"84\" data-end=\"655\">\n<li data-start=\"84\" data-end=\"272\">\n<p data-start=\"86\" data-end=\"272\"><strong data-start=\"86\" data-end=\"107\">W\u00e4rmeentwicklung:<\/strong> Je h\u00f6her die Geschwindigkeit, desto mehr Energie verbraucht das Modul \u2013 und desto hei\u00dfer wird es. W\u00e4rme beschleunigt die Abnutzung von Laserdioden und Elektronik.<\/p>\n<\/li>\n<li data-start=\"273\" data-end=\"463\">\n<p data-start=\"275\" data-end=\"463\"><strong data-start=\"275\" data-end=\"296\">Bauteilbelastung:<\/strong> Bei h\u00f6heren Datenraten sind die Toleranzen enger. Eine kleine Verschlechterung, die bei 1 Gbit\/s unproblematisch ist, kann bei 25 oder 100 Gbit\/s zu Fehlern f\u00fchren.<\/p>\n<\/li>\n<li data-start=\"464\" data-end=\"655\">\n<p data-start=\"466\" data-end=\"655\"><strong data-start=\"466\" data-end=\"485\">Umweltfaktoren:<\/strong> Module in AV-Racks arbeiten oft unter weniger idealen Bedingungen als in Rechenzentren \u2013 denken Sie an staubige Luft, schwankende Temperaturen und begrenzte Bel\u00fcftung.<\/p>\n<\/li>\n<\/ul>\n    <\/div>\n        <div id=\"topic4\" class=\"skip-item\">\n                        <h2>Was bedeutet das f\u00fcr AV over IP?<\/h2>\n                <p data-start=\"706\" data-end=\"900\">In AV-over-IP-Netzwerken sind <strong data-start=\"736\" data-end=\"750\">SFP+ (10G)<\/strong>&#8211; und <strong data-start=\"756\" data-end=\"771\">SFP28 (25G)<\/strong>-Module besonders beliebt. Sie bieten ausreichend Bandbreite f\u00fcr HD- und 4K-Video, erfordern jedoch gewisse Vorsichtsma\u00dfnahmen:<\/p>\n<ul data-start=\"902\" data-end=\"1262\">\n<li data-start=\"902\" data-end=\"961\">\n<p data-start=\"904\" data-end=\"961\">Sorgen Sie f\u00fcr eine angemessene K\u00fchlung in Ihren Racks.<\/p>\n<\/li>\n<li data-start=\"962\" data-end=\"1056\">\n<p data-start=\"964\" data-end=\"1056\">Im Zweifelsfall industrielle Module w\u00e4hlen, besonders in warmen oder staubigen Umgebungen.<\/p>\n<\/li>\n<li data-start=\"1057\" data-end=\"1184\">\n<p data-start=\"1059\" data-end=\"1184\">Temperatur und Sendeleistung mit <strong data-start=\"1092\" data-end=\"1131\">DDM (Digital Diagnostic Monitoring)<\/strong> \/ <strong data-start=\"1134\" data-end=\"1170\">DOM (Digital Optical Monitoring)<\/strong> \u00fcberwachen.<\/p>\n<\/li>\n<li data-start=\"1185\" data-end=\"1262\">\n<p data-start=\"1187\" data-end=\"1262\">Erw\u00e4gen Sie einen pr\u00e4ventiven Austausch nach 5 Jahren intensiver Nutzung.<\/p>\n<\/li>\n<\/ul>\n<p data-start=\"1264\" data-end=\"1547\"><strong data-start=\"1264\" data-end=\"1281\">QSFP28 (100G)<\/strong>-Module werden zunehmend in AV-over-IP eingesetzt, insbesondere in gro\u00dfen Produktionsumgebungen und in der Broadcast-Branche. Diese Module arbeiten am Limit der thermischen und Zuverl\u00e4ssigkeitsgrenzen \u2013 zus\u00e4tzliche \u00dcberwachung und Redundanz sind hier entscheidend.<\/p>\n    <\/div>\n        <div id=\"topic5\" class=\"skip-item\">\n                        <h2>Fazit<\/h2>\n                <p>Nicht alle Glasfasermodule sind gleichwertig. Die Wahl des richtigen Modultyps \u2013 und des richtigen Qualit\u00e4tsniveaus \u2013 bestimmt wesentlich, wie zuverl\u00e4ssig Ihr AV-Netzwerk langfristig bleibt. In den n\u00e4chsten Blogs werden wir n\u00e4her darauf eingehen, wie Glasfasermodule verschlei\u00dfen und was Sie tun k\u00f6nnen, um diesen Prozess zu verlangsamen.<\/p>\n    <\/div>\n        <div id=\"topic6\" class=\"skip-item\">\n                        <h2>Mehr Informationen<\/h2>\n                <p><!-- IT NETGEAR BUSINESS-L\u00d6SUNGEN--><br \/>\nMehr \u00fcber unsere Business-Produkte erfahren<\/p>\n<div class=\"hs-cta-embed hs-cta-simple-placeholder hs-cta-embed-243392275167\" style=\"max-width: 100%;max-height: 100%;width: 260px;height: 50.390625px\" data-hubspot-wrapper-cta-id=\"243392275167\"><a href=\"https:\/\/cta-na2.hubspot.com\/web-interactives\/public\/v1\/track\/redirect?encryptedPayload=AVxigLI%2Fu8J7nFnep8w0CfLqqlWixXySh0cANLn7TQ3MtLEGeFdfhQxw3AVxVzYlZOkZoVB4gdslqY4il1pZTz7RSKy0mNw%2BF1Y6bdIwWiFAFfgtF%2FkXW%2Fmq0JFY6OQExFSwjiafSp97IxwGv6iNNhiT9X6MQziOnjaAnh9UsXCYR2VD1S791%2F7MVwT1TQ%3D%3D&amp;webInteractiveContentId=243392275167&amp;portalId=242128791\" target=\"_blank\" rel=\"noopener\"><br \/>\n<img decoding=\"async\" style=\"height: 100%;width: 100%;object-fit: fill\" src=\"https:\/\/hubspot-no-cache-na2-prod.s3.amazonaws.com\/cta\/default\/242128791\/interactive-243392275167.png\" alt=\"NETGEAR AV-L\u00d6SUNGEN\" \/><br \/>\n<\/a><\/div>\n<p><!-- IT ACADEMY --><br \/>\nAlles \u00fcber IP-Netzwerke lernen \u2013 in der NETGEAR ACADEMY<\/p>\n<div class=\"hs-cta-embed hs-cta-simple-placeholder hs-cta-embed-243357267644\" style=\"max-width: 100%;max-height: 100%;width: 260px;height: 50.390625px\" data-hubspot-wrapper-cta-id=\"243357267644\"><a href=\"https:\/\/cta-na2.hubspot.com\/web-interactives\/public\/v1\/track\/redirect?encryptedPayload=AVxigLKW9uCCU9FL7iPOCpU%2BvA8Z1UfLRQT8691iSSqh%2BqLrpD%2FITlt6RGXTdhci0W5DkR0wb%2FpK%2BWToDj8Qf0HaQwR0kyzZgK35i%2BhitHvCmHPH8BmXutiugzeYtEHOY6aYTSXoNxDjJJwwtUXAzSqnxQuhx5jjnWcHl4zUp4Dt1tTG2PymP7esgNCNHKHECJ76tda5x0hFMo8JQo6UwGGb9CBw4fyYnA%3D%3D&amp;webInteractiveContentId=243357267644&amp;portalId=242128791\" target=\"_blank\" rel=\"noopener\"><br \/>\n<img decoding=\"async\" style=\"height: 100%;width: 100%;object-fit: fill\" src=\"https:\/\/hubspot-no-cache-na2-prod.s3.amazonaws.com\/cta\/default\/242128791\/interactive-243357267644.png\" alt=\"NETGEAR ACADEMY\" \/><br \/>\n<\/a><\/div>\n<p><!-- KONTAKT PRO-IT-TEAM --><br \/>\nUnsere Ingenieure unterst\u00fctzen Sie kostenlos bei Ihrem Projekt<\/p>\n<div class=\"hs-cta-embed hs-cta-simple-placeholder hs-cta-embed-243357266676\" style=\"max-width: 100%;max-height: 100%;width: 270px;height: 50.390625px\" data-hubspot-wrapper-cta-id=\"243357266676\"><a href=\"https:\/\/cta-na2.hubspot.com\/web-interactives\/public\/v1\/track\/redirect?encryptedPayload=AVxigLL9MaHliYSOIHWsJvXrVuyffxSFGu%2FOD4neANfzotKQLgtjDgnA0CFJQWLPGl5hkjLPFJf7A76nk1yWw939l8y7nc4NGJ1%2Fa58epF2QbqIhW7KyV%2Fr75%2B8GCI%2FfEXyeGuic8buAEe%2F8pDQ63tT6ExQvwvvuG%2BeK5mOqM%2FlNsZUaeR4q5pghXZB3yAUIu7WWwKynlh9Y3Ug9ymAN6sNjHEzXMCgwSYmLqMh7eixTsrgTswO85eLb8rCODQ%3D%3D&amp;webInteractiveContentId=243357266676&amp;portalId=242128791\" target=\"_blank\" rel=\"noopener\"><br \/>\n<img decoding=\"async\" style=\"height: 100%;width: 100%;object-fit: fill\" src=\"https:\/\/hubspot-no-cache-na2-prod.s3.amazonaws.com\/cta\/default\/242128791\/interactive-243357266676.png\" alt=\"KONTAKT PROAV-TEAM\" \/><br \/>\n<\/a><\/div>\n<p style=\"margin-top: 50px\"><iframe loading=\"lazy\" src=\"https:\/\/405nrr.share-na2.hsforms.com\/25w_D-U5iS-e5KaSaP86jnQ\" width=\"100%\" height=\"1200px\"><\/iframe><\/p>\n    <\/div>\n    \n","protected":false},"excerpt":{"rendered":"","protected":false},"author":98,"featured_media":11029,"parent":6754,"menu_order":0,"comment_status":"closed","ping_status":"closed","template":"templates\/blog-wifi.php","meta":{"_acf_changed":false,"footnotes":""},"class_list":["post-11027","page","type-page","status-publish","has-post-thumbnail","hentry"],"acf":[],"yoast_head":"<!-- This site is optimized with the Yoast SEO plugin v27.4 - https:\/\/yoast.com\/product\/yoast-seo-wordpress\/ -->\n<title>Welche Arten von Glasfasermodulen gibt es, und wie unterscheiden sie sich in ihrer Verschlei\u00dfempfindlichkeit? - NETGEAR Hub<\/title>\n<meta name=\"description\" content=\"Welche Arten von Glasfasermodulen gibt es, und wie unterscheiden sie sich in ihrer Verschlei\u00dfempfindlichkeit?\" \/>\n<meta name=\"robots\" content=\"index, follow, max-snippet:-1, max-image-preview:large, max-video-preview:-1\" \/>\n<link rel=\"canonical\" href=\"https:\/\/dehub.netgear.com\/de\/hub\/business\/av\/sfp-to-qsfp28-fiber-modules-av-over-ip\/\" \/>\n<meta property=\"og:locale\" content=\"de_DE\" \/>\n<meta property=\"og:type\" content=\"article\" \/>\n<meta property=\"og:title\" content=\"Welche Arten von Glasfasermodulen gibt es, und wie unterscheiden sie sich in ihrer Verschlei\u00dfempfindlichkeit? - NETGEAR Hub\" \/>\n<meta property=\"og:description\" content=\"Welche Arten von Glasfasermodulen gibt es, und wie unterscheiden sie sich in ihrer Verschlei\u00dfempfindlichkeit?\" \/>\n<meta property=\"og:url\" content=\"https:\/\/dehub.netgear.com\/de\/hub\/business\/av\/sfp-to-qsfp28-fiber-modules-av-over-ip\/\" \/>\n<meta property=\"og:site_name\" content=\"NETGEAR Hub\" \/>\n<meta property=\"article:publisher\" content=\"https:\/\/www.facebook.com\/NetgearAU\/\" \/>\n<meta property=\"article:modified_time\" content=\"2025-11-15T06:40:40+00:00\" \/>\n<meta property=\"og:image\" content=\"https:\/\/dehub.netgear.com\/de\/hub\/wp-content\/uploads\/2025\/11\/Screenshot-2025-10-27-at-11.25.19-383x288-1.png\" \/>\n\t<meta property=\"og:image:width\" content=\"383\" \/>\n\t<meta property=\"og:image:height\" content=\"288\" \/>\n\t<meta property=\"og:image:type\" content=\"image\/png\" \/>\n<meta name=\"twitter:card\" content=\"summary_large_image\" \/>\n<meta name=\"twitter:site\" content=\"@NETGEAR\" \/>\n<script type=\"application\/ld+json\" class=\"yoast-schema-graph\">{\"@context\":\"https:\\\/\\\/schema.org\",\"@graph\":[{\"@type\":\"WebPage\",\"@id\":\"https:\\\/\\\/dehub.netgear.com\\\/de\\\/hub\\\/business\\\/av\\\/sfp-to-qsfp28-fiber-modules-av-over-ip\\\/\",\"url\":\"https:\\\/\\\/dehub.netgear.com\\\/de\\\/hub\\\/business\\\/av\\\/sfp-to-qsfp28-fiber-modules-av-over-ip\\\/\",\"name\":\"Welche Arten von Glasfasermodulen gibt es, und wie unterscheiden sie sich in ihrer Verschlei\u00dfempfindlichkeit? - NETGEAR Hub\",\"isPartOf\":{\"@id\":\"https:\\\/\\\/dehub.netgear.com\\\/de\\\/hub\\\/#website\"},\"primaryImageOfPage\":{\"@id\":\"https:\\\/\\\/dehub.netgear.com\\\/de\\\/hub\\\/business\\\/av\\\/sfp-to-qsfp28-fiber-modules-av-over-ip\\\/#primaryimage\"},\"image\":{\"@id\":\"https:\\\/\\\/dehub.netgear.com\\\/de\\\/hub\\\/business\\\/av\\\/sfp-to-qsfp28-fiber-modules-av-over-ip\\\/#primaryimage\"},\"thumbnailUrl\":\"https:\\\/\\\/dehub.netgear.com\\\/de\\\/hub\\\/wp-content\\\/uploads\\\/2025\\\/11\\\/Screenshot-2025-10-27-at-11.25.19-383x288-1.png\",\"datePublished\":\"2025-11-15T06:39:54+00:00\",\"dateModified\":\"2025-11-15T06:40:40+00:00\",\"description\":\"Welche Arten von Glasfasermodulen gibt es, und wie unterscheiden sie sich in ihrer Verschlei\u00dfempfindlichkeit?\",\"breadcrumb\":{\"@id\":\"https:\\\/\\\/dehub.netgear.com\\\/de\\\/hub\\\/business\\\/av\\\/sfp-to-qsfp28-fiber-modules-av-over-ip\\\/#breadcrumb\"},\"inLanguage\":\"de\",\"potentialAction\":[{\"@type\":\"ReadAction\",\"target\":[\"https:\\\/\\\/dehub.netgear.com\\\/de\\\/hub\\\/business\\\/av\\\/sfp-to-qsfp28-fiber-modules-av-over-ip\\\/\"]}]},{\"@type\":\"ImageObject\",\"inLanguage\":\"de\",\"@id\":\"https:\\\/\\\/dehub.netgear.com\\\/de\\\/hub\\\/business\\\/av\\\/sfp-to-qsfp28-fiber-modules-av-over-ip\\\/#primaryimage\",\"url\":\"https:\\\/\\\/dehub.netgear.com\\\/de\\\/hub\\\/wp-content\\\/uploads\\\/2025\\\/11\\\/Screenshot-2025-10-27-at-11.25.19-383x288-1.png\",\"contentUrl\":\"https:\\\/\\\/dehub.netgear.com\\\/de\\\/hub\\\/wp-content\\\/uploads\\\/2025\\\/11\\\/Screenshot-2025-10-27-at-11.25.19-383x288-1.png\",\"width\":383,\"height\":288},{\"@type\":\"BreadcrumbList\",\"@id\":\"https:\\\/\\\/dehub.netgear.com\\\/de\\\/hub\\\/business\\\/av\\\/sfp-to-qsfp28-fiber-modules-av-over-ip\\\/#breadcrumb\",\"itemListElement\":[{\"@type\":\"ListItem\",\"position\":1,\"name\":\"Home\",\"item\":\"https:\\\/\\\/dehub.netgear.com\\\/de\\\/hub\\\/\"},{\"@type\":\"ListItem\",\"position\":2,\"name\":\"Business Articles Hub\",\"item\":\"https:\\\/\\\/dehub.netgear.com\\\/de\\\/hub\\\/business\\\/\"},{\"@type\":\"ListItem\",\"position\":3,\"name\":\"Business AV\",\"item\":\"https:\\\/\\\/dehub.netgear.com\\\/de\\\/hub\\\/business\\\/av\\\/\"},{\"@type\":\"ListItem\",\"position\":4,\"name\":\"Welche Arten von Glasfasermodulen gibt es, und wie unterscheiden sie sich in ihrer Verschlei\u00dfempfindlichkeit?\"}]},{\"@type\":\"WebSite\",\"@id\":\"https:\\\/\\\/dehub.netgear.com\\\/de\\\/hub\\\/#website\",\"url\":\"https:\\\/\\\/dehub.netgear.com\\\/de\\\/hub\\\/\",\"name\":\"NETGEAR\",\"description\":\"Erkunden Sie unsere Hub-Seiten und st\u00f6bern Sie in Artikeln, um mehr \u00fcber NETGEAR Produkte und Technologien zu erfahren.\",\"publisher\":{\"@id\":\"https:\\\/\\\/dehub.netgear.com\\\/de\\\/hub\\\/#organization\"},\"potentialAction\":[{\"@type\":\"SearchAction\",\"target\":{\"@type\":\"EntryPoint\",\"urlTemplate\":\"https:\\\/\\\/dehub.netgear.com\\\/de\\\/hub\\\/?s={search_term_string}\"},\"query-input\":{\"@type\":\"PropertyValueSpecification\",\"valueRequired\":true,\"valueName\":\"search_term_string\"}}],\"inLanguage\":\"de\"},{\"@type\":\"Organization\",\"@id\":\"https:\\\/\\\/dehub.netgear.com\\\/de\\\/hub\\\/#organization\",\"name\":\"NETGEAR\",\"url\":\"https:\\\/\\\/dehub.netgear.com\\\/de\\\/hub\\\/\",\"logo\":{\"@type\":\"ImageObject\",\"inLanguage\":\"de\",\"@id\":\"https:\\\/\\\/dehub.netgear.com\\\/de\\\/hub\\\/#\\\/schema\\\/logo\\\/image\\\/\",\"url\":\"https:\\\/\\\/www.dehub.netgear.com\\\/de\\\/hub\\\/wp-content\\\/uploads\\\/2019\\\/07\\\/NETGEAR_logo.jpg\",\"contentUrl\":\"https:\\\/\\\/www.dehub.netgear.com\\\/de\\\/hub\\\/wp-content\\\/uploads\\\/2019\\\/07\\\/NETGEAR_logo.jpg\",\"width\":1500,\"height\":501,\"caption\":\"NETGEAR\"},\"image\":{\"@id\":\"https:\\\/\\\/dehub.netgear.com\\\/de\\\/hub\\\/#\\\/schema\\\/logo\\\/image\\\/\"},\"sameAs\":[\"https:\\\/\\\/www.facebook.com\\\/NetgearAU\\\/\",\"https:\\\/\\\/x.com\\\/NETGEAR\",\"https:\\\/\\\/www.linkedin.com\\\/company\\\/netgear\"]}]}<\/script>\n<!-- \/ Yoast SEO plugin. -->","yoast_head_json":{"title":"Welche Arten von Glasfasermodulen gibt es, und wie unterscheiden sie sich in ihrer Verschlei\u00dfempfindlichkeit? - NETGEAR Hub","description":"Welche Arten von Glasfasermodulen gibt es, und wie unterscheiden sie sich in ihrer Verschlei\u00dfempfindlichkeit?","robots":{"index":"index","follow":"follow","max-snippet":"max-snippet:-1","max-image-preview":"max-image-preview:large","max-video-preview":"max-video-preview:-1"},"canonical":"https:\/\/dehub.netgear.com\/de\/hub\/business\/av\/sfp-to-qsfp28-fiber-modules-av-over-ip\/","og_locale":"de_DE","og_type":"article","og_title":"Welche Arten von Glasfasermodulen gibt es, und wie unterscheiden sie sich in ihrer Verschlei\u00dfempfindlichkeit? - NETGEAR Hub","og_description":"Welche Arten von Glasfasermodulen gibt es, und wie unterscheiden sie sich in ihrer Verschlei\u00dfempfindlichkeit?","og_url":"https:\/\/dehub.netgear.com\/de\/hub\/business\/av\/sfp-to-qsfp28-fiber-modules-av-over-ip\/","og_site_name":"NETGEAR Hub","article_publisher":"https:\/\/www.facebook.com\/NetgearAU\/","article_modified_time":"2025-11-15T06:40:40+00:00","og_image":[{"width":383,"height":288,"url":"https:\/\/dehub.netgear.com\/de\/hub\/wp-content\/uploads\/2025\/11\/Screenshot-2025-10-27-at-11.25.19-383x288-1.png","type":"image\/png"}],"twitter_card":"summary_large_image","twitter_site":"@NETGEAR","schema":{"@context":"https:\/\/schema.org","@graph":[{"@type":"WebPage","@id":"https:\/\/dehub.netgear.com\/de\/hub\/business\/av\/sfp-to-qsfp28-fiber-modules-av-over-ip\/","url":"https:\/\/dehub.netgear.com\/de\/hub\/business\/av\/sfp-to-qsfp28-fiber-modules-av-over-ip\/","name":"Welche Arten von Glasfasermodulen gibt es, und wie unterscheiden sie sich in ihrer Verschlei\u00dfempfindlichkeit? - NETGEAR Hub","isPartOf":{"@id":"https:\/\/dehub.netgear.com\/de\/hub\/#website"},"primaryImageOfPage":{"@id":"https:\/\/dehub.netgear.com\/de\/hub\/business\/av\/sfp-to-qsfp28-fiber-modules-av-over-ip\/#primaryimage"},"image":{"@id":"https:\/\/dehub.netgear.com\/de\/hub\/business\/av\/sfp-to-qsfp28-fiber-modules-av-over-ip\/#primaryimage"},"thumbnailUrl":"https:\/\/dehub.netgear.com\/de\/hub\/wp-content\/uploads\/2025\/11\/Screenshot-2025-10-27-at-11.25.19-383x288-1.png","datePublished":"2025-11-15T06:39:54+00:00","dateModified":"2025-11-15T06:40:40+00:00","description":"Welche Arten von Glasfasermodulen gibt es, und wie unterscheiden sie sich in ihrer Verschlei\u00dfempfindlichkeit?","breadcrumb":{"@id":"https:\/\/dehub.netgear.com\/de\/hub\/business\/av\/sfp-to-qsfp28-fiber-modules-av-over-ip\/#breadcrumb"},"inLanguage":"de","potentialAction":[{"@type":"ReadAction","target":["https:\/\/dehub.netgear.com\/de\/hub\/business\/av\/sfp-to-qsfp28-fiber-modules-av-over-ip\/"]}]},{"@type":"ImageObject","inLanguage":"de","@id":"https:\/\/dehub.netgear.com\/de\/hub\/business\/av\/sfp-to-qsfp28-fiber-modules-av-over-ip\/#primaryimage","url":"https:\/\/dehub.netgear.com\/de\/hub\/wp-content\/uploads\/2025\/11\/Screenshot-2025-10-27-at-11.25.19-383x288-1.png","contentUrl":"https:\/\/dehub.netgear.com\/de\/hub\/wp-content\/uploads\/2025\/11\/Screenshot-2025-10-27-at-11.25.19-383x288-1.png","width":383,"height":288},{"@type":"BreadcrumbList","@id":"https:\/\/dehub.netgear.com\/de\/hub\/business\/av\/sfp-to-qsfp28-fiber-modules-av-over-ip\/#breadcrumb","itemListElement":[{"@type":"ListItem","position":1,"name":"Home","item":"https:\/\/dehub.netgear.com\/de\/hub\/"},{"@type":"ListItem","position":2,"name":"Business Articles Hub","item":"https:\/\/dehub.netgear.com\/de\/hub\/business\/"},{"@type":"ListItem","position":3,"name":"Business AV","item":"https:\/\/dehub.netgear.com\/de\/hub\/business\/av\/"},{"@type":"ListItem","position":4,"name":"Welche Arten von Glasfasermodulen gibt es, und wie unterscheiden sie sich in ihrer Verschlei\u00dfempfindlichkeit?"}]},{"@type":"WebSite","@id":"https:\/\/dehub.netgear.com\/de\/hub\/#website","url":"https:\/\/dehub.netgear.com\/de\/hub\/","name":"NETGEAR","description":"Erkunden Sie unsere Hub-Seiten und st\u00f6bern Sie in Artikeln, um mehr \u00fcber NETGEAR Produkte und Technologien zu erfahren.","publisher":{"@id":"https:\/\/dehub.netgear.com\/de\/hub\/#organization"},"potentialAction":[{"@type":"SearchAction","target":{"@type":"EntryPoint","urlTemplate":"https:\/\/dehub.netgear.com\/de\/hub\/?s={search_term_string}"},"query-input":{"@type":"PropertyValueSpecification","valueRequired":true,"valueName":"search_term_string"}}],"inLanguage":"de"},{"@type":"Organization","@id":"https:\/\/dehub.netgear.com\/de\/hub\/#organization","name":"NETGEAR","url":"https:\/\/dehub.netgear.com\/de\/hub\/","logo":{"@type":"ImageObject","inLanguage":"de","@id":"https:\/\/dehub.netgear.com\/de\/hub\/#\/schema\/logo\/image\/","url":"https:\/\/www.dehub.netgear.com\/de\/hub\/wp-content\/uploads\/2019\/07\/NETGEAR_logo.jpg","contentUrl":"https:\/\/www.dehub.netgear.com\/de\/hub\/wp-content\/uploads\/2019\/07\/NETGEAR_logo.jpg","width":1500,"height":501,"caption":"NETGEAR"},"image":{"@id":"https:\/\/dehub.netgear.com\/de\/hub\/#\/schema\/logo\/image\/"},"sameAs":["https:\/\/www.facebook.com\/NetgearAU\/","https:\/\/x.com\/NETGEAR","https:\/\/www.linkedin.com\/company\/netgear"]}]}},"_links":{"self":[{"href":"https:\/\/dehub.netgear.com\/de\/hub\/wp-json\/wp\/v2\/pages\/11027","targetHints":{"allow":["GET"]}}],"collection":[{"href":"https:\/\/dehub.netgear.com\/de\/hub\/wp-json\/wp\/v2\/pages"}],"about":[{"href":"https:\/\/dehub.netgear.com\/de\/hub\/wp-json\/wp\/v2\/types\/page"}],"author":[{"embeddable":true,"href":"https:\/\/dehub.netgear.com\/de\/hub\/wp-json\/wp\/v2\/users\/98"}],"replies":[{"embeddable":true,"href":"https:\/\/dehub.netgear.com\/de\/hub\/wp-json\/wp\/v2\/comments?post=11027"}],"version-history":[{"count":1,"href":"https:\/\/dehub.netgear.com\/de\/hub\/wp-json\/wp\/v2\/pages\/11027\/revisions"}],"predecessor-version":[{"id":11030,"href":"https:\/\/dehub.netgear.com\/de\/hub\/wp-json\/wp\/v2\/pages\/11027\/revisions\/11030"}],"up":[{"embeddable":true,"href":"https:\/\/dehub.netgear.com\/de\/hub\/wp-json\/wp\/v2\/pages\/6754"}],"wp:featuredmedia":[{"embeddable":true,"href":"https:\/\/dehub.netgear.com\/de\/hub\/wp-json\/wp\/v2\/media\/11029"}],"wp:attachment":[{"href":"https:\/\/dehub.netgear.com\/de\/hub\/wp-json\/wp\/v2\/media?parent=11027"}],"curies":[{"name":"wp","href":"https:\/\/api.w.org\/{rel}","templated":true}]}}