{"id":10997,"date":"2025-11-04T12:51:55","date_gmt":"2025-11-04T11:51:55","guid":{"rendered":"https:\/\/dehub.netgear.com\/de\/hub\/?page_id=10997"},"modified":"2025-11-05T13:00:14","modified_gmt":"2025-11-05T12:00:14","slug":"netgear-academy-expands-av-over-ip-training","status":"publish","type":"page","link":"https:\/\/dehub.netgear.com\/de\/hub\/business\/av\/netgear-academy-expands-av-over-ip-training\/","title":{"rendered":"NETGEAR Academy begegnet dem Fachkr\u00e4ftemangel der Branche mit einer erweiterten Trainingsplattform"},"content":{"rendered":"<p><img loading=\"lazy\" decoding=\"async\" class=\"alignone size-full wp-image-10681\" style=\"border-radius: 1em;\" src=\"https:\/\/dehub.netgear.com\/de\/hub\/wp-content\/uploads\/2025\/11\/NETGEAR-Academy-online-learning-webinars.jpg\" alt=\"\" width=\"1048\" height=\"511\" \/><\/p>\n    <div class=\"table-of-content bg-gray\">\n        <p><strong>IN THIS ARTICLE<\/strong><\/p>\n        <ul>\n                        <li><a href=\"#topic1\">Das IP-Nadel\u00f6hr in der AV-Welt<\/a><\/li>\n                        <li><a href=\"#topic3\">Eine gemeinsame L\u00f6sung<\/a><\/li>\n                        <li><a href=\"#topic4\">Langfristig Talente aufbauen<\/a><\/li>\n                        <li><a href=\"#topic5\">Bereit, Ihre Karriere mit kostenlosen professionellen Zertifizierungen voranzubringen?<\/a><\/li>\n                        <li><a href=\"#topic6\">Mehr Informationen<\/a><\/li>\n                    <\/ul>\n    <\/div>\n        <div id=\"topic1\" class=\"skip-item\">\n                        <h2>Das IP-Nadel\u00f6hr in der AV-Welt<\/h2>\n                <p>Die AV- und Broadcast-Branche steht vor einer wachsenden Qualifikationsl\u00fccke \u2013 und <strong>NETGEAR<\/strong> \u00fcbernimmt die F\u00fchrung, um sie zu schlie\u00dfen. Mit der neu erweiterten <strong>NETGEAR Academy<\/strong> haben Fachleute nun kostenlosen Zugang zu erstklassigen Schulungen im Bereich <strong>AV \u00fcber IP<\/strong>, entwickelt in Zusammenarbeit mit f\u00fchrenden Branchenpartnern.<\/p>\n<p>Die AV- und Broadcast-Industrie erlebt eine akute Qualifikationskrise. Offene Stellen bleiben monatelang unbesetzt. Projekte verz\u00f6gern sich, weil Teams nicht \u00fcber das n\u00f6tige IP-Infrastruktur-Wissen verf\u00fcgen. Installationen scheitern aufgrund falsch konfigurierter Switches oder schlecht segmentierter Netzwerke.<\/p>\n<p>Heute k\u00fcndigt NETGEAR einen gro\u00dfen Schritt zur L\u00f6sung dieses Problems an: Die <strong>NETGEAR Academy<\/strong> hat sich zur umfassendsten Quelle f\u00fcr professionelle <strong>AV-over-IP-Schulungen<\/strong> in der Branche entwickelt \u2013 mit Inhalten von f\u00fchrenden Partnern wie <strong>AVB Academy, Crestron, Dante by Audinate, Lightware, Powersoft, Q-Sys, SDVoE Alliance<\/strong> und <strong>Sennheiser<\/strong>, und weitere werden folgen.<\/p>\n<p>Der Wandel hin zu IP-basiertem AV hat eine dringende Wissensl\u00fccke geschaffen. Traditionelle AV-Techniker verf\u00fcgen oft nicht \u00fcber ausreichende Netzwerkkenntnisse, w\u00e4hrend IT-Fachleute zwar Switches und Router beherrschen, aber Echtzeit-Medienprotokolle nicht immer verstehen. Das f\u00fchrt dazu, dass Integratoren Projekte verschieben oder w\u00e4hrend der Installation kurzfristig Unterst\u00fctzung ben\u00f6tigen, wenn Konfigurations- oder Testfehler auftreten.<\/p>\n    <\/div>\n        <div id=\"topic2\" class=\"skip-item\">\n                        <div style=\"align-items: center\">\n<figure style=\"width: 500px\" class=\"wp-caption alignleft\"><img loading=\"lazy\" decoding=\"async\" style=\"width: 400px;margin-right: 15px\" src=\"https:\/\/dehub.netgear.com\/de\/hub\/wp-content\/uploads\/2025\/11\/GusMarcondes.jpg\" alt=\"Gus Marcondes\" width=\"500\" height=\"500\" \/><figcaption class=\"wp-caption-text\"><strong>Gus Marcondes, Global Training Manager<\/strong><\/figcaption><\/figure>\n<blockquote><p>&nbsp;<\/p>\n<p>&nbsp;<\/p>\n<p>&#8222;<strong><em>Wir sehen, dass unsere Partner Schwierigkeiten haben, Fachkr\u00e4fte zu finden, die Multicast, VLANs und QoS verstehen \u2013 all die Grundlagen, die AV over IP reibungslos funktionieren lassen,\u201c erkl\u00e4rt Gus Marcondes, Global Training Manager bei NETGEAR Enterprise. \u201eDeshalb haben wir die NETGEAR Academy kostenlos gemacht und entwickeln sie zur ma\u00dfgeblichen IP-Schulungsplattform der Branche.<\/em><\/strong>&#8222;<\/p><\/blockquote>\n<\/div>\n<p>&nbsp;<\/p>\n    <\/div>\n        <div id=\"topic3\" class=\"skip-item\">\n                        <h2>Eine gemeinsame L\u00f6sung<\/h2>\n                <p>Anstatt dass jeder Hersteller seine eigene, begrenzte Trainingsplattform unterh\u00e4lt, bietet die NETGEAR Academy eine zentrale Plattform, auf der Fachleute umfassendes Wissen \u00fcber IP-Infrastrukturen aufbauen k\u00f6nnen.<br \/>\nPartnerunternehmen liefern Videodemonstrationen realer L\u00f6sungen, interaktive Quizfragen zur Wissensvertiefung und detaillierte PDF-Unterlagen als technische Referenz.<br \/>\nDie Plattform schlie\u00dft Wissensl\u00fccken zwischen verschiedenen Fachbereichen: IT-Teams sind stark in Netzarchitektur, kennen aber oft keine Echtzeit-AV-Protokolle. Broadcast-Profis sind Experten f\u00fcr Inhaltsproduktion, \u00fcbersehen jedoch manchmal Infrastrukturdetails. Kommerzielle Integratoren verstehen den Projektablauf, k\u00f6nnen aber von einem tieferen Verst\u00e4ndnis des gesamten IP-\u00d6kosystems profitieren.<br \/>\n\u201e<em>Erfolg in vernetzten AV-Umgebungen h\u00e4ngt weniger von propriet\u00e4ren Geheimnissen ab, sondern vielmehr davon, wie gut man versteht, wie vernetzte Systeme zusammenarbeiten,<\/em>\u201c sagt <strong>Richard Jonker<\/strong>, VP Marketing und Business Development bei NETGEAR AV. \u201e<em>Gut ausgebildete Kunden sind bessere Kunden \u2013 und geteiltes Wissen f\u00fchrt zu besseren L\u00f6sungen<\/em>.\u201c<\/p>\n    <\/div>\n        <div id=\"topic4\" class=\"skip-item\">\n                        <h2>Langfristig Talente aufbauen<\/h2>\n                <p>Der traditionelle Ansatz, ausschlie\u00dflich bereits vollst\u00e4ndig ausgebildete Fachkr\u00e4fte einzustellen, ist nicht skalierbar. Diese Experten sind selten und teuer. Die nachhaltige L\u00f6sung besteht darin, <strong>Talente intern aufzubauen<\/strong> \u2013 durch strukturierte Schulungsprogramme.<\/p>\n<p>\u201eAV over IP wird sich nicht verlangsamen. Die Nachfrage w\u00e4chst. Projekte werden komplexer,\u201c betont <strong>Marcondes<\/strong>. \u201eWenn wir jetzt nicht in Ausbildung und Personalentwicklung investieren, sto\u00dfen wir bald an unsere Grenzen. Wir m\u00fcssen langfristig denken: Talente aufbauen, Wissen teilen, uns gegenseitig unterst\u00fctzen.\u201c<\/p>\n<p>Mit <strong>\u00fcber 1.000 neuen Fachleuten, die sich monatlich anmelden<\/strong>, bietet die <strong>NETGEAR Academy<\/strong> die Plattform f\u00fcr diese langfristige Investition \u2013 <strong>kostenlos<\/strong> f\u00fcr Unternehmen und Einzelpersonen.<br \/>\nNETGEAR wird weiterhin Partnerinhalte hinzuf\u00fcgen und seine Reichweite in den Bereichen kommerzielle AV-Integration, Live- und Broadcast-Produktion sowie IT-Communities erweitern.<\/p>\n<p><img loading=\"lazy\" decoding=\"async\" class=\"alignnone size-full wp-image-10993\" src=\"https:\/\/dehub.netgear.com\/de\/hub\/wp-content\/uploads\/2025\/11\/Academy-Slider_On-demand-Trainingv2.png\" alt=\"\" width=\"2250\" height=\"810\" srcset=\"https:\/\/dehub.netgear.com\/de\/hub\/wp-content\/uploads\/2025\/11\/Academy-Slider_On-demand-Trainingv2.png 2250w, https:\/\/dehub.netgear.com\/de\/hub\/wp-content\/uploads\/2025\/11\/Academy-Slider_On-demand-Trainingv2-300x108.png 300w, https:\/\/dehub.netgear.com\/de\/hub\/wp-content\/uploads\/2025\/11\/Academy-Slider_On-demand-Trainingv2-1024x369.png 1024w, https:\/\/dehub.netgear.com\/de\/hub\/wp-content\/uploads\/2025\/11\/Academy-Slider_On-demand-Trainingv2-768x276.png 768w, https:\/\/dehub.netgear.com\/de\/hub\/wp-content\/uploads\/2025\/11\/Academy-Slider_On-demand-Trainingv2-1536x553.png 1536w, https:\/\/dehub.netgear.com\/de\/hub\/wp-content\/uploads\/2025\/11\/Academy-Slider_On-demand-Trainingv2-2048x737.png 2048w\" sizes=\"auto, (max-width: 2250px) 100vw, 2250px\" \/><\/p>\n    <\/div>\n        <div id=\"topic5\" class=\"skip-item\">\n                        <h2>Bereit, Ihre Karriere mit kostenlosen professionellen Zertifizierungen voranzubringen?<\/h2>\n                <p>Besuchen Sie academy.netgear.com und legen Sie los.<\/p>\n<div class=\"hs-cta-embed hs-cta-simple-placeholder hs-cta-embed-243357267644\" style=\"max-width: 100%;max-height: 100%;width: 260px;height: 50.390625px\" data-hubspot-wrapper-cta-id=\"243357267644\"><a href=\"https:\/\/cta-na2.hubspot.com\/web-interactives\/public\/v1\/track\/redirect?encryptedPayload=AVxigLKW9uCCU9FL7iPOCpU%2BvA8Z1UfLRQT8691iSSqh%2BqLrpD%2FITlt6RGXTdhci0W5DkR0wb%2FpK%2BWToDj8Qf0HaQwR0kyzZgK35i%2BhitHvCmHPH8BmXutiugzeYtEHOY6aYTSXoNxDjJJwwtUXAzSqnxQuhx5jjnWcHl4zUp4Dt1tTG2PymP7esgNCNHKHECJ76tda5x0hFMo8JQo6UwGGb9CBw4fyYnA%3D%3D&amp;webInteractiveContentId=243357267644&amp;portalId=242128791\" target=\"_blank\" rel=\"noopener\"><br \/>\n<img decoding=\"async\" style=\"height: 100%;width: 100%;object-fit: fill\" src=\"https:\/\/hubspot-no-cache-na2-prod.s3.amazonaws.com\/cta\/default\/242128791\/interactive-243357267644.png\" alt=\"NETGEAR ACADEMY\" \/><\/p>\n    <\/div>\n        <div id=\"topic6\" class=\"skip-item\">\n                        <h2>Mehr Informationen<\/h2>\n                <p>Mehr \u00fcber unsere Business-Produkte erfahren<\/p>\n<div class=\"hs-cta-embed hs-cta-simple-placeholder hs-cta-embed-243392275167\" style=\"max-width: 100%;max-height: 100%;width: 260px;height: 50.390625px\" data-hubspot-wrapper-cta-id=\"243392275167\"><a href=\"https:\/\/cta-na2.hubspot.com\/web-interactives\/public\/v1\/track\/redirect?encryptedPayload=AVxigLI%2Fu8J7nFnep8w0CfLqqlWixXySh0cANLn7TQ3MtLEGeFdfhQxw3AVxVzYlZOkZoVB4gdslqY4il1pZTz7RSKy0mNw%2BF1Y6bdIwWiFAFfgtF%2FkXW%2Fmq0JFY6OQExFSwjiafSp97IxwGv6iNNhiT9X6MQziOnjaAnh9UsXCYR2VD1S791%2F7MVwT1TQ%3D%3D&amp;webInteractiveContentId=243392275167&amp;portalId=242128791\" target=\"_blank\" rel=\"noopener\"><br \/>\n<img decoding=\"async\" style=\"height: 100%;width: 100%;object-fit: fill\" src=\"https:\/\/hubspot-no-cache-na2-prod.s3.amazonaws.com\/cta\/default\/242128791\/interactive-243392275167.png\" alt=\"NETGEAR AV-L\u00d6SUNGEN\" \/><br \/>\n<\/a><\/div>\n<p>Unsere Ingenieure unterst\u00fctzen Sie kostenlos bei Ihrem Projekt<\/p>\n<div class=\"hs-cta-embed hs-cta-simple-placeholder hs-cta-embed-243357266676\" style=\"max-width: 100%;max-height: 100%;width: 270px;height: 50.390625px\" data-hubspot-wrapper-cta-id=\"243357266676\"><a href=\"https:\/\/cta-na2.hubspot.com\/web-interactives\/public\/v1\/track\/redirect?encryptedPayload=AVxigLL9MaHliYSOIHWsJvXrVuyffxSFGu%2FOD4neANfzotKQLgtjDgnA0CFJQWLPGl5hkjLPFJf7A76nk1yWw939l8y7nc4NGJ1%2Fa58epF2QbqIhW7KyV%2Fr75%2B8GCI%2FfEXyeGuic8buAEe%2F8pDQ63tT6ExQvwvvuG%2BeK5mOqM%2FlNsZUaeR4q5pghXZB3yAUIu7WWwKynlh9Y3Ug9ymAN6sNjHEzXMCgwSYmLqMh7eixTsrgTswO85eLb8rCODQ%3D%3D&amp;webInteractiveContentId=243357266676&amp;portalId=242128791\" target=\"_blank\" rel=\"noopener\"><br \/>\n<img decoding=\"async\" style=\"height: 100%;width: 100%;object-fit: fill\" src=\"https:\/\/hubspot-no-cache-na2-prod.s3.amazonaws.com\/cta\/default\/242128791\/interactive-243357266676.png\" alt=\"KONTAKT PROAV-TEAM\" \/><br \/>\n<\/a><\/div>\n<p style=\"margin-top: 50px\"><iframe loading=\"lazy\" src=\"https:\/\/405nrr.share-na2.hsforms.com\/25w_D-U5iS-e5KaSaP86jnQ\" width=\"100%\" height=\"1200px\"><\/iframe><\/p>\n    <\/div>\n    \n","protected":false},"excerpt":{"rendered":"","protected":false},"author":94,"featured_media":10995,"parent":6754,"menu_order":0,"comment_status":"closed","ping_status":"closed","template":"templates\/blog-wifi.php","meta":{"_acf_changed":false,"footnotes":""},"class_list":["post-10997","page","type-page","status-publish","has-post-thumbnail","hentry"],"acf":[],"yoast_head":"<!-- This site is optimized with the Yoast SEO plugin v27.4 - https:\/\/yoast.com\/product\/yoast-seo-wordpress\/ -->\n<title>NETGEAR Academy begegnet dem Fachkr\u00e4ftemangel der Branche mit einer erweiterten Trainingsplattform - NETGEAR Hub<\/title>\n<meta name=\"description\" content=\"NETGEAR Academy erweitert ihr Angebot mit neuen AV-over-IP-Schulungen von f\u00fchrenden Branchenpartnern \u2013 und schlie\u00dft so die Qualifikationsl\u00fccke in den Bereichen AV und Rundfunk mit kostenlosen professionellen Kursen.\" \/>\n<meta name=\"robots\" content=\"index, follow, max-snippet:-1, max-image-preview:large, max-video-preview:-1\" \/>\n<link rel=\"canonical\" href=\"https:\/\/dehub.netgear.com\/de\/hub\/business\/av\/netgear-academy-expands-av-over-ip-training\/\" \/>\n<meta property=\"og:locale\" content=\"de_DE\" \/>\n<meta property=\"og:type\" content=\"article\" \/>\n<meta property=\"og:title\" content=\"NETGEAR Academy begegnet dem Fachkr\u00e4ftemangel der Branche mit einer erweiterten Trainingsplattform - NETGEAR Hub\" \/>\n<meta property=\"og:description\" content=\"NETGEAR Academy erweitert ihr Angebot mit neuen AV-over-IP-Schulungen von f\u00fchrenden Branchenpartnern \u2013 und schlie\u00dft so die Qualifikationsl\u00fccke in den Bereichen AV und Rundfunk mit kostenlosen professionellen Kursen.\" \/>\n<meta property=\"og:url\" content=\"https:\/\/dehub.netgear.com\/de\/hub\/business\/av\/netgear-academy-expands-av-over-ip-training\/\" \/>\n<meta property=\"og:site_name\" content=\"NETGEAR Hub\" \/>\n<meta property=\"article:publisher\" content=\"https:\/\/www.facebook.com\/NetgearAU\/\" \/>\n<meta property=\"article:modified_time\" content=\"2025-11-05T12:00:14+00:00\" \/>\n<meta property=\"og:image\" content=\"https:\/\/dehub.netgear.com\/de\/hub\/wp-content\/uploads\/2025\/11\/NETGEAR-Academy-tower-tradeshow.jpg\" \/>\n\t<meta property=\"og:image:width\" content=\"720\" \/>\n\t<meta property=\"og:image:height\" content=\"720\" \/>\n\t<meta property=\"og:image:type\" content=\"image\/jpeg\" \/>\n<meta name=\"twitter:card\" content=\"summary_large_image\" \/>\n<meta name=\"twitter:site\" content=\"@NETGEAR\" \/>\n<script type=\"application\/ld+json\" class=\"yoast-schema-graph\">{\"@context\":\"https:\\\/\\\/schema.org\",\"@graph\":[{\"@type\":\"WebPage\",\"@id\":\"https:\\\/\\\/dehub.netgear.com\\\/de\\\/hub\\\/business\\\/av\\\/netgear-academy-expands-av-over-ip-training\\\/\",\"url\":\"https:\\\/\\\/dehub.netgear.com\\\/de\\\/hub\\\/business\\\/av\\\/netgear-academy-expands-av-over-ip-training\\\/\",\"name\":\"NETGEAR Academy begegnet dem Fachkr\u00e4ftemangel der Branche mit einer erweiterten Trainingsplattform - NETGEAR Hub\",\"isPartOf\":{\"@id\":\"https:\\\/\\\/dehub.netgear.com\\\/de\\\/hub\\\/#website\"},\"primaryImageOfPage\":{\"@id\":\"https:\\\/\\\/dehub.netgear.com\\\/de\\\/hub\\\/business\\\/av\\\/netgear-academy-expands-av-over-ip-training\\\/#primaryimage\"},\"image\":{\"@id\":\"https:\\\/\\\/dehub.netgear.com\\\/de\\\/hub\\\/business\\\/av\\\/netgear-academy-expands-av-over-ip-training\\\/#primaryimage\"},\"thumbnailUrl\":\"https:\\\/\\\/dehub.netgear.com\\\/de\\\/hub\\\/wp-content\\\/uploads\\\/2025\\\/11\\\/NETGEAR-Academy-tower-tradeshow.jpg\",\"datePublished\":\"2025-11-04T11:51:55+00:00\",\"dateModified\":\"2025-11-05T12:00:14+00:00\",\"description\":\"NETGEAR Academy erweitert ihr Angebot mit neuen AV-over-IP-Schulungen von f\u00fchrenden Branchenpartnern \u2013 und schlie\u00dft so die Qualifikationsl\u00fccke in den Bereichen AV und Rundfunk mit kostenlosen professionellen Kursen.\",\"breadcrumb\":{\"@id\":\"https:\\\/\\\/dehub.netgear.com\\\/de\\\/hub\\\/business\\\/av\\\/netgear-academy-expands-av-over-ip-training\\\/#breadcrumb\"},\"inLanguage\":\"de\",\"potentialAction\":[{\"@type\":\"ReadAction\",\"target\":[\"https:\\\/\\\/dehub.netgear.com\\\/de\\\/hub\\\/business\\\/av\\\/netgear-academy-expands-av-over-ip-training\\\/\"]}]},{\"@type\":\"ImageObject\",\"inLanguage\":\"de\",\"@id\":\"https:\\\/\\\/dehub.netgear.com\\\/de\\\/hub\\\/business\\\/av\\\/netgear-academy-expands-av-over-ip-training\\\/#primaryimage\",\"url\":\"https:\\\/\\\/dehub.netgear.com\\\/de\\\/hub\\\/wp-content\\\/uploads\\\/2025\\\/11\\\/NETGEAR-Academy-tower-tradeshow.jpg\",\"contentUrl\":\"https:\\\/\\\/dehub.netgear.com\\\/de\\\/hub\\\/wp-content\\\/uploads\\\/2025\\\/11\\\/NETGEAR-Academy-tower-tradeshow.jpg\",\"width\":720,\"height\":720},{\"@type\":\"BreadcrumbList\",\"@id\":\"https:\\\/\\\/dehub.netgear.com\\\/de\\\/hub\\\/business\\\/av\\\/netgear-academy-expands-av-over-ip-training\\\/#breadcrumb\",\"itemListElement\":[{\"@type\":\"ListItem\",\"position\":1,\"name\":\"Home\",\"item\":\"https:\\\/\\\/dehub.netgear.com\\\/de\\\/hub\\\/\"},{\"@type\":\"ListItem\",\"position\":2,\"name\":\"Business Articles Hub\",\"item\":\"https:\\\/\\\/dehub.netgear.com\\\/de\\\/hub\\\/business\\\/\"},{\"@type\":\"ListItem\",\"position\":3,\"name\":\"Business AV\",\"item\":\"https:\\\/\\\/dehub.netgear.com\\\/de\\\/hub\\\/business\\\/av\\\/\"},{\"@type\":\"ListItem\",\"position\":4,\"name\":\"NETGEAR Academy begegnet dem Fachkr\u00e4ftemangel der Branche mit einer erweiterten Trainingsplattform\"}]},{\"@type\":\"WebSite\",\"@id\":\"https:\\\/\\\/dehub.netgear.com\\\/de\\\/hub\\\/#website\",\"url\":\"https:\\\/\\\/dehub.netgear.com\\\/de\\\/hub\\\/\",\"name\":\"NETGEAR\",\"description\":\"Erkunden Sie unsere Hub-Seiten und st\u00f6bern Sie in Artikeln, um mehr \u00fcber NETGEAR Produkte und Technologien zu erfahren.\",\"publisher\":{\"@id\":\"https:\\\/\\\/dehub.netgear.com\\\/de\\\/hub\\\/#organization\"},\"potentialAction\":[{\"@type\":\"SearchAction\",\"target\":{\"@type\":\"EntryPoint\",\"urlTemplate\":\"https:\\\/\\\/dehub.netgear.com\\\/de\\\/hub\\\/?s={search_term_string}\"},\"query-input\":{\"@type\":\"PropertyValueSpecification\",\"valueRequired\":true,\"valueName\":\"search_term_string\"}}],\"inLanguage\":\"de\"},{\"@type\":\"Organization\",\"@id\":\"https:\\\/\\\/dehub.netgear.com\\\/de\\\/hub\\\/#organization\",\"name\":\"NETGEAR\",\"url\":\"https:\\\/\\\/dehub.netgear.com\\\/de\\\/hub\\\/\",\"logo\":{\"@type\":\"ImageObject\",\"inLanguage\":\"de\",\"@id\":\"https:\\\/\\\/dehub.netgear.com\\\/de\\\/hub\\\/#\\\/schema\\\/logo\\\/image\\\/\",\"url\":\"https:\\\/\\\/www.dehub.netgear.com\\\/de\\\/hub\\\/wp-content\\\/uploads\\\/2019\\\/07\\\/NETGEAR_logo.jpg\",\"contentUrl\":\"https:\\\/\\\/www.dehub.netgear.com\\\/de\\\/hub\\\/wp-content\\\/uploads\\\/2019\\\/07\\\/NETGEAR_logo.jpg\",\"width\":1500,\"height\":501,\"caption\":\"NETGEAR\"},\"image\":{\"@id\":\"https:\\\/\\\/dehub.netgear.com\\\/de\\\/hub\\\/#\\\/schema\\\/logo\\\/image\\\/\"},\"sameAs\":[\"https:\\\/\\\/www.facebook.com\\\/NetgearAU\\\/\",\"https:\\\/\\\/x.com\\\/NETGEAR\",\"https:\\\/\\\/www.linkedin.com\\\/company\\\/netgear\"]}]}<\/script>\n<!-- \/ Yoast SEO plugin. -->","yoast_head_json":{"title":"NETGEAR Academy begegnet dem Fachkr\u00e4ftemangel der Branche mit einer erweiterten Trainingsplattform - NETGEAR Hub","description":"NETGEAR Academy erweitert ihr Angebot mit neuen AV-over-IP-Schulungen von f\u00fchrenden Branchenpartnern \u2013 und schlie\u00dft so die Qualifikationsl\u00fccke in den Bereichen AV und Rundfunk mit kostenlosen professionellen Kursen.","robots":{"index":"index","follow":"follow","max-snippet":"max-snippet:-1","max-image-preview":"max-image-preview:large","max-video-preview":"max-video-preview:-1"},"canonical":"https:\/\/dehub.netgear.com\/de\/hub\/business\/av\/netgear-academy-expands-av-over-ip-training\/","og_locale":"de_DE","og_type":"article","og_title":"NETGEAR Academy begegnet dem Fachkr\u00e4ftemangel der Branche mit einer erweiterten Trainingsplattform - NETGEAR Hub","og_description":"NETGEAR Academy erweitert ihr Angebot mit neuen AV-over-IP-Schulungen von f\u00fchrenden Branchenpartnern \u2013 und schlie\u00dft so die Qualifikationsl\u00fccke in den Bereichen AV und Rundfunk mit kostenlosen professionellen Kursen.","og_url":"https:\/\/dehub.netgear.com\/de\/hub\/business\/av\/netgear-academy-expands-av-over-ip-training\/","og_site_name":"NETGEAR Hub","article_publisher":"https:\/\/www.facebook.com\/NetgearAU\/","article_modified_time":"2025-11-05T12:00:14+00:00","og_image":[{"width":720,"height":720,"url":"https:\/\/dehub.netgear.com\/de\/hub\/wp-content\/uploads\/2025\/11\/NETGEAR-Academy-tower-tradeshow.jpg","type":"image\/jpeg"}],"twitter_card":"summary_large_image","twitter_site":"@NETGEAR","schema":{"@context":"https:\/\/schema.org","@graph":[{"@type":"WebPage","@id":"https:\/\/dehub.netgear.com\/de\/hub\/business\/av\/netgear-academy-expands-av-over-ip-training\/","url":"https:\/\/dehub.netgear.com\/de\/hub\/business\/av\/netgear-academy-expands-av-over-ip-training\/","name":"NETGEAR Academy begegnet dem Fachkr\u00e4ftemangel der Branche mit einer erweiterten Trainingsplattform - NETGEAR Hub","isPartOf":{"@id":"https:\/\/dehub.netgear.com\/de\/hub\/#website"},"primaryImageOfPage":{"@id":"https:\/\/dehub.netgear.com\/de\/hub\/business\/av\/netgear-academy-expands-av-over-ip-training\/#primaryimage"},"image":{"@id":"https:\/\/dehub.netgear.com\/de\/hub\/business\/av\/netgear-academy-expands-av-over-ip-training\/#primaryimage"},"thumbnailUrl":"https:\/\/dehub.netgear.com\/de\/hub\/wp-content\/uploads\/2025\/11\/NETGEAR-Academy-tower-tradeshow.jpg","datePublished":"2025-11-04T11:51:55+00:00","dateModified":"2025-11-05T12:00:14+00:00","description":"NETGEAR Academy erweitert ihr Angebot mit neuen AV-over-IP-Schulungen von f\u00fchrenden Branchenpartnern \u2013 und schlie\u00dft so die Qualifikationsl\u00fccke in den Bereichen AV und Rundfunk mit kostenlosen professionellen Kursen.","breadcrumb":{"@id":"https:\/\/dehub.netgear.com\/de\/hub\/business\/av\/netgear-academy-expands-av-over-ip-training\/#breadcrumb"},"inLanguage":"de","potentialAction":[{"@type":"ReadAction","target":["https:\/\/dehub.netgear.com\/de\/hub\/business\/av\/netgear-academy-expands-av-over-ip-training\/"]}]},{"@type":"ImageObject","inLanguage":"de","@id":"https:\/\/dehub.netgear.com\/de\/hub\/business\/av\/netgear-academy-expands-av-over-ip-training\/#primaryimage","url":"https:\/\/dehub.netgear.com\/de\/hub\/wp-content\/uploads\/2025\/11\/NETGEAR-Academy-tower-tradeshow.jpg","contentUrl":"https:\/\/dehub.netgear.com\/de\/hub\/wp-content\/uploads\/2025\/11\/NETGEAR-Academy-tower-tradeshow.jpg","width":720,"height":720},{"@type":"BreadcrumbList","@id":"https:\/\/dehub.netgear.com\/de\/hub\/business\/av\/netgear-academy-expands-av-over-ip-training\/#breadcrumb","itemListElement":[{"@type":"ListItem","position":1,"name":"Home","item":"https:\/\/dehub.netgear.com\/de\/hub\/"},{"@type":"ListItem","position":2,"name":"Business Articles Hub","item":"https:\/\/dehub.netgear.com\/de\/hub\/business\/"},{"@type":"ListItem","position":3,"name":"Business AV","item":"https:\/\/dehub.netgear.com\/de\/hub\/business\/av\/"},{"@type":"ListItem","position":4,"name":"NETGEAR Academy begegnet dem Fachkr\u00e4ftemangel der Branche mit einer erweiterten Trainingsplattform"}]},{"@type":"WebSite","@id":"https:\/\/dehub.netgear.com\/de\/hub\/#website","url":"https:\/\/dehub.netgear.com\/de\/hub\/","name":"NETGEAR","description":"Erkunden Sie unsere Hub-Seiten und st\u00f6bern Sie in Artikeln, um mehr \u00fcber NETGEAR Produkte und Technologien zu erfahren.","publisher":{"@id":"https:\/\/dehub.netgear.com\/de\/hub\/#organization"},"potentialAction":[{"@type":"SearchAction","target":{"@type":"EntryPoint","urlTemplate":"https:\/\/dehub.netgear.com\/de\/hub\/?s={search_term_string}"},"query-input":{"@type":"PropertyValueSpecification","valueRequired":true,"valueName":"search_term_string"}}],"inLanguage":"de"},{"@type":"Organization","@id":"https:\/\/dehub.netgear.com\/de\/hub\/#organization","name":"NETGEAR","url":"https:\/\/dehub.netgear.com\/de\/hub\/","logo":{"@type":"ImageObject","inLanguage":"de","@id":"https:\/\/dehub.netgear.com\/de\/hub\/#\/schema\/logo\/image\/","url":"https:\/\/www.dehub.netgear.com\/de\/hub\/wp-content\/uploads\/2019\/07\/NETGEAR_logo.jpg","contentUrl":"https:\/\/www.dehub.netgear.com\/de\/hub\/wp-content\/uploads\/2019\/07\/NETGEAR_logo.jpg","width":1500,"height":501,"caption":"NETGEAR"},"image":{"@id":"https:\/\/dehub.netgear.com\/de\/hub\/#\/schema\/logo\/image\/"},"sameAs":["https:\/\/www.facebook.com\/NetgearAU\/","https:\/\/x.com\/NETGEAR","https:\/\/www.linkedin.com\/company\/netgear"]}]}},"_links":{"self":[{"href":"https:\/\/dehub.netgear.com\/de\/hub\/wp-json\/wp\/v2\/pages\/10997","targetHints":{"allow":["GET"]}}],"collection":[{"href":"https:\/\/dehub.netgear.com\/de\/hub\/wp-json\/wp\/v2\/pages"}],"about":[{"href":"https:\/\/dehub.netgear.com\/de\/hub\/wp-json\/wp\/v2\/types\/page"}],"author":[{"embeddable":true,"href":"https:\/\/dehub.netgear.com\/de\/hub\/wp-json\/wp\/v2\/users\/94"}],"replies":[{"embeddable":true,"href":"https:\/\/dehub.netgear.com\/de\/hub\/wp-json\/wp\/v2\/comments?post=10997"}],"version-history":[{"count":4,"href":"https:\/\/dehub.netgear.com\/de\/hub\/wp-json\/wp\/v2\/pages\/10997\/revisions"}],"predecessor-version":[{"id":11001,"href":"https:\/\/dehub.netgear.com\/de\/hub\/wp-json\/wp\/v2\/pages\/10997\/revisions\/11001"}],"up":[{"embeddable":true,"href":"https:\/\/dehub.netgear.com\/de\/hub\/wp-json\/wp\/v2\/pages\/6754"}],"wp:featuredmedia":[{"embeddable":true,"href":"https:\/\/dehub.netgear.com\/de\/hub\/wp-json\/wp\/v2\/media\/10995"}],"wp:attachment":[{"href":"https:\/\/dehub.netgear.com\/de\/hub\/wp-json\/wp\/v2\/media?parent=10997"}],"curies":[{"name":"wp","href":"https:\/\/api.w.org\/{rel}","templated":true}]}}