{"id":10983,"date":"2025-10-31T03:21:58","date_gmt":"2025-10-31T02:21:58","guid":{"rendered":"https:\/\/dehub.netgear.com\/de\/hub\/?page_id=10983"},"modified":"2025-10-31T03:37:56","modified_gmt":"2025-10-31T02:37:56","slug":"iot-threat-report-25","status":"publish","type":"page","link":"https:\/\/dehub.netgear.com\/de\/hub\/network\/iot-threat-report-25\/","title":{"rendered":"Das Smart Home ist die neue Frontlinie: Was die Bedrohungen 2025 f\u00fcr Sie bedeuten \u2013 und wie NETGEAR helfen kann"},"content":{"rendered":"<p><img loading=\"lazy\" decoding=\"async\" class=\"alignone size-full wp-image-10681\" style=\"border-radius: 1em;\" src=\"https:\/\/dehub.netgear.com\/de\/hub\/wp-content\/uploads\/2025\/10\/home-security-iot-report-2025-netgear-1280-hero-gi-1437952452.jpg\" alt=\"\" width=\"1048\" height=\"511\" \/><\/p>\n    <div class=\"table-of-content bg-gray\">\n        <p><strong>IN THIS ARTICLE<\/strong><\/p>\n        <ul>\n                        <li><a href=\"#topic1\">Zentrale Erkenntnisse: Warum Heimnetzwerke ins Visier geraten<\/a><\/li>\n                        <li><a href=\"#topic2\">Angreifer stehen bereits an Ihrer digitalen Haust\u00fcr<\/a><\/li>\n                        <li><a href=\"#topic3\">Die beliebtesten Angriffspunkte<\/a><\/li>\n                        <li><a href=\"#topic4\">Die wachsende Reichweite des Smart Home<\/a><\/li>\n                        <li><a href=\"#topic5\">Sp\u00fcrbare Folgen im Alltag<\/a><\/li>\n                        <li><a href=\"#topic6\">Drei zentrale Erkenntnisse f\u00fcr jeden Smart-Home-Besitzer<\/a><\/li>\n                        <li><a href=\"#topic7\">So st\u00e4rken Sie Ihre \u201edigitale Haust\u00fcr\u201c<\/a><\/li>\n                        <li><a href=\"#topic8\">NETGEAR: Schutz, der sich weiterentwickelt<\/a><\/li>\n                        <li><a href=\"#topic9\">NETGEAR Armor\u2122: Schutz f\u00fcr Ger\u00e4te und Daten<\/a><\/li>\n                        <li><a href=\"#topic10\">Fazit: Sicherheit beginnt zu Hause<\/a><\/li>\n                    <\/ul>\n    <\/div>\n        <div id=\"topic1\" class=\"skip-item\">\n                        <h2>Zentrale Erkenntnisse: Warum Heimnetzwerke ins Visier geraten<\/h2>\n                <ul>\n<li><strong>29 Angriffsversuche pro Haushalt und Tag<\/strong> \u2013 fast dreimal so viele wie noch 2024<\/li>\n<li><strong>12 Millionen blockierte Bedrohungen t\u00e4glich<\/strong> durch Bitdefender-Technologien weltweit<\/li>\n<li><strong>22 vernetzte Ger\u00e4te pro Haushalt<\/strong> \u2013 jedes ein m\u00f6gliches Einfallstor, wenn ungesch\u00fctzt<\/li>\n<\/ul>\n    <\/div>\n        <div id=\"topic2\" class=\"skip-item\">\n                        <h2>Angreifer stehen bereits an Ihrer digitalen Haust\u00fcr<\/h2>\n                <p>Mit der zunehmenden Vernetzung allt\u00e4glicher Ger\u00e4te entstehen neue Risiken. Die meisten Angriffe lassen sich zwei Hauptzielen zuordnen:<\/p>\n<h3><strong>1. Missbrauch des Heimnetzwerks f\u00fcr gro\u00dfangelegte Angriffe<\/strong><\/h3>\n<p>Router und IoT-Ger\u00e4te k\u00f6nnen gekapert werden, um Teil eines <strong>Botnetzes<\/strong> zu werden.<br \/>\n2025 wurde eine massive <strong>22,2-Terabit-pro-Sekunde-DDoS-Attacke<\/strong> bis auf kompromittierte Heimrouter zur\u00fcckgef\u00fchrt \u2013 ein eindr\u00fcckliches Beispiel daf\u00fcr, wie ein einziges ungesichertes Ger\u00e4t globale Auswirkungen haben kann.<\/p>\n<h3><strong>2. Datendiebstahl und Eingriffe in die Privatsph\u00e4re<\/strong><\/h3>\n<p>Unzureichend gesch\u00fctzte Smart-TVs, Kameras oder Streamingger\u00e4te werden zunehmend ausgenutzt, um pers\u00f6nliche Daten auszulesen oder das Privatleben auszuspionieren.<\/p>\n<p>Ihr Router ist Ihre digitale Haust\u00fcr. Ohne Updates und starke Sicherheits\u00adeinstellungen kann er unbemerkt Zugang zu allem dahinter verschaffen.<\/p>\n    <\/div>\n        <div id=\"topic3\" class=\"skip-item\">\n                        <h2>Die beliebtesten Angriffspunkte<\/h2>\n                <ul>\n<li><strong>Streamingger\u00e4te (26%)<\/strong> \u2013 klein, aber sehr h\u00e4ufig angegriffen<\/li>\n<li><strong>Smart-TVs (21%)<\/strong> \u2013 Updates oft nur begrenzt verf\u00fcgbar<\/li>\n<li><strong>IP-Kameras (9%)<\/strong> \u2013 eigentlich f\u00fcr Schutz gedacht, aber verwundbar<\/li>\n<\/ul>\n<p>Viele dieser Ger\u00e4te erhalten nur selten Sicherheitsupdates \u2013 je l\u00e4nger sie im Netzwerk verbleiben, desto gr\u00f6\u00dfer die Angriffsfl\u00e4che.<\/p>\n<p><img loading=\"lazy\" decoding=\"async\" class=\"size-full wp-image-11448 aligncenter\" src=\"https:\/\/dehub.netgear.com\/de\/hub\/wp-content\/uploads\/2025\/10\/armor-blog-icon-iot-thermostat-new-1024x576-1.jpg\" alt=\"\" width=\"1024\" height=\"576\" \/><\/p>\n    <\/div>\n        <div id=\"topic4\" class=\"skip-item\">\n                        <h2>Die wachsende Reichweite des Smart Home<\/h2>\n                <p>Vernetzung endet l\u00e4ngst nicht mehr beim Fernseher.<br \/>\nHeute sind auch <strong>Solarwechselrichter, Wallboxen f\u00fcr E-Fahrzeuge und Energiesteuerungssysteme<\/strong> ans Heimnetz angebunden. Ohne sichere Konfiguration \u00f6ffnen sie neue Angriffswege.<\/p>\n    <\/div>\n        <div id=\"topic5\" class=\"skip-item\">\n                        <h2>Sp\u00fcrbare Folgen im Alltag<\/h2>\n                <ul>\n<li><strong>Finanzielle Sch\u00e4den<\/strong> \u2013 z. B. durch t\u00e4uschend echte Phishing-Nachrichten<\/li>\n<li><strong>Identit\u00e4tsdiebstahl<\/strong> \u2013 insbesondere bei schwachen oder recycelten Passw\u00f6rtern<\/li>\n<li><strong>Eingriffe in die Privatsph\u00e4re<\/strong> \u2013 etwa durch kompromittierte Kameras oder Sprachassistenten<\/li>\n<li><strong>Leistungsabf\u00e4lle<\/strong> \u2013 wenn Ger\u00e4te unbemerkt Teil eines Botnetzes werden<\/li>\n<\/ul>\n    <\/div>\n        <div id=\"topic6\" class=\"skip-item\">\n                        <h2>Drei zentrale Erkenntnisse f\u00fcr jeden Smart-Home-Besitzer<\/h2>\n                <ol>\n<li><strong>Die Bedrohung ist real \u2013 und w\u00e4chst j\u00e4hrlich deutlich<\/strong><\/li>\n<li><strong>Sicherheit beginnt beim Router<\/strong><\/li>\n<li><strong>Mehrschichtige Abwehr ist entscheidend<\/strong><\/li>\n<\/ol>\n    <\/div>\n        <div id=\"topic7\" class=\"skip-item\">\n                        <h2>So st\u00e4rken Sie Ihre \u201edigitale Haust\u00fcr\u201c<\/h2>\n                <h3><strong>F\u00fcr Ihren Router:<\/strong><\/h3>\n<ul>\n<li>Starkes, einzigartiges WLAN-Passwort verwenden<\/li>\n<li>Automatische Firmware-Updates aktivieren<\/li>\n<li>G\u00e4ste-WLAN f\u00fcr Besucher und IoT-Ger\u00e4te nutzen<\/li>\n<li>IoT-Ger\u00e4te idealerweise in ein separates Netzwerk auslagern<\/li>\n<li>Bei \u00e4lteren Routern \u00fcber ein Upgrade nachdenken<\/li>\n<\/ul>\n<h3><strong>F\u00fcr Ihre verbundenen Ger\u00e4te:<\/strong><\/h3>\n<ul>\n<li>Lange, einzigartige Passphrasen verwenden<\/li>\n<li>Wenn m\u00f6glich Mehrfaktor-Authentifizierung aktivieren<\/li>\n<li>Updates zeitnah installieren<\/li>\n<li>Bei verd\u00e4chtigen Nachrichten Vorsicht walten lassen<\/li>\n<\/ul>\n    <\/div>\n        <div id=\"topic8\" class=\"skip-item\">\n                        <h2>NETGEAR: Schutz, der sich weiterentwickelt<\/h2>\n                <p>Router und Mesh-Systeme von NETGEAR bieten bereits eine starke Sicherheitsbasis, darunter:<\/p>\n<ul>\n<li><strong>WPA3-Verschl\u00fcsselung<\/strong><\/li>\n<li><strong>Intelligente Firewall<\/strong><\/li>\n<li><strong>Optionale automatische Firmwareupdates<\/strong><\/li>\n<\/ul>\n<p>Zus\u00e4tzlich sorgt <strong>Advanced Router Protection (ARP)<\/strong> f\u00fcr eine weitere Sicherheitsebene direkt auf dem Router.<br \/>\nSobald neue, kritische Bedrohungen erkannt werden, ist ARP in der Lage, potenzielle Angriffswege zu identifizieren und zu blockieren \u2013 <strong>noch bevor Software-Updates verf\u00fcgbar sind<\/strong>.<\/p>\n    <\/div>\n        <div id=\"topic9\" class=\"skip-item\">\n                        <h2>NETGEAR Armor\u2122: Schutz f\u00fcr Ger\u00e4te und Daten<\/h2>\n                <p>NETGEAR Armor\u2122, powered by Bitdefender\u00ae, erweitert die Sicherheit \u00fcber den Router hinaus \u2013 auch unterwegs \u2013 mit:<\/p>\n<ul>\n<li>KI-gest\u00fctzten Schutzmechanismen<\/li>\n<li>Blockierung unbefugter Zugriffe<\/li>\n<li><strong>Integriertem VPN<\/strong> f\u00fcr mehr Privatsph\u00e4re beim Surfen<\/li>\n<\/ul>\n<p>Erhebungen zeigen:<br \/>\n<strong>\u00dcber 80 % der Armor-Plus-Abonnenten<\/strong> entscheiden sich wegen Netzwerkschutz + VPN daf\u00fcr; <strong>70 % berichten von mehr Sicherheit im Alltag<\/strong>.<\/p>\n    <\/div>\n        <div id=\"topic10\" class=\"skip-item\">\n                        <h2>Fazit: Sicherheit beginnt zu Hause<\/h2>\n                <p>Mit der wachsenden Vernetzung von Energie, Unterhaltung und Alltagsger\u00e4ten entwickeln sich auch die Anforderungen an Sicherheitsl\u00f6sungen.<\/p>\n<p>Mit <strong>Advanced Router Protection<\/strong> und <strong>NETGEAR Armor<\/strong> unterst\u00fctzt NETGEAR Sie dabei, Bedrohungen fr\u00fchzeitig abzuwehren, Ihre Privatsph\u00e4re zu sch\u00fctzen und Ihr digitales Leben sorgenfreier zu gestalten.<\/p>\n<p>Und wenn Sie Unterst\u00fctzung brauchen \u2013 wir sind f\u00fcr Sie da.<\/p>\n<p>&nbsp;<br \/>\n<div class=\"explore-btn-area\"><a class=\"explore-btn\" href=\"https:\/\/www.netgear.com\/de\/home\/services\/armor\/\">Entdecken Sie Armor auf netgear.de<\/a><\/div><br \/>\n<img loading=\"lazy\" decoding=\"async\" class=\"aligncenter size-full wp-image-21194\" src=\"https:\/\/dehub.netgear.com\/de\/hub\/wp-content\/uploads\/2025\/10\/right-armor-plan-desktop_tcm148-164971-copy-inline.jpg\" alt=\"netgear armor use cases\" width=\"800\" height=\"366\" \/><\/p>\n    <\/div>\n    \n","protected":false},"excerpt":{"rendered":"","protected":false},"author":68,"featured_media":10985,"parent":6081,"menu_order":0,"comment_status":"closed","ping_status":"closed","template":"templates\/blog-wifi.php","meta":{"_acf_changed":false,"footnotes":""},"class_list":["post-10983","page","type-page","status-publish","has-post-thumbnail","hentry"],"acf":[],"yoast_head":"<!-- This site is optimized with the Yoast SEO plugin v27.5 - https:\/\/yoast.com\/product\/yoast-seo-wordpress\/ -->\n<title>Die IoT-Bedrohungslandschaft 2025: Wie NETGEAR Ihr Smart Home sch\u00fctzt<\/title>\n<meta name=\"description\" content=\"Erfahren Sie, wie sich IoT-Bedrohungen weiterentwickeln \u2013 und wie die integrierten Routerfunktionen von NETGEAR sowie Armor dazu beitragen k\u00f6nnen, Ihr Smart Home, Ihre Daten und Ihre Ger\u00e4te besser zu sch\u00fctzen.\" \/>\n<meta name=\"robots\" content=\"index, follow, max-snippet:-1, max-image-preview:large, max-video-preview:-1\" \/>\n<link rel=\"canonical\" href=\"https:\/\/dehub.netgear.com\/de\/hub\/network\/iot-threat-report-25\/\" \/>\n<meta property=\"og:locale\" content=\"de_DE\" \/>\n<meta property=\"og:type\" content=\"article\" \/>\n<meta property=\"og:title\" content=\"Die IoT-Bedrohungslandschaft 2025: Wie NETGEAR Ihr Smart Home sch\u00fctzt\" \/>\n<meta property=\"og:description\" content=\"Erfahren Sie, wie sich IoT-Bedrohungen weiterentwickeln \u2013 und wie die integrierten Routerfunktionen von NETGEAR sowie Armor dazu beitragen k\u00f6nnen, Ihr Smart Home, Ihre Daten und Ihre Ger\u00e4te besser zu sch\u00fctzen.\" \/>\n<meta property=\"og:url\" content=\"https:\/\/dehub.netgear.com\/de\/hub\/network\/iot-threat-report-25\/\" \/>\n<meta property=\"og:site_name\" content=\"NETGEAR Hub\" \/>\n<meta property=\"article:publisher\" content=\"https:\/\/www.facebook.com\/NetgearAU\/\" \/>\n<meta property=\"article:modified_time\" content=\"2025-10-31T02:37:56+00:00\" \/>\n<meta property=\"og:image\" content=\"https:\/\/dehub.netgear.com\/de\/hub\/wp-content\/uploads\/2025\/10\/home-security-iot-report-2025-netgear-1280-hero-gi-1437952452.jpg\" \/>\n\t<meta property=\"og:image:width\" content=\"1280\" \/>\n\t<meta property=\"og:image:height\" content=\"720\" \/>\n\t<meta property=\"og:image:type\" content=\"image\/jpeg\" \/>\n<meta name=\"twitter:card\" content=\"summary_large_image\" \/>\n<meta name=\"twitter:site\" content=\"@NETGEAR\" \/>\n<script type=\"application\/ld+json\" class=\"yoast-schema-graph\">{\"@context\":\"https:\\\/\\\/schema.org\",\"@graph\":[{\"@type\":\"WebPage\",\"@id\":\"https:\\\/\\\/dehub.netgear.com\\\/de\\\/hub\\\/network\\\/iot-threat-report-25\\\/\",\"url\":\"https:\\\/\\\/dehub.netgear.com\\\/de\\\/hub\\\/network\\\/iot-threat-report-25\\\/\",\"name\":\"Die IoT-Bedrohungslandschaft 2025: Wie NETGEAR Ihr Smart Home sch\u00fctzt\",\"isPartOf\":{\"@id\":\"https:\\\/\\\/dehub.netgear.com\\\/de\\\/hub\\\/#website\"},\"primaryImageOfPage\":{\"@id\":\"https:\\\/\\\/dehub.netgear.com\\\/de\\\/hub\\\/network\\\/iot-threat-report-25\\\/#primaryimage\"},\"image\":{\"@id\":\"https:\\\/\\\/dehub.netgear.com\\\/de\\\/hub\\\/network\\\/iot-threat-report-25\\\/#primaryimage\"},\"thumbnailUrl\":\"https:\\\/\\\/dehub.netgear.com\\\/de\\\/hub\\\/wp-content\\\/uploads\\\/2025\\\/10\\\/home-security-iot-report-2025-netgear-1280-hero-gi-1437952452.jpg\",\"datePublished\":\"2025-10-31T02:21:58+00:00\",\"dateModified\":\"2025-10-31T02:37:56+00:00\",\"description\":\"Erfahren Sie, wie sich IoT-Bedrohungen weiterentwickeln \u2013 und wie die integrierten Routerfunktionen von NETGEAR sowie Armor dazu beitragen k\u00f6nnen, Ihr Smart Home, Ihre Daten und Ihre Ger\u00e4te besser zu sch\u00fctzen.\",\"breadcrumb\":{\"@id\":\"https:\\\/\\\/dehub.netgear.com\\\/de\\\/hub\\\/network\\\/iot-threat-report-25\\\/#breadcrumb\"},\"inLanguage\":\"de\",\"potentialAction\":[{\"@type\":\"ReadAction\",\"target\":[\"https:\\\/\\\/dehub.netgear.com\\\/de\\\/hub\\\/network\\\/iot-threat-report-25\\\/\"]}]},{\"@type\":\"ImageObject\",\"inLanguage\":\"de\",\"@id\":\"https:\\\/\\\/dehub.netgear.com\\\/de\\\/hub\\\/network\\\/iot-threat-report-25\\\/#primaryimage\",\"url\":\"https:\\\/\\\/dehub.netgear.com\\\/de\\\/hub\\\/wp-content\\\/uploads\\\/2025\\\/10\\\/home-security-iot-report-2025-netgear-1280-hero-gi-1437952452.jpg\",\"contentUrl\":\"https:\\\/\\\/dehub.netgear.com\\\/de\\\/hub\\\/wp-content\\\/uploads\\\/2025\\\/10\\\/home-security-iot-report-2025-netgear-1280-hero-gi-1437952452.jpg\",\"width\":1280,\"height\":720},{\"@type\":\"BreadcrumbList\",\"@id\":\"https:\\\/\\\/dehub.netgear.com\\\/de\\\/hub\\\/network\\\/iot-threat-report-25\\\/#breadcrumb\",\"itemListElement\":[{\"@type\":\"ListItem\",\"position\":1,\"name\":\"Home\",\"item\":\"https:\\\/\\\/dehub.netgear.com\\\/de\\\/hub\\\/\"},{\"@type\":\"ListItem\",\"position\":2,\"name\":\"Heimnetzwerk Artikel\",\"item\":\"https:\\\/\\\/dehub.netgear.com\\\/de\\\/hub\\\/network\\\/\"},{\"@type\":\"ListItem\",\"position\":3,\"name\":\"Das Smart Home ist die neue Frontlinie: Was die Bedrohungen 2025 f\u00fcr Sie bedeuten \u2013 und wie NETGEAR helfen kann\"}]},{\"@type\":\"WebSite\",\"@id\":\"https:\\\/\\\/dehub.netgear.com\\\/de\\\/hub\\\/#website\",\"url\":\"https:\\\/\\\/dehub.netgear.com\\\/de\\\/hub\\\/\",\"name\":\"NETGEAR\",\"description\":\"Erkunden Sie unsere Hub-Seiten und st\u00f6bern Sie in Artikeln, um mehr \u00fcber NETGEAR Produkte und Technologien zu erfahren.\",\"publisher\":{\"@id\":\"https:\\\/\\\/dehub.netgear.com\\\/de\\\/hub\\\/#organization\"},\"potentialAction\":[{\"@type\":\"SearchAction\",\"target\":{\"@type\":\"EntryPoint\",\"urlTemplate\":\"https:\\\/\\\/dehub.netgear.com\\\/de\\\/hub\\\/?s={search_term_string}\"},\"query-input\":{\"@type\":\"PropertyValueSpecification\",\"valueRequired\":true,\"valueName\":\"search_term_string\"}}],\"inLanguage\":\"de\"},{\"@type\":\"Organization\",\"@id\":\"https:\\\/\\\/dehub.netgear.com\\\/de\\\/hub\\\/#organization\",\"name\":\"NETGEAR\",\"url\":\"https:\\\/\\\/dehub.netgear.com\\\/de\\\/hub\\\/\",\"logo\":{\"@type\":\"ImageObject\",\"inLanguage\":\"de\",\"@id\":\"https:\\\/\\\/dehub.netgear.com\\\/de\\\/hub\\\/#\\\/schema\\\/logo\\\/image\\\/\",\"url\":\"https:\\\/\\\/www.dehub.netgear.com\\\/de\\\/hub\\\/wp-content\\\/uploads\\\/2019\\\/07\\\/NETGEAR_logo.jpg\",\"contentUrl\":\"https:\\\/\\\/www.dehub.netgear.com\\\/de\\\/hub\\\/wp-content\\\/uploads\\\/2019\\\/07\\\/NETGEAR_logo.jpg\",\"width\":1500,\"height\":501,\"caption\":\"NETGEAR\"},\"image\":{\"@id\":\"https:\\\/\\\/dehub.netgear.com\\\/de\\\/hub\\\/#\\\/schema\\\/logo\\\/image\\\/\"},\"sameAs\":[\"https:\\\/\\\/www.facebook.com\\\/NetgearAU\\\/\",\"https:\\\/\\\/x.com\\\/NETGEAR\",\"https:\\\/\\\/www.linkedin.com\\\/company\\\/netgear\"]}]}<\/script>\n<!-- \/ Yoast SEO plugin. -->","yoast_head_json":{"title":"Die IoT-Bedrohungslandschaft 2025: Wie NETGEAR Ihr Smart Home sch\u00fctzt","description":"Erfahren Sie, wie sich IoT-Bedrohungen weiterentwickeln \u2013 und wie die integrierten Routerfunktionen von NETGEAR sowie Armor dazu beitragen k\u00f6nnen, Ihr Smart Home, Ihre Daten und Ihre Ger\u00e4te besser zu sch\u00fctzen.","robots":{"index":"index","follow":"follow","max-snippet":"max-snippet:-1","max-image-preview":"max-image-preview:large","max-video-preview":"max-video-preview:-1"},"canonical":"https:\/\/dehub.netgear.com\/de\/hub\/network\/iot-threat-report-25\/","og_locale":"de_DE","og_type":"article","og_title":"Die IoT-Bedrohungslandschaft 2025: Wie NETGEAR Ihr Smart Home sch\u00fctzt","og_description":"Erfahren Sie, wie sich IoT-Bedrohungen weiterentwickeln \u2013 und wie die integrierten Routerfunktionen von NETGEAR sowie Armor dazu beitragen k\u00f6nnen, Ihr Smart Home, Ihre Daten und Ihre Ger\u00e4te besser zu sch\u00fctzen.","og_url":"https:\/\/dehub.netgear.com\/de\/hub\/network\/iot-threat-report-25\/","og_site_name":"NETGEAR Hub","article_publisher":"https:\/\/www.facebook.com\/NetgearAU\/","article_modified_time":"2025-10-31T02:37:56+00:00","og_image":[{"width":1280,"height":720,"url":"https:\/\/dehub.netgear.com\/de\/hub\/wp-content\/uploads\/2025\/10\/home-security-iot-report-2025-netgear-1280-hero-gi-1437952452.jpg","type":"image\/jpeg"}],"twitter_card":"summary_large_image","twitter_site":"@NETGEAR","schema":{"@context":"https:\/\/schema.org","@graph":[{"@type":"WebPage","@id":"https:\/\/dehub.netgear.com\/de\/hub\/network\/iot-threat-report-25\/","url":"https:\/\/dehub.netgear.com\/de\/hub\/network\/iot-threat-report-25\/","name":"Die IoT-Bedrohungslandschaft 2025: Wie NETGEAR Ihr Smart Home sch\u00fctzt","isPartOf":{"@id":"https:\/\/dehub.netgear.com\/de\/hub\/#website"},"primaryImageOfPage":{"@id":"https:\/\/dehub.netgear.com\/de\/hub\/network\/iot-threat-report-25\/#primaryimage"},"image":{"@id":"https:\/\/dehub.netgear.com\/de\/hub\/network\/iot-threat-report-25\/#primaryimage"},"thumbnailUrl":"https:\/\/dehub.netgear.com\/de\/hub\/wp-content\/uploads\/2025\/10\/home-security-iot-report-2025-netgear-1280-hero-gi-1437952452.jpg","datePublished":"2025-10-31T02:21:58+00:00","dateModified":"2025-10-31T02:37:56+00:00","description":"Erfahren Sie, wie sich IoT-Bedrohungen weiterentwickeln \u2013 und wie die integrierten Routerfunktionen von NETGEAR sowie Armor dazu beitragen k\u00f6nnen, Ihr Smart Home, Ihre Daten und Ihre Ger\u00e4te besser zu sch\u00fctzen.","breadcrumb":{"@id":"https:\/\/dehub.netgear.com\/de\/hub\/network\/iot-threat-report-25\/#breadcrumb"},"inLanguage":"de","potentialAction":[{"@type":"ReadAction","target":["https:\/\/dehub.netgear.com\/de\/hub\/network\/iot-threat-report-25\/"]}]},{"@type":"ImageObject","inLanguage":"de","@id":"https:\/\/dehub.netgear.com\/de\/hub\/network\/iot-threat-report-25\/#primaryimage","url":"https:\/\/dehub.netgear.com\/de\/hub\/wp-content\/uploads\/2025\/10\/home-security-iot-report-2025-netgear-1280-hero-gi-1437952452.jpg","contentUrl":"https:\/\/dehub.netgear.com\/de\/hub\/wp-content\/uploads\/2025\/10\/home-security-iot-report-2025-netgear-1280-hero-gi-1437952452.jpg","width":1280,"height":720},{"@type":"BreadcrumbList","@id":"https:\/\/dehub.netgear.com\/de\/hub\/network\/iot-threat-report-25\/#breadcrumb","itemListElement":[{"@type":"ListItem","position":1,"name":"Home","item":"https:\/\/dehub.netgear.com\/de\/hub\/"},{"@type":"ListItem","position":2,"name":"Heimnetzwerk Artikel","item":"https:\/\/dehub.netgear.com\/de\/hub\/network\/"},{"@type":"ListItem","position":3,"name":"Das Smart Home ist die neue Frontlinie: Was die Bedrohungen 2025 f\u00fcr Sie bedeuten \u2013 und wie NETGEAR helfen kann"}]},{"@type":"WebSite","@id":"https:\/\/dehub.netgear.com\/de\/hub\/#website","url":"https:\/\/dehub.netgear.com\/de\/hub\/","name":"NETGEAR","description":"Erkunden Sie unsere Hub-Seiten und st\u00f6bern Sie in Artikeln, um mehr \u00fcber NETGEAR Produkte und Technologien zu erfahren.","publisher":{"@id":"https:\/\/dehub.netgear.com\/de\/hub\/#organization"},"potentialAction":[{"@type":"SearchAction","target":{"@type":"EntryPoint","urlTemplate":"https:\/\/dehub.netgear.com\/de\/hub\/?s={search_term_string}"},"query-input":{"@type":"PropertyValueSpecification","valueRequired":true,"valueName":"search_term_string"}}],"inLanguage":"de"},{"@type":"Organization","@id":"https:\/\/dehub.netgear.com\/de\/hub\/#organization","name":"NETGEAR","url":"https:\/\/dehub.netgear.com\/de\/hub\/","logo":{"@type":"ImageObject","inLanguage":"de","@id":"https:\/\/dehub.netgear.com\/de\/hub\/#\/schema\/logo\/image\/","url":"https:\/\/www.dehub.netgear.com\/de\/hub\/wp-content\/uploads\/2019\/07\/NETGEAR_logo.jpg","contentUrl":"https:\/\/www.dehub.netgear.com\/de\/hub\/wp-content\/uploads\/2019\/07\/NETGEAR_logo.jpg","width":1500,"height":501,"caption":"NETGEAR"},"image":{"@id":"https:\/\/dehub.netgear.com\/de\/hub\/#\/schema\/logo\/image\/"},"sameAs":["https:\/\/www.facebook.com\/NetgearAU\/","https:\/\/x.com\/NETGEAR","https:\/\/www.linkedin.com\/company\/netgear"]}]}},"_links":{"self":[{"href":"https:\/\/dehub.netgear.com\/de\/hub\/wp-json\/wp\/v2\/pages\/10983","targetHints":{"allow":["GET"]}}],"collection":[{"href":"https:\/\/dehub.netgear.com\/de\/hub\/wp-json\/wp\/v2\/pages"}],"about":[{"href":"https:\/\/dehub.netgear.com\/de\/hub\/wp-json\/wp\/v2\/types\/page"}],"author":[{"embeddable":true,"href":"https:\/\/dehub.netgear.com\/de\/hub\/wp-json\/wp\/v2\/users\/68"}],"replies":[{"embeddable":true,"href":"https:\/\/dehub.netgear.com\/de\/hub\/wp-json\/wp\/v2\/comments?post=10983"}],"version-history":[{"count":5,"href":"https:\/\/dehub.netgear.com\/de\/hub\/wp-json\/wp\/v2\/pages\/10983\/revisions"}],"predecessor-version":[{"id":10991,"href":"https:\/\/dehub.netgear.com\/de\/hub\/wp-json\/wp\/v2\/pages\/10983\/revisions\/10991"}],"up":[{"embeddable":true,"href":"https:\/\/dehub.netgear.com\/de\/hub\/wp-json\/wp\/v2\/pages\/6081"}],"wp:featuredmedia":[{"embeddable":true,"href":"https:\/\/dehub.netgear.com\/de\/hub\/wp-json\/wp\/v2\/media\/10985"}],"wp:attachment":[{"href":"https:\/\/dehub.netgear.com\/de\/hub\/wp-json\/wp\/v2\/media?parent=10983"}],"curies":[{"name":"wp","href":"https:\/\/api.w.org\/{rel}","templated":true}]}}