{"id":10978,"date":"2025-10-30T12:19:09","date_gmt":"2025-10-30T11:19:16","guid":{"rendered":"https:\/\/dehub.netgear.com\/de\/hub\/?page_id=10978"},"modified":"2025-10-30T12:49:28","modified_gmt":"2025-10-30T11:49:28","slug":"cybersecurity-awareness-month-2025","status":"publish","type":"page","link":"https:\/\/dehub.netgear.com\/de\/hub\/network\/cybersecurity-awareness-month-2025\/","title":{"rendered":"Ist Ihre digitale Haust\u00fcr gesch\u00fctzt? Hier sind einige Tipps, um es herauszufinden"},"content":{"rendered":"<p><img loading=\"lazy\" decoding=\"async\" class=\"alignone size-full wp-image-10681\" style=\"border-radius: 1em;\" src=\"https:\/\/dehub.netgear.com\/de\/hub\/wp-content\/uploads\/2025\/10\/NETGEAR_Armor_house.png\" alt=\"\" width=\"1048\" height=\"511\" \/><\/p>\n    <div class=\"table-of-content bg-gray\">\n        <p><strong>IN THIS ARTICLE<\/strong><\/p>\n        <ul>\n                        <li><a href=\"#topic2\">Alte Router = unverschlossene digitale Haust\u00fcren<\/a><\/li>\n                        <li><a href=\"#topic3\">Einfache Schritte zum Testen und St\u00e4rken des Schlosses an Ihrer digitalen Haust\u00fcr<\/a><\/li>\n                        <li><a href=\"#topic4\">Warum Sie NETGEAR in Betracht ziehen sollten: Was wir getan haben, k\u00f6nnte Sie \u00fcberraschen<\/a><\/li>\n                        <li><a href=\"#topic5\">Sich mit der Cyber- und geopolitischen Landschaft weiterentwickeln<\/a><\/li>\n                    <\/ul>\n    <\/div>\n        <div id=\"topic1\" class=\"skip-item\">\n                        <p>Oktober ist der <strong>Monat der Cybersicherheit<\/strong>, und in diesem Sinne m\u00f6chte ich die Gelegenheit nutzen, um einige wichtige Informationen zu teilen:<\/p>\n<ul>\n<li>Ich m\u00f6chte die Rolle beleuchten, die Router und Mesh-Systeme dabei spielen, Ihre Netzwerke zu Hause und in kleinen B\u00fcros vor neuen Bedrohungen zu sch\u00fctzen.<\/li>\n<li>Ich m\u00f6chte Ihnen einfache (versprochen!) Dinge vermitteln, die Sie tun k\u00f6nnen, um sicherzustellen, dass Ihre Netzwerke gesch\u00fctzt sind.<\/li>\n<li>Ich m\u00f6chte Ihnen einige nie zuvor angek\u00fcndigte Ma\u00dfnahmen vorstellen, die NETGEAR ergriffen hat, um die St\u00e4rke und Widerstandsf\u00e4higkeit Ihrer Netzwerke angesichts der sich entwickelnden Bedrohungslandschaft zu verbessern. (Bitte lesen Sie bis zum Ende!)<\/li>\n<\/ul>\n<p>Das Wichtigste zuerst: Ihr Router zu Hause ist Ihre digitale Haust\u00fcr. Und genau wie bei Ihrem physischen Zuhause ist es wichtig, dass Sie dem Schloss an dieser Haust\u00fcr vertrauen und dass es stark ist.<\/p>\n<p>Alle 24 Stunden ist ein durchschnittlicher Haushalt etwa drei\u00dfig Cyberangriffen ausgesetzt. J\u00fcngste Daten deuten darauf hin, dass diese Angriffe zunehmen und im Jahr 2025 m\u00f6glicherweise dreimal h\u00e4ufiger auftreten als 2024.<\/p>\n<p>Das ist so, als w\u00fcrde ein Fremder mehrmals t\u00e4glich an Ihrer T\u00fcrklinke r\u00fctteln. Und selbst vorsichtige, sicherheitsbewusste Familien k\u00f6nnen ihre Heimnetzwerke unwissentlich weit offen lassen.<\/p>\n<p>Die gute Nachricht: Der Schutz Ihres digitalen Zuhauses erfordert keinen Doktortitel in Kryptografie oder Raketenwissenschaft. Es ist einfach. Und wir sind hier, um zu helfen.<\/p>\n<p>Lassen Sie uns nun darauf eingehen, warum die Sicherheitshygiene Ihrer Ger\u00e4te zu Hause und im B\u00fcro so wichtig ist, gefolgt von einigen einfachen Schritten, die Sie unternehmen k\u00f6nnen, um selbst f\u00fcr Ihre Sicherheit zu sorgen. Bitte nehmen Sie sich 5 Minuten Zeit, um dies bis zum Ende zu lesen \u2013 es k\u00f6nnte Ihre Sicherheitsinstinkte schnell st\u00e4rken.<\/p>\n    <\/div>\n        <div id=\"topic2\" class=\"skip-item\">\n                        <h2>Alte Router = unverschlossene digitale Haust\u00fcren<\/h2>\n                <p>Wenn Ihr Router jahrelang unauff\u00e4llig seine Arbeit verrichtet hat, erf\u00fcllt er m\u00f6glicherweise nicht mehr seine wichtigste Aufgabe: Sie online zu sch\u00fctzen. Cyberrisiken entwickeln sich t\u00e4glich weiter, und \u00e4ltere Router k\u00f6nnen nicht immer Schritt halten. Selbst wenn sich Ihre Verbindung schnell anf\u00fchlt, k\u00f6nnte Ihr Netzwerk im Stillen angreifbar sein.<\/p>\n<p>Zum Beispiel:<\/p>\n<p><strong>1. Ihr Router hat m\u00f6glicherweise eine veraltete Firmware<\/strong><br \/>\n\u00c4ltere Router erhalten oft keine Firmware-Updates mehr. Ohne neue Patches bleiben bekannte Schwachstellen f\u00fcr Angriffe offen.<\/p>\n<p><strong>2. Neue Sicherheitstechnologie l\u00e4uft nicht auf \u00e4lteren Generationen<\/strong><br \/>\nFortschritte wie WPA3-Verschl\u00fcsselung, automatische Firmware-Updates und integrierte Firewalls sind f\u00fcr moderne Hardware konzipiert. Wenn Ihr Router mehrere Jahre alt ist, stehen Ihnen diese wichtigen Schutzma\u00dfnahmen m\u00f6glicherweise nicht zur Verf\u00fcgung.<\/p>\n<p><strong>3. Sie f\u00fcgen mehr Ger\u00e4te hinzu als je zuvor<\/strong><\/p>\n<p><img loading=\"lazy\" decoding=\"async\" class=\"size-full wp-image-10962 aligncenter\" src=\"https:\/\/dehub.netgear.com\/de\/hub\/wp-content\/uploads\/2025\/10\/NETGEAR_Armor_living_room.png\" alt=\"\" width=\"1920\" height=\"1080\" srcset=\"https:\/\/dehub.netgear.com\/de\/hub\/wp-content\/uploads\/2025\/10\/NETGEAR_Armor_living_room.png 1920w, https:\/\/dehub.netgear.com\/de\/hub\/wp-content\/uploads\/2025\/10\/NETGEAR_Armor_living_room-300x169.png 300w, https:\/\/dehub.netgear.com\/de\/hub\/wp-content\/uploads\/2025\/10\/NETGEAR_Armor_living_room-1024x576.png 1024w, https:\/\/dehub.netgear.com\/de\/hub\/wp-content\/uploads\/2025\/10\/NETGEAR_Armor_living_room-768x432.png 768w, https:\/\/dehub.netgear.com\/de\/hub\/wp-content\/uploads\/2025\/10\/NETGEAR_Armor_living_room-1536x864.png 1536w\" sizes=\"auto, (max-width: 1920px) 100vw, 1920px\" \/><\/p>\n<p>Der durchschnittliche Haushalt hat heute Dutzende von vernetzten Ger\u00e4ten \u2013 Fernseher, Kameras, Thermostate, Laptops und mehr. Jedes einzelne davon ist auf Ihren Router angewiesen, um sicher zu bleiben. Wenn Ihr Router nicht f\u00fcr diese Last ausgelegt wurde, hinkt er nicht nur bei der Sicherheit hinterher, sondern verlangsamt auch Ihre Verbindung.<\/p>\n    <\/div>\n        <div id=\"topic3\" class=\"skip-item\">\n                        <h2>Einfache Schritte zum Testen und St\u00e4rken des Schlosses an Ihrer digitalen Haust\u00fcr<\/h2>\n                <p>Die St\u00e4rkung Ihrer Abwehrma\u00dfnahmen zu Hause und im B\u00fcro ist einfach \u2013 ich verspreche es noch einmal!<\/p>\n<p><strong>Schritt 1: \u00dcberpr\u00fcfen<\/strong><\/p>\n<p>Schauen Sie sich Ihren aktuellen Router an und notieren Sie sich Marke und Modell. Gehen Sie dann auf die Website des Herstellers, um festzustellen:<\/p>\n<ul>\n<li>Erh\u00e4lt er noch Firmware- und Sicherheitsupdates? Diese Informationen finden Sie normalerweise auf der \u201eEnd of Service\u201c-Website des Herstellers, wo die Marken und Modelle von Routern aufgef\u00fchrt sind, die keine Updates mehr erhalten.<\/li>\n<li>Unterst\u00fctzt er WPA3-Verschl\u00fcsselung und automatische Updates? Die Website des Herstellers sollte Ihnen auch das sagen k\u00f6nnen.<\/li>\n<\/ul>\n<p><strong>Schritt 2: Ersetzen<\/strong><\/p>\n<p>Wenn die Antwort auf eine der oben genannten Fragen \u201eNein\u201c lautet, empfehle ich dringend, Ihre Netzwerk-Hardware durch ein neueres Modell einer Marke zu ersetzen, der Sie vertrauen. (Und obwohl ich voreingenommen bin, gibt es mehrere Gr\u00fcnde, warum Sie NETGEAR zumindest in Betracht ziehen sollten. Wir haben einige ziemlich bahnbrechende Dinge getan, um diese Schl\u00f6sser zu st\u00e4rken!)<\/p>\n<p>Zus\u00e4tzlicher Vorteil: Wenn Sie tats\u00e4chlich ein \u00e4lteres Router-Modell haben, k\u00f6nnte ein Upgrade auf neuere Technologie den zus\u00e4tzlichen Nutzen von h\u00f6herer Geschwindigkeit, geringerer Latenz und besserer Gesamtleistung bringen.<\/p>\n<p><strong>Schritt 3: Einfache Kleinigkeiten<\/strong><\/p>\n<p>Sobald Sie Ihren neuen Router oder Ihr neues Mesh-System haben, hier sind einige weitere einfache Dinge, die Sie tun k\u00f6nnen, um mit Zuversicht online zu gehen:<\/p>\n<ul>\n<li>Aktivieren Sie automatische Updates, um die neuesten Sicherheits- und sonstigen Updates m\u00fchelos zu erhalten.<\/li>\n<li>Schalten Sie die Zwei-Faktor-Authentifizierung ein.<\/li>\n<li>Erw\u00e4gen Sie zus\u00e4tzlichen Schutz (wie <a href=\"https:\/\/www.netgear.com\/de\/home\/services\/armor\/\">NETGEAR Armor<\/a> \u2013 mehr dazu unten), der f\u00fcr noch mehr Sorgenfreiheit sorgt.<\/li>\n<\/ul>\n    <\/div>\n        <div id=\"topic4\" class=\"skip-item\">\n                        <h2>Warum Sie NETGEAR in Betracht ziehen sollten: Was wir getan haben, k\u00f6nnte Sie \u00fcberraschen<\/h2>\n                <p>Das Vertrauen unserer Kunden und Partner zu verdienen und zu erhalten, ist f\u00fcr uns von gr\u00f6\u00dfter Bedeutung. NETGEAR ist ein amerikanisches Unternehmen, das vor fast 30 Jahren in Kalifornien gegr\u00fcndet wurde. Netzwerke sind alles, was wir tun, was bedeutet, dass Sie sich keine Sorgen machen m\u00fcssen, dass Ihre Informationen f\u00fcr Nebengesch\u00e4fte verwendet werden. Wir verkaufen\/monetarisieren auch keine Daten. Die minimalen Datenelemente, die wir sammeln, beziehen sich auf die Leistung und Sicherheit Ihrer Ger\u00e4te sowie auf die Optimierung Ihres Kundenerlebnisses von Anfang bis Ende \u2013 was, nebenbei bemerkt, KEINE Web-Browsing-Aktivit\u00e4ten im Netzwerk umfasst. Oh je, fangen wir damit gar nicht erst an.<\/p>\n<p>Wir haben die Datenschutz- und Sicherheitsfunktionen unserer Produkte verdoppelt, und unten finden Sie drei Beispiele daf\u00fcr, wie wir das tun.<\/p>\n<p><strong>Das Schloss verst\u00e4rken \u2013 Erweiterter Router-Schutz (Advanced Router Protection)<\/strong><\/p>\n<p>NETGEAR verfolgt einen mehrschichtigen Ansatz bei den Sicherheitsfunktionen. Zus\u00e4tzlich zu grundlegend wichtigen Funktionen wie WPA3-Verschl\u00fcsselung, einer intelligenten Firewall und der Option, automatische Firmware-Updates zu aktivieren, geht NETGEAR noch weiter. Unsere Router und Mesh-Systeme enthalten auch Advanced Router Protection (ARP), eine integrierte Sicherheitsschicht, die hilft, bestimmte hochriskante bekannte und neue Bedrohungen zu identifizieren und zu blockieren, bevor \u00fcberhaupt Software zur Behebung der L\u00fccke existiert.<\/p>\n<p>So funktioniert es:<br \/>\nWenn bestimmte neue, hochriskante Bedrohungen identifiziert werden, wird NETGEAR ARP so programmiert, dass es den Vektorpfad erkennt, den b\u00f6swillige Akteure ausnutzen k\u00f6nnten. Mit diesen Informationen kann ARP dann proaktiv Versuche zur Ausnutzung dieser Pfade abfangen und blockieren, bevor sie Ihr Netzwerk erreichen \u2013 und bevor Software existiert und ausgerollt wird, um die L\u00fccke zu schlie\u00dfen.<\/p>\n<p><strong>Pr\u00e4senz eines Sicherheitsdienstes \u2013 NETGEAR Armor\u2122 Powered by Bitdefender<\/strong><\/p>\n<p>Zus\u00e4tzlich zu den Funktionen, die in NETGEAR Routern und Mesh-Systemen wie Advanced Router Protection integriert sind, bieten wir eine zus\u00e4tzliche Schutzschicht namens NETGEAR Armor an.<\/p>\n<p>Ich stelle mir Armor gerne so vor: Das richtige Schloss ist unerl\u00e4sslich, aber ein Sicherheitsdienst vor Ihrer Haust\u00fcr bietet noch mehr Sorgenfreiheit.<\/p>\n<p>Armor erweitert den Schutz von Ihrem Router auf die vernetzten Ger\u00e4te in Ihrem Netzwerk \u2013 wie Telefone, Laptops, Smart-TVs und Kameras \u2013, scannt nach verd\u00e4chtigen Aktivit\u00e4ten und hilft, Bedrohungen zu identifizieren und\/oder zu blockieren, bevor sie Schaden anrichten.<\/p>\n    <\/div>\n        <div id=\"topic5\" class=\"skip-item\">\n                        <h2>Sich mit der Cyber- und geopolitischen Landschaft weiterentwickeln<\/h2>\n                <p>W\u00e4hrend sich die Cybersicherheits- und geopolitische Landschaft ver\u00e4ndert, sind NETGEAR (und ich pers\u00f6nlich) entschlossen, sich mit ihr zu ver\u00e4ndern. Sie haben vielleicht k\u00fcrzlich Nachrichten dar\u00fcber gesehen, dass die US-Regierung besorgt ist \u00fcber vernetzte Komponenten in Netzwerkger\u00e4ten f\u00fcr zu Hause und kleine Unternehmen von bestimmten chinesischen Firmen auf der (wachsenden) Liste von Unternehmen und Diensten, die als inakzeptables Risiko f\u00fcr die nationale Sicherheit gelten.<\/p>\n<p>Wir bei NETGEAR freuen uns, bekannt zu geben, dass wir nicht nur aus eigenem Antrieb diesen neuen vorgeschlagenen Vorschriften zuvorgekommen sind, sondern auch mehrere weitere Schritte unternommen haben. Zum Beispiel:<\/p>\n<ul>\n<li>Wir haben unsere gesamte Fertigung aus China verlagert.<\/li>\n<li>Als Vorsichtsma\u00dfnahme beziehen wir keine internetverbundenen Komponenten mehr von Herstellern in China oder von Unternehmen, die von China (oder einem anderen als ausl\u00e4ndischer Gegner eingestuften Land) besessen oder kontrolliert werden.<\/li>\n<li>Dar\u00fcber hinaus, um es klarzustellen, wird die gesamte Software f\u00fcr NETGEAR Router und Mesh-Systeme au\u00dferhalb von ausl\u00e4ndischen Gegnern, einschlie\u00dflich China, entwickelt und gewartet und nicht von Unternehmen, die von diesen besessen oder kontrolliert werden.<\/li>\n<\/ul>\n<p>In der Zwischenzeit arbeiten wir unerm\u00fcdlich daran, unsere Lieferkette weiter zu diversifizieren und bleiben wie immer verpflichtet, uns weiterzuentwickeln und anzupassen, w\u00e4hrend sich die technologische, cyber- und geopolitische Landschaft weiter verschiebt, und eine vertrauensw\u00fcrdige Ressource f\u00fcr unsere Kunden zu sein.<\/p>\n<p><strong>Bleiben Sie sicher da drau\u00dfen !<\/strong><\/p>\n    <\/div>\n    \n","protected":false},"excerpt":{"rendered":"","protected":false},"author":99,"featured_media":10961,"parent":6081,"menu_order":0,"comment_status":"closed","ping_status":"closed","template":"templates\/blog-wifi.php","meta":{"_acf_changed":false,"footnotes":""},"class_list":["post-10978","page","type-page","status-publish","has-post-thumbnail","hentry"],"acf":[],"yoast_head":"<!-- This site is optimized with the Yoast SEO plugin v27.5 - https:\/\/yoast.com\/product\/yoast-seo-wordpress\/ -->\n<title>Ist Ihre digitale Haust\u00fcr gesch\u00fctzt? Hier sind einige Tipps, um es herauszufinden - NETGEAR Hub<\/title>\n<meta name=\"description\" content=\"Von Kirsten Daru, Chief Privacy Officer bei NETGEAR, mit wichtigen Informationen, um Ihre Bedenken hinsichtlich der Routersicherheit anzusprechen.\" \/>\n<meta name=\"robots\" content=\"index, follow, max-snippet:-1, max-image-preview:large, max-video-preview:-1\" \/>\n<link rel=\"canonical\" href=\"https:\/\/dehub.netgear.com\/de\/hub\/network\/cybersecurity-awareness-month-2025\/\" \/>\n<meta property=\"og:locale\" content=\"de_DE\" \/>\n<meta property=\"og:type\" content=\"article\" \/>\n<meta property=\"og:title\" content=\"Ist Ihre digitale Haust\u00fcr gesch\u00fctzt? Hier sind einige Tipps, um es herauszufinden - NETGEAR Hub\" \/>\n<meta property=\"og:description\" content=\"Von Kirsten Daru, Chief Privacy Officer bei NETGEAR, mit wichtigen Informationen, um Ihre Bedenken hinsichtlich der Routersicherheit anzusprechen.\" \/>\n<meta property=\"og:url\" content=\"https:\/\/dehub.netgear.com\/de\/hub\/network\/cybersecurity-awareness-month-2025\/\" \/>\n<meta property=\"og:site_name\" content=\"NETGEAR Hub\" \/>\n<meta property=\"article:publisher\" content=\"https:\/\/www.facebook.com\/NetgearAU\/\" \/>\n<meta property=\"article:modified_time\" content=\"2025-10-30T11:49:28+00:00\" \/>\n<meta property=\"og:image\" content=\"https:\/\/dehub.netgear.com\/de\/hub\/wp-content\/uploads\/2025\/10\/NETGEAR_Armor_house-1024x576.png\" \/>\n\t<meta property=\"og:image:width\" content=\"1024\" \/>\n\t<meta property=\"og:image:height\" content=\"576\" \/>\n\t<meta property=\"og:image:type\" content=\"image\/png\" \/>\n<meta name=\"twitter:card\" content=\"summary_large_image\" \/>\n<meta name=\"twitter:site\" content=\"@NETGEAR\" \/>\n<script type=\"application\/ld+json\" class=\"yoast-schema-graph\">{\"@context\":\"https:\\\/\\\/schema.org\",\"@graph\":[{\"@type\":\"WebPage\",\"@id\":\"https:\\\/\\\/dehub.netgear.com\\\/de\\\/hub\\\/network\\\/cybersecurity-awareness-month-2025\\\/\",\"url\":\"https:\\\/\\\/dehub.netgear.com\\\/de\\\/hub\\\/network\\\/cybersecurity-awareness-month-2025\\\/\",\"name\":\"Ist Ihre digitale Haust\u00fcr gesch\u00fctzt? Hier sind einige Tipps, um es herauszufinden - NETGEAR Hub\",\"isPartOf\":{\"@id\":\"https:\\\/\\\/dehub.netgear.com\\\/de\\\/hub\\\/#website\"},\"primaryImageOfPage\":{\"@id\":\"https:\\\/\\\/dehub.netgear.com\\\/de\\\/hub\\\/network\\\/cybersecurity-awareness-month-2025\\\/#primaryimage\"},\"image\":{\"@id\":\"https:\\\/\\\/dehub.netgear.com\\\/de\\\/hub\\\/network\\\/cybersecurity-awareness-month-2025\\\/#primaryimage\"},\"thumbnailUrl\":\"https:\\\/\\\/dehub.netgear.com\\\/de\\\/hub\\\/wp-content\\\/uploads\\\/2025\\\/10\\\/NETGEAR_Armor_house.png\",\"datePublished\":\"2025-10-30T11:19:16+00:00\",\"dateModified\":\"2025-10-30T11:49:28+00:00\",\"description\":\"Von Kirsten Daru, Chief Privacy Officer bei NETGEAR, mit wichtigen Informationen, um Ihre Bedenken hinsichtlich der Routersicherheit anzusprechen.\",\"breadcrumb\":{\"@id\":\"https:\\\/\\\/dehub.netgear.com\\\/de\\\/hub\\\/network\\\/cybersecurity-awareness-month-2025\\\/#breadcrumb\"},\"inLanguage\":\"de\",\"potentialAction\":[{\"@type\":\"ReadAction\",\"target\":[\"https:\\\/\\\/dehub.netgear.com\\\/de\\\/hub\\\/network\\\/cybersecurity-awareness-month-2025\\\/\"]}]},{\"@type\":\"ImageObject\",\"inLanguage\":\"de\",\"@id\":\"https:\\\/\\\/dehub.netgear.com\\\/de\\\/hub\\\/network\\\/cybersecurity-awareness-month-2025\\\/#primaryimage\",\"url\":\"https:\\\/\\\/dehub.netgear.com\\\/de\\\/hub\\\/wp-content\\\/uploads\\\/2025\\\/10\\\/NETGEAR_Armor_house.png\",\"contentUrl\":\"https:\\\/\\\/dehub.netgear.com\\\/de\\\/hub\\\/wp-content\\\/uploads\\\/2025\\\/10\\\/NETGEAR_Armor_house.png\",\"width\":1920,\"height\":1080},{\"@type\":\"BreadcrumbList\",\"@id\":\"https:\\\/\\\/dehub.netgear.com\\\/de\\\/hub\\\/network\\\/cybersecurity-awareness-month-2025\\\/#breadcrumb\",\"itemListElement\":[{\"@type\":\"ListItem\",\"position\":1,\"name\":\"Home\",\"item\":\"https:\\\/\\\/dehub.netgear.com\\\/de\\\/hub\\\/\"},{\"@type\":\"ListItem\",\"position\":2,\"name\":\"Heimnetzwerk Artikel\",\"item\":\"https:\\\/\\\/dehub.netgear.com\\\/de\\\/hub\\\/network\\\/\"},{\"@type\":\"ListItem\",\"position\":3,\"name\":\"Ist Ihre digitale Haust\u00fcr gesch\u00fctzt? Hier sind einige Tipps, um es herauszufinden\"}]},{\"@type\":\"WebSite\",\"@id\":\"https:\\\/\\\/dehub.netgear.com\\\/de\\\/hub\\\/#website\",\"url\":\"https:\\\/\\\/dehub.netgear.com\\\/de\\\/hub\\\/\",\"name\":\"NETGEAR\",\"description\":\"Erkunden Sie unsere Hub-Seiten und st\u00f6bern Sie in Artikeln, um mehr \u00fcber NETGEAR Produkte und Technologien zu erfahren.\",\"publisher\":{\"@id\":\"https:\\\/\\\/dehub.netgear.com\\\/de\\\/hub\\\/#organization\"},\"potentialAction\":[{\"@type\":\"SearchAction\",\"target\":{\"@type\":\"EntryPoint\",\"urlTemplate\":\"https:\\\/\\\/dehub.netgear.com\\\/de\\\/hub\\\/?s={search_term_string}\"},\"query-input\":{\"@type\":\"PropertyValueSpecification\",\"valueRequired\":true,\"valueName\":\"search_term_string\"}}],\"inLanguage\":\"de\"},{\"@type\":\"Organization\",\"@id\":\"https:\\\/\\\/dehub.netgear.com\\\/de\\\/hub\\\/#organization\",\"name\":\"NETGEAR\",\"url\":\"https:\\\/\\\/dehub.netgear.com\\\/de\\\/hub\\\/\",\"logo\":{\"@type\":\"ImageObject\",\"inLanguage\":\"de\",\"@id\":\"https:\\\/\\\/dehub.netgear.com\\\/de\\\/hub\\\/#\\\/schema\\\/logo\\\/image\\\/\",\"url\":\"https:\\\/\\\/www.dehub.netgear.com\\\/de\\\/hub\\\/wp-content\\\/uploads\\\/2019\\\/07\\\/NETGEAR_logo.jpg\",\"contentUrl\":\"https:\\\/\\\/www.dehub.netgear.com\\\/de\\\/hub\\\/wp-content\\\/uploads\\\/2019\\\/07\\\/NETGEAR_logo.jpg\",\"width\":1500,\"height\":501,\"caption\":\"NETGEAR\"},\"image\":{\"@id\":\"https:\\\/\\\/dehub.netgear.com\\\/de\\\/hub\\\/#\\\/schema\\\/logo\\\/image\\\/\"},\"sameAs\":[\"https:\\\/\\\/www.facebook.com\\\/NetgearAU\\\/\",\"https:\\\/\\\/x.com\\\/NETGEAR\",\"https:\\\/\\\/www.linkedin.com\\\/company\\\/netgear\"]}]}<\/script>\n<!-- \/ Yoast SEO plugin. -->","yoast_head_json":{"title":"Ist Ihre digitale Haust\u00fcr gesch\u00fctzt? Hier sind einige Tipps, um es herauszufinden - NETGEAR Hub","description":"Von Kirsten Daru, Chief Privacy Officer bei NETGEAR, mit wichtigen Informationen, um Ihre Bedenken hinsichtlich der Routersicherheit anzusprechen.","robots":{"index":"index","follow":"follow","max-snippet":"max-snippet:-1","max-image-preview":"max-image-preview:large","max-video-preview":"max-video-preview:-1"},"canonical":"https:\/\/dehub.netgear.com\/de\/hub\/network\/cybersecurity-awareness-month-2025\/","og_locale":"de_DE","og_type":"article","og_title":"Ist Ihre digitale Haust\u00fcr gesch\u00fctzt? Hier sind einige Tipps, um es herauszufinden - NETGEAR Hub","og_description":"Von Kirsten Daru, Chief Privacy Officer bei NETGEAR, mit wichtigen Informationen, um Ihre Bedenken hinsichtlich der Routersicherheit anzusprechen.","og_url":"https:\/\/dehub.netgear.com\/de\/hub\/network\/cybersecurity-awareness-month-2025\/","og_site_name":"NETGEAR Hub","article_publisher":"https:\/\/www.facebook.com\/NetgearAU\/","article_modified_time":"2025-10-30T11:49:28+00:00","og_image":[{"width":1024,"height":576,"url":"https:\/\/dehub.netgear.com\/de\/hub\/wp-content\/uploads\/2025\/10\/NETGEAR_Armor_house-1024x576.png","type":"image\/png"}],"twitter_card":"summary_large_image","twitter_site":"@NETGEAR","schema":{"@context":"https:\/\/schema.org","@graph":[{"@type":"WebPage","@id":"https:\/\/dehub.netgear.com\/de\/hub\/network\/cybersecurity-awareness-month-2025\/","url":"https:\/\/dehub.netgear.com\/de\/hub\/network\/cybersecurity-awareness-month-2025\/","name":"Ist Ihre digitale Haust\u00fcr gesch\u00fctzt? Hier sind einige Tipps, um es herauszufinden - NETGEAR Hub","isPartOf":{"@id":"https:\/\/dehub.netgear.com\/de\/hub\/#website"},"primaryImageOfPage":{"@id":"https:\/\/dehub.netgear.com\/de\/hub\/network\/cybersecurity-awareness-month-2025\/#primaryimage"},"image":{"@id":"https:\/\/dehub.netgear.com\/de\/hub\/network\/cybersecurity-awareness-month-2025\/#primaryimage"},"thumbnailUrl":"https:\/\/dehub.netgear.com\/de\/hub\/wp-content\/uploads\/2025\/10\/NETGEAR_Armor_house.png","datePublished":"2025-10-30T11:19:16+00:00","dateModified":"2025-10-30T11:49:28+00:00","description":"Von Kirsten Daru, Chief Privacy Officer bei NETGEAR, mit wichtigen Informationen, um Ihre Bedenken hinsichtlich der Routersicherheit anzusprechen.","breadcrumb":{"@id":"https:\/\/dehub.netgear.com\/de\/hub\/network\/cybersecurity-awareness-month-2025\/#breadcrumb"},"inLanguage":"de","potentialAction":[{"@type":"ReadAction","target":["https:\/\/dehub.netgear.com\/de\/hub\/network\/cybersecurity-awareness-month-2025\/"]}]},{"@type":"ImageObject","inLanguage":"de","@id":"https:\/\/dehub.netgear.com\/de\/hub\/network\/cybersecurity-awareness-month-2025\/#primaryimage","url":"https:\/\/dehub.netgear.com\/de\/hub\/wp-content\/uploads\/2025\/10\/NETGEAR_Armor_house.png","contentUrl":"https:\/\/dehub.netgear.com\/de\/hub\/wp-content\/uploads\/2025\/10\/NETGEAR_Armor_house.png","width":1920,"height":1080},{"@type":"BreadcrumbList","@id":"https:\/\/dehub.netgear.com\/de\/hub\/network\/cybersecurity-awareness-month-2025\/#breadcrumb","itemListElement":[{"@type":"ListItem","position":1,"name":"Home","item":"https:\/\/dehub.netgear.com\/de\/hub\/"},{"@type":"ListItem","position":2,"name":"Heimnetzwerk Artikel","item":"https:\/\/dehub.netgear.com\/de\/hub\/network\/"},{"@type":"ListItem","position":3,"name":"Ist Ihre digitale Haust\u00fcr gesch\u00fctzt? Hier sind einige Tipps, um es herauszufinden"}]},{"@type":"WebSite","@id":"https:\/\/dehub.netgear.com\/de\/hub\/#website","url":"https:\/\/dehub.netgear.com\/de\/hub\/","name":"NETGEAR","description":"Erkunden Sie unsere Hub-Seiten und st\u00f6bern Sie in Artikeln, um mehr \u00fcber NETGEAR Produkte und Technologien zu erfahren.","publisher":{"@id":"https:\/\/dehub.netgear.com\/de\/hub\/#organization"},"potentialAction":[{"@type":"SearchAction","target":{"@type":"EntryPoint","urlTemplate":"https:\/\/dehub.netgear.com\/de\/hub\/?s={search_term_string}"},"query-input":{"@type":"PropertyValueSpecification","valueRequired":true,"valueName":"search_term_string"}}],"inLanguage":"de"},{"@type":"Organization","@id":"https:\/\/dehub.netgear.com\/de\/hub\/#organization","name":"NETGEAR","url":"https:\/\/dehub.netgear.com\/de\/hub\/","logo":{"@type":"ImageObject","inLanguage":"de","@id":"https:\/\/dehub.netgear.com\/de\/hub\/#\/schema\/logo\/image\/","url":"https:\/\/www.dehub.netgear.com\/de\/hub\/wp-content\/uploads\/2019\/07\/NETGEAR_logo.jpg","contentUrl":"https:\/\/www.dehub.netgear.com\/de\/hub\/wp-content\/uploads\/2019\/07\/NETGEAR_logo.jpg","width":1500,"height":501,"caption":"NETGEAR"},"image":{"@id":"https:\/\/dehub.netgear.com\/de\/hub\/#\/schema\/logo\/image\/"},"sameAs":["https:\/\/www.facebook.com\/NetgearAU\/","https:\/\/x.com\/NETGEAR","https:\/\/www.linkedin.com\/company\/netgear"]}]}},"_links":{"self":[{"href":"https:\/\/dehub.netgear.com\/de\/hub\/wp-json\/wp\/v2\/pages\/10978","targetHints":{"allow":["GET"]}}],"collection":[{"href":"https:\/\/dehub.netgear.com\/de\/hub\/wp-json\/wp\/v2\/pages"}],"about":[{"href":"https:\/\/dehub.netgear.com\/de\/hub\/wp-json\/wp\/v2\/types\/page"}],"author":[{"embeddable":true,"href":"https:\/\/dehub.netgear.com\/de\/hub\/wp-json\/wp\/v2\/users\/99"}],"replies":[{"embeddable":true,"href":"https:\/\/dehub.netgear.com\/de\/hub\/wp-json\/wp\/v2\/comments?post=10978"}],"version-history":[{"count":2,"href":"https:\/\/dehub.netgear.com\/de\/hub\/wp-json\/wp\/v2\/pages\/10978\/revisions"}],"predecessor-version":[{"id":10982,"href":"https:\/\/dehub.netgear.com\/de\/hub\/wp-json\/wp\/v2\/pages\/10978\/revisions\/10982"}],"up":[{"embeddable":true,"href":"https:\/\/dehub.netgear.com\/de\/hub\/wp-json\/wp\/v2\/pages\/6081"}],"wp:featuredmedia":[{"embeddable":true,"href":"https:\/\/dehub.netgear.com\/de\/hub\/wp-json\/wp\/v2\/media\/10961"}],"wp:attachment":[{"href":"https:\/\/dehub.netgear.com\/de\/hub\/wp-json\/wp\/v2\/media?parent=10978"}],"curies":[{"name":"wp","href":"https:\/\/api.w.org\/{rel}","templated":true}]}}