{"id":10963,"date":"2025-10-30T10:55:09","date_gmt":"2025-10-30T09:55:15","guid":{"rendered":"https:\/\/dehub.netgear.com\/de\/hub\/?page_id=10963"},"modified":"2025-10-30T12:36:58","modified_gmt":"2025-10-30T11:36:58","slug":"mr7450-enhanced-5g-performance-with-the-latest-firmware-update","status":"publish","type":"page","link":"https:\/\/dehub.netgear.com\/de\/hub\/wifi\/mobile\/mr7450-enhanced-5g-performance-with-the-latest-firmware-update\/","title":{"rendered":"Nighthawk M7 Pro (MR7450-100EUS) \u2013 Verbesserte 5G-Leistung mit dem neuesten Firmware-Update"},"content":{"rendered":"<p><img loading=\"lazy\" decoding=\"async\" class=\"alignone size-full wp-image-10681\" style=\"border-radius: 1em;\" src=\"https:\/\/dehub.netgear.com\/de\/hub\/wp-content\/uploads\/2025\/10\/M7_Straight_1920x1080.jpg\" alt=\"\" width=\"1048\" height=\"511\" \/><\/p>\n    <div class=\"table-of-content bg-gray\">\n        <p><strong>IN THIS ARTICLE<\/strong><\/p>\n        <ul>\n                        <li><a href=\"#topic1\">Warum aktualisieren? <\/a><\/li>\n                        <li><a href=\"#topic2\">So aktualisieren Sie Ihr Ger\u00e4t <\/a><\/li>\n                        <li><a href=\"#topic3\">Falls Probleme beim Update auftreten\u00a0<\/a><\/li>\n                        <li><a href=\"#topic4\">Verbunden bleiben <\/a><\/li>\n                    <\/ul>\n    <\/div>\n        <div id=\"topic1\" class=\"skip-item\">\n                        <h2>Warum aktualisieren? <\/h2>\n                <p><span class=\"TextRun SCXW6088606 BCX8\" lang=\"EN-US\" xml:lang=\"EN-US\" data-contrast=\"auto\"><span class=\"NormalTextRun SpellingErrorV2Themed SCXW6088606 BCX8\">Diese<\/span><span class=\"NormalTextRun SCXW6088606 BCX8\"> Firmware <\/span><span class=\"NormalTextRun SpellingErrorV2Themed SCXW6088606 BCX8\">enth\u00e4lt<\/span> <span class=\"NormalTextRun SpellingErrorV2Themed SCXW6088606 BCX8\">wichtige<\/span> <span class=\"NormalTextRun SpellingErrorV2Themed SCXW6088606 BCX8\">Verbesserungen<\/span> <span class=\"NormalTextRun SpellingErrorV2Themed SCXW6088606 BCX8\">bei<\/span><span class=\"NormalTextRun SCXW6088606 BCX8\"> der 5G-Netzwerk-Kompatibilit\u00e4t und <\/span><span class=\"NormalTextRun SpellingErrorV2Themed SCXW6088606 BCX8\">Stabilit\u00e4t<\/span><span class=\"NormalTextRun SCXW6088606 BCX8\">. Durch das <\/span><span class=\"NormalTextRun SpellingErrorV2Themed SCXW6088606 BCX8\">Aktualisieren<\/span> <span class=\"NormalTextRun SpellingErrorV2Themed SCXW6088606 BCX8\">Ihres<\/span><span class=\"NormalTextRun SCXW6088606 BCX8\"> M7 Pro <\/span><span class=\"NormalTextRun SpellingErrorV2Themed SCXW6088606 BCX8\">profitieren<\/span><span class=\"NormalTextRun SCXW6088606 BCX8\"> Sie von <\/span><span class=\"NormalTextRun SpellingErrorV2Themed SCXW6088606 BCX8\">einer<\/span> <span class=\"NormalTextRun SpellingErrorV2Themed SCXW6088606 BCX8\">noch<\/span> <span class=\"NormalTextRun SpellingErrorV2Themed SCXW6088606 BCX8\">reibungsloseren<\/span><span class=\"NormalTextRun SCXW6088606 BCX8\"> und <\/span><span class=\"NormalTextRun SpellingErrorV2Themed SCXW6088606 BCX8\">zuverl\u00e4ssigeren<\/span> <span class=\"NormalTextRun SpellingErrorV2Themed SCXW6088606 BCX8\">Verbindung<\/span><span class=\"NormalTextRun SCXW6088606 BCX8\"> \u2013 <\/span><span class=\"NormalTextRun SpellingErrorV2Themed SCXW6088606 BCX8\">\u00fcberall<\/span><span class=\"NormalTextRun SCXW6088606 BCX8\">.<\/span><\/span><span class=\"EOP SCXW6088606 BCX8\" data-ccp-props=\"{&quot;134233117&quot;:false,&quot;134233118&quot;:false,&quot;335551550&quot;:0,&quot;335551620&quot;:0,&quot;335559738&quot;:240,&quot;335559739&quot;:240}\">\u00a0<\/span><\/p>\n    <\/div>\n        <div id=\"topic2\" class=\"skip-item\">\n                        <h2>So aktualisieren Sie Ihr Ger\u00e4t <\/h2>\n                <p>Sie k\u00f6nnen Ihr M7 Pro schnell und einfach auf eine der folgenden Arten aktualisieren:<\/p>\n<p><strong>Option 1: Aktualisierung \u00fcber mobile Daten (empfohlen)<\/strong><\/p>\n<p>1. Stellen Sie sicher, dass Ihr Ger\u00e4t eingeschaltet und mit einem Mobilfunknetz verbunden ist.<br \/>\n2. Tippen Sie auf Einstellungen &gt; Software &gt; Nach Updates suchen.<br \/>\n3. Wenn eine neue Firmware verf\u00fcgbar ist, folgen Sie den Anweisungen zur Installation.<\/p>\n    <\/div>\n        <div id=\"topic3\" class=\"skip-item\">\n                        <h2>Falls Probleme beim Update auftreten\u00a0<\/h2>\n                <p>Wenn das Update \u00fcber mobile Daten nicht funktioniert, versuchen Sie eine der folgenden Alternativen:<\/p>\n<p><strong>Option 2: Wechsel in den LTE-only-Modus<\/strong><\/p>\n<p>1. Schalten Sie Ihren M7 Pro ein.<br \/>\n2. Tippen Sie auf Einstellungen &gt; Mobil &gt; Bandregion.<br \/>\n3. W\u00e4hlen Sie LTE und tippen Sie auf OK.<\/p>\n<p>Diese Einstellung schaltet vor\u00fcbergehend auf LTE um, damit das Update erfolgreich abgeschlossen werden kann.<\/p>\n<p><strong>Option 3: WLAN- oder Ethernet-Offloading<\/strong><\/p>\n<p>1. Verbinden Sie Ihren M7 Pro mit einem WLAN-Netzwerk oder \u00fcber ein Ethernet-Kabel mit einem Router.<br \/>\n2. Tippen Sie auf Einstellungen &gt; Software &gt; Nach Updates suchen.<br \/>\n3. Installieren Sie das Update, sofern es verf\u00fcgbar ist.<\/p>\n    <\/div>\n        <div id=\"topic4\" class=\"skip-item\">\n                        <h2>Verbunden bleiben <\/h2>\n                <p><span class=\"TextRun SCXW112499298 BCX8\" lang=\"EN-US\" xml:lang=\"EN-US\" data-contrast=\"auto\"><span class=\"NormalTextRun SCXW112499298 BCX8\">Mit <\/span><span class=\"NormalTextRun SpellingErrorV2Themed SCXW112499298 BCX8\">regelm\u00e4\u00dfigen<\/span><span class=\"NormalTextRun SCXW112499298 BCX8\"> Firmware-Updates <\/span><span class=\"NormalTextRun SpellingErrorV2Themed SCXW112499298 BCX8\">genie\u00dfen<\/span><span class=\"NormalTextRun SCXW112499298 BCX8\"> Sie die <\/span><span class=\"NormalTextRun SpellingErrorV2Themed SCXW112499298 BCX8\">beste<\/span> <span class=\"NormalTextRun SpellingErrorV2Themed SCXW112499298 BCX8\">Leistung<\/span><span class=\"NormalTextRun SCXW112499298 BCX8\">, Sicherheit, <\/span><span class=\"NormalTextRun SpellingErrorV2Themed SCXW112499298 BCX8\">Zuverl\u00e4ssigkeit<\/span><span class=\"NormalTextRun SCXW112499298 BCX8\"> und 5G-Erfahrung.<\/span><\/span><span class=\"LineBreakBlob BlobObject DragDrop SCXW112499298 BCX8\"><span class=\"SCXW112499298 BCX8\">\u00a0<\/span><br class=\"SCXW112499298 BCX8\" \/><\/span><span class=\"TextRun SCXW112499298 BCX8\" lang=\"EN-US\" xml:lang=\"EN-US\" data-contrast=\"auto\"> <span class=\"NormalTextRun SpellingErrorV2Themed SCXW112499298 BCX8\">Vielen<\/span><span class=\"NormalTextRun SCXW112499298 BCX8\"> Dank, <\/span><span class=\"NormalTextRun SpellingErrorV2Themed SCXW112499298 BCX8\">dass<\/span><span class=\"NormalTextRun SCXW112499298 BCX8\"> Sie <\/span><span class=\"NormalTextRun SpellingErrorV2Themed SCXW112499298 BCX8\">sich<\/span><span class=\"NormalTextRun SCXW112499298 BCX8\"> f\u00fcr NETGEAR <\/span><span class=\"NormalTextRun SpellingErrorV2Themed SCXW112499298 BCX8\">entschieden<\/span> <span class=\"NormalTextRun SpellingErrorV2Themed SCXW112499298 BCX8\">haben<\/span><span class=\"NormalTextRun SCXW112499298 BCX8\"> \u2013 <\/span><span class=\"NormalTextRun SpellingErrorV2Themed SCXW112499298 BCX8\">wir<\/span> <span class=\"NormalTextRun SpellingErrorV2Themed SCXW112499298 BCX8\">sorgen<\/span> <span class=\"NormalTextRun SpellingErrorV2Themed SCXW112499298 BCX8\">daf\u00fcr<\/span><span class=\"NormalTextRun SCXW112499298 BCX8\">, <\/span><span class=\"NormalTextRun SpellingErrorV2Themed SCXW112499298 BCX8\">dass<\/span><span class=\"NormalTextRun SCXW112499298 BCX8\"> Sie <\/span><span class=\"NormalTextRun SpellingErrorV2Themed SCXW112499298 BCX8\">nahtlos<\/span><span class=\"NormalTextRun SCXW112499298 BCX8\"> und <\/span><span class=\"NormalTextRun SpellingErrorV2Themed SCXW112499298 BCX8\">sicher<\/span> <span class=\"NormalTextRun SpellingErrorV2Themed SCXW112499298 BCX8\">verbunden<\/span> <span class=\"NormalTextRun SpellingErrorV2Themed SCXW112499298 BCX8\">bleiben<\/span><span class=\"NormalTextRun SCXW112499298 BCX8\">.<\/span><\/span><span class=\"EOP SCXW112499298 BCX8\" data-ccp-props=\"{&quot;134233117&quot;:false,&quot;134233118&quot;:false,&quot;335551550&quot;:0,&quot;335551620&quot;:0,&quot;335559738&quot;:240,&quot;335559739&quot;:240}\">\u00a0<\/span><\/p>\n    <\/div>\n    \n","protected":false},"excerpt":{"rendered":"","protected":false},"author":68,"featured_media":10970,"parent":6701,"menu_order":0,"comment_status":"closed","ping_status":"closed","template":"templates\/blog-wifi.php","meta":{"_acf_changed":false,"footnotes":""},"class_list":["post-10963","page","type-page","status-publish","has-post-thumbnail","hentry"],"acf":[],"yoast_head":"<!-- This site is optimized with the Yoast SEO plugin v27.3 - https:\/\/yoast.com\/product\/yoast-seo-wordpress\/ -->\n<title>Nighthawk M7 Pro (MR7450-100EUS) \u2013 Verbesserte 5G-Leistung mit dem neuesten Firmware-Update - NETGEAR Hub<\/title>\n<meta name=\"description\" content=\"Neue Firmware-Aktualisierung jetzt verf\u00fcgbar f\u00fcr Ihr Nighthawk M7 Pro (MR7450-100EUS)! Dieses Update verbessert die 5G-Konnektivit\u00e4t und die Gesamtleistung\" \/>\n<meta name=\"robots\" content=\"index, follow, max-snippet:-1, max-image-preview:large, max-video-preview:-1\" \/>\n<link rel=\"canonical\" href=\"https:\/\/dehub.netgear.com\/de\/hub\/wifi\/mobile\/mr7450-enhanced-5g-performance-with-the-latest-firmware-update\/\" \/>\n<meta property=\"og:locale\" content=\"de_DE\" \/>\n<meta property=\"og:type\" content=\"article\" \/>\n<meta property=\"og:title\" content=\"Nighthawk M7 Pro (MR7450-100EUS) \u2013 Verbesserte 5G-Leistung mit dem neuesten Firmware-Update - NETGEAR Hub\" \/>\n<meta property=\"og:description\" content=\"Neue Firmware-Aktualisierung jetzt verf\u00fcgbar f\u00fcr Ihr Nighthawk M7 Pro (MR7450-100EUS)! Dieses Update verbessert die 5G-Konnektivit\u00e4t und die Gesamtleistung\" \/>\n<meta property=\"og:url\" content=\"https:\/\/dehub.netgear.com\/de\/hub\/wifi\/mobile\/mr7450-enhanced-5g-performance-with-the-latest-firmware-update\/\" \/>\n<meta property=\"og:site_name\" content=\"NETGEAR Hub\" \/>\n<meta property=\"article:publisher\" content=\"https:\/\/www.facebook.com\/NetgearAU\/\" \/>\n<meta property=\"article:modified_time\" content=\"2025-10-30T11:36:58+00:00\" \/>\n<meta property=\"og:image\" content=\"https:\/\/dehub.netgear.com\/de\/hub\/wp-content\/uploads\/2025\/10\/M7_Straight_1920x1080.jpg\" \/>\n\t<meta property=\"og:image:width\" content=\"1920\" \/>\n\t<meta property=\"og:image:height\" content=\"1080\" \/>\n\t<meta property=\"og:image:type\" content=\"image\/jpeg\" \/>\n<meta name=\"twitter:card\" content=\"summary_large_image\" \/>\n<meta name=\"twitter:site\" content=\"@NETGEAR\" \/>\n<script type=\"application\/ld+json\" class=\"yoast-schema-graph\">{\"@context\":\"https:\\\/\\\/schema.org\",\"@graph\":[{\"@type\":\"WebPage\",\"@id\":\"https:\\\/\\\/dehub.netgear.com\\\/de\\\/hub\\\/wifi\\\/mobile\\\/mr7450-enhanced-5g-performance-with-the-latest-firmware-update\\\/\",\"url\":\"https:\\\/\\\/dehub.netgear.com\\\/de\\\/hub\\\/wifi\\\/mobile\\\/mr7450-enhanced-5g-performance-with-the-latest-firmware-update\\\/\",\"name\":\"Nighthawk M7 Pro (MR7450-100EUS) \u2013 Verbesserte 5G-Leistung mit dem neuesten Firmware-Update - NETGEAR Hub\",\"isPartOf\":{\"@id\":\"https:\\\/\\\/dehub.netgear.com\\\/de\\\/hub\\\/#website\"},\"primaryImageOfPage\":{\"@id\":\"https:\\\/\\\/dehub.netgear.com\\\/de\\\/hub\\\/wifi\\\/mobile\\\/mr7450-enhanced-5g-performance-with-the-latest-firmware-update\\\/#primaryimage\"},\"image\":{\"@id\":\"https:\\\/\\\/dehub.netgear.com\\\/de\\\/hub\\\/wifi\\\/mobile\\\/mr7450-enhanced-5g-performance-with-the-latest-firmware-update\\\/#primaryimage\"},\"thumbnailUrl\":\"https:\\\/\\\/dehub.netgear.com\\\/de\\\/hub\\\/wp-content\\\/uploads\\\/2025\\\/10\\\/M7_Straight_1920x1080.jpg\",\"datePublished\":\"2025-10-30T09:55:15+00:00\",\"dateModified\":\"2025-10-30T11:36:58+00:00\",\"description\":\"Neue Firmware-Aktualisierung jetzt verf\u00fcgbar f\u00fcr Ihr Nighthawk M7 Pro (MR7450-100EUS)! Dieses Update verbessert die 5G-Konnektivit\u00e4t und die Gesamtleistung\",\"breadcrumb\":{\"@id\":\"https:\\\/\\\/dehub.netgear.com\\\/de\\\/hub\\\/wifi\\\/mobile\\\/mr7450-enhanced-5g-performance-with-the-latest-firmware-update\\\/#breadcrumb\"},\"inLanguage\":\"de\",\"potentialAction\":[{\"@type\":\"ReadAction\",\"target\":[\"https:\\\/\\\/dehub.netgear.com\\\/de\\\/hub\\\/wifi\\\/mobile\\\/mr7450-enhanced-5g-performance-with-the-latest-firmware-update\\\/\"]}]},{\"@type\":\"ImageObject\",\"inLanguage\":\"de\",\"@id\":\"https:\\\/\\\/dehub.netgear.com\\\/de\\\/hub\\\/wifi\\\/mobile\\\/mr7450-enhanced-5g-performance-with-the-latest-firmware-update\\\/#primaryimage\",\"url\":\"https:\\\/\\\/dehub.netgear.com\\\/de\\\/hub\\\/wp-content\\\/uploads\\\/2025\\\/10\\\/M7_Straight_1920x1080.jpg\",\"contentUrl\":\"https:\\\/\\\/dehub.netgear.com\\\/de\\\/hub\\\/wp-content\\\/uploads\\\/2025\\\/10\\\/M7_Straight_1920x1080.jpg\",\"width\":1920,\"height\":1080,\"caption\":\"Nighthawk M7 Pro 5G mobile router (MR7450-100EUS)\"},{\"@type\":\"BreadcrumbList\",\"@id\":\"https:\\\/\\\/dehub.netgear.com\\\/de\\\/hub\\\/wifi\\\/mobile\\\/mr7450-enhanced-5g-performance-with-the-latest-firmware-update\\\/#breadcrumb\",\"itemListElement\":[{\"@type\":\"ListItem\",\"position\":1,\"name\":\"Home\",\"item\":\"https:\\\/\\\/dehub.netgear.com\\\/de\\\/hub\\\/\"},{\"@type\":\"ListItem\",\"position\":2,\"name\":\"WiFi Tech Articles Hub\",\"item\":\"https:\\\/\\\/dehub.netgear.com\\\/de\\\/hub\\\/wifi\\\/\"},{\"@type\":\"ListItem\",\"position\":3,\"name\":\"Mobiler WLAN-Artikel-Hub\",\"item\":\"https:\\\/\\\/dehub.netgear.com\\\/de\\\/hub\\\/wifi\\\/mobile\\\/\"},{\"@type\":\"ListItem\",\"position\":4,\"name\":\"Nighthawk M7 Pro (MR7450-100EUS) \u2013 Verbesserte 5G-Leistung mit dem neuesten Firmware-Update\"}]},{\"@type\":\"WebSite\",\"@id\":\"https:\\\/\\\/dehub.netgear.com\\\/de\\\/hub\\\/#website\",\"url\":\"https:\\\/\\\/dehub.netgear.com\\\/de\\\/hub\\\/\",\"name\":\"NETGEAR\",\"description\":\"Erkunden Sie unsere Hub-Seiten und st\u00f6bern Sie in Artikeln, um mehr \u00fcber NETGEAR Produkte und Technologien zu erfahren.\",\"publisher\":{\"@id\":\"https:\\\/\\\/dehub.netgear.com\\\/de\\\/hub\\\/#organization\"},\"potentialAction\":[{\"@type\":\"SearchAction\",\"target\":{\"@type\":\"EntryPoint\",\"urlTemplate\":\"https:\\\/\\\/dehub.netgear.com\\\/de\\\/hub\\\/?s={search_term_string}\"},\"query-input\":{\"@type\":\"PropertyValueSpecification\",\"valueRequired\":true,\"valueName\":\"search_term_string\"}}],\"inLanguage\":\"de\"},{\"@type\":\"Organization\",\"@id\":\"https:\\\/\\\/dehub.netgear.com\\\/de\\\/hub\\\/#organization\",\"name\":\"NETGEAR\",\"url\":\"https:\\\/\\\/dehub.netgear.com\\\/de\\\/hub\\\/\",\"logo\":{\"@type\":\"ImageObject\",\"inLanguage\":\"de\",\"@id\":\"https:\\\/\\\/dehub.netgear.com\\\/de\\\/hub\\\/#\\\/schema\\\/logo\\\/image\\\/\",\"url\":\"https:\\\/\\\/www.dehub.netgear.com\\\/de\\\/hub\\\/wp-content\\\/uploads\\\/2019\\\/07\\\/NETGEAR_logo.jpg\",\"contentUrl\":\"https:\\\/\\\/www.dehub.netgear.com\\\/de\\\/hub\\\/wp-content\\\/uploads\\\/2019\\\/07\\\/NETGEAR_logo.jpg\",\"width\":1500,\"height\":501,\"caption\":\"NETGEAR\"},\"image\":{\"@id\":\"https:\\\/\\\/dehub.netgear.com\\\/de\\\/hub\\\/#\\\/schema\\\/logo\\\/image\\\/\"},\"sameAs\":[\"https:\\\/\\\/www.facebook.com\\\/NetgearAU\\\/\",\"https:\\\/\\\/x.com\\\/NETGEAR\",\"https:\\\/\\\/www.linkedin.com\\\/company\\\/netgear\"]}]}<\/script>\n<!-- \/ Yoast SEO plugin. -->","yoast_head_json":{"title":"Nighthawk M7 Pro (MR7450-100EUS) \u2013 Verbesserte 5G-Leistung mit dem neuesten Firmware-Update - NETGEAR Hub","description":"Neue Firmware-Aktualisierung jetzt verf\u00fcgbar f\u00fcr Ihr Nighthawk M7 Pro (MR7450-100EUS)! Dieses Update verbessert die 5G-Konnektivit\u00e4t und die Gesamtleistung","robots":{"index":"index","follow":"follow","max-snippet":"max-snippet:-1","max-image-preview":"max-image-preview:large","max-video-preview":"max-video-preview:-1"},"canonical":"https:\/\/dehub.netgear.com\/de\/hub\/wifi\/mobile\/mr7450-enhanced-5g-performance-with-the-latest-firmware-update\/","og_locale":"de_DE","og_type":"article","og_title":"Nighthawk M7 Pro (MR7450-100EUS) \u2013 Verbesserte 5G-Leistung mit dem neuesten Firmware-Update - NETGEAR Hub","og_description":"Neue Firmware-Aktualisierung jetzt verf\u00fcgbar f\u00fcr Ihr Nighthawk M7 Pro (MR7450-100EUS)! Dieses Update verbessert die 5G-Konnektivit\u00e4t und die Gesamtleistung","og_url":"https:\/\/dehub.netgear.com\/de\/hub\/wifi\/mobile\/mr7450-enhanced-5g-performance-with-the-latest-firmware-update\/","og_site_name":"NETGEAR Hub","article_publisher":"https:\/\/www.facebook.com\/NetgearAU\/","article_modified_time":"2025-10-30T11:36:58+00:00","og_image":[{"width":1920,"height":1080,"url":"https:\/\/dehub.netgear.com\/de\/hub\/wp-content\/uploads\/2025\/10\/M7_Straight_1920x1080.jpg","type":"image\/jpeg"}],"twitter_card":"summary_large_image","twitter_site":"@NETGEAR","schema":{"@context":"https:\/\/schema.org","@graph":[{"@type":"WebPage","@id":"https:\/\/dehub.netgear.com\/de\/hub\/wifi\/mobile\/mr7450-enhanced-5g-performance-with-the-latest-firmware-update\/","url":"https:\/\/dehub.netgear.com\/de\/hub\/wifi\/mobile\/mr7450-enhanced-5g-performance-with-the-latest-firmware-update\/","name":"Nighthawk M7 Pro (MR7450-100EUS) \u2013 Verbesserte 5G-Leistung mit dem neuesten Firmware-Update - NETGEAR Hub","isPartOf":{"@id":"https:\/\/dehub.netgear.com\/de\/hub\/#website"},"primaryImageOfPage":{"@id":"https:\/\/dehub.netgear.com\/de\/hub\/wifi\/mobile\/mr7450-enhanced-5g-performance-with-the-latest-firmware-update\/#primaryimage"},"image":{"@id":"https:\/\/dehub.netgear.com\/de\/hub\/wifi\/mobile\/mr7450-enhanced-5g-performance-with-the-latest-firmware-update\/#primaryimage"},"thumbnailUrl":"https:\/\/dehub.netgear.com\/de\/hub\/wp-content\/uploads\/2025\/10\/M7_Straight_1920x1080.jpg","datePublished":"2025-10-30T09:55:15+00:00","dateModified":"2025-10-30T11:36:58+00:00","description":"Neue Firmware-Aktualisierung jetzt verf\u00fcgbar f\u00fcr Ihr Nighthawk M7 Pro (MR7450-100EUS)! Dieses Update verbessert die 5G-Konnektivit\u00e4t und die Gesamtleistung","breadcrumb":{"@id":"https:\/\/dehub.netgear.com\/de\/hub\/wifi\/mobile\/mr7450-enhanced-5g-performance-with-the-latest-firmware-update\/#breadcrumb"},"inLanguage":"de","potentialAction":[{"@type":"ReadAction","target":["https:\/\/dehub.netgear.com\/de\/hub\/wifi\/mobile\/mr7450-enhanced-5g-performance-with-the-latest-firmware-update\/"]}]},{"@type":"ImageObject","inLanguage":"de","@id":"https:\/\/dehub.netgear.com\/de\/hub\/wifi\/mobile\/mr7450-enhanced-5g-performance-with-the-latest-firmware-update\/#primaryimage","url":"https:\/\/dehub.netgear.com\/de\/hub\/wp-content\/uploads\/2025\/10\/M7_Straight_1920x1080.jpg","contentUrl":"https:\/\/dehub.netgear.com\/de\/hub\/wp-content\/uploads\/2025\/10\/M7_Straight_1920x1080.jpg","width":1920,"height":1080,"caption":"Nighthawk M7 Pro 5G mobile router (MR7450-100EUS)"},{"@type":"BreadcrumbList","@id":"https:\/\/dehub.netgear.com\/de\/hub\/wifi\/mobile\/mr7450-enhanced-5g-performance-with-the-latest-firmware-update\/#breadcrumb","itemListElement":[{"@type":"ListItem","position":1,"name":"Home","item":"https:\/\/dehub.netgear.com\/de\/hub\/"},{"@type":"ListItem","position":2,"name":"WiFi Tech Articles Hub","item":"https:\/\/dehub.netgear.com\/de\/hub\/wifi\/"},{"@type":"ListItem","position":3,"name":"Mobiler WLAN-Artikel-Hub","item":"https:\/\/dehub.netgear.com\/de\/hub\/wifi\/mobile\/"},{"@type":"ListItem","position":4,"name":"Nighthawk M7 Pro (MR7450-100EUS) \u2013 Verbesserte 5G-Leistung mit dem neuesten Firmware-Update"}]},{"@type":"WebSite","@id":"https:\/\/dehub.netgear.com\/de\/hub\/#website","url":"https:\/\/dehub.netgear.com\/de\/hub\/","name":"NETGEAR","description":"Erkunden Sie unsere Hub-Seiten und st\u00f6bern Sie in Artikeln, um mehr \u00fcber NETGEAR Produkte und Technologien zu erfahren.","publisher":{"@id":"https:\/\/dehub.netgear.com\/de\/hub\/#organization"},"potentialAction":[{"@type":"SearchAction","target":{"@type":"EntryPoint","urlTemplate":"https:\/\/dehub.netgear.com\/de\/hub\/?s={search_term_string}"},"query-input":{"@type":"PropertyValueSpecification","valueRequired":true,"valueName":"search_term_string"}}],"inLanguage":"de"},{"@type":"Organization","@id":"https:\/\/dehub.netgear.com\/de\/hub\/#organization","name":"NETGEAR","url":"https:\/\/dehub.netgear.com\/de\/hub\/","logo":{"@type":"ImageObject","inLanguage":"de","@id":"https:\/\/dehub.netgear.com\/de\/hub\/#\/schema\/logo\/image\/","url":"https:\/\/www.dehub.netgear.com\/de\/hub\/wp-content\/uploads\/2019\/07\/NETGEAR_logo.jpg","contentUrl":"https:\/\/www.dehub.netgear.com\/de\/hub\/wp-content\/uploads\/2019\/07\/NETGEAR_logo.jpg","width":1500,"height":501,"caption":"NETGEAR"},"image":{"@id":"https:\/\/dehub.netgear.com\/de\/hub\/#\/schema\/logo\/image\/"},"sameAs":["https:\/\/www.facebook.com\/NetgearAU\/","https:\/\/x.com\/NETGEAR","https:\/\/www.linkedin.com\/company\/netgear"]}]}},"_links":{"self":[{"href":"https:\/\/dehub.netgear.com\/de\/hub\/wp-json\/wp\/v2\/pages\/10963","targetHints":{"allow":["GET"]}}],"collection":[{"href":"https:\/\/dehub.netgear.com\/de\/hub\/wp-json\/wp\/v2\/pages"}],"about":[{"href":"https:\/\/dehub.netgear.com\/de\/hub\/wp-json\/wp\/v2\/types\/page"}],"author":[{"embeddable":true,"href":"https:\/\/dehub.netgear.com\/de\/hub\/wp-json\/wp\/v2\/users\/68"}],"replies":[{"embeddable":true,"href":"https:\/\/dehub.netgear.com\/de\/hub\/wp-json\/wp\/v2\/comments?post=10963"}],"version-history":[{"count":8,"href":"https:\/\/dehub.netgear.com\/de\/hub\/wp-json\/wp\/v2\/pages\/10963\/revisions"}],"predecessor-version":[{"id":10976,"href":"https:\/\/dehub.netgear.com\/de\/hub\/wp-json\/wp\/v2\/pages\/10963\/revisions\/10976"}],"up":[{"embeddable":true,"href":"https:\/\/dehub.netgear.com\/de\/hub\/wp-json\/wp\/v2\/pages\/6701"}],"wp:featuredmedia":[{"embeddable":true,"href":"https:\/\/dehub.netgear.com\/de\/hub\/wp-json\/wp\/v2\/media\/10970"}],"wp:attachment":[{"href":"https:\/\/dehub.netgear.com\/de\/hub\/wp-json\/wp\/v2\/media?parent=10963"}],"curies":[{"name":"wp","href":"https:\/\/api.w.org\/{rel}","templated":true}]}}