{"id":10943,"date":"2025-10-21T14:40:09","date_gmt":"2025-10-22T12:40:20","guid":{"rendered":"https:\/\/dehub.netgear.com\/de\/hub\/?page_id=10943"},"modified":"2025-10-24T18:53:16","modified_gmt":"2025-10-24T16:53:16","slug":"av-over-ip-fiber-module-wear","status":"publish","type":"page","link":"https:\/\/dehub.netgear.com\/de\/hub\/business\/av\/av-over-ip-fiber-module-wear\/","title":{"rendered":"Warum AV over IP Glasfasermodule st\u00e4rker beansprucht"},"content":{"rendered":"<p><img loading=\"lazy\" decoding=\"async\" class=\"alignone size-full wp-image-10681\" style=\"border-radius: 1em;\" src=\"https:\/\/www.netgear.com\/hub\/wp-content\/uploads\/2025\/10\/AVvsITblog-696x392-2.jpg\" alt=\"\" width=\"1048\" height=\"511\" \/><\/p>\n    <div class=\"table-of-content bg-gray\">\n        <p><strong>IN THIS ARTICLE<\/strong><\/p>\n        <ul>\n                        <li><a href=\"#topic2\">AV over IP vs. traditionelle IT-Netzwerke<\/a><\/li>\n                        <li><a href=\"#topic3\">Hitze \u2013 der stille Feind<\/a><\/li>\n                        <li><a href=\"#topic4\">Geringere Fehlertoleranz bei hohen Geschwindigkeiten<\/a><\/li>\n                        <li><a href=\"#topic5\">Die Umgebung spielt eine Rolle<\/a><\/li>\n                        <li><a href=\"#topic6\">Fazit<\/a><\/li>\n                        <li><a href=\"#topic7\">Mehr Informationen<\/a><\/li>\n                    <\/ul>\n    <\/div>\n        <div id=\"topic1\" class=\"skip-item\">\n                        <p data-start=\"199\" data-end=\"459\"><em>In der Welt von AV over IP dreht sich alles um Geschwindigkeit, Zuverl\u00e4ssigkeit und Kontinuit\u00e4t. Audiovisuelle Signale werden als Datentraffic \u00fcber Standardnetzwerke \u00fcbertragen \u2013 oft \u00fcber Glasfaserverbindungen mit optischen Transceivermodulen wie SFP, SFP+, SFP28, QSFP und QSFP28.<\/em><br data-start=\"383\" data-end=\"386\" \/><em>Aber was passiert mit diesen Modulen nach jahrelanger intensiver Nutzung?<\/em><\/p>\n<p data-start=\"461\" data-end=\"789\">In mehreren gro\u00dfen Theatern, in denen unsere AV-Switches seit 6 bis 7 Jahren im Einsatz sind, haben wir k\u00fcrzlich Ausf\u00e4lle bei Glasfaserverbindungen festgestellt.<br data-start=\"622\" data-end=\"625\" \/>Keine direkten Kabelbr\u00fcche, sondern Module mit sinkender optischer Leistung, instabile Verbindungen (<em data-start=\"726\" data-end=\"741\">Link Flapping<\/em>) und Fehlermeldungen ohne eindeutige Ursache.<\/p>\n<p data-start=\"791\" data-end=\"832\">Das f\u00fchrte mich zu einer wichtigen Frage:<\/p>\n<p data-start=\"834\" data-end=\"944\"><strong data-start=\"838\" data-end=\"944\">Nutzen sich Glasfasermodule in AV-over-IP-Netzwerken schneller ab als in traditionellen IT-Umgebungen?<\/strong><\/p>\n    <\/div>\n        <div id=\"topic2\" class=\"skip-item\">\n                        <h2>AV over IP vs. traditionelle IT-Netzwerke<\/h2>\n                <p data-start=\"183\" data-end=\"630\">In einer AV-over-IP-Infrastruktur flie\u00dfen enorme Datenmengen kontinuierlich durch das Netzwerk.<br data-start=\"278\" data-end=\"281\" \/>Man denke an dutzende gleichzeitige HD- oder 4K-Videostreams, Live-Kamerafeeds oder mehrkanaliges Audio.<br data-start=\"385\" data-end=\"388\" \/><em data-start=\"388\" data-end=\"398\">Switches<\/em> und Transceiver laufen dabei oft rund um die Uhr mit (nahezu) voller Auslastung.<br data-start=\"479\" data-end=\"482\" \/>Das ist ein ganz anderes Szenario als in klassischen IT-Netzwerken, wo die Auslastung schwankt und es w\u00e4hrend der Nebenzeiten zu Entlastungen kommt.<\/p>\n<p data-start=\"632\" data-end=\"997\">In einem B\u00fcronetzwerk wird beispielsweise eine 10G-Verbindung nur gelegentlich f\u00fcr Backups oder Datei\u00fcbertragungen genutzt.<br data-start=\"755\" data-end=\"758\" \/>In einer AV-Umgebung hingegen kann dieselbe Verbindung rund um die Uhr einen unkomprimierten 4K-Videostream \u00fcbertragen.<br data-start=\"877\" data-end=\"880\" \/>Der Transceiver muss dauerhaft arbeiten, was zu h\u00f6heren Temperaturen und erh\u00f6hter Belastung seiner Komponenten f\u00fchrt.<\/p>\n    <\/div>\n        <div id=\"topic3\" class=\"skip-item\">\n                        <h2>Hitze \u2013 der stille Feind<\/h2>\n                <p data-start=\"1038\" data-end=\"1405\">Hitze ist ein entscheidender Faktor f\u00fcr Verschlei\u00df.<br data-start=\"1089\" data-end=\"1092\" \/>Module, die dauerhaft mit hoher Geschwindigkeit betrieben werden, erhitzen sich st\u00e4rker als solche, die nur gelegentlich aktiv sind.<br data-start=\"1224\" data-end=\"1227\" \/>Und wie in der Elektronik bekannt: <strong data-start=\"1262\" data-end=\"1330\">Jede Temperaturerh\u00f6hung um 10\u202f\u00b0C kann die Lebensdauer halbieren.<\/strong><br data-start=\"1330\" data-end=\"1333\" \/>In schlecht bel\u00fcfteten AV-Racks kann sich dieser Effekt noch verst\u00e4rken.<\/p>\n<p data-start=\"1407\" data-end=\"1627\">Zum Beispiel:<br data-start=\"1420\" data-end=\"1423\" \/>Ein SFP+ 10G-Modul in einer Eventlocation, das Tag und Nacht 4K-Livevideo \u00fcbertr\u00e4gt, zeigt deutlich schneller Verschlei\u00dferscheinungen als dasselbe Modul in einem B\u00fcro, wo es nur gelegentlich genutzt wird.<\/p>\n    <\/div>\n        <div id=\"topic4\" class=\"skip-item\">\n                        <h2>Geringere Fehlertoleranz bei hohen Geschwindigkeiten<\/h2>\n                <p data-start=\"1696\" data-end=\"2028\">AV-over-IP-Netzwerke arbeiten oft am Rande des technisch Machbaren.<br data-start=\"1763\" data-end=\"1766\" \/>Eine 10G-Verbindung, die f\u00fcr die Video\u00fcbertragung bis an ihre Grenze belastet wird, l\u00e4sst kaum Spielraum f\u00fcr Fehler.<br data-start=\"1882\" data-end=\"1885\" \/>Schon eine geringe Verschlechterung des Moduls \u2013 etwa ein R\u00fcckgang der Laserleistung \u2013 kann zu Paketverlusten oder Verbindungsabbr\u00fcchen f\u00fchren.<\/p>\n<p data-start=\"2030\" data-end=\"2157\">In klassischen IT-Netzen gibt es in der Regel mehr Puffer und Fehlerkorrekturen, sodass kleinere Abnutzungen unbemerkt bleiben.<\/p>\n    <\/div>\n        <div id=\"topic5\" class=\"skip-item\">\n                        <h2>Die Umgebung spielt eine Rolle<\/h2>\n                <p data-start=\"2204\" data-end=\"2526\">AV-Installationen befinden sich nicht immer unter idealen Bedingungen.<br data-start=\"2274\" data-end=\"2277\" \/>Denken Sie an einen <em data-start=\"2297\" data-end=\"2305\">Switch<\/em>, der hinter einer LED-Wand in einem Theater installiert ist \u2013 mit hei\u00dfen Scheinwerfern, staubiger Luft und schwankenden Temperaturen.<br data-start=\"2439\" data-end=\"2442\" \/>Solche Umgebungen k\u00f6nnen den Verschlei\u00df von Glasfasermodulen deutlich beschleunigen.<\/p>\n<p data-start=\"2528\" data-end=\"2656\">Im Gegensatz dazu bieten Rechenzentren stabile Temperaturen und gefilterte Luft \u2013 ein viel freundlicheres Klima f\u00fcr Transceiver.<\/p>\n    <\/div>\n        <div id=\"topic6\" class=\"skip-item\">\n                        <h2>Fazit<\/h2>\n                <p data-start=\"2678\" data-end=\"3076\">AV-over-IP-Netzwerke stellen Glasfasermodule auf eine harte Probe.<br data-start=\"2744\" data-end=\"2747\" \/>Die Kombination aus kontinuierlicher Belastung, hohen Datenraten, W\u00e4rmestau und suboptimalen Umgebungsbedingungen f\u00fchrt dazu, dass diese Module schneller verschlei\u00dfen als in herk\u00f6mmlichen IT-Netzwerken.<br data-start=\"2949\" data-end=\"2952\" \/>Das bedeutet jedoch nicht, dass sie unzuverl\u00e4ssig sind \u2013 aber sie ben\u00f6tigen <strong data-start=\"3028\" data-end=\"3076\">mehr Aufmerksamkeit und regelm\u00e4\u00dfige Wartung.<\/strong><\/p>\n<p data-start=\"3078\" data-end=\"3295\">In den n\u00e4chsten Beitr\u00e4gen werfen wir einen genaueren Blick auf die verschiedenen Modultypen, die konkreten Verschlei\u00dfmechanismen und wie intelligente \u00dcberwachung und Wartung die Lebensdauer deutlich verl\u00e4ngern k\u00f6nnen.<\/p>\n    <\/div>\n        <div id=\"topic7\" class=\"skip-item\">\n                        <h2>Mehr Informationen<\/h2>\n                <p><!-- IT NETGEAR BUSINESS-L\u00d6SUNGEN--><br \/>\nMehr \u00fcber unsere Business-Produkte erfahren<\/p>\n<div class=\"hs-cta-embed hs-cta-simple-placeholder hs-cta-embed-243392275167\" style=\"max-width: 100%;max-height: 100%;width: 260px;height: 50.390625px\" data-hubspot-wrapper-cta-id=\"243392275167\"><a href=\"https:\/\/cta-na2.hubspot.com\/web-interactives\/public\/v1\/track\/redirect?encryptedPayload=AVxigLI%2Fu8J7nFnep8w0CfLqqlWixXySh0cANLn7TQ3MtLEGeFdfhQxw3AVxVzYlZOkZoVB4gdslqY4il1pZTz7RSKy0mNw%2BF1Y6bdIwWiFAFfgtF%2FkXW%2Fmq0JFY6OQExFSwjiafSp97IxwGv6iNNhiT9X6MQziOnjaAnh9UsXCYR2VD1S791%2F7MVwT1TQ%3D%3D&amp;webInteractiveContentId=243392275167&amp;portalId=242128791\" target=\"_blank\" rel=\"noopener\"><br \/>\n<img decoding=\"async\" style=\"height: 100%;width: 100%;object-fit: fill\" src=\"https:\/\/hubspot-no-cache-na2-prod.s3.amazonaws.com\/cta\/default\/242128791\/interactive-243392275167.png\" alt=\"NETGEAR AV-L\u00d6SUNGEN\" \/><br \/>\n<\/a><\/div>\n<p><!-- IT ACADEMY --><br \/>\nAlles \u00fcber IP-Netzwerke lernen \u2013 in der NETGEAR ACADEMY<\/p>\n<div class=\"hs-cta-embed hs-cta-simple-placeholder hs-cta-embed-243357267644\" style=\"max-width: 100%;max-height: 100%;width: 260px;height: 50.390625px\" data-hubspot-wrapper-cta-id=\"243357267644\"><a href=\"https:\/\/cta-na2.hubspot.com\/web-interactives\/public\/v1\/track\/redirect?encryptedPayload=AVxigLKW9uCCU9FL7iPOCpU%2BvA8Z1UfLRQT8691iSSqh%2BqLrpD%2FITlt6RGXTdhci0W5DkR0wb%2FpK%2BWToDj8Qf0HaQwR0kyzZgK35i%2BhitHvCmHPH8BmXutiugzeYtEHOY6aYTSXoNxDjJJwwtUXAzSqnxQuhx5jjnWcHl4zUp4Dt1tTG2PymP7esgNCNHKHECJ76tda5x0hFMo8JQo6UwGGb9CBw4fyYnA%3D%3D&amp;webInteractiveContentId=243357267644&amp;portalId=242128791\" target=\"_blank\" rel=\"noopener\"><br \/>\n<img decoding=\"async\" style=\"height: 100%;width: 100%;object-fit: fill\" src=\"https:\/\/hubspot-no-cache-na2-prod.s3.amazonaws.com\/cta\/default\/242128791\/interactive-243357267644.png\" alt=\"NETGEAR ACADEMY\" \/><br \/>\n<\/a><\/div>\n<p><!-- KONTAKT PRO-IT-TEAM --><br \/>\nUnsere Ingenieure unterst\u00fctzen Sie kostenlos bei Ihrem Projekt<\/p>\n<div class=\"hs-cta-embed hs-cta-simple-placeholder hs-cta-embed-243357266676\" style=\"max-width: 100%;max-height: 100%;width: 270px;height: 50.390625px\" data-hubspot-wrapper-cta-id=\"243357266676\"><a href=\"https:\/\/cta-na2.hubspot.com\/web-interactives\/public\/v1\/track\/redirect?encryptedPayload=AVxigLL9MaHliYSOIHWsJvXrVuyffxSFGu%2FOD4neANfzotKQLgtjDgnA0CFJQWLPGl5hkjLPFJf7A76nk1yWw939l8y7nc4NGJ1%2Fa58epF2QbqIhW7KyV%2Fr75%2B8GCI%2FfEXyeGuic8buAEe%2F8pDQ63tT6ExQvwvvuG%2BeK5mOqM%2FlNsZUaeR4q5pghXZB3yAUIu7WWwKynlh9Y3Ug9ymAN6sNjHEzXMCgwSYmLqMh7eixTsrgTswO85eLb8rCODQ%3D%3D&amp;webInteractiveContentId=243357266676&amp;portalId=242128791\" target=\"_blank\" rel=\"noopener\"><br \/>\n<img decoding=\"async\" style=\"height: 100%;width: 100%;object-fit: fill\" src=\"https:\/\/hubspot-no-cache-na2-prod.s3.amazonaws.com\/cta\/default\/242128791\/interactive-243357266676.png\" alt=\"KONTAKT PROAV-TEAM\" \/><br \/>\n<\/a><\/div>\n<p style=\"margin-top: 50px\"><iframe loading=\"lazy\" src=\"https:\/\/405nrr.share-na2.hsforms.com\/25w_D-U5iS-e5KaSaP86jnQ\" width=\"100%\" height=\"1200px\"><\/iframe><\/p>\n    <\/div>\n    \n","protected":false},"excerpt":{"rendered":"","protected":false},"author":98,"featured_media":10946,"parent":6754,"menu_order":0,"comment_status":"closed","ping_status":"closed","template":"templates\/blog-wifi.php","meta":{"_acf_changed":false,"footnotes":""},"class_list":["post-10943","page","type-page","status-publish","has-post-thumbnail","hentry"],"acf":[],"yoast_head":"<!-- This site is optimized with the Yoast SEO plugin v27.4 - https:\/\/yoast.com\/product\/yoast-seo-wordpress\/ -->\n<title>Warum AV over IP Glasfasermodule st\u00e4rker beansprucht - NETGEAR Hub<\/title>\n<meta name=\"robots\" content=\"index, follow, max-snippet:-1, max-image-preview:large, max-video-preview:-1\" \/>\n<link rel=\"canonical\" href=\"https:\/\/dehub.netgear.com\/de\/hub\/business\/av\/av-over-ip-fiber-module-wear\/\" \/>\n<meta property=\"og:locale\" content=\"de_DE\" \/>\n<meta property=\"og:type\" content=\"article\" \/>\n<meta property=\"og:title\" content=\"Warum AV over IP Glasfasermodule st\u00e4rker beansprucht - NETGEAR Hub\" \/>\n<meta property=\"og:url\" content=\"https:\/\/dehub.netgear.com\/de\/hub\/business\/av\/av-over-ip-fiber-module-wear\/\" \/>\n<meta property=\"og:site_name\" content=\"NETGEAR Hub\" \/>\n<meta property=\"article:publisher\" content=\"https:\/\/www.facebook.com\/NetgearAU\/\" \/>\n<meta property=\"article:modified_time\" content=\"2025-10-24T16:53:16+00:00\" \/>\n<meta property=\"og:image\" content=\"https:\/\/dehub.netgear.com\/de\/hub\/wp-content\/uploads\/2025\/10\/AVvsITblog-696x392-1-e1761050805674-383x288-1.jpg\" \/>\n\t<meta property=\"og:image:width\" content=\"383\" \/>\n\t<meta property=\"og:image:height\" content=\"288\" \/>\n\t<meta property=\"og:image:type\" content=\"image\/jpeg\" \/>\n<meta name=\"twitter:card\" content=\"summary_large_image\" \/>\n<meta name=\"twitter:site\" content=\"@NETGEAR\" \/>\n<script type=\"application\/ld+json\" class=\"yoast-schema-graph\">{\"@context\":\"https:\\\/\\\/schema.org\",\"@graph\":[{\"@type\":\"WebPage\",\"@id\":\"https:\\\/\\\/dehub.netgear.com\\\/de\\\/hub\\\/business\\\/av\\\/av-over-ip-fiber-module-wear\\\/\",\"url\":\"https:\\\/\\\/dehub.netgear.com\\\/de\\\/hub\\\/business\\\/av\\\/av-over-ip-fiber-module-wear\\\/\",\"name\":\"Warum AV over IP Glasfasermodule st\u00e4rker beansprucht - NETGEAR Hub\",\"isPartOf\":{\"@id\":\"https:\\\/\\\/dehub.netgear.com\\\/de\\\/hub\\\/#website\"},\"primaryImageOfPage\":{\"@id\":\"https:\\\/\\\/dehub.netgear.com\\\/de\\\/hub\\\/business\\\/av\\\/av-over-ip-fiber-module-wear\\\/#primaryimage\"},\"image\":{\"@id\":\"https:\\\/\\\/dehub.netgear.com\\\/de\\\/hub\\\/business\\\/av\\\/av-over-ip-fiber-module-wear\\\/#primaryimage\"},\"thumbnailUrl\":\"https:\\\/\\\/dehub.netgear.com\\\/de\\\/hub\\\/wp-content\\\/uploads\\\/2025\\\/10\\\/AVvsITblog-696x392-1-e1761050805674-383x288-1.jpg\",\"datePublished\":\"2025-10-22T12:40:20+00:00\",\"dateModified\":\"2025-10-24T16:53:16+00:00\",\"breadcrumb\":{\"@id\":\"https:\\\/\\\/dehub.netgear.com\\\/de\\\/hub\\\/business\\\/av\\\/av-over-ip-fiber-module-wear\\\/#breadcrumb\"},\"inLanguage\":\"de\",\"potentialAction\":[{\"@type\":\"ReadAction\",\"target\":[\"https:\\\/\\\/dehub.netgear.com\\\/de\\\/hub\\\/business\\\/av\\\/av-over-ip-fiber-module-wear\\\/\"]}]},{\"@type\":\"ImageObject\",\"inLanguage\":\"de\",\"@id\":\"https:\\\/\\\/dehub.netgear.com\\\/de\\\/hub\\\/business\\\/av\\\/av-over-ip-fiber-module-wear\\\/#primaryimage\",\"url\":\"https:\\\/\\\/dehub.netgear.com\\\/de\\\/hub\\\/wp-content\\\/uploads\\\/2025\\\/10\\\/AVvsITblog-696x392-1-e1761050805674-383x288-1.jpg\",\"contentUrl\":\"https:\\\/\\\/dehub.netgear.com\\\/de\\\/hub\\\/wp-content\\\/uploads\\\/2025\\\/10\\\/AVvsITblog-696x392-1-e1761050805674-383x288-1.jpg\",\"width\":383,\"height\":288},{\"@type\":\"BreadcrumbList\",\"@id\":\"https:\\\/\\\/dehub.netgear.com\\\/de\\\/hub\\\/business\\\/av\\\/av-over-ip-fiber-module-wear\\\/#breadcrumb\",\"itemListElement\":[{\"@type\":\"ListItem\",\"position\":1,\"name\":\"Home\",\"item\":\"https:\\\/\\\/dehub.netgear.com\\\/de\\\/hub\\\/\"},{\"@type\":\"ListItem\",\"position\":2,\"name\":\"Business Articles Hub\",\"item\":\"https:\\\/\\\/dehub.netgear.com\\\/de\\\/hub\\\/business\\\/\"},{\"@type\":\"ListItem\",\"position\":3,\"name\":\"Business AV\",\"item\":\"https:\\\/\\\/dehub.netgear.com\\\/de\\\/hub\\\/business\\\/av\\\/\"},{\"@type\":\"ListItem\",\"position\":4,\"name\":\"Warum AV over IP Glasfasermodule st\u00e4rker beansprucht\"}]},{\"@type\":\"WebSite\",\"@id\":\"https:\\\/\\\/dehub.netgear.com\\\/de\\\/hub\\\/#website\",\"url\":\"https:\\\/\\\/dehub.netgear.com\\\/de\\\/hub\\\/\",\"name\":\"NETGEAR\",\"description\":\"Erkunden Sie unsere Hub-Seiten und st\u00f6bern Sie in Artikeln, um mehr \u00fcber NETGEAR Produkte und Technologien zu erfahren.\",\"publisher\":{\"@id\":\"https:\\\/\\\/dehub.netgear.com\\\/de\\\/hub\\\/#organization\"},\"potentialAction\":[{\"@type\":\"SearchAction\",\"target\":{\"@type\":\"EntryPoint\",\"urlTemplate\":\"https:\\\/\\\/dehub.netgear.com\\\/de\\\/hub\\\/?s={search_term_string}\"},\"query-input\":{\"@type\":\"PropertyValueSpecification\",\"valueRequired\":true,\"valueName\":\"search_term_string\"}}],\"inLanguage\":\"de\"},{\"@type\":\"Organization\",\"@id\":\"https:\\\/\\\/dehub.netgear.com\\\/de\\\/hub\\\/#organization\",\"name\":\"NETGEAR\",\"url\":\"https:\\\/\\\/dehub.netgear.com\\\/de\\\/hub\\\/\",\"logo\":{\"@type\":\"ImageObject\",\"inLanguage\":\"de\",\"@id\":\"https:\\\/\\\/dehub.netgear.com\\\/de\\\/hub\\\/#\\\/schema\\\/logo\\\/image\\\/\",\"url\":\"https:\\\/\\\/www.dehub.netgear.com\\\/de\\\/hub\\\/wp-content\\\/uploads\\\/2019\\\/07\\\/NETGEAR_logo.jpg\",\"contentUrl\":\"https:\\\/\\\/www.dehub.netgear.com\\\/de\\\/hub\\\/wp-content\\\/uploads\\\/2019\\\/07\\\/NETGEAR_logo.jpg\",\"width\":1500,\"height\":501,\"caption\":\"NETGEAR\"},\"image\":{\"@id\":\"https:\\\/\\\/dehub.netgear.com\\\/de\\\/hub\\\/#\\\/schema\\\/logo\\\/image\\\/\"},\"sameAs\":[\"https:\\\/\\\/www.facebook.com\\\/NetgearAU\\\/\",\"https:\\\/\\\/x.com\\\/NETGEAR\",\"https:\\\/\\\/www.linkedin.com\\\/company\\\/netgear\"]}]}<\/script>\n<!-- \/ Yoast SEO plugin. -->","yoast_head_json":{"title":"Warum AV over IP Glasfasermodule st\u00e4rker beansprucht - NETGEAR Hub","robots":{"index":"index","follow":"follow","max-snippet":"max-snippet:-1","max-image-preview":"max-image-preview:large","max-video-preview":"max-video-preview:-1"},"canonical":"https:\/\/dehub.netgear.com\/de\/hub\/business\/av\/av-over-ip-fiber-module-wear\/","og_locale":"de_DE","og_type":"article","og_title":"Warum AV over IP Glasfasermodule st\u00e4rker beansprucht - NETGEAR Hub","og_url":"https:\/\/dehub.netgear.com\/de\/hub\/business\/av\/av-over-ip-fiber-module-wear\/","og_site_name":"NETGEAR Hub","article_publisher":"https:\/\/www.facebook.com\/NetgearAU\/","article_modified_time":"2025-10-24T16:53:16+00:00","og_image":[{"width":383,"height":288,"url":"https:\/\/dehub.netgear.com\/de\/hub\/wp-content\/uploads\/2025\/10\/AVvsITblog-696x392-1-e1761050805674-383x288-1.jpg","type":"image\/jpeg"}],"twitter_card":"summary_large_image","twitter_site":"@NETGEAR","schema":{"@context":"https:\/\/schema.org","@graph":[{"@type":"WebPage","@id":"https:\/\/dehub.netgear.com\/de\/hub\/business\/av\/av-over-ip-fiber-module-wear\/","url":"https:\/\/dehub.netgear.com\/de\/hub\/business\/av\/av-over-ip-fiber-module-wear\/","name":"Warum AV over IP Glasfasermodule st\u00e4rker beansprucht - NETGEAR Hub","isPartOf":{"@id":"https:\/\/dehub.netgear.com\/de\/hub\/#website"},"primaryImageOfPage":{"@id":"https:\/\/dehub.netgear.com\/de\/hub\/business\/av\/av-over-ip-fiber-module-wear\/#primaryimage"},"image":{"@id":"https:\/\/dehub.netgear.com\/de\/hub\/business\/av\/av-over-ip-fiber-module-wear\/#primaryimage"},"thumbnailUrl":"https:\/\/dehub.netgear.com\/de\/hub\/wp-content\/uploads\/2025\/10\/AVvsITblog-696x392-1-e1761050805674-383x288-1.jpg","datePublished":"2025-10-22T12:40:20+00:00","dateModified":"2025-10-24T16:53:16+00:00","breadcrumb":{"@id":"https:\/\/dehub.netgear.com\/de\/hub\/business\/av\/av-over-ip-fiber-module-wear\/#breadcrumb"},"inLanguage":"de","potentialAction":[{"@type":"ReadAction","target":["https:\/\/dehub.netgear.com\/de\/hub\/business\/av\/av-over-ip-fiber-module-wear\/"]}]},{"@type":"ImageObject","inLanguage":"de","@id":"https:\/\/dehub.netgear.com\/de\/hub\/business\/av\/av-over-ip-fiber-module-wear\/#primaryimage","url":"https:\/\/dehub.netgear.com\/de\/hub\/wp-content\/uploads\/2025\/10\/AVvsITblog-696x392-1-e1761050805674-383x288-1.jpg","contentUrl":"https:\/\/dehub.netgear.com\/de\/hub\/wp-content\/uploads\/2025\/10\/AVvsITblog-696x392-1-e1761050805674-383x288-1.jpg","width":383,"height":288},{"@type":"BreadcrumbList","@id":"https:\/\/dehub.netgear.com\/de\/hub\/business\/av\/av-over-ip-fiber-module-wear\/#breadcrumb","itemListElement":[{"@type":"ListItem","position":1,"name":"Home","item":"https:\/\/dehub.netgear.com\/de\/hub\/"},{"@type":"ListItem","position":2,"name":"Business Articles Hub","item":"https:\/\/dehub.netgear.com\/de\/hub\/business\/"},{"@type":"ListItem","position":3,"name":"Business AV","item":"https:\/\/dehub.netgear.com\/de\/hub\/business\/av\/"},{"@type":"ListItem","position":4,"name":"Warum AV over IP Glasfasermodule st\u00e4rker beansprucht"}]},{"@type":"WebSite","@id":"https:\/\/dehub.netgear.com\/de\/hub\/#website","url":"https:\/\/dehub.netgear.com\/de\/hub\/","name":"NETGEAR","description":"Erkunden Sie unsere Hub-Seiten und st\u00f6bern Sie in Artikeln, um mehr \u00fcber NETGEAR Produkte und Technologien zu erfahren.","publisher":{"@id":"https:\/\/dehub.netgear.com\/de\/hub\/#organization"},"potentialAction":[{"@type":"SearchAction","target":{"@type":"EntryPoint","urlTemplate":"https:\/\/dehub.netgear.com\/de\/hub\/?s={search_term_string}"},"query-input":{"@type":"PropertyValueSpecification","valueRequired":true,"valueName":"search_term_string"}}],"inLanguage":"de"},{"@type":"Organization","@id":"https:\/\/dehub.netgear.com\/de\/hub\/#organization","name":"NETGEAR","url":"https:\/\/dehub.netgear.com\/de\/hub\/","logo":{"@type":"ImageObject","inLanguage":"de","@id":"https:\/\/dehub.netgear.com\/de\/hub\/#\/schema\/logo\/image\/","url":"https:\/\/www.dehub.netgear.com\/de\/hub\/wp-content\/uploads\/2019\/07\/NETGEAR_logo.jpg","contentUrl":"https:\/\/www.dehub.netgear.com\/de\/hub\/wp-content\/uploads\/2019\/07\/NETGEAR_logo.jpg","width":1500,"height":501,"caption":"NETGEAR"},"image":{"@id":"https:\/\/dehub.netgear.com\/de\/hub\/#\/schema\/logo\/image\/"},"sameAs":["https:\/\/www.facebook.com\/NetgearAU\/","https:\/\/x.com\/NETGEAR","https:\/\/www.linkedin.com\/company\/netgear"]}]}},"_links":{"self":[{"href":"https:\/\/dehub.netgear.com\/de\/hub\/wp-json\/wp\/v2\/pages\/10943","targetHints":{"allow":["GET"]}}],"collection":[{"href":"https:\/\/dehub.netgear.com\/de\/hub\/wp-json\/wp\/v2\/pages"}],"about":[{"href":"https:\/\/dehub.netgear.com\/de\/hub\/wp-json\/wp\/v2\/types\/page"}],"author":[{"embeddable":true,"href":"https:\/\/dehub.netgear.com\/de\/hub\/wp-json\/wp\/v2\/users\/98"}],"replies":[{"embeddable":true,"href":"https:\/\/dehub.netgear.com\/de\/hub\/wp-json\/wp\/v2\/comments?post=10943"}],"version-history":[{"count":1,"href":"https:\/\/dehub.netgear.com\/de\/hub\/wp-json\/wp\/v2\/pages\/10943\/revisions"}],"predecessor-version":[{"id":10947,"href":"https:\/\/dehub.netgear.com\/de\/hub\/wp-json\/wp\/v2\/pages\/10943\/revisions\/10947"}],"up":[{"embeddable":true,"href":"https:\/\/dehub.netgear.com\/de\/hub\/wp-json\/wp\/v2\/pages\/6754"}],"wp:featuredmedia":[{"embeddable":true,"href":"https:\/\/dehub.netgear.com\/de\/hub\/wp-json\/wp\/v2\/media\/10946"}],"wp:attachment":[{"href":"https:\/\/dehub.netgear.com\/de\/hub\/wp-json\/wp\/v2\/media?parent=10943"}],"curies":[{"name":"wp","href":"https:\/\/api.w.org\/{rel}","templated":true}]}}