{"id":10926,"date":"2025-01-10T12:06:09","date_gmt":"2025-10-16T10:06:28","guid":{"rendered":"https:\/\/dehub.netgear.com\/de\/hub\/?page_id=10926"},"modified":"2025-10-16T12:08:04","modified_gmt":"2025-10-16T10:08:04","slug":"netgear-m4250-freedom-street-concert","status":"publish","type":"page","link":"https:\/\/dehub.netgear.com\/de\/hub\/business\/case-studies\/av-case-studies\/netgear-m4250-freedom-street-concert\/","title":{"rendered":"Freedom Street Konzert"},"content":{"rendered":"<p><img loading=\"lazy\" decoding=\"async\" class=\"alignone size-full wp-image-10681\" style=\"border-radius: 1em;\" src=\"https:\/\/www.netgear.com\/hub\/wp-content\/uploads\/2025\/01\/V1-stage.jpeg\" alt=\"\" width=\"1048\" height=\"511\" \/><\/p>\n    <div class=\"table-of-content bg-gray\">\n        <p><strong>IN THIS ARTICLE<\/strong><\/p>\n        <ul>\n                        <li><a href=\"#topic1\">HINTERGRUND<\/a><\/li>\n                        <li><a href=\"#topic2\">HERAUSFORDERUNG<\/a><\/li>\n                        <li><a href=\"#topic3\">L\u00d6SUNG<\/a><\/li>\n                        <li><a href=\"#topic4\">IMPLEMENTIERUNG<\/a><\/li>\n                        <li><a href=\"#topic5\">ERGEBNISSE<\/a><\/li>\n                        <li><a href=\"#topic6\">MEHR INFORMATIONEN<\/a><\/li>\n                    <\/ul>\n    <\/div>\n        <div id=\"topic1\" class=\"skip-item\">\n                        <h2>HINTERGRUND<\/h2>\n                <div style=\"background-color: #eeeeee;padding: 20px;width: 33%;float: right\">\n<p><strong>Unternehmensname:<\/strong><br \/>\nPhase 3 Productions<\/p>\n<p><strong>Branche:<\/strong><br \/>\nMultimediale Produktionsfirma<\/p>\n<p><strong>Website:<\/strong><br \/>\n<a href=\"https:\/\/www.phase3prod.com\">phase3prod.com<\/a><\/p>\n<p><strong>Standort:<\/strong><br \/>\nKingston, Jamaika<\/p>\n<\/div>\n<p>Das <strong>Freedom Street Concert<\/strong> pr\u00e4sentierte ein innovatives 360\u00b0-B\u00fchnenkonzept \u2013 das erste seiner Art in der Region. Diese ambitionierte Produktion erforderte eine robuste und zuverl\u00e4ssige Videoinfrastruktur, um dem Publikum ein einwandfreies visuelles Erlebnis zu garantieren. Die Komplexit\u00e4t des B\u00fchnenaufbaus verlangte nach modernster Technologie und pr\u00e4ziser Umsetzung.<\/p>\n    <\/div>\n        <div id=\"topic2\" class=\"skip-item\">\n                        <h2>HERAUSFORDERUNG<\/h2>\n                <p data-start=\"260\" data-end=\"317\">Das Produktionsteam stand vor mehreren Herausforderungen:<\/p>\n<ul data-start=\"319\" data-end=\"705\">\n<li data-start=\"319\" data-end=\"446\">\n<p data-start=\"321\" data-end=\"446\"><strong data-start=\"321\" data-end=\"348\">Hoher Bandbreitenbedarf<\/strong>: Die Verteilung von Videosignalen an LED-W\u00e4nde und Systeme unter der B\u00fchne in einem 360\u00b0-Setup.<\/p>\n<\/li>\n<li data-start=\"447\" data-end=\"562\">\n<p data-start=\"449\" data-end=\"562\"><strong data-start=\"449\" data-end=\"462\">Redundanz<\/strong>: Sicherstellung eines Backup-Systems, um Ausfallzeiten w\u00e4hrend der Live-Performance zu vermeiden.<\/p>\n<\/li>\n<li data-start=\"563\" data-end=\"705\">\n<p data-start=\"565\" data-end=\"705\"><strong data-start=\"565\" data-end=\"592\">Komplexes Signalrouting<\/strong>: Effizientes Management mehrerer Videoquellen und -ziele, bei gleichzeitig reibungsloser Bedienung durch den VJ.<\/p>\n<\/li>\n<\/ul>\n<p>&nbsp;<\/p>\n    <\/div>\n        <div id=\"topic3\" class=\"skip-item\">\n                        <h2>L\u00d6SUNG<\/h2>\n                <p data-start=\"723\" data-end=\"942\">Das Produktionsteam setzte <strong data-start=\"750\" data-end=\"776\">NETGEAR M4250 Switches<\/strong> als zentrales Element des Netzwerks ein, um eine Hochgeschwindigkeitsverbindung mit niedriger Latenz f\u00fcr die kritische Videoinfrastruktur des Events sicherzustellen.<\/p>\n<h3 data-start=\"944\" data-end=\"962\">Videoswitcher:<\/h3>\n<ul data-start=\"963\" data-end=\"1094\">\n<li data-start=\"963\" data-end=\"1023\">\n<p data-start=\"965\" data-end=\"1023\"><strong data-start=\"965\" data-end=\"982\">Analog Way C+<\/strong> wurde als prim\u00e4rer Switcher verwendet.<\/p>\n<\/li>\n<li data-start=\"1024\" data-end=\"1094\">\n<p data-start=\"1026\" data-end=\"1094\"><strong data-start=\"1026\" data-end=\"1033\">RS1<\/strong> diente als Backup-Switcher zur Sicherstellung der Redundanz.<\/p>\n<\/li>\n<\/ul>\n<h3 data-start=\"1096\" data-end=\"1117\">Signalverteilung:<\/h3>\n<ul data-start=\"1118\" data-end=\"1315\">\n<li data-start=\"1118\" data-end=\"1214\">\n<p data-start=\"1120\" data-end=\"1214\">Die Videosignale wurden an zwei <strong data-start=\"1152\" data-end=\"1172\">NovaStar MCTRL4K<\/strong>-Prozessoren f\u00fcr die LED-W\u00e4nde gesendet.<\/p>\n<\/li>\n<li data-start=\"1215\" data-end=\"1315\">\n<p data-start=\"1217\" data-end=\"1315\">\u00dcber <strong data-start=\"1222\" data-end=\"1240\">Tac-Faserkabel<\/strong> wurden Signale unter der B\u00fchne an zwei <strong data-start=\"1280\" data-end=\"1291\">CVT4K-S<\/strong>-Prozessoren \u00fcbertragen.<\/p>\n<\/li>\n<\/ul>\n<p data-start=\"1317\" data-end=\"1372\">Die <strong data-start=\"1321\" data-end=\"1347\">NETGEAR M4250 Switches<\/strong> boten folgende Vorteile:<\/p>\n<ul data-start=\"1374\" data-end=\"1672\">\n<li data-start=\"1374\" data-end=\"1470\">\n<p data-start=\"1376\" data-end=\"1470\"><strong data-start=\"1376\" data-end=\"1414\">Niedrige Latenz und hohe Datenrate<\/strong>: F\u00fcr fl\u00fcssige und unterbrechungsfreie Video\u00fcberg\u00e4nge.<\/p>\n<\/li>\n<li data-start=\"1471\" data-end=\"1596\">\n<p data-start=\"1473\" data-end=\"1596\"><strong data-start=\"1473\" data-end=\"1501\">AV-optimierte Funktionen<\/strong>: Vorgefertigte AV-Profile vereinfachten die Einrichtung und priorisierten den Video-Traffic.<\/p>\n<\/li>\n<li data-start=\"1597\" data-end=\"1672\">\n<p data-start=\"1599\" data-end=\"1672\"><strong data-start=\"1599\" data-end=\"1617\">Skalierbarkeit<\/strong>: Entsprach den Anforderungen eines 360\u00b0-B\u00fchnendesigns.<\/p>\n<\/li>\n<\/ul>\n    <\/div>\n        <div id=\"topic4\" class=\"skip-item\">\n                        <h2>IMPLEMENTIERUNG<\/h2>\n                <p data-start=\"1699\" data-end=\"1781\">Der Fokus des Netzwerkinstallation lag auf maximaler Leistung und Zuverl\u00e4ssigkeit:<\/p>\n<ul data-start=\"1783\" data-end=\"2192\">\n<li data-start=\"1783\" data-end=\"1898\">\n<p data-start=\"1785\" data-end=\"1898\">Die <strong data-start=\"1789\" data-end=\"1807\">M4250 Switches<\/strong> wurden so konfiguriert, dass die Bandbreitennutzung f\u00fcr die Videoverteilung optimal war.<\/p>\n<\/li>\n<li data-start=\"1899\" data-end=\"2051\">\n<p data-start=\"1901\" data-end=\"2051\">Die Switches erm\u00f6glichten eine nahtlose Kommunikation zwischen den Videoswitchern und den Prozessoren \u2013 f\u00fcr durchg\u00e4ngige Visuals auf den LED-W\u00e4nden.<\/p>\n<\/li>\n<li data-start=\"2052\" data-end=\"2192\">\n<p data-start=\"2054\" data-end=\"2192\">Die <strong data-start=\"2058\" data-end=\"2071\">Redundanz<\/strong> wurde durch ein Dual-Switcher-Setup erreicht, effizient verwaltet durch die robuste Netzwerkarchitektur der M4250-Serie.<\/p>\n<\/li>\n<\/ul>\n<p><img loading=\"lazy\" decoding=\"async\" class=\"aligncenter size-medium wp-image-14884\" src=\"https:\/\/www.netgear.com\/hub\/wp-content\/uploads\/2025\/01\/V1-switch-232x300.jpeg\" alt=\"\" width=\"232\" height=\"300\" \/><\/p>\n    <\/div>\n        <div id=\"topic5\" class=\"skip-item\">\n                        <h2>ERGEBNISSE<\/h2>\n                <p data-start=\"2214\" data-end=\"2289\">Das <strong data-start=\"2218\" data-end=\"2244\">Freedom Street Concert<\/strong> bot ein visuelles Erlebnis ohne Kompromisse:<\/p>\n<ul data-start=\"2291\" data-end=\"2680\">\n<li data-start=\"2291\" data-end=\"2405\">\n<p data-start=\"2293\" data-end=\"2405\"><strong data-start=\"2293\" data-end=\"2322\">Nahtlose Videoperformance<\/strong>: Die LED-W\u00e4nde zeigten lebendige, hochwertige Visuals \u2013 ganz ohne Unterbrechung.<\/p>\n<\/li>\n<li data-start=\"2406\" data-end=\"2559\">\n<p data-start=\"2408\" data-end=\"2559\"><strong data-start=\"2408\" data-end=\"2432\">Effizienter Workflow<\/strong>: Der VJ konnte sicher und fl\u00fcssig arbeiten, unterst\u00fctzt durch eine stabile Netzwerkverbindung und reaktionsschnelle Systeme.<\/p>\n<\/li>\n<li data-start=\"2560\" data-end=\"2680\">\n<p data-start=\"2562\" data-end=\"2680\"><strong data-start=\"2562\" data-end=\"2586\">Redundanz garantiert<\/strong>: Backup-Systeme stellten sicher, dass es w\u00e4hrend des Live-Events zu keinen Ausfallzeiten kam.<\/p>\n<\/li>\n<\/ul>\n<p data-start=\"2682\" data-end=\"2820\">Die <strong data-start=\"2686\" data-end=\"2712\">NETGEAR M4250 Switches<\/strong> erwiesen sich als unverzichtbar und meisterten die komplexen Netzwerk-Anforderungen des Events mit Bravour.<\/p>\n<p data-start=\"2822\" data-end=\"3130\">Das <strong data-start=\"2826\" data-end=\"2852\">Freedom Street Concert<\/strong> setzte mit seinem bahnbrechenden 360\u00b0-B\u00fchnendesign neue Ma\u00dfst\u00e4be f\u00fcr Live-Events. Die NETGEAR M4250 Switches spielten eine zentrale Rolle bei der Bereitstellung einer herausragenden Performance und unterstrichen ihre F\u00e4higkeit, anspruchsvollste AV-Produktionen zu unterst\u00fctzen.<\/p>\n    <\/div>\n        <div id=\"topic6\" class=\"skip-item\">\n                        <h2>MEHR INFORMATIONEN<\/h2>\n                <p><!-- IT NETGEAR BUSINESS-L\u00d6SUNGEN--><br \/>\nMehr \u00fcber unsere Business-Produkte erfahren<\/p>\n<div class=\"hs-cta-embed hs-cta-simple-placeholder hs-cta-embed-243392275167\" style=\"max-width: 100%;max-height: 100%;width: 260px;height: 50.390625px\" data-hubspot-wrapper-cta-id=\"243392275167\"><a href=\"https:\/\/cta-na2.hubspot.com\/web-interactives\/public\/v1\/track\/redirect?encryptedPayload=AVxigLI%2Fu8J7nFnep8w0CfLqqlWixXySh0cANLn7TQ3MtLEGeFdfhQxw3AVxVzYlZOkZoVB4gdslqY4il1pZTz7RSKy0mNw%2BF1Y6bdIwWiFAFfgtF%2FkXW%2Fmq0JFY6OQExFSwjiafSp97IxwGv6iNNhiT9X6MQziOnjaAnh9UsXCYR2VD1S791%2F7MVwT1TQ%3D%3D&amp;webInteractiveContentId=243392275167&amp;portalId=242128791\" target=\"_blank\" rel=\"noopener\"><br \/>\n<img decoding=\"async\" style=\"height: 100%;width: 100%;object-fit: fill\" src=\"https:\/\/hubspot-no-cache-na2-prod.s3.amazonaws.com\/cta\/default\/242128791\/interactive-243392275167.png\" alt=\"NETGEAR AV-L\u00d6SUNGEN\" \/><br \/>\n<\/a><\/div>\n<p><!-- IT ACADEMY --><br \/>\nAlles \u00fcber IP-Netzwerke lernen \u2013 in der NETGEAR ACADEMY<\/p>\n<div class=\"hs-cta-embed hs-cta-simple-placeholder hs-cta-embed-243357267644\" style=\"max-width: 100%;max-height: 100%;width: 260px;height: 50.390625px\" data-hubspot-wrapper-cta-id=\"243357267644\"><a href=\"https:\/\/cta-na2.hubspot.com\/web-interactives\/public\/v1\/track\/redirect?encryptedPayload=AVxigLKW9uCCU9FL7iPOCpU%2BvA8Z1UfLRQT8691iSSqh%2BqLrpD%2FITlt6RGXTdhci0W5DkR0wb%2FpK%2BWToDj8Qf0HaQwR0kyzZgK35i%2BhitHvCmHPH8BmXutiugzeYtEHOY6aYTSXoNxDjJJwwtUXAzSqnxQuhx5jjnWcHl4zUp4Dt1tTG2PymP7esgNCNHKHECJ76tda5x0hFMo8JQo6UwGGb9CBw4fyYnA%3D%3D&amp;webInteractiveContentId=243357267644&amp;portalId=242128791\" target=\"_blank\" rel=\"noopener\"><br \/>\n<img decoding=\"async\" style=\"height: 100%;width: 100%;object-fit: fill\" src=\"https:\/\/hubspot-no-cache-na2-prod.s3.amazonaws.com\/cta\/default\/242128791\/interactive-243357267644.png\" alt=\"NETGEAR ACADEMY\" \/><br \/>\n<\/a><\/div>\n<p><!-- KONTAKT PRO-IT-TEAM --><br \/>\nUnsere Ingenieure unterst\u00fctzen Sie kostenlos bei Ihrem Projekt<\/p>\n<div class=\"hs-cta-embed hs-cta-simple-placeholder hs-cta-embed-243357266676\" style=\"max-width: 100%;max-height: 100%;width: 270px;height: 50.390625px\" data-hubspot-wrapper-cta-id=\"243357266676\"><a href=\"https:\/\/cta-na2.hubspot.com\/web-interactives\/public\/v1\/track\/redirect?encryptedPayload=AVxigLL9MaHliYSOIHWsJvXrVuyffxSFGu%2FOD4neANfzotKQLgtjDgnA0CFJQWLPGl5hkjLPFJf7A76nk1yWw939l8y7nc4NGJ1%2Fa58epF2QbqIhW7KyV%2Fr75%2B8GCI%2FfEXyeGuic8buAEe%2F8pDQ63tT6ExQvwvvuG%2BeK5mOqM%2FlNsZUaeR4q5pghXZB3yAUIu7WWwKynlh9Y3Ug9ymAN6sNjHEzXMCgwSYmLqMh7eixTsrgTswO85eLb8rCODQ%3D%3D&amp;webInteractiveContentId=243357266676&amp;portalId=242128791\" target=\"_blank\" rel=\"noopener\"><br \/>\n<img decoding=\"async\" style=\"height: 100%;width: 100%;object-fit: fill\" src=\"https:\/\/hubspot-no-cache-na2-prod.s3.amazonaws.com\/cta\/default\/242128791\/interactive-243357266676.png\" alt=\"KONTAKT PROAV-TEAM\" \/><br \/>\n<\/a><\/div>\n<p style=\"margin-top: 50px\"><iframe loading=\"lazy\" src=\"https:\/\/405nrr.share-na2.hsforms.com\/25w_D-U5iS-e5KaSaP86jnQ\" width=\"100%\" height=\"1200px\"><\/iframe><\/p>\n    <\/div>\n    \n","protected":false},"excerpt":{"rendered":"","protected":false},"author":94,"featured_media":10927,"parent":10321,"menu_order":0,"comment_status":"closed","ping_status":"closed","template":"templates\/blog-wifi.php","meta":{"_acf_changed":false,"footnotes":""},"class_list":["post-10926","page","type-page","status-publish","has-post-thumbnail","hentry"],"acf":[],"yoast_head":"<!-- This site is optimized with the Yoast SEO plugin v27.4 - https:\/\/yoast.com\/product\/yoast-seo-wordpress\/ -->\n<title>Freedom Street Konzert - NETGEAR Hub<\/title>\n<meta name=\"robots\" content=\"index, follow, max-snippet:-1, max-image-preview:large, max-video-preview:-1\" \/>\n<link rel=\"canonical\" href=\"https:\/\/dehub.netgear.com\/de\/hub\/business\/case-studies\/av-case-studies\/netgear-m4250-freedom-street-concert\/\" \/>\n<meta property=\"og:locale\" content=\"de_DE\" \/>\n<meta property=\"og:type\" content=\"article\" \/>\n<meta property=\"og:title\" content=\"Freedom Street Konzert - NETGEAR Hub\" \/>\n<meta property=\"og:url\" content=\"https:\/\/dehub.netgear.com\/de\/hub\/business\/case-studies\/av-case-studies\/netgear-m4250-freedom-street-concert\/\" \/>\n<meta property=\"og:site_name\" content=\"NETGEAR Hub\" \/>\n<meta property=\"article:publisher\" content=\"https:\/\/www.facebook.com\/NetgearAU\/\" \/>\n<meta property=\"article:modified_time\" content=\"2025-10-16T10:08:04+00:00\" \/>\n<meta property=\"og:image\" content=\"https:\/\/dehub.netgear.com\/de\/hub\/wp-content\/uploads\/2025\/10\/V1-Featured-image-new-383x288-1.jpg\" \/>\n\t<meta property=\"og:image:width\" content=\"383\" \/>\n\t<meta property=\"og:image:height\" content=\"288\" \/>\n\t<meta property=\"og:image:type\" content=\"image\/jpeg\" \/>\n<meta name=\"twitter:card\" content=\"summary_large_image\" \/>\n<meta name=\"twitter:site\" content=\"@NETGEAR\" \/>\n<script type=\"application\/ld+json\" class=\"yoast-schema-graph\">{\"@context\":\"https:\\\/\\\/schema.org\",\"@graph\":[{\"@type\":\"WebPage\",\"@id\":\"https:\\\/\\\/dehub.netgear.com\\\/de\\\/hub\\\/business\\\/case-studies\\\/av-case-studies\\\/netgear-m4250-freedom-street-concert\\\/\",\"url\":\"https:\\\/\\\/dehub.netgear.com\\\/de\\\/hub\\\/business\\\/case-studies\\\/av-case-studies\\\/netgear-m4250-freedom-street-concert\\\/\",\"name\":\"Freedom Street Konzert - NETGEAR Hub\",\"isPartOf\":{\"@id\":\"https:\\\/\\\/dehub.netgear.com\\\/de\\\/hub\\\/#website\"},\"primaryImageOfPage\":{\"@id\":\"https:\\\/\\\/dehub.netgear.com\\\/de\\\/hub\\\/business\\\/case-studies\\\/av-case-studies\\\/netgear-m4250-freedom-street-concert\\\/#primaryimage\"},\"image\":{\"@id\":\"https:\\\/\\\/dehub.netgear.com\\\/de\\\/hub\\\/business\\\/case-studies\\\/av-case-studies\\\/netgear-m4250-freedom-street-concert\\\/#primaryimage\"},\"thumbnailUrl\":\"https:\\\/\\\/dehub.netgear.com\\\/de\\\/hub\\\/wp-content\\\/uploads\\\/2025\\\/10\\\/V1-Featured-image-new-383x288-1.jpg\",\"datePublished\":\"2025-10-16T10:06:28+00:00\",\"dateModified\":\"2025-10-16T10:08:04+00:00\",\"breadcrumb\":{\"@id\":\"https:\\\/\\\/dehub.netgear.com\\\/de\\\/hub\\\/business\\\/case-studies\\\/av-case-studies\\\/netgear-m4250-freedom-street-concert\\\/#breadcrumb\"},\"inLanguage\":\"de\",\"potentialAction\":[{\"@type\":\"ReadAction\",\"target\":[\"https:\\\/\\\/dehub.netgear.com\\\/de\\\/hub\\\/business\\\/case-studies\\\/av-case-studies\\\/netgear-m4250-freedom-street-concert\\\/\"]}]},{\"@type\":\"ImageObject\",\"inLanguage\":\"de\",\"@id\":\"https:\\\/\\\/dehub.netgear.com\\\/de\\\/hub\\\/business\\\/case-studies\\\/av-case-studies\\\/netgear-m4250-freedom-street-concert\\\/#primaryimage\",\"url\":\"https:\\\/\\\/dehub.netgear.com\\\/de\\\/hub\\\/wp-content\\\/uploads\\\/2025\\\/10\\\/V1-Featured-image-new-383x288-1.jpg\",\"contentUrl\":\"https:\\\/\\\/dehub.netgear.com\\\/de\\\/hub\\\/wp-content\\\/uploads\\\/2025\\\/10\\\/V1-Featured-image-new-383x288-1.jpg\",\"width\":383,\"height\":288},{\"@type\":\"BreadcrumbList\",\"@id\":\"https:\\\/\\\/dehub.netgear.com\\\/de\\\/hub\\\/business\\\/case-studies\\\/av-case-studies\\\/netgear-m4250-freedom-street-concert\\\/#breadcrumb\",\"itemListElement\":[{\"@type\":\"ListItem\",\"position\":1,\"name\":\"Home\",\"item\":\"https:\\\/\\\/dehub.netgear.com\\\/de\\\/hub\\\/\"},{\"@type\":\"ListItem\",\"position\":2,\"name\":\"Business Articles Hub\",\"item\":\"https:\\\/\\\/dehub.netgear.com\\\/de\\\/hub\\\/business\\\/\"},{\"@type\":\"ListItem\",\"position\":3,\"name\":\"All Case Studies &#8211; DE\",\"item\":\"https:\\\/\\\/dehub.netgear.com\\\/de\\\/hub\\\/business\\\/case-studies\\\/\"},{\"@type\":\"ListItem\",\"position\":4,\"name\":\"AV Case Studies &#8211; DE\",\"item\":\"https:\\\/\\\/dehub.netgear.com\\\/de\\\/hub\\\/business\\\/case-studies\\\/av-case-studies\\\/\"},{\"@type\":\"ListItem\",\"position\":5,\"name\":\"Freedom Street Konzert\"}]},{\"@type\":\"WebSite\",\"@id\":\"https:\\\/\\\/dehub.netgear.com\\\/de\\\/hub\\\/#website\",\"url\":\"https:\\\/\\\/dehub.netgear.com\\\/de\\\/hub\\\/\",\"name\":\"NETGEAR\",\"description\":\"Erkunden Sie unsere Hub-Seiten und st\u00f6bern Sie in Artikeln, um mehr \u00fcber NETGEAR Produkte und Technologien zu erfahren.\",\"publisher\":{\"@id\":\"https:\\\/\\\/dehub.netgear.com\\\/de\\\/hub\\\/#organization\"},\"potentialAction\":[{\"@type\":\"SearchAction\",\"target\":{\"@type\":\"EntryPoint\",\"urlTemplate\":\"https:\\\/\\\/dehub.netgear.com\\\/de\\\/hub\\\/?s={search_term_string}\"},\"query-input\":{\"@type\":\"PropertyValueSpecification\",\"valueRequired\":true,\"valueName\":\"search_term_string\"}}],\"inLanguage\":\"de\"},{\"@type\":\"Organization\",\"@id\":\"https:\\\/\\\/dehub.netgear.com\\\/de\\\/hub\\\/#organization\",\"name\":\"NETGEAR\",\"url\":\"https:\\\/\\\/dehub.netgear.com\\\/de\\\/hub\\\/\",\"logo\":{\"@type\":\"ImageObject\",\"inLanguage\":\"de\",\"@id\":\"https:\\\/\\\/dehub.netgear.com\\\/de\\\/hub\\\/#\\\/schema\\\/logo\\\/image\\\/\",\"url\":\"https:\\\/\\\/www.dehub.netgear.com\\\/de\\\/hub\\\/wp-content\\\/uploads\\\/2019\\\/07\\\/NETGEAR_logo.jpg\",\"contentUrl\":\"https:\\\/\\\/www.dehub.netgear.com\\\/de\\\/hub\\\/wp-content\\\/uploads\\\/2019\\\/07\\\/NETGEAR_logo.jpg\",\"width\":1500,\"height\":501,\"caption\":\"NETGEAR\"},\"image\":{\"@id\":\"https:\\\/\\\/dehub.netgear.com\\\/de\\\/hub\\\/#\\\/schema\\\/logo\\\/image\\\/\"},\"sameAs\":[\"https:\\\/\\\/www.facebook.com\\\/NetgearAU\\\/\",\"https:\\\/\\\/x.com\\\/NETGEAR\",\"https:\\\/\\\/www.linkedin.com\\\/company\\\/netgear\"]}]}<\/script>\n<!-- \/ Yoast SEO plugin. -->","yoast_head_json":{"title":"Freedom Street Konzert - NETGEAR Hub","robots":{"index":"index","follow":"follow","max-snippet":"max-snippet:-1","max-image-preview":"max-image-preview:large","max-video-preview":"max-video-preview:-1"},"canonical":"https:\/\/dehub.netgear.com\/de\/hub\/business\/case-studies\/av-case-studies\/netgear-m4250-freedom-street-concert\/","og_locale":"de_DE","og_type":"article","og_title":"Freedom Street Konzert - NETGEAR Hub","og_url":"https:\/\/dehub.netgear.com\/de\/hub\/business\/case-studies\/av-case-studies\/netgear-m4250-freedom-street-concert\/","og_site_name":"NETGEAR Hub","article_publisher":"https:\/\/www.facebook.com\/NetgearAU\/","article_modified_time":"2025-10-16T10:08:04+00:00","og_image":[{"width":383,"height":288,"url":"https:\/\/dehub.netgear.com\/de\/hub\/wp-content\/uploads\/2025\/10\/V1-Featured-image-new-383x288-1.jpg","type":"image\/jpeg"}],"twitter_card":"summary_large_image","twitter_site":"@NETGEAR","schema":{"@context":"https:\/\/schema.org","@graph":[{"@type":"WebPage","@id":"https:\/\/dehub.netgear.com\/de\/hub\/business\/case-studies\/av-case-studies\/netgear-m4250-freedom-street-concert\/","url":"https:\/\/dehub.netgear.com\/de\/hub\/business\/case-studies\/av-case-studies\/netgear-m4250-freedom-street-concert\/","name":"Freedom Street Konzert - NETGEAR Hub","isPartOf":{"@id":"https:\/\/dehub.netgear.com\/de\/hub\/#website"},"primaryImageOfPage":{"@id":"https:\/\/dehub.netgear.com\/de\/hub\/business\/case-studies\/av-case-studies\/netgear-m4250-freedom-street-concert\/#primaryimage"},"image":{"@id":"https:\/\/dehub.netgear.com\/de\/hub\/business\/case-studies\/av-case-studies\/netgear-m4250-freedom-street-concert\/#primaryimage"},"thumbnailUrl":"https:\/\/dehub.netgear.com\/de\/hub\/wp-content\/uploads\/2025\/10\/V1-Featured-image-new-383x288-1.jpg","datePublished":"2025-10-16T10:06:28+00:00","dateModified":"2025-10-16T10:08:04+00:00","breadcrumb":{"@id":"https:\/\/dehub.netgear.com\/de\/hub\/business\/case-studies\/av-case-studies\/netgear-m4250-freedom-street-concert\/#breadcrumb"},"inLanguage":"de","potentialAction":[{"@type":"ReadAction","target":["https:\/\/dehub.netgear.com\/de\/hub\/business\/case-studies\/av-case-studies\/netgear-m4250-freedom-street-concert\/"]}]},{"@type":"ImageObject","inLanguage":"de","@id":"https:\/\/dehub.netgear.com\/de\/hub\/business\/case-studies\/av-case-studies\/netgear-m4250-freedom-street-concert\/#primaryimage","url":"https:\/\/dehub.netgear.com\/de\/hub\/wp-content\/uploads\/2025\/10\/V1-Featured-image-new-383x288-1.jpg","contentUrl":"https:\/\/dehub.netgear.com\/de\/hub\/wp-content\/uploads\/2025\/10\/V1-Featured-image-new-383x288-1.jpg","width":383,"height":288},{"@type":"BreadcrumbList","@id":"https:\/\/dehub.netgear.com\/de\/hub\/business\/case-studies\/av-case-studies\/netgear-m4250-freedom-street-concert\/#breadcrumb","itemListElement":[{"@type":"ListItem","position":1,"name":"Home","item":"https:\/\/dehub.netgear.com\/de\/hub\/"},{"@type":"ListItem","position":2,"name":"Business Articles Hub","item":"https:\/\/dehub.netgear.com\/de\/hub\/business\/"},{"@type":"ListItem","position":3,"name":"All Case Studies &#8211; DE","item":"https:\/\/dehub.netgear.com\/de\/hub\/business\/case-studies\/"},{"@type":"ListItem","position":4,"name":"AV Case Studies &#8211; DE","item":"https:\/\/dehub.netgear.com\/de\/hub\/business\/case-studies\/av-case-studies\/"},{"@type":"ListItem","position":5,"name":"Freedom Street Konzert"}]},{"@type":"WebSite","@id":"https:\/\/dehub.netgear.com\/de\/hub\/#website","url":"https:\/\/dehub.netgear.com\/de\/hub\/","name":"NETGEAR","description":"Erkunden Sie unsere Hub-Seiten und st\u00f6bern Sie in Artikeln, um mehr \u00fcber NETGEAR Produkte und Technologien zu erfahren.","publisher":{"@id":"https:\/\/dehub.netgear.com\/de\/hub\/#organization"},"potentialAction":[{"@type":"SearchAction","target":{"@type":"EntryPoint","urlTemplate":"https:\/\/dehub.netgear.com\/de\/hub\/?s={search_term_string}"},"query-input":{"@type":"PropertyValueSpecification","valueRequired":true,"valueName":"search_term_string"}}],"inLanguage":"de"},{"@type":"Organization","@id":"https:\/\/dehub.netgear.com\/de\/hub\/#organization","name":"NETGEAR","url":"https:\/\/dehub.netgear.com\/de\/hub\/","logo":{"@type":"ImageObject","inLanguage":"de","@id":"https:\/\/dehub.netgear.com\/de\/hub\/#\/schema\/logo\/image\/","url":"https:\/\/www.dehub.netgear.com\/de\/hub\/wp-content\/uploads\/2019\/07\/NETGEAR_logo.jpg","contentUrl":"https:\/\/www.dehub.netgear.com\/de\/hub\/wp-content\/uploads\/2019\/07\/NETGEAR_logo.jpg","width":1500,"height":501,"caption":"NETGEAR"},"image":{"@id":"https:\/\/dehub.netgear.com\/de\/hub\/#\/schema\/logo\/image\/"},"sameAs":["https:\/\/www.facebook.com\/NetgearAU\/","https:\/\/x.com\/NETGEAR","https:\/\/www.linkedin.com\/company\/netgear"]}]}},"_links":{"self":[{"href":"https:\/\/dehub.netgear.com\/de\/hub\/wp-json\/wp\/v2\/pages\/10926","targetHints":{"allow":["GET"]}}],"collection":[{"href":"https:\/\/dehub.netgear.com\/de\/hub\/wp-json\/wp\/v2\/pages"}],"about":[{"href":"https:\/\/dehub.netgear.com\/de\/hub\/wp-json\/wp\/v2\/types\/page"}],"author":[{"embeddable":true,"href":"https:\/\/dehub.netgear.com\/de\/hub\/wp-json\/wp\/v2\/users\/94"}],"replies":[{"embeddable":true,"href":"https:\/\/dehub.netgear.com\/de\/hub\/wp-json\/wp\/v2\/comments?post=10926"}],"version-history":[{"count":3,"href":"https:\/\/dehub.netgear.com\/de\/hub\/wp-json\/wp\/v2\/pages\/10926\/revisions"}],"predecessor-version":[{"id":10930,"href":"https:\/\/dehub.netgear.com\/de\/hub\/wp-json\/wp\/v2\/pages\/10926\/revisions\/10930"}],"up":[{"embeddable":true,"href":"https:\/\/dehub.netgear.com\/de\/hub\/wp-json\/wp\/v2\/pages\/10321"}],"wp:featuredmedia":[{"embeddable":true,"href":"https:\/\/dehub.netgear.com\/de\/hub\/wp-json\/wp\/v2\/media\/10927"}],"wp:attachment":[{"href":"https:\/\/dehub.netgear.com\/de\/hub\/wp-json\/wp\/v2\/media?parent=10926"}],"curies":[{"name":"wp","href":"https:\/\/api.w.org\/{rel}","templated":true}]}}