{"id":10920,"date":"2025-10-15T17:32:09","date_gmt":"2025-10-15T15:32:04","guid":{"rendered":"https:\/\/dehub.netgear.com\/de\/hub\/?page_id=10920"},"modified":"2025-10-24T18:54:03","modified_gmt":"2025-10-24T16:54:03","slug":"what-category-of-ethernet-cable-should-you-use-for-poe-and-what-is-the-maximum-length","status":"publish","type":"page","link":"https:\/\/dehub.netgear.com\/de\/hub\/business\/enterprise-it\/what-category-of-ethernet-cable-should-you-use-for-poe-and-what-is-the-maximum-length\/","title":{"rendered":"Welche Ethernet-Kategorie sollte man f\u00fcr PoE verwenden und was ist die maximale Kabell\u00e4nge?"},"content":{"rendered":"<p><img loading=\"lazy\" decoding=\"async\" class=\"alignone size-full wp-image-10681\" style=\"border-radius: 1em;\" src=\"https:\/\/dehub.netgear.com\/de\/hub\/wp-content\/uploads\/2025\/10\/Banner-Ethernet-cable-poe-scaled.jpg\" alt=\"\" width=\"1048\" height=\"511\" \/><\/p>\n    <div class=\"table-of-content bg-gray\">\n        <p><strong>IN THIS ARTICLE<\/strong><\/p>\n        <ul>\n                        <li><a href=\"#topic1\">PoE-Standards und Kabelanforderungen<\/a><\/li>\n                        <li><a href=\"#topic2\">Mindestanforderungen an Ethernet-Kabel<\/a><\/li>\n                        <li><a href=\"#topic3\">\u00dcbersicht der Kabelkategorien<\/a><\/li>\n                        <li><a href=\"#topic4\">Maximale Kabell\u00e4nge<\/a><\/li>\n                        <li><a href=\"#topic5\">Wichtige \u00dcberlegungen<\/a><\/li>\n                        <li><a href=\"#topic6\">Mehr Informationen<\/a><\/li>\n                    <\/ul>\n    <\/div>\n        <div id=\"topic1\" class=\"skip-item\">\n                        <h2>PoE-Standards und Kabelanforderungen<\/h2>\n                <p>IEEE 802.3bt, auch bekannt als 4PPoE (4-Pair Power over Ethernet), sowie IEEE 802.3af und IEEE 802.3at erm\u00f6glichen die Stromversorgung \u00fcber Ethernet-Kabel. Um Leistung und Zuverl\u00e4ssigkeit zu gew\u00e4hrleisten, gelten bestimmte Anforderungen an die Kabelqualit\u00e4t und die maximale Kabell\u00e4nge.<\/p>\n    <\/div>\n        <div id=\"topic2\" class=\"skip-item\">\n                        <h2>Mindestanforderungen an Ethernet-Kabel<\/h2>\n                <ul>\n<li data-start=\"5347\" data-end=\"5593\">\n<p data-start=\"5349\" data-end=\"5593\"><strong data-start=\"5349\" data-end=\"5365\">IEEE 802.3bt<\/strong>: Mindestens <strong data-start=\"5378\" data-end=\"5388\">Cat 5e<\/strong> wird empfohlen, aber f\u00fcr optimale Leistung und zur vollen Nutzung der F\u00e4higkeiten von 802.3bt ist ein <strong data-start=\"5491\" data-end=\"5500\">Cat 6<\/strong>-Kabel stark empfohlen. Diese Kabel unterst\u00fctzen h\u00f6here Datenraten und Stromst\u00e4rken besser.<\/p>\n<\/li>\n<li data-start=\"5594\" data-end=\"5780\">\n<p data-start=\"5596\" data-end=\"5780\"><strong data-start=\"5596\" data-end=\"5618\">IEEE 802.3af (PoE)<\/strong> und <strong data-start=\"5623\" data-end=\"5646\">IEEE 802.3at (PoE+)<\/strong>: Mindestanforderung ist <strong data-start=\"5671\" data-end=\"5680\">Cat 5<\/strong>, allerdings werden <strong data-start=\"5700\" data-end=\"5710\">Cat 5e<\/strong> oder <strong data-start=\"5716\" data-end=\"5725\">Cat 6<\/strong> f\u00fcr bessere Leistung und Zukunftssicherheit empfohlen.<\/p>\n<\/li>\n<\/ul>\n    <\/div>\n        <div id=\"topic3\" class=\"skip-item\">\n                        <h2>\u00dcbersicht der Kabelkategorien<\/h2>\n                <ul>\n<li data-start=\"5826\" data-end=\"5910\">\n<p data-start=\"5828\" data-end=\"5910\"><strong data-start=\"5828\" data-end=\"5837\">Cat 5<\/strong>: Mindeststandard f\u00fcr 802.3af und 802.3at, nicht empfohlen f\u00fcr 802.3bt.<\/p>\n<\/li>\n<li data-start=\"5911\" data-end=\"6049\">\n<p data-start=\"5913\" data-end=\"6049\"><strong data-start=\"5913\" data-end=\"5923\">Cat 5e<\/strong>: Erf\u00fcllt die Mindestanforderungen aller drei Standards, bietet aber nicht die Leistung oder Abschirmung h\u00f6herer Kategorien.<\/p>\n<\/li>\n<li data-start=\"6050\" data-end=\"6159\">\n<p data-start=\"6052\" data-end=\"6159\"><strong data-start=\"6052\" data-end=\"6061\">Cat 6<\/strong>: F\u00fcr beste Leistung empfohlen, mit h\u00f6herer Geschwindigkeit und besserem Schutz gegen St\u00f6rungen.<\/p>\n<\/li>\n<li data-start=\"6160\" data-end=\"6281\">\n<p data-start=\"6162\" data-end=\"6281\"><strong data-start=\"6162\" data-end=\"6182\">Cat 6a und h\u00f6her<\/strong>: Ideal f\u00fcr maximale Zukunftssicherheit, unterst\u00fctzt h\u00f6here Geschwindigkeiten und l\u00e4ngere Strecken.<\/p>\n<\/li>\n<\/ul>\n    <\/div>\n        <div id=\"topic4\" class=\"skip-item\">\n                        <h2>Maximale Kabell\u00e4nge<\/h2>\n                <p>Die maximale L\u00e4nge f\u00fcr Ethernet-Kabel mit den Standards IEEE 802.3bt, 802.3af und 802.3at betr\u00e4gt <strong data-start=\"6415\" data-end=\"6428\">100 Meter<\/strong>. Dies umfasst sowohl das Hauptkabel als auch eventuelle Patchkabel im System. F\u00fcr l\u00e4ngere Distanzen k\u00f6nnen L\u00f6sungen wie Repeater oder <strong data-start=\"6563\" data-end=\"6575\">Switches<\/strong> eingesetzt werden, um das Signal zu verl\u00e4ngern.<\/p>\n    <\/div>\n        <div id=\"topic5\" class=\"skip-item\">\n                        <h2>Wichtige \u00dcberlegungen<\/h2>\n                <ul>\n<li data-start=\"6661\" data-end=\"6777\">\n<p data-start=\"6663\" data-end=\"6777\"><strong data-start=\"6663\" data-end=\"6680\">Kabelqualit\u00e4t<\/strong>: Verwenden Sie hochwertige Kabel, die den Spezifikationen der gew\u00e4hlten Kategorie entsprechen.<\/p>\n<\/li>\n<li data-start=\"6778\" data-end=\"6927\">\n<p data-start=\"6780\" data-end=\"6927\"><strong data-start=\"6780\" data-end=\"6805\">Installationsumgebung<\/strong>: Achten Sie auf Temperatur, Luftfeuchtigkeit und elektromagnetische St\u00f6rungen, die die Leistung beeintr\u00e4chtigen k\u00f6nnen.<\/p>\n<\/li>\n<li data-start=\"6928\" data-end=\"7184\">\n<p data-start=\"6930\" data-end=\"7184\"><strong data-start=\"6930\" data-end=\"6951\">Normenkonformit\u00e4t<\/strong>: Die Verkabelung sollte den ANSI\/TIA-568-B2-1-Standards mit AWG24-Leitern und passenden Steckverbindern entsprechen. So wird ein zuverl\u00e4ssiger und effizienter Netzwerkbetrieb gew\u00e4hrleistet, selbst bei h\u00f6heren Leistungsanforderungen.<\/p>\n<\/li>\n<\/ul>\n    <\/div>\n        <div id=\"topic6\" class=\"skip-item\">\n                        <h2>Mehr Informationen<\/h2>\n                <p>\n<!-- IT NETGEAR BUSINESS-L\u00d6SUNGEN--><br \/>\nMehr \u00fcber unsere Business-Produkte erfahren<\/p>\n<div class=\"hs-cta-embed hs-cta-simple-placeholder hs-cta-embed-242892643058\" style=\"max-width:100%;max-height:100%;width:290px;height:50.390625px\" data-hubspot-wrapper-cta-id=\"242892643058\"><br \/>\n  <a href=\"https:\/\/cta-na2.hubspot.com\/web-interactives\/public\/v1\/track\/redirect?encryptedPayload=AVxigLKSM9WTTg7%2FAeRV5qugDCzPgQ8MwIY0MWnrXLIcw1araTPlipAsbwW69SXPDIx4zCiH7IZWeqt%2BemeJLODhF%2FDlADckUBODpWmfLAeC%2B10Ud4YKVbb7l5mPLqwZdwx6VwqQcDHRL6LCGiyEcIh1qQqL0T3sxlnvr0t4bAvKCKjkKFXgqcVzXA%3D%3D&#038;webInteractiveContentId=242892643058&#038;portalId=242128791\" target=\"_blank\" rel=\"noopener\"><br \/>\n    <img decoding=\"async\" alt=\"NETGEAR BUSINESS-L&Ouml;SUNGEN\" loading=\"lazy\" src=\"https:\/\/hubspot-no-cache-na2-prod.s3.amazonaws.com\/cta\/default\/242128791\/interactive-242892643058.png\" style=\"height: 100%;width: 100%;object-fit: fill\" \/><br \/>\n  <\/a>\n<\/div>\n<\/p>\n<p>\n<!-- IT ACADEMY --><br \/>\n Alles \u00fcber IP-Netzwerke lernen \u2013 in der NETGEAR ACADEMY<\/p>\n<div class=\"hs-cta-embed hs-cta-simple-placeholder hs-cta-embed-242204954356\" style=\"max-width:100%;max-height:100%;width:260px;height:50.390625px\" data-hubspot-wrapper-cta-id=\"242204954356\"><br \/>\n  <a href=\"https:\/\/cta-na2.hubspot.com\/web-interactives\/public\/v1\/track\/redirect?encryptedPayload=AVxigLLkH9zel89o4qb5Zt0HNH2fd%2FRPXNoIMgiMzse7LTSjZhAi9JGmYnyHR1fYgVtqiIdLJk0UNBiYKxNP%2B%2FkdsBG1bikxBOFgBdX7C8VIedE8pHvRDgz%2F5zbzhiRhRBSaQNkZPdEPlmtk1BrN3KAJybsrZkfDr26KvP5h8b3eKmfGBpfusntV9159BNLCOue6HmfkXhcXHdUr6kvupL%2BZSl13fw11hQ%3D%3D&#038;webInteractiveContentId=242204954356&#038;portalId=242128791\" target=\"_blank\" rel=\"noopener\"><br \/>\n    <img decoding=\"async\" alt=\"NETGEAR ACADEMY\" loading=\"lazy\" src=\"https:\/\/hubspot-no-cache-na2-prod.s3.amazonaws.com\/cta\/default\/242128791\/interactive-242204954356.png\" style=\"height: 100%;width: 100%;object-fit: fill\" \/><br \/>\n  <\/a>\n<\/div>\n<\/p>\n<p>\n<!-- KONTAKT PRO-IT-TEAM --><br \/>\n Unsere Ingenieure unterst\u00fctzen Sie kostenlos bei Ihrem Projekt<\/p>\n<div class=\"hs-cta-embed hs-cta-simple-placeholder hs-cta-embed-245601739512\" style=\"max-width:100%;max-height:100%;width:230px;height:50.390625px\" data-hubspot-wrapper-cta-id=\"245601739512\"><br \/>\n  <a href=\"https:\/\/cta-na2.hubspot.com\/web-interactives\/public\/v1\/track\/redirect?encryptedPayload=AVxigLJr11uo8X2nE1LSD6Xjyr2Y4qHnMBiuTjepc%2Bu21JUc7ZZdAG7jEsrURlBKJ6f0gXIV8yzULoIPrEgSbXIfpubEaDTPtU2vi7JTsOLryr06L8dJPrqyt%2F2eKloPwOKZGDfL9zTAajC1ulDGRS7faQbDW8hv2qOUvg1kmKNy515wshiC%2FWSKAezkM0ul1Fbw9ZFaKkqGQny0qCHfNGg6IBozCtGRUg%3D%3D&#038;webInteractiveContentId=245601739512&#038;portalId=242128791\" target=\"_blank\" rel=\"noopener\"><br \/>\n    <img decoding=\"async\" alt=\"KONTAKT PRO-IT-TEAM\" loading=\"lazy\" src=\"https:\/\/hubspot-no-cache-na2-prod.s3.amazonaws.com\/cta\/default\/242128791\/interactive-245601739512.png\" style=\"height: 100%;width: 100%;object-fit: fill\" \/><br \/>\n  <\/a>\n<\/div>\n<\/p>\n<p style=\"margin-top: 50px\">\n<iframe loading=\"lazy\" src=\"https:\/\/405nrr.share-na2.hsforms.com\/25w_D-U5iS-e5KaSaP86jnQ\" width=\"100%\" height=\"1200px\"><\/iframe><\/p>\n    <\/div>\n    \n","protected":false},"excerpt":{"rendered":"","protected":false},"author":98,"featured_media":10918,"parent":6714,"menu_order":0,"comment_status":"closed","ping_status":"closed","template":"templates\/blog-wifi.php","meta":{"_acf_changed":false,"footnotes":""},"class_list":["post-10920","page","type-page","status-publish","has-post-thumbnail","hentry"],"acf":[],"yoast_head":"<!-- This site is optimized with the Yoast SEO plugin v27.3 - https:\/\/yoast.com\/product\/yoast-seo-wordpress\/ -->\n<title>Welche Ethernet-Kategorie sollte man f\u00fcr PoE verwenden und was ist die maximale Kabell\u00e4nge? - NETGEAR Hub<\/title>\n<meta name=\"robots\" content=\"index, follow, max-snippet:-1, max-image-preview:large, max-video-preview:-1\" \/>\n<link rel=\"canonical\" href=\"https:\/\/dehub.netgear.com\/de\/hub\/business\/enterprise-it\/what-category-of-ethernet-cable-should-you-use-for-poe-and-what-is-the-maximum-length\/\" \/>\n<meta property=\"og:locale\" content=\"de_DE\" \/>\n<meta property=\"og:type\" content=\"article\" \/>\n<meta property=\"og:title\" content=\"Welche Ethernet-Kategorie sollte man f\u00fcr PoE verwenden und was ist die maximale Kabell\u00e4nge? - NETGEAR Hub\" \/>\n<meta property=\"og:url\" content=\"https:\/\/dehub.netgear.com\/de\/hub\/business\/enterprise-it\/what-category-of-ethernet-cable-should-you-use-for-poe-and-what-is-the-maximum-length\/\" \/>\n<meta property=\"og:site_name\" content=\"NETGEAR Hub\" \/>\n<meta property=\"article:publisher\" content=\"https:\/\/www.facebook.com\/NetgearAU\/\" \/>\n<meta property=\"article:modified_time\" content=\"2025-10-24T16:54:03+00:00\" \/>\n<meta property=\"og:image\" content=\"https:\/\/dehub.netgear.com\/de\/hub\/wp-content\/uploads\/2025\/10\/vignette-cable-ethernet-oe-v2.jpg\" \/>\n\t<meta property=\"og:image:width\" content=\"383\" \/>\n\t<meta property=\"og:image:height\" content=\"288\" \/>\n\t<meta property=\"og:image:type\" content=\"image\/jpeg\" \/>\n<meta name=\"twitter:card\" content=\"summary_large_image\" \/>\n<meta name=\"twitter:site\" content=\"@NETGEAR\" \/>\n<script type=\"application\/ld+json\" class=\"yoast-schema-graph\">{\"@context\":\"https:\\\/\\\/schema.org\",\"@graph\":[{\"@type\":\"WebPage\",\"@id\":\"https:\\\/\\\/dehub.netgear.com\\\/de\\\/hub\\\/business\\\/enterprise-it\\\/what-category-of-ethernet-cable-should-you-use-for-poe-and-what-is-the-maximum-length\\\/\",\"url\":\"https:\\\/\\\/dehub.netgear.com\\\/de\\\/hub\\\/business\\\/enterprise-it\\\/what-category-of-ethernet-cable-should-you-use-for-poe-and-what-is-the-maximum-length\\\/\",\"name\":\"Welche Ethernet-Kategorie sollte man f\u00fcr PoE verwenden und was ist die maximale Kabell\u00e4nge? - NETGEAR Hub\",\"isPartOf\":{\"@id\":\"https:\\\/\\\/dehub.netgear.com\\\/de\\\/hub\\\/#website\"},\"primaryImageOfPage\":{\"@id\":\"https:\\\/\\\/dehub.netgear.com\\\/de\\\/hub\\\/business\\\/enterprise-it\\\/what-category-of-ethernet-cable-should-you-use-for-poe-and-what-is-the-maximum-length\\\/#primaryimage\"},\"image\":{\"@id\":\"https:\\\/\\\/dehub.netgear.com\\\/de\\\/hub\\\/business\\\/enterprise-it\\\/what-category-of-ethernet-cable-should-you-use-for-poe-and-what-is-the-maximum-length\\\/#primaryimage\"},\"thumbnailUrl\":\"https:\\\/\\\/dehub.netgear.com\\\/de\\\/hub\\\/wp-content\\\/uploads\\\/2025\\\/10\\\/vignette-cable-ethernet-oe-v2.jpg\",\"datePublished\":\"2025-10-15T15:32:04+00:00\",\"dateModified\":\"2025-10-24T16:54:03+00:00\",\"breadcrumb\":{\"@id\":\"https:\\\/\\\/dehub.netgear.com\\\/de\\\/hub\\\/business\\\/enterprise-it\\\/what-category-of-ethernet-cable-should-you-use-for-poe-and-what-is-the-maximum-length\\\/#breadcrumb\"},\"inLanguage\":\"de\",\"potentialAction\":[{\"@type\":\"ReadAction\",\"target\":[\"https:\\\/\\\/dehub.netgear.com\\\/de\\\/hub\\\/business\\\/enterprise-it\\\/what-category-of-ethernet-cable-should-you-use-for-poe-and-what-is-the-maximum-length\\\/\"]}]},{\"@type\":\"ImageObject\",\"inLanguage\":\"de\",\"@id\":\"https:\\\/\\\/dehub.netgear.com\\\/de\\\/hub\\\/business\\\/enterprise-it\\\/what-category-of-ethernet-cable-should-you-use-for-poe-and-what-is-the-maximum-length\\\/#primaryimage\",\"url\":\"https:\\\/\\\/dehub.netgear.com\\\/de\\\/hub\\\/wp-content\\\/uploads\\\/2025\\\/10\\\/vignette-cable-ethernet-oe-v2.jpg\",\"contentUrl\":\"https:\\\/\\\/dehub.netgear.com\\\/de\\\/hub\\\/wp-content\\\/uploads\\\/2025\\\/10\\\/vignette-cable-ethernet-oe-v2.jpg\",\"width\":383,\"height\":288},{\"@type\":\"BreadcrumbList\",\"@id\":\"https:\\\/\\\/dehub.netgear.com\\\/de\\\/hub\\\/business\\\/enterprise-it\\\/what-category-of-ethernet-cable-should-you-use-for-poe-and-what-is-the-maximum-length\\\/#breadcrumb\",\"itemListElement\":[{\"@type\":\"ListItem\",\"position\":1,\"name\":\"Home\",\"item\":\"https:\\\/\\\/dehub.netgear.com\\\/de\\\/hub\\\/\"},{\"@type\":\"ListItem\",\"position\":2,\"name\":\"Business Articles Hub\",\"item\":\"https:\\\/\\\/dehub.netgear.com\\\/de\\\/hub\\\/business\\\/\"},{\"@type\":\"ListItem\",\"position\":3,\"name\":\"Business Networking Articles Hub\",\"item\":\"https:\\\/\\\/dehub.netgear.com\\\/de\\\/hub\\\/business\\\/enterprise-it\\\/\"},{\"@type\":\"ListItem\",\"position\":4,\"name\":\"Welche Ethernet-Kategorie sollte man f\u00fcr PoE verwenden und was ist die maximale Kabell\u00e4nge?\"}]},{\"@type\":\"WebSite\",\"@id\":\"https:\\\/\\\/dehub.netgear.com\\\/de\\\/hub\\\/#website\",\"url\":\"https:\\\/\\\/dehub.netgear.com\\\/de\\\/hub\\\/\",\"name\":\"NETGEAR\",\"description\":\"Erkunden Sie unsere Hub-Seiten und st\u00f6bern Sie in Artikeln, um mehr \u00fcber NETGEAR Produkte und Technologien zu erfahren.\",\"publisher\":{\"@id\":\"https:\\\/\\\/dehub.netgear.com\\\/de\\\/hub\\\/#organization\"},\"potentialAction\":[{\"@type\":\"SearchAction\",\"target\":{\"@type\":\"EntryPoint\",\"urlTemplate\":\"https:\\\/\\\/dehub.netgear.com\\\/de\\\/hub\\\/?s={search_term_string}\"},\"query-input\":{\"@type\":\"PropertyValueSpecification\",\"valueRequired\":true,\"valueName\":\"search_term_string\"}}],\"inLanguage\":\"de\"},{\"@type\":\"Organization\",\"@id\":\"https:\\\/\\\/dehub.netgear.com\\\/de\\\/hub\\\/#organization\",\"name\":\"NETGEAR\",\"url\":\"https:\\\/\\\/dehub.netgear.com\\\/de\\\/hub\\\/\",\"logo\":{\"@type\":\"ImageObject\",\"inLanguage\":\"de\",\"@id\":\"https:\\\/\\\/dehub.netgear.com\\\/de\\\/hub\\\/#\\\/schema\\\/logo\\\/image\\\/\",\"url\":\"https:\\\/\\\/www.dehub.netgear.com\\\/de\\\/hub\\\/wp-content\\\/uploads\\\/2019\\\/07\\\/NETGEAR_logo.jpg\",\"contentUrl\":\"https:\\\/\\\/www.dehub.netgear.com\\\/de\\\/hub\\\/wp-content\\\/uploads\\\/2019\\\/07\\\/NETGEAR_logo.jpg\",\"width\":1500,\"height\":501,\"caption\":\"NETGEAR\"},\"image\":{\"@id\":\"https:\\\/\\\/dehub.netgear.com\\\/de\\\/hub\\\/#\\\/schema\\\/logo\\\/image\\\/\"},\"sameAs\":[\"https:\\\/\\\/www.facebook.com\\\/NetgearAU\\\/\",\"https:\\\/\\\/x.com\\\/NETGEAR\",\"https:\\\/\\\/www.linkedin.com\\\/company\\\/netgear\"]}]}<\/script>\n<!-- \/ Yoast SEO plugin. -->","yoast_head_json":{"title":"Welche Ethernet-Kategorie sollte man f\u00fcr PoE verwenden und was ist die maximale Kabell\u00e4nge? - NETGEAR Hub","robots":{"index":"index","follow":"follow","max-snippet":"max-snippet:-1","max-image-preview":"max-image-preview:large","max-video-preview":"max-video-preview:-1"},"canonical":"https:\/\/dehub.netgear.com\/de\/hub\/business\/enterprise-it\/what-category-of-ethernet-cable-should-you-use-for-poe-and-what-is-the-maximum-length\/","og_locale":"de_DE","og_type":"article","og_title":"Welche Ethernet-Kategorie sollte man f\u00fcr PoE verwenden und was ist die maximale Kabell\u00e4nge? - NETGEAR Hub","og_url":"https:\/\/dehub.netgear.com\/de\/hub\/business\/enterprise-it\/what-category-of-ethernet-cable-should-you-use-for-poe-and-what-is-the-maximum-length\/","og_site_name":"NETGEAR Hub","article_publisher":"https:\/\/www.facebook.com\/NetgearAU\/","article_modified_time":"2025-10-24T16:54:03+00:00","og_image":[{"width":383,"height":288,"url":"https:\/\/dehub.netgear.com\/de\/hub\/wp-content\/uploads\/2025\/10\/vignette-cable-ethernet-oe-v2.jpg","type":"image\/jpeg"}],"twitter_card":"summary_large_image","twitter_site":"@NETGEAR","schema":{"@context":"https:\/\/schema.org","@graph":[{"@type":"WebPage","@id":"https:\/\/dehub.netgear.com\/de\/hub\/business\/enterprise-it\/what-category-of-ethernet-cable-should-you-use-for-poe-and-what-is-the-maximum-length\/","url":"https:\/\/dehub.netgear.com\/de\/hub\/business\/enterprise-it\/what-category-of-ethernet-cable-should-you-use-for-poe-and-what-is-the-maximum-length\/","name":"Welche Ethernet-Kategorie sollte man f\u00fcr PoE verwenden und was ist die maximale Kabell\u00e4nge? - NETGEAR Hub","isPartOf":{"@id":"https:\/\/dehub.netgear.com\/de\/hub\/#website"},"primaryImageOfPage":{"@id":"https:\/\/dehub.netgear.com\/de\/hub\/business\/enterprise-it\/what-category-of-ethernet-cable-should-you-use-for-poe-and-what-is-the-maximum-length\/#primaryimage"},"image":{"@id":"https:\/\/dehub.netgear.com\/de\/hub\/business\/enterprise-it\/what-category-of-ethernet-cable-should-you-use-for-poe-and-what-is-the-maximum-length\/#primaryimage"},"thumbnailUrl":"https:\/\/dehub.netgear.com\/de\/hub\/wp-content\/uploads\/2025\/10\/vignette-cable-ethernet-oe-v2.jpg","datePublished":"2025-10-15T15:32:04+00:00","dateModified":"2025-10-24T16:54:03+00:00","breadcrumb":{"@id":"https:\/\/dehub.netgear.com\/de\/hub\/business\/enterprise-it\/what-category-of-ethernet-cable-should-you-use-for-poe-and-what-is-the-maximum-length\/#breadcrumb"},"inLanguage":"de","potentialAction":[{"@type":"ReadAction","target":["https:\/\/dehub.netgear.com\/de\/hub\/business\/enterprise-it\/what-category-of-ethernet-cable-should-you-use-for-poe-and-what-is-the-maximum-length\/"]}]},{"@type":"ImageObject","inLanguage":"de","@id":"https:\/\/dehub.netgear.com\/de\/hub\/business\/enterprise-it\/what-category-of-ethernet-cable-should-you-use-for-poe-and-what-is-the-maximum-length\/#primaryimage","url":"https:\/\/dehub.netgear.com\/de\/hub\/wp-content\/uploads\/2025\/10\/vignette-cable-ethernet-oe-v2.jpg","contentUrl":"https:\/\/dehub.netgear.com\/de\/hub\/wp-content\/uploads\/2025\/10\/vignette-cable-ethernet-oe-v2.jpg","width":383,"height":288},{"@type":"BreadcrumbList","@id":"https:\/\/dehub.netgear.com\/de\/hub\/business\/enterprise-it\/what-category-of-ethernet-cable-should-you-use-for-poe-and-what-is-the-maximum-length\/#breadcrumb","itemListElement":[{"@type":"ListItem","position":1,"name":"Home","item":"https:\/\/dehub.netgear.com\/de\/hub\/"},{"@type":"ListItem","position":2,"name":"Business Articles Hub","item":"https:\/\/dehub.netgear.com\/de\/hub\/business\/"},{"@type":"ListItem","position":3,"name":"Business Networking Articles Hub","item":"https:\/\/dehub.netgear.com\/de\/hub\/business\/enterprise-it\/"},{"@type":"ListItem","position":4,"name":"Welche Ethernet-Kategorie sollte man f\u00fcr PoE verwenden und was ist die maximale Kabell\u00e4nge?"}]},{"@type":"WebSite","@id":"https:\/\/dehub.netgear.com\/de\/hub\/#website","url":"https:\/\/dehub.netgear.com\/de\/hub\/","name":"NETGEAR","description":"Erkunden Sie unsere Hub-Seiten und st\u00f6bern Sie in Artikeln, um mehr \u00fcber NETGEAR Produkte und Technologien zu erfahren.","publisher":{"@id":"https:\/\/dehub.netgear.com\/de\/hub\/#organization"},"potentialAction":[{"@type":"SearchAction","target":{"@type":"EntryPoint","urlTemplate":"https:\/\/dehub.netgear.com\/de\/hub\/?s={search_term_string}"},"query-input":{"@type":"PropertyValueSpecification","valueRequired":true,"valueName":"search_term_string"}}],"inLanguage":"de"},{"@type":"Organization","@id":"https:\/\/dehub.netgear.com\/de\/hub\/#organization","name":"NETGEAR","url":"https:\/\/dehub.netgear.com\/de\/hub\/","logo":{"@type":"ImageObject","inLanguage":"de","@id":"https:\/\/dehub.netgear.com\/de\/hub\/#\/schema\/logo\/image\/","url":"https:\/\/www.dehub.netgear.com\/de\/hub\/wp-content\/uploads\/2019\/07\/NETGEAR_logo.jpg","contentUrl":"https:\/\/www.dehub.netgear.com\/de\/hub\/wp-content\/uploads\/2019\/07\/NETGEAR_logo.jpg","width":1500,"height":501,"caption":"NETGEAR"},"image":{"@id":"https:\/\/dehub.netgear.com\/de\/hub\/#\/schema\/logo\/image\/"},"sameAs":["https:\/\/www.facebook.com\/NetgearAU\/","https:\/\/x.com\/NETGEAR","https:\/\/www.linkedin.com\/company\/netgear"]}]}},"_links":{"self":[{"href":"https:\/\/dehub.netgear.com\/de\/hub\/wp-json\/wp\/v2\/pages\/10920","targetHints":{"allow":["GET"]}}],"collection":[{"href":"https:\/\/dehub.netgear.com\/de\/hub\/wp-json\/wp\/v2\/pages"}],"about":[{"href":"https:\/\/dehub.netgear.com\/de\/hub\/wp-json\/wp\/v2\/types\/page"}],"author":[{"embeddable":true,"href":"https:\/\/dehub.netgear.com\/de\/hub\/wp-json\/wp\/v2\/users\/98"}],"replies":[{"embeddable":true,"href":"https:\/\/dehub.netgear.com\/de\/hub\/wp-json\/wp\/v2\/comments?post=10920"}],"version-history":[{"count":1,"href":"https:\/\/dehub.netgear.com\/de\/hub\/wp-json\/wp\/v2\/pages\/10920\/revisions"}],"predecessor-version":[{"id":10921,"href":"https:\/\/dehub.netgear.com\/de\/hub\/wp-json\/wp\/v2\/pages\/10920\/revisions\/10921"}],"up":[{"embeddable":true,"href":"https:\/\/dehub.netgear.com\/de\/hub\/wp-json\/wp\/v2\/pages\/6714"}],"wp:featuredmedia":[{"embeddable":true,"href":"https:\/\/dehub.netgear.com\/de\/hub\/wp-json\/wp\/v2\/media\/10918"}],"wp:attachment":[{"href":"https:\/\/dehub.netgear.com\/de\/hub\/wp-json\/wp\/v2\/media?parent=10920"}],"curies":[{"name":"wp","href":"https:\/\/api.w.org\/{rel}","templated":true}]}}