{"id":10902,"date":"2025-09-24T12:47:09","date_gmt":"2025-10-14T10:47:36","guid":{"rendered":"https:\/\/dehub.netgear.com\/de\/hub\/?page_id=10902"},"modified":"2025-10-14T12:50:10","modified_gmt":"2025-10-14T10:50:10","slug":"networking-modern-media-broadcasting","status":"publish","type":"page","link":"https:\/\/dehub.netgear.com\/de\/hub\/business\/av\/networking-modern-media-broadcasting\/","title":{"rendered":"Die entscheidende Rolle von Netzwerktechnologie im modernen Medien-Broadcasting"},"content":{"rendered":"<p><img loading=\"lazy\" decoding=\"async\" class=\"alignone size-full wp-image-10681\" style=\"border-radius: 1em;\" src=\"https:\/\/www.netgear.com\/hub\/wp-content\/uploads\/2025\/09\/Screenshot-2025-09-24-at-21.10.53-1-scaled.png\" alt=\"\" width=\"1048\" height=\"511\" \/><\/p>\n    <div class=\"table-of-content bg-gray\">\n        <p><strong>IN THIS ARTICLE<\/strong><\/p>\n        <ul>\n                        <li><a href=\"#topic2\">Die Entwicklung des Medien-Broadcastings: Von analog zu digital<\/a><\/li>\n                        <li><a href=\"#topic3\">Die Konvergenz von IT und Broadcasting: Eine neue \u00c4ra<\/a><\/li>\n                        <li><a href=\"#topic4\">Warum zuverl\u00e4ssige Netzwerke das R\u00fcckgrat des Broadcastings sind<\/a><\/li>\n                        <li><a href=\"#topic5\">Die Rolle von Software-Defined Networking im Medienbereich<\/a><\/li>\n                        <li><a href=\"#topic6\">Sicherheit und Compliance in Mediennetzwerken gew\u00e4hrleisten<\/a><\/li>\n                        <li><a href=\"#topic7\">Zukunftstrends: Was die Medien\u00fcbertragung erwartet<\/a><\/li>\n                        <li><a href=\"#topic8\">Mehr Informationen<\/a><\/li>\n                    <\/ul>\n    <\/div>\n        <div id=\"topic1\" class=\"skip-item\">\n                        <div id=\"topic1\" class=\"skip-item\">\n<div class=\"video\" style=\"text-align: center\"><iframe loading=\"lazy\" src=\"https:\/\/242128791.fs1.hubspotusercontent-na2.net\/hubfs\/242128791\/inbroadcast-interviews-netgear--ibc2025.mp4\" width=\"853\" height=\"505\" frameborder=\"0\" allowfullscreen=\"allowfullscreen\">&lt;span<br \/>\ndata-mce-type=&#8220;bookmark&#8220; style=&#8220;display: inline-block; width: 0px;<br \/>\noverflow: hidden; line-height: 0;&#8220;<br \/>\nclass=&#8220;mce_SELRES_start&#8220;&gt;\ufeff&lt;\/span&gt;&lt;span<br \/>\ndata-mce-type=&#8220;bookmark&#8220; style=&#8220;display: inline-block; width: 0px;<br \/>\noverflow: hidden; line-height: 0;&#8220;<br \/>\nclass=&#8220;mce_SELRES_start&#8220;&gt;\ufeff&lt;\/span&gt;&lt;span<br \/>\ndata-mce-type=&#8220;bookmark&#8220; style=&#8220;display: inline-block; width: 0px;<br \/>\noverflow: hidden; line-height: 0;&#8220;<br \/>\nclass=&#8220;mce_SELRES_start&#8220;&gt;\ufeff&lt;\/span&gt;<\/iframe><\/div>\n<\/div>\n<div id=\"topic2\" class=\"skip-item\">\n<h2><\/h2>\n<\/div>\n    <\/div>\n        <div id=\"topic2\" class=\"skip-item\">\n                        <h2>Die Entwicklung des Medien-Broadcastings: Von analog zu digital<\/h2>\n                <p>Das Medien-Broadcasting hat eine tiefgreifende Transformation durchlaufen \u2013 von analogen Funkwellen mit begrenzter Bandbreite hin zu digitalen Plattformen, die <strong data-start=\"297\" data-end=\"329\">h\u00f6here Qualit\u00e4t, mehr Kan\u00e4le<\/strong> und interaktive Dienste wie <strong data-start=\"358\" data-end=\"366\">HDTV<\/strong> und <strong data-start=\"371\" data-end=\"390\">Video-on-Demand<\/strong> erm\u00f6glichen.<\/p>\n    <\/div>\n        <div id=\"topic3\" class=\"skip-item\">\n                        <h2>Die Konvergenz von IT und Broadcasting: Eine neue \u00c4ra<\/h2>\n                <p>Die Integration von IT in das Broadcasting hat <strong data-start=\"520\" data-end=\"545\">IP-basierte Workflows<\/strong> hervorgebracht, die schneller, skalierbarer und flexibler sind. Medienunternehmen k\u00f6nnen dadurch globale Zielgruppen erreichen und sich dynamisch an ver\u00e4nderte Anforderungen anpassen.<\/p>\n    <\/div>\n        <div id=\"topic4\" class=\"skip-item\">\n                        <h2>Warum zuverl\u00e4ssige Netzwerke das R\u00fcckgrat des Broadcastings sind<\/h2>\n                <p>Zuverl\u00e4ssige Netzwerktechnologien sichern die <strong data-start=\"856\" data-end=\"899\">reibungslose, Echtzeit-Daten\u00fcbertragung<\/strong> \u2013 eine Grundvoraussetzung f\u00fcr <strong data-start=\"930\" data-end=\"952\">Live-\u00dcbertragungen<\/strong> und die hochwertige Bereitstellung von Inhalten. Das ist insbesondere bei <strong data-start=\"1027\" data-end=\"1049\">Sport\u00fcbertragungen<\/strong>, <strong data-start=\"1051\" data-end=\"1066\">Nachrichten<\/strong> und <strong data-start=\"1071\" data-end=\"1098\">Unterhaltungsprogrammen<\/strong> entscheidend.<\/p>\n    <\/div>\n        <div id=\"topic5\" class=\"skip-item\">\n                        <h2>Die Rolle von Software-Defined Networking im Medienbereich<\/h2>\n                <p><strong data-start=\"1187\" data-end=\"1224\">Software-Defined Networking (SDN)<\/strong> bietet Medienunternehmen <strong data-start=\"1250\" data-end=\"1302\">mehr Flexibilit\u00e4t, Skalierbarkeit und Sicherheit<\/strong>, indem es eine dynamische, softwaregesteuerte Netzwerkverwaltung erm\u00f6glicht. Dadurch lassen sich Innovationen vorantreiben und Inhalte effizient \u00fcber mehrere Plattformen hinweg ausspielen.<\/p>\n    <\/div>\n        <div id=\"topic6\" class=\"skip-item\">\n                        <h2>Sicherheit und Compliance in Mediennetzwerken gew\u00e4hrleisten<\/h2>\n                <p>Starke <strong data-start=\"1574\" data-end=\"1593\">Cybersicherheit<\/strong> und die Einhaltung von <strong data-start=\"1617\" data-end=\"1645\">regulatorischen Vorgaben<\/strong> sind unerl\u00e4sslich, um Inhalte zu sch\u00fctzen, Vertrauen zu wahren und Industriestandards in Bezug auf <strong data-start=\"1745\" data-end=\"1760\">Datenschutz<\/strong>, <strong data-start=\"1762\" data-end=\"1777\">Verbreitung<\/strong> und <strong data-start=\"1782\" data-end=\"1799\">Urheberrechte<\/strong> einzuhalten.<\/p>\n    <\/div>\n        <div id=\"topic7\" class=\"skip-item\">\n                        <h2>Zukunftstrends: Was die Medien\u00fcbertragung erwartet<\/h2>\n                <p><strong data-start=\"1879\" data-end=\"1910\">K\u00fcnstliche Intelligenz (KI)<\/strong>, <strong data-start=\"1912\" data-end=\"1935\">maschinelles Lernen<\/strong> und <strong data-start=\"1940\" data-end=\"1946\">5G<\/strong> werden die Zukunft des Broadcastings pr\u00e4gen \u2013 durch personalisierte Nutzererlebnisse, immersive Inhaltsformate wie <strong data-start=\"2062\" data-end=\"2071\">VR\/AR<\/strong> und eine noch schnellere, zuverl\u00e4ssigere Auslieferung von Medieninhalten.<\/p>\n    <\/div>\n        <div id=\"topic8\" class=\"skip-item\">\n                        <h2>Mehr Informationen<\/h2>\n                <p><!-- IT NETGEAR BUSINESS-L\u00d6SUNGEN--><\/p>\n<p>Mehr \u00fcber unsere Business-Produkte erfahren<\/p>\n<div class=\"hs-cta-embed hs-cta-simple-placeholder hs-cta-embed-243392275167\" style=\"max-width: 100%;max-height: 100%;width: 260px;height: 50.390625px\" data-hubspot-wrapper-cta-id=\"243392275167\"><a href=\"https:\/\/cta-na2.hubspot.com\/web-interactives\/public\/v1\/track\/redirect?encryptedPayload=AVxigLI%2Fu8J7nFnep8w0CfLqqlWixXySh0cANLn7TQ3MtLEGeFdfhQxw3AVxVzYlZOkZoVB4gdslqY4il1pZTz7RSKy0mNw%2BF1Y6bdIwWiFAFfgtF%2FkXW%2Fmq0JFY6OQExFSwjiafSp97IxwGv6iNNhiT9X6MQziOnjaAnh9UsXCYR2VD1S791%2F7MVwT1TQ%3D%3D&amp;webInteractiveContentId=243392275167&amp;portalId=242128791\" target=\"_blank\" rel=\"noopener\"><br \/>\n<img decoding=\"async\" style=\"height: 100%;width: 100%;object-fit: fill\" src=\"https:\/\/hubspot-no-cache-na2-prod.s3.amazonaws.com\/cta\/default\/242128791\/interactive-243392275167.png\" alt=\"NETGEAR AV-L\u00d6SUNGEN\" \/><br \/>\n<\/a><\/div>\n<p><!-- IT ACADEMY --><\/p>\n<p>Alles \u00fcber IP-Netzwerke lernen \u2013 in der NETGEAR ACADEMY<\/p>\n<div class=\"hs-cta-embed hs-cta-simple-placeholder hs-cta-embed-243357267644\" style=\"max-width: 100%;max-height: 100%;width: 260px;height: 50.390625px\" data-hubspot-wrapper-cta-id=\"243357267644\"><a href=\"https:\/\/cta-na2.hubspot.com\/web-interactives\/public\/v1\/track\/redirect?encryptedPayload=AVxigLKW9uCCU9FL7iPOCpU%2BvA8Z1UfLRQT8691iSSqh%2BqLrpD%2FITlt6RGXTdhci0W5DkR0wb%2FpK%2BWToDj8Qf0HaQwR0kyzZgK35i%2BhitHvCmHPH8BmXutiugzeYtEHOY6aYTSXoNxDjJJwwtUXAzSqnxQuhx5jjnWcHl4zUp4Dt1tTG2PymP7esgNCNHKHECJ76tda5x0hFMo8JQo6UwGGb9CBw4fyYnA%3D%3D&amp;webInteractiveContentId=243357267644&amp;portalId=242128791\" target=\"_blank\" rel=\"noopener\"><br \/>\n<img decoding=\"async\" style=\"height: 100%;width: 100%;object-fit: fill\" src=\"https:\/\/hubspot-no-cache-na2-prod.s3.amazonaws.com\/cta\/default\/242128791\/interactive-243357267644.png\" alt=\"NETGEAR ACADEMY\" \/><br \/>\n<\/a><\/div>\n<p><!-- KONTAKT PRO-IT-TEAM --><\/p>\n<p>Unsere Ingenieure unterst\u00fctzen Sie kostenlos bei Ihrem Projekt<\/p>\n<div class=\"hs-cta-embed hs-cta-simple-placeholder hs-cta-embed-243357266676\" style=\"max-width: 100%;max-height: 100%;width: 270px;height: 50.390625px\" data-hubspot-wrapper-cta-id=\"243357266676\"><a href=\"https:\/\/cta-na2.hubspot.com\/web-interactives\/public\/v1\/track\/redirect?encryptedPayload=AVxigLL9MaHliYSOIHWsJvXrVuyffxSFGu%2FOD4neANfzotKQLgtjDgnA0CFJQWLPGl5hkjLPFJf7A76nk1yWw939l8y7nc4NGJ1%2Fa58epF2QbqIhW7KyV%2Fr75%2B8GCI%2FfEXyeGuic8buAEe%2F8pDQ63tT6ExQvwvvuG%2BeK5mOqM%2FlNsZUaeR4q5pghXZB3yAUIu7WWwKynlh9Y3Ug9ymAN6sNjHEzXMCgwSYmLqMh7eixTsrgTswO85eLb8rCODQ%3D%3D&amp;webInteractiveContentId=243357266676&amp;portalId=242128791\" target=\"_blank\" rel=\"noopener\"><br \/>\n<img decoding=\"async\" style=\"height: 100%;width: 100%;object-fit: fill\" src=\"https:\/\/hubspot-no-cache-na2-prod.s3.amazonaws.com\/cta\/default\/242128791\/interactive-243357266676.png\" alt=\"KONTAKT PROAV-TEAM\" \/><br \/>\n<\/a><\/div>\n<p><iframe loading=\"lazy\" src=\"https:\/\/405nrr.share-na2.hsforms.com\/25w_D-U5iS-e5KaSaP86jnQ\" width=\"100%\" height=\"1200px\"><\/iframe><\/p>\n    <\/div>\n    \n","protected":false},"excerpt":{"rendered":"","protected":false},"author":94,"featured_media":10890,"parent":6754,"menu_order":0,"comment_status":"closed","ping_status":"closed","template":"templates\/blog-wifi.php","meta":{"_acf_changed":false,"footnotes":""},"class_list":["post-10902","page","type-page","status-publish","has-post-thumbnail","hentry"],"acf":[],"yoast_head":"<!-- This site is optimized with the Yoast SEO plugin v27.4 - https:\/\/yoast.com\/product\/yoast-seo-wordpress\/ -->\n<title>Die entscheidende Rolle von Netzwerktechnologie im modernen Medien-Broadcasting - NETGEAR Hub<\/title>\n<meta name=\"robots\" content=\"index, follow, max-snippet:-1, max-image-preview:large, max-video-preview:-1\" \/>\n<link rel=\"canonical\" href=\"https:\/\/dehub.netgear.com\/de\/hub\/business\/av\/networking-modern-media-broadcasting\/\" \/>\n<meta property=\"og:locale\" content=\"de_DE\" \/>\n<meta property=\"og:type\" content=\"article\" \/>\n<meta property=\"og:title\" content=\"Die entscheidende Rolle von Netzwerktechnologie im modernen Medien-Broadcasting - NETGEAR Hub\" \/>\n<meta property=\"og:url\" content=\"https:\/\/dehub.netgear.com\/de\/hub\/business\/av\/networking-modern-media-broadcasting\/\" \/>\n<meta property=\"og:site_name\" content=\"NETGEAR Hub\" \/>\n<meta property=\"article:publisher\" content=\"https:\/\/www.facebook.com\/NetgearAU\/\" \/>\n<meta property=\"article:modified_time\" content=\"2025-10-14T10:50:10+00:00\" \/>\n<meta property=\"og:image\" content=\"https:\/\/dehub.netgear.com\/de\/hub\/wp-content\/uploads\/2025\/10\/Screenshot-2025-09-24-at-21.10.53-383x288-1.png\" \/>\n\t<meta property=\"og:image:width\" content=\"383\" \/>\n\t<meta property=\"og:image:height\" content=\"288\" \/>\n\t<meta property=\"og:image:type\" content=\"image\/png\" \/>\n<meta name=\"twitter:card\" content=\"summary_large_image\" \/>\n<meta name=\"twitter:site\" content=\"@NETGEAR\" \/>\n<script type=\"application\/ld+json\" class=\"yoast-schema-graph\">{\"@context\":\"https:\\\/\\\/schema.org\",\"@graph\":[{\"@type\":\"WebPage\",\"@id\":\"https:\\\/\\\/dehub.netgear.com\\\/de\\\/hub\\\/business\\\/av\\\/networking-modern-media-broadcasting\\\/\",\"url\":\"https:\\\/\\\/dehub.netgear.com\\\/de\\\/hub\\\/business\\\/av\\\/networking-modern-media-broadcasting\\\/\",\"name\":\"Die entscheidende Rolle von Netzwerktechnologie im modernen Medien-Broadcasting - NETGEAR Hub\",\"isPartOf\":{\"@id\":\"https:\\\/\\\/dehub.netgear.com\\\/de\\\/hub\\\/#website\"},\"primaryImageOfPage\":{\"@id\":\"https:\\\/\\\/dehub.netgear.com\\\/de\\\/hub\\\/business\\\/av\\\/networking-modern-media-broadcasting\\\/#primaryimage\"},\"image\":{\"@id\":\"https:\\\/\\\/dehub.netgear.com\\\/de\\\/hub\\\/business\\\/av\\\/networking-modern-media-broadcasting\\\/#primaryimage\"},\"thumbnailUrl\":\"https:\\\/\\\/dehub.netgear.com\\\/de\\\/hub\\\/wp-content\\\/uploads\\\/2025\\\/10\\\/Screenshot-2025-09-24-at-21.10.53-383x288-1.png\",\"datePublished\":\"2025-10-14T10:47:36+00:00\",\"dateModified\":\"2025-10-14T10:50:10+00:00\",\"breadcrumb\":{\"@id\":\"https:\\\/\\\/dehub.netgear.com\\\/de\\\/hub\\\/business\\\/av\\\/networking-modern-media-broadcasting\\\/#breadcrumb\"},\"inLanguage\":\"de\",\"potentialAction\":[{\"@type\":\"ReadAction\",\"target\":[\"https:\\\/\\\/dehub.netgear.com\\\/de\\\/hub\\\/business\\\/av\\\/networking-modern-media-broadcasting\\\/\"]}]},{\"@type\":\"ImageObject\",\"inLanguage\":\"de\",\"@id\":\"https:\\\/\\\/dehub.netgear.com\\\/de\\\/hub\\\/business\\\/av\\\/networking-modern-media-broadcasting\\\/#primaryimage\",\"url\":\"https:\\\/\\\/dehub.netgear.com\\\/de\\\/hub\\\/wp-content\\\/uploads\\\/2025\\\/10\\\/Screenshot-2025-09-24-at-21.10.53-383x288-1.png\",\"contentUrl\":\"https:\\\/\\\/dehub.netgear.com\\\/de\\\/hub\\\/wp-content\\\/uploads\\\/2025\\\/10\\\/Screenshot-2025-09-24-at-21.10.53-383x288-1.png\",\"width\":383,\"height\":288},{\"@type\":\"BreadcrumbList\",\"@id\":\"https:\\\/\\\/dehub.netgear.com\\\/de\\\/hub\\\/business\\\/av\\\/networking-modern-media-broadcasting\\\/#breadcrumb\",\"itemListElement\":[{\"@type\":\"ListItem\",\"position\":1,\"name\":\"Home\",\"item\":\"https:\\\/\\\/dehub.netgear.com\\\/de\\\/hub\\\/\"},{\"@type\":\"ListItem\",\"position\":2,\"name\":\"Business Articles Hub\",\"item\":\"https:\\\/\\\/dehub.netgear.com\\\/de\\\/hub\\\/business\\\/\"},{\"@type\":\"ListItem\",\"position\":3,\"name\":\"Business AV\",\"item\":\"https:\\\/\\\/dehub.netgear.com\\\/de\\\/hub\\\/business\\\/av\\\/\"},{\"@type\":\"ListItem\",\"position\":4,\"name\":\"Die entscheidende Rolle von Netzwerktechnologie im modernen Medien-Broadcasting\"}]},{\"@type\":\"WebSite\",\"@id\":\"https:\\\/\\\/dehub.netgear.com\\\/de\\\/hub\\\/#website\",\"url\":\"https:\\\/\\\/dehub.netgear.com\\\/de\\\/hub\\\/\",\"name\":\"NETGEAR\",\"description\":\"Erkunden Sie unsere Hub-Seiten und st\u00f6bern Sie in Artikeln, um mehr \u00fcber NETGEAR Produkte und Technologien zu erfahren.\",\"publisher\":{\"@id\":\"https:\\\/\\\/dehub.netgear.com\\\/de\\\/hub\\\/#organization\"},\"potentialAction\":[{\"@type\":\"SearchAction\",\"target\":{\"@type\":\"EntryPoint\",\"urlTemplate\":\"https:\\\/\\\/dehub.netgear.com\\\/de\\\/hub\\\/?s={search_term_string}\"},\"query-input\":{\"@type\":\"PropertyValueSpecification\",\"valueRequired\":true,\"valueName\":\"search_term_string\"}}],\"inLanguage\":\"de\"},{\"@type\":\"Organization\",\"@id\":\"https:\\\/\\\/dehub.netgear.com\\\/de\\\/hub\\\/#organization\",\"name\":\"NETGEAR\",\"url\":\"https:\\\/\\\/dehub.netgear.com\\\/de\\\/hub\\\/\",\"logo\":{\"@type\":\"ImageObject\",\"inLanguage\":\"de\",\"@id\":\"https:\\\/\\\/dehub.netgear.com\\\/de\\\/hub\\\/#\\\/schema\\\/logo\\\/image\\\/\",\"url\":\"https:\\\/\\\/www.dehub.netgear.com\\\/de\\\/hub\\\/wp-content\\\/uploads\\\/2019\\\/07\\\/NETGEAR_logo.jpg\",\"contentUrl\":\"https:\\\/\\\/www.dehub.netgear.com\\\/de\\\/hub\\\/wp-content\\\/uploads\\\/2019\\\/07\\\/NETGEAR_logo.jpg\",\"width\":1500,\"height\":501,\"caption\":\"NETGEAR\"},\"image\":{\"@id\":\"https:\\\/\\\/dehub.netgear.com\\\/de\\\/hub\\\/#\\\/schema\\\/logo\\\/image\\\/\"},\"sameAs\":[\"https:\\\/\\\/www.facebook.com\\\/NetgearAU\\\/\",\"https:\\\/\\\/x.com\\\/NETGEAR\",\"https:\\\/\\\/www.linkedin.com\\\/company\\\/netgear\"]}]}<\/script>\n<!-- \/ Yoast SEO plugin. -->","yoast_head_json":{"title":"Die entscheidende Rolle von Netzwerktechnologie im modernen Medien-Broadcasting - NETGEAR Hub","robots":{"index":"index","follow":"follow","max-snippet":"max-snippet:-1","max-image-preview":"max-image-preview:large","max-video-preview":"max-video-preview:-1"},"canonical":"https:\/\/dehub.netgear.com\/de\/hub\/business\/av\/networking-modern-media-broadcasting\/","og_locale":"de_DE","og_type":"article","og_title":"Die entscheidende Rolle von Netzwerktechnologie im modernen Medien-Broadcasting - NETGEAR Hub","og_url":"https:\/\/dehub.netgear.com\/de\/hub\/business\/av\/networking-modern-media-broadcasting\/","og_site_name":"NETGEAR Hub","article_publisher":"https:\/\/www.facebook.com\/NetgearAU\/","article_modified_time":"2025-10-14T10:50:10+00:00","og_image":[{"width":383,"height":288,"url":"https:\/\/dehub.netgear.com\/de\/hub\/wp-content\/uploads\/2025\/10\/Screenshot-2025-09-24-at-21.10.53-383x288-1.png","type":"image\/png"}],"twitter_card":"summary_large_image","twitter_site":"@NETGEAR","schema":{"@context":"https:\/\/schema.org","@graph":[{"@type":"WebPage","@id":"https:\/\/dehub.netgear.com\/de\/hub\/business\/av\/networking-modern-media-broadcasting\/","url":"https:\/\/dehub.netgear.com\/de\/hub\/business\/av\/networking-modern-media-broadcasting\/","name":"Die entscheidende Rolle von Netzwerktechnologie im modernen Medien-Broadcasting - NETGEAR Hub","isPartOf":{"@id":"https:\/\/dehub.netgear.com\/de\/hub\/#website"},"primaryImageOfPage":{"@id":"https:\/\/dehub.netgear.com\/de\/hub\/business\/av\/networking-modern-media-broadcasting\/#primaryimage"},"image":{"@id":"https:\/\/dehub.netgear.com\/de\/hub\/business\/av\/networking-modern-media-broadcasting\/#primaryimage"},"thumbnailUrl":"https:\/\/dehub.netgear.com\/de\/hub\/wp-content\/uploads\/2025\/10\/Screenshot-2025-09-24-at-21.10.53-383x288-1.png","datePublished":"2025-10-14T10:47:36+00:00","dateModified":"2025-10-14T10:50:10+00:00","breadcrumb":{"@id":"https:\/\/dehub.netgear.com\/de\/hub\/business\/av\/networking-modern-media-broadcasting\/#breadcrumb"},"inLanguage":"de","potentialAction":[{"@type":"ReadAction","target":["https:\/\/dehub.netgear.com\/de\/hub\/business\/av\/networking-modern-media-broadcasting\/"]}]},{"@type":"ImageObject","inLanguage":"de","@id":"https:\/\/dehub.netgear.com\/de\/hub\/business\/av\/networking-modern-media-broadcasting\/#primaryimage","url":"https:\/\/dehub.netgear.com\/de\/hub\/wp-content\/uploads\/2025\/10\/Screenshot-2025-09-24-at-21.10.53-383x288-1.png","contentUrl":"https:\/\/dehub.netgear.com\/de\/hub\/wp-content\/uploads\/2025\/10\/Screenshot-2025-09-24-at-21.10.53-383x288-1.png","width":383,"height":288},{"@type":"BreadcrumbList","@id":"https:\/\/dehub.netgear.com\/de\/hub\/business\/av\/networking-modern-media-broadcasting\/#breadcrumb","itemListElement":[{"@type":"ListItem","position":1,"name":"Home","item":"https:\/\/dehub.netgear.com\/de\/hub\/"},{"@type":"ListItem","position":2,"name":"Business Articles Hub","item":"https:\/\/dehub.netgear.com\/de\/hub\/business\/"},{"@type":"ListItem","position":3,"name":"Business AV","item":"https:\/\/dehub.netgear.com\/de\/hub\/business\/av\/"},{"@type":"ListItem","position":4,"name":"Die entscheidende Rolle von Netzwerktechnologie im modernen Medien-Broadcasting"}]},{"@type":"WebSite","@id":"https:\/\/dehub.netgear.com\/de\/hub\/#website","url":"https:\/\/dehub.netgear.com\/de\/hub\/","name":"NETGEAR","description":"Erkunden Sie unsere Hub-Seiten und st\u00f6bern Sie in Artikeln, um mehr \u00fcber NETGEAR Produkte und Technologien zu erfahren.","publisher":{"@id":"https:\/\/dehub.netgear.com\/de\/hub\/#organization"},"potentialAction":[{"@type":"SearchAction","target":{"@type":"EntryPoint","urlTemplate":"https:\/\/dehub.netgear.com\/de\/hub\/?s={search_term_string}"},"query-input":{"@type":"PropertyValueSpecification","valueRequired":true,"valueName":"search_term_string"}}],"inLanguage":"de"},{"@type":"Organization","@id":"https:\/\/dehub.netgear.com\/de\/hub\/#organization","name":"NETGEAR","url":"https:\/\/dehub.netgear.com\/de\/hub\/","logo":{"@type":"ImageObject","inLanguage":"de","@id":"https:\/\/dehub.netgear.com\/de\/hub\/#\/schema\/logo\/image\/","url":"https:\/\/www.dehub.netgear.com\/de\/hub\/wp-content\/uploads\/2019\/07\/NETGEAR_logo.jpg","contentUrl":"https:\/\/www.dehub.netgear.com\/de\/hub\/wp-content\/uploads\/2019\/07\/NETGEAR_logo.jpg","width":1500,"height":501,"caption":"NETGEAR"},"image":{"@id":"https:\/\/dehub.netgear.com\/de\/hub\/#\/schema\/logo\/image\/"},"sameAs":["https:\/\/www.facebook.com\/NetgearAU\/","https:\/\/x.com\/NETGEAR","https:\/\/www.linkedin.com\/company\/netgear"]}]}},"_links":{"self":[{"href":"https:\/\/dehub.netgear.com\/de\/hub\/wp-json\/wp\/v2\/pages\/10902","targetHints":{"allow":["GET"]}}],"collection":[{"href":"https:\/\/dehub.netgear.com\/de\/hub\/wp-json\/wp\/v2\/pages"}],"about":[{"href":"https:\/\/dehub.netgear.com\/de\/hub\/wp-json\/wp\/v2\/types\/page"}],"author":[{"embeddable":true,"href":"https:\/\/dehub.netgear.com\/de\/hub\/wp-json\/wp\/v2\/users\/94"}],"replies":[{"embeddable":true,"href":"https:\/\/dehub.netgear.com\/de\/hub\/wp-json\/wp\/v2\/comments?post=10902"}],"version-history":[{"count":2,"href":"https:\/\/dehub.netgear.com\/de\/hub\/wp-json\/wp\/v2\/pages\/10902\/revisions"}],"predecessor-version":[{"id":10904,"href":"https:\/\/dehub.netgear.com\/de\/hub\/wp-json\/wp\/v2\/pages\/10902\/revisions\/10904"}],"up":[{"embeddable":true,"href":"https:\/\/dehub.netgear.com\/de\/hub\/wp-json\/wp\/v2\/pages\/6754"}],"wp:featuredmedia":[{"embeddable":true,"href":"https:\/\/dehub.netgear.com\/de\/hub\/wp-json\/wp\/v2\/media\/10890"}],"wp:attachment":[{"href":"https:\/\/dehub.netgear.com\/de\/hub\/wp-json\/wp\/v2\/media?parent=10902"}],"curies":[{"name":"wp","href":"https:\/\/api.w.org\/{rel}","templated":true}]}}