{"id":10897,"date":"2025-09-25T12:38:09","date_gmt":"2025-10-14T10:38:45","guid":{"rendered":"https:\/\/dehub.netgear.com\/de\/hub\/?page_id=10897"},"modified":"2025-10-14T12:43:00","modified_gmt":"2025-10-14T10:43:00","slug":"how-netgear-is-revolutionizing-av-over-ip-with-robust-support","status":"publish","type":"page","link":"https:\/\/dehub.netgear.com\/de\/hub\/business\/av\/how-netgear-is-revolutionizing-av-over-ip-with-robust-support\/","title":{"rendered":"Wie NETGEAR AV over IP mit starkem Support revolutioniert"},"content":{"rendered":"<p><img loading=\"lazy\" decoding=\"async\" class=\"alignone size-full wp-image-10681\" style=\"border-radius: 1em;\" src=\"https:\/\/www.netgear.com\/hub\/wp-content\/uploads\/2025\/09\/Screenshot-2025-09-25-at-10.46.42.png\" alt=\"\" width=\"1048\" height=\"511\" \/><\/p>\n    <div class=\"table-of-content bg-gray\">\n        <p><strong>IN THIS ARTICLE<\/strong><\/p>\n        <ul>\n                        <li><a href=\"#topic1\">Die wachsende Bedeutung von AV over IP in der modernen Medienwelt<\/a><\/li>\n                        <li><a href=\"#topic2\">Herausforderungen f\u00fcr Integratoren und Techniker<\/a><\/li>\n                        <li><a href=\"#topic3\">Umfassende Design-Services von NETGEAR f\u00fcr eine nahtlose Integration<\/a><\/li>\n                        <li><a href=\"#topic4\">Zuverl\u00e4ssiger Support: Vor- und Nachverkaufsunterst\u00fctzung<\/a><\/li>\n                        <li><a href=\"#topic5\">Kompatibilit\u00e4tstests: F\u00fcr vorhersehbare und stabile Ergebnisse<\/a><\/li>\n                        <li><a href=\"#topic6\">Zukunftstrends: IP als Schl\u00fcssel f\u00fcr ein nachhaltiges Medien-\u00d6kosystem<\/a><\/li>\n                        <li><a href=\"#topic7\">Fazit<\/a><\/li>\n                        <li><a href=\"#topic8\">Mehr Informationen<\/a><\/li>\n                    <\/ul>\n    <\/div>\n        <div id=\"topic1\" class=\"skip-item\">\n                        <h2>Die wachsende Bedeutung von AV over IP in der modernen Medienwelt<\/h2>\n                <p data-start=\"142\" data-end=\"677\">In der sich rasant entwickelnden Medienlandschaft ist der Wandel hin zu AV over IP (Audio-Visual \u00fcber Internetprotokoll) nicht nur ein Trend, sondern eine Notwendigkeit. W\u00e4hrend Medienunternehmen versuchen, mit dem technologischen Fortschritt Schritt zu halten, bietet die Integration von AV over IP eine bisher unerreichte Flexibilit\u00e4t und Skalierbarkeit. Dieser \u00dcbergang erm\u00f6glicht eine effizientere Verwaltung von Audio- und Videodaten und sorgt f\u00fcr nahtlose Kommunikation und Inhaltsverteilung \u00fcber verschiedene Plattformen hinweg.<\/p>\n<p data-start=\"679\" data-end=\"1233\">Die Bedeutung von AV over IP zeigt sich in der breiten Akzeptanz von Cloud-Technologien in der Branche. <strong data-start=\"783\" data-end=\"846\">91\u202f% der Medienunternehmen nutzen inzwischen Cloud-L\u00f6sungen<\/strong> \u2013 die Abh\u00e4ngigkeit von IP-basierten Systemen ist offensichtlich. Cloud Computing, das letztlich auf fremden Rechnern stattfindet, erfordert eine stabile und belastbare IP-Infrastruktur, um einen reibungslosen und zuverl\u00e4ssigen Datentransfer zu gew\u00e4hrleisten. Dieser Wandel erfolgt nicht \u00fcber Nacht, sondern ist ein schrittweiser Prozess, der sorgf\u00e4ltige Planung und Umsetzung erfordert.<\/p>\n<div id=\"topic2\" class=\"skip-item\">\n<div class=\"video\" style=\"text-align: center\"><iframe loading=\"lazy\" src=\"https:\/\/242128791.fs1.hubspotusercontent-na2.net\/hubfs\/242128791\/stuart-ray-iabm-tv-interviews-richard-jonker.mp4\" width=\"853\" height=\"505\" frameborder=\"0\" allowfullscreen=\"allowfullscreen\">&lt;span<br \/>\ndata-mce-type=&#8220;bookmark&#8220; style=&#8220;display: inline-block; width: 0px;<br \/>\noverflow: hidden; line-height: 0;&#8220;<br \/>\nclass=&#8220;mce_SELRES_start&#8220;&gt;\ufeff&lt;\/span&gt;&lt;span<br \/>\ndata-mce-type=&#8220;bookmark&#8220; style=&#8220;display: inline-block; width: 0px;<br \/>\noverflow: hidden; line-height: 0;&#8220;<br \/>\nclass=&#8220;mce_SELRES_start&#8220;&gt;\ufeff&lt;\/span&gt;&lt;span<br \/>\ndata-mce-type=&#8220;bookmark&#8220; style=&#8220;display: inline-block; width: 0px;<br \/>\noverflow: hidden; line-height: 0;&#8220;<br \/>\nclass=&#8220;mce_SELRES_start&#8220;&gt;\ufeff&lt;\/span&gt;<\/iframe><\/div>\n<\/div>\n<blockquote data-start=\"1235\" data-end=\"1303\">\n<p data-start=\"1237\" data-end=\"1303\"><em data-start=\"1237\" data-end=\"1303\">Stuart Ray (IABM TV) interviewt Richard Jonker auf der IBC 2025.<\/em><\/p>\n<\/blockquote>\n    <\/div>\n        <div id=\"topic2\" class=\"skip-item\">\n                        <h2>Herausforderungen f\u00fcr Integratoren und Techniker<\/h2>\n                <p data-start=\"1368\" data-end=\"1752\">So klar die Vorteile von AV over IP auch sind \u2013 der \u00dcbergang bringt zahlreiche Herausforderungen mit sich, insbesondere f\u00fcr Integratoren und firmeninterne Techniker. Eine zentrale H\u00fcrde ist die <strong data-start=\"1562\" data-end=\"1616\">notwendige Doppelkompetenz in AV- und IT-Bereichen<\/strong>. Traditionell waren AV und IT zwei getrennte Welten, doch ihr Zusammenwachsen erfordert ein umfassendes Verst\u00e4ndnis beider Disziplinen.<\/p>\n<p data-start=\"1754\" data-end=\"2281\">Integratoren m\u00fcssen komplexe technische Anforderungen meistern \u2013 von Netzwerkdesign \u00fcber Ger\u00e4tekompatibilit\u00e4t bis hin zur Datensicherheit. Die Implementierung von AV over IP ist mit anspruchsvollen Konfigurationen und akribischer Planung verbunden, um eine optimale Performance zu erzielen. <strong data-start=\"2045\" data-end=\"2069\">Budgetbeschr\u00e4nkungen<\/strong> erschweren den Prozess zus\u00e4tzlich und erfordern eine schrittweise Umsetzung. Zudem gewinnen <strong data-start=\"2162\" data-end=\"2196\">Zero-Trust-Sicherheitskonzepte<\/strong> und die Einhaltung von Datenschutz- und Datenhoheitsvorgaben zunehmend an Bedeutung.<\/p>\n    <\/div>\n        <div id=\"topic3\" class=\"skip-item\">\n                        <h2>Umfassende Design-Services von NETGEAR f\u00fcr eine nahtlose Integration<\/h2>\n                <p data-start=\"2366\" data-end=\"2796\">NETGEAR erkennt diese Herausforderungen und hat sich als f\u00fchrender Anbieter bei der Umsetzung von AV over IP positioniert. Mit <strong data-start=\"2493\" data-end=\"2524\">umfassenden Design-Services<\/strong> unterst\u00fctzt NETGEAR Integratoren und Techniker dabei, technische H\u00fcrden bei der Einf\u00fchrung zu \u00fcberwinden. Diese Services umfassen die Planung des Netzwerks, die Konfiguration von Ger\u00e4ten und die Optimierung des Gesamtsystems \u2013 f\u00fcr eine nahtlose, reibungslose Integration.<\/p>\n<p data-start=\"2798\" data-end=\"3158\">NETGEARs Leistungen enden nicht mit dem Verkauf \u2013 das Unternehmen begleitet seine Kunden \u00fcber den gesamten Lebenszyklus eines Projekts. Dank detaillierter Netzwerkpl\u00e4ne, die auf die individuellen Anforderungen abgestimmt sind, wird sichergestellt, dass alle Komponenten harmonisch zusammenarbeiten \u2013 <strong data-start=\"3098\" data-end=\"3157\">f\u00fcr ein zuverl\u00e4ssiges und effizientes AV over IP-System<\/strong>.<\/p>\n    <\/div>\n        <div id=\"topic4\" class=\"skip-item\">\n                        <h2>Zuverl\u00e4ssiger Support: Vor- und Nachverkaufsunterst\u00fctzung<\/h2>\n                <p data-start=\"3232\" data-end=\"3473\">Support ist ein Grundpfeiler von NETGEARs AV-over-IP-Strategie. Das Unternehmen investiert gleicherma\u00dfen in <strong data-start=\"3340\" data-end=\"3384\">technische Entwicklung und Kundensupport<\/strong>, weil zuverl\u00e4ssige Unterst\u00fctzung entscheidend f\u00fcr eine erfolgreiche Implementierung ist.<\/p>\n<p data-start=\"3475\" data-end=\"3552\">Die Support-Leistungen gliedern sich in <strong data-start=\"3515\" data-end=\"3551\">Pre-Sales- und Post-Sales-Phasen<\/strong>:<\/p>\n<ul data-start=\"3553\" data-end=\"3688\">\n<li data-start=\"3553\" data-end=\"3625\">\n<p data-start=\"3555\" data-end=\"3625\"><strong data-start=\"3555\" data-end=\"3571\">Vor dem Kauf<\/strong> unterst\u00fctzt NETGEAR mit Beratung und Produktauswahl,<\/p>\n<\/li>\n<li data-start=\"3626\" data-end=\"3688\">\n<p data-start=\"3628\" data-end=\"3688\"><strong data-start=\"3628\" data-end=\"3645\">nach dem Kauf<\/strong> mit Fehlerbehebung, Wartung und Updates.<\/p>\n<\/li>\n<\/ul>\n<p data-start=\"3690\" data-end=\"3832\">Dieses umfassende Support-Konzept gibt Integratoren und Technikern die Sicherheit, mit einem verl\u00e4sslichen Partner an ihrer Seite zu arbeiten.<\/p>\n    <\/div>\n        <div id=\"topic5\" class=\"skip-item\">\n                        <h2>Kompatibilit\u00e4tstests: F\u00fcr vorhersehbare und stabile Ergebnisse<\/h2>\n                <p data-start=\"3911\" data-end=\"4141\">Ein Alleinstellungsmerkmal von NETGEAR ist das konsequente Engagement f\u00fcr <strong data-start=\"3985\" data-end=\"4020\">Produkttests und Kompatibilit\u00e4t<\/strong>. In den letzten f\u00fcnf Jahren hat NETGEAR seine Ger\u00e4te mit <strong data-start=\"4078\" data-end=\"4138\">nahezu 500 Produkten verschiedenster Hersteller getestet<\/strong>.<\/p>\n<p data-start=\"4143\" data-end=\"4320\">Diese umfangreiche Testreihe stellt sicher, dass verschiedenste Ger\u00e4te und Setups reibungslos miteinander funktionieren \u2013 selbst in komplexen, heterogenen AV over IP-Umgebungen.<\/p>\n<p data-start=\"4322\" data-end=\"4621\">Die Folge: <strong data-start=\"4333\" data-end=\"4378\">verl\u00e4ssliche und vorhersehbare Ergebnisse<\/strong> \u2013 ein entscheidender Faktor f\u00fcr Medienunternehmen, die auf unterbrechungsfreie AV-\u00dcbertragung angewiesen sind. Durch die garantierte Kompatibilit\u00e4t reduziert NETGEAR Risiken beim Einsatz von Komponenten unterschiedlicher Hersteller erheblich.<\/p>\n    <\/div>\n        <div id=\"topic6\" class=\"skip-item\">\n                        <h2>Zukunftstrends: IP als Schl\u00fcssel f\u00fcr ein nachhaltiges Medien-\u00d6kosystem<\/h2>\n                <p data-start=\"4708\" data-end=\"5074\">Der Blick in die Zukunft zeigt: Die Medienwelt ist untrennbar mit IP-Technologien verbunden. Der \u00dcbergang zu AV over IP wird weiter voranschreiten \u2013 angetrieben durch die zunehmende Nutzung von Cloud-Plattformen und den Bedarf an flexiblen, skalierbaren L\u00f6sungen. Um wettbewerbsf\u00e4hig und nachhaltig zu bleiben, m\u00fcssen Medienunternehmen diesen Wandel aktiv gestalten.<\/p>\n<p data-start=\"5076\" data-end=\"5470\">NETGEAR spielt dabei eine zentrale Rolle: Mit <strong data-start=\"5122\" data-end=\"5201\">innovativen L\u00f6sungen, verl\u00e4sslichem Support und umfassenden Design-Services<\/strong> ist NETGEAR nicht nur Wegbereiter \u2013 sondern ein echter <strong data-start=\"5257\" data-end=\"5273\">Revolution\u00e4r<\/strong> im Bereich AV over IP. Als Partner hilft NETGEAR Medienunternehmen, den Wandel erfolgreich zu meistern \u2013 mit technischem Know-how, praktischer Unterst\u00fctzung und einem klaren Fokus auf die Zukunft.<\/p>\n    <\/div>\n        <div id=\"topic7\" class=\"skip-item\">\n                        <h2>Fazit<\/h2>\n                <p>Die Transformation der AV-Welt durch IP-Technologie ist ein langfristiger Prozess, der <strong data-start=\"5579\" data-end=\"5628\">Expertise, Unterst\u00fctzung und Innovationskraft<\/strong> erfordert. Mit seinem klaren Bekenntnis zu diesen Prinzipien positioniert sich <strong data-start=\"5708\" data-end=\"5742\">NETGEAR als f\u00fchrender Anbieter<\/strong> \u2013 und als verl\u00e4sslicher Partner f\u00fcr Integratoren und Techniker, die den Schritt in die Zukunft der Medienwelt wagen.<\/p>\n    <\/div>\n        <div id=\"topic8\" class=\"skip-item\">\n                        <h2>Mehr Informationen<\/h2>\n                <p><!-- IT NETGEAR BUSINESS-L\u00d6SUNGEN--><\/p>\n<p>Mehr \u00fcber unsere Business-Produkte erfahren<\/p>\n<div class=\"hs-cta-embed hs-cta-simple-placeholder hs-cta-embed-243392275167\" style=\"max-width: 100%;max-height: 100%;width: 260px;height: 50.390625px\" data-hubspot-wrapper-cta-id=\"243392275167\"><a href=\"https:\/\/cta-na2.hubspot.com\/web-interactives\/public\/v1\/track\/redirect?encryptedPayload=AVxigLI%2Fu8J7nFnep8w0CfLqqlWixXySh0cANLn7TQ3MtLEGeFdfhQxw3AVxVzYlZOkZoVB4gdslqY4il1pZTz7RSKy0mNw%2BF1Y6bdIwWiFAFfgtF%2FkXW%2Fmq0JFY6OQExFSwjiafSp97IxwGv6iNNhiT9X6MQziOnjaAnh9UsXCYR2VD1S791%2F7MVwT1TQ%3D%3D&amp;webInteractiveContentId=243392275167&amp;portalId=242128791\" target=\"_blank\" rel=\"noopener\"><br \/>\n<img decoding=\"async\" style=\"height: 100%;width: 100%;object-fit: fill\" src=\"https:\/\/hubspot-no-cache-na2-prod.s3.amazonaws.com\/cta\/default\/242128791\/interactive-243392275167.png\" alt=\"NETGEAR AV-L\u00d6SUNGEN\" \/><br \/>\n<\/a><\/div>\n<p><!-- IT ACADEMY --><\/p>\n<p>Alles \u00fcber IP-Netzwerke lernen \u2013 in der NETGEAR ACADEMY<\/p>\n<div class=\"hs-cta-embed hs-cta-simple-placeholder hs-cta-embed-243357267644\" style=\"max-width: 100%;max-height: 100%;width: 260px;height: 50.390625px\" data-hubspot-wrapper-cta-id=\"243357267644\"><a href=\"https:\/\/cta-na2.hubspot.com\/web-interactives\/public\/v1\/track\/redirect?encryptedPayload=AVxigLKW9uCCU9FL7iPOCpU%2BvA8Z1UfLRQT8691iSSqh%2BqLrpD%2FITlt6RGXTdhci0W5DkR0wb%2FpK%2BWToDj8Qf0HaQwR0kyzZgK35i%2BhitHvCmHPH8BmXutiugzeYtEHOY6aYTSXoNxDjJJwwtUXAzSqnxQuhx5jjnWcHl4zUp4Dt1tTG2PymP7esgNCNHKHECJ76tda5x0hFMo8JQo6UwGGb9CBw4fyYnA%3D%3D&amp;webInteractiveContentId=243357267644&amp;portalId=242128791\" target=\"_blank\" rel=\"noopener\"><br \/>\n<img decoding=\"async\" style=\"height: 100%;width: 100%;object-fit: fill\" src=\"https:\/\/hubspot-no-cache-na2-prod.s3.amazonaws.com\/cta\/default\/242128791\/interactive-243357267644.png\" alt=\"NETGEAR ACADEMY\" \/><br \/>\n<\/a><\/div>\n<p><!-- KONTAKT PRO-IT-TEAM --><\/p>\n<p>Unsere Ingenieure unterst\u00fctzen Sie kostenlos bei Ihrem Projekt<\/p>\n<div class=\"hs-cta-embed hs-cta-simple-placeholder hs-cta-embed-243357266676\" style=\"max-width: 100%;max-height: 100%;width: 270px;height: 50.390625px\" data-hubspot-wrapper-cta-id=\"243357266676\"><a href=\"https:\/\/cta-na2.hubspot.com\/web-interactives\/public\/v1\/track\/redirect?encryptedPayload=AVxigLL9MaHliYSOIHWsJvXrVuyffxSFGu%2FOD4neANfzotKQLgtjDgnA0CFJQWLPGl5hkjLPFJf7A76nk1yWw939l8y7nc4NGJ1%2Fa58epF2QbqIhW7KyV%2Fr75%2B8GCI%2FfEXyeGuic8buAEe%2F8pDQ63tT6ExQvwvvuG%2BeK5mOqM%2FlNsZUaeR4q5pghXZB3yAUIu7WWwKynlh9Y3Ug9ymAN6sNjHEzXMCgwSYmLqMh7eixTsrgTswO85eLb8rCODQ%3D%3D&amp;webInteractiveContentId=243357266676&amp;portalId=242128791\" target=\"_blank\" rel=\"noopener\"><br \/>\n<img decoding=\"async\" style=\"height: 100%;width: 100%;object-fit: fill\" src=\"https:\/\/hubspot-no-cache-na2-prod.s3.amazonaws.com\/cta\/default\/242128791\/interactive-243357266676.png\" alt=\"KONTAKT PROAV-TEAM\" \/><br \/>\n<\/a><\/div>\n<p><iframe loading=\"lazy\" src=\"https:\/\/405nrr.share-na2.hsforms.com\/25w_D-U5iS-e5KaSaP86jnQ\" width=\"100%\" height=\"1200px\"><\/iframe><\/p>\n    <\/div>\n    \n","protected":false},"excerpt":{"rendered":"","protected":false},"author":94,"featured_media":10889,"parent":6754,"menu_order":0,"comment_status":"closed","ping_status":"closed","template":"templates\/blog-wifi.php","meta":{"_acf_changed":false,"footnotes":""},"class_list":["post-10897","page","type-page","status-publish","has-post-thumbnail","hentry"],"acf":[],"yoast_head":"<!-- This site is optimized with the Yoast SEO plugin v27.4 - https:\/\/yoast.com\/product\/yoast-seo-wordpress\/ -->\n<title>Wie NETGEAR AV over IP mit starkem Support revolutioniert - NETGEAR Hub<\/title>\n<meta name=\"robots\" content=\"index, follow, max-snippet:-1, max-image-preview:large, max-video-preview:-1\" \/>\n<link rel=\"canonical\" href=\"https:\/\/dehub.netgear.com\/de\/hub\/business\/av\/how-netgear-is-revolutionizing-av-over-ip-with-robust-support\/\" \/>\n<meta property=\"og:locale\" content=\"de_DE\" \/>\n<meta property=\"og:type\" content=\"article\" \/>\n<meta property=\"og:title\" content=\"Wie NETGEAR AV over IP mit starkem Support revolutioniert - NETGEAR Hub\" \/>\n<meta property=\"og:url\" content=\"https:\/\/dehub.netgear.com\/de\/hub\/business\/av\/how-netgear-is-revolutionizing-av-over-ip-with-robust-support\/\" \/>\n<meta property=\"og:site_name\" content=\"NETGEAR Hub\" \/>\n<meta property=\"article:publisher\" content=\"https:\/\/www.facebook.com\/NetgearAU\/\" \/>\n<meta property=\"article:modified_time\" content=\"2025-10-14T10:43:00+00:00\" \/>\n<meta property=\"og:image\" content=\"https:\/\/dehub.netgear.com\/de\/hub\/wp-content\/uploads\/2025\/10\/Screenshot-2025-09-25-at-12.46.37-383x288-1.png\" \/>\n\t<meta property=\"og:image:width\" content=\"383\" \/>\n\t<meta property=\"og:image:height\" content=\"288\" \/>\n\t<meta property=\"og:image:type\" content=\"image\/png\" \/>\n<meta name=\"twitter:card\" content=\"summary_large_image\" \/>\n<meta name=\"twitter:site\" content=\"@NETGEAR\" \/>\n<script type=\"application\/ld+json\" class=\"yoast-schema-graph\">{\"@context\":\"https:\\\/\\\/schema.org\",\"@graph\":[{\"@type\":\"WebPage\",\"@id\":\"https:\\\/\\\/dehub.netgear.com\\\/de\\\/hub\\\/business\\\/av\\\/how-netgear-is-revolutionizing-av-over-ip-with-robust-support\\\/\",\"url\":\"https:\\\/\\\/dehub.netgear.com\\\/de\\\/hub\\\/business\\\/av\\\/how-netgear-is-revolutionizing-av-over-ip-with-robust-support\\\/\",\"name\":\"Wie NETGEAR AV over IP mit starkem Support revolutioniert - NETGEAR Hub\",\"isPartOf\":{\"@id\":\"https:\\\/\\\/dehub.netgear.com\\\/de\\\/hub\\\/#website\"},\"primaryImageOfPage\":{\"@id\":\"https:\\\/\\\/dehub.netgear.com\\\/de\\\/hub\\\/business\\\/av\\\/how-netgear-is-revolutionizing-av-over-ip-with-robust-support\\\/#primaryimage\"},\"image\":{\"@id\":\"https:\\\/\\\/dehub.netgear.com\\\/de\\\/hub\\\/business\\\/av\\\/how-netgear-is-revolutionizing-av-over-ip-with-robust-support\\\/#primaryimage\"},\"thumbnailUrl\":\"https:\\\/\\\/dehub.netgear.com\\\/de\\\/hub\\\/wp-content\\\/uploads\\\/2025\\\/10\\\/Screenshot-2025-09-25-at-12.46.37-383x288-1.png\",\"datePublished\":\"2025-10-14T10:38:45+00:00\",\"dateModified\":\"2025-10-14T10:43:00+00:00\",\"breadcrumb\":{\"@id\":\"https:\\\/\\\/dehub.netgear.com\\\/de\\\/hub\\\/business\\\/av\\\/how-netgear-is-revolutionizing-av-over-ip-with-robust-support\\\/#breadcrumb\"},\"inLanguage\":\"de\",\"potentialAction\":[{\"@type\":\"ReadAction\",\"target\":[\"https:\\\/\\\/dehub.netgear.com\\\/de\\\/hub\\\/business\\\/av\\\/how-netgear-is-revolutionizing-av-over-ip-with-robust-support\\\/\"]}]},{\"@type\":\"ImageObject\",\"inLanguage\":\"de\",\"@id\":\"https:\\\/\\\/dehub.netgear.com\\\/de\\\/hub\\\/business\\\/av\\\/how-netgear-is-revolutionizing-av-over-ip-with-robust-support\\\/#primaryimage\",\"url\":\"https:\\\/\\\/dehub.netgear.com\\\/de\\\/hub\\\/wp-content\\\/uploads\\\/2025\\\/10\\\/Screenshot-2025-09-25-at-12.46.37-383x288-1.png\",\"contentUrl\":\"https:\\\/\\\/dehub.netgear.com\\\/de\\\/hub\\\/wp-content\\\/uploads\\\/2025\\\/10\\\/Screenshot-2025-09-25-at-12.46.37-383x288-1.png\",\"width\":383,\"height\":288},{\"@type\":\"BreadcrumbList\",\"@id\":\"https:\\\/\\\/dehub.netgear.com\\\/de\\\/hub\\\/business\\\/av\\\/how-netgear-is-revolutionizing-av-over-ip-with-robust-support\\\/#breadcrumb\",\"itemListElement\":[{\"@type\":\"ListItem\",\"position\":1,\"name\":\"Home\",\"item\":\"https:\\\/\\\/dehub.netgear.com\\\/de\\\/hub\\\/\"},{\"@type\":\"ListItem\",\"position\":2,\"name\":\"Business Articles Hub\",\"item\":\"https:\\\/\\\/dehub.netgear.com\\\/de\\\/hub\\\/business\\\/\"},{\"@type\":\"ListItem\",\"position\":3,\"name\":\"Business AV\",\"item\":\"https:\\\/\\\/dehub.netgear.com\\\/de\\\/hub\\\/business\\\/av\\\/\"},{\"@type\":\"ListItem\",\"position\":4,\"name\":\"Wie NETGEAR AV over IP mit starkem Support revolutioniert\"}]},{\"@type\":\"WebSite\",\"@id\":\"https:\\\/\\\/dehub.netgear.com\\\/de\\\/hub\\\/#website\",\"url\":\"https:\\\/\\\/dehub.netgear.com\\\/de\\\/hub\\\/\",\"name\":\"NETGEAR\",\"description\":\"Erkunden Sie unsere Hub-Seiten und st\u00f6bern Sie in Artikeln, um mehr \u00fcber NETGEAR Produkte und Technologien zu erfahren.\",\"publisher\":{\"@id\":\"https:\\\/\\\/dehub.netgear.com\\\/de\\\/hub\\\/#organization\"},\"potentialAction\":[{\"@type\":\"SearchAction\",\"target\":{\"@type\":\"EntryPoint\",\"urlTemplate\":\"https:\\\/\\\/dehub.netgear.com\\\/de\\\/hub\\\/?s={search_term_string}\"},\"query-input\":{\"@type\":\"PropertyValueSpecification\",\"valueRequired\":true,\"valueName\":\"search_term_string\"}}],\"inLanguage\":\"de\"},{\"@type\":\"Organization\",\"@id\":\"https:\\\/\\\/dehub.netgear.com\\\/de\\\/hub\\\/#organization\",\"name\":\"NETGEAR\",\"url\":\"https:\\\/\\\/dehub.netgear.com\\\/de\\\/hub\\\/\",\"logo\":{\"@type\":\"ImageObject\",\"inLanguage\":\"de\",\"@id\":\"https:\\\/\\\/dehub.netgear.com\\\/de\\\/hub\\\/#\\\/schema\\\/logo\\\/image\\\/\",\"url\":\"https:\\\/\\\/www.dehub.netgear.com\\\/de\\\/hub\\\/wp-content\\\/uploads\\\/2019\\\/07\\\/NETGEAR_logo.jpg\",\"contentUrl\":\"https:\\\/\\\/www.dehub.netgear.com\\\/de\\\/hub\\\/wp-content\\\/uploads\\\/2019\\\/07\\\/NETGEAR_logo.jpg\",\"width\":1500,\"height\":501,\"caption\":\"NETGEAR\"},\"image\":{\"@id\":\"https:\\\/\\\/dehub.netgear.com\\\/de\\\/hub\\\/#\\\/schema\\\/logo\\\/image\\\/\"},\"sameAs\":[\"https:\\\/\\\/www.facebook.com\\\/NetgearAU\\\/\",\"https:\\\/\\\/x.com\\\/NETGEAR\",\"https:\\\/\\\/www.linkedin.com\\\/company\\\/netgear\"]}]}<\/script>\n<!-- \/ Yoast SEO plugin. -->","yoast_head_json":{"title":"Wie NETGEAR AV over IP mit starkem Support revolutioniert - NETGEAR Hub","robots":{"index":"index","follow":"follow","max-snippet":"max-snippet:-1","max-image-preview":"max-image-preview:large","max-video-preview":"max-video-preview:-1"},"canonical":"https:\/\/dehub.netgear.com\/de\/hub\/business\/av\/how-netgear-is-revolutionizing-av-over-ip-with-robust-support\/","og_locale":"de_DE","og_type":"article","og_title":"Wie NETGEAR AV over IP mit starkem Support revolutioniert - NETGEAR Hub","og_url":"https:\/\/dehub.netgear.com\/de\/hub\/business\/av\/how-netgear-is-revolutionizing-av-over-ip-with-robust-support\/","og_site_name":"NETGEAR Hub","article_publisher":"https:\/\/www.facebook.com\/NetgearAU\/","article_modified_time":"2025-10-14T10:43:00+00:00","og_image":[{"width":383,"height":288,"url":"https:\/\/dehub.netgear.com\/de\/hub\/wp-content\/uploads\/2025\/10\/Screenshot-2025-09-25-at-12.46.37-383x288-1.png","type":"image\/png"}],"twitter_card":"summary_large_image","twitter_site":"@NETGEAR","schema":{"@context":"https:\/\/schema.org","@graph":[{"@type":"WebPage","@id":"https:\/\/dehub.netgear.com\/de\/hub\/business\/av\/how-netgear-is-revolutionizing-av-over-ip-with-robust-support\/","url":"https:\/\/dehub.netgear.com\/de\/hub\/business\/av\/how-netgear-is-revolutionizing-av-over-ip-with-robust-support\/","name":"Wie NETGEAR AV over IP mit starkem Support revolutioniert - NETGEAR Hub","isPartOf":{"@id":"https:\/\/dehub.netgear.com\/de\/hub\/#website"},"primaryImageOfPage":{"@id":"https:\/\/dehub.netgear.com\/de\/hub\/business\/av\/how-netgear-is-revolutionizing-av-over-ip-with-robust-support\/#primaryimage"},"image":{"@id":"https:\/\/dehub.netgear.com\/de\/hub\/business\/av\/how-netgear-is-revolutionizing-av-over-ip-with-robust-support\/#primaryimage"},"thumbnailUrl":"https:\/\/dehub.netgear.com\/de\/hub\/wp-content\/uploads\/2025\/10\/Screenshot-2025-09-25-at-12.46.37-383x288-1.png","datePublished":"2025-10-14T10:38:45+00:00","dateModified":"2025-10-14T10:43:00+00:00","breadcrumb":{"@id":"https:\/\/dehub.netgear.com\/de\/hub\/business\/av\/how-netgear-is-revolutionizing-av-over-ip-with-robust-support\/#breadcrumb"},"inLanguage":"de","potentialAction":[{"@type":"ReadAction","target":["https:\/\/dehub.netgear.com\/de\/hub\/business\/av\/how-netgear-is-revolutionizing-av-over-ip-with-robust-support\/"]}]},{"@type":"ImageObject","inLanguage":"de","@id":"https:\/\/dehub.netgear.com\/de\/hub\/business\/av\/how-netgear-is-revolutionizing-av-over-ip-with-robust-support\/#primaryimage","url":"https:\/\/dehub.netgear.com\/de\/hub\/wp-content\/uploads\/2025\/10\/Screenshot-2025-09-25-at-12.46.37-383x288-1.png","contentUrl":"https:\/\/dehub.netgear.com\/de\/hub\/wp-content\/uploads\/2025\/10\/Screenshot-2025-09-25-at-12.46.37-383x288-1.png","width":383,"height":288},{"@type":"BreadcrumbList","@id":"https:\/\/dehub.netgear.com\/de\/hub\/business\/av\/how-netgear-is-revolutionizing-av-over-ip-with-robust-support\/#breadcrumb","itemListElement":[{"@type":"ListItem","position":1,"name":"Home","item":"https:\/\/dehub.netgear.com\/de\/hub\/"},{"@type":"ListItem","position":2,"name":"Business Articles Hub","item":"https:\/\/dehub.netgear.com\/de\/hub\/business\/"},{"@type":"ListItem","position":3,"name":"Business AV","item":"https:\/\/dehub.netgear.com\/de\/hub\/business\/av\/"},{"@type":"ListItem","position":4,"name":"Wie NETGEAR AV over IP mit starkem Support revolutioniert"}]},{"@type":"WebSite","@id":"https:\/\/dehub.netgear.com\/de\/hub\/#website","url":"https:\/\/dehub.netgear.com\/de\/hub\/","name":"NETGEAR","description":"Erkunden Sie unsere Hub-Seiten und st\u00f6bern Sie in Artikeln, um mehr \u00fcber NETGEAR Produkte und Technologien zu erfahren.","publisher":{"@id":"https:\/\/dehub.netgear.com\/de\/hub\/#organization"},"potentialAction":[{"@type":"SearchAction","target":{"@type":"EntryPoint","urlTemplate":"https:\/\/dehub.netgear.com\/de\/hub\/?s={search_term_string}"},"query-input":{"@type":"PropertyValueSpecification","valueRequired":true,"valueName":"search_term_string"}}],"inLanguage":"de"},{"@type":"Organization","@id":"https:\/\/dehub.netgear.com\/de\/hub\/#organization","name":"NETGEAR","url":"https:\/\/dehub.netgear.com\/de\/hub\/","logo":{"@type":"ImageObject","inLanguage":"de","@id":"https:\/\/dehub.netgear.com\/de\/hub\/#\/schema\/logo\/image\/","url":"https:\/\/www.dehub.netgear.com\/de\/hub\/wp-content\/uploads\/2019\/07\/NETGEAR_logo.jpg","contentUrl":"https:\/\/www.dehub.netgear.com\/de\/hub\/wp-content\/uploads\/2019\/07\/NETGEAR_logo.jpg","width":1500,"height":501,"caption":"NETGEAR"},"image":{"@id":"https:\/\/dehub.netgear.com\/de\/hub\/#\/schema\/logo\/image\/"},"sameAs":["https:\/\/www.facebook.com\/NetgearAU\/","https:\/\/x.com\/NETGEAR","https:\/\/www.linkedin.com\/company\/netgear"]}]}},"_links":{"self":[{"href":"https:\/\/dehub.netgear.com\/de\/hub\/wp-json\/wp\/v2\/pages\/10897","targetHints":{"allow":["GET"]}}],"collection":[{"href":"https:\/\/dehub.netgear.com\/de\/hub\/wp-json\/wp\/v2\/pages"}],"about":[{"href":"https:\/\/dehub.netgear.com\/de\/hub\/wp-json\/wp\/v2\/types\/page"}],"author":[{"embeddable":true,"href":"https:\/\/dehub.netgear.com\/de\/hub\/wp-json\/wp\/v2\/users\/94"}],"replies":[{"embeddable":true,"href":"https:\/\/dehub.netgear.com\/de\/hub\/wp-json\/wp\/v2\/comments?post=10897"}],"version-history":[{"count":3,"href":"https:\/\/dehub.netgear.com\/de\/hub\/wp-json\/wp\/v2\/pages\/10897\/revisions"}],"predecessor-version":[{"id":10900,"href":"https:\/\/dehub.netgear.com\/de\/hub\/wp-json\/wp\/v2\/pages\/10897\/revisions\/10900"}],"up":[{"embeddable":true,"href":"https:\/\/dehub.netgear.com\/de\/hub\/wp-json\/wp\/v2\/pages\/6754"}],"wp:featuredmedia":[{"embeddable":true,"href":"https:\/\/dehub.netgear.com\/de\/hub\/wp-json\/wp\/v2\/media\/10889"}],"wp:attachment":[{"href":"https:\/\/dehub.netgear.com\/de\/hub\/wp-json\/wp\/v2\/media?parent=10897"}],"curies":[{"name":"wp","href":"https:\/\/api.w.org\/{rel}","templated":true}]}}