{"id":10873,"date":"2025-01-16T09:51:09","date_gmt":"2025-10-13T07:51:07","guid":{"rendered":"https:\/\/dehub.netgear.com\/de\/hub\/?page_id=10873"},"modified":"2025-10-13T09:54:10","modified_gmt":"2025-10-13T07:54:10","slug":"university-of-leeds","status":"publish","type":"page","link":"https:\/\/dehub.netgear.com\/de\/hub\/business\/case-studies\/av-case-studies\/university-of-leeds\/","title":{"rendered":"Universit\u00e4t Leeds"},"content":{"rendered":"<p><img loading=\"lazy\" decoding=\"async\" class=\"alignone size-full wp-image-10681\" style=\"border-radius: 1em;\" src=\"https:\/\/www.netgear.com\/hub\/wp-content\/uploads\/2025\/01\/University-of-Leeds_header.png\" alt=\"\" width=\"1048\" height=\"511\" \/><\/p>\n    <div class=\"table-of-content bg-gray\">\n        <p><strong>IN THIS ARTICLE<\/strong><\/p>\n        <ul>\n                        <li><a href=\"#topic1\">ZUSAMMENFASSUNG<\/a><\/li>\n                        <li><a href=\"#topic2\">EINF\u00dcHRUNG<\/a><\/li>\n                        <li><a href=\"#topic3\">DIE HERAUSFORDERUNG<\/a><\/li>\n                        <li><a href=\"#topic4\">DIE L\u00d6SUNG<\/a><\/li>\n                        <li><a href=\"#topic5\">HIGHLIGHTS DES WORKFLOWS<\/a><\/li>\n                        <li><a href=\"#topic6\">ERGEBNISSE<\/a><\/li>\n                        <li><a href=\"#topic7\">FAZIT<\/a><\/li>\n                        <li><a href=\"#topic8\">MEHR INFORMATIONEN<\/a><\/li>\n                    <\/ul>\n    <\/div>\n        <div id=\"topic1\" class=\"skip-item\">\n                        <h2>ZUSAMMENFASSUNG<\/h2>\n                <div style=\"background-color: #eeeeee;padding: 20px;width: 33%;float: right\">\n<p><strong>Unternehmen:<\/strong><br \/>\nUniversity of Leeds<\/p>\n<p><strong>Branche:<\/strong><br \/>\nBildung<\/p>\n<p><strong>Website:<\/strong><br \/>\n<a href=\"https:\/\/www.leeds.ac.uk\">leeds.ac.uk<\/a><\/p>\n<p><strong>Standort:<\/strong><br \/>\nLeeds, Vereinigtes K\u00f6nigreich<\/p>\n<\/div>\n<p>Die University of Leeds modernisierte ihre AV-Infrastruktur mit NETGEAR M4250 Switches, wodurch die Zuverl\u00e4ssigkeit erh\u00f6ht und die Verwaltung vereinfacht wurde. Schulungen bef\u00e4higten das Personal, das skalierbare und zukunftssichere System effektiv zu verwalten.<\/p>\n    <\/div>\n        <div id=\"topic2\" class=\"skip-item\">\n                        <h2>EINF\u00dcHRUNG<\/h2>\n                <p data-start=\"167\" data-end=\"563\">Die University of Leeds, eine angesehene Institution, bekannt f\u00fcr ihren innovativen Ansatz in Bildung und Forschung, hat k\u00fcrzlich ihre audiovisuelle (AV) Infrastruktur modernisiert, um das Lehr- und Lernerlebnis zu verbessern. Im Zentrum dieses Upgrades stand die Implementierung der <strong data-start=\"451\" data-end=\"485\">NETGEAR AV Line M4250 Switches<\/strong>, die speziell f\u00fcr die Anforderungen moderner AV-Umgebungen entwickelt wurden.<\/p>\n<p data-start=\"565\" data-end=\"774\">Das Projekt fand seinen H\u00f6hepunkt in einer praktischen Schulung unter der Leitung von <strong data-start=\"651\" data-end=\"667\">Brett Dorman<\/strong> im ikonischen <strong data-start=\"682\" data-end=\"699\">Helix-Geb\u00e4ude<\/strong> der Universit\u00e4t \u2013 einem Raum, der f\u00fcr Innovation und Zusammenarbeit steht.<\/p>\n    <\/div>\n        <div id=\"topic3\" class=\"skip-item\">\n                        <h2>DIE HERAUSFORDERUNG<\/h2>\n                <p data-start=\"810\" data-end=\"916\">Im Zuge der Erweiterung ihrer AV-F\u00e4higkeiten stand die University of Leeds vor mehreren Herausforderungen:<\/p>\n<ul data-start=\"918\" data-end=\"1558\">\n<li data-start=\"918\" data-end=\"1090\">\n<p data-start=\"920\" data-end=\"1090\"><strong data-start=\"920\" data-end=\"958\">Komplexe AV-Netzwerkanforderungen:<\/strong> Die Notwendigkeit einer robusten und zuverl\u00e4ssigen Netzwerk-Infrastruktur zur Unterst\u00fctzung bandbreitenintensiver AV-Anwendungen.<\/p>\n<\/li>\n<li data-start=\"1091\" data-end=\"1274\">\n<p data-start=\"1093\" data-end=\"1274\"><strong data-start=\"1093\" data-end=\"1129\">Benutzerfreundliches Management:<\/strong> Sicherstellung, dass das System einfach von IT-Mitarbeitern und AV-Technikern mit unterschiedlichen Netzwerkerfahrungen verwaltet werden kann.<\/p>\n<\/li>\n<li data-start=\"1275\" data-end=\"1412\">\n<p data-start=\"1277\" data-end=\"1412\"><strong data-start=\"1277\" data-end=\"1319\">Skalierbarkeit und Zukunftssicherheit:<\/strong> Einsatz einer L\u00f6sung, die mit den wachsenden Anforderungen der Universit\u00e4t mithalten kann.<\/p>\n<\/li>\n<li data-start=\"1413\" data-end=\"1558\">\n<p data-start=\"1415\" data-end=\"1558\"><strong data-start=\"1415\" data-end=\"1440\">Nahtlose Integration:<\/strong> Minimierung von St\u00f6rungen w\u00e4hrend der Implementierung und Sicherstellung der Kompatibilit\u00e4t mit bestehenden Systemen.<\/p>\n<\/li>\n<\/ul>\n    <\/div>\n        <div id=\"topic4\" class=\"skip-item\">\n                        <h2>DIE L\u00d6SUNG<\/h2>\n                <p data-start=\"1585\" data-end=\"1814\">Um diese Herausforderungen zu meistern, entschied sich die University of Leeds f\u00fcr die <strong data-start=\"1672\" data-end=\"1706\">NETGEAR M4250 AV Line Switches<\/strong>, die speziell f\u00fcr professionelle AV-over-IP-Installationen entwickelt wurden. Wichtige Merkmale der L\u00f6sung:<\/p>\n<ul data-start=\"1816\" data-end=\"2267\">\n<li data-start=\"1816\" data-end=\"1913\">\n<p data-start=\"1818\" data-end=\"1913\"><strong data-start=\"1818\" data-end=\"1841\">NETGEAR IGMP Plus\u2122:<\/strong> Vereinfachte Multicast-Konfiguration f\u00fcr st\u00f6rungsfreies AV-Streaming.<\/p>\n<\/li>\n<li data-start=\"1914\" data-end=\"2015\">\n<p data-start=\"1916\" data-end=\"2015\"><strong data-start=\"1916\" data-end=\"1944\">Auto-LAG und Auto-Trunk:<\/strong> Automatisierte Link-Aggregation f\u00fcr h\u00f6here Bandbreite und Redundanz.<\/p>\n<\/li>\n<li data-start=\"2016\" data-end=\"2150\">\n<p data-start=\"2018\" data-end=\"2150\"><strong data-start=\"2018\" data-end=\"2049\">Engage Controller Software:<\/strong> Eine benutzerfreundliche Oberfl\u00e4che zur Verwaltung von Netzwerkeinstellungen und -konfigurationen.<\/p>\n<\/li>\n<li data-start=\"2151\" data-end=\"2267\">\n<p data-start=\"2153\" data-end=\"2267\"><strong data-start=\"2153\" data-end=\"2185\">Vorkonfigurierte AV-Profile:<\/strong> Optimierte Profile, die die Einrichtung f\u00fcr typische AV-Anwendungen vereinfachen.<\/p>\n<\/li>\n<\/ul>\n<p data-start=\"2269\" data-end=\"2482\">Die Implementierung wurde durch eine umfassende Schulung im Helix-Geb\u00e4ude erg\u00e4nzt. Diese Schulung vermittelte dem AV-Team der Universit\u00e4t das n\u00f6tige Wissen, um das volle Potenzial der M4250-Switches auszusch\u00f6pfen.<\/p>\n    <\/div>\n        <div id=\"topic5\" class=\"skip-item\">\n                        <h2>HIGHLIGHTS DES WORKFLOWS<\/h2>\n                <p data-start=\"2523\" data-end=\"2620\">Die Schulung unter der Leitung von Brett Dorman behandelte zentrale Aspekte der AV Line Switches:<\/p>\n<ul data-start=\"2622\" data-end=\"3120\">\n<li data-start=\"2622\" data-end=\"2732\">\n<p data-start=\"2624\" data-end=\"2732\"><strong data-start=\"2624\" data-end=\"2661\">Grundlagen von NETGEAR IGMP Plus:<\/strong> Vereinfachte Multicast-Konfiguration f\u00fcr zuverl\u00e4ssiges AV-Streaming.<\/p>\n<\/li>\n<li data-start=\"2733\" data-end=\"2840\">\n<p data-start=\"2735\" data-end=\"2840\"><strong data-start=\"2735\" data-end=\"2763\">Auto-LAG und Auto-Trunk:<\/strong> Demonstration automatisierter Bandbreitenverwaltung und Ausfallsicherheit.<\/p>\n<\/li>\n<li data-start=\"2841\" data-end=\"2964\">\n<p data-start=\"2843\" data-end=\"2964\"><strong data-start=\"2843\" data-end=\"2865\">Engage Controller:<\/strong> Praktische Erfahrung mit einer intuitiven Benutzeroberfl\u00e4che f\u00fcr effizientes Netzwerkmanagement.<\/p>\n<\/li>\n<li data-start=\"2965\" data-end=\"3120\">\n<p data-start=\"2967\" data-end=\"3120\"><strong data-start=\"2967\" data-end=\"3008\">AV-spezifische Konfigurationsprofile:<\/strong> Praktische Anleitung zur Nutzung vorkonfigurierter Profile zur Zeitersparnis und Reduzierung von Komplexit\u00e4t.<\/p>\n<\/li>\n<\/ul>\n<p data-start=\"3122\" data-end=\"3264\">Die Teilnehmenden konnten direkt mit der Technologie arbeiten und so ihr Verst\u00e4ndnis f\u00fcr Funktionalit\u00e4t und Anwendungsm\u00f6glichkeiten vertiefen.<\/p>\n    <\/div>\n        <div id=\"topic6\" class=\"skip-item\">\n                        <h2>ERGEBNISSE<\/h2>\n                <p data-start=\"3291\" data-end=\"3377\">Die Implementierung und Schulung brachten der University of Leeds erhebliche Vorteile:<\/p>\n<ul data-start=\"3379\" data-end=\"3932\">\n<li data-start=\"3379\" data-end=\"3543\">\n<p data-start=\"3381\" data-end=\"3543\"><strong data-start=\"3381\" data-end=\"3421\">Verbesserte Netzwerkzuverl\u00e4ssigkeit:<\/strong> Die M4250 Switches gew\u00e4hrleisteten eine nahtlose AV-Leistung, auch bei hohen Anforderungen an Video- und Audioqualit\u00e4t.<\/p>\n<\/li>\n<li data-start=\"3544\" data-end=\"3703\">\n<p data-start=\"3546\" data-end=\"3703\"><strong data-start=\"3546\" data-end=\"3575\">Vereinfachtes Management:<\/strong> Der Engage Controller und die vorkonfigurierten Profile erm\u00f6glichten schnellere Installationen und einfachere Fehlerbehebung.<\/p>\n<\/li>\n<li data-start=\"3704\" data-end=\"3822\">\n<p data-start=\"3706\" data-end=\"3822\"><strong data-start=\"3706\" data-end=\"3730\">Gest\u00e4rktes Personal:<\/strong> Die Schulungen bef\u00e4higten IT- und AV-Teams, das System sicher zu betreiben und zu warten.<\/p>\n<\/li>\n<li data-start=\"3823\" data-end=\"3932\">\n<p data-start=\"3825\" data-end=\"3932\"><strong data-start=\"3825\" data-end=\"3844\">Skalierbarkeit:<\/strong> Die L\u00f6sung ist bereit f\u00fcr zuk\u00fcnftige AV-Erweiterungen und technologische Entwicklungen.<\/p>\n<\/li>\n<\/ul>\n    <\/div>\n        <div id=\"topic7\" class=\"skip-item\">\n                        <h2>FAZIT<\/h2>\n                <p data-start=\"3954\" data-end=\"4315\">Die Zusammenarbeit zwischen der University of Leeds und NETGEAR unterstreicht die Bedeutung innovativer Technologien und gezielter Schulungen f\u00fcr den Ausbau der Bildungsinfrastruktur. Die Einf\u00fchrung der <strong data-start=\"4157\" data-end=\"4183\">M4250 AV Line Switches<\/strong> in die AV-Infrastruktur l\u00f6ste nicht nur bestehende Herausforderungen, sondern legte auch den Grundstein f\u00fcr zuk\u00fcnftiges Wachstum.<\/p>\n<p data-start=\"4317\" data-end=\"4472\">Diese Fallstudie verdeutlicht den Wert von Investitionen in moderne L\u00f6sungen, die Leistung, Benutzerfreundlichkeit und Skalierbarkeit miteinander vereinen.<\/p>\n<blockquote data-start=\"4474\" data-end=\"4746\">\n<p data-start=\"4476\" data-end=\"4746\"><strong data-start=\"4476\" data-end=\"4683\">\u201eWir setzen die NETGEAR AV Switches in Lehr- und Besprechungsr\u00e4umen ein, um netzwerkbasierte AV-L\u00f6sungen bereitzustellen \u2013 mit Fokus auf sichere, fernverwaltbare und einfach zu implementierende Systeme.\u201c<\/strong><br data-start=\"4683\" data-end=\"4686\" \/>\u2013 <em data-start=\"4690\" data-end=\"4746\">Ross Little, AV Solutions Manager, University of Leeds<\/em><\/p>\n<\/blockquote>\n    <\/div>\n        <div id=\"topic8\" class=\"skip-item\">\n                        <h2>MEHR INFORMATIONEN<\/h2>\n                <p><!-- IT NETGEAR BUSINESS-L\u00d6SUNGEN--><\/p>\n<p>Mehr \u00fcber unsere Business-Produkte erfahren<\/p>\n<div class=\"hs-cta-embed hs-cta-simple-placeholder hs-cta-embed-243392275167\" style=\"max-width:100%;max-height:100%;width:260px;height:50.390625px\" data-hubspot-wrapper-cta-id=\"243392275167\"><br \/>\n  <a href=\"https:\/\/cta-na2.hubspot.com\/web-interactives\/public\/v1\/track\/redirect?encryptedPayload=AVxigLI%2Fu8J7nFnep8w0CfLqqlWixXySh0cANLn7TQ3MtLEGeFdfhQxw3AVxVzYlZOkZoVB4gdslqY4il1pZTz7RSKy0mNw%2BF1Y6bdIwWiFAFfgtF%2FkXW%2Fmq0JFY6OQExFSwjiafSp97IxwGv6iNNhiT9X6MQziOnjaAnh9UsXCYR2VD1S791%2F7MVwT1TQ%3D%3D&#038;webInteractiveContentId=243392275167&#038;portalId=242128791\" target=\"_blank\" rel=\"noopener\"><br \/>\n    <img decoding=\"async\" alt=\"NETGEAR AV-L&Ouml;SUNGEN\" loading=\"lazy\" src=\"https:\/\/hubspot-no-cache-na2-prod.s3.amazonaws.com\/cta\/default\/242128791\/interactive-243392275167.png\" style=\"height: 100%;width: 100%;object-fit: fill\" \/><br \/>\n  <\/a>\n<\/div>\n<\/p>\n<p><!-- IT ACADEMY --><\/p>\n<p> Alles \u00fcber IP-Netzwerke lernen \u2013 in der NETGEAR ACADEMY<\/p>\n<div class=\"hs-cta-embed hs-cta-simple-placeholder hs-cta-embed-243357267644\" style=\"max-width:100%;max-height:100%;width:260px;height:50.390625px\" data-hubspot-wrapper-cta-id=\"243357267644\"><br \/>\n  <a href=\"https:\/\/cta-na2.hubspot.com\/web-interactives\/public\/v1\/track\/redirect?encryptedPayload=AVxigLKW9uCCU9FL7iPOCpU%2BvA8Z1UfLRQT8691iSSqh%2BqLrpD%2FITlt6RGXTdhci0W5DkR0wb%2FpK%2BWToDj8Qf0HaQwR0kyzZgK35i%2BhitHvCmHPH8BmXutiugzeYtEHOY6aYTSXoNxDjJJwwtUXAzSqnxQuhx5jjnWcHl4zUp4Dt1tTG2PymP7esgNCNHKHECJ76tda5x0hFMo8JQo6UwGGb9CBw4fyYnA%3D%3D&#038;webInteractiveContentId=243357267644&#038;portalId=242128791\" target=\"_blank\" rel=\"noopener\"><br \/>\n    <img decoding=\"async\" alt=\"NETGEAR ACADEMY\" loading=\"lazy\" src=\"https:\/\/hubspot-no-cache-na2-prod.s3.amazonaws.com\/cta\/default\/242128791\/interactive-243357267644.png\" style=\"height: 100%;width: 100%;object-fit: fill\" \/><br \/>\n  <\/a>\n<\/div>\n<\/p>\n<p>\n<!-- KONTAKT PRO-IT-TEAM --><\/p>\n<p> Unsere Ingenieure unterst\u00fctzen Sie kostenlos bei Ihrem Projekt<\/p>\n<div class=\"hs-cta-embed hs-cta-simple-placeholder hs-cta-embed-243357266676\" style=\"max-width:100%;max-height:100%;width:270px;height:50.390625px\" data-hubspot-wrapper-cta-id=\"243357266676\"><br \/>\n  <a href=\"https:\/\/cta-na2.hubspot.com\/web-interactives\/public\/v1\/track\/redirect?encryptedPayload=AVxigLL9MaHliYSOIHWsJvXrVuyffxSFGu%2FOD4neANfzotKQLgtjDgnA0CFJQWLPGl5hkjLPFJf7A76nk1yWw939l8y7nc4NGJ1%2Fa58epF2QbqIhW7KyV%2Fr75%2B8GCI%2FfEXyeGuic8buAEe%2F8pDQ63tT6ExQvwvvuG%2BeK5mOqM%2FlNsZUaeR4q5pghXZB3yAUIu7WWwKynlh9Y3Ug9ymAN6sNjHEzXMCgwSYmLqMh7eixTsrgTswO85eLb8rCODQ%3D%3D&#038;webInteractiveContentId=243357266676&#038;portalId=242128791\" target=\"_blank\" rel=\"noopener\"><br \/>\n    <img decoding=\"async\" alt=\"KONTAKT PROAV-TEAM\" loading=\"lazy\" src=\"https:\/\/hubspot-no-cache-na2-prod.s3.amazonaws.com\/cta\/default\/242128791\/interactive-243357266676.png\" style=\"height: 100%;width: 100%;object-fit: fill\" \/><br \/>\n  <\/a>\n<\/div>\n<\/p>\n<p><iframe loading=\"lazy\" src=\"https:\/\/405nrr.share-na2.hsforms.com\/25w_D-U5iS-e5KaSaP86jnQ\" width=\"100%\" height=\"1200px\"><\/iframe><\/p>\n    <\/div>\n    \n","protected":false},"excerpt":{"rendered":"","protected":false},"author":94,"featured_media":10874,"parent":10321,"menu_order":0,"comment_status":"closed","ping_status":"closed","template":"templates\/blog-wifi.php","meta":{"_acf_changed":false,"footnotes":""},"class_list":["post-10873","page","type-page","status-publish","has-post-thumbnail","hentry"],"acf":[],"yoast_head":"<!-- This site is optimized with the Yoast SEO plugin v27.5 - https:\/\/yoast.com\/product\/yoast-seo-wordpress\/ -->\n<title>Universit\u00e4t Leeds - NETGEAR Hub<\/title>\n<meta name=\"robots\" content=\"index, follow, max-snippet:-1, max-image-preview:large, max-video-preview:-1\" \/>\n<link rel=\"canonical\" href=\"https:\/\/dehub.netgear.com\/de\/hub\/business\/case-studies\/av-case-studies\/university-of-leeds\/\" \/>\n<meta property=\"og:locale\" content=\"de_DE\" \/>\n<meta property=\"og:type\" content=\"article\" \/>\n<meta property=\"og:title\" content=\"Universit\u00e4t Leeds - NETGEAR Hub\" \/>\n<meta property=\"og:url\" content=\"https:\/\/dehub.netgear.com\/de\/hub\/business\/case-studies\/av-case-studies\/university-of-leeds\/\" \/>\n<meta property=\"og:site_name\" content=\"NETGEAR Hub\" \/>\n<meta property=\"article:publisher\" content=\"https:\/\/www.facebook.com\/NetgearAU\/\" \/>\n<meta property=\"article:modified_time\" content=\"2025-10-13T07:54:10+00:00\" \/>\n<meta property=\"og:image\" content=\"https:\/\/dehub.netgear.com\/de\/hub\/wp-content\/uploads\/2025\/10\/University-of-Leeds-VR-featured-image-new-383x288-1.jpg\" \/>\n\t<meta property=\"og:image:width\" content=\"383\" \/>\n\t<meta property=\"og:image:height\" content=\"288\" \/>\n\t<meta property=\"og:image:type\" content=\"image\/jpeg\" \/>\n<meta name=\"twitter:card\" content=\"summary_large_image\" \/>\n<meta name=\"twitter:site\" content=\"@NETGEAR\" \/>\n<script type=\"application\/ld+json\" class=\"yoast-schema-graph\">{\"@context\":\"https:\\\/\\\/schema.org\",\"@graph\":[{\"@type\":\"WebPage\",\"@id\":\"https:\\\/\\\/dehub.netgear.com\\\/de\\\/hub\\\/business\\\/case-studies\\\/av-case-studies\\\/university-of-leeds\\\/\",\"url\":\"https:\\\/\\\/dehub.netgear.com\\\/de\\\/hub\\\/business\\\/case-studies\\\/av-case-studies\\\/university-of-leeds\\\/\",\"name\":\"Universit\u00e4t Leeds - NETGEAR Hub\",\"isPartOf\":{\"@id\":\"https:\\\/\\\/dehub.netgear.com\\\/de\\\/hub\\\/#website\"},\"primaryImageOfPage\":{\"@id\":\"https:\\\/\\\/dehub.netgear.com\\\/de\\\/hub\\\/business\\\/case-studies\\\/av-case-studies\\\/university-of-leeds\\\/#primaryimage\"},\"image\":{\"@id\":\"https:\\\/\\\/dehub.netgear.com\\\/de\\\/hub\\\/business\\\/case-studies\\\/av-case-studies\\\/university-of-leeds\\\/#primaryimage\"},\"thumbnailUrl\":\"https:\\\/\\\/dehub.netgear.com\\\/de\\\/hub\\\/wp-content\\\/uploads\\\/2025\\\/10\\\/University-of-Leeds-VR-featured-image-new-383x288-1.jpg\",\"datePublished\":\"2025-10-13T07:51:07+00:00\",\"dateModified\":\"2025-10-13T07:54:10+00:00\",\"breadcrumb\":{\"@id\":\"https:\\\/\\\/dehub.netgear.com\\\/de\\\/hub\\\/business\\\/case-studies\\\/av-case-studies\\\/university-of-leeds\\\/#breadcrumb\"},\"inLanguage\":\"de\",\"potentialAction\":[{\"@type\":\"ReadAction\",\"target\":[\"https:\\\/\\\/dehub.netgear.com\\\/de\\\/hub\\\/business\\\/case-studies\\\/av-case-studies\\\/university-of-leeds\\\/\"]}]},{\"@type\":\"ImageObject\",\"inLanguage\":\"de\",\"@id\":\"https:\\\/\\\/dehub.netgear.com\\\/de\\\/hub\\\/business\\\/case-studies\\\/av-case-studies\\\/university-of-leeds\\\/#primaryimage\",\"url\":\"https:\\\/\\\/dehub.netgear.com\\\/de\\\/hub\\\/wp-content\\\/uploads\\\/2025\\\/10\\\/University-of-Leeds-VR-featured-image-new-383x288-1.jpg\",\"contentUrl\":\"https:\\\/\\\/dehub.netgear.com\\\/de\\\/hub\\\/wp-content\\\/uploads\\\/2025\\\/10\\\/University-of-Leeds-VR-featured-image-new-383x288-1.jpg\",\"width\":383,\"height\":288},{\"@type\":\"BreadcrumbList\",\"@id\":\"https:\\\/\\\/dehub.netgear.com\\\/de\\\/hub\\\/business\\\/case-studies\\\/av-case-studies\\\/university-of-leeds\\\/#breadcrumb\",\"itemListElement\":[{\"@type\":\"ListItem\",\"position\":1,\"name\":\"Home\",\"item\":\"https:\\\/\\\/dehub.netgear.com\\\/de\\\/hub\\\/\"},{\"@type\":\"ListItem\",\"position\":2,\"name\":\"Business Articles Hub\",\"item\":\"https:\\\/\\\/dehub.netgear.com\\\/de\\\/hub\\\/business\\\/\"},{\"@type\":\"ListItem\",\"position\":3,\"name\":\"All Case Studies &#8211; DE\",\"item\":\"https:\\\/\\\/dehub.netgear.com\\\/de\\\/hub\\\/business\\\/case-studies\\\/\"},{\"@type\":\"ListItem\",\"position\":4,\"name\":\"AV Case Studies &#8211; DE\",\"item\":\"https:\\\/\\\/dehub.netgear.com\\\/de\\\/hub\\\/business\\\/case-studies\\\/av-case-studies\\\/\"},{\"@type\":\"ListItem\",\"position\":5,\"name\":\"Universit\u00e4t Leeds\"}]},{\"@type\":\"WebSite\",\"@id\":\"https:\\\/\\\/dehub.netgear.com\\\/de\\\/hub\\\/#website\",\"url\":\"https:\\\/\\\/dehub.netgear.com\\\/de\\\/hub\\\/\",\"name\":\"NETGEAR\",\"description\":\"Erkunden Sie unsere Hub-Seiten und st\u00f6bern Sie in Artikeln, um mehr \u00fcber NETGEAR Produkte und Technologien zu erfahren.\",\"publisher\":{\"@id\":\"https:\\\/\\\/dehub.netgear.com\\\/de\\\/hub\\\/#organization\"},\"potentialAction\":[{\"@type\":\"SearchAction\",\"target\":{\"@type\":\"EntryPoint\",\"urlTemplate\":\"https:\\\/\\\/dehub.netgear.com\\\/de\\\/hub\\\/?s={search_term_string}\"},\"query-input\":{\"@type\":\"PropertyValueSpecification\",\"valueRequired\":true,\"valueName\":\"search_term_string\"}}],\"inLanguage\":\"de\"},{\"@type\":\"Organization\",\"@id\":\"https:\\\/\\\/dehub.netgear.com\\\/de\\\/hub\\\/#organization\",\"name\":\"NETGEAR\",\"url\":\"https:\\\/\\\/dehub.netgear.com\\\/de\\\/hub\\\/\",\"logo\":{\"@type\":\"ImageObject\",\"inLanguage\":\"de\",\"@id\":\"https:\\\/\\\/dehub.netgear.com\\\/de\\\/hub\\\/#\\\/schema\\\/logo\\\/image\\\/\",\"url\":\"https:\\\/\\\/www.dehub.netgear.com\\\/de\\\/hub\\\/wp-content\\\/uploads\\\/2019\\\/07\\\/NETGEAR_logo.jpg\",\"contentUrl\":\"https:\\\/\\\/www.dehub.netgear.com\\\/de\\\/hub\\\/wp-content\\\/uploads\\\/2019\\\/07\\\/NETGEAR_logo.jpg\",\"width\":1500,\"height\":501,\"caption\":\"NETGEAR\"},\"image\":{\"@id\":\"https:\\\/\\\/dehub.netgear.com\\\/de\\\/hub\\\/#\\\/schema\\\/logo\\\/image\\\/\"},\"sameAs\":[\"https:\\\/\\\/www.facebook.com\\\/NetgearAU\\\/\",\"https:\\\/\\\/x.com\\\/NETGEAR\",\"https:\\\/\\\/www.linkedin.com\\\/company\\\/netgear\"]}]}<\/script>\n<!-- \/ Yoast SEO plugin. -->","yoast_head_json":{"title":"Universit\u00e4t Leeds - NETGEAR Hub","robots":{"index":"index","follow":"follow","max-snippet":"max-snippet:-1","max-image-preview":"max-image-preview:large","max-video-preview":"max-video-preview:-1"},"canonical":"https:\/\/dehub.netgear.com\/de\/hub\/business\/case-studies\/av-case-studies\/university-of-leeds\/","og_locale":"de_DE","og_type":"article","og_title":"Universit\u00e4t Leeds - NETGEAR Hub","og_url":"https:\/\/dehub.netgear.com\/de\/hub\/business\/case-studies\/av-case-studies\/university-of-leeds\/","og_site_name":"NETGEAR Hub","article_publisher":"https:\/\/www.facebook.com\/NetgearAU\/","article_modified_time":"2025-10-13T07:54:10+00:00","og_image":[{"width":383,"height":288,"url":"https:\/\/dehub.netgear.com\/de\/hub\/wp-content\/uploads\/2025\/10\/University-of-Leeds-VR-featured-image-new-383x288-1.jpg","type":"image\/jpeg"}],"twitter_card":"summary_large_image","twitter_site":"@NETGEAR","schema":{"@context":"https:\/\/schema.org","@graph":[{"@type":"WebPage","@id":"https:\/\/dehub.netgear.com\/de\/hub\/business\/case-studies\/av-case-studies\/university-of-leeds\/","url":"https:\/\/dehub.netgear.com\/de\/hub\/business\/case-studies\/av-case-studies\/university-of-leeds\/","name":"Universit\u00e4t Leeds - NETGEAR Hub","isPartOf":{"@id":"https:\/\/dehub.netgear.com\/de\/hub\/#website"},"primaryImageOfPage":{"@id":"https:\/\/dehub.netgear.com\/de\/hub\/business\/case-studies\/av-case-studies\/university-of-leeds\/#primaryimage"},"image":{"@id":"https:\/\/dehub.netgear.com\/de\/hub\/business\/case-studies\/av-case-studies\/university-of-leeds\/#primaryimage"},"thumbnailUrl":"https:\/\/dehub.netgear.com\/de\/hub\/wp-content\/uploads\/2025\/10\/University-of-Leeds-VR-featured-image-new-383x288-1.jpg","datePublished":"2025-10-13T07:51:07+00:00","dateModified":"2025-10-13T07:54:10+00:00","breadcrumb":{"@id":"https:\/\/dehub.netgear.com\/de\/hub\/business\/case-studies\/av-case-studies\/university-of-leeds\/#breadcrumb"},"inLanguage":"de","potentialAction":[{"@type":"ReadAction","target":["https:\/\/dehub.netgear.com\/de\/hub\/business\/case-studies\/av-case-studies\/university-of-leeds\/"]}]},{"@type":"ImageObject","inLanguage":"de","@id":"https:\/\/dehub.netgear.com\/de\/hub\/business\/case-studies\/av-case-studies\/university-of-leeds\/#primaryimage","url":"https:\/\/dehub.netgear.com\/de\/hub\/wp-content\/uploads\/2025\/10\/University-of-Leeds-VR-featured-image-new-383x288-1.jpg","contentUrl":"https:\/\/dehub.netgear.com\/de\/hub\/wp-content\/uploads\/2025\/10\/University-of-Leeds-VR-featured-image-new-383x288-1.jpg","width":383,"height":288},{"@type":"BreadcrumbList","@id":"https:\/\/dehub.netgear.com\/de\/hub\/business\/case-studies\/av-case-studies\/university-of-leeds\/#breadcrumb","itemListElement":[{"@type":"ListItem","position":1,"name":"Home","item":"https:\/\/dehub.netgear.com\/de\/hub\/"},{"@type":"ListItem","position":2,"name":"Business Articles Hub","item":"https:\/\/dehub.netgear.com\/de\/hub\/business\/"},{"@type":"ListItem","position":3,"name":"All Case Studies &#8211; DE","item":"https:\/\/dehub.netgear.com\/de\/hub\/business\/case-studies\/"},{"@type":"ListItem","position":4,"name":"AV Case Studies &#8211; DE","item":"https:\/\/dehub.netgear.com\/de\/hub\/business\/case-studies\/av-case-studies\/"},{"@type":"ListItem","position":5,"name":"Universit\u00e4t Leeds"}]},{"@type":"WebSite","@id":"https:\/\/dehub.netgear.com\/de\/hub\/#website","url":"https:\/\/dehub.netgear.com\/de\/hub\/","name":"NETGEAR","description":"Erkunden Sie unsere Hub-Seiten und st\u00f6bern Sie in Artikeln, um mehr \u00fcber NETGEAR Produkte und Technologien zu erfahren.","publisher":{"@id":"https:\/\/dehub.netgear.com\/de\/hub\/#organization"},"potentialAction":[{"@type":"SearchAction","target":{"@type":"EntryPoint","urlTemplate":"https:\/\/dehub.netgear.com\/de\/hub\/?s={search_term_string}"},"query-input":{"@type":"PropertyValueSpecification","valueRequired":true,"valueName":"search_term_string"}}],"inLanguage":"de"},{"@type":"Organization","@id":"https:\/\/dehub.netgear.com\/de\/hub\/#organization","name":"NETGEAR","url":"https:\/\/dehub.netgear.com\/de\/hub\/","logo":{"@type":"ImageObject","inLanguage":"de","@id":"https:\/\/dehub.netgear.com\/de\/hub\/#\/schema\/logo\/image\/","url":"https:\/\/www.dehub.netgear.com\/de\/hub\/wp-content\/uploads\/2019\/07\/NETGEAR_logo.jpg","contentUrl":"https:\/\/www.dehub.netgear.com\/de\/hub\/wp-content\/uploads\/2019\/07\/NETGEAR_logo.jpg","width":1500,"height":501,"caption":"NETGEAR"},"image":{"@id":"https:\/\/dehub.netgear.com\/de\/hub\/#\/schema\/logo\/image\/"},"sameAs":["https:\/\/www.facebook.com\/NetgearAU\/","https:\/\/x.com\/NETGEAR","https:\/\/www.linkedin.com\/company\/netgear"]}]}},"_links":{"self":[{"href":"https:\/\/dehub.netgear.com\/de\/hub\/wp-json\/wp\/v2\/pages\/10873","targetHints":{"allow":["GET"]}}],"collection":[{"href":"https:\/\/dehub.netgear.com\/de\/hub\/wp-json\/wp\/v2\/pages"}],"about":[{"href":"https:\/\/dehub.netgear.com\/de\/hub\/wp-json\/wp\/v2\/types\/page"}],"author":[{"embeddable":true,"href":"https:\/\/dehub.netgear.com\/de\/hub\/wp-json\/wp\/v2\/users\/94"}],"replies":[{"embeddable":true,"href":"https:\/\/dehub.netgear.com\/de\/hub\/wp-json\/wp\/v2\/comments?post=10873"}],"version-history":[{"count":1,"href":"https:\/\/dehub.netgear.com\/de\/hub\/wp-json\/wp\/v2\/pages\/10873\/revisions"}],"predecessor-version":[{"id":10875,"href":"https:\/\/dehub.netgear.com\/de\/hub\/wp-json\/wp\/v2\/pages\/10873\/revisions\/10875"}],"up":[{"embeddable":true,"href":"https:\/\/dehub.netgear.com\/de\/hub\/wp-json\/wp\/v2\/pages\/10321"}],"wp:featuredmedia":[{"embeddable":true,"href":"https:\/\/dehub.netgear.com\/de\/hub\/wp-json\/wp\/v2\/media\/10874"}],"wp:attachment":[{"href":"https:\/\/dehub.netgear.com\/de\/hub\/wp-json\/wp\/v2\/media?parent=10873"}],"curies":[{"name":"wp","href":"https:\/\/api.w.org\/{rel}","templated":true}]}}