{"id":10849,"date":"2025-01-08T08:39:09","date_gmt":"2025-10-13T06:39:12","guid":{"rendered":"https:\/\/dehub.netgear.com\/de\/hub\/?page_id=10849"},"modified":"2025-10-13T08:48:53","modified_gmt":"2025-10-13T06:48:53","slug":"nascar-ndi_infrastructure","status":"publish","type":"page","link":"https:\/\/dehub.netgear.com\/de\/hub\/business\/case-studies\/av-case-studies\/nascar-ndi_infrastructure\/","title":{"rendered":"NASCAR \u2013 Verbesserung der NDI-Infrastruktur mit NETGEAR"},"content":{"rendered":"<p><img loading=\"lazy\" decoding=\"async\" class=\"alignone size-full wp-image-10681\" style=\"border-radius: 1em;\" src=\"https:\/\/www.netgear.com\/hub\/wp-content\/uploads\/2025\/01\/Nascar-Header.jpg\" alt=\"\" width=\"1048\" height=\"511\" \/><\/p>\n    <div class=\"table-of-content bg-gray\">\n        <p><strong>IN THIS ARTICLE<\/strong><\/p>\n        <ul>\n                        <li><a href=\"#topic1\">HINTERGRUND<\/a><\/li>\n                        <li><a href=\"#topic2\">HERAUSFORDERUNG<\/a><\/li>\n                        <li><a href=\"#topic3\">L\u00d6SUNG<\/a><\/li>\n                        <li><a href=\"#topic4\">IMPLEMENTIERUNG<\/a><\/li>\n                        <li><a href=\"#topic5\">ERGEBNISSE<\/a><\/li>\n                        <li><a href=\"#topic6\">FAZIT<\/a><\/li>\n                        <li><a href=\"#topic7\">MEHR INFORMATIONEN<\/a><\/li>\n                    <\/ul>\n    <\/div>\n        <div id=\"topic1\" class=\"skip-item\">\n                        <h2>HINTERGRUND<\/h2>\n                <div style=\"background-color: #eeeeee;padding: 20px;width: 33%;float: right\">\n<p><strong>Unternehmen:<\/strong><br \/>\nNASCAR<\/p>\n<p><strong>Branche:<\/strong><br \/>\nSport und Unterhaltung<\/p>\n<p><strong>Website:<\/strong><br \/>\n<a href=\"https:\/\/www.nascar.com\">nascar.com<\/a><\/p>\n<p><strong>Standort:<\/strong><br \/>\nDaytona Beach, Florida, Vereinigte Staaten<\/p>\n<\/div>\n<p>NASCAR, die National Association for Stock Car Auto Racing, ist eine der f\u00fchrenden Motorsportorganisationen weltweit. Bekannt f\u00fcr spannende Rennen und eine leidenschaftliche Fangemeinde, setzt NASCAR auch auf modernste Technologie, um Millionen von Zuschauern hochwertige \u00dcbertragungserlebnisse zu bieten. Im Rahmen ihres Innovationsanspruchs hat NASCAR k\u00fcrzlich ihre NDI-Infrastruktur (Network Device Interface) erweitert, um nahtloses und Echtzeit-Videostreaming f\u00fcr Live-\u00dcbertragungen zu gew\u00e4hrleisten.<\/p>\n    <\/div>\n        <div id=\"topic2\" class=\"skip-item\">\n                        <h2>HERAUSFORDERUNG<\/h2>\n                <p>Die bestehende Netzwerk-Infrastruktur von <strong data-start=\"208\" data-end=\"218\">NASCAR<\/strong> konnte die hohen Bandbreiten- und Niedriglatenzanforderungen von <strong data-start=\"284\" data-end=\"299\">NDI-Streams<\/strong> nicht erf\u00fcllen \u2013 Anforderungen, die f\u00fcr die Echtzeit-Videoproduktion und -verteilung bei Live-Events entscheidend sind. Die Organisation ben\u00f6tigte eine zuverl\u00e4ssige und skalierbare L\u00f6sung, um ihre Workflows zu optimieren und einwandfreie \u00dcbertragungen zu gew\u00e4hrleisten.<\/p>\n    <\/div>\n        <div id=\"topic3\" class=\"skip-item\">\n                        <h2>L\u00d6SUNG<\/h2>\n                <p data-start=\"592\" data-end=\"894\">Um diesen Herausforderungen zu begegnen, integrierte NASCAR die <strong data-start=\"656\" data-end=\"703\">NETGEAR Switches der Serien M4250 und M4350<\/strong> in seine Infrastruktur. Speziell f\u00fcr <strong data-start=\"741\" data-end=\"767\">AV-over-IP-Anwendungen<\/strong> entwickelt, bot die M4250-Serie die n\u00f6tigen Funktionen, um NASCARs Videoproduktionskapazit\u00e4ten auf das n\u00e4chste Level zu heben:<\/p>\n<ul data-start=\"896\" data-end=\"1194\">\n<li data-start=\"896\" data-end=\"983\">\n<p data-start=\"898\" data-end=\"983\"><strong data-start=\"898\" data-end=\"917\">Hohe Portdichte<\/strong>: Unterst\u00fctzt nahtlos mehrere gleichzeitig betriebene NDI-Ger\u00e4te<\/p>\n<\/li>\n<li data-start=\"984\" data-end=\"1080\">\n<p data-start=\"986\" data-end=\"1080\"><strong data-start=\"986\" data-end=\"1013\">Niedriglatenz-Switching<\/strong>: Gew\u00e4hrleistet eine unterbrechungsfreie Echtzeit-Videoproduktion<\/p>\n<\/li>\n<li data-start=\"1081\" data-end=\"1194\">\n<p data-start=\"1083\" data-end=\"1194\"><strong data-start=\"1083\" data-end=\"1107\">Intuitive Verwaltung<\/strong>: Vereinfacht die Konfiguration und priorisiert AV-Datenverkehr f\u00fcr optimale Leistung<\/p>\n<\/li>\n<\/ul>\n    <\/div>\n        <div id=\"topic4\" class=\"skip-item\">\n                        <h2>IMPLEMENTIERUNG<\/h2>\n                <p>NASCAR setzte <strong data-start=\"1240\" data-end=\"1266\">NETGEAR M4250 Switches<\/strong> als R\u00fcckgrat der modernisierten <strong data-start=\"1299\" data-end=\"1320\">NDI-Infrastruktur<\/strong> ein. Die Switches wurden speziell konfiguriert, um den besonderen Anforderungen von AV-Datenverkehr gerecht zu werden, und erm\u00f6glichen so hochwertige und unterbrechungsfreie Videostreams w\u00e4hrend Live-\u00dcbertragungen. Die Umstellung auf dieses fortschrittliche System erfolgte effizient, sodass NASCAR seine Produktionspl\u00e4ne ohne Unterbrechungen einhalten konnte.<\/p>\n    <\/div>\n        <div id=\"topic5\" class=\"skip-item\">\n                        <h2>ERGEBNISSE<\/h2>\n                <p data-start=\"1708\" data-end=\"1787\">Der Einsatz der <strong data-start=\"1724\" data-end=\"1750\">NETGEAR M4250 Switches<\/strong> f\u00fchrte zu deutlichen Verbesserungen:<\/p>\n<ul data-start=\"1789\" data-end=\"2208\">\n<li data-start=\"1789\" data-end=\"1915\">\n<p data-start=\"1791\" data-end=\"1915\"><strong data-start=\"1791\" data-end=\"1827\">Verbesserte \u00dcbertragungsqualit\u00e4t<\/strong>: Ultra-niedrige Latenz und hochaufl\u00f6sende Videostreams f\u00fcr die Live-Berichterstattung<\/p>\n<\/li>\n<li data-start=\"1916\" data-end=\"2050\">\n<p data-start=\"1918\" data-end=\"2050\"><strong data-start=\"1918\" data-end=\"1944\">Betriebliche Effizienz<\/strong>: Optimierte Workflows reduzierten die Komplexit\u00e4t in der Produktion und erm\u00f6glichten schnellere Abl\u00e4ufe<\/p>\n<\/li>\n<li data-start=\"2051\" data-end=\"2208\">\n<p data-start=\"2053\" data-end=\"2208\"><strong data-start=\"2053\" data-end=\"2087\">Zukunftssichere Skalierbarkeit<\/strong>: Die Infrastruktur unterst\u00fctzt nun zus\u00e4tzliche NDI-Ger\u00e4te, w\u00e4hrend NASCAR seine \u00dcbertragungskapazit\u00e4ten weiter ausbaut<\/p>\n<\/li>\n<\/ul>\n    <\/div>\n        <div id=\"topic6\" class=\"skip-item\">\n                        <h2>FAZIT<\/h2>\n                <p>Durch die Einf\u00fchrung der <strong data-start=\"2255\" data-end=\"2281\">NETGEAR M4250 Switches<\/strong> konnte <strong data-start=\"2289\" data-end=\"2299\">NASCAR<\/strong> seine NDI-Infrastruktur erfolgreich modernisieren und somit nahtloses, zuverl\u00e4ssiges Videostreaming f\u00fcr Live-\u00dcbertragungen sicherstellen. Dieses Upgrade erm\u00f6glicht es NASCAR, weiterhin au\u00dfergew\u00f6hnliche Zuschauererlebnisse f\u00fcr ein weltweites Publikum zu liefern und gleichzeitig an der Spitze der Broadcast-Technologie zu bleiben.<\/p>\n    <\/div>\n        <div id=\"topic7\" class=\"skip-item\">\n                        <h2>MEHR INFORMATIONEN<\/h2>\n                <p><!-- IT NETGEAR BUSINESS-L\u00d6SUNGEN--><\/p>\n<p>Mehr \u00fcber unsere Business-Produkte erfahren<\/p>\n<div class=\"hs-cta-embed hs-cta-simple-placeholder hs-cta-embed-243392275167\" style=\"max-width: 100%;max-height: 100%;width: 260px;height: 50.390625px\" data-hubspot-wrapper-cta-id=\"243392275167\"><a href=\"https:\/\/cta-na2.hubspot.com\/web-interactives\/public\/v1\/track\/redirect?encryptedPayload=AVxigLI%2Fu8J7nFnep8w0CfLqqlWixXySh0cANLn7TQ3MtLEGeFdfhQxw3AVxVzYlZOkZoVB4gdslqY4il1pZTz7RSKy0mNw%2BF1Y6bdIwWiFAFfgtF%2FkXW%2Fmq0JFY6OQExFSwjiafSp97IxwGv6iNNhiT9X6MQziOnjaAnh9UsXCYR2VD1S791%2F7MVwT1TQ%3D%3D&amp;webInteractiveContentId=243392275167&amp;portalId=242128791\" target=\"_blank\" rel=\"noopener\"><br \/>\n<img decoding=\"async\" style=\"height: 100%;width: 100%;object-fit: fill\" src=\"https:\/\/hubspot-no-cache-na2-prod.s3.amazonaws.com\/cta\/default\/242128791\/interactive-243392275167.png\" alt=\"NETGEAR AV-L\u00d6SUNGEN\" \/><br \/>\n<\/a><\/div>\n<p><!-- IT ACADEMY --><\/p>\n<p>Alles \u00fcber IP-Netzwerke lernen \u2013 in der NETGEAR ACADEMY<\/p>\n<div class=\"hs-cta-embed hs-cta-simple-placeholder hs-cta-embed-243357267644\" style=\"max-width: 100%;max-height: 100%;width: 260px;height: 50.390625px\" data-hubspot-wrapper-cta-id=\"243357267644\"><a href=\"https:\/\/cta-na2.hubspot.com\/web-interactives\/public\/v1\/track\/redirect?encryptedPayload=AVxigLKW9uCCU9FL7iPOCpU%2BvA8Z1UfLRQT8691iSSqh%2BqLrpD%2FITlt6RGXTdhci0W5DkR0wb%2FpK%2BWToDj8Qf0HaQwR0kyzZgK35i%2BhitHvCmHPH8BmXutiugzeYtEHOY6aYTSXoNxDjJJwwtUXAzSqnxQuhx5jjnWcHl4zUp4Dt1tTG2PymP7esgNCNHKHECJ76tda5x0hFMo8JQo6UwGGb9CBw4fyYnA%3D%3D&amp;webInteractiveContentId=243357267644&amp;portalId=242128791\" target=\"_blank\" rel=\"noopener\"><br \/>\n<img decoding=\"async\" style=\"height: 100%;width: 100%;object-fit: fill\" src=\"https:\/\/hubspot-no-cache-na2-prod.s3.amazonaws.com\/cta\/default\/242128791\/interactive-243357267644.png\" alt=\"NETGEAR ACADEMY\" \/><br \/>\n<\/a><\/div>\n<p><!-- KONTAKT PRO-IT-TEAM --><\/p>\n<p>Unsere Ingenieure unterst\u00fctzen Sie kostenlos bei Ihrem Projekt<\/p>\n<div class=\"hs-cta-embed hs-cta-simple-placeholder hs-cta-embed-243357266676\" style=\"max-width: 100%;max-height: 100%;width: 270px;height: 50.390625px\" data-hubspot-wrapper-cta-id=\"243357266676\"><a href=\"https:\/\/cta-na2.hubspot.com\/web-interactives\/public\/v1\/track\/redirect?encryptedPayload=AVxigLL9MaHliYSOIHWsJvXrVuyffxSFGu%2FOD4neANfzotKQLgtjDgnA0CFJQWLPGl5hkjLPFJf7A76nk1yWw939l8y7nc4NGJ1%2Fa58epF2QbqIhW7KyV%2Fr75%2B8GCI%2FfEXyeGuic8buAEe%2F8pDQ63tT6ExQvwvvuG%2BeK5mOqM%2FlNsZUaeR4q5pghXZB3yAUIu7WWwKynlh9Y3Ug9ymAN6sNjHEzXMCgwSYmLqMh7eixTsrgTswO85eLb8rCODQ%3D%3D&amp;webInteractiveContentId=243357266676&amp;portalId=242128791\" target=\"_blank\" rel=\"noopener\"><br \/>\n<img decoding=\"async\" style=\"height: 100%;width: 100%;object-fit: fill\" src=\"https:\/\/hubspot-no-cache-na2-prod.s3.amazonaws.com\/cta\/default\/242128791\/interactive-243357266676.png\" alt=\"KONTAKT PROAV-TEAM\" \/><br \/>\n<\/a><\/div>\n<p><iframe loading=\"lazy\" src=\"https:\/\/405nrr.share-na2.hsforms.com\/25w_D-U5iS-e5KaSaP86jnQ\" width=\"100%\" height=\"1200px\"><\/iframe><\/p>\n    <\/div>\n    \n","protected":false},"excerpt":{"rendered":"","protected":false},"author":94,"featured_media":10851,"parent":10321,"menu_order":0,"comment_status":"closed","ping_status":"closed","template":"templates\/blog-wifi.php","meta":{"_acf_changed":false,"footnotes":""},"class_list":["post-10849","page","type-page","status-publish","has-post-thumbnail","hentry"],"acf":[],"yoast_head":"<!-- This site is optimized with the Yoast SEO plugin v27.4 - https:\/\/yoast.com\/product\/yoast-seo-wordpress\/ -->\n<title>NASCAR \u2013 Verbesserung der NDI-Infrastruktur mit NETGEAR - NETGEAR Hub<\/title>\n<meta name=\"robots\" content=\"index, follow, max-snippet:-1, max-image-preview:large, max-video-preview:-1\" \/>\n<link rel=\"canonical\" href=\"https:\/\/dehub.netgear.com\/de\/hub\/business\/case-studies\/av-case-studies\/nascar-ndi_infrastructure\/\" \/>\n<meta property=\"og:locale\" content=\"de_DE\" \/>\n<meta property=\"og:type\" content=\"article\" \/>\n<meta property=\"og:title\" content=\"NASCAR \u2013 Verbesserung der NDI-Infrastruktur mit NETGEAR - NETGEAR Hub\" \/>\n<meta property=\"og:url\" content=\"https:\/\/dehub.netgear.com\/de\/hub\/business\/case-studies\/av-case-studies\/nascar-ndi_infrastructure\/\" \/>\n<meta property=\"og:site_name\" content=\"NETGEAR Hub\" \/>\n<meta property=\"article:publisher\" content=\"https:\/\/www.facebook.com\/NetgearAU\/\" \/>\n<meta property=\"article:modified_time\" content=\"2025-10-13T06:48:53+00:00\" \/>\n<meta property=\"og:image\" content=\"https:\/\/dehub.netgear.com\/de\/hub\/wp-content\/uploads\/2025\/10\/Nascar-Daytona-383x288-1.jpg\" \/>\n\t<meta property=\"og:image:width\" content=\"383\" \/>\n\t<meta property=\"og:image:height\" content=\"288\" \/>\n\t<meta property=\"og:image:type\" content=\"image\/jpeg\" \/>\n<meta name=\"twitter:card\" content=\"summary_large_image\" \/>\n<meta name=\"twitter:site\" content=\"@NETGEAR\" \/>\n<script type=\"application\/ld+json\" class=\"yoast-schema-graph\">{\"@context\":\"https:\\\/\\\/schema.org\",\"@graph\":[{\"@type\":\"WebPage\",\"@id\":\"https:\\\/\\\/dehub.netgear.com\\\/de\\\/hub\\\/business\\\/case-studies\\\/av-case-studies\\\/nascar-ndi_infrastructure\\\/\",\"url\":\"https:\\\/\\\/dehub.netgear.com\\\/de\\\/hub\\\/business\\\/case-studies\\\/av-case-studies\\\/nascar-ndi_infrastructure\\\/\",\"name\":\"NASCAR \u2013 Verbesserung der NDI-Infrastruktur mit NETGEAR - NETGEAR Hub\",\"isPartOf\":{\"@id\":\"https:\\\/\\\/dehub.netgear.com\\\/de\\\/hub\\\/#website\"},\"primaryImageOfPage\":{\"@id\":\"https:\\\/\\\/dehub.netgear.com\\\/de\\\/hub\\\/business\\\/case-studies\\\/av-case-studies\\\/nascar-ndi_infrastructure\\\/#primaryimage\"},\"image\":{\"@id\":\"https:\\\/\\\/dehub.netgear.com\\\/de\\\/hub\\\/business\\\/case-studies\\\/av-case-studies\\\/nascar-ndi_infrastructure\\\/#primaryimage\"},\"thumbnailUrl\":\"https:\\\/\\\/dehub.netgear.com\\\/de\\\/hub\\\/wp-content\\\/uploads\\\/2025\\\/10\\\/Nascar-Daytona-383x288-1.jpg\",\"datePublished\":\"2025-10-13T06:39:12+00:00\",\"dateModified\":\"2025-10-13T06:48:53+00:00\",\"breadcrumb\":{\"@id\":\"https:\\\/\\\/dehub.netgear.com\\\/de\\\/hub\\\/business\\\/case-studies\\\/av-case-studies\\\/nascar-ndi_infrastructure\\\/#breadcrumb\"},\"inLanguage\":\"de\",\"potentialAction\":[{\"@type\":\"ReadAction\",\"target\":[\"https:\\\/\\\/dehub.netgear.com\\\/de\\\/hub\\\/business\\\/case-studies\\\/av-case-studies\\\/nascar-ndi_infrastructure\\\/\"]}]},{\"@type\":\"ImageObject\",\"inLanguage\":\"de\",\"@id\":\"https:\\\/\\\/dehub.netgear.com\\\/de\\\/hub\\\/business\\\/case-studies\\\/av-case-studies\\\/nascar-ndi_infrastructure\\\/#primaryimage\",\"url\":\"https:\\\/\\\/dehub.netgear.com\\\/de\\\/hub\\\/wp-content\\\/uploads\\\/2025\\\/10\\\/Nascar-Daytona-383x288-1.jpg\",\"contentUrl\":\"https:\\\/\\\/dehub.netgear.com\\\/de\\\/hub\\\/wp-content\\\/uploads\\\/2025\\\/10\\\/Nascar-Daytona-383x288-1.jpg\",\"width\":383,\"height\":288},{\"@type\":\"BreadcrumbList\",\"@id\":\"https:\\\/\\\/dehub.netgear.com\\\/de\\\/hub\\\/business\\\/case-studies\\\/av-case-studies\\\/nascar-ndi_infrastructure\\\/#breadcrumb\",\"itemListElement\":[{\"@type\":\"ListItem\",\"position\":1,\"name\":\"Home\",\"item\":\"https:\\\/\\\/dehub.netgear.com\\\/de\\\/hub\\\/\"},{\"@type\":\"ListItem\",\"position\":2,\"name\":\"Business Articles Hub\",\"item\":\"https:\\\/\\\/dehub.netgear.com\\\/de\\\/hub\\\/business\\\/\"},{\"@type\":\"ListItem\",\"position\":3,\"name\":\"All Case Studies &#8211; DE\",\"item\":\"https:\\\/\\\/dehub.netgear.com\\\/de\\\/hub\\\/business\\\/case-studies\\\/\"},{\"@type\":\"ListItem\",\"position\":4,\"name\":\"AV Case Studies &#8211; DE\",\"item\":\"https:\\\/\\\/dehub.netgear.com\\\/de\\\/hub\\\/business\\\/case-studies\\\/av-case-studies\\\/\"},{\"@type\":\"ListItem\",\"position\":5,\"name\":\"NASCAR \u2013 Verbesserung der NDI-Infrastruktur mit NETGEAR\"}]},{\"@type\":\"WebSite\",\"@id\":\"https:\\\/\\\/dehub.netgear.com\\\/de\\\/hub\\\/#website\",\"url\":\"https:\\\/\\\/dehub.netgear.com\\\/de\\\/hub\\\/\",\"name\":\"NETGEAR\",\"description\":\"Erkunden Sie unsere Hub-Seiten und st\u00f6bern Sie in Artikeln, um mehr \u00fcber NETGEAR Produkte und Technologien zu erfahren.\",\"publisher\":{\"@id\":\"https:\\\/\\\/dehub.netgear.com\\\/de\\\/hub\\\/#organization\"},\"potentialAction\":[{\"@type\":\"SearchAction\",\"target\":{\"@type\":\"EntryPoint\",\"urlTemplate\":\"https:\\\/\\\/dehub.netgear.com\\\/de\\\/hub\\\/?s={search_term_string}\"},\"query-input\":{\"@type\":\"PropertyValueSpecification\",\"valueRequired\":true,\"valueName\":\"search_term_string\"}}],\"inLanguage\":\"de\"},{\"@type\":\"Organization\",\"@id\":\"https:\\\/\\\/dehub.netgear.com\\\/de\\\/hub\\\/#organization\",\"name\":\"NETGEAR\",\"url\":\"https:\\\/\\\/dehub.netgear.com\\\/de\\\/hub\\\/\",\"logo\":{\"@type\":\"ImageObject\",\"inLanguage\":\"de\",\"@id\":\"https:\\\/\\\/dehub.netgear.com\\\/de\\\/hub\\\/#\\\/schema\\\/logo\\\/image\\\/\",\"url\":\"https:\\\/\\\/www.dehub.netgear.com\\\/de\\\/hub\\\/wp-content\\\/uploads\\\/2019\\\/07\\\/NETGEAR_logo.jpg\",\"contentUrl\":\"https:\\\/\\\/www.dehub.netgear.com\\\/de\\\/hub\\\/wp-content\\\/uploads\\\/2019\\\/07\\\/NETGEAR_logo.jpg\",\"width\":1500,\"height\":501,\"caption\":\"NETGEAR\"},\"image\":{\"@id\":\"https:\\\/\\\/dehub.netgear.com\\\/de\\\/hub\\\/#\\\/schema\\\/logo\\\/image\\\/\"},\"sameAs\":[\"https:\\\/\\\/www.facebook.com\\\/NetgearAU\\\/\",\"https:\\\/\\\/x.com\\\/NETGEAR\",\"https:\\\/\\\/www.linkedin.com\\\/company\\\/netgear\"]}]}<\/script>\n<!-- \/ Yoast SEO plugin. -->","yoast_head_json":{"title":"NASCAR \u2013 Verbesserung der NDI-Infrastruktur mit NETGEAR - NETGEAR Hub","robots":{"index":"index","follow":"follow","max-snippet":"max-snippet:-1","max-image-preview":"max-image-preview:large","max-video-preview":"max-video-preview:-1"},"canonical":"https:\/\/dehub.netgear.com\/de\/hub\/business\/case-studies\/av-case-studies\/nascar-ndi_infrastructure\/","og_locale":"de_DE","og_type":"article","og_title":"NASCAR \u2013 Verbesserung der NDI-Infrastruktur mit NETGEAR - NETGEAR Hub","og_url":"https:\/\/dehub.netgear.com\/de\/hub\/business\/case-studies\/av-case-studies\/nascar-ndi_infrastructure\/","og_site_name":"NETGEAR Hub","article_publisher":"https:\/\/www.facebook.com\/NetgearAU\/","article_modified_time":"2025-10-13T06:48:53+00:00","og_image":[{"width":383,"height":288,"url":"https:\/\/dehub.netgear.com\/de\/hub\/wp-content\/uploads\/2025\/10\/Nascar-Daytona-383x288-1.jpg","type":"image\/jpeg"}],"twitter_card":"summary_large_image","twitter_site":"@NETGEAR","schema":{"@context":"https:\/\/schema.org","@graph":[{"@type":"WebPage","@id":"https:\/\/dehub.netgear.com\/de\/hub\/business\/case-studies\/av-case-studies\/nascar-ndi_infrastructure\/","url":"https:\/\/dehub.netgear.com\/de\/hub\/business\/case-studies\/av-case-studies\/nascar-ndi_infrastructure\/","name":"NASCAR \u2013 Verbesserung der NDI-Infrastruktur mit NETGEAR - NETGEAR Hub","isPartOf":{"@id":"https:\/\/dehub.netgear.com\/de\/hub\/#website"},"primaryImageOfPage":{"@id":"https:\/\/dehub.netgear.com\/de\/hub\/business\/case-studies\/av-case-studies\/nascar-ndi_infrastructure\/#primaryimage"},"image":{"@id":"https:\/\/dehub.netgear.com\/de\/hub\/business\/case-studies\/av-case-studies\/nascar-ndi_infrastructure\/#primaryimage"},"thumbnailUrl":"https:\/\/dehub.netgear.com\/de\/hub\/wp-content\/uploads\/2025\/10\/Nascar-Daytona-383x288-1.jpg","datePublished":"2025-10-13T06:39:12+00:00","dateModified":"2025-10-13T06:48:53+00:00","breadcrumb":{"@id":"https:\/\/dehub.netgear.com\/de\/hub\/business\/case-studies\/av-case-studies\/nascar-ndi_infrastructure\/#breadcrumb"},"inLanguage":"de","potentialAction":[{"@type":"ReadAction","target":["https:\/\/dehub.netgear.com\/de\/hub\/business\/case-studies\/av-case-studies\/nascar-ndi_infrastructure\/"]}]},{"@type":"ImageObject","inLanguage":"de","@id":"https:\/\/dehub.netgear.com\/de\/hub\/business\/case-studies\/av-case-studies\/nascar-ndi_infrastructure\/#primaryimage","url":"https:\/\/dehub.netgear.com\/de\/hub\/wp-content\/uploads\/2025\/10\/Nascar-Daytona-383x288-1.jpg","contentUrl":"https:\/\/dehub.netgear.com\/de\/hub\/wp-content\/uploads\/2025\/10\/Nascar-Daytona-383x288-1.jpg","width":383,"height":288},{"@type":"BreadcrumbList","@id":"https:\/\/dehub.netgear.com\/de\/hub\/business\/case-studies\/av-case-studies\/nascar-ndi_infrastructure\/#breadcrumb","itemListElement":[{"@type":"ListItem","position":1,"name":"Home","item":"https:\/\/dehub.netgear.com\/de\/hub\/"},{"@type":"ListItem","position":2,"name":"Business Articles Hub","item":"https:\/\/dehub.netgear.com\/de\/hub\/business\/"},{"@type":"ListItem","position":3,"name":"All Case Studies &#8211; DE","item":"https:\/\/dehub.netgear.com\/de\/hub\/business\/case-studies\/"},{"@type":"ListItem","position":4,"name":"AV Case Studies &#8211; DE","item":"https:\/\/dehub.netgear.com\/de\/hub\/business\/case-studies\/av-case-studies\/"},{"@type":"ListItem","position":5,"name":"NASCAR \u2013 Verbesserung der NDI-Infrastruktur mit NETGEAR"}]},{"@type":"WebSite","@id":"https:\/\/dehub.netgear.com\/de\/hub\/#website","url":"https:\/\/dehub.netgear.com\/de\/hub\/","name":"NETGEAR","description":"Erkunden Sie unsere Hub-Seiten und st\u00f6bern Sie in Artikeln, um mehr \u00fcber NETGEAR Produkte und Technologien zu erfahren.","publisher":{"@id":"https:\/\/dehub.netgear.com\/de\/hub\/#organization"},"potentialAction":[{"@type":"SearchAction","target":{"@type":"EntryPoint","urlTemplate":"https:\/\/dehub.netgear.com\/de\/hub\/?s={search_term_string}"},"query-input":{"@type":"PropertyValueSpecification","valueRequired":true,"valueName":"search_term_string"}}],"inLanguage":"de"},{"@type":"Organization","@id":"https:\/\/dehub.netgear.com\/de\/hub\/#organization","name":"NETGEAR","url":"https:\/\/dehub.netgear.com\/de\/hub\/","logo":{"@type":"ImageObject","inLanguage":"de","@id":"https:\/\/dehub.netgear.com\/de\/hub\/#\/schema\/logo\/image\/","url":"https:\/\/www.dehub.netgear.com\/de\/hub\/wp-content\/uploads\/2019\/07\/NETGEAR_logo.jpg","contentUrl":"https:\/\/www.dehub.netgear.com\/de\/hub\/wp-content\/uploads\/2019\/07\/NETGEAR_logo.jpg","width":1500,"height":501,"caption":"NETGEAR"},"image":{"@id":"https:\/\/dehub.netgear.com\/de\/hub\/#\/schema\/logo\/image\/"},"sameAs":["https:\/\/www.facebook.com\/NetgearAU\/","https:\/\/x.com\/NETGEAR","https:\/\/www.linkedin.com\/company\/netgear"]}]}},"_links":{"self":[{"href":"https:\/\/dehub.netgear.com\/de\/hub\/wp-json\/wp\/v2\/pages\/10849","targetHints":{"allow":["GET"]}}],"collection":[{"href":"https:\/\/dehub.netgear.com\/de\/hub\/wp-json\/wp\/v2\/pages"}],"about":[{"href":"https:\/\/dehub.netgear.com\/de\/hub\/wp-json\/wp\/v2\/types\/page"}],"author":[{"embeddable":true,"href":"https:\/\/dehub.netgear.com\/de\/hub\/wp-json\/wp\/v2\/users\/94"}],"replies":[{"embeddable":true,"href":"https:\/\/dehub.netgear.com\/de\/hub\/wp-json\/wp\/v2\/comments?post=10849"}],"version-history":[{"count":2,"href":"https:\/\/dehub.netgear.com\/de\/hub\/wp-json\/wp\/v2\/pages\/10849\/revisions"}],"predecessor-version":[{"id":10852,"href":"https:\/\/dehub.netgear.com\/de\/hub\/wp-json\/wp\/v2\/pages\/10849\/revisions\/10852"}],"up":[{"embeddable":true,"href":"https:\/\/dehub.netgear.com\/de\/hub\/wp-json\/wp\/v2\/pages\/10321"}],"wp:featuredmedia":[{"embeddable":true,"href":"https:\/\/dehub.netgear.com\/de\/hub\/wp-json\/wp\/v2\/media\/10851"}],"wp:attachment":[{"href":"https:\/\/dehub.netgear.com\/de\/hub\/wp-json\/wp\/v2\/media?parent=10849"}],"curies":[{"name":"wp","href":"https:\/\/api.w.org\/{rel}","templated":true}]}}