{"id":10833,"date":"2025-03-11T17:03:09","date_gmt":"2025-10-10T15:03:54","guid":{"rendered":"https:\/\/dehub.netgear.com\/de\/hub\/?page_id=10833"},"modified":"2025-10-13T09:26:18","modified_gmt":"2025-10-13T07:26:18","slug":"theatres-philharmonics-cultural-centres","status":"publish","type":"page","link":"https:\/\/dehub.netgear.com\/de\/hub\/business\/case-studies\/av-case-studies\/theatres-philharmonics-cultural-centres\/","title":{"rendered":"Theater, Philharmonien, Kulturzentren"},"content":{"rendered":"<p><img loading=\"lazy\" decoding=\"async\" class=\"alignone size-full wp-image-10681\" style=\"border-radius: 1em;\" src=\"https:\/\/www.netgear.com\/hub\/wp-content\/uploads\/2025\/03\/miejski_osrodek_police_010.jpg\" alt=\"\" width=\"1048\" height=\"511\" \/><\/p>\n    <div class=\"table-of-content bg-gray\">\n        <p><strong>IN THIS ARTICLE<\/strong><\/p>\n        <ul>\n                        <li><a href=\"#topic1\">ZUSAMMENFASSUNG<\/a><\/li>\n                        <li><a href=\"#topic2\">HINTERGRUND<\/a><\/li>\n                        <li><a href=\"#topic3\">HERAUSFORDERUNG<\/a><\/li>\n                        <li><a href=\"#topic4\">L\u00d6SUNG<\/a><\/li>\n                        <li><a href=\"#topic5\">ERGEBNISSE<\/a><\/li>\n                        <li><a href=\"#topic6\">WEITERE INFORMATIONEN<\/a><\/li>\n                    <\/ul>\n    <\/div>\n        <div id=\"topic1\" class=\"skip-item\">\n                        <h2>ZUSAMMENFASSUNG<\/h2>\n                <div style=\"background-color: #eeeeee;padding: 20px;width: 33%;float: right\">\n<p><strong>Unternehmen:<\/strong><br \/>\nESS Audio sp. z o.o.<\/p>\n<p><strong>Branche:<\/strong><br \/>\nAV-Integration<\/p>\n<p><strong>Website:<\/strong><br \/>\n<a href=\"https:\/\/www.essaudio.pl\">essaudio.pl<\/a><\/p>\n<p><strong>Standort:<\/strong><br \/>\n\u0141omianki<\/p>\n<\/div>\n<p>Das Kommunale Kulturzentrum in Police wurde umfassend modernisiert und mit modernsten audiovisuellen L\u00f6sungen von Harman Professional Solutions ausgestattet. Das Projekt verwandelte den Veranstaltungsort in einen leistungsstarken Raum f\u00fcr verschiedene Events und stattete den Hauptsaal sowie den Kammermusiksaal mit modernsten Ton-, Steuerungs- und Projektionstechnologien aus. Die Investition unterstreicht die Bedeutung einer sorgf\u00e4ltigen Planung bei der Modernisierung kultureller Einrichtungen.<\/p>\n    <\/div>\n        <div id=\"topic2\" class=\"skip-item\">\n                        <h2>HINTERGRUND<\/h2>\n                <p>Das Kommunale Kulturzentrum in Police ist ein bedeutender Veranstaltungsort f\u00fcr kulturelle und k\u00fcnstlerische Events. Angesichts der rasanten technologischen Entwicklungen investierte das Zentrum strategisch in die Modernisierung der B\u00fchnenausstattung, der Soundsysteme und der AV-Steuerung, um den heutigen Anforderungen an Performances gerecht zu werden.<\/p>\n    <\/div>\n        <div id=\"topic3\" class=\"skip-item\">\n                        <h2>HERAUSFORDERUNG<\/h2>\n                <p>Der Veranstaltungsort ben\u00f6tigte eine flexible, benutzerfreundliche L\u00f6sung, die eine Vielzahl von Veranstaltungen \u2013 von professionellen Produktionen bis zu gemeinschaftlichen Aktivit\u00e4ten \u2013 unterst\u00fctzt und gleichzeitig zukunftssicher ist, um h\u00e4ufige Nachr\u00fcstungen zu vermeiden. Die vorhandenen Audio- und Steuerungssysteme waren veraltet und beeintr\u00e4chtigten die F\u00e4higkeit des Zentrums, sowohl K\u00fcnstlern als auch Publikum hochwertige Erlebnisse zu bieten.<\/p>\n    <\/div>\n        <div id=\"topic4\" class=\"skip-item\">\n                        <h2>L\u00d6SUNG<\/h2>\n                <p data-start=\"925\" data-end=\"1017\">ESS Audio implementierte ein hochmodernes Audiovisuelles System, bestehend aus:<\/p>\n<ul data-start=\"1019\" data-end=\"2052\">\n<li data-start=\"1019\" data-end=\"1668\">\n<p data-start=\"1021\" data-end=\"1037\"><strong data-start=\"1021\" data-end=\"1035\">Auditorium<\/strong><\/p>\n<ul data-start=\"1040\" data-end=\"1668\">\n<li data-start=\"1040\" data-end=\"1096\">\n<p data-start=\"1042\" data-end=\"1096\">JBL Professional VTX A8 Line Arrays (je 6 pro Seite)<\/p>\n<\/li>\n<li data-start=\"1099\" data-end=\"1138\">\n<p data-start=\"1101\" data-end=\"1138\">JBL ASB6128 Subwoofer (4 Einheiten)<\/p>\n<\/li>\n<li data-start=\"1141\" data-end=\"1187\">\n<p data-start=\"1143\" data-end=\"1187\">Crown iTech Series und XTi 2002 Verst\u00e4rker<\/p>\n<\/li>\n<li data-start=\"1190\" data-end=\"1262\">\n<p data-start=\"1192\" data-end=\"1262\">Soundcraft Vi3000 Digitalmischpult mit ViO\/D21 Cat5 MADI Erweiterung<\/p>\n<\/li>\n<li data-start=\"1265\" data-end=\"1334\">\n<p data-start=\"1267\" data-end=\"1334\">Soundcraft Ui16 f\u00fcr drahtloses Mischen per Tablet oder Smartphone<\/p>\n<\/li>\n<li data-start=\"1337\" data-end=\"1434\">\n<p data-start=\"1339\" data-end=\"1434\">JBL Professional 9300 &amp; 9310 Kinolautsprecher sowie JBL 4739 Lautsprecher hinter der Leinwand<\/p>\n<\/li>\n<li data-start=\"1437\" data-end=\"1481\">\n<p data-start=\"1439\" data-end=\"1481\">Crown DCi 4|1250N Verst\u00e4rker f\u00fcr Kinoton<\/p>\n<\/li>\n<li data-start=\"1484\" data-end=\"1568\">\n<p data-start=\"1486\" data-end=\"1568\">BSS Audioprozessoren und wandmontierte Controller f\u00fcr nahtloses Systemmanagement<\/p>\n<\/li>\n<li data-start=\"1571\" data-end=\"1668\">\n<p data-start=\"1573\" data-end=\"1668\">JBL Control 23-1 B\u00fchnenmonitore und AKG CK49 Schwanenhalsmikrofone f\u00fcr klare Sprachwiedergabe<\/p>\n<\/li>\n<\/ul>\n<\/li>\n<li data-start=\"1670\" data-end=\"1842\">\n<p data-start=\"1672\" data-end=\"1689\"><strong data-start=\"1672\" data-end=\"1687\">Kammer Saal<\/strong><\/p>\n<ul data-start=\"1692\" data-end=\"1842\">\n<li data-start=\"1692\" data-end=\"1734\">\n<p data-start=\"1694\" data-end=\"1734\">JBL EON 712 Lautsprecher (4 Einheiten)<\/p>\n<\/li>\n<li data-start=\"1737\" data-end=\"1797\">\n<p data-start=\"1739\" data-end=\"1797\">AKG WMS470 D5 Vocal- und Presenter Sets (je 4 Einheiten)<\/p>\n<\/li>\n<li data-start=\"1800\" data-end=\"1842\">\n<p data-start=\"1802\" data-end=\"1842\">Soundcraft Ui24R und Ui12 Digitalmixer<\/p>\n<\/li>\n<\/ul>\n<\/li>\n<li data-start=\"1844\" data-end=\"2052\">\n<p data-start=\"1846\" data-end=\"1867\"><strong data-start=\"1846\" data-end=\"1865\">Systemsteuerung<\/strong><\/p>\n<ul data-start=\"1870\" data-end=\"2052\">\n<li data-start=\"1870\" data-end=\"1978\">\n<p data-start=\"1872\" data-end=\"1978\">AMX Steuerungssystem mit DVX-3266-4K Matrix, DX-TX-DWP-4K-BL, DXL-TX-4K60 Sendern und 10-Zoll-Touchpanel<\/p>\n<\/li>\n<li data-start=\"1981\" data-end=\"2052\">\n<p data-start=\"1983\" data-end=\"2052\">NETGEAR GSM4248PX Managed Switch f\u00fcr zuverl\u00e4ssige Netzwerkanbindung<\/p>\n<\/li>\n<\/ul>\n<\/li>\n<\/ul>\n<p data-start=\"2054\" data-end=\"2182\">Zus\u00e4tzlich wurden neue Beleuchtungs- und LED-Projektionssysteme von Fachleuten von Stage Source und Perfect Display installiert.<\/p>\n    <\/div>\n        <div id=\"topic5\" class=\"skip-item\">\n                        <h2>ERGEBNISSE<\/h2>\n                <p data-start=\"2184\" data-end=\"2648\">Die Modernisierung hat das Kulturzentrum in einen vielseitigen Hochleistungsort verwandelt, der eine breitere Palette an Veranstaltungen mit professioneller Ton- und Bildqualit\u00e4t erm\u00f6glicht. Das neue Steuerungssystem vereinfacht den Betrieb und senkt die technischen Einstiegsh\u00fcrden f\u00fcr die Nutzer. Diese Modernisierung positioniert das Zentrum als wettbewerbsf\u00e4higen kulturellen Treffpunkt, der mit gr\u00f6\u00dferen St\u00e4dten wie Stettin konkurrieren kann.<\/p>\n<p data-start=\"2650\" data-end=\"3015\">S\u0142awomir Tomanek, der Soundingenieur des Zentrums, betonte den Wert strategischer Investitionen:<br data-start=\"2746\" data-end=\"2749\" \/><em data-start=\"2749\" data-end=\"3015\">\u201eDie schnelle Entwicklung der B\u00fchnentechnologie erfordert durchdachte Planung. In umfassende L\u00f6sungen zu investieren \u2013 und nicht nur in Ger\u00e4te \u2013 sichert die besten langfristigen Ergebnisse. Ein erfahrener Projektleiter maximiert die Wirkung solcher Investitionen.\u201c<\/em><\/p>\n    <\/div>\n        <div id=\"topic6\" class=\"skip-item\">\n                        <h2>WEITERE INFORMATIONEN<\/h2>\n                <p>Dieses Projekt unterstreicht die Kompetenz von Harman Professional Solutions bei der Aufwertung kultureller R\u00e4ume jeder Gr\u00f6\u00dfe. F\u00fcr weitere Informationen zu Harmans L\u00f6sungen f\u00fcr Theater, Konzerthallen und Kulturzentren besuchen Sie bitte <a href=\"https:\/\/www.harman.com\/\" target=\"_blank\" rel=\"noopener\">Harman Professional Solutions<\/a>. F\u00fcr Details zu ESS Audio besuchen Sie <a href=\"https:\/\/www.essaudio.pl\" target=\"_blank\" rel=\"noopener\">essaudio.pl<\/a><\/p>\n<p><!-- IT NETGEAR BUSINESS-L\u00d6SUNGEN--><\/p>\n<p>Mehr \u00fcber unsere Business-Produkte erfahren<\/p>\n<div class=\"hs-cta-embed hs-cta-simple-placeholder hs-cta-embed-243392275167\" style=\"max-width: 100%;max-height: 100%;width: 260px;height: 50.390625px\" data-hubspot-wrapper-cta-id=\"243392275167\"><a href=\"https:\/\/cta-na2.hubspot.com\/web-interactives\/public\/v1\/track\/redirect?encryptedPayload=AVxigLI%2Fu8J7nFnep8w0CfLqqlWixXySh0cANLn7TQ3MtLEGeFdfhQxw3AVxVzYlZOkZoVB4gdslqY4il1pZTz7RSKy0mNw%2BF1Y6bdIwWiFAFfgtF%2FkXW%2Fmq0JFY6OQExFSwjiafSp97IxwGv6iNNhiT9X6MQziOnjaAnh9UsXCYR2VD1S791%2F7MVwT1TQ%3D%3D&amp;webInteractiveContentId=243392275167&amp;portalId=242128791\" target=\"_blank\" rel=\"noopener\"><br \/>\n<img decoding=\"async\" style=\"height: 100%;width: 100%;object-fit: fill\" src=\"https:\/\/hubspot-no-cache-na2-prod.s3.amazonaws.com\/cta\/default\/242128791\/interactive-243392275167.png\" alt=\"NETGEAR AV-L\u00d6SUNGEN\" \/><br \/>\n<\/a><\/div>\n<p><!-- IT ACADEMY --><\/p>\n<p>Alles \u00fcber IP-Netzwerke lernen \u2013 in der NETGEAR ACADEMY<\/p>\n<div class=\"hs-cta-embed hs-cta-simple-placeholder hs-cta-embed-243357267644\" style=\"max-width: 100%;max-height: 100%;width: 260px;height: 50.390625px\" data-hubspot-wrapper-cta-id=\"243357267644\"><a href=\"https:\/\/cta-na2.hubspot.com\/web-interactives\/public\/v1\/track\/redirect?encryptedPayload=AVxigLKW9uCCU9FL7iPOCpU%2BvA8Z1UfLRQT8691iSSqh%2BqLrpD%2FITlt6RGXTdhci0W5DkR0wb%2FpK%2BWToDj8Qf0HaQwR0kyzZgK35i%2BhitHvCmHPH8BmXutiugzeYtEHOY6aYTSXoNxDjJJwwtUXAzSqnxQuhx5jjnWcHl4zUp4Dt1tTG2PymP7esgNCNHKHECJ76tda5x0hFMo8JQo6UwGGb9CBw4fyYnA%3D%3D&amp;webInteractiveContentId=243357267644&amp;portalId=242128791\" target=\"_blank\" rel=\"noopener\"><br \/>\n<img decoding=\"async\" style=\"height: 100%;width: 100%;object-fit: fill\" src=\"https:\/\/hubspot-no-cache-na2-prod.s3.amazonaws.com\/cta\/default\/242128791\/interactive-243357267644.png\" alt=\"NETGEAR ACADEMY\" \/><br \/>\n<\/a><\/div>\n<p><!-- KONTAKT PRO-IT-TEAM --><\/p>\n<p>Unsere Ingenieure unterst\u00fctzen Sie kostenlos bei Ihrem Projekt<\/p>\n<div class=\"hs-cta-embed hs-cta-simple-placeholder hs-cta-embed-243357266676\" style=\"max-width: 100%;max-height: 100%;width: 270px;height: 50.390625px\" data-hubspot-wrapper-cta-id=\"243357266676\"><a href=\"https:\/\/cta-na2.hubspot.com\/web-interactives\/public\/v1\/track\/redirect?encryptedPayload=AVxigLL9MaHliYSOIHWsJvXrVuyffxSFGu%2FOD4neANfzotKQLgtjDgnA0CFJQWLPGl5hkjLPFJf7A76nk1yWw939l8y7nc4NGJ1%2Fa58epF2QbqIhW7KyV%2Fr75%2B8GCI%2FfEXyeGuic8buAEe%2F8pDQ63tT6ExQvwvvuG%2BeK5mOqM%2FlNsZUaeR4q5pghXZB3yAUIu7WWwKynlh9Y3Ug9ymAN6sNjHEzXMCgwSYmLqMh7eixTsrgTswO85eLb8rCODQ%3D%3D&amp;webInteractiveContentId=243357266676&amp;portalId=242128791\" target=\"_blank\" rel=\"noopener\"><br \/>\n<img decoding=\"async\" style=\"height: 100%;width: 100%;object-fit: fill\" src=\"https:\/\/hubspot-no-cache-na2-prod.s3.amazonaws.com\/cta\/default\/242128791\/interactive-243357266676.png\" alt=\"KONTAKT PROAV-TEAM\" \/><br \/>\n<\/a><\/div>\n<p><iframe loading=\"lazy\" src=\"https:\/\/405nrr.share-na2.hsforms.com\/25w_D-U5iS-e5KaSaP86jnQ\" width=\"100%\" height=\"1200px\"><\/iframe><\/p>\n    <\/div>\n    \n","protected":false},"excerpt":{"rendered":"","protected":false},"author":94,"featured_media":10835,"parent":10321,"menu_order":0,"comment_status":"closed","ping_status":"closed","template":"templates\/blog-wifi.php","meta":{"_acf_changed":false,"footnotes":""},"class_list":["post-10833","page","type-page","status-publish","has-post-thumbnail","hentry"],"acf":[],"yoast_head":"<!-- This site is optimized with the Yoast SEO plugin v27.4 - https:\/\/yoast.com\/product\/yoast-seo-wordpress\/ -->\n<title>Theater, Philharmonien, Kulturzentren - NETGEAR Hub<\/title>\n<meta name=\"robots\" content=\"index, follow, max-snippet:-1, max-image-preview:large, max-video-preview:-1\" \/>\n<link rel=\"canonical\" href=\"https:\/\/dehub.netgear.com\/de\/hub\/business\/case-studies\/av-case-studies\/theatres-philharmonics-cultural-centres\/\" \/>\n<meta property=\"og:locale\" content=\"de_DE\" \/>\n<meta property=\"og:type\" content=\"article\" \/>\n<meta property=\"og:title\" content=\"Theater, Philharmonien, Kulturzentren - NETGEAR Hub\" \/>\n<meta property=\"og:url\" content=\"https:\/\/dehub.netgear.com\/de\/hub\/business\/case-studies\/av-case-studies\/theatres-philharmonics-cultural-centres\/\" \/>\n<meta property=\"og:site_name\" content=\"NETGEAR Hub\" \/>\n<meta property=\"article:publisher\" content=\"https:\/\/www.facebook.com\/NetgearAU\/\" \/>\n<meta property=\"article:modified_time\" content=\"2025-10-13T07:26:18+00:00\" \/>\n<meta property=\"og:image\" content=\"https:\/\/dehub.netgear.com\/de\/hub\/wp-content\/uploads\/2025\/10\/Cinema-1-383x288-2.jpg\" \/>\n\t<meta property=\"og:image:width\" content=\"383\" \/>\n\t<meta property=\"og:image:height\" content=\"288\" \/>\n\t<meta property=\"og:image:type\" content=\"image\/jpeg\" \/>\n<meta name=\"twitter:card\" content=\"summary_large_image\" \/>\n<meta name=\"twitter:site\" content=\"@NETGEAR\" \/>\n<script type=\"application\/ld+json\" class=\"yoast-schema-graph\">{\"@context\":\"https:\\\/\\\/schema.org\",\"@graph\":[{\"@type\":\"WebPage\",\"@id\":\"https:\\\/\\\/dehub.netgear.com\\\/de\\\/hub\\\/business\\\/case-studies\\\/av-case-studies\\\/theatres-philharmonics-cultural-centres\\\/\",\"url\":\"https:\\\/\\\/dehub.netgear.com\\\/de\\\/hub\\\/business\\\/case-studies\\\/av-case-studies\\\/theatres-philharmonics-cultural-centres\\\/\",\"name\":\"Theater, Philharmonien, Kulturzentren - NETGEAR Hub\",\"isPartOf\":{\"@id\":\"https:\\\/\\\/dehub.netgear.com\\\/de\\\/hub\\\/#website\"},\"primaryImageOfPage\":{\"@id\":\"https:\\\/\\\/dehub.netgear.com\\\/de\\\/hub\\\/business\\\/case-studies\\\/av-case-studies\\\/theatres-philharmonics-cultural-centres\\\/#primaryimage\"},\"image\":{\"@id\":\"https:\\\/\\\/dehub.netgear.com\\\/de\\\/hub\\\/business\\\/case-studies\\\/av-case-studies\\\/theatres-philharmonics-cultural-centres\\\/#primaryimage\"},\"thumbnailUrl\":\"https:\\\/\\\/dehub.netgear.com\\\/de\\\/hub\\\/wp-content\\\/uploads\\\/2025\\\/10\\\/Cinema-1-383x288-2.jpg\",\"datePublished\":\"2025-10-10T15:03:54+00:00\",\"dateModified\":\"2025-10-13T07:26:18+00:00\",\"breadcrumb\":{\"@id\":\"https:\\\/\\\/dehub.netgear.com\\\/de\\\/hub\\\/business\\\/case-studies\\\/av-case-studies\\\/theatres-philharmonics-cultural-centres\\\/#breadcrumb\"},\"inLanguage\":\"de\",\"potentialAction\":[{\"@type\":\"ReadAction\",\"target\":[\"https:\\\/\\\/dehub.netgear.com\\\/de\\\/hub\\\/business\\\/case-studies\\\/av-case-studies\\\/theatres-philharmonics-cultural-centres\\\/\"]}]},{\"@type\":\"ImageObject\",\"inLanguage\":\"de\",\"@id\":\"https:\\\/\\\/dehub.netgear.com\\\/de\\\/hub\\\/business\\\/case-studies\\\/av-case-studies\\\/theatres-philharmonics-cultural-centres\\\/#primaryimage\",\"url\":\"https:\\\/\\\/dehub.netgear.com\\\/de\\\/hub\\\/wp-content\\\/uploads\\\/2025\\\/10\\\/Cinema-1-383x288-2.jpg\",\"contentUrl\":\"https:\\\/\\\/dehub.netgear.com\\\/de\\\/hub\\\/wp-content\\\/uploads\\\/2025\\\/10\\\/Cinema-1-383x288-2.jpg\",\"width\":383,\"height\":288},{\"@type\":\"BreadcrumbList\",\"@id\":\"https:\\\/\\\/dehub.netgear.com\\\/de\\\/hub\\\/business\\\/case-studies\\\/av-case-studies\\\/theatres-philharmonics-cultural-centres\\\/#breadcrumb\",\"itemListElement\":[{\"@type\":\"ListItem\",\"position\":1,\"name\":\"Home\",\"item\":\"https:\\\/\\\/dehub.netgear.com\\\/de\\\/hub\\\/\"},{\"@type\":\"ListItem\",\"position\":2,\"name\":\"Business Articles Hub\",\"item\":\"https:\\\/\\\/dehub.netgear.com\\\/de\\\/hub\\\/business\\\/\"},{\"@type\":\"ListItem\",\"position\":3,\"name\":\"All Case Studies &#8211; DE\",\"item\":\"https:\\\/\\\/dehub.netgear.com\\\/de\\\/hub\\\/business\\\/case-studies\\\/\"},{\"@type\":\"ListItem\",\"position\":4,\"name\":\"AV Case Studies &#8211; DE\",\"item\":\"https:\\\/\\\/dehub.netgear.com\\\/de\\\/hub\\\/business\\\/case-studies\\\/av-case-studies\\\/\"},{\"@type\":\"ListItem\",\"position\":5,\"name\":\"Theater, Philharmonien, Kulturzentren\"}]},{\"@type\":\"WebSite\",\"@id\":\"https:\\\/\\\/dehub.netgear.com\\\/de\\\/hub\\\/#website\",\"url\":\"https:\\\/\\\/dehub.netgear.com\\\/de\\\/hub\\\/\",\"name\":\"NETGEAR\",\"description\":\"Erkunden Sie unsere Hub-Seiten und st\u00f6bern Sie in Artikeln, um mehr \u00fcber NETGEAR Produkte und Technologien zu erfahren.\",\"publisher\":{\"@id\":\"https:\\\/\\\/dehub.netgear.com\\\/de\\\/hub\\\/#organization\"},\"potentialAction\":[{\"@type\":\"SearchAction\",\"target\":{\"@type\":\"EntryPoint\",\"urlTemplate\":\"https:\\\/\\\/dehub.netgear.com\\\/de\\\/hub\\\/?s={search_term_string}\"},\"query-input\":{\"@type\":\"PropertyValueSpecification\",\"valueRequired\":true,\"valueName\":\"search_term_string\"}}],\"inLanguage\":\"de\"},{\"@type\":\"Organization\",\"@id\":\"https:\\\/\\\/dehub.netgear.com\\\/de\\\/hub\\\/#organization\",\"name\":\"NETGEAR\",\"url\":\"https:\\\/\\\/dehub.netgear.com\\\/de\\\/hub\\\/\",\"logo\":{\"@type\":\"ImageObject\",\"inLanguage\":\"de\",\"@id\":\"https:\\\/\\\/dehub.netgear.com\\\/de\\\/hub\\\/#\\\/schema\\\/logo\\\/image\\\/\",\"url\":\"https:\\\/\\\/www.dehub.netgear.com\\\/de\\\/hub\\\/wp-content\\\/uploads\\\/2019\\\/07\\\/NETGEAR_logo.jpg\",\"contentUrl\":\"https:\\\/\\\/www.dehub.netgear.com\\\/de\\\/hub\\\/wp-content\\\/uploads\\\/2019\\\/07\\\/NETGEAR_logo.jpg\",\"width\":1500,\"height\":501,\"caption\":\"NETGEAR\"},\"image\":{\"@id\":\"https:\\\/\\\/dehub.netgear.com\\\/de\\\/hub\\\/#\\\/schema\\\/logo\\\/image\\\/\"},\"sameAs\":[\"https:\\\/\\\/www.facebook.com\\\/NetgearAU\\\/\",\"https:\\\/\\\/x.com\\\/NETGEAR\",\"https:\\\/\\\/www.linkedin.com\\\/company\\\/netgear\"]}]}<\/script>\n<!-- \/ Yoast SEO plugin. -->","yoast_head_json":{"title":"Theater, Philharmonien, Kulturzentren - NETGEAR Hub","robots":{"index":"index","follow":"follow","max-snippet":"max-snippet:-1","max-image-preview":"max-image-preview:large","max-video-preview":"max-video-preview:-1"},"canonical":"https:\/\/dehub.netgear.com\/de\/hub\/business\/case-studies\/av-case-studies\/theatres-philharmonics-cultural-centres\/","og_locale":"de_DE","og_type":"article","og_title":"Theater, Philharmonien, Kulturzentren - NETGEAR Hub","og_url":"https:\/\/dehub.netgear.com\/de\/hub\/business\/case-studies\/av-case-studies\/theatres-philharmonics-cultural-centres\/","og_site_name":"NETGEAR Hub","article_publisher":"https:\/\/www.facebook.com\/NetgearAU\/","article_modified_time":"2025-10-13T07:26:18+00:00","og_image":[{"width":383,"height":288,"url":"https:\/\/dehub.netgear.com\/de\/hub\/wp-content\/uploads\/2025\/10\/Cinema-1-383x288-2.jpg","type":"image\/jpeg"}],"twitter_card":"summary_large_image","twitter_site":"@NETGEAR","schema":{"@context":"https:\/\/schema.org","@graph":[{"@type":"WebPage","@id":"https:\/\/dehub.netgear.com\/de\/hub\/business\/case-studies\/av-case-studies\/theatres-philharmonics-cultural-centres\/","url":"https:\/\/dehub.netgear.com\/de\/hub\/business\/case-studies\/av-case-studies\/theatres-philharmonics-cultural-centres\/","name":"Theater, Philharmonien, Kulturzentren - NETGEAR Hub","isPartOf":{"@id":"https:\/\/dehub.netgear.com\/de\/hub\/#website"},"primaryImageOfPage":{"@id":"https:\/\/dehub.netgear.com\/de\/hub\/business\/case-studies\/av-case-studies\/theatres-philharmonics-cultural-centres\/#primaryimage"},"image":{"@id":"https:\/\/dehub.netgear.com\/de\/hub\/business\/case-studies\/av-case-studies\/theatres-philharmonics-cultural-centres\/#primaryimage"},"thumbnailUrl":"https:\/\/dehub.netgear.com\/de\/hub\/wp-content\/uploads\/2025\/10\/Cinema-1-383x288-2.jpg","datePublished":"2025-10-10T15:03:54+00:00","dateModified":"2025-10-13T07:26:18+00:00","breadcrumb":{"@id":"https:\/\/dehub.netgear.com\/de\/hub\/business\/case-studies\/av-case-studies\/theatres-philharmonics-cultural-centres\/#breadcrumb"},"inLanguage":"de","potentialAction":[{"@type":"ReadAction","target":["https:\/\/dehub.netgear.com\/de\/hub\/business\/case-studies\/av-case-studies\/theatres-philharmonics-cultural-centres\/"]}]},{"@type":"ImageObject","inLanguage":"de","@id":"https:\/\/dehub.netgear.com\/de\/hub\/business\/case-studies\/av-case-studies\/theatres-philharmonics-cultural-centres\/#primaryimage","url":"https:\/\/dehub.netgear.com\/de\/hub\/wp-content\/uploads\/2025\/10\/Cinema-1-383x288-2.jpg","contentUrl":"https:\/\/dehub.netgear.com\/de\/hub\/wp-content\/uploads\/2025\/10\/Cinema-1-383x288-2.jpg","width":383,"height":288},{"@type":"BreadcrumbList","@id":"https:\/\/dehub.netgear.com\/de\/hub\/business\/case-studies\/av-case-studies\/theatres-philharmonics-cultural-centres\/#breadcrumb","itemListElement":[{"@type":"ListItem","position":1,"name":"Home","item":"https:\/\/dehub.netgear.com\/de\/hub\/"},{"@type":"ListItem","position":2,"name":"Business Articles Hub","item":"https:\/\/dehub.netgear.com\/de\/hub\/business\/"},{"@type":"ListItem","position":3,"name":"All Case Studies &#8211; DE","item":"https:\/\/dehub.netgear.com\/de\/hub\/business\/case-studies\/"},{"@type":"ListItem","position":4,"name":"AV Case Studies &#8211; DE","item":"https:\/\/dehub.netgear.com\/de\/hub\/business\/case-studies\/av-case-studies\/"},{"@type":"ListItem","position":5,"name":"Theater, Philharmonien, Kulturzentren"}]},{"@type":"WebSite","@id":"https:\/\/dehub.netgear.com\/de\/hub\/#website","url":"https:\/\/dehub.netgear.com\/de\/hub\/","name":"NETGEAR","description":"Erkunden Sie unsere Hub-Seiten und st\u00f6bern Sie in Artikeln, um mehr \u00fcber NETGEAR Produkte und Technologien zu erfahren.","publisher":{"@id":"https:\/\/dehub.netgear.com\/de\/hub\/#organization"},"potentialAction":[{"@type":"SearchAction","target":{"@type":"EntryPoint","urlTemplate":"https:\/\/dehub.netgear.com\/de\/hub\/?s={search_term_string}"},"query-input":{"@type":"PropertyValueSpecification","valueRequired":true,"valueName":"search_term_string"}}],"inLanguage":"de"},{"@type":"Organization","@id":"https:\/\/dehub.netgear.com\/de\/hub\/#organization","name":"NETGEAR","url":"https:\/\/dehub.netgear.com\/de\/hub\/","logo":{"@type":"ImageObject","inLanguage":"de","@id":"https:\/\/dehub.netgear.com\/de\/hub\/#\/schema\/logo\/image\/","url":"https:\/\/www.dehub.netgear.com\/de\/hub\/wp-content\/uploads\/2019\/07\/NETGEAR_logo.jpg","contentUrl":"https:\/\/www.dehub.netgear.com\/de\/hub\/wp-content\/uploads\/2019\/07\/NETGEAR_logo.jpg","width":1500,"height":501,"caption":"NETGEAR"},"image":{"@id":"https:\/\/dehub.netgear.com\/de\/hub\/#\/schema\/logo\/image\/"},"sameAs":["https:\/\/www.facebook.com\/NetgearAU\/","https:\/\/x.com\/NETGEAR","https:\/\/www.linkedin.com\/company\/netgear"]}]}},"_links":{"self":[{"href":"https:\/\/dehub.netgear.com\/de\/hub\/wp-json\/wp\/v2\/pages\/10833","targetHints":{"allow":["GET"]}}],"collection":[{"href":"https:\/\/dehub.netgear.com\/de\/hub\/wp-json\/wp\/v2\/pages"}],"about":[{"href":"https:\/\/dehub.netgear.com\/de\/hub\/wp-json\/wp\/v2\/types\/page"}],"author":[{"embeddable":true,"href":"https:\/\/dehub.netgear.com\/de\/hub\/wp-json\/wp\/v2\/users\/94"}],"replies":[{"embeddable":true,"href":"https:\/\/dehub.netgear.com\/de\/hub\/wp-json\/wp\/v2\/comments?post=10833"}],"version-history":[{"count":2,"href":"https:\/\/dehub.netgear.com\/de\/hub\/wp-json\/wp\/v2\/pages\/10833\/revisions"}],"predecessor-version":[{"id":10865,"href":"https:\/\/dehub.netgear.com\/de\/hub\/wp-json\/wp\/v2\/pages\/10833\/revisions\/10865"}],"up":[{"embeddable":true,"href":"https:\/\/dehub.netgear.com\/de\/hub\/wp-json\/wp\/v2\/pages\/10321"}],"wp:featuredmedia":[{"embeddable":true,"href":"https:\/\/dehub.netgear.com\/de\/hub\/wp-json\/wp\/v2\/media\/10835"}],"wp:attachment":[{"href":"https:\/\/dehub.netgear.com\/de\/hub\/wp-json\/wp\/v2\/media?parent=10833"}],"curies":[{"name":"wp","href":"https:\/\/api.w.org\/{rel}","templated":true}]}}