{"id":10819,"date":"2025-07-16T15:46:09","date_gmt":"2025-10-10T13:46:59","guid":{"rendered":"https:\/\/dehub.netgear.com\/de\/hub\/?page_id=10819"},"modified":"2025-10-13T08:18:56","modified_gmt":"2025-10-13T06:18:56","slug":"one-raffles-quays-future-ready-av-solution","status":"publish","type":"page","link":"https:\/\/dehub.netgear.com\/de\/hub\/business\/case-studies\/av-case-studies\/one-raffles-quays-future-ready-av-solution\/","title":{"rendered":"Die zukunftssichere NETGEAR AV-L\u00f6sung von One Raffles Quay"},"content":{"rendered":"<p><img loading=\"lazy\" decoding=\"async\" class=\"alignone size-full wp-image-10681\" style=\"border-radius: 1em;\" src=\"https:\/\/www.netgear.com\/hub\/wp-content\/uploads\/2025\/07\/OneRaffles-1.jpg\" alt=\"\" width=\"1048\" height=\"511\" \/><\/p>\n    <div class=\"table-of-content bg-gray\">\n        <p><strong>IN THIS ARTICLE<\/strong><\/p>\n        <ul>\n                        <li><a href=\"#topic1\">HINTERGRUND<\/a><\/li>\n                        <li><a href=\"#topic2\">HERAUSFORDERUNG<\/a><\/li>\n                        <li><a href=\"#topic3\">L\u00d6SUNG<\/a><\/li>\n                        <li><a href=\"#topic4\">ERGEBNISSE<\/a><\/li>\n                        <li><a href=\"#topic5\">WEITERE INFORMATIONEN<\/a><\/li>\n                    <\/ul>\n    <\/div>\n        <div id=\"topic1\" class=\"skip-item\">\n                        <h2>HINTERGRUND<\/h2>\n                <div style=\"background-color: #eeeeee;padding: 20px;width: 33%;float: right\">\n<p><strong>Unternehmen:<\/strong><br \/>\nOne Raffles Quay<\/p>\n<p><strong>Branche:<\/strong><br \/>\nGewerbeimmobilien<br \/>\n<strong>Website:<\/strong><br \/>\n<a href=\"https:\/\/www.orq.com\">www.orq.com<\/a><\/p>\n<p><strong>Standort:<\/strong><br \/>\nSingapur<\/p>\n<\/div>\n<p>Beim Besuch von One Raffles Quay erleben Gesch\u00e4ftsleute und Besucher eine der prestigetr\u00e4chtigsten Gewerbeimmobilien Singapurs \u2013 mit zwei Grade-A-B\u00fcrot\u00fcrmen, die durch eine beeindruckende \u00fcberdachte Open Plaza verbunden sind. Doch hinter den Kulissen l\u00e4uft eine weitere essenzielle Operation ab: die Technologie, die dynamische digitale Beschilderung, Firmenpr\u00e4sentationen und Live-Event-Streaming in diesem architektonischen Meisterwerk erm\u00f6glicht. Die integrierte AV-L\u00f6sung von Spectrum Audio Visual gew\u00e4hrleistet den reibungslosen Betrieb dieser kritischen Systeme. Seit der Installation bietet sie au\u00dfergew\u00f6hnliche Zuverl\u00e4ssigkeit, intuitive Bedienung und die F\u00e4higkeit, den anspruchsvollen Anforderungen eines halb-au\u00dfenliegenden Umfelds im tropischen Klima Singapurs gerecht zu werden.<\/p>\n<p>One Raffles Quay dient seit Jahren als erstklassiger Gesch\u00e4ftsknotenpunkt im zentralen Gesch\u00e4ftsviertel Singapurs. Entworfen von den in New York ans\u00e4ssigen Architekten Kohn Pedersen Fox, verk\u00f6rpert die Entwicklung zeitlose professionelle Eleganz und st\u00e4rkt zugleich Singapurs Position als Finanzhauptstadt S\u00fcdostasiens. Der Standort wurde unter anderem mit dem BCA Green Mark Platinum Award 2019 sowie dem Prix d\u2019Excellence in der Kategorie \u201eOffice\u201c durch die International Real Estate Federation (FIABCI) im Jahr 2008 ausgezeichnet.<\/p>\n<p>Als hochkar\u00e4tiges Geb\u00e4ude, das renommierte Firmenmieter beherbergt, ben\u00f6tigt One Raffles Quay au\u00dfergew\u00f6hnlich robuste audiovisuelle Systeme. Diese Technologien m\u00fcssen fehlerfrei funktionieren, um nicht nur ein hervorragendes Besuchererlebnis zu gew\u00e4hrleisten, sondern auch verl\u00e4ssliche Unterst\u00fctzung f\u00fcr Firmenevents und digitale Kommunikation zu bieten. Das Geb\u00e4udemanagement betont, dass Technologie in dieser mission-kritischen Umgebung vor allem Zuverl\u00e4ssigkeit bieten muss, da Ausfallzeiten schlichtweg nicht akzeptabel sind.<\/p>\n    <\/div>\n        <div id=\"topic2\" class=\"skip-item\">\n                        <h2>HERAUSFORDERUNG<\/h2>\n                <p data-start=\"109\" data-end=\"359\">Wie viele hochwertige Gewerbeimmobilien musste One Raffles Quay seine \u00f6ffentlichen Bereiche mit modernen digitalen Erlebnissen aufwerten und dabei die anspruchsvolle \u00c4sthetik bewahren, die das Anwesen pr\u00e4gt.<br data-start=\"316\" data-end=\"319\" \/>Die Herausforderungen waren erheblich:<\/p>\n<ul data-start=\"360\" data-end=\"918\">\n<li data-start=\"360\" data-end=\"468\">\n<p data-start=\"362\" data-end=\"468\">Ein straffer Zeitplan von nur 23 Tagen von der Planung bis zur Inbetriebnahme (22. April \u2013 15. Mai 2025)<\/p>\n<\/li>\n<li data-start=\"469\" data-end=\"596\">\n<p data-start=\"471\" data-end=\"596\">Installation in einem lebendigen Fu\u00dfg\u00e4ngerbereich mit hohem Besucheraufkommen, was eine sorgf\u00e4ltige Koordination erforderte<\/p>\n<\/li>\n<li data-start=\"597\" data-end=\"725\">\n<p data-start=\"599\" data-end=\"725\">Halb-au\u00dfenliegende Lage mit Anforderungen an wetterfeste Ger\u00e4te, die den tropischen Bedingungen Singapurs standhalten m\u00fcssen<\/p>\n<\/li>\n<li data-start=\"726\" data-end=\"821\">\n<p data-start=\"728\" data-end=\"821\">Integration verschiedener Inhaltsarten wie Beschilderung, Pr\u00e4sentationen und Live-Streaming<\/p>\n<\/li>\n<li data-start=\"822\" data-end=\"918\">\n<p data-start=\"824\" data-end=\"918\">Erfordernis einer netzwerkf\u00e4higen Unternehmensl\u00f6sung mit absoluter Ausfallzeit-Null-Toleranz<\/p>\n<\/li>\n<\/ul>\n<p data-start=\"920\" data-end=\"1151\">Das Projektteam, bestehend aus dem AV-Berater Arup und dem Content-Anbieter Cfire, suchte eine L\u00f6sung, die professionelle Leistung bietet und zugleich intuitiv genug ist, damit nicht-technisches Personal sie effektiv bedienen kann.<\/p>\n    <\/div>\n        <div id=\"topic3\" class=\"skip-item\">\n                        <h2>L\u00d6SUNG<\/h2>\n                <p data-start=\"1170\" data-end=\"1592\">Nach eingehender Pr\u00fcfung w\u00e4hlte das Team Spectrum Audio Visual aus, um eine umfassende AV-L\u00f6sung zu konzipieren und bereitzustellen, die auf gro\u00dfformatigen LED-Displays, professionellen Audiosystemen und robuster Netzwerkinfrastruktur basiert. Die L\u00f6sung wurde in mehreren Bereichen des Garden Plaza und angrenzender Zonen implementiert, wobei redundante Netzwerkkonfigurationen eine zuverl\u00e4ssige Funktion gew\u00e4hrleisten.<\/p>\n<p data-start=\"1594\" data-end=\"2059\">Die Umsetzung umfasst ein vollst\u00e4ndiges Digital Signage-Netzwerk mit zwei gro\u00dfformatigen Planar P2.5mm LED-Videow\u00e4nden, professionellen Lautsprechersystemen von JBL und Electro-Voice f\u00fcr Veranstaltungen und Hintergrundbeschallung sowie ein IP-basiertes AV-Verteilungssystem mit Kramer-Encodern und -Decodern. NETGEAR-verwaltete Switches bilden das R\u00fcckgrat f\u00fcr Steuerungssysteme, Inhaltsverwaltung und Live-Streaming-Funktionalit\u00e4ten \u00fcber integrierte PTZ-Kameras.<\/p>\n<p data-start=\"2061\" data-end=\"2336\">Die integrierte L\u00f6sung ist einfach zu bedienen und bietet erhebliche betriebliche Vorteile, die es dem Anwesen erm\u00f6glichen, ehrgeizige digitale Placemaking-Initiativen zu verfolgen und den Platz in eine dynamische, ansprechende Umgebung f\u00fcr Mieter und Besucher zu verwandeln.<\/p>\n    <\/div>\n        <div id=\"topic4\" class=\"skip-item\">\n                        <h2>ERGEBNISSE<\/h2>\n                <p data-start=\"2359\" data-end=\"2686\">Nach der erfolgreichen Inbetriebnahme innerhalb des anspruchsvollen 23-Tage-Zeitplans liefert die L\u00f6sung von Spectrum Audio Visual herausragende Leistungen. Das System erzielte seit der Installation eine perfekte Zuverl\u00e4ssigkeit ohne Ausfallzeiten, was eine kritische Voraussetzung f\u00fcr ein so hochkar\u00e4tiges Gewerbeumfeld ist.<\/p>\n<p data-start=\"2688\" data-end=\"3020\">Die Verwaltung wurde durch intuitive, iPad-basierte Steuerungen stark vereinfacht, die es dem Personal erm\u00f6glichen, komplexe AV-Systeme ohne spezielle Schulung zu bedienen. Die Inhaltsausspielung \u00fcber mehrere Anzeigebereiche funktioniert einwandfrei mit nahtlosem Wechsel zwischen Beschilderung, Pr\u00e4sentationen und Live-Streaming.<\/p>\n<p data-start=\"3022\" data-end=\"3410\">Die Ger\u00e4te haben im herausfordernden tropischen Klima Singapurs au\u00dfergew\u00f6hnliche Wetterbest\u00e4ndigkeit bewiesen und arbeiten trotz st\u00e4ndiger Feuchtigkeit und Temperaturschwankungen zuverl\u00e4ssig. Besonders wichtig ist die Flexibilit\u00e4t des Systems, das vielf\u00e4ltige Anwendungsf\u00e4lle von der t\u00e4glichen Digitalbeschilderung bis zu gro\u00dfen Firmenveranstaltungen und Live-\u00dcbertragungen unterst\u00fctzt.<\/p>\n<p data-start=\"3412\" data-end=\"3798\">Die digitale Transformation beseitigte die Grenzen statischer Beschilderung, indem Content-Management-Systeme eine dynamische Programmierung erm\u00f6glichen, die sich an unterschiedliche Tageszeiten, Sonderveranstaltungen oder Mieteranforderungen anpasst. Dieser Ansatz schafft \u00fcberzeugende Erlebnisse \u00fcberall auf dem Platz und gew\u00e4hrleistet dabei perfekte audio-visuelle Synchronisation.<\/p>\n<p data-start=\"3800\" data-end=\"4293\">Tricia Lim, Senior Project Engineer, lobte die Ergebnisse:<br data-start=\"3858\" data-end=\"3861\" \/>\u201eDas AV-Erweiterungsprojekt bei One Raffles Quay zeigt einen zukunftsweisenden Ansatz f\u00fcr Placemaking, indem es Spitzentechnologie und innovatives Design nahtlos verbindet, um allt\u00e4gliche Erlebnisse zu verbessern. Wir sch\u00e4tzen das gesamte Projektteam f\u00fcr Professionalit\u00e4t, Reaktionsf\u00e4higkeit und unerm\u00fcdlichen Einsatz f\u00fcr Exzellenz. Ihr Engagement setzt einen neuen Ma\u00dfstab f\u00fcr anspruchsvolle AV-L\u00f6sungen in komplexen Umgebungen.\u201c<\/p>\n<p data-start=\"4295\" data-end=\"4530\">Mit der umfassenden AV-L\u00f6sung kann One Raffles Quay nun \u00fcberzeugende digitale Erlebnisse, effektive Firmenkommunikation und dynamisches Placemaking bieten, die seine Position als eines der f\u00fchrenden Gesch\u00e4ftsadressen Singapurs st\u00e4rken.<\/p>\n    <\/div>\n        <div id=\"topic5\" class=\"skip-item\">\n                        <h2>WEITERE INFORMATIONEN<\/h2>\n                <p><!-- IT NETGEAR BUSINESS-L\u00d6SUNGEN--><\/p>\n<p>Mehr \u00fcber unsere Business-Produkte erfahren<\/p>\n<div class=\"hs-cta-embed hs-cta-simple-placeholder hs-cta-embed-243392275167\" style=\"max-width: 100%;max-height: 100%;width: 260px;height: 50.390625px\" data-hubspot-wrapper-cta-id=\"243392275167\"><a href=\"https:\/\/cta-na2.hubspot.com\/web-interactives\/public\/v1\/track\/redirect?encryptedPayload=AVxigLI%2Fu8J7nFnep8w0CfLqqlWixXySh0cANLn7TQ3MtLEGeFdfhQxw3AVxVzYlZOkZoVB4gdslqY4il1pZTz7RSKy0mNw%2BF1Y6bdIwWiFAFfgtF%2FkXW%2Fmq0JFY6OQExFSwjiafSp97IxwGv6iNNhiT9X6MQziOnjaAnh9UsXCYR2VD1S791%2F7MVwT1TQ%3D%3D&amp;webInteractiveContentId=243392275167&amp;portalId=242128791\" target=\"_blank\" rel=\"noopener\"><br \/>\n<img decoding=\"async\" style=\"height: 100%;width: 100%;object-fit: fill\" src=\"https:\/\/hubspot-no-cache-na2-prod.s3.amazonaws.com\/cta\/default\/242128791\/interactive-243392275167.png\" alt=\"NETGEAR AV-L\u00d6SUNGEN\" \/><br \/>\n<\/a><\/div>\n<p><!-- IT ACADEMY --><\/p>\n<p>Alles \u00fcber IP-Netzwerke lernen \u2013 in der NETGEAR ACADEMY<\/p>\n<div class=\"hs-cta-embed hs-cta-simple-placeholder hs-cta-embed-243357267644\" style=\"max-width: 100%;max-height: 100%;width: 260px;height: 50.390625px\" data-hubspot-wrapper-cta-id=\"243357267644\"><a href=\"https:\/\/cta-na2.hubspot.com\/web-interactives\/public\/v1\/track\/redirect?encryptedPayload=AVxigLKW9uCCU9FL7iPOCpU%2BvA8Z1UfLRQT8691iSSqh%2BqLrpD%2FITlt6RGXTdhci0W5DkR0wb%2FpK%2BWToDj8Qf0HaQwR0kyzZgK35i%2BhitHvCmHPH8BmXutiugzeYtEHOY6aYTSXoNxDjJJwwtUXAzSqnxQuhx5jjnWcHl4zUp4Dt1tTG2PymP7esgNCNHKHECJ76tda5x0hFMo8JQo6UwGGb9CBw4fyYnA%3D%3D&amp;webInteractiveContentId=243357267644&amp;portalId=242128791\" target=\"_blank\" rel=\"noopener\"><br \/>\n<img decoding=\"async\" style=\"height: 100%;width: 100%;object-fit: fill\" src=\"https:\/\/hubspot-no-cache-na2-prod.s3.amazonaws.com\/cta\/default\/242128791\/interactive-243357267644.png\" alt=\"NETGEAR ACADEMY\" \/><br \/>\n<\/a><\/div>\n<p><!-- KONTAKT PRO-IT-TEAM --><\/p>\n<p>Unsere Ingenieure unterst\u00fctzen Sie kostenlos bei Ihrem Projekt<\/p>\n<div class=\"hs-cta-embed hs-cta-simple-placeholder hs-cta-embed-243357266676\" style=\"max-width: 100%;max-height: 100%;width: 270px;height: 50.390625px\" data-hubspot-wrapper-cta-id=\"243357266676\"><a href=\"https:\/\/cta-na2.hubspot.com\/web-interactives\/public\/v1\/track\/redirect?encryptedPayload=AVxigLL9MaHliYSOIHWsJvXrVuyffxSFGu%2FOD4neANfzotKQLgtjDgnA0CFJQWLPGl5hkjLPFJf7A76nk1yWw939l8y7nc4NGJ1%2Fa58epF2QbqIhW7KyV%2Fr75%2B8GCI%2FfEXyeGuic8buAEe%2F8pDQ63tT6ExQvwvvuG%2BeK5mOqM%2FlNsZUaeR4q5pghXZB3yAUIu7WWwKynlh9Y3Ug9ymAN6sNjHEzXMCgwSYmLqMh7eixTsrgTswO85eLb8rCODQ%3D%3D&amp;webInteractiveContentId=243357266676&amp;portalId=242128791\" target=\"_blank\" rel=\"noopener\"><br \/>\n<img decoding=\"async\" style=\"height: 100%;width: 100%;object-fit: fill\" src=\"https:\/\/hubspot-no-cache-na2-prod.s3.amazonaws.com\/cta\/default\/242128791\/interactive-243357266676.png\" alt=\"KONTAKT PROAV-TEAM\" \/><br \/>\n<\/a><\/div>\n<p><iframe loading=\"lazy\" src=\"https:\/\/405nrr.share-na2.hsforms.com\/25w_D-U5iS-e5KaSaP86jnQ\" width=\"100%\" height=\"1200px\"><\/iframe><\/p>\n    <\/div>\n    \n","protected":false},"excerpt":{"rendered":"","protected":false},"author":94,"featured_media":10820,"parent":10321,"menu_order":0,"comment_status":"closed","ping_status":"closed","template":"templates\/blog-wifi.php","meta":{"_acf_changed":false,"footnotes":""},"class_list":["post-10819","page","type-page","status-publish","has-post-thumbnail","hentry"],"acf":[],"yoast_head":"<!-- This site is optimized with the Yoast SEO plugin v27.4 - https:\/\/yoast.com\/product\/yoast-seo-wordpress\/ -->\n<title>Die zukunftssichere NETGEAR AV-L\u00f6sung von One Raffles Quay - NETGEAR Hub<\/title>\n<meta name=\"robots\" content=\"index, follow, max-snippet:-1, max-image-preview:large, max-video-preview:-1\" \/>\n<link rel=\"canonical\" href=\"https:\/\/dehub.netgear.com\/de\/hub\/business\/case-studies\/av-case-studies\/one-raffles-quays-future-ready-av-solution\/\" \/>\n<meta property=\"og:locale\" content=\"de_DE\" \/>\n<meta property=\"og:type\" content=\"article\" \/>\n<meta property=\"og:title\" content=\"Die zukunftssichere NETGEAR AV-L\u00f6sung von One Raffles Quay - NETGEAR Hub\" \/>\n<meta property=\"og:url\" content=\"https:\/\/dehub.netgear.com\/de\/hub\/business\/case-studies\/av-case-studies\/one-raffles-quays-future-ready-av-solution\/\" \/>\n<meta property=\"og:site_name\" content=\"NETGEAR Hub\" \/>\n<meta property=\"article:publisher\" content=\"https:\/\/www.facebook.com\/NetgearAU\/\" \/>\n<meta property=\"article:modified_time\" content=\"2025-10-13T06:18:56+00:00\" \/>\n<meta property=\"og:image\" content=\"https:\/\/dehub.netgear.com\/de\/hub\/wp-content\/uploads\/2025\/10\/OneRaffles-1-383x288-1.jpg\" \/>\n\t<meta property=\"og:image:width\" content=\"383\" \/>\n\t<meta property=\"og:image:height\" content=\"288\" \/>\n\t<meta property=\"og:image:type\" content=\"image\/jpeg\" \/>\n<meta name=\"twitter:card\" content=\"summary_large_image\" \/>\n<meta name=\"twitter:site\" content=\"@NETGEAR\" \/>\n<script type=\"application\/ld+json\" class=\"yoast-schema-graph\">{\"@context\":\"https:\\\/\\\/schema.org\",\"@graph\":[{\"@type\":\"WebPage\",\"@id\":\"https:\\\/\\\/dehub.netgear.com\\\/de\\\/hub\\\/business\\\/case-studies\\\/av-case-studies\\\/one-raffles-quays-future-ready-av-solution\\\/\",\"url\":\"https:\\\/\\\/dehub.netgear.com\\\/de\\\/hub\\\/business\\\/case-studies\\\/av-case-studies\\\/one-raffles-quays-future-ready-av-solution\\\/\",\"name\":\"Die zukunftssichere NETGEAR AV-L\u00f6sung von One Raffles Quay - NETGEAR Hub\",\"isPartOf\":{\"@id\":\"https:\\\/\\\/dehub.netgear.com\\\/de\\\/hub\\\/#website\"},\"primaryImageOfPage\":{\"@id\":\"https:\\\/\\\/dehub.netgear.com\\\/de\\\/hub\\\/business\\\/case-studies\\\/av-case-studies\\\/one-raffles-quays-future-ready-av-solution\\\/#primaryimage\"},\"image\":{\"@id\":\"https:\\\/\\\/dehub.netgear.com\\\/de\\\/hub\\\/business\\\/case-studies\\\/av-case-studies\\\/one-raffles-quays-future-ready-av-solution\\\/#primaryimage\"},\"thumbnailUrl\":\"https:\\\/\\\/dehub.netgear.com\\\/de\\\/hub\\\/wp-content\\\/uploads\\\/2025\\\/10\\\/OneRaffles-1-383x288-1.jpg\",\"datePublished\":\"2025-10-10T13:46:59+00:00\",\"dateModified\":\"2025-10-13T06:18:56+00:00\",\"breadcrumb\":{\"@id\":\"https:\\\/\\\/dehub.netgear.com\\\/de\\\/hub\\\/business\\\/case-studies\\\/av-case-studies\\\/one-raffles-quays-future-ready-av-solution\\\/#breadcrumb\"},\"inLanguage\":\"de\",\"potentialAction\":[{\"@type\":\"ReadAction\",\"target\":[\"https:\\\/\\\/dehub.netgear.com\\\/de\\\/hub\\\/business\\\/case-studies\\\/av-case-studies\\\/one-raffles-quays-future-ready-av-solution\\\/\"]}]},{\"@type\":\"ImageObject\",\"inLanguage\":\"de\",\"@id\":\"https:\\\/\\\/dehub.netgear.com\\\/de\\\/hub\\\/business\\\/case-studies\\\/av-case-studies\\\/one-raffles-quays-future-ready-av-solution\\\/#primaryimage\",\"url\":\"https:\\\/\\\/dehub.netgear.com\\\/de\\\/hub\\\/wp-content\\\/uploads\\\/2025\\\/10\\\/OneRaffles-1-383x288-1.jpg\",\"contentUrl\":\"https:\\\/\\\/dehub.netgear.com\\\/de\\\/hub\\\/wp-content\\\/uploads\\\/2025\\\/10\\\/OneRaffles-1-383x288-1.jpg\",\"width\":383,\"height\":288},{\"@type\":\"BreadcrumbList\",\"@id\":\"https:\\\/\\\/dehub.netgear.com\\\/de\\\/hub\\\/business\\\/case-studies\\\/av-case-studies\\\/one-raffles-quays-future-ready-av-solution\\\/#breadcrumb\",\"itemListElement\":[{\"@type\":\"ListItem\",\"position\":1,\"name\":\"Home\",\"item\":\"https:\\\/\\\/dehub.netgear.com\\\/de\\\/hub\\\/\"},{\"@type\":\"ListItem\",\"position\":2,\"name\":\"Business Articles Hub\",\"item\":\"https:\\\/\\\/dehub.netgear.com\\\/de\\\/hub\\\/business\\\/\"},{\"@type\":\"ListItem\",\"position\":3,\"name\":\"All Case Studies &#8211; DE\",\"item\":\"https:\\\/\\\/dehub.netgear.com\\\/de\\\/hub\\\/business\\\/case-studies\\\/\"},{\"@type\":\"ListItem\",\"position\":4,\"name\":\"AV Case Studies &#8211; DE\",\"item\":\"https:\\\/\\\/dehub.netgear.com\\\/de\\\/hub\\\/business\\\/case-studies\\\/av-case-studies\\\/\"},{\"@type\":\"ListItem\",\"position\":5,\"name\":\"Die zukunftssichere NETGEAR AV-L\u00f6sung von One Raffles Quay\"}]},{\"@type\":\"WebSite\",\"@id\":\"https:\\\/\\\/dehub.netgear.com\\\/de\\\/hub\\\/#website\",\"url\":\"https:\\\/\\\/dehub.netgear.com\\\/de\\\/hub\\\/\",\"name\":\"NETGEAR\",\"description\":\"Erkunden Sie unsere Hub-Seiten und st\u00f6bern Sie in Artikeln, um mehr \u00fcber NETGEAR Produkte und Technologien zu erfahren.\",\"publisher\":{\"@id\":\"https:\\\/\\\/dehub.netgear.com\\\/de\\\/hub\\\/#organization\"},\"potentialAction\":[{\"@type\":\"SearchAction\",\"target\":{\"@type\":\"EntryPoint\",\"urlTemplate\":\"https:\\\/\\\/dehub.netgear.com\\\/de\\\/hub\\\/?s={search_term_string}\"},\"query-input\":{\"@type\":\"PropertyValueSpecification\",\"valueRequired\":true,\"valueName\":\"search_term_string\"}}],\"inLanguage\":\"de\"},{\"@type\":\"Organization\",\"@id\":\"https:\\\/\\\/dehub.netgear.com\\\/de\\\/hub\\\/#organization\",\"name\":\"NETGEAR\",\"url\":\"https:\\\/\\\/dehub.netgear.com\\\/de\\\/hub\\\/\",\"logo\":{\"@type\":\"ImageObject\",\"inLanguage\":\"de\",\"@id\":\"https:\\\/\\\/dehub.netgear.com\\\/de\\\/hub\\\/#\\\/schema\\\/logo\\\/image\\\/\",\"url\":\"https:\\\/\\\/www.dehub.netgear.com\\\/de\\\/hub\\\/wp-content\\\/uploads\\\/2019\\\/07\\\/NETGEAR_logo.jpg\",\"contentUrl\":\"https:\\\/\\\/www.dehub.netgear.com\\\/de\\\/hub\\\/wp-content\\\/uploads\\\/2019\\\/07\\\/NETGEAR_logo.jpg\",\"width\":1500,\"height\":501,\"caption\":\"NETGEAR\"},\"image\":{\"@id\":\"https:\\\/\\\/dehub.netgear.com\\\/de\\\/hub\\\/#\\\/schema\\\/logo\\\/image\\\/\"},\"sameAs\":[\"https:\\\/\\\/www.facebook.com\\\/NetgearAU\\\/\",\"https:\\\/\\\/x.com\\\/NETGEAR\",\"https:\\\/\\\/www.linkedin.com\\\/company\\\/netgear\"]}]}<\/script>\n<!-- \/ Yoast SEO plugin. -->","yoast_head_json":{"title":"Die zukunftssichere NETGEAR AV-L\u00f6sung von One Raffles Quay - NETGEAR Hub","robots":{"index":"index","follow":"follow","max-snippet":"max-snippet:-1","max-image-preview":"max-image-preview:large","max-video-preview":"max-video-preview:-1"},"canonical":"https:\/\/dehub.netgear.com\/de\/hub\/business\/case-studies\/av-case-studies\/one-raffles-quays-future-ready-av-solution\/","og_locale":"de_DE","og_type":"article","og_title":"Die zukunftssichere NETGEAR AV-L\u00f6sung von One Raffles Quay - NETGEAR Hub","og_url":"https:\/\/dehub.netgear.com\/de\/hub\/business\/case-studies\/av-case-studies\/one-raffles-quays-future-ready-av-solution\/","og_site_name":"NETGEAR Hub","article_publisher":"https:\/\/www.facebook.com\/NetgearAU\/","article_modified_time":"2025-10-13T06:18:56+00:00","og_image":[{"width":383,"height":288,"url":"https:\/\/dehub.netgear.com\/de\/hub\/wp-content\/uploads\/2025\/10\/OneRaffles-1-383x288-1.jpg","type":"image\/jpeg"}],"twitter_card":"summary_large_image","twitter_site":"@NETGEAR","schema":{"@context":"https:\/\/schema.org","@graph":[{"@type":"WebPage","@id":"https:\/\/dehub.netgear.com\/de\/hub\/business\/case-studies\/av-case-studies\/one-raffles-quays-future-ready-av-solution\/","url":"https:\/\/dehub.netgear.com\/de\/hub\/business\/case-studies\/av-case-studies\/one-raffles-quays-future-ready-av-solution\/","name":"Die zukunftssichere NETGEAR AV-L\u00f6sung von One Raffles Quay - NETGEAR Hub","isPartOf":{"@id":"https:\/\/dehub.netgear.com\/de\/hub\/#website"},"primaryImageOfPage":{"@id":"https:\/\/dehub.netgear.com\/de\/hub\/business\/case-studies\/av-case-studies\/one-raffles-quays-future-ready-av-solution\/#primaryimage"},"image":{"@id":"https:\/\/dehub.netgear.com\/de\/hub\/business\/case-studies\/av-case-studies\/one-raffles-quays-future-ready-av-solution\/#primaryimage"},"thumbnailUrl":"https:\/\/dehub.netgear.com\/de\/hub\/wp-content\/uploads\/2025\/10\/OneRaffles-1-383x288-1.jpg","datePublished":"2025-10-10T13:46:59+00:00","dateModified":"2025-10-13T06:18:56+00:00","breadcrumb":{"@id":"https:\/\/dehub.netgear.com\/de\/hub\/business\/case-studies\/av-case-studies\/one-raffles-quays-future-ready-av-solution\/#breadcrumb"},"inLanguage":"de","potentialAction":[{"@type":"ReadAction","target":["https:\/\/dehub.netgear.com\/de\/hub\/business\/case-studies\/av-case-studies\/one-raffles-quays-future-ready-av-solution\/"]}]},{"@type":"ImageObject","inLanguage":"de","@id":"https:\/\/dehub.netgear.com\/de\/hub\/business\/case-studies\/av-case-studies\/one-raffles-quays-future-ready-av-solution\/#primaryimage","url":"https:\/\/dehub.netgear.com\/de\/hub\/wp-content\/uploads\/2025\/10\/OneRaffles-1-383x288-1.jpg","contentUrl":"https:\/\/dehub.netgear.com\/de\/hub\/wp-content\/uploads\/2025\/10\/OneRaffles-1-383x288-1.jpg","width":383,"height":288},{"@type":"BreadcrumbList","@id":"https:\/\/dehub.netgear.com\/de\/hub\/business\/case-studies\/av-case-studies\/one-raffles-quays-future-ready-av-solution\/#breadcrumb","itemListElement":[{"@type":"ListItem","position":1,"name":"Home","item":"https:\/\/dehub.netgear.com\/de\/hub\/"},{"@type":"ListItem","position":2,"name":"Business Articles Hub","item":"https:\/\/dehub.netgear.com\/de\/hub\/business\/"},{"@type":"ListItem","position":3,"name":"All Case Studies &#8211; DE","item":"https:\/\/dehub.netgear.com\/de\/hub\/business\/case-studies\/"},{"@type":"ListItem","position":4,"name":"AV Case Studies &#8211; DE","item":"https:\/\/dehub.netgear.com\/de\/hub\/business\/case-studies\/av-case-studies\/"},{"@type":"ListItem","position":5,"name":"Die zukunftssichere NETGEAR AV-L\u00f6sung von One Raffles Quay"}]},{"@type":"WebSite","@id":"https:\/\/dehub.netgear.com\/de\/hub\/#website","url":"https:\/\/dehub.netgear.com\/de\/hub\/","name":"NETGEAR","description":"Erkunden Sie unsere Hub-Seiten und st\u00f6bern Sie in Artikeln, um mehr \u00fcber NETGEAR Produkte und Technologien zu erfahren.","publisher":{"@id":"https:\/\/dehub.netgear.com\/de\/hub\/#organization"},"potentialAction":[{"@type":"SearchAction","target":{"@type":"EntryPoint","urlTemplate":"https:\/\/dehub.netgear.com\/de\/hub\/?s={search_term_string}"},"query-input":{"@type":"PropertyValueSpecification","valueRequired":true,"valueName":"search_term_string"}}],"inLanguage":"de"},{"@type":"Organization","@id":"https:\/\/dehub.netgear.com\/de\/hub\/#organization","name":"NETGEAR","url":"https:\/\/dehub.netgear.com\/de\/hub\/","logo":{"@type":"ImageObject","inLanguage":"de","@id":"https:\/\/dehub.netgear.com\/de\/hub\/#\/schema\/logo\/image\/","url":"https:\/\/www.dehub.netgear.com\/de\/hub\/wp-content\/uploads\/2019\/07\/NETGEAR_logo.jpg","contentUrl":"https:\/\/www.dehub.netgear.com\/de\/hub\/wp-content\/uploads\/2019\/07\/NETGEAR_logo.jpg","width":1500,"height":501,"caption":"NETGEAR"},"image":{"@id":"https:\/\/dehub.netgear.com\/de\/hub\/#\/schema\/logo\/image\/"},"sameAs":["https:\/\/www.facebook.com\/NetgearAU\/","https:\/\/x.com\/NETGEAR","https:\/\/www.linkedin.com\/company\/netgear"]}]}},"_links":{"self":[{"href":"https:\/\/dehub.netgear.com\/de\/hub\/wp-json\/wp\/v2\/pages\/10819","targetHints":{"allow":["GET"]}}],"collection":[{"href":"https:\/\/dehub.netgear.com\/de\/hub\/wp-json\/wp\/v2\/pages"}],"about":[{"href":"https:\/\/dehub.netgear.com\/de\/hub\/wp-json\/wp\/v2\/types\/page"}],"author":[{"embeddable":true,"href":"https:\/\/dehub.netgear.com\/de\/hub\/wp-json\/wp\/v2\/users\/94"}],"replies":[{"embeddable":true,"href":"https:\/\/dehub.netgear.com\/de\/hub\/wp-json\/wp\/v2\/comments?post=10819"}],"version-history":[{"count":2,"href":"https:\/\/dehub.netgear.com\/de\/hub\/wp-json\/wp\/v2\/pages\/10819\/revisions"}],"predecessor-version":[{"id":10845,"href":"https:\/\/dehub.netgear.com\/de\/hub\/wp-json\/wp\/v2\/pages\/10819\/revisions\/10845"}],"up":[{"embeddable":true,"href":"https:\/\/dehub.netgear.com\/de\/hub\/wp-json\/wp\/v2\/pages\/10321"}],"wp:featuredmedia":[{"embeddable":true,"href":"https:\/\/dehub.netgear.com\/de\/hub\/wp-json\/wp\/v2\/media\/10820"}],"wp:attachment":[{"href":"https:\/\/dehub.netgear.com\/de\/hub\/wp-json\/wp\/v2\/media?parent=10819"}],"curies":[{"name":"wp","href":"https:\/\/api.w.org\/{rel}","templated":true}]}}