{"id":10805,"date":"2025-10-10T14:40:13","date_gmt":"2025-10-10T12:40:13","guid":{"rendered":"https:\/\/dehub.netgear.com\/de\/hub\/?page_id=10805"},"modified":"2025-11-25T16:19:06","modified_gmt":"2025-11-25T15:19:06","slug":"advanced-av-over-ip-powers-government-meeting-room-upgrade-2","status":"publish","type":"page","link":"https:\/\/dehub.netgear.com\/de\/hub\/business\/case-studies\/av-case-studies\/advanced-av-over-ip-powers-government-meeting-room-upgrade-2\/","title":{"rendered":"Fortschrittliche AV-over-IP-Technologie treibt das Upgrade des Regierungs-Konferenzraums voran"},"content":{"rendered":"<p><img loading=\"lazy\" decoding=\"async\" class=\"alignone size-full wp-image-10681\" style=\"border-radius: 1em;\" src=\"https:\/\/www.netgear.com\/hub\/wp-content\/uploads\/2025\/08\/untitled-design-13.jpg\" alt=\"\" width=\"1048\" height=\"511\" \/><\/p>\n    <div class=\"table-of-content bg-gray\">\n        <p><strong>IN THIS ARTICLE<\/strong><\/p>\n        <ul>\n                        <li><a href=\"#topic1\">Zusammenfassung<\/a><\/li>\n                        <li><a href=\"#topic2\">Hintergrund<\/a><\/li>\n                        <li><a href=\"#topic3\">Herausforderung<\/a><\/li>\n                        <li><a href=\"#topic4\">L\u00f6sung<\/a><\/li>\n                        <li><a href=\"#topic5\">Ergebnisse<\/a><\/li>\n                        <li><a href=\"#topic6\">Weitere informationen<\/a><\/li>\n                    <\/ul>\n    <\/div>\n        <div id=\"topic1\" class=\"skip-item\">\n                        <h2>Zusammenfassung<\/h2>\n                <div style=\"background-color: #eeeeee;padding: 20px;width: 33%;float: right\">\n<p><strong>Firmenname:<\/strong><br \/>\nNationalversammlung der Republik Korea<\/p>\n<p><strong>Branche:<\/strong><br \/>\nRegierungssektor<\/p>\n<p><strong>Firmenwebsite:<\/strong><br \/>\n<a href=\"https:\/\/www.assembly.go.kr\">www.assembly.go.kr<\/a><\/p>\n<p><strong>Standort:<\/strong><br \/>\nSeoul, S\u00fcdkorea<\/p>\n<\/div>\n<p>Der Ausschuss f\u00fcr Spezialeins\u00e4tze der s\u00fcdkoreanischen Nationalversammlung ben\u00f6tigte ein zukunftssicheres AV-System f\u00fcr einen seiner wichtigsten Sitzungss\u00e4le. Es sollte hybride Meetings, Echtzeit-Transkription und intuitive Steuerung unterst\u00fctzen, ohne dabei Audioqualit\u00e4t oder Systemzuverl\u00e4ssigkeit zu beeintr\u00e4chtigen. Ein vollst\u00e4ndig integriertes, auf Dante basierendes AV-over-IP-System, das von NETGEAR AV Line Switches betrieben wird, liefert nun au\u00dfergew\u00f6hnliche Leistung, vereinfachte Verwaltung und kristallklaren Ton selbst in anspruchsvollen Szenarien.<\/p>\n    <\/div>\n        <div id=\"topic2\" class=\"skip-item\">\n                        <h2>Hintergrund<\/h2>\n                <p>Die Nationalversammlung der Republik Korea ist die gesetzgebende Institution, die f\u00fcr die Gesetzgebung und die Aufsicht \u00fcber die Regierung verantwortlich ist. Im Geb\u00e4ude befindet sich der Sitzungssaal Nr. 5, der vom Sonderausschuss genutzt wird und vertrauliche Diskussionen sowie Entscheidungsprozesse beherbergt, die die Zukunft der Nation gestalten.<br data-start=\"424\" data-end=\"427\" \/>Mit dem wachsenden Bedarf an hybrider Zusammenarbeit und KI-gest\u00fctzten Werkzeugen in der modernen Regierungsf\u00fchrung war das veraltete AV-System des Raumes nicht mehr ausreichend. Der Ausschuss ben\u00f6tigte eine ausgefeilte L\u00f6sung, die mehrere Kommunikationskan\u00e4le nahtlos und sicher integriert und gleichzeitig h\u00f6chste Standards bei Audioqualit\u00e4t und Systemzuverl\u00e4ssigkeit erf\u00fcllt, wie sie f\u00fcr Regierungsoperationen erforderlich sind.<br data-start=\"858\" data-end=\"861\" \/>Ein Upgrade war unerl\u00e4sslich, um den sich entwickelnden Anforderungen der modernen Regierungsf\u00fchrung gerecht zu werden und einen unterbrechungsfreien Ablauf der parlamentarischen Sitzungen zu gew\u00e4hrleisten.<\/p>\n    <\/div>\n        <div id=\"topic3\" class=\"skip-item\">\n                        <h2>Herausforderung<\/h2>\n                <p>Der Sitzungssaal des Sonderausschusses stellte mehrere komplexe technische Anforderungen, die eine umfassende AV-L\u00f6sung erforderten. Das System musste pers\u00f6nliche Sitzungen, Fern\u00fcbertragungen und Videokonferenzen innerhalb einer einzigen Plattform nahtlos abwickeln, damit die Ausschussmitglieder unabh\u00e4ngig vom Standort effektiv teilnehmen k\u00f6nnen.<br data-start=\"1438\" data-end=\"1441\" \/>Alle 32 Tischmikrofone mussten saubere, isolierte Audiokan\u00e4le direkt an eine KI-gest\u00fctzte Transkriptions-Engine liefern, ohne St\u00f6rungen, um eine genaue Dokumentation der parlamentarischen Sitzungen zu gew\u00e4hrleisten. Au\u00dferdem mussten alle Mikrofone gleichzeitig aktiv bleiben, ohne Echo oder st\u00f6rende R\u00fcckkopplungen zu verursachen \u2013 eine kritische Voraussetzung f\u00fcr das kollaborative Diskussionsformat des Ausschusses.<br data-start=\"1858\" data-end=\"1861\" \/>Das System musste au\u00dferdem eine intuitive Steuerung bieten, damit nicht-technische Parlamentsmitarbeiter das gesamte AV-System problemlos \u00fcber eine einfache Benutzeroberfl\u00e4che verwalten k\u00f6nnen, um die Abh\u00e4ngigkeit von spezialisiertem technischen Support bei wichtigen Sitzungen zu reduzieren.<\/p>\n    <\/div>\n        <div id=\"topic4\" class=\"skip-item\">\n                        <h2>L\u00f6sung<\/h2>\n                <p>NETGEAR Korea lieferte ein vollst\u00e4ndig IP-basiertes Dante AV-System und setzte dabei die M4250- und M4350-AV-Line-Switches als Kern der Netzwerkinfrastruktur ein. Die L\u00f6sung basierte auf NETGEARs bew\u00e4hrter Zuverl\u00e4ssigkeit bei mission-kritischen AV-Anwendungen und ihrem tiefen Verst\u00e4ndnis f\u00fcr professionelle Audioanforderungen.<br data-start=\"2494\" data-end=\"2497\" \/>Die NETGEAR M4350-24F4V und M4250-26G4XF-PoE+ Switches bieten robuste Netzwerkkonnektivit\u00e4t und PoE-Unterst\u00fctzung f\u00fcr alle angeschlossenen Ger\u00e4te, gew\u00e4hrleisten eine stabile Stromversorgung und optimierten Datenfluss. Zu den angeschlossenen Ger\u00e4ten geh\u00f6ren Dante\/PoE-Tischmikrofone mit API-Unterst\u00fctzung, die individuelle Steuerung und kristallklare Sprachaufnahme erm\u00f6glichen, w\u00e4hrend Hochleistungs-Digitalprozessoren automatische Verst\u00e4rkungsregelung durchf\u00fchren und R\u00fcckkopplungen effektiv eliminieren. Die PCIe-basierte Dante-Eingabe erm\u00f6glicht die nahtlose Integration mit KI-Transkriptionsdiensten, gew\u00e4hrleistet effizientes Echtzeit-Audiorouting und eine genaue Dokumentation der Sitzungen.<br data-start=\"3194\" data-end=\"3197\" \/>Eine speziell entwickelte, Windows-basierte grafische Benutzeroberfl\u00e4che erm\u00f6glicht es auch nicht-technischem Personal, das System mit minimaler Schulung zu bedienen und vereinfacht so die Abl\u00e4ufe f\u00fcr die Parlamentsmitarbeiter.<br data-start=\"3424\" data-end=\"3427\" \/>\u201eNETGEAR hat sich weltweit als vertrauensw\u00fcrdige Wahl f\u00fcr mission-kritische AV-Installationen etabliert. Bei der Nationalversammlung der Republik Korea verlassen wir uns auf NETGEAR als unseren verl\u00e4sslichen Partner f\u00fcr mission-kritische AV-Installationen. Ihre AV-Line-Switches sind speziell entwickelt, um den strengen Anforderungen professioneller Audio- und Videoanwendungen gerecht zu werden, und ihre bew\u00e4hrte Zuverl\u00e4ssigkeit in Regierungs-, Unternehmens- und institutionellen Umgebungen gibt uns volles Vertrauen. Wenn Systemverf\u00fcgbarkeit nicht verhandelbar ist, machen NETGEARs absolut zuverl\u00e4ssige Leistung und exzellenter Support sie f\u00fcr uns zur klaren Wahl.\u201c<\/p>\n    <\/div>\n        <div id=\"topic5\" class=\"skip-item\">\n                        <h2>Ergebnisse<\/h2>\n                <p>Das aufger\u00fcstete System erzielte transformative Ergebnisse in allen Leistungskennzahlen und setzte einen neuen Standard f\u00fcr die AV-Technologie in Regierungssitzungsr\u00e4umen.<br data-start=\"4285\" data-end=\"4288\" \/>Das System sorgt f\u00fcr ein nahtloses Audioerlebnis im gesamten Raum mit konsistent hochwertigem Klang. Selbst bei gleichzeitig aktivierten 32 Mikrofonen arbeitet die Anlage r\u00fcckkopplungsfrei und gew\u00e4hrleistet eine klare Kommunikation selbst w\u00e4hrend intensiver Ausschusssitzungen. Die Echtzeit-KI-gest\u00fctzte Transkription wurde erfolgreich durch die Integration von Dante-Eingabekarten implementiert, erfasst die Beitr\u00e4ge der Sprecher pr\u00e4zise und verbessert die Effizienz der parlamentarischen Protokollf\u00fchrung erheblich.<br data-start=\"4805\" data-end=\"4808\" \/>Die intuitive Benutzeroberfl\u00e4che vereinfacht das Systemmanagement und reduziert den Bedarf an technischem Personal erheblich. Die Parlamentsmitarbeiter bedienen das komplexe AV-System nun sicher und ohne spezielle Schulung.<br data-start=\"5031\" data-end=\"5034\" \/>NETGEAR AV-Switches bieten die stabile Grundlage, die das gesamte System tr\u00e4gt, optimieren den Netzwerkverkehr aller AV-Komponenten und gew\u00e4hrleisten einen unterbrechungsfreien Betrieb w\u00e4hrend kritischer Regierungssitzungen.<br data-start=\"5258\" data-end=\"5261\" \/>\u201eDas AV-Upgrade im Sitzungssaal Nr. 5 war ein Wendepunkt f\u00fcr unsere Abl\u00e4ufe. Mit NETGEARs AV-over-IP-L\u00f6sung im Kern haben wir eine bemerkenswerte Verbesserung der Audioqualit\u00e4t und Systemzuverl\u00e4ssigkeit erlebt. Selbst bei hochrangigen Sitzungen mit allen 32 aktiven Mikrofonen liefert das System eine fehlerfreie Leistung, keine R\u00fcckkopplungen, keine Ausf\u00e4lle und kristallklaren Klang im gesamten Raum.<br data-start=\"5663\" data-end=\"5666\" \/>Was besonders herausragt, ist die einfache Bedienung. Unser Personal, von dem viele keine AV-Spezialisten sind, kann die gesamte Anlage nun selbstbewusst \u00fcber eine intuitive, ma\u00dfgeschneiderte Benutzeroberfl\u00e4che steuern. Das hat unseren Arbeitsablauf vereinfacht und die Abh\u00e4ngigkeit vom technischen Support reduziert. Die Integration mit KI-Transkriptionsdiensten hat die Effizienz weiter verbessert und unseren Dokumentationsprozess schneller und genauer gemacht.\u201c<\/p>\n    <\/div>\n        <div id=\"topic6\" class=\"skip-item\">\n                        <h2>Weitere informationen<\/h2>\n                <\/p>\n<p><!-- IT NETGEAR BUSINESS-L\u00d6SUNGEN--><\/p>\n<p>Mehr \u00fcber unsere Business-Produkte erfahren<\/p>\n<div class=\"hs-cta-embed hs-cta-simple-placeholder hs-cta-embed-243392275167\" style=\"max-width:100%;max-height:100%;width:260px;height:50.390625px\" data-hubspot-wrapper-cta-id=\"243392275167\"><br \/>\n  <a href=\"https:\/\/cta-na2.hubspot.com\/web-interactives\/public\/v1\/track\/redirect?encryptedPayload=AVxigLI%2Fu8J7nFnep8w0CfLqqlWixXySh0cANLn7TQ3MtLEGeFdfhQxw3AVxVzYlZOkZoVB4gdslqY4il1pZTz7RSKy0mNw%2BF1Y6bdIwWiFAFfgtF%2FkXW%2Fmq0JFY6OQExFSwjiafSp97IxwGv6iNNhiT9X6MQziOnjaAnh9UsXCYR2VD1S791%2F7MVwT1TQ%3D%3D&#038;webInteractiveContentId=243392275167&#038;portalId=242128791\" target=\"_blank\" rel=\"noopener\"><br \/>\n    <img decoding=\"async\" alt=\"NETGEAR AV-L&Ouml;SUNGEN\" loading=\"lazy\" src=\"https:\/\/hubspot-no-cache-na2-prod.s3.amazonaws.com\/cta\/default\/242128791\/interactive-243392275167.png\" style=\"height: 100%;width: 100%;object-fit: fill\" \/><br \/>\n  <\/a>\n<\/div>\n<\/p>\n<p><!-- IT ACADEMY --><\/p>\n<p> Alles \u00fcber IP-Netzwerke lernen \u2013 in der NETGEAR ACADEMY<\/p>\n<div class=\"hs-cta-embed hs-cta-simple-placeholder hs-cta-embed-243357267644\" style=\"max-width:100%;max-height:100%;width:260px;height:50.390625px\" data-hubspot-wrapper-cta-id=\"243357267644\"><br \/>\n  <a href=\"https:\/\/cta-na2.hubspot.com\/web-interactives\/public\/v1\/track\/redirect?encryptedPayload=AVxigLKW9uCCU9FL7iPOCpU%2BvA8Z1UfLRQT8691iSSqh%2BqLrpD%2FITlt6RGXTdhci0W5DkR0wb%2FpK%2BWToDj8Qf0HaQwR0kyzZgK35i%2BhitHvCmHPH8BmXutiugzeYtEHOY6aYTSXoNxDjJJwwtUXAzSqnxQuhx5jjnWcHl4zUp4Dt1tTG2PymP7esgNCNHKHECJ76tda5x0hFMo8JQo6UwGGb9CBw4fyYnA%3D%3D&#038;webInteractiveContentId=243357267644&#038;portalId=242128791\" target=\"_blank\" rel=\"noopener\"><br \/>\n    <img decoding=\"async\" alt=\"NETGEAR ACADEMY\" loading=\"lazy\" src=\"https:\/\/hubspot-no-cache-na2-prod.s3.amazonaws.com\/cta\/default\/242128791\/interactive-243357267644.png\" style=\"height: 100%;width: 100%;object-fit: fill\" \/><br \/>\n  <\/a>\n<\/div>\n<\/p>\n<p>\n<!-- KONTAKT PRO-IT-TEAM --><\/p>\n<p> Unsere Ingenieure unterst\u00fctzen Sie kostenlos bei Ihrem Projekt<\/p>\n<div class=\"hs-cta-embed hs-cta-simple-placeholder hs-cta-embed-243357266676\" style=\"max-width:100%;max-height:100%;width:270px;height:50.390625px\" data-hubspot-wrapper-cta-id=\"243357266676\"><br \/>\n  <a href=\"https:\/\/cta-na2.hubspot.com\/web-interactives\/public\/v1\/track\/redirect?encryptedPayload=AVxigLL9MaHliYSOIHWsJvXrVuyffxSFGu%2FOD4neANfzotKQLgtjDgnA0CFJQWLPGl5hkjLPFJf7A76nk1yWw939l8y7nc4NGJ1%2Fa58epF2QbqIhW7KyV%2Fr75%2B8GCI%2FfEXyeGuic8buAEe%2F8pDQ63tT6ExQvwvvuG%2BeK5mOqM%2FlNsZUaeR4q5pghXZB3yAUIu7WWwKynlh9Y3Ug9ymAN6sNjHEzXMCgwSYmLqMh7eixTsrgTswO85eLb8rCODQ%3D%3D&#038;webInteractiveContentId=243357266676&#038;portalId=242128791\" target=\"_blank\" rel=\"noopener\"><br \/>\n    <img decoding=\"async\" alt=\"KONTAKT PROAV-TEAM\" loading=\"lazy\" src=\"https:\/\/hubspot-no-cache-na2-prod.s3.amazonaws.com\/cta\/default\/242128791\/interactive-243357266676.png\" style=\"height: 100%;width: 100%;object-fit: fill\" \/><br \/>\n  <\/a>\n<\/div>\n<\/p>\n<p><iframe loading=\"lazy\" src=\"https:\/\/405nrr.share-na2.hsforms.com\/25w_D-U5iS-e5KaSaP86jnQ\" width=\"100%\" height=\"1200px\"><\/iframe><\/p>\n    <\/div>\n    \n","protected":false},"excerpt":{"rendered":"","protected":false},"author":94,"featured_media":10809,"parent":10321,"menu_order":0,"comment_status":"closed","ping_status":"closed","template":"templates\/blog-wifi.php","meta":{"_acf_changed":false,"footnotes":""},"class_list":["post-10805","page","type-page","status-publish","has-post-thumbnail","hentry"],"acf":[],"yoast_head":"<!-- This site is optimized with the Yoast SEO plugin v27.4 - https:\/\/yoast.com\/product\/yoast-seo-wordpress\/ -->\n<title>Fortschrittliche AV-over-IP-Technologie treibt das Upgrade des Regierungs-Konferenzraums voran - NETGEAR Hub<\/title>\n<meta name=\"robots\" content=\"index, follow, max-snippet:-1, max-image-preview:large, max-video-preview:-1\" \/>\n<link rel=\"canonical\" href=\"https:\/\/dehub.netgear.com\/de\/hub\/business\/case-studies\/av-case-studies\/advanced-av-over-ip-powers-government-meeting-room-upgrade-2\/\" \/>\n<meta property=\"og:locale\" content=\"de_DE\" \/>\n<meta property=\"og:type\" content=\"article\" \/>\n<meta property=\"og:title\" content=\"Fortschrittliche AV-over-IP-Technologie treibt das Upgrade des Regierungs-Konferenzraums voran - NETGEAR Hub\" \/>\n<meta property=\"og:url\" content=\"https:\/\/dehub.netgear.com\/de\/hub\/business\/case-studies\/av-case-studies\/advanced-av-over-ip-powers-government-meeting-room-upgrade-2\/\" \/>\n<meta property=\"og:site_name\" content=\"NETGEAR Hub\" \/>\n<meta property=\"article:publisher\" content=\"https:\/\/www.facebook.com\/NetgearAU\/\" \/>\n<meta property=\"article:modified_time\" content=\"2025-11-25T15:19:06+00:00\" \/>\n<meta property=\"og:image\" content=\"https:\/\/dehub.netgear.com\/de\/hub\/wp-content\/uploads\/2025\/10\/untitled-design-13-383x288-1.jpg\" \/>\n\t<meta property=\"og:image:width\" content=\"383\" \/>\n\t<meta property=\"og:image:height\" content=\"288\" \/>\n\t<meta property=\"og:image:type\" content=\"image\/jpeg\" \/>\n<meta name=\"twitter:card\" content=\"summary_large_image\" \/>\n<meta name=\"twitter:site\" content=\"@NETGEAR\" \/>\n<script type=\"application\/ld+json\" class=\"yoast-schema-graph\">{\"@context\":\"https:\\\/\\\/schema.org\",\"@graph\":[{\"@type\":\"WebPage\",\"@id\":\"https:\\\/\\\/dehub.netgear.com\\\/de\\\/hub\\\/business\\\/case-studies\\\/av-case-studies\\\/advanced-av-over-ip-powers-government-meeting-room-upgrade-2\\\/\",\"url\":\"https:\\\/\\\/dehub.netgear.com\\\/de\\\/hub\\\/business\\\/case-studies\\\/av-case-studies\\\/advanced-av-over-ip-powers-government-meeting-room-upgrade-2\\\/\",\"name\":\"Fortschrittliche AV-over-IP-Technologie treibt das Upgrade des Regierungs-Konferenzraums voran - NETGEAR Hub\",\"isPartOf\":{\"@id\":\"https:\\\/\\\/dehub.netgear.com\\\/de\\\/hub\\\/#website\"},\"primaryImageOfPage\":{\"@id\":\"https:\\\/\\\/dehub.netgear.com\\\/de\\\/hub\\\/business\\\/case-studies\\\/av-case-studies\\\/advanced-av-over-ip-powers-government-meeting-room-upgrade-2\\\/#primaryimage\"},\"image\":{\"@id\":\"https:\\\/\\\/dehub.netgear.com\\\/de\\\/hub\\\/business\\\/case-studies\\\/av-case-studies\\\/advanced-av-over-ip-powers-government-meeting-room-upgrade-2\\\/#primaryimage\"},\"thumbnailUrl\":\"https:\\\/\\\/dehub.netgear.com\\\/de\\\/hub\\\/wp-content\\\/uploads\\\/2025\\\/10\\\/untitled-design-13-383x288-1.jpg\",\"datePublished\":\"2025-10-10T12:40:13+00:00\",\"dateModified\":\"2025-11-25T15:19:06+00:00\",\"breadcrumb\":{\"@id\":\"https:\\\/\\\/dehub.netgear.com\\\/de\\\/hub\\\/business\\\/case-studies\\\/av-case-studies\\\/advanced-av-over-ip-powers-government-meeting-room-upgrade-2\\\/#breadcrumb\"},\"inLanguage\":\"de\",\"potentialAction\":[{\"@type\":\"ReadAction\",\"target\":[\"https:\\\/\\\/dehub.netgear.com\\\/de\\\/hub\\\/business\\\/case-studies\\\/av-case-studies\\\/advanced-av-over-ip-powers-government-meeting-room-upgrade-2\\\/\"]}]},{\"@type\":\"ImageObject\",\"inLanguage\":\"de\",\"@id\":\"https:\\\/\\\/dehub.netgear.com\\\/de\\\/hub\\\/business\\\/case-studies\\\/av-case-studies\\\/advanced-av-over-ip-powers-government-meeting-room-upgrade-2\\\/#primaryimage\",\"url\":\"https:\\\/\\\/dehub.netgear.com\\\/de\\\/hub\\\/wp-content\\\/uploads\\\/2025\\\/10\\\/untitled-design-13-383x288-1.jpg\",\"contentUrl\":\"https:\\\/\\\/dehub.netgear.com\\\/de\\\/hub\\\/wp-content\\\/uploads\\\/2025\\\/10\\\/untitled-design-13-383x288-1.jpg\",\"width\":383,\"height\":288},{\"@type\":\"BreadcrumbList\",\"@id\":\"https:\\\/\\\/dehub.netgear.com\\\/de\\\/hub\\\/business\\\/case-studies\\\/av-case-studies\\\/advanced-av-over-ip-powers-government-meeting-room-upgrade-2\\\/#breadcrumb\",\"itemListElement\":[{\"@type\":\"ListItem\",\"position\":1,\"name\":\"Home\",\"item\":\"https:\\\/\\\/dehub.netgear.com\\\/de\\\/hub\\\/\"},{\"@type\":\"ListItem\",\"position\":2,\"name\":\"Business Articles Hub\",\"item\":\"https:\\\/\\\/dehub.netgear.com\\\/de\\\/hub\\\/business\\\/\"},{\"@type\":\"ListItem\",\"position\":3,\"name\":\"All Case Studies &#8211; DE\",\"item\":\"https:\\\/\\\/dehub.netgear.com\\\/de\\\/hub\\\/business\\\/case-studies\\\/\"},{\"@type\":\"ListItem\",\"position\":4,\"name\":\"AV Case Studies &#8211; DE\",\"item\":\"https:\\\/\\\/dehub.netgear.com\\\/de\\\/hub\\\/business\\\/case-studies\\\/av-case-studies\\\/\"},{\"@type\":\"ListItem\",\"position\":5,\"name\":\"Fortschrittliche AV-over-IP-Technologie treibt das Upgrade des Regierungs-Konferenzraums voran\"}]},{\"@type\":\"WebSite\",\"@id\":\"https:\\\/\\\/dehub.netgear.com\\\/de\\\/hub\\\/#website\",\"url\":\"https:\\\/\\\/dehub.netgear.com\\\/de\\\/hub\\\/\",\"name\":\"NETGEAR\",\"description\":\"Erkunden Sie unsere Hub-Seiten und st\u00f6bern Sie in Artikeln, um mehr \u00fcber NETGEAR Produkte und Technologien zu erfahren.\",\"publisher\":{\"@id\":\"https:\\\/\\\/dehub.netgear.com\\\/de\\\/hub\\\/#organization\"},\"potentialAction\":[{\"@type\":\"SearchAction\",\"target\":{\"@type\":\"EntryPoint\",\"urlTemplate\":\"https:\\\/\\\/dehub.netgear.com\\\/de\\\/hub\\\/?s={search_term_string}\"},\"query-input\":{\"@type\":\"PropertyValueSpecification\",\"valueRequired\":true,\"valueName\":\"search_term_string\"}}],\"inLanguage\":\"de\"},{\"@type\":\"Organization\",\"@id\":\"https:\\\/\\\/dehub.netgear.com\\\/de\\\/hub\\\/#organization\",\"name\":\"NETGEAR\",\"url\":\"https:\\\/\\\/dehub.netgear.com\\\/de\\\/hub\\\/\",\"logo\":{\"@type\":\"ImageObject\",\"inLanguage\":\"de\",\"@id\":\"https:\\\/\\\/dehub.netgear.com\\\/de\\\/hub\\\/#\\\/schema\\\/logo\\\/image\\\/\",\"url\":\"https:\\\/\\\/www.dehub.netgear.com\\\/de\\\/hub\\\/wp-content\\\/uploads\\\/2019\\\/07\\\/NETGEAR_logo.jpg\",\"contentUrl\":\"https:\\\/\\\/www.dehub.netgear.com\\\/de\\\/hub\\\/wp-content\\\/uploads\\\/2019\\\/07\\\/NETGEAR_logo.jpg\",\"width\":1500,\"height\":501,\"caption\":\"NETGEAR\"},\"image\":{\"@id\":\"https:\\\/\\\/dehub.netgear.com\\\/de\\\/hub\\\/#\\\/schema\\\/logo\\\/image\\\/\"},\"sameAs\":[\"https:\\\/\\\/www.facebook.com\\\/NetgearAU\\\/\",\"https:\\\/\\\/x.com\\\/NETGEAR\",\"https:\\\/\\\/www.linkedin.com\\\/company\\\/netgear\"]}]}<\/script>\n<!-- \/ Yoast SEO plugin. -->","yoast_head_json":{"title":"Fortschrittliche AV-over-IP-Technologie treibt das Upgrade des Regierungs-Konferenzraums voran - NETGEAR Hub","robots":{"index":"index","follow":"follow","max-snippet":"max-snippet:-1","max-image-preview":"max-image-preview:large","max-video-preview":"max-video-preview:-1"},"canonical":"https:\/\/dehub.netgear.com\/de\/hub\/business\/case-studies\/av-case-studies\/advanced-av-over-ip-powers-government-meeting-room-upgrade-2\/","og_locale":"de_DE","og_type":"article","og_title":"Fortschrittliche AV-over-IP-Technologie treibt das Upgrade des Regierungs-Konferenzraums voran - NETGEAR Hub","og_url":"https:\/\/dehub.netgear.com\/de\/hub\/business\/case-studies\/av-case-studies\/advanced-av-over-ip-powers-government-meeting-room-upgrade-2\/","og_site_name":"NETGEAR Hub","article_publisher":"https:\/\/www.facebook.com\/NetgearAU\/","article_modified_time":"2025-11-25T15:19:06+00:00","og_image":[{"width":383,"height":288,"url":"https:\/\/dehub.netgear.com\/de\/hub\/wp-content\/uploads\/2025\/10\/untitled-design-13-383x288-1.jpg","type":"image\/jpeg"}],"twitter_card":"summary_large_image","twitter_site":"@NETGEAR","schema":{"@context":"https:\/\/schema.org","@graph":[{"@type":"WebPage","@id":"https:\/\/dehub.netgear.com\/de\/hub\/business\/case-studies\/av-case-studies\/advanced-av-over-ip-powers-government-meeting-room-upgrade-2\/","url":"https:\/\/dehub.netgear.com\/de\/hub\/business\/case-studies\/av-case-studies\/advanced-av-over-ip-powers-government-meeting-room-upgrade-2\/","name":"Fortschrittliche AV-over-IP-Technologie treibt das Upgrade des Regierungs-Konferenzraums voran - NETGEAR Hub","isPartOf":{"@id":"https:\/\/dehub.netgear.com\/de\/hub\/#website"},"primaryImageOfPage":{"@id":"https:\/\/dehub.netgear.com\/de\/hub\/business\/case-studies\/av-case-studies\/advanced-av-over-ip-powers-government-meeting-room-upgrade-2\/#primaryimage"},"image":{"@id":"https:\/\/dehub.netgear.com\/de\/hub\/business\/case-studies\/av-case-studies\/advanced-av-over-ip-powers-government-meeting-room-upgrade-2\/#primaryimage"},"thumbnailUrl":"https:\/\/dehub.netgear.com\/de\/hub\/wp-content\/uploads\/2025\/10\/untitled-design-13-383x288-1.jpg","datePublished":"2025-10-10T12:40:13+00:00","dateModified":"2025-11-25T15:19:06+00:00","breadcrumb":{"@id":"https:\/\/dehub.netgear.com\/de\/hub\/business\/case-studies\/av-case-studies\/advanced-av-over-ip-powers-government-meeting-room-upgrade-2\/#breadcrumb"},"inLanguage":"de","potentialAction":[{"@type":"ReadAction","target":["https:\/\/dehub.netgear.com\/de\/hub\/business\/case-studies\/av-case-studies\/advanced-av-over-ip-powers-government-meeting-room-upgrade-2\/"]}]},{"@type":"ImageObject","inLanguage":"de","@id":"https:\/\/dehub.netgear.com\/de\/hub\/business\/case-studies\/av-case-studies\/advanced-av-over-ip-powers-government-meeting-room-upgrade-2\/#primaryimage","url":"https:\/\/dehub.netgear.com\/de\/hub\/wp-content\/uploads\/2025\/10\/untitled-design-13-383x288-1.jpg","contentUrl":"https:\/\/dehub.netgear.com\/de\/hub\/wp-content\/uploads\/2025\/10\/untitled-design-13-383x288-1.jpg","width":383,"height":288},{"@type":"BreadcrumbList","@id":"https:\/\/dehub.netgear.com\/de\/hub\/business\/case-studies\/av-case-studies\/advanced-av-over-ip-powers-government-meeting-room-upgrade-2\/#breadcrumb","itemListElement":[{"@type":"ListItem","position":1,"name":"Home","item":"https:\/\/dehub.netgear.com\/de\/hub\/"},{"@type":"ListItem","position":2,"name":"Business Articles Hub","item":"https:\/\/dehub.netgear.com\/de\/hub\/business\/"},{"@type":"ListItem","position":3,"name":"All Case Studies &#8211; DE","item":"https:\/\/dehub.netgear.com\/de\/hub\/business\/case-studies\/"},{"@type":"ListItem","position":4,"name":"AV Case Studies &#8211; DE","item":"https:\/\/dehub.netgear.com\/de\/hub\/business\/case-studies\/av-case-studies\/"},{"@type":"ListItem","position":5,"name":"Fortschrittliche AV-over-IP-Technologie treibt das Upgrade des Regierungs-Konferenzraums voran"}]},{"@type":"WebSite","@id":"https:\/\/dehub.netgear.com\/de\/hub\/#website","url":"https:\/\/dehub.netgear.com\/de\/hub\/","name":"NETGEAR","description":"Erkunden Sie unsere Hub-Seiten und st\u00f6bern Sie in Artikeln, um mehr \u00fcber NETGEAR Produkte und Technologien zu erfahren.","publisher":{"@id":"https:\/\/dehub.netgear.com\/de\/hub\/#organization"},"potentialAction":[{"@type":"SearchAction","target":{"@type":"EntryPoint","urlTemplate":"https:\/\/dehub.netgear.com\/de\/hub\/?s={search_term_string}"},"query-input":{"@type":"PropertyValueSpecification","valueRequired":true,"valueName":"search_term_string"}}],"inLanguage":"de"},{"@type":"Organization","@id":"https:\/\/dehub.netgear.com\/de\/hub\/#organization","name":"NETGEAR","url":"https:\/\/dehub.netgear.com\/de\/hub\/","logo":{"@type":"ImageObject","inLanguage":"de","@id":"https:\/\/dehub.netgear.com\/de\/hub\/#\/schema\/logo\/image\/","url":"https:\/\/www.dehub.netgear.com\/de\/hub\/wp-content\/uploads\/2019\/07\/NETGEAR_logo.jpg","contentUrl":"https:\/\/www.dehub.netgear.com\/de\/hub\/wp-content\/uploads\/2019\/07\/NETGEAR_logo.jpg","width":1500,"height":501,"caption":"NETGEAR"},"image":{"@id":"https:\/\/dehub.netgear.com\/de\/hub\/#\/schema\/logo\/image\/"},"sameAs":["https:\/\/www.facebook.com\/NetgearAU\/","https:\/\/x.com\/NETGEAR","https:\/\/www.linkedin.com\/company\/netgear"]}]}},"_links":{"self":[{"href":"https:\/\/dehub.netgear.com\/de\/hub\/wp-json\/wp\/v2\/pages\/10805","targetHints":{"allow":["GET"]}}],"collection":[{"href":"https:\/\/dehub.netgear.com\/de\/hub\/wp-json\/wp\/v2\/pages"}],"about":[{"href":"https:\/\/dehub.netgear.com\/de\/hub\/wp-json\/wp\/v2\/types\/page"}],"author":[{"embeddable":true,"href":"https:\/\/dehub.netgear.com\/de\/hub\/wp-json\/wp\/v2\/users\/94"}],"replies":[{"embeddable":true,"href":"https:\/\/dehub.netgear.com\/de\/hub\/wp-json\/wp\/v2\/comments?post=10805"}],"version-history":[{"count":5,"href":"https:\/\/dehub.netgear.com\/de\/hub\/wp-json\/wp\/v2\/pages\/10805\/revisions"}],"predecessor-version":[{"id":11054,"href":"https:\/\/dehub.netgear.com\/de\/hub\/wp-json\/wp\/v2\/pages\/10805\/revisions\/11054"}],"up":[{"embeddable":true,"href":"https:\/\/dehub.netgear.com\/de\/hub\/wp-json\/wp\/v2\/pages\/10321"}],"wp:featuredmedia":[{"embeddable":true,"href":"https:\/\/dehub.netgear.com\/de\/hub\/wp-json\/wp\/v2\/media\/10809"}],"wp:attachment":[{"href":"https:\/\/dehub.netgear.com\/de\/hub\/wp-json\/wp\/v2\/media?parent=10805"}],"curies":[{"name":"wp","href":"https:\/\/api.w.org\/{rel}","templated":true}]}}