{"id":10795,"date":"2025-05-26T12:32:09","date_gmt":"2025-10-10T10:32:14","guid":{"rendered":"https:\/\/dehub.netgear.com\/de\/hub\/?page_id=10795"},"modified":"2025-10-13T09:24:26","modified_gmt":"2025-10-13T07:24:26","slug":"how-netgear-powers-londons-most-unique-sports-and-entertainment-venue","status":"publish","type":"page","link":"https:\/\/dehub.netgear.com\/de\/hub\/business\/case-studies\/av-case-studies\/how-netgear-powers-londons-most-unique-sports-and-entertainment-venue\/","title":{"rendered":"Wie NETGEAR Londons einzigartigsten Sport- und Veranstaltungsort mit Leistung versorgt"},"content":{"rendered":"<p><img loading=\"lazy\" decoding=\"async\" class=\"alignone size-full wp-image-10681\" style=\"border-radius: 1em;\" src=\"https:\/\/www.netgear.com\/hub\/wp-content\/uploads\/2025\/05\/Bloodsports-8.jpg\" alt=\"\" width=\"1048\" height=\"511\" \/><\/p>\n    <div class=\"table-of-content bg-gray\">\n        <p><strong>IN THIS ARTICLE<\/strong><\/p>\n        <ul>\n                        <li><a href=\"#topic1\">BLOODsports<\/a><\/li>\n                        <li><a href=\"#topic2\">DER FALL<\/a><\/li>\n                        <li><a href=\"#topic3\">DIE L\u00d6SUNG<\/a><\/li>\n                        <li><a href=\"#topic4\">DIE ERGEBNISSE<\/a><\/li>\n                        <li><a href=\"#topic5\">BEREIT, IHREN VERANSTALTUNGSORT ZU TRANSFORMIEREN?<\/a><\/li>\n                        <li><a href=\"#topic6\">WEITERE INFORMATIONEN<\/a><\/li>\n                    <\/ul>\n    <\/div>\n        <div id=\"topic1\" class=\"skip-item\">\n                        <h2>BLOODsports<\/h2>\n                <div style=\"background-color: #eeeeee;padding: 20px;width: 33%;float: right\">\n<p><strong>Firmenname:<\/strong><br \/>\nBLOODsports<\/p>\n<p><strong>Branche:<\/strong><br \/>\nGastgewerbe &amp; Freizeit<\/p>\n<p><strong>Firmenwebsite:<\/strong><br \/>\n<a href=\"https:\/\/www.obloodsports.co\">bloodsports.co<\/a><\/p>\n<p><strong>Standort:<\/strong><br \/>\nCovent Garden, London, UK<\/p>\n<\/div>\n<p>Im Herzen des lebhaften Londoner Stadtteils Covent Garden ist BLOODsports ein immersiver Veranstaltungsort, der sich tags\u00fcber in ein Multi-Screen-Sportparadies verwandelt und nach Einbruch der Dunkelheit zu einem Horror-Themenclub wird.<\/p>\n<p>Hinter diesem nahtlosen Erlebnis steht eine ausgekl\u00fcgelte AV-Anlage, bei der NETGEAR-Netzwerktechnologie das Herzst\u00fcck bildet.<\/p>\n    <\/div>\n        <div id=\"topic2\" class=\"skip-item\">\n                        <h2>DER FALL<\/h2>\n                <p data-start=\"76\" data-end=\"135\"><strong data-start=\"76\" data-end=\"135\">Ein Veranstaltungsort, der technische Exzellenz fordert<\/strong><\/p>\n<p data-start=\"137\" data-end=\"381\">Als Scott Collins, Gr\u00fcnder der erfolgreichen MEATliquor-Kette, BLOODsports ins Leben rief, war ihm klar, dass das audiovisuelle Erlebnis das Konzept entweder zum Erfolg oder zum Scheitern bringen w\u00fcrde. Die Herausforderungen waren betr\u00e4chtlich:<\/p>\n<ul data-start=\"383\" data-end=\"830\">\n<li data-start=\"383\" data-end=\"482\">\n<p data-start=\"385\" data-end=\"482\">Verwaltung von 28 Bildschirmen in einem offenen Veranstaltungsbereich ohne physische Trennw\u00e4nde<\/p>\n<\/li>\n<li data-start=\"483\" data-end=\"570\">\n<p data-start=\"485\" data-end=\"570\">Schaffung separater Audiozonen, um \u00dcbersprechen zwischen den Bereichen zu vermeiden<\/p>\n<\/li>\n<li data-start=\"571\" data-end=\"651\">\n<p data-start=\"573\" data-end=\"651\">Unterst\u00fctzung mehrerer Videoquellen, von Sky-Boxen bis zu Streaming-Diensten<\/p>\n<\/li>\n<li data-start=\"652\" data-end=\"727\">\n<p data-start=\"654\" data-end=\"727\">Verarbeitung von 4K-Videos mit 60 Hz \u00fcber mehrere gleichzeitige Streams<\/p>\n<\/li>\n<li data-start=\"728\" data-end=\"830\">\n<p data-start=\"730\" data-end=\"830\">Erm\u00f6glichung einer intuitiven Bedienung f\u00fcr Mitarbeiter mit unterschiedlichem technischen Know-how<\/p>\n<\/li>\n<\/ul>\n    <\/div>\n        <div id=\"topic3\" class=\"skip-item\">\n                        <h2>DIE L\u00d6SUNG<\/h2>\n                <p data-start=\"848\" data-end=\"1408\">Das in London ans\u00e4ssige Systemintegrationsunternehmen Tateside setzte auf NETGEAR POE+-Switches, um dieses ambitionierte Projekt zu realisieren. Die AV-Netzwerktechnologie bildete das R\u00fcckgrat f\u00fcr die Blustream IP300 Video-over-IP-L\u00f6sung, die Sport\u00fcbertragungen in 4K-Qualit\u00e4t erm\u00f6glicht, eine Dante-f\u00e4hige Audioverteilung \u00fcber Martin Audio und Void Acoustics Lautsprecher, eine ma\u00dfgeschneiderte 9 Meter lange LED-Tickeranzeige f\u00fcr Promotionen und Sportstatistiken sowie ein Q-SYS-Steuerungssystem f\u00fcr die intuitive Verwaltung des gesamten Veranstaltungsortes.<\/p>\n<p data-start=\"1410\" data-end=\"1646\">\u201eNETGEAR ist eine Marke, der wir vertrauen k\u00f6nnen, und ihre Switches sorgen daf\u00fcr, dass unsere Installation, die stark auf vernetzte Ger\u00e4te angewiesen ist, robust und zuverl\u00e4ssig ist\u201c, sagt Jack Cornish, technischer Leiter bei Tateside.<\/p>\n    <\/div>\n        <div id=\"topic4\" class=\"skip-item\">\n                        <h2>DIE ERGEBNISSE<\/h2>\n                <p data-start=\"1668\" data-end=\"1845\">Seit der Er\u00f6ffnung hat sich BLOODsports schnell als einer der markantesten Entertainment-Orte Londons etabliert, insbesondere wegen seines immersiven audiovisuellen Erlebnisses.<\/p>\n<p data-start=\"1847\" data-end=\"2047\">Die NETGEAR-basierte Infrastruktur arbeitet einwandfrei und erm\u00f6glicht es dem Personal, den Veranstaltungsort m\u00fchelos vom tags\u00fcber betriebenen Sportparadies zum n\u00e4chtlichen Horror-Event zu verwandeln.<\/p>\n<p data-start=\"2049\" data-end=\"2203\">Wie Scott Collins sagt: \u201eDas AV-Setup bei BLOODsports ist auf einem ganz neuen Niveau; jeder Bildschirm, jeder Lautsprecher \u2013 alles funktioniert nahtlos.\u201c<\/p>\n    <\/div>\n        <div id=\"topic5\" class=\"skip-item\">\n                        <h2>BEREIT, IHREN VERANSTALTUNGSORT ZU TRANSFORMIEREN?<\/h2>\n                <p>BLOODsports zeigt, wie die richtige Netzwerkinfrastruktur wirklich transformative Erlebnisse im Gastgewerbe erm\u00f6glichen kann.<\/p>\n    <\/div>\n        <div id=\"topic6\" class=\"skip-item\">\n                        <h2>WEITERE INFORMATIONEN<\/h2>\n                <p>Mehr \u00fcber unsere Business-Produkte erfahren<\/p>\n<div class=\"hs-cta-embed hs-cta-simple-placeholder hs-cta-embed-243392275167\" style=\"max-width: 100%;max-height: 100%;width: 260px;height: 50.390625px\" data-hubspot-wrapper-cta-id=\"243392275167\"><a href=\"https:\/\/cta-na2.hubspot.com\/web-interactives\/public\/v1\/track\/redirect?encryptedPayload=AVxigLI%2Fu8J7nFnep8w0CfLqqlWixXySh0cANLn7TQ3MtLEGeFdfhQxw3AVxVzYlZOkZoVB4gdslqY4il1pZTz7RSKy0mNw%2BF1Y6bdIwWiFAFfgtF%2FkXW%2Fmq0JFY6OQExFSwjiafSp97IxwGv6iNNhiT9X6MQziOnjaAnh9UsXCYR2VD1S791%2F7MVwT1TQ%3D%3D&amp;webInteractiveContentId=243392275167&amp;portalId=242128791\" target=\"_blank\" rel=\"noopener\"><br \/>\n<img decoding=\"async\" style=\"height: 100%;width: 100%;object-fit: fill\" src=\"https:\/\/hubspot-no-cache-na2-prod.s3.amazonaws.com\/cta\/default\/242128791\/interactive-243392275167.png\" alt=\"NETGEAR AV-L\u00d6SUNGEN\" \/><br \/>\n<\/a><\/div>\n<p><!-- IT ACADEMY --><\/p>\n<p>Alles \u00fcber IP-Netzwerke lernen \u2013 in der NETGEAR ACADEMY<\/p>\n<div class=\"hs-cta-embed hs-cta-simple-placeholder hs-cta-embed-243357267644\" style=\"max-width: 100%;max-height: 100%;width: 260px;height: 50.390625px\" data-hubspot-wrapper-cta-id=\"243357267644\"><a href=\"https:\/\/cta-na2.hubspot.com\/web-interactives\/public\/v1\/track\/redirect?encryptedPayload=AVxigLKW9uCCU9FL7iPOCpU%2BvA8Z1UfLRQT8691iSSqh%2BqLrpD%2FITlt6RGXTdhci0W5DkR0wb%2FpK%2BWToDj8Qf0HaQwR0kyzZgK35i%2BhitHvCmHPH8BmXutiugzeYtEHOY6aYTSXoNxDjJJwwtUXAzSqnxQuhx5jjnWcHl4zUp4Dt1tTG2PymP7esgNCNHKHECJ76tda5x0hFMo8JQo6UwGGb9CBw4fyYnA%3D%3D&amp;webInteractiveContentId=243357267644&amp;portalId=242128791\" target=\"_blank\" rel=\"noopener\"><br \/>\n<img decoding=\"async\" style=\"height: 100%;width: 100%;object-fit: fill\" src=\"https:\/\/hubspot-no-cache-na2-prod.s3.amazonaws.com\/cta\/default\/242128791\/interactive-243357267644.png\" alt=\"NETGEAR ACADEMY\" \/><br \/>\n<\/a><\/div>\n<p><!-- KONTAKT PRO-IT-TEAM --><\/p>\n<p>Unsere Ingenieure unterst\u00fctzen Sie kostenlos bei Ihrem Projekt<\/p>\n<div class=\"hs-cta-embed hs-cta-simple-placeholder hs-cta-embed-243357266676\" style=\"max-width: 100%;max-height: 100%;width: 270px;height: 50.390625px\" data-hubspot-wrapper-cta-id=\"243357266676\"><a href=\"https:\/\/cta-na2.hubspot.com\/web-interactives\/public\/v1\/track\/redirect?encryptedPayload=AVxigLL9MaHliYSOIHWsJvXrVuyffxSFGu%2FOD4neANfzotKQLgtjDgnA0CFJQWLPGl5hkjLPFJf7A76nk1yWw939l8y7nc4NGJ1%2Fa58epF2QbqIhW7KyV%2Fr75%2B8GCI%2FfEXyeGuic8buAEe%2F8pDQ63tT6ExQvwvvuG%2BeK5mOqM%2FlNsZUaeR4q5pghXZB3yAUIu7WWwKynlh9Y3Ug9ymAN6sNjHEzXMCgwSYmLqMh7eixTsrgTswO85eLb8rCODQ%3D%3D&amp;webInteractiveContentId=243357266676&amp;portalId=242128791\" target=\"_blank\" rel=\"noopener\"><br \/>\n<img decoding=\"async\" style=\"height: 100%;width: 100%;object-fit: fill\" src=\"https:\/\/hubspot-no-cache-na2-prod.s3.amazonaws.com\/cta\/default\/242128791\/interactive-243357266676.png\" alt=\"KONTAKT PROAV-TEAM\" \/><br \/>\n<\/a><\/div>\n<p><iframe loading=\"lazy\" src=\"https:\/\/405nrr.share-na2.hsforms.com\/25w_D-U5iS-e5KaSaP86jnQ\" width=\"100%\" height=\"1200px\"><\/iframe><\/p>\n    <\/div>\n    \n","protected":false},"excerpt":{"rendered":"","protected":false},"author":94,"featured_media":10796,"parent":10321,"menu_order":0,"comment_status":"closed","ping_status":"closed","template":"templates\/blog-wifi.php","meta":{"_acf_changed":false,"footnotes":""},"class_list":["post-10795","page","type-page","status-publish","has-post-thumbnail","hentry"],"acf":[],"yoast_head":"<!-- This site is optimized with the Yoast SEO plugin v27.5 - https:\/\/yoast.com\/product\/yoast-seo-wordpress\/ -->\n<title>Wie NETGEAR Londons einzigartigsten Sport- und Veranstaltungsort mit Leistung versorgt - NETGEAR Hub<\/title>\n<meta name=\"robots\" content=\"index, follow, max-snippet:-1, max-image-preview:large, max-video-preview:-1\" \/>\n<link rel=\"canonical\" href=\"https:\/\/dehub.netgear.com\/de\/hub\/business\/case-studies\/av-case-studies\/how-netgear-powers-londons-most-unique-sports-and-entertainment-venue\/\" \/>\n<meta property=\"og:locale\" content=\"de_DE\" \/>\n<meta property=\"og:type\" content=\"article\" \/>\n<meta property=\"og:title\" content=\"Wie NETGEAR Londons einzigartigsten Sport- und Veranstaltungsort mit Leistung versorgt - NETGEAR Hub\" \/>\n<meta property=\"og:url\" content=\"https:\/\/dehub.netgear.com\/de\/hub\/business\/case-studies\/av-case-studies\/how-netgear-powers-londons-most-unique-sports-and-entertainment-venue\/\" \/>\n<meta property=\"og:site_name\" content=\"NETGEAR Hub\" \/>\n<meta property=\"article:publisher\" content=\"https:\/\/www.facebook.com\/NetgearAU\/\" \/>\n<meta property=\"article:modified_time\" content=\"2025-10-13T07:24:26+00:00\" \/>\n<meta property=\"og:image\" content=\"https:\/\/dehub.netgear.com\/de\/hub\/wp-content\/uploads\/2025\/10\/BloodsportColour-1-e1741239868691-383x288-1.png\" \/>\n\t<meta property=\"og:image:width\" content=\"383\" \/>\n\t<meta property=\"og:image:height\" content=\"288\" \/>\n\t<meta property=\"og:image:type\" content=\"image\/png\" \/>\n<meta name=\"twitter:card\" content=\"summary_large_image\" \/>\n<meta name=\"twitter:site\" content=\"@NETGEAR\" \/>\n<script type=\"application\/ld+json\" class=\"yoast-schema-graph\">{\"@context\":\"https:\\\/\\\/schema.org\",\"@graph\":[{\"@type\":\"WebPage\",\"@id\":\"https:\\\/\\\/dehub.netgear.com\\\/de\\\/hub\\\/business\\\/case-studies\\\/av-case-studies\\\/how-netgear-powers-londons-most-unique-sports-and-entertainment-venue\\\/\",\"url\":\"https:\\\/\\\/dehub.netgear.com\\\/de\\\/hub\\\/business\\\/case-studies\\\/av-case-studies\\\/how-netgear-powers-londons-most-unique-sports-and-entertainment-venue\\\/\",\"name\":\"Wie NETGEAR Londons einzigartigsten Sport- und Veranstaltungsort mit Leistung versorgt - NETGEAR Hub\",\"isPartOf\":{\"@id\":\"https:\\\/\\\/dehub.netgear.com\\\/de\\\/hub\\\/#website\"},\"primaryImageOfPage\":{\"@id\":\"https:\\\/\\\/dehub.netgear.com\\\/de\\\/hub\\\/business\\\/case-studies\\\/av-case-studies\\\/how-netgear-powers-londons-most-unique-sports-and-entertainment-venue\\\/#primaryimage\"},\"image\":{\"@id\":\"https:\\\/\\\/dehub.netgear.com\\\/de\\\/hub\\\/business\\\/case-studies\\\/av-case-studies\\\/how-netgear-powers-londons-most-unique-sports-and-entertainment-venue\\\/#primaryimage\"},\"thumbnailUrl\":\"https:\\\/\\\/dehub.netgear.com\\\/de\\\/hub\\\/wp-content\\\/uploads\\\/2025\\\/10\\\/BloodsportColour-1-e1741239868691-383x288-1.png\",\"datePublished\":\"2025-10-10T10:32:14+00:00\",\"dateModified\":\"2025-10-13T07:24:26+00:00\",\"breadcrumb\":{\"@id\":\"https:\\\/\\\/dehub.netgear.com\\\/de\\\/hub\\\/business\\\/case-studies\\\/av-case-studies\\\/how-netgear-powers-londons-most-unique-sports-and-entertainment-venue\\\/#breadcrumb\"},\"inLanguage\":\"de\",\"potentialAction\":[{\"@type\":\"ReadAction\",\"target\":[\"https:\\\/\\\/dehub.netgear.com\\\/de\\\/hub\\\/business\\\/case-studies\\\/av-case-studies\\\/how-netgear-powers-londons-most-unique-sports-and-entertainment-venue\\\/\"]}]},{\"@type\":\"ImageObject\",\"inLanguage\":\"de\",\"@id\":\"https:\\\/\\\/dehub.netgear.com\\\/de\\\/hub\\\/business\\\/case-studies\\\/av-case-studies\\\/how-netgear-powers-londons-most-unique-sports-and-entertainment-venue\\\/#primaryimage\",\"url\":\"https:\\\/\\\/dehub.netgear.com\\\/de\\\/hub\\\/wp-content\\\/uploads\\\/2025\\\/10\\\/BloodsportColour-1-e1741239868691-383x288-1.png\",\"contentUrl\":\"https:\\\/\\\/dehub.netgear.com\\\/de\\\/hub\\\/wp-content\\\/uploads\\\/2025\\\/10\\\/BloodsportColour-1-e1741239868691-383x288-1.png\",\"width\":383,\"height\":288},{\"@type\":\"BreadcrumbList\",\"@id\":\"https:\\\/\\\/dehub.netgear.com\\\/de\\\/hub\\\/business\\\/case-studies\\\/av-case-studies\\\/how-netgear-powers-londons-most-unique-sports-and-entertainment-venue\\\/#breadcrumb\",\"itemListElement\":[{\"@type\":\"ListItem\",\"position\":1,\"name\":\"Home\",\"item\":\"https:\\\/\\\/dehub.netgear.com\\\/de\\\/hub\\\/\"},{\"@type\":\"ListItem\",\"position\":2,\"name\":\"Business Articles Hub\",\"item\":\"https:\\\/\\\/dehub.netgear.com\\\/de\\\/hub\\\/business\\\/\"},{\"@type\":\"ListItem\",\"position\":3,\"name\":\"All Case Studies &#8211; DE\",\"item\":\"https:\\\/\\\/dehub.netgear.com\\\/de\\\/hub\\\/business\\\/case-studies\\\/\"},{\"@type\":\"ListItem\",\"position\":4,\"name\":\"AV Case Studies &#8211; DE\",\"item\":\"https:\\\/\\\/dehub.netgear.com\\\/de\\\/hub\\\/business\\\/case-studies\\\/av-case-studies\\\/\"},{\"@type\":\"ListItem\",\"position\":5,\"name\":\"Wie NETGEAR Londons einzigartigsten Sport- und Veranstaltungsort mit Leistung versorgt\"}]},{\"@type\":\"WebSite\",\"@id\":\"https:\\\/\\\/dehub.netgear.com\\\/de\\\/hub\\\/#website\",\"url\":\"https:\\\/\\\/dehub.netgear.com\\\/de\\\/hub\\\/\",\"name\":\"NETGEAR\",\"description\":\"Erkunden Sie unsere Hub-Seiten und st\u00f6bern Sie in Artikeln, um mehr \u00fcber NETGEAR Produkte und Technologien zu erfahren.\",\"publisher\":{\"@id\":\"https:\\\/\\\/dehub.netgear.com\\\/de\\\/hub\\\/#organization\"},\"potentialAction\":[{\"@type\":\"SearchAction\",\"target\":{\"@type\":\"EntryPoint\",\"urlTemplate\":\"https:\\\/\\\/dehub.netgear.com\\\/de\\\/hub\\\/?s={search_term_string}\"},\"query-input\":{\"@type\":\"PropertyValueSpecification\",\"valueRequired\":true,\"valueName\":\"search_term_string\"}}],\"inLanguage\":\"de\"},{\"@type\":\"Organization\",\"@id\":\"https:\\\/\\\/dehub.netgear.com\\\/de\\\/hub\\\/#organization\",\"name\":\"NETGEAR\",\"url\":\"https:\\\/\\\/dehub.netgear.com\\\/de\\\/hub\\\/\",\"logo\":{\"@type\":\"ImageObject\",\"inLanguage\":\"de\",\"@id\":\"https:\\\/\\\/dehub.netgear.com\\\/de\\\/hub\\\/#\\\/schema\\\/logo\\\/image\\\/\",\"url\":\"https:\\\/\\\/www.dehub.netgear.com\\\/de\\\/hub\\\/wp-content\\\/uploads\\\/2019\\\/07\\\/NETGEAR_logo.jpg\",\"contentUrl\":\"https:\\\/\\\/www.dehub.netgear.com\\\/de\\\/hub\\\/wp-content\\\/uploads\\\/2019\\\/07\\\/NETGEAR_logo.jpg\",\"width\":1500,\"height\":501,\"caption\":\"NETGEAR\"},\"image\":{\"@id\":\"https:\\\/\\\/dehub.netgear.com\\\/de\\\/hub\\\/#\\\/schema\\\/logo\\\/image\\\/\"},\"sameAs\":[\"https:\\\/\\\/www.facebook.com\\\/NetgearAU\\\/\",\"https:\\\/\\\/x.com\\\/NETGEAR\",\"https:\\\/\\\/www.linkedin.com\\\/company\\\/netgear\"]}]}<\/script>\n<!-- \/ Yoast SEO plugin. -->","yoast_head_json":{"title":"Wie NETGEAR Londons einzigartigsten Sport- und Veranstaltungsort mit Leistung versorgt - NETGEAR Hub","robots":{"index":"index","follow":"follow","max-snippet":"max-snippet:-1","max-image-preview":"max-image-preview:large","max-video-preview":"max-video-preview:-1"},"canonical":"https:\/\/dehub.netgear.com\/de\/hub\/business\/case-studies\/av-case-studies\/how-netgear-powers-londons-most-unique-sports-and-entertainment-venue\/","og_locale":"de_DE","og_type":"article","og_title":"Wie NETGEAR Londons einzigartigsten Sport- und Veranstaltungsort mit Leistung versorgt - NETGEAR Hub","og_url":"https:\/\/dehub.netgear.com\/de\/hub\/business\/case-studies\/av-case-studies\/how-netgear-powers-londons-most-unique-sports-and-entertainment-venue\/","og_site_name":"NETGEAR Hub","article_publisher":"https:\/\/www.facebook.com\/NetgearAU\/","article_modified_time":"2025-10-13T07:24:26+00:00","og_image":[{"width":383,"height":288,"url":"https:\/\/dehub.netgear.com\/de\/hub\/wp-content\/uploads\/2025\/10\/BloodsportColour-1-e1741239868691-383x288-1.png","type":"image\/png"}],"twitter_card":"summary_large_image","twitter_site":"@NETGEAR","schema":{"@context":"https:\/\/schema.org","@graph":[{"@type":"WebPage","@id":"https:\/\/dehub.netgear.com\/de\/hub\/business\/case-studies\/av-case-studies\/how-netgear-powers-londons-most-unique-sports-and-entertainment-venue\/","url":"https:\/\/dehub.netgear.com\/de\/hub\/business\/case-studies\/av-case-studies\/how-netgear-powers-londons-most-unique-sports-and-entertainment-venue\/","name":"Wie NETGEAR Londons einzigartigsten Sport- und Veranstaltungsort mit Leistung versorgt - NETGEAR Hub","isPartOf":{"@id":"https:\/\/dehub.netgear.com\/de\/hub\/#website"},"primaryImageOfPage":{"@id":"https:\/\/dehub.netgear.com\/de\/hub\/business\/case-studies\/av-case-studies\/how-netgear-powers-londons-most-unique-sports-and-entertainment-venue\/#primaryimage"},"image":{"@id":"https:\/\/dehub.netgear.com\/de\/hub\/business\/case-studies\/av-case-studies\/how-netgear-powers-londons-most-unique-sports-and-entertainment-venue\/#primaryimage"},"thumbnailUrl":"https:\/\/dehub.netgear.com\/de\/hub\/wp-content\/uploads\/2025\/10\/BloodsportColour-1-e1741239868691-383x288-1.png","datePublished":"2025-10-10T10:32:14+00:00","dateModified":"2025-10-13T07:24:26+00:00","breadcrumb":{"@id":"https:\/\/dehub.netgear.com\/de\/hub\/business\/case-studies\/av-case-studies\/how-netgear-powers-londons-most-unique-sports-and-entertainment-venue\/#breadcrumb"},"inLanguage":"de","potentialAction":[{"@type":"ReadAction","target":["https:\/\/dehub.netgear.com\/de\/hub\/business\/case-studies\/av-case-studies\/how-netgear-powers-londons-most-unique-sports-and-entertainment-venue\/"]}]},{"@type":"ImageObject","inLanguage":"de","@id":"https:\/\/dehub.netgear.com\/de\/hub\/business\/case-studies\/av-case-studies\/how-netgear-powers-londons-most-unique-sports-and-entertainment-venue\/#primaryimage","url":"https:\/\/dehub.netgear.com\/de\/hub\/wp-content\/uploads\/2025\/10\/BloodsportColour-1-e1741239868691-383x288-1.png","contentUrl":"https:\/\/dehub.netgear.com\/de\/hub\/wp-content\/uploads\/2025\/10\/BloodsportColour-1-e1741239868691-383x288-1.png","width":383,"height":288},{"@type":"BreadcrumbList","@id":"https:\/\/dehub.netgear.com\/de\/hub\/business\/case-studies\/av-case-studies\/how-netgear-powers-londons-most-unique-sports-and-entertainment-venue\/#breadcrumb","itemListElement":[{"@type":"ListItem","position":1,"name":"Home","item":"https:\/\/dehub.netgear.com\/de\/hub\/"},{"@type":"ListItem","position":2,"name":"Business Articles Hub","item":"https:\/\/dehub.netgear.com\/de\/hub\/business\/"},{"@type":"ListItem","position":3,"name":"All Case Studies &#8211; DE","item":"https:\/\/dehub.netgear.com\/de\/hub\/business\/case-studies\/"},{"@type":"ListItem","position":4,"name":"AV Case Studies &#8211; DE","item":"https:\/\/dehub.netgear.com\/de\/hub\/business\/case-studies\/av-case-studies\/"},{"@type":"ListItem","position":5,"name":"Wie NETGEAR Londons einzigartigsten Sport- und Veranstaltungsort mit Leistung versorgt"}]},{"@type":"WebSite","@id":"https:\/\/dehub.netgear.com\/de\/hub\/#website","url":"https:\/\/dehub.netgear.com\/de\/hub\/","name":"NETGEAR","description":"Erkunden Sie unsere Hub-Seiten und st\u00f6bern Sie in Artikeln, um mehr \u00fcber NETGEAR Produkte und Technologien zu erfahren.","publisher":{"@id":"https:\/\/dehub.netgear.com\/de\/hub\/#organization"},"potentialAction":[{"@type":"SearchAction","target":{"@type":"EntryPoint","urlTemplate":"https:\/\/dehub.netgear.com\/de\/hub\/?s={search_term_string}"},"query-input":{"@type":"PropertyValueSpecification","valueRequired":true,"valueName":"search_term_string"}}],"inLanguage":"de"},{"@type":"Organization","@id":"https:\/\/dehub.netgear.com\/de\/hub\/#organization","name":"NETGEAR","url":"https:\/\/dehub.netgear.com\/de\/hub\/","logo":{"@type":"ImageObject","inLanguage":"de","@id":"https:\/\/dehub.netgear.com\/de\/hub\/#\/schema\/logo\/image\/","url":"https:\/\/www.dehub.netgear.com\/de\/hub\/wp-content\/uploads\/2019\/07\/NETGEAR_logo.jpg","contentUrl":"https:\/\/www.dehub.netgear.com\/de\/hub\/wp-content\/uploads\/2019\/07\/NETGEAR_logo.jpg","width":1500,"height":501,"caption":"NETGEAR"},"image":{"@id":"https:\/\/dehub.netgear.com\/de\/hub\/#\/schema\/logo\/image\/"},"sameAs":["https:\/\/www.facebook.com\/NetgearAU\/","https:\/\/x.com\/NETGEAR","https:\/\/www.linkedin.com\/company\/netgear"]}]}},"_links":{"self":[{"href":"https:\/\/dehub.netgear.com\/de\/hub\/wp-json\/wp\/v2\/pages\/10795","targetHints":{"allow":["GET"]}}],"collection":[{"href":"https:\/\/dehub.netgear.com\/de\/hub\/wp-json\/wp\/v2\/pages"}],"about":[{"href":"https:\/\/dehub.netgear.com\/de\/hub\/wp-json\/wp\/v2\/types\/page"}],"author":[{"embeddable":true,"href":"https:\/\/dehub.netgear.com\/de\/hub\/wp-json\/wp\/v2\/users\/94"}],"replies":[{"embeddable":true,"href":"https:\/\/dehub.netgear.com\/de\/hub\/wp-json\/wp\/v2\/comments?post=10795"}],"version-history":[{"count":2,"href":"https:\/\/dehub.netgear.com\/de\/hub\/wp-json\/wp\/v2\/pages\/10795\/revisions"}],"predecessor-version":[{"id":10863,"href":"https:\/\/dehub.netgear.com\/de\/hub\/wp-json\/wp\/v2\/pages\/10795\/revisions\/10863"}],"up":[{"embeddable":true,"href":"https:\/\/dehub.netgear.com\/de\/hub\/wp-json\/wp\/v2\/pages\/10321"}],"wp:featuredmedia":[{"embeddable":true,"href":"https:\/\/dehub.netgear.com\/de\/hub\/wp-json\/wp\/v2\/media\/10796"}],"wp:attachment":[{"href":"https:\/\/dehub.netgear.com\/de\/hub\/wp-json\/wp\/v2\/media?parent=10795"}],"curies":[{"name":"wp","href":"https:\/\/api.w.org\/{rel}","templated":true}]}}