{"id":10791,"date":"2025-02-05T12:20:09","date_gmt":"2025-10-10T10:20:03","guid":{"rendered":"https:\/\/dehub.netgear.com\/de\/hub\/?page_id=10791"},"modified":"2025-10-13T09:28:47","modified_gmt":"2025-10-13T07:28:47","slug":"norwegian-opera-network-solution","status":"publish","type":"page","link":"https:\/\/dehub.netgear.com\/de\/hub\/business\/case-studies\/av-case-studies\/norwegian-opera-network-solution\/","title":{"rendered":"Die unsichtbaren Helden der Technik bei der Norwegischen Oper &amp; Ballett"},"content":{"rendered":"<p><img loading=\"lazy\" decoding=\"async\" class=\"alignone size-full wp-image-10681\" style=\"border-radius: 1em;\" src=\"https:\/\/www.netgear.com\/hub\/wp-content\/uploads\/2025\/02\/867fcc7d-8369-4876-8cb0-abef664ff5cd-scaled.jpg\" alt=\"\" width=\"1048\" height=\"511\" \/><\/p>\n    <div class=\"table-of-content bg-gray\">\n        <p><strong>IN THIS ARTICLE<\/strong><\/p>\n        <ul>\n                        <li><a href=\"#topic1\">ZUSAMMENFASSUNG<\/a><\/li>\n                        <li><a href=\"#topic2\">HINTERGRUND<\/a><\/li>\n                        <li><a href=\"#topic3\">HERAUSFORDERUNG<\/a><\/li>\n                        <li><a href=\"#topic4\">L\u00d6SUNG<\/a><\/li>\n                        <li><a href=\"#topic5\">ERGEBNISSE<\/a><\/li>\n                        <li><a href=\"#topic6\">WEITERE INFORMATIONEN<\/a><\/li>\n                    <\/ul>\n    <\/div>\n        <div id=\"topic1\" class=\"skip-item\">\n                        <h2>ZUSAMMENFASSUNG<\/h2>\n                <div style=\"background-color: #eeeeee;padding: 20px;width: 33%;float: right\">\n<p><strong>Firmenname:<\/strong><br \/>\nNorwegische Nationaloper &amp; Ballett (Norwegian National Opera &amp; Ballet)<\/p>\n<p><strong>Branche:<\/strong><br \/>\nMusik &amp; Unterhaltung<\/p>\n<p><strong>Firmenwebsite:<\/strong><br \/>\n<a href=\"https:\/\/www.operaen.no\">operaen.no<\/a><\/p>\n<p><strong>Standort:<\/strong><br \/>\nOslo, Norwegen<\/p>\n<\/div>\n<p>Beim Betreten des architektonisch beeindruckenden Geb\u00e4udes der Norwegischen Oper &amp; Ballett d\u00fcrfen sich Besucher auf Weltklasse-Musik wie eine aktuelle Inszenierung von La Traviata oder auf die T\u00e4nzer auf der B\u00fchne mit ihrer Version von Tschaikowskys ber\u00fchmtem Nussknacker freuen. Doch hinter den Kulissen findet eine weitere, ebenso wichtige \u201eAuff\u00fchrung\u201c statt: die Technologie, die diese Audio- und visuelle Spektakel \u00fcberhaupt erst m\u00f6glich macht. Dazu geh\u00f6rt auch die Pro AV-Netzwerktechnik von NETGEAR, die einen reibungslosen Ablauf der vielf\u00e4ltigen Produktionen unterst\u00fctzt. Seit der Installation profitiert das Haus von einfacher Bedienung, unkomplizierter Konfiguration und der Sicherheit, dass bei Bedarf der NETGEAR-Support zur Verf\u00fcgung steht.<\/p>\n    <\/div>\n        <div id=\"topic2\" class=\"skip-item\">\n                        <h2>HINTERGRUND<\/h2>\n                <p data-start=\"74\" data-end=\"345\">Das Osloer Opernhaus beherbergt mehrere der f\u00fchrenden Kulturinstitutionen Norwegens. Dazu z\u00e4hlen das Norwegische Nationalballett, die Norwegische Nationaloper, das Orchester der Nationaloper, der Opernchor, der Kinderchor der Nationaloper sowie die Nationalballettschule.<\/p>\n<p><img loading=\"lazy\" decoding=\"async\" class=\"aligncenter size-large wp-image-15540\" src=\"https:\/\/www.netgear.com\/hub\/wp-content\/uploads\/2025\/02\/Full_Opera_by_night-1024x320.jpg\" alt=\"\" width=\"1024\" height=\"320\" \/><\/p>\n<p data-start=\"347\" data-end=\"992\">Neben der Zusammenf\u00fchrung einiger der besten Tanz-, Musik- und Gesangstalente des Landes ist die Norwegische Nationaloper &amp; Ballett auch aufgrund ihrer beeindruckenden Architektur ein Besuchermagnet. Das kantige Design vermittelt den Eindruck, als w\u00fcrde das Geb\u00e4ude direkt aus den Gew\u00e4ssern des Oslofjords emporsteigen. Das Haus nutzt zudem moderne Technologien, um die Erfahrung f\u00fcr K\u00fcnstler, B\u00fchnenmanager und Besucher gleicherma\u00dfen zu verbessern. Dabei soll die Technologie vor allem eine unterst\u00fctzende Rolle spielen, die die Effizienz der B\u00fchnenauff\u00fchrungen sicherstellt und den Nutzern dabei m\u00f6glichst wenig Aufwand und Ablenkung bereitet.<\/p>\n<p data-start=\"994\" data-end=\"1454\">Dies sind zwei der Ziele von Anders Verde, dem Systementwickler der Organisation. \u201eMeine Aufgabe ist es, die Anforderungen der Nutzer (in der Regel B\u00fchnenmanager) zu erfassen, sicherzustellen, dass ihre Bed\u00fcrfnisse erf\u00fcllt werden, und dass die Ausstattung, wie etwa das Audionetzwerk, einfach zu bedienen ist. Die B\u00fchnenmanager haben ohnehin schon alle H\u00e4nde voll zu tun. Daher muss jedes von mir bereitgestellte System so einfach und stabil wie m\u00f6glich sein.\u201c<\/p>\n    <\/div>\n        <div id=\"topic3\" class=\"skip-item\">\n                        <h2>HERAUSFORDERUNG<\/h2>\n                <p data-start=\"1482\" data-end=\"2185\">Wie viele andere Veranstaltungsorte weltweit stellt auch die Norwegische Oper &amp; Ballett zunehmend von traditionellen analogen auf AV-over-IP-Netzwerke um. Seit Anfang an wird ein Audio-over-IP-Netzwerk genutzt, und seit 2016\/2017 kommt Dante zum Einsatz. Daher muss Anders\u2019 Fokus auf Benutzerfreundlichkeit und hoher Zuverl\u00e4ssigkeit auch im Netzwerklayout ber\u00fccksichtigt werden. So hat jede Abteilung ihren eigenen Satz Netzwerkswitches, die miteinander kommunizieren k\u00f6nnen, aber bei Problemen auch voneinander isoliert werden k\u00f6nnen. Nutzer k\u00f6nnen ihr jeweiliges Netzwerk bedienen, das System ist jedoch so gesichert, dass versehentliche \u00c4nderungen, die zu Problemen f\u00fchren k\u00f6nnten, verhindert werden.<\/p>\n<p><img loading=\"lazy\" decoding=\"async\" class=\"aligncenter size-large wp-image-15543\" src=\"https:\/\/www.netgear.com\/hub\/wp-content\/uploads\/2025\/02\/oslo-opera-house-09-1024x576.jpg\" alt=\"\" width=\"1024\" height=\"576\" \/><\/p>\n<p data-start=\"2187\" data-end=\"2938\">Laut Anders wurde die Entscheidung, die bisherigen Netzwerkswitches durch Modelle von NETGEAR zu ersetzen, durch zus\u00e4tzliche Konfigurationsanforderungen ausgel\u00f6st, die problematisch waren. \u201eEs war schwierig, klare Anleitungen zur optimalen Konfiguration der bisherigen Switches f\u00fcr Dante oder allgemein f\u00fcr Multicast zu finden. Ich bekam genauso viele verschiedene Antworten wie Websites, die ich besucht habe, und jeder hatte eine andere Meinung. Au\u00dferdem erhielt ich vom vorherigen Anbieter keine Unterst\u00fctzung. Nichts funktionierte sofort, es gab viele versteckte Einstellungen. Zudem hatten wir Interoperabilit\u00e4tsprobleme, insbesondere beim Spanning-Tree-Protokoll zwischen verschiedenen Herstellern, was zu schwer zu behebenden Ausf\u00e4llen f\u00fchrte.\u201c<\/p>\n    <\/div>\n        <div id=\"topic4\" class=\"skip-item\">\n                        <h2>L\u00d6SUNG<\/h2>\n                <p data-start=\"2957\" data-end=\"3621\">Nach umfangreicher Recherche entschied sich Anders f\u00fcr NETGEAR und deren Pro AV Line Netzwerkswitches aus mehreren Gr\u00fcnden, unter anderem wegen der vereinfachten Konfiguration. \u201eNETGEAR war g\u00fcnstiger als der vorherige Anbieter \u2013 wir bekamen viel mehr Ger\u00e4te zum gleichen Preis \u2013 und bietet uns alle ben\u00f6tigten Funktionen zusammen mit der von mir gew\u00fcnschten einfachen Konfiguration. Ich muss nicht genau wissen, wie es funktioniert, nur dass es funktioniert.\u201c Ebenso wichtig ist, dass Anders\u2019 nicht-technische Kollegen vor Ort keine Experten in Netzwerk-Konfiguration werden m\u00fcssen, sondern einfach NETGEARs GUI-basierten AV-Switch-Controller Engage nutzen k\u00f6nnen.<\/p>\n<p data-start=\"3623\" data-end=\"4117\">Auch der Support und die Reaktionsf\u00e4higkeit von NETGEAR sind f\u00fcr Anders von gro\u00dfer Bedeutung. \u201eMit NETGEAR erhalte ich schnelle Antworten. Zum Beispiel hatte ich einen Top-Experten eine Stunde lang am Telefon, als wir ein Problem hatten. Diese Unterst\u00fctzung h\u00e4tte ich beim vorherigen Anbieter nie bekommen.\u201c Anders sch\u00e4tzt zudem, dass NETGEAR offen f\u00fcr Vorschl\u00e4ge und W\u00fcnsche zu Verbesserungen oder neuen Features ist. \u201eEs gibt eine kurze und direkte M\u00f6glichkeit, neue Entwicklungen anzuregen.\u201c<\/p>\n<p><img loading=\"lazy\" decoding=\"async\" class=\"size-full wp-image-15428 aligncenter\" src=\"https:\/\/www.netgear.com\/hub\/wp-content\/uploads\/2025\/02\/OOH_Anders.jpg\" alt=\"\" width=\"1024\" height=\"768\" \/><\/p>\n    <\/div>\n        <div id=\"topic5\" class=\"skip-item\">\n                        <h2>ERGEBNISSE<\/h2>\n                <p data-start=\"4140\" data-end=\"4526\">Um St\u00f6rungen m\u00f6glichst gering zu halten, wurden die NETGEAR Switches im Sommer 2024 installiert, in der ruhigen Zeit des Veranstaltungsorts. Obwohl NETGEAR einige erste Designvorschl\u00e4ge machte, f\u00fchrte Anders die Installation innerhalb von zwei Wochen selbst durch. Dabei hebt er die Qualit\u00e4t des NETGEAR-Supportteams und insbesondere Johan Hoel aus dem norwegischen NETGEAR-B\u00fcro hervor.<\/p>\n<p data-start=\"4528\" data-end=\"4829\">\u201eIch muss mich bei den NETGEAR-Leuten bedanken, denn sie reagieren schnell, und diese enge Zusammenarbeit ist f\u00fcr mich ein entscheidendes Kriterium bei der Wahl eines Anbieters. Probleme kommen vor \u2013 das ist normal \u2013 aber mit NETGEAR habe ich das Vertrauen, dass ich die n\u00f6tige Unterst\u00fctzung bekomme.\u201c<\/p>\n<p data-start=\"4831\" data-end=\"5118\">Dank dieses Wissens, dass Hilfe jederzeit zur Verf\u00fcgung steht, und der einfachen Bedienbarkeit der Ger\u00e4te, kann die Norwegische Nationaloper &amp; Ballett sicher sein, dass die installierten NETGEAR Netzwerkswitches eine entscheidende unterst\u00fctzende Rolle hinter den Kulissen spielen werden.<\/p>\n    <\/div>\n        <div id=\"topic6\" class=\"skip-item\">\n                        <h2>WEITERE INFORMATIONEN<\/h2>\n                <p>Mehr \u00fcber unsere Business-Produkte erfahren<\/p>\n<div class=\"hs-cta-embed hs-cta-simple-placeholder hs-cta-embed-243392275167\" style=\"max-width: 100%;max-height: 100%;width: 260px;height: 50.390625px\" data-hubspot-wrapper-cta-id=\"243392275167\"><a href=\"https:\/\/cta-na2.hubspot.com\/web-interactives\/public\/v1\/track\/redirect?encryptedPayload=AVxigLI%2Fu8J7nFnep8w0CfLqqlWixXySh0cANLn7TQ3MtLEGeFdfhQxw3AVxVzYlZOkZoVB4gdslqY4il1pZTz7RSKy0mNw%2BF1Y6bdIwWiFAFfgtF%2FkXW%2Fmq0JFY6OQExFSwjiafSp97IxwGv6iNNhiT9X6MQziOnjaAnh9UsXCYR2VD1S791%2F7MVwT1TQ%3D%3D&amp;webInteractiveContentId=243392275167&amp;portalId=242128791\" target=\"_blank\" rel=\"noopener\"><br \/>\n<img decoding=\"async\" style=\"height: 100%;width: 100%;object-fit: fill\" src=\"https:\/\/hubspot-no-cache-na2-prod.s3.amazonaws.com\/cta\/default\/242128791\/interactive-243392275167.png\" alt=\"NETGEAR AV-L\u00d6SUNGEN\" \/><br \/>\n<\/a><\/div>\n<p><!-- IT ACADEMY --><\/p>\n<p>Alles \u00fcber IP-Netzwerke lernen \u2013 in der NETGEAR ACADEMY<\/p>\n<div class=\"hs-cta-embed hs-cta-simple-placeholder hs-cta-embed-243357267644\" style=\"max-width: 100%;max-height: 100%;width: 260px;height: 50.390625px\" data-hubspot-wrapper-cta-id=\"243357267644\"><a href=\"https:\/\/cta-na2.hubspot.com\/web-interactives\/public\/v1\/track\/redirect?encryptedPayload=AVxigLKW9uCCU9FL7iPOCpU%2BvA8Z1UfLRQT8691iSSqh%2BqLrpD%2FITlt6RGXTdhci0W5DkR0wb%2FpK%2BWToDj8Qf0HaQwR0kyzZgK35i%2BhitHvCmHPH8BmXutiugzeYtEHOY6aYTSXoNxDjJJwwtUXAzSqnxQuhx5jjnWcHl4zUp4Dt1tTG2PymP7esgNCNHKHECJ76tda5x0hFMo8JQo6UwGGb9CBw4fyYnA%3D%3D&amp;webInteractiveContentId=243357267644&amp;portalId=242128791\" target=\"_blank\" rel=\"noopener\"><br \/>\n<img decoding=\"async\" style=\"height: 100%;width: 100%;object-fit: fill\" src=\"https:\/\/hubspot-no-cache-na2-prod.s3.amazonaws.com\/cta\/default\/242128791\/interactive-243357267644.png\" alt=\"NETGEAR ACADEMY\" \/><br \/>\n<\/a><\/div>\n<p><!-- KONTAKT PRO-IT-TEAM --><\/p>\n<p>Unsere Ingenieure unterst\u00fctzen Sie kostenlos bei Ihrem Projekt<\/p>\n<div class=\"hs-cta-embed hs-cta-simple-placeholder hs-cta-embed-243357266676\" style=\"max-width: 100%;max-height: 100%;width: 270px;height: 50.390625px\" data-hubspot-wrapper-cta-id=\"243357266676\"><a href=\"https:\/\/cta-na2.hubspot.com\/web-interactives\/public\/v1\/track\/redirect?encryptedPayload=AVxigLL9MaHliYSOIHWsJvXrVuyffxSFGu%2FOD4neANfzotKQLgtjDgnA0CFJQWLPGl5hkjLPFJf7A76nk1yWw939l8y7nc4NGJ1%2Fa58epF2QbqIhW7KyV%2Fr75%2B8GCI%2FfEXyeGuic8buAEe%2F8pDQ63tT6ExQvwvvuG%2BeK5mOqM%2FlNsZUaeR4q5pghXZB3yAUIu7WWwKynlh9Y3Ug9ymAN6sNjHEzXMCgwSYmLqMh7eixTsrgTswO85eLb8rCODQ%3D%3D&amp;webInteractiveContentId=243357266676&amp;portalId=242128791\" target=\"_blank\" rel=\"noopener\"><br \/>\n<img decoding=\"async\" style=\"height: 100%;width: 100%;object-fit: fill\" src=\"https:\/\/hubspot-no-cache-na2-prod.s3.amazonaws.com\/cta\/default\/242128791\/interactive-243357266676.png\" alt=\"KONTAKT PROAV-TEAM\" \/><br \/>\n<\/a><\/div>\n<p><iframe loading=\"lazy\" src=\"https:\/\/405nrr.share-na2.hsforms.com\/25w_D-U5iS-e5KaSaP86jnQ\" width=\"100%\" height=\"1200px\"><\/iframe><\/p>\n    <\/div>\n    \n","protected":false},"excerpt":{"rendered":"","protected":false},"author":94,"featured_media":10792,"parent":10321,"menu_order":0,"comment_status":"closed","ping_status":"closed","template":"templates\/blog-wifi.php","meta":{"_acf_changed":false,"footnotes":""},"class_list":["post-10791","page","type-page","status-publish","has-post-thumbnail","hentry"],"acf":[],"yoast_head":"<!-- This site is optimized with the Yoast SEO plugin v27.4 - https:\/\/yoast.com\/product\/yoast-seo-wordpress\/ -->\n<title>Die unsichtbaren Helden der Technik bei der Norwegischen Oper &amp; Ballett - NETGEAR Hub<\/title>\n<meta name=\"robots\" content=\"index, follow, max-snippet:-1, max-image-preview:large, max-video-preview:-1\" \/>\n<link rel=\"canonical\" href=\"https:\/\/dehub.netgear.com\/de\/hub\/business\/case-studies\/av-case-studies\/norwegian-opera-network-solution\/\" \/>\n<meta property=\"og:locale\" content=\"de_DE\" \/>\n<meta property=\"og:type\" content=\"article\" \/>\n<meta property=\"og:title\" content=\"Die unsichtbaren Helden der Technik bei der Norwegischen Oper &amp; Ballett - NETGEAR Hub\" \/>\n<meta property=\"og:url\" content=\"https:\/\/dehub.netgear.com\/de\/hub\/business\/case-studies\/av-case-studies\/norwegian-opera-network-solution\/\" \/>\n<meta property=\"og:site_name\" content=\"NETGEAR Hub\" \/>\n<meta property=\"article:publisher\" content=\"https:\/\/www.facebook.com\/NetgearAU\/\" \/>\n<meta property=\"article:modified_time\" content=\"2025-10-13T07:28:47+00:00\" \/>\n<meta property=\"og:image\" content=\"https:\/\/dehub.netgear.com\/de\/hub\/wp-content\/uploads\/2025\/10\/don-quixote-liggende-foto-erik-berg-new-383x288-1.jpg\" \/>\n\t<meta property=\"og:image:width\" content=\"383\" \/>\n\t<meta property=\"og:image:height\" content=\"288\" \/>\n\t<meta property=\"og:image:type\" content=\"image\/jpeg\" \/>\n<meta name=\"twitter:card\" content=\"summary_large_image\" \/>\n<meta name=\"twitter:site\" content=\"@NETGEAR\" \/>\n<script type=\"application\/ld+json\" class=\"yoast-schema-graph\">{\"@context\":\"https:\\\/\\\/schema.org\",\"@graph\":[{\"@type\":\"WebPage\",\"@id\":\"https:\\\/\\\/dehub.netgear.com\\\/de\\\/hub\\\/business\\\/case-studies\\\/av-case-studies\\\/norwegian-opera-network-solution\\\/\",\"url\":\"https:\\\/\\\/dehub.netgear.com\\\/de\\\/hub\\\/business\\\/case-studies\\\/av-case-studies\\\/norwegian-opera-network-solution\\\/\",\"name\":\"Die unsichtbaren Helden der Technik bei der Norwegischen Oper &amp; Ballett - NETGEAR Hub\",\"isPartOf\":{\"@id\":\"https:\\\/\\\/dehub.netgear.com\\\/de\\\/hub\\\/#website\"},\"primaryImageOfPage\":{\"@id\":\"https:\\\/\\\/dehub.netgear.com\\\/de\\\/hub\\\/business\\\/case-studies\\\/av-case-studies\\\/norwegian-opera-network-solution\\\/#primaryimage\"},\"image\":{\"@id\":\"https:\\\/\\\/dehub.netgear.com\\\/de\\\/hub\\\/business\\\/case-studies\\\/av-case-studies\\\/norwegian-opera-network-solution\\\/#primaryimage\"},\"thumbnailUrl\":\"https:\\\/\\\/dehub.netgear.com\\\/de\\\/hub\\\/wp-content\\\/uploads\\\/2025\\\/10\\\/don-quixote-liggende-foto-erik-berg-new-383x288-1.jpg\",\"datePublished\":\"2025-10-10T10:20:03+00:00\",\"dateModified\":\"2025-10-13T07:28:47+00:00\",\"breadcrumb\":{\"@id\":\"https:\\\/\\\/dehub.netgear.com\\\/de\\\/hub\\\/business\\\/case-studies\\\/av-case-studies\\\/norwegian-opera-network-solution\\\/#breadcrumb\"},\"inLanguage\":\"de\",\"potentialAction\":[{\"@type\":\"ReadAction\",\"target\":[\"https:\\\/\\\/dehub.netgear.com\\\/de\\\/hub\\\/business\\\/case-studies\\\/av-case-studies\\\/norwegian-opera-network-solution\\\/\"]}]},{\"@type\":\"ImageObject\",\"inLanguage\":\"de\",\"@id\":\"https:\\\/\\\/dehub.netgear.com\\\/de\\\/hub\\\/business\\\/case-studies\\\/av-case-studies\\\/norwegian-opera-network-solution\\\/#primaryimage\",\"url\":\"https:\\\/\\\/dehub.netgear.com\\\/de\\\/hub\\\/wp-content\\\/uploads\\\/2025\\\/10\\\/don-quixote-liggende-foto-erik-berg-new-383x288-1.jpg\",\"contentUrl\":\"https:\\\/\\\/dehub.netgear.com\\\/de\\\/hub\\\/wp-content\\\/uploads\\\/2025\\\/10\\\/don-quixote-liggende-foto-erik-berg-new-383x288-1.jpg\",\"width\":383,\"height\":288},{\"@type\":\"BreadcrumbList\",\"@id\":\"https:\\\/\\\/dehub.netgear.com\\\/de\\\/hub\\\/business\\\/case-studies\\\/av-case-studies\\\/norwegian-opera-network-solution\\\/#breadcrumb\",\"itemListElement\":[{\"@type\":\"ListItem\",\"position\":1,\"name\":\"Home\",\"item\":\"https:\\\/\\\/dehub.netgear.com\\\/de\\\/hub\\\/\"},{\"@type\":\"ListItem\",\"position\":2,\"name\":\"Business Articles Hub\",\"item\":\"https:\\\/\\\/dehub.netgear.com\\\/de\\\/hub\\\/business\\\/\"},{\"@type\":\"ListItem\",\"position\":3,\"name\":\"All Case Studies &#8211; DE\",\"item\":\"https:\\\/\\\/dehub.netgear.com\\\/de\\\/hub\\\/business\\\/case-studies\\\/\"},{\"@type\":\"ListItem\",\"position\":4,\"name\":\"AV Case Studies &#8211; DE\",\"item\":\"https:\\\/\\\/dehub.netgear.com\\\/de\\\/hub\\\/business\\\/case-studies\\\/av-case-studies\\\/\"},{\"@type\":\"ListItem\",\"position\":5,\"name\":\"Die unsichtbaren Helden der Technik bei der Norwegischen Oper &amp; Ballett\"}]},{\"@type\":\"WebSite\",\"@id\":\"https:\\\/\\\/dehub.netgear.com\\\/de\\\/hub\\\/#website\",\"url\":\"https:\\\/\\\/dehub.netgear.com\\\/de\\\/hub\\\/\",\"name\":\"NETGEAR\",\"description\":\"Erkunden Sie unsere Hub-Seiten und st\u00f6bern Sie in Artikeln, um mehr \u00fcber NETGEAR Produkte und Technologien zu erfahren.\",\"publisher\":{\"@id\":\"https:\\\/\\\/dehub.netgear.com\\\/de\\\/hub\\\/#organization\"},\"potentialAction\":[{\"@type\":\"SearchAction\",\"target\":{\"@type\":\"EntryPoint\",\"urlTemplate\":\"https:\\\/\\\/dehub.netgear.com\\\/de\\\/hub\\\/?s={search_term_string}\"},\"query-input\":{\"@type\":\"PropertyValueSpecification\",\"valueRequired\":true,\"valueName\":\"search_term_string\"}}],\"inLanguage\":\"de\"},{\"@type\":\"Organization\",\"@id\":\"https:\\\/\\\/dehub.netgear.com\\\/de\\\/hub\\\/#organization\",\"name\":\"NETGEAR\",\"url\":\"https:\\\/\\\/dehub.netgear.com\\\/de\\\/hub\\\/\",\"logo\":{\"@type\":\"ImageObject\",\"inLanguage\":\"de\",\"@id\":\"https:\\\/\\\/dehub.netgear.com\\\/de\\\/hub\\\/#\\\/schema\\\/logo\\\/image\\\/\",\"url\":\"https:\\\/\\\/www.dehub.netgear.com\\\/de\\\/hub\\\/wp-content\\\/uploads\\\/2019\\\/07\\\/NETGEAR_logo.jpg\",\"contentUrl\":\"https:\\\/\\\/www.dehub.netgear.com\\\/de\\\/hub\\\/wp-content\\\/uploads\\\/2019\\\/07\\\/NETGEAR_logo.jpg\",\"width\":1500,\"height\":501,\"caption\":\"NETGEAR\"},\"image\":{\"@id\":\"https:\\\/\\\/dehub.netgear.com\\\/de\\\/hub\\\/#\\\/schema\\\/logo\\\/image\\\/\"},\"sameAs\":[\"https:\\\/\\\/www.facebook.com\\\/NetgearAU\\\/\",\"https:\\\/\\\/x.com\\\/NETGEAR\",\"https:\\\/\\\/www.linkedin.com\\\/company\\\/netgear\"]}]}<\/script>\n<!-- \/ Yoast SEO plugin. -->","yoast_head_json":{"title":"Die unsichtbaren Helden der Technik bei der Norwegischen Oper &amp; Ballett - NETGEAR Hub","robots":{"index":"index","follow":"follow","max-snippet":"max-snippet:-1","max-image-preview":"max-image-preview:large","max-video-preview":"max-video-preview:-1"},"canonical":"https:\/\/dehub.netgear.com\/de\/hub\/business\/case-studies\/av-case-studies\/norwegian-opera-network-solution\/","og_locale":"de_DE","og_type":"article","og_title":"Die unsichtbaren Helden der Technik bei der Norwegischen Oper &amp; Ballett - NETGEAR Hub","og_url":"https:\/\/dehub.netgear.com\/de\/hub\/business\/case-studies\/av-case-studies\/norwegian-opera-network-solution\/","og_site_name":"NETGEAR Hub","article_publisher":"https:\/\/www.facebook.com\/NetgearAU\/","article_modified_time":"2025-10-13T07:28:47+00:00","og_image":[{"width":383,"height":288,"url":"https:\/\/dehub.netgear.com\/de\/hub\/wp-content\/uploads\/2025\/10\/don-quixote-liggende-foto-erik-berg-new-383x288-1.jpg","type":"image\/jpeg"}],"twitter_card":"summary_large_image","twitter_site":"@NETGEAR","schema":{"@context":"https:\/\/schema.org","@graph":[{"@type":"WebPage","@id":"https:\/\/dehub.netgear.com\/de\/hub\/business\/case-studies\/av-case-studies\/norwegian-opera-network-solution\/","url":"https:\/\/dehub.netgear.com\/de\/hub\/business\/case-studies\/av-case-studies\/norwegian-opera-network-solution\/","name":"Die unsichtbaren Helden der Technik bei der Norwegischen Oper &amp; Ballett - NETGEAR Hub","isPartOf":{"@id":"https:\/\/dehub.netgear.com\/de\/hub\/#website"},"primaryImageOfPage":{"@id":"https:\/\/dehub.netgear.com\/de\/hub\/business\/case-studies\/av-case-studies\/norwegian-opera-network-solution\/#primaryimage"},"image":{"@id":"https:\/\/dehub.netgear.com\/de\/hub\/business\/case-studies\/av-case-studies\/norwegian-opera-network-solution\/#primaryimage"},"thumbnailUrl":"https:\/\/dehub.netgear.com\/de\/hub\/wp-content\/uploads\/2025\/10\/don-quixote-liggende-foto-erik-berg-new-383x288-1.jpg","datePublished":"2025-10-10T10:20:03+00:00","dateModified":"2025-10-13T07:28:47+00:00","breadcrumb":{"@id":"https:\/\/dehub.netgear.com\/de\/hub\/business\/case-studies\/av-case-studies\/norwegian-opera-network-solution\/#breadcrumb"},"inLanguage":"de","potentialAction":[{"@type":"ReadAction","target":["https:\/\/dehub.netgear.com\/de\/hub\/business\/case-studies\/av-case-studies\/norwegian-opera-network-solution\/"]}]},{"@type":"ImageObject","inLanguage":"de","@id":"https:\/\/dehub.netgear.com\/de\/hub\/business\/case-studies\/av-case-studies\/norwegian-opera-network-solution\/#primaryimage","url":"https:\/\/dehub.netgear.com\/de\/hub\/wp-content\/uploads\/2025\/10\/don-quixote-liggende-foto-erik-berg-new-383x288-1.jpg","contentUrl":"https:\/\/dehub.netgear.com\/de\/hub\/wp-content\/uploads\/2025\/10\/don-quixote-liggende-foto-erik-berg-new-383x288-1.jpg","width":383,"height":288},{"@type":"BreadcrumbList","@id":"https:\/\/dehub.netgear.com\/de\/hub\/business\/case-studies\/av-case-studies\/norwegian-opera-network-solution\/#breadcrumb","itemListElement":[{"@type":"ListItem","position":1,"name":"Home","item":"https:\/\/dehub.netgear.com\/de\/hub\/"},{"@type":"ListItem","position":2,"name":"Business Articles Hub","item":"https:\/\/dehub.netgear.com\/de\/hub\/business\/"},{"@type":"ListItem","position":3,"name":"All Case Studies &#8211; DE","item":"https:\/\/dehub.netgear.com\/de\/hub\/business\/case-studies\/"},{"@type":"ListItem","position":4,"name":"AV Case Studies &#8211; DE","item":"https:\/\/dehub.netgear.com\/de\/hub\/business\/case-studies\/av-case-studies\/"},{"@type":"ListItem","position":5,"name":"Die unsichtbaren Helden der Technik bei der Norwegischen Oper &amp; Ballett"}]},{"@type":"WebSite","@id":"https:\/\/dehub.netgear.com\/de\/hub\/#website","url":"https:\/\/dehub.netgear.com\/de\/hub\/","name":"NETGEAR","description":"Erkunden Sie unsere Hub-Seiten und st\u00f6bern Sie in Artikeln, um mehr \u00fcber NETGEAR Produkte und Technologien zu erfahren.","publisher":{"@id":"https:\/\/dehub.netgear.com\/de\/hub\/#organization"},"potentialAction":[{"@type":"SearchAction","target":{"@type":"EntryPoint","urlTemplate":"https:\/\/dehub.netgear.com\/de\/hub\/?s={search_term_string}"},"query-input":{"@type":"PropertyValueSpecification","valueRequired":true,"valueName":"search_term_string"}}],"inLanguage":"de"},{"@type":"Organization","@id":"https:\/\/dehub.netgear.com\/de\/hub\/#organization","name":"NETGEAR","url":"https:\/\/dehub.netgear.com\/de\/hub\/","logo":{"@type":"ImageObject","inLanguage":"de","@id":"https:\/\/dehub.netgear.com\/de\/hub\/#\/schema\/logo\/image\/","url":"https:\/\/www.dehub.netgear.com\/de\/hub\/wp-content\/uploads\/2019\/07\/NETGEAR_logo.jpg","contentUrl":"https:\/\/www.dehub.netgear.com\/de\/hub\/wp-content\/uploads\/2019\/07\/NETGEAR_logo.jpg","width":1500,"height":501,"caption":"NETGEAR"},"image":{"@id":"https:\/\/dehub.netgear.com\/de\/hub\/#\/schema\/logo\/image\/"},"sameAs":["https:\/\/www.facebook.com\/NetgearAU\/","https:\/\/x.com\/NETGEAR","https:\/\/www.linkedin.com\/company\/netgear"]}]}},"_links":{"self":[{"href":"https:\/\/dehub.netgear.com\/de\/hub\/wp-json\/wp\/v2\/pages\/10791","targetHints":{"allow":["GET"]}}],"collection":[{"href":"https:\/\/dehub.netgear.com\/de\/hub\/wp-json\/wp\/v2\/pages"}],"about":[{"href":"https:\/\/dehub.netgear.com\/de\/hub\/wp-json\/wp\/v2\/types\/page"}],"author":[{"embeddable":true,"href":"https:\/\/dehub.netgear.com\/de\/hub\/wp-json\/wp\/v2\/users\/94"}],"replies":[{"embeddable":true,"href":"https:\/\/dehub.netgear.com\/de\/hub\/wp-json\/wp\/v2\/comments?post=10791"}],"version-history":[{"count":3,"href":"https:\/\/dehub.netgear.com\/de\/hub\/wp-json\/wp\/v2\/pages\/10791\/revisions"}],"predecessor-version":[{"id":10866,"href":"https:\/\/dehub.netgear.com\/de\/hub\/wp-json\/wp\/v2\/pages\/10791\/revisions\/10866"}],"up":[{"embeddable":true,"href":"https:\/\/dehub.netgear.com\/de\/hub\/wp-json\/wp\/v2\/pages\/10321"}],"wp:featuredmedia":[{"embeddable":true,"href":"https:\/\/dehub.netgear.com\/de\/hub\/wp-json\/wp\/v2\/media\/10792"}],"wp:attachment":[{"href":"https:\/\/dehub.netgear.com\/de\/hub\/wp-json\/wp\/v2\/media?parent=10791"}],"curies":[{"name":"wp","href":"https:\/\/api.w.org\/{rel}","templated":true}]}}