{"id":10774,"date":"2024-11-27T10:02:09","date_gmt":"2025-10-10T08:02:15","guid":{"rendered":"https:\/\/dehub.netgear.com\/de\/hub\/?page_id=10774"},"modified":"2025-10-13T09:34:42","modified_gmt":"2025-10-13T07:34:42","slug":"museum-of-modern-art-in-warsaw","status":"publish","type":"page","link":"https:\/\/dehub.netgear.com\/de\/hub\/business\/case-studies\/av-case-studies\/museum-of-modern-art-in-warsaw\/","title":{"rendered":"AV-Installation im Museum f\u00fcr Moderne Kunst in Warschau"},"content":{"rendered":"<p><img loading=\"lazy\" decoding=\"async\" class=\"alignone size-full wp-image-10681\" style=\"border-radius: 1em;\" src=\"https:\/\/www.netgear.com\/hub\/wp-content\/uploads\/2024\/11\/Screenshot-2024-11-27-at-15.59.09.png\" alt=\"\" width=\"1048\" height=\"511\" \/><\/p>\n    <div class=\"table-of-content bg-gray\">\n        <p><strong>IN THIS ARTICLE<\/strong><\/p>\n        <ul>\n                        <li><a href=\"#topic1\">ZUSAMMENFASSUNG<\/a><\/li>\n                        <li><a href=\"#topic2\">HINTERGRUND<\/a><\/li>\n                        <li><a href=\"#topic3\">HERAUSFORDERUNGEN<\/a><\/li>\n                        <li><a href=\"#topic4\">L\u00d6SUNG<\/a><\/li>\n                        <li><a href=\"#topic5\">IMPLEMENTIERUNG<\/a><\/li>\n                        <li><a href=\"#topic6\">ERGEBNIS<\/a><\/li>\n                        <li><a href=\"#topic7\">QUELLE<\/a><\/li>\n                        <li><a href=\"#topic8\">MEHR INFORMATIONEN<\/a><\/li>\n                    <\/ul>\n    <\/div>\n        <div id=\"topic1\" class=\"skip-item\">\n                        <h2>ZUSAMMENFASSUNG<\/h2>\n                <p>Das Museum f\u00fcr Moderne Kunst in Warschau wurde von ESS Audio mit einer hochmodernen AV-Installation ausgestattet, die AMX- und BSS-L\u00f6sungen von Harman Professional Solutions umfasst. Dieses Upgrade hat die F\u00e4higkeit des Museums erheblich verbessert, seinen Besuchern hochwertige audiovisuelle Erlebnisse zu bieten.<\/p>\n    <\/div>\n        <div id=\"topic2\" class=\"skip-item\">\n                        <h2>HINTERGRUND<\/h2>\n                <p>Das Museum f\u00fcr Moderne Kunst in Warschau, bekannt f\u00fcr sein k\u00fchnes architektonisches Design, ist seit jeher ein kultureller Hotspot in Polen. Das Geb\u00e4ude, das eine der wichtigsten kulturellen Einrichtungen des Landes beherbergt, hat seit seiner Er\u00f6ffnung starke Reaktionen hervorgerufen \u2013 von Bewunderung f\u00fcr seine Modernit\u00e4t bis hin zu Kritik an den unkonventionellen L\u00f6sungen. Dieses dynamische Umfeld erforderte ein ebenso anspruchsvolles AV-System, das der architektonischen Raffinesse gerecht wird und ein au\u00dfergew\u00f6hnliches Besuchererlebnis erm\u00f6glicht.<\/p>\n    <\/div>\n        <div id=\"topic3\" class=\"skip-item\">\n                        <h2>HERAUSFORDERUNGEN<\/h2>\n                <p>Das Projekt stand vor mehreren Herausforderungen. Die bestehende Infrastruktur war veraltet und konnte die technischen Anforderungen moderner Ausstellungen und Veranstaltungen nicht mehr erf\u00fcllen. Die einzigartigen architektonischen Merkmale des Museums erschwerten zudem die Integration neuer Technologien, ohne die \u00e4sthetische und funktionale Harmonie des Raumes zu beeintr\u00e4chtigen. Dar\u00fcber hinaus musste das System vielseitig genug sein, um eine breite Palette audiovisueller Anforderungen abzudecken \u2013 von einfachen Pr\u00e4sentationen bis hin zu komplexen Multimedia-Installationen.<\/p>\n    <\/div>\n        <div id=\"topic4\" class=\"skip-item\">\n                        <h2>L\u00d6SUNG<\/h2>\n                <p>Das Museum f\u00fcr Moderne Kunst beauftragte ESS Audio, einen der f\u00fchrenden Pro-AV-Distributoren in Polen, mit der Bew\u00e4ltigung dieser Herausforderungen und der Umsetzung einer umfassenden AV-L\u00f6sung.<\/p>\n<p>F\u00fcr das Projekt kamen erstklassige Ger\u00e4te von Harman Professional Solutions zum Einsatz, darunter BSS-Signalprozessoren und AMX-Steuerungssysteme. Diese Technologien wurden wegen ihrer hohen technischen Leistungsf\u00e4higkeit und der nahtlosen Integration in das Design des Museums ausgew\u00e4hlt. Die BSS-Prozessoren, darunter Modelle wie BLU 100, BLU 120 und BLU 160, waren essenziell f\u00fcr die pr\u00e4zise Verwaltung der Audiosignale. AMX-Systeme, wie die DVX-3266-4K-Matrix und der NX-2200-Zentralprozessor, gew\u00e4hrleisteten eine robuste Steuerung und Integration.<\/p>\n<p>F\u00fcr den Aufbau eines leistungsstarken AVoIP-Netzwerks setzt ESS Audio auf NETGEAR AV-Switches, da diese leicht zu implementieren und zu verwalten sind. ESS Audio ist ein langj\u00e4hriger Partner von NETGEAR in Polen und geh\u00f6rte zu den ersten, die das Potenzial der Pro-AV-Line-Switches erkannten.<\/p>\n<p>ESS Audio: <em>\u201eNein, wir arbeiten mit nichts anderem, und wir garantieren die Umsetzung nicht, wenn es nicht NETGEAR ist.\u201c<\/em><\/p>\n    <\/div>\n        <div id=\"topic5\" class=\"skip-item\">\n                        <h2>IMPLEMENTIERUNG<\/h2>\n                <p>Der Implementierungsprozess war sorgf\u00e4ltig geplant und umfasste mehrere wichtige Schritte. Zun\u00e4chst wurde in enger Zusammenarbeit mit Architekten und Technologieexperten ein detaillierter Plan entwickelt, um eine reibungslose Integration der neuen Systeme in die bestehende Infrastruktur zu gew\u00e4hrleisten. Die Installationsphase beinhaltete die Einrichtung von fortschrittlichen Klimatisierungs-, WLAN- und Beleuchtungssystemen zur Unterst\u00fctzung der neuen AV-Ger\u00e4te. Umfangreiche Tests stellten sicher, dass alle Komponenten einwandfrei zusammenarbeiten. Das Personal erhielt eine umfassende Schulung, um die neuen Systeme effizient zu bedienen.<\/p>\n    <\/div>\n        <div id=\"topic6\" class=\"skip-item\">\n                        <h2>ERGEBNIS<\/h2>\n                <p>Dieses umfangreiche Upgrade hat ein Museum geschaffen, das nun ein unvergleichliches audiovisuelles Erlebnis bieten kann. Die neuen AV-Systeme liefern au\u00dfergew\u00f6hnliche Klangqualit\u00e4t und visuelle Klarheit, was das Besuchererlebnis deutlich verbessert. Das Museum ist nun in der Lage, verschiedenste Veranstaltungen \u2013 von Kunstausstellungen bis hin zu Multimedia-Pr\u00e4sentationen \u2013 m\u00fchelos und anspruchsvoll auszurichten. Die Integration von AMX- und BSS-L\u00f6sungen hat nicht nur die technischen M\u00f6glichkeiten des Museums verbessert, sondern auch die \u00e4sthetische Integrit\u00e4t des Raumes bewahrt.<\/p>\n    <\/div>\n        <div id=\"topic7\" class=\"skip-item\">\n                        <h2>QUELLE<\/h2>\n                <p>F\u00fcr weitere Details besuchen <a href=\"https:\/\/essaudio.pl\/realizacje\/muzea-i-wystawy\/1768-instalacja-av-w-muzeum-sztuki-nowoczesnej-w-warszawie-z-rozwiazaniami-amx-oraz-bss-od-harman-professional-solutions\" target=\"_blank\" rel=\"noopener\">Sie bitte den Originalartikel.<\/a><\/p>\n    <\/div>\n        <div id=\"topic8\" class=\"skip-item\">\n                        <h2>MEHR INFORMATIONEN<\/h2>\n                <p><!-- IT NETGEAR BUSINESS-L\u00d6SUNGEN--><\/p>\n<p>Mehr \u00fcber unsere Business-Produkte erfahren<\/p>\n<div class=\"hs-cta-embed hs-cta-simple-placeholder hs-cta-embed-243392275167\" style=\"max-width: 100%;max-height: 100%;width: 260px;height: 50.390625px\" data-hubspot-wrapper-cta-id=\"243392275167\"><a href=\"https:\/\/cta-na2.hubspot.com\/web-interactives\/public\/v1\/track\/redirect?encryptedPayload=AVxigLI%2Fu8J7nFnep8w0CfLqqlWixXySh0cANLn7TQ3MtLEGeFdfhQxw3AVxVzYlZOkZoVB4gdslqY4il1pZTz7RSKy0mNw%2BF1Y6bdIwWiFAFfgtF%2FkXW%2Fmq0JFY6OQExFSwjiafSp97IxwGv6iNNhiT9X6MQziOnjaAnh9UsXCYR2VD1S791%2F7MVwT1TQ%3D%3D&amp;webInteractiveContentId=243392275167&amp;portalId=242128791\" target=\"_blank\" rel=\"noopener\"><br \/>\n<img decoding=\"async\" style=\"height: 100%;width: 100%;object-fit: fill\" src=\"https:\/\/hubspot-no-cache-na2-prod.s3.amazonaws.com\/cta\/default\/242128791\/interactive-243392275167.png\" alt=\"NETGEAR AV-L\u00d6SUNGEN\" \/><br \/>\n<\/a><\/div>\n<p><!-- IT ACADEMY --><\/p>\n<p>Alles \u00fcber IP-Netzwerke lernen \u2013 in der NETGEAR ACADEMY<\/p>\n<div class=\"hs-cta-embed hs-cta-simple-placeholder hs-cta-embed-243357267644\" style=\"max-width: 100%;max-height: 100%;width: 260px;height: 50.390625px\" data-hubspot-wrapper-cta-id=\"243357267644\"><a href=\"https:\/\/cta-na2.hubspot.com\/web-interactives\/public\/v1\/track\/redirect?encryptedPayload=AVxigLKW9uCCU9FL7iPOCpU%2BvA8Z1UfLRQT8691iSSqh%2BqLrpD%2FITlt6RGXTdhci0W5DkR0wb%2FpK%2BWToDj8Qf0HaQwR0kyzZgK35i%2BhitHvCmHPH8BmXutiugzeYtEHOY6aYTSXoNxDjJJwwtUXAzSqnxQuhx5jjnWcHl4zUp4Dt1tTG2PymP7esgNCNHKHECJ76tda5x0hFMo8JQo6UwGGb9CBw4fyYnA%3D%3D&amp;webInteractiveContentId=243357267644&amp;portalId=242128791\" target=\"_blank\" rel=\"noopener\"><br \/>\n<img decoding=\"async\" style=\"height: 100%;width: 100%;object-fit: fill\" src=\"https:\/\/hubspot-no-cache-na2-prod.s3.amazonaws.com\/cta\/default\/242128791\/interactive-243357267644.png\" alt=\"NETGEAR ACADEMY\" \/><br \/>\n<\/a><\/div>\n<p><!-- KONTAKT PRO-IT-TEAM --><\/p>\n<p>Unsere Ingenieure unterst\u00fctzen Sie kostenlos bei Ihrem Projekt<\/p>\n<div class=\"hs-cta-embed hs-cta-simple-placeholder hs-cta-embed-243357266676\" style=\"max-width: 100%;max-height: 100%;width: 270px;height: 50.390625px\" data-hubspot-wrapper-cta-id=\"243357266676\"><a href=\"https:\/\/cta-na2.hubspot.com\/web-interactives\/public\/v1\/track\/redirect?encryptedPayload=AVxigLL9MaHliYSOIHWsJvXrVuyffxSFGu%2FOD4neANfzotKQLgtjDgnA0CFJQWLPGl5hkjLPFJf7A76nk1yWw939l8y7nc4NGJ1%2Fa58epF2QbqIhW7KyV%2Fr75%2B8GCI%2FfEXyeGuic8buAEe%2F8pDQ63tT6ExQvwvvuG%2BeK5mOqM%2FlNsZUaeR4q5pghXZB3yAUIu7WWwKynlh9Y3Ug9ymAN6sNjHEzXMCgwSYmLqMh7eixTsrgTswO85eLb8rCODQ%3D%3D&amp;webInteractiveContentId=243357266676&amp;portalId=242128791\" target=\"_blank\" rel=\"noopener\"><br \/>\n<img decoding=\"async\" style=\"height: 100%;width: 100%;object-fit: fill\" src=\"https:\/\/hubspot-no-cache-na2-prod.s3.amazonaws.com\/cta\/default\/242128791\/interactive-243357266676.png\" alt=\"KONTAKT PROAV-TEAM\" \/><br \/>\n<\/a><\/div>\n<p><iframe loading=\"lazy\" src=\"https:\/\/405nrr.share-na2.hsforms.com\/25w_D-U5iS-e5KaSaP86jnQ\" width=\"100%\" height=\"1200px\"><\/iframe><\/p>\n    <\/div>\n    \n","protected":false},"excerpt":{"rendered":"","protected":false},"author":94,"featured_media":10775,"parent":10321,"menu_order":0,"comment_status":"closed","ping_status":"closed","template":"templates\/blog-wifi.php","meta":{"_acf_changed":false,"footnotes":""},"class_list":["post-10774","page","type-page","status-publish","has-post-thumbnail","hentry"],"acf":[],"yoast_head":"<!-- This site is optimized with the Yoast SEO plugin v27.5 - https:\/\/yoast.com\/product\/yoast-seo-wordpress\/ -->\n<title>AV-Installation im Museum f\u00fcr Moderne Kunst in Warschau - NETGEAR Hub<\/title>\n<meta name=\"description\" content=\"Erfahren Sie, wie der Netgear Hub modernste AV-Systeme im Museum f\u00fcr Moderne Kunst in Warschau unterst\u00fctzt. Besuchen Sie uns jetzt und optimieren Sie Ihr Netzwerk mit Innovation!\" \/>\n<meta name=\"robots\" content=\"index, follow, max-snippet:-1, max-image-preview:large, max-video-preview:-1\" \/>\n<link rel=\"canonical\" href=\"https:\/\/dehub.netgear.com\/de\/hub\/business\/case-studies\/av-case-studies\/museum-of-modern-art-in-warsaw\/\" \/>\n<meta property=\"og:locale\" content=\"de_DE\" \/>\n<meta property=\"og:type\" content=\"article\" \/>\n<meta property=\"og:title\" content=\"AV-Installation im Museum f\u00fcr Moderne Kunst in Warschau - NETGEAR Hub\" \/>\n<meta property=\"og:description\" content=\"Erfahren Sie, wie der Netgear Hub modernste AV-Systeme im Museum f\u00fcr Moderne Kunst in Warschau unterst\u00fctzt. Besuchen Sie uns jetzt und optimieren Sie Ihr Netzwerk mit Innovation!\" \/>\n<meta property=\"og:url\" content=\"https:\/\/dehub.netgear.com\/de\/hub\/business\/case-studies\/av-case-studies\/museum-of-modern-art-in-warsaw\/\" \/>\n<meta property=\"og:site_name\" content=\"NETGEAR Hub\" \/>\n<meta property=\"article:publisher\" content=\"https:\/\/www.facebook.com\/NetgearAU\/\" \/>\n<meta property=\"article:modified_time\" content=\"2025-10-13T07:34:42+00:00\" \/>\n<meta property=\"og:image\" content=\"https:\/\/dehub.netgear.com\/de\/hub\/wp-content\/uploads\/2025\/10\/muzeum_sztuki_nowoczesnej_015-383x288-1.jpg\" \/>\n\t<meta property=\"og:image:width\" content=\"383\" \/>\n\t<meta property=\"og:image:height\" content=\"288\" \/>\n\t<meta property=\"og:image:type\" content=\"image\/jpeg\" \/>\n<meta name=\"twitter:card\" content=\"summary_large_image\" \/>\n<meta name=\"twitter:site\" content=\"@NETGEAR\" \/>\n<script type=\"application\/ld+json\" class=\"yoast-schema-graph\">{\"@context\":\"https:\\\/\\\/schema.org\",\"@graph\":[{\"@type\":\"WebPage\",\"@id\":\"https:\\\/\\\/dehub.netgear.com\\\/de\\\/hub\\\/business\\\/case-studies\\\/av-case-studies\\\/museum-of-modern-art-in-warsaw\\\/\",\"url\":\"https:\\\/\\\/dehub.netgear.com\\\/de\\\/hub\\\/business\\\/case-studies\\\/av-case-studies\\\/museum-of-modern-art-in-warsaw\\\/\",\"name\":\"AV-Installation im Museum f\u00fcr Moderne Kunst in Warschau - NETGEAR Hub\",\"isPartOf\":{\"@id\":\"https:\\\/\\\/dehub.netgear.com\\\/de\\\/hub\\\/#website\"},\"primaryImageOfPage\":{\"@id\":\"https:\\\/\\\/dehub.netgear.com\\\/de\\\/hub\\\/business\\\/case-studies\\\/av-case-studies\\\/museum-of-modern-art-in-warsaw\\\/#primaryimage\"},\"image\":{\"@id\":\"https:\\\/\\\/dehub.netgear.com\\\/de\\\/hub\\\/business\\\/case-studies\\\/av-case-studies\\\/museum-of-modern-art-in-warsaw\\\/#primaryimage\"},\"thumbnailUrl\":\"https:\\\/\\\/dehub.netgear.com\\\/de\\\/hub\\\/wp-content\\\/uploads\\\/2025\\\/10\\\/muzeum_sztuki_nowoczesnej_015-383x288-1.jpg\",\"datePublished\":\"2025-10-10T08:02:15+00:00\",\"dateModified\":\"2025-10-13T07:34:42+00:00\",\"description\":\"Erfahren Sie, wie der Netgear Hub modernste AV-Systeme im Museum f\u00fcr Moderne Kunst in Warschau unterst\u00fctzt. Besuchen Sie uns jetzt und optimieren Sie Ihr Netzwerk mit Innovation!\",\"breadcrumb\":{\"@id\":\"https:\\\/\\\/dehub.netgear.com\\\/de\\\/hub\\\/business\\\/case-studies\\\/av-case-studies\\\/museum-of-modern-art-in-warsaw\\\/#breadcrumb\"},\"inLanguage\":\"de\",\"potentialAction\":[{\"@type\":\"ReadAction\",\"target\":[\"https:\\\/\\\/dehub.netgear.com\\\/de\\\/hub\\\/business\\\/case-studies\\\/av-case-studies\\\/museum-of-modern-art-in-warsaw\\\/\"]}]},{\"@type\":\"ImageObject\",\"inLanguage\":\"de\",\"@id\":\"https:\\\/\\\/dehub.netgear.com\\\/de\\\/hub\\\/business\\\/case-studies\\\/av-case-studies\\\/museum-of-modern-art-in-warsaw\\\/#primaryimage\",\"url\":\"https:\\\/\\\/dehub.netgear.com\\\/de\\\/hub\\\/wp-content\\\/uploads\\\/2025\\\/10\\\/muzeum_sztuki_nowoczesnej_015-383x288-1.jpg\",\"contentUrl\":\"https:\\\/\\\/dehub.netgear.com\\\/de\\\/hub\\\/wp-content\\\/uploads\\\/2025\\\/10\\\/muzeum_sztuki_nowoczesnej_015-383x288-1.jpg\",\"width\":383,\"height\":288},{\"@type\":\"BreadcrumbList\",\"@id\":\"https:\\\/\\\/dehub.netgear.com\\\/de\\\/hub\\\/business\\\/case-studies\\\/av-case-studies\\\/museum-of-modern-art-in-warsaw\\\/#breadcrumb\",\"itemListElement\":[{\"@type\":\"ListItem\",\"position\":1,\"name\":\"Home\",\"item\":\"https:\\\/\\\/dehub.netgear.com\\\/de\\\/hub\\\/\"},{\"@type\":\"ListItem\",\"position\":2,\"name\":\"Business Articles Hub\",\"item\":\"https:\\\/\\\/dehub.netgear.com\\\/de\\\/hub\\\/business\\\/\"},{\"@type\":\"ListItem\",\"position\":3,\"name\":\"All Case Studies &#8211; DE\",\"item\":\"https:\\\/\\\/dehub.netgear.com\\\/de\\\/hub\\\/business\\\/case-studies\\\/\"},{\"@type\":\"ListItem\",\"position\":4,\"name\":\"AV Case Studies &#8211; DE\",\"item\":\"https:\\\/\\\/dehub.netgear.com\\\/de\\\/hub\\\/business\\\/case-studies\\\/av-case-studies\\\/\"},{\"@type\":\"ListItem\",\"position\":5,\"name\":\"AV-Installation im Museum f\u00fcr Moderne Kunst in Warschau\"}]},{\"@type\":\"WebSite\",\"@id\":\"https:\\\/\\\/dehub.netgear.com\\\/de\\\/hub\\\/#website\",\"url\":\"https:\\\/\\\/dehub.netgear.com\\\/de\\\/hub\\\/\",\"name\":\"NETGEAR\",\"description\":\"Erkunden Sie unsere Hub-Seiten und st\u00f6bern Sie in Artikeln, um mehr \u00fcber NETGEAR Produkte und Technologien zu erfahren.\",\"publisher\":{\"@id\":\"https:\\\/\\\/dehub.netgear.com\\\/de\\\/hub\\\/#organization\"},\"potentialAction\":[{\"@type\":\"SearchAction\",\"target\":{\"@type\":\"EntryPoint\",\"urlTemplate\":\"https:\\\/\\\/dehub.netgear.com\\\/de\\\/hub\\\/?s={search_term_string}\"},\"query-input\":{\"@type\":\"PropertyValueSpecification\",\"valueRequired\":true,\"valueName\":\"search_term_string\"}}],\"inLanguage\":\"de\"},{\"@type\":\"Organization\",\"@id\":\"https:\\\/\\\/dehub.netgear.com\\\/de\\\/hub\\\/#organization\",\"name\":\"NETGEAR\",\"url\":\"https:\\\/\\\/dehub.netgear.com\\\/de\\\/hub\\\/\",\"logo\":{\"@type\":\"ImageObject\",\"inLanguage\":\"de\",\"@id\":\"https:\\\/\\\/dehub.netgear.com\\\/de\\\/hub\\\/#\\\/schema\\\/logo\\\/image\\\/\",\"url\":\"https:\\\/\\\/www.dehub.netgear.com\\\/de\\\/hub\\\/wp-content\\\/uploads\\\/2019\\\/07\\\/NETGEAR_logo.jpg\",\"contentUrl\":\"https:\\\/\\\/www.dehub.netgear.com\\\/de\\\/hub\\\/wp-content\\\/uploads\\\/2019\\\/07\\\/NETGEAR_logo.jpg\",\"width\":1500,\"height\":501,\"caption\":\"NETGEAR\"},\"image\":{\"@id\":\"https:\\\/\\\/dehub.netgear.com\\\/de\\\/hub\\\/#\\\/schema\\\/logo\\\/image\\\/\"},\"sameAs\":[\"https:\\\/\\\/www.facebook.com\\\/NetgearAU\\\/\",\"https:\\\/\\\/x.com\\\/NETGEAR\",\"https:\\\/\\\/www.linkedin.com\\\/company\\\/netgear\"]}]}<\/script>\n<!-- \/ Yoast SEO plugin. -->","yoast_head_json":{"title":"AV-Installation im Museum f\u00fcr Moderne Kunst in Warschau - NETGEAR Hub","description":"Erfahren Sie, wie der Netgear Hub modernste AV-Systeme im Museum f\u00fcr Moderne Kunst in Warschau unterst\u00fctzt. Besuchen Sie uns jetzt und optimieren Sie Ihr Netzwerk mit Innovation!","robots":{"index":"index","follow":"follow","max-snippet":"max-snippet:-1","max-image-preview":"max-image-preview:large","max-video-preview":"max-video-preview:-1"},"canonical":"https:\/\/dehub.netgear.com\/de\/hub\/business\/case-studies\/av-case-studies\/museum-of-modern-art-in-warsaw\/","og_locale":"de_DE","og_type":"article","og_title":"AV-Installation im Museum f\u00fcr Moderne Kunst in Warschau - NETGEAR Hub","og_description":"Erfahren Sie, wie der Netgear Hub modernste AV-Systeme im Museum f\u00fcr Moderne Kunst in Warschau unterst\u00fctzt. Besuchen Sie uns jetzt und optimieren Sie Ihr Netzwerk mit Innovation!","og_url":"https:\/\/dehub.netgear.com\/de\/hub\/business\/case-studies\/av-case-studies\/museum-of-modern-art-in-warsaw\/","og_site_name":"NETGEAR Hub","article_publisher":"https:\/\/www.facebook.com\/NetgearAU\/","article_modified_time":"2025-10-13T07:34:42+00:00","og_image":[{"width":383,"height":288,"url":"https:\/\/dehub.netgear.com\/de\/hub\/wp-content\/uploads\/2025\/10\/muzeum_sztuki_nowoczesnej_015-383x288-1.jpg","type":"image\/jpeg"}],"twitter_card":"summary_large_image","twitter_site":"@NETGEAR","schema":{"@context":"https:\/\/schema.org","@graph":[{"@type":"WebPage","@id":"https:\/\/dehub.netgear.com\/de\/hub\/business\/case-studies\/av-case-studies\/museum-of-modern-art-in-warsaw\/","url":"https:\/\/dehub.netgear.com\/de\/hub\/business\/case-studies\/av-case-studies\/museum-of-modern-art-in-warsaw\/","name":"AV-Installation im Museum f\u00fcr Moderne Kunst in Warschau - NETGEAR Hub","isPartOf":{"@id":"https:\/\/dehub.netgear.com\/de\/hub\/#website"},"primaryImageOfPage":{"@id":"https:\/\/dehub.netgear.com\/de\/hub\/business\/case-studies\/av-case-studies\/museum-of-modern-art-in-warsaw\/#primaryimage"},"image":{"@id":"https:\/\/dehub.netgear.com\/de\/hub\/business\/case-studies\/av-case-studies\/museum-of-modern-art-in-warsaw\/#primaryimage"},"thumbnailUrl":"https:\/\/dehub.netgear.com\/de\/hub\/wp-content\/uploads\/2025\/10\/muzeum_sztuki_nowoczesnej_015-383x288-1.jpg","datePublished":"2025-10-10T08:02:15+00:00","dateModified":"2025-10-13T07:34:42+00:00","description":"Erfahren Sie, wie der Netgear Hub modernste AV-Systeme im Museum f\u00fcr Moderne Kunst in Warschau unterst\u00fctzt. Besuchen Sie uns jetzt und optimieren Sie Ihr Netzwerk mit Innovation!","breadcrumb":{"@id":"https:\/\/dehub.netgear.com\/de\/hub\/business\/case-studies\/av-case-studies\/museum-of-modern-art-in-warsaw\/#breadcrumb"},"inLanguage":"de","potentialAction":[{"@type":"ReadAction","target":["https:\/\/dehub.netgear.com\/de\/hub\/business\/case-studies\/av-case-studies\/museum-of-modern-art-in-warsaw\/"]}]},{"@type":"ImageObject","inLanguage":"de","@id":"https:\/\/dehub.netgear.com\/de\/hub\/business\/case-studies\/av-case-studies\/museum-of-modern-art-in-warsaw\/#primaryimage","url":"https:\/\/dehub.netgear.com\/de\/hub\/wp-content\/uploads\/2025\/10\/muzeum_sztuki_nowoczesnej_015-383x288-1.jpg","contentUrl":"https:\/\/dehub.netgear.com\/de\/hub\/wp-content\/uploads\/2025\/10\/muzeum_sztuki_nowoczesnej_015-383x288-1.jpg","width":383,"height":288},{"@type":"BreadcrumbList","@id":"https:\/\/dehub.netgear.com\/de\/hub\/business\/case-studies\/av-case-studies\/museum-of-modern-art-in-warsaw\/#breadcrumb","itemListElement":[{"@type":"ListItem","position":1,"name":"Home","item":"https:\/\/dehub.netgear.com\/de\/hub\/"},{"@type":"ListItem","position":2,"name":"Business Articles Hub","item":"https:\/\/dehub.netgear.com\/de\/hub\/business\/"},{"@type":"ListItem","position":3,"name":"All Case Studies &#8211; DE","item":"https:\/\/dehub.netgear.com\/de\/hub\/business\/case-studies\/"},{"@type":"ListItem","position":4,"name":"AV Case Studies &#8211; DE","item":"https:\/\/dehub.netgear.com\/de\/hub\/business\/case-studies\/av-case-studies\/"},{"@type":"ListItem","position":5,"name":"AV-Installation im Museum f\u00fcr Moderne Kunst in Warschau"}]},{"@type":"WebSite","@id":"https:\/\/dehub.netgear.com\/de\/hub\/#website","url":"https:\/\/dehub.netgear.com\/de\/hub\/","name":"NETGEAR","description":"Erkunden Sie unsere Hub-Seiten und st\u00f6bern Sie in Artikeln, um mehr \u00fcber NETGEAR Produkte und Technologien zu erfahren.","publisher":{"@id":"https:\/\/dehub.netgear.com\/de\/hub\/#organization"},"potentialAction":[{"@type":"SearchAction","target":{"@type":"EntryPoint","urlTemplate":"https:\/\/dehub.netgear.com\/de\/hub\/?s={search_term_string}"},"query-input":{"@type":"PropertyValueSpecification","valueRequired":true,"valueName":"search_term_string"}}],"inLanguage":"de"},{"@type":"Organization","@id":"https:\/\/dehub.netgear.com\/de\/hub\/#organization","name":"NETGEAR","url":"https:\/\/dehub.netgear.com\/de\/hub\/","logo":{"@type":"ImageObject","inLanguage":"de","@id":"https:\/\/dehub.netgear.com\/de\/hub\/#\/schema\/logo\/image\/","url":"https:\/\/www.dehub.netgear.com\/de\/hub\/wp-content\/uploads\/2019\/07\/NETGEAR_logo.jpg","contentUrl":"https:\/\/www.dehub.netgear.com\/de\/hub\/wp-content\/uploads\/2019\/07\/NETGEAR_logo.jpg","width":1500,"height":501,"caption":"NETGEAR"},"image":{"@id":"https:\/\/dehub.netgear.com\/de\/hub\/#\/schema\/logo\/image\/"},"sameAs":["https:\/\/www.facebook.com\/NetgearAU\/","https:\/\/x.com\/NETGEAR","https:\/\/www.linkedin.com\/company\/netgear"]}]}},"_links":{"self":[{"href":"https:\/\/dehub.netgear.com\/de\/hub\/wp-json\/wp\/v2\/pages\/10774","targetHints":{"allow":["GET"]}}],"collection":[{"href":"https:\/\/dehub.netgear.com\/de\/hub\/wp-json\/wp\/v2\/pages"}],"about":[{"href":"https:\/\/dehub.netgear.com\/de\/hub\/wp-json\/wp\/v2\/types\/page"}],"author":[{"embeddable":true,"href":"https:\/\/dehub.netgear.com\/de\/hub\/wp-json\/wp\/v2\/users\/94"}],"replies":[{"embeddable":true,"href":"https:\/\/dehub.netgear.com\/de\/hub\/wp-json\/wp\/v2\/comments?post=10774"}],"version-history":[{"count":5,"href":"https:\/\/dehub.netgear.com\/de\/hub\/wp-json\/wp\/v2\/pages\/10774\/revisions"}],"predecessor-version":[{"id":10871,"href":"https:\/\/dehub.netgear.com\/de\/hub\/wp-json\/wp\/v2\/pages\/10774\/revisions\/10871"}],"up":[{"embeddable":true,"href":"https:\/\/dehub.netgear.com\/de\/hub\/wp-json\/wp\/v2\/pages\/10321"}],"wp:featuredmedia":[{"embeddable":true,"href":"https:\/\/dehub.netgear.com\/de\/hub\/wp-json\/wp\/v2\/media\/10775"}],"wp:attachment":[{"href":"https:\/\/dehub.netgear.com\/de\/hub\/wp-json\/wp\/v2\/media?parent=10774"}],"curies":[{"name":"wp","href":"https:\/\/api.w.org\/{rel}","templated":true}]}}