{"id":10767,"date":"2025-09-25T09:19:23","date_gmt":"2025-10-10T07:19:42","guid":{"rendered":"https:\/\/dehub.netgear.com\/de\/hub\/?page_id=10767"},"modified":"2025-10-13T15:25:49","modified_gmt":"2025-10-13T13:25:49","slug":"revolutionierung-der-av-integration-mit-netgears-hybrid-aes67","status":"publish","type":"page","link":"https:\/\/dehub.netgear.com\/de\/hub\/business\/av\/revolutionierung-der-av-integration-mit-netgears-hybrid-aes67\/","title":{"rendered":"Revolutionierung der AV-Integration mit NETGEARs Hybrid-AES67"},"content":{"rendered":"    <div class=\"table-of-content bg-gray\">\n        <p><strong>IN THIS ARTICLE<\/strong><\/p>\n        <ul>\n                        <li><a href=\"#topic1\">Der Bedarf an hybriden L\u00f6sungen in der heutigen AV-Branche<\/a><\/li>\n                        <li><a href=\"#topic3\">Die wichtigsten Merkmale der NETGEAR M4350 Switches<\/a><\/li>\n                        <li><a href=\"#topic4\">Wie der Engage Controller das Benutzererlebnis vereinfacht<\/a><\/li>\n                        <li><a href=\"#topic5\">Skalierbarkeit und Kosteneffizienz mit dem Hybrid-AES67<\/a><\/li>\n                        <li><a href=\"#topic6\">Nahtlose Intercom-Kommunikation und Hochgeschwindigkeits-Daten\u00fcbertragung<\/a><\/li>\n                        <li><a href=\"#topic7\">Zuk\u00fcnftige Innovationen: Die n\u00e4chsten Schritte f\u00fcr NETGEAR AV<\/a><\/li>\n                        <li><a href=\"#topic8\">Mehr  Erfahren<\/a><\/li>\n                    <\/ul>\n    <\/div>\n        <div id=\"topic1\" class=\"skip-item\">\n                        <h2>Der Bedarf an hybriden L\u00f6sungen in der heutigen AV-Branche<\/h2>\n                <p>Die audiovisuelle Industrie ver\u00e4ndert sich schnell \u2013 mit steigenden Anforderungen an Effizienz, Skalierbarkeit und Wirtschaftlichkeit.<br \/>\nTraditionelle AV-Systeme sto\u00dfen bei gro\u00df angelegten Installationen und komplexen Intercom-Systemen oft an ihre Grenzen.<br \/>\nHier kommen hybride Modelle ins Spiel, die bew\u00e4hrte und neue Technologien kombinieren, um den modernen Anforderungen gerecht zu werden.<\/p>\n<p>NETGEAR, ein vertrauensw\u00fcrdiger Name im Netzwerkbereich, hat das Hybrid-AES67-Modell entwickelt, um diese Herausforderungen direkt anzugehen.<br \/>\nDurch die Integration von Boundary Clocks und Transparent Clocks reduziert NETGEARs Hybrid-Ansatz die Kosten erheblich und verbessert gleichzeitig die Skalierbarkeit.<br \/>\nDiese Innovation ist besonders vorteilhaft f\u00fcr gro\u00df angelegte AV-Installationen, die nahtlose Intercom-Kommunikation und hohe Daten\u00fcbertragungsraten erfordern.<\/p>\n    <\/div>\n        <div id=\"topic2\" class=\"skip-item\">\n                        <div class=\"video\" style=\"opacity: 1;text-align: center\"><iframe loading=\"lazy\" src=\"https:\/\/242128791.fs1.hubspotusercontent-na2.net\/hubfs\/242128791\/stuart-ray-iabm-tv-interviews-richard-jonker.mp4\" width=\"853\" height=\"505\" frameborder=\"0\" allowfullscreen=\"allowfullscreen\"><span data-mce-type=\"bookmark\" style=\"width: 0px;overflow: hidden;line-height: 0\" class=\"mce_SELRES_start\"><\/span><span data-mce-type=\"bookmark\" style=\"width: 0px;overflow: hidden;line-height: 0\" class=\"mce_SELRES_start\"><\/span><span data-mce-type=\"bookmark\" style=\"width: 0px;overflow: hidden;line-height: 0\" class=\"mce_SELRES_start\"><\/span><\/iframe><\/div>\n<div style=\"text-align: center\">ChatGPT a dit\u00a0:<\/p>\n<p>Kitplus interviewt Laurent auf der IBC 2025 \u00fcber NETGEARs Hybrid-AES67-Modelle.<\/p><\/div>\n    <\/div>\n        <div id=\"topic3\" class=\"skip-item\">\n                        <h2>Die wichtigsten Merkmale der NETGEAR M4350 Switches<\/h2>\n                <p>Im Zentrum des Hybrid-AES67-Modells stehen die M4350-Switches.<br \/>\nDiese Ger\u00e4te sind f\u00fcr eine Vielzahl von AV-Anwendungen konzipiert \u2013 von einfachen Konferenzr\u00e4umen bis hin zu komplexen Intercom-Systemen mit hohem Datenaufkommen.<br \/>\nDie RGB-LEDs jedes Switches zeigen die Farbe des aktiven Profils an, was die Netzwerkverwaltung deutlich erleichtert.<\/p>\n<p>Die M4350 bieten Multi-Gigabit-Geschwindigkeiten mit 25G-Uplinks, w\u00e4hrend bestimmte Modelle sogar 10G SFP+ und 100G-Uplinks unterst\u00fctzen.<br \/>\nDies erm\u00f6glicht die Datenraten, die moderne AV-Anwendungen ben\u00f6tigen.<br \/>\nZus\u00e4tzlich verf\u00fcgen die M4350 \u00fcber redundante Stromversorgungen und weitere fortschrittliche Funktionen \u2013 eine robuste L\u00f6sung f\u00fcr jede AV-Umgebung.<\/p>\n    <\/div>\n        <div id=\"topic4\" class=\"skip-item\">\n                        <h2>Wie der Engage Controller das Benutzererlebnis vereinfacht<\/h2>\n                <p>Ein herausragendes Merkmal des Hybrid-AES67-Modells ist der Engage Controller.<br \/>\nDiese benutzerfreundliche Anwendung ist f\u00fcr Windows und Mac verf\u00fcgbar und bietet eine einheitliche Benutzeroberfl\u00e4che.<br \/>\nDer Engage Controller vereinfacht die Konfiguration und Verwaltung von AV-Netzwerken, auch f\u00fcr Benutzer ohne tiefgehendes technisches Wissen.<\/p>\n<p>Die Anwendung unterst\u00fctzt etwa 550 AV-Hersteller und bietet rund 30 verschiedene Profile.<br \/>\nOb Konferenzraum oder komplexes Intercom-System \u2013 der Engage Controller sorgt f\u00fcr ein reibungsloses Nutzererlebnis.<br \/>\nDas intuitive Design reduziert die Einrichtungszeit und minimiert m\u00f6gliche Fehlerquellen.<\/p>\n    <\/div>\n        <div id=\"topic5\" class=\"skip-item\">\n                        <h2>Skalierbarkeit und Kosteneffizienz mit dem Hybrid-AES67<\/h2>\n                <p>Skalierbarkeit und Wirtschaftlichkeit sind entscheidende Faktoren in AV-Installationen \u2013 und in beiden Bereichen \u00fcberzeugt NETGEARs Hybrid-AES67-Modell.<br \/>\nDurch die Kombination von Boundary Clocks im Kern und Transparent Clocks am Rand senkt der hybride Ansatz die Bereitstellungskosten erheblich.<br \/>\nSo k\u00f6nnen gr\u00f6\u00dfere und komplexere AV-Netzwerke aufgebaut werden, ohne das Budget zu sprengen.<\/p>\n<p>Dank dieser Skalierbarkeit eignet sich das Modell gleicherma\u00dfen f\u00fcr kleine B\u00fcronetzwerke wie f\u00fcr gro\u00dfe Veranstaltungsorte.<br \/>\nDie hohe Datenrate der M4350-Switches und die intuitive Benutzeroberfl\u00e4che des Engage Controllers erh\u00f6hen die Flexibilit\u00e4t zus\u00e4tzlich.<\/p>\n    <\/div>\n        <div id=\"topic6\" class=\"skip-item\">\n                        <h2>Nahtlose Intercom-Kommunikation und Hochgeschwindigkeits-Daten\u00fcbertragung<\/h2>\n                <p>Effektive Kommunikation ist in jedem AV-System entscheidend, und das Hybrid-AES67-Modell von NETGEAR erm\u00f6glicht nahtlose Intercom-Kommunikation sowie schnelle Daten\u00fcbertragungen.<br \/>\nDas System unterst\u00fctzt verschiedene Intercom-Protokolle, darunter AES67 und ST2110-30, und gew\u00e4hrleistet damit eine breite Ger\u00e4tekompatibilit\u00e4t.<\/p>\n<p>Die Integration von Boundary- und Transparent Clocks sorgt f\u00fcr pr\u00e4zises Timing und Synchronisation \u2013 entscheidend f\u00fcr eine hochwertige Audio- und Video\u00fcbertragung.<br \/>\nDas Ergebnis: klare, unterbrechungsfreie Kommunikation \u2013 ideal f\u00fcr Live-Events, Broadcast-Studios oder gro\u00dfe Unternehmen.<\/p>\n    <\/div>\n        <div id=\"topic7\" class=\"skip-item\">\n                        <h2>Zuk\u00fcnftige Innovationen: Die n\u00e4chsten Schritte f\u00fcr NETGEAR AV<\/h2>\n                <p>NETGEAR bleibt f\u00fchrend in der AV-Innovation, und das Hybrid-AES67-Modell ist nur der Anfang.<br \/>\nDas Unternehmen plant, sowohl seine Software- als auch Hardwarel\u00f6sungen weiter auszubauen, um Nutzern stets die neuesten Technologien bereitzustellen.<\/p>\n<p>Bis Ende des Jahres sollen neue Software-Updates erscheinen, die das Benutzererlebnis weiter verbessern und zus\u00e4tzliche Funktionen bieten.<br \/>\nDiese bauen auf dem soliden Fundament des Hybrid-AES67-Modells auf und bieten noch robustere und skalierbarere Optionen f\u00fcr AV-Profis.<\/p>\n<p>Mit der Kombination aus modernster Technologie und benutzerfreundlichem Design revolutioniert das Hybrid-AES67-Modell von NETGEAR die AV-Branche \u2013 mit einer kosteneffizienten, skalierbaren und zuverl\u00e4ssigen L\u00f6sung f\u00fcr nahtlose Intercom-Kommunikation und Hochgeschwindigkeits-Daten\u00fcbertragung.<\/p>\n    <\/div>\n        <div id=\"topic8\" class=\"skip-item\">\n                        <h2>Mehr  Erfahren<\/h2>\n                <p>Mehr \u00fcber unsere Business-Produkte erfahren<\/p>\n<div class=\"hs-cta-embed hs-cta-simple-placeholder hs-cta-embed-243392275167\" style=\"max-width:100%;max-height:100%;width:260px;height:50.390625px\" data-hubspot-wrapper-cta-id=\"243392275167\"><br \/>\n  <a href=\"https:\/\/cta-na2.hubspot.com\/web-interactives\/public\/v1\/track\/redirect?encryptedPayload=AVxigLI%2Fu8J7nFnep8w0CfLqqlWixXySh0cANLn7TQ3MtLEGeFdfhQxw3AVxVzYlZOkZoVB4gdslqY4il1pZTz7RSKy0mNw%2BF1Y6bdIwWiFAFfgtF%2FkXW%2Fmq0JFY6OQExFSwjiafSp97IxwGv6iNNhiT9X6MQziOnjaAnh9UsXCYR2VD1S791%2F7MVwT1TQ%3D%3D&#038;webInteractiveContentId=243392275167&#038;portalId=242128791\" target=\"_blank\" rel=\"noopener\"><br \/>\n    <img decoding=\"async\" alt=\"NETGEAR AV-L&Ouml;SUNGEN\" loading=\"lazy\" src=\"https:\/\/hubspot-no-cache-na2-prod.s3.amazonaws.com\/cta\/default\/242128791\/interactive-243392275167.png\" style=\"height: 100%;width: 100%;object-fit: fill\" \/><br \/>\n<\/a><\/div>\n<p>&nbsp;<\/p>\n<p>Alles \u00fcber IP-Netzwerke lernen \u2013 in der NETGEAR ACADEMY<\/p>\n<div class=\"hs-cta-embed hs-cta-simple-placeholder hs-cta-embed-243357267644\" style=\"max-width:100%;max-height:100%;width:260px;height:50.390625px\" data-hubspot-wrapper-cta-id=\"243357267644\"><br \/>\n  <a href=\"https:\/\/cta-na2.hubspot.com\/web-interactives\/public\/v1\/track\/redirect?encryptedPayload=AVxigLKW9uCCU9FL7iPOCpU%2BvA8Z1UfLRQT8691iSSqh%2BqLrpD%2FITlt6RGXTdhci0W5DkR0wb%2FpK%2BWToDj8Qf0HaQwR0kyzZgK35i%2BhitHvCmHPH8BmXutiugzeYtEHOY6aYTSXoNxDjJJwwtUXAzSqnxQuhx5jjnWcHl4zUp4Dt1tTG2PymP7esgNCNHKHECJ76tda5x0hFMo8JQo6UwGGb9CBw4fyYnA%3D%3D&#038;webInteractiveContentId=243357267644&#038;portalId=242128791\" target=\"_blank\" rel=\"noopener\"><br \/>\n    <img decoding=\"async\" alt=\"NETGEAR ACADEMY\" loading=\"lazy\" src=\"https:\/\/hubspot-no-cache-na2-prod.s3.amazonaws.com\/cta\/default\/242128791\/interactive-243357267644.png\" style=\"height: 100%;width: 100%;object-fit: fill\" \/><br \/>\n<\/a><\/div>\n<p>&nbsp;<\/p>\n<p>Unsere Ingenieure unterst\u00fctzen Sie kostenlos bei Ihrem Projekt<\/p>\n<div class=\"hs-cta-embed hs-cta-simple-placeholder hs-cta-embed-243357266676\" style=\"max-width:100%;max-height:100%;width:270px;height:50.390625px\" data-hubspot-wrapper-cta-id=\"243357266676\"><br \/>\n  <a href=\"https:\/\/cta-na2.hubspot.com\/web-interactives\/public\/v1\/track\/redirect?encryptedPayload=AVxigLL9MaHliYSOIHWsJvXrVuyffxSFGu%2FOD4neANfzotKQLgtjDgnA0CFJQWLPGl5hkjLPFJf7A76nk1yWw939l8y7nc4NGJ1%2Fa58epF2QbqIhW7KyV%2Fr75%2B8GCI%2FfEXyeGuic8buAEe%2F8pDQ63tT6ExQvwvvuG%2BeK5mOqM%2FlNsZUaeR4q5pghXZB3yAUIu7WWwKynlh9Y3Ug9ymAN6sNjHEzXMCgwSYmLqMh7eixTsrgTswO85eLb8rCODQ%3D%3D&#038;webInteractiveContentId=243357266676&#038;portalId=242128791\" target=\"_blank\" rel=\"noopener\"><br \/>\n    <img decoding=\"async\" alt=\"KONTAKT PROAV-TEAM\" loading=\"lazy\" src=\"https:\/\/hubspot-no-cache-na2-prod.s3.amazonaws.com\/cta\/default\/242128791\/interactive-243357266676.png\" style=\"height: 100%;width: 100%;object-fit: fill\" \/><br \/>\n<\/a><\/div>\n<p>&nbsp;<br \/>\n<iframe loading=\"lazy\" src=\"https:\/\/405nrr.share-na2.hsforms.com\/25w_D-U5iS-e5KaSaP86jnQ\" width=\"100%\" height=\"1200px\"><\/iframe><\/p>\n    <\/div>\n    \n","protected":false},"excerpt":{"rendered":"","protected":false},"author":94,"featured_media":10768,"parent":6754,"menu_order":0,"comment_status":"closed","ping_status":"closed","template":"templates\/blog-wifi.php","meta":{"_acf_changed":false,"footnotes":""},"class_list":["post-10767","page","type-page","status-publish","has-post-thumbnail","hentry"],"acf":[],"yoast_head":"<!-- This site is optimized with the Yoast SEO plugin v27.4 - https:\/\/yoast.com\/product\/yoast-seo-wordpress\/ -->\n<title>Revolutionierung der AV-Integration mit NETGEARs Hybrid-AES67 - NETGEAR Hub<\/title>\n<meta name=\"description\" content=\"Entdecken Sie NETGEARs Hybrid-AES67: skalierbare, kosteneffiziente AV-Integration mit M4350-Switches, Engage Controller und nahtloser Intercom-Kommunikation.\" \/>\n<meta name=\"robots\" content=\"index, follow, max-snippet:-1, max-image-preview:large, max-video-preview:-1\" \/>\n<link rel=\"canonical\" href=\"https:\/\/dehub.netgear.com\/de\/hub\/business\/av\/revolutionierung-der-av-integration-mit-netgears-hybrid-aes67\/\" \/>\n<meta property=\"og:locale\" content=\"de_DE\" \/>\n<meta property=\"og:type\" content=\"article\" \/>\n<meta property=\"og:title\" content=\"Revolutionierung der AV-Integration mit NETGEARs Hybrid-AES67 - NETGEAR Hub\" \/>\n<meta property=\"og:description\" content=\"Entdecken Sie NETGEARs Hybrid-AES67: skalierbare, kosteneffiziente AV-Integration mit M4350-Switches, Engage Controller und nahtloser Intercom-Kommunikation.\" \/>\n<meta property=\"og:url\" content=\"https:\/\/dehub.netgear.com\/de\/hub\/business\/av\/revolutionierung-der-av-integration-mit-netgears-hybrid-aes67\/\" \/>\n<meta property=\"og:site_name\" content=\"NETGEAR Hub\" \/>\n<meta property=\"article:publisher\" content=\"https:\/\/www.facebook.com\/NetgearAU\/\" \/>\n<meta property=\"article:modified_time\" content=\"2025-10-13T13:25:49+00:00\" \/>\n<meta property=\"og:image\" content=\"https:\/\/dehub.netgear.com\/de\/hub\/wp-content\/uploads\/2025\/10\/Kitplus-and-Laurent.webp\" \/>\n\t<meta property=\"og:image:width\" content=\"702\" \/>\n\t<meta property=\"og:image:height\" content=\"395\" \/>\n\t<meta property=\"og:image:type\" content=\"image\/webp\" \/>\n<meta name=\"twitter:card\" content=\"summary_large_image\" \/>\n<meta name=\"twitter:site\" content=\"@NETGEAR\" \/>\n<script type=\"application\/ld+json\" class=\"yoast-schema-graph\">{\"@context\":\"https:\\\/\\\/schema.org\",\"@graph\":[{\"@type\":\"WebPage\",\"@id\":\"https:\\\/\\\/dehub.netgear.com\\\/de\\\/hub\\\/business\\\/av\\\/revolutionierung-der-av-integration-mit-netgears-hybrid-aes67\\\/\",\"url\":\"https:\\\/\\\/dehub.netgear.com\\\/de\\\/hub\\\/business\\\/av\\\/revolutionierung-der-av-integration-mit-netgears-hybrid-aes67\\\/\",\"name\":\"Revolutionierung der AV-Integration mit NETGEARs Hybrid-AES67 - NETGEAR Hub\",\"isPartOf\":{\"@id\":\"https:\\\/\\\/dehub.netgear.com\\\/de\\\/hub\\\/#website\"},\"primaryImageOfPage\":{\"@id\":\"https:\\\/\\\/dehub.netgear.com\\\/de\\\/hub\\\/business\\\/av\\\/revolutionierung-der-av-integration-mit-netgears-hybrid-aes67\\\/#primaryimage\"},\"image\":{\"@id\":\"https:\\\/\\\/dehub.netgear.com\\\/de\\\/hub\\\/business\\\/av\\\/revolutionierung-der-av-integration-mit-netgears-hybrid-aes67\\\/#primaryimage\"},\"thumbnailUrl\":\"https:\\\/\\\/dehub.netgear.com\\\/de\\\/hub\\\/wp-content\\\/uploads\\\/2025\\\/10\\\/Kitplus-and-Laurent.webp\",\"datePublished\":\"2025-10-10T07:19:42+00:00\",\"dateModified\":\"2025-10-13T13:25:49+00:00\",\"description\":\"Entdecken Sie NETGEARs Hybrid-AES67: skalierbare, kosteneffiziente AV-Integration mit M4350-Switches, Engage Controller und nahtloser Intercom-Kommunikation.\",\"breadcrumb\":{\"@id\":\"https:\\\/\\\/dehub.netgear.com\\\/de\\\/hub\\\/business\\\/av\\\/revolutionierung-der-av-integration-mit-netgears-hybrid-aes67\\\/#breadcrumb\"},\"inLanguage\":\"de\",\"potentialAction\":[{\"@type\":\"ReadAction\",\"target\":[\"https:\\\/\\\/dehub.netgear.com\\\/de\\\/hub\\\/business\\\/av\\\/revolutionierung-der-av-integration-mit-netgears-hybrid-aes67\\\/\"]}]},{\"@type\":\"ImageObject\",\"inLanguage\":\"de\",\"@id\":\"https:\\\/\\\/dehub.netgear.com\\\/de\\\/hub\\\/business\\\/av\\\/revolutionierung-der-av-integration-mit-netgears-hybrid-aes67\\\/#primaryimage\",\"url\":\"https:\\\/\\\/dehub.netgear.com\\\/de\\\/hub\\\/wp-content\\\/uploads\\\/2025\\\/10\\\/Kitplus-and-Laurent.webp\",\"contentUrl\":\"https:\\\/\\\/dehub.netgear.com\\\/de\\\/hub\\\/wp-content\\\/uploads\\\/2025\\\/10\\\/Kitplus-and-Laurent.webp\",\"width\":702,\"height\":395},{\"@type\":\"BreadcrumbList\",\"@id\":\"https:\\\/\\\/dehub.netgear.com\\\/de\\\/hub\\\/business\\\/av\\\/revolutionierung-der-av-integration-mit-netgears-hybrid-aes67\\\/#breadcrumb\",\"itemListElement\":[{\"@type\":\"ListItem\",\"position\":1,\"name\":\"Home\",\"item\":\"https:\\\/\\\/dehub.netgear.com\\\/de\\\/hub\\\/\"},{\"@type\":\"ListItem\",\"position\":2,\"name\":\"Business Articles Hub\",\"item\":\"https:\\\/\\\/dehub.netgear.com\\\/de\\\/hub\\\/business\\\/\"},{\"@type\":\"ListItem\",\"position\":3,\"name\":\"Business AV\",\"item\":\"https:\\\/\\\/dehub.netgear.com\\\/de\\\/hub\\\/business\\\/av\\\/\"},{\"@type\":\"ListItem\",\"position\":4,\"name\":\"Revolutionierung der AV-Integration mit NETGEARs Hybrid-AES67\"}]},{\"@type\":\"WebSite\",\"@id\":\"https:\\\/\\\/dehub.netgear.com\\\/de\\\/hub\\\/#website\",\"url\":\"https:\\\/\\\/dehub.netgear.com\\\/de\\\/hub\\\/\",\"name\":\"NETGEAR\",\"description\":\"Erkunden Sie unsere Hub-Seiten und st\u00f6bern Sie in Artikeln, um mehr \u00fcber NETGEAR Produkte und Technologien zu erfahren.\",\"publisher\":{\"@id\":\"https:\\\/\\\/dehub.netgear.com\\\/de\\\/hub\\\/#organization\"},\"potentialAction\":[{\"@type\":\"SearchAction\",\"target\":{\"@type\":\"EntryPoint\",\"urlTemplate\":\"https:\\\/\\\/dehub.netgear.com\\\/de\\\/hub\\\/?s={search_term_string}\"},\"query-input\":{\"@type\":\"PropertyValueSpecification\",\"valueRequired\":true,\"valueName\":\"search_term_string\"}}],\"inLanguage\":\"de\"},{\"@type\":\"Organization\",\"@id\":\"https:\\\/\\\/dehub.netgear.com\\\/de\\\/hub\\\/#organization\",\"name\":\"NETGEAR\",\"url\":\"https:\\\/\\\/dehub.netgear.com\\\/de\\\/hub\\\/\",\"logo\":{\"@type\":\"ImageObject\",\"inLanguage\":\"de\",\"@id\":\"https:\\\/\\\/dehub.netgear.com\\\/de\\\/hub\\\/#\\\/schema\\\/logo\\\/image\\\/\",\"url\":\"https:\\\/\\\/www.dehub.netgear.com\\\/de\\\/hub\\\/wp-content\\\/uploads\\\/2019\\\/07\\\/NETGEAR_logo.jpg\",\"contentUrl\":\"https:\\\/\\\/www.dehub.netgear.com\\\/de\\\/hub\\\/wp-content\\\/uploads\\\/2019\\\/07\\\/NETGEAR_logo.jpg\",\"width\":1500,\"height\":501,\"caption\":\"NETGEAR\"},\"image\":{\"@id\":\"https:\\\/\\\/dehub.netgear.com\\\/de\\\/hub\\\/#\\\/schema\\\/logo\\\/image\\\/\"},\"sameAs\":[\"https:\\\/\\\/www.facebook.com\\\/NetgearAU\\\/\",\"https:\\\/\\\/x.com\\\/NETGEAR\",\"https:\\\/\\\/www.linkedin.com\\\/company\\\/netgear\"]}]}<\/script>\n<!-- \/ Yoast SEO plugin. -->","yoast_head_json":{"title":"Revolutionierung der AV-Integration mit NETGEARs Hybrid-AES67 - NETGEAR Hub","description":"Entdecken Sie NETGEARs Hybrid-AES67: skalierbare, kosteneffiziente AV-Integration mit M4350-Switches, Engage Controller und nahtloser Intercom-Kommunikation.","robots":{"index":"index","follow":"follow","max-snippet":"max-snippet:-1","max-image-preview":"max-image-preview:large","max-video-preview":"max-video-preview:-1"},"canonical":"https:\/\/dehub.netgear.com\/de\/hub\/business\/av\/revolutionierung-der-av-integration-mit-netgears-hybrid-aes67\/","og_locale":"de_DE","og_type":"article","og_title":"Revolutionierung der AV-Integration mit NETGEARs Hybrid-AES67 - NETGEAR Hub","og_description":"Entdecken Sie NETGEARs Hybrid-AES67: skalierbare, kosteneffiziente AV-Integration mit M4350-Switches, Engage Controller und nahtloser Intercom-Kommunikation.","og_url":"https:\/\/dehub.netgear.com\/de\/hub\/business\/av\/revolutionierung-der-av-integration-mit-netgears-hybrid-aes67\/","og_site_name":"NETGEAR Hub","article_publisher":"https:\/\/www.facebook.com\/NetgearAU\/","article_modified_time":"2025-10-13T13:25:49+00:00","og_image":[{"width":702,"height":395,"url":"https:\/\/dehub.netgear.com\/de\/hub\/wp-content\/uploads\/2025\/10\/Kitplus-and-Laurent.webp","type":"image\/webp"}],"twitter_card":"summary_large_image","twitter_site":"@NETGEAR","schema":{"@context":"https:\/\/schema.org","@graph":[{"@type":"WebPage","@id":"https:\/\/dehub.netgear.com\/de\/hub\/business\/av\/revolutionierung-der-av-integration-mit-netgears-hybrid-aes67\/","url":"https:\/\/dehub.netgear.com\/de\/hub\/business\/av\/revolutionierung-der-av-integration-mit-netgears-hybrid-aes67\/","name":"Revolutionierung der AV-Integration mit NETGEARs Hybrid-AES67 - NETGEAR Hub","isPartOf":{"@id":"https:\/\/dehub.netgear.com\/de\/hub\/#website"},"primaryImageOfPage":{"@id":"https:\/\/dehub.netgear.com\/de\/hub\/business\/av\/revolutionierung-der-av-integration-mit-netgears-hybrid-aes67\/#primaryimage"},"image":{"@id":"https:\/\/dehub.netgear.com\/de\/hub\/business\/av\/revolutionierung-der-av-integration-mit-netgears-hybrid-aes67\/#primaryimage"},"thumbnailUrl":"https:\/\/dehub.netgear.com\/de\/hub\/wp-content\/uploads\/2025\/10\/Kitplus-and-Laurent.webp","datePublished":"2025-10-10T07:19:42+00:00","dateModified":"2025-10-13T13:25:49+00:00","description":"Entdecken Sie NETGEARs Hybrid-AES67: skalierbare, kosteneffiziente AV-Integration mit M4350-Switches, Engage Controller und nahtloser Intercom-Kommunikation.","breadcrumb":{"@id":"https:\/\/dehub.netgear.com\/de\/hub\/business\/av\/revolutionierung-der-av-integration-mit-netgears-hybrid-aes67\/#breadcrumb"},"inLanguage":"de","potentialAction":[{"@type":"ReadAction","target":["https:\/\/dehub.netgear.com\/de\/hub\/business\/av\/revolutionierung-der-av-integration-mit-netgears-hybrid-aes67\/"]}]},{"@type":"ImageObject","inLanguage":"de","@id":"https:\/\/dehub.netgear.com\/de\/hub\/business\/av\/revolutionierung-der-av-integration-mit-netgears-hybrid-aes67\/#primaryimage","url":"https:\/\/dehub.netgear.com\/de\/hub\/wp-content\/uploads\/2025\/10\/Kitplus-and-Laurent.webp","contentUrl":"https:\/\/dehub.netgear.com\/de\/hub\/wp-content\/uploads\/2025\/10\/Kitplus-and-Laurent.webp","width":702,"height":395},{"@type":"BreadcrumbList","@id":"https:\/\/dehub.netgear.com\/de\/hub\/business\/av\/revolutionierung-der-av-integration-mit-netgears-hybrid-aes67\/#breadcrumb","itemListElement":[{"@type":"ListItem","position":1,"name":"Home","item":"https:\/\/dehub.netgear.com\/de\/hub\/"},{"@type":"ListItem","position":2,"name":"Business Articles Hub","item":"https:\/\/dehub.netgear.com\/de\/hub\/business\/"},{"@type":"ListItem","position":3,"name":"Business AV","item":"https:\/\/dehub.netgear.com\/de\/hub\/business\/av\/"},{"@type":"ListItem","position":4,"name":"Revolutionierung der AV-Integration mit NETGEARs Hybrid-AES67"}]},{"@type":"WebSite","@id":"https:\/\/dehub.netgear.com\/de\/hub\/#website","url":"https:\/\/dehub.netgear.com\/de\/hub\/","name":"NETGEAR","description":"Erkunden Sie unsere Hub-Seiten und st\u00f6bern Sie in Artikeln, um mehr \u00fcber NETGEAR Produkte und Technologien zu erfahren.","publisher":{"@id":"https:\/\/dehub.netgear.com\/de\/hub\/#organization"},"potentialAction":[{"@type":"SearchAction","target":{"@type":"EntryPoint","urlTemplate":"https:\/\/dehub.netgear.com\/de\/hub\/?s={search_term_string}"},"query-input":{"@type":"PropertyValueSpecification","valueRequired":true,"valueName":"search_term_string"}}],"inLanguage":"de"},{"@type":"Organization","@id":"https:\/\/dehub.netgear.com\/de\/hub\/#organization","name":"NETGEAR","url":"https:\/\/dehub.netgear.com\/de\/hub\/","logo":{"@type":"ImageObject","inLanguage":"de","@id":"https:\/\/dehub.netgear.com\/de\/hub\/#\/schema\/logo\/image\/","url":"https:\/\/www.dehub.netgear.com\/de\/hub\/wp-content\/uploads\/2019\/07\/NETGEAR_logo.jpg","contentUrl":"https:\/\/www.dehub.netgear.com\/de\/hub\/wp-content\/uploads\/2019\/07\/NETGEAR_logo.jpg","width":1500,"height":501,"caption":"NETGEAR"},"image":{"@id":"https:\/\/dehub.netgear.com\/de\/hub\/#\/schema\/logo\/image\/"},"sameAs":["https:\/\/www.facebook.com\/NetgearAU\/","https:\/\/x.com\/NETGEAR","https:\/\/www.linkedin.com\/company\/netgear"]}]}},"_links":{"self":[{"href":"https:\/\/dehub.netgear.com\/de\/hub\/wp-json\/wp\/v2\/pages\/10767","targetHints":{"allow":["GET"]}}],"collection":[{"href":"https:\/\/dehub.netgear.com\/de\/hub\/wp-json\/wp\/v2\/pages"}],"about":[{"href":"https:\/\/dehub.netgear.com\/de\/hub\/wp-json\/wp\/v2\/types\/page"}],"author":[{"embeddable":true,"href":"https:\/\/dehub.netgear.com\/de\/hub\/wp-json\/wp\/v2\/users\/94"}],"replies":[{"embeddable":true,"href":"https:\/\/dehub.netgear.com\/de\/hub\/wp-json\/wp\/v2\/comments?post=10767"}],"version-history":[{"count":1,"href":"https:\/\/dehub.netgear.com\/de\/hub\/wp-json\/wp\/v2\/pages\/10767\/revisions"}],"predecessor-version":[{"id":10769,"href":"https:\/\/dehub.netgear.com\/de\/hub\/wp-json\/wp\/v2\/pages\/10767\/revisions\/10769"}],"up":[{"embeddable":true,"href":"https:\/\/dehub.netgear.com\/de\/hub\/wp-json\/wp\/v2\/pages\/6754"}],"wp:featuredmedia":[{"embeddable":true,"href":"https:\/\/dehub.netgear.com\/de\/hub\/wp-json\/wp\/v2\/media\/10768"}],"wp:attachment":[{"href":"https:\/\/dehub.netgear.com\/de\/hub\/wp-json\/wp\/v2\/media?parent=10767"}],"curies":[{"name":"wp","href":"https:\/\/api.w.org\/{rel}","templated":true}]}}