{"id":10754,"date":"2025-10-01T20:03:01","date_gmt":"2025-10-01T18:03:01","guid":{"rendered":"https:\/\/dehub.netgear.com\/de\/hub\/?page_id=10754"},"modified":"2025-10-08T20:06:51","modified_gmt":"2025-10-08T18:06:51","slug":"amd-netgear-av-partner","status":"publish","type":"page","link":"https:\/\/dehub.netgear.com\/de\/hub\/business\/av\/amd-netgear-av-partner\/","title":{"rendered":"AMD und NETGEAR AV arbeiten zusammen, um die Zukunft von AV-over-IP zu beschleunigen"},"content":{"rendered":"<p>Diese Zusammenarbeit vereint NETGEARs umfassende Netzwerkkompetenz mit der skalierbaren, leistungsstarken Siliziumtechnologie von AMD, um einige der gr\u00f6\u00dften Herausforderungen in der AV-Infrastruktur zu l\u00f6sen: Komplexit\u00e4t, Geschwindigkeit, Zuverl\u00e4ssigkeit und Zukunftssicherheit.<\/p>\n<p>Im Mittelpunkt dieser Partnerschaft steht eine gemeinsame Vision \u2013 AV-over-IP nicht nur schneller, intelligenter und robuster zu machen, sondern auch die Implementierung f\u00fcr Integratoren und IT-Experten zu vereinfachen.<\/p>\n<p>Die Unternehmen b\u00fcndeln ihre St\u00e4rken, um Plug-and-Play-Systeme bereitzustellen, die sowohl den heutigen anspruchsvollen AV-Workflows als auch den k\u00fcnftigen, KI-gest\u00fctzten Innovationen gewachsen sind.<\/p>\n    <div class=\"table-of-content bg-gray\">\n        <p><strong>IN THIS ARTICLE<\/strong><\/p>\n        <ul>\n                        <li><a href=\"#topic1\">Entwickelt f\u00fcr die Workflows von heute \u2013 und die von morgen<\/a><\/li>\n                        <li><a href=\"#topic2\">Geschwindigkeit und Einfachheit treffen auf Leistung und Pr\u00e4zision<\/a><\/li>\n                        <li><a href=\"#topic3\">Vorbereitung auf eine KI-gesteuerte AV-Zukunft<\/a><\/li>\n                        <li><a href=\"#topic4\">Reale Wirkung, reale Implementierungen<\/a><\/li>\n                        <li><a href=\"#topic5\">Ein gemeinsames Engagement<\/a><\/li>\n                        <li><a href=\"#topic6\">Mehr erfahren<\/a><\/li>\n                    <\/ul>\n    <\/div>\n        <div id=\"topic1\" class=\"skip-item\">\n                        <h2>Entwickelt f\u00fcr die Workflows von heute \u2013 und die von morgen<\/h2>\n                <p>AV-over-IP ist zunehmend das R\u00fcckgrat von Anwendungen in Bereichen wie Unternehmenskonferenzr\u00e4umen, Hochschulen, Broadcast-Kontrollr\u00e4umen und Gro\u00dfveranstaltungen. Doch der Wechsel von Baseband zu IP bringt seine eigenen Herausforderungen mit sich: Paket-Timing, Multicast-Zuverl\u00e4ssigkeit, Konfigurationskomplexit\u00e4t und die Notwendigkeit, auf h\u00f6here Aufl\u00f6sungen und Bitraten zu skalieren, ohne Qualit\u00e4t oder Stabilit\u00e4t zu beeintr\u00e4chtigen.<\/p>\n<p>Die AV-Switches von NETGEAR \u2013 insbesondere die Serien M4250, M4300 und das Flaggschiff M4500 \u2013 genie\u00dfen bereits branchenweit Vertrauen dank ihrer speziell entwickelten Firmware und vorkonfigurierten Profile, die die \u00fcbliche Komplexit\u00e4t beim Networking von Multicast-Videos beseitigen. Mit den adaptiven SoCs und FPGAs von AMD \u2013 ausgestattet mit integrierten Ethernet-MACs, die Bandbreiten von 10 Mbit\/s bis zu 100 Gbit\/s unterst\u00fctzen \u2013 kann NETGEAR nun noch einen Schritt weiter gehen.<\/p>\n<p>Das bedeutet AV-Systeme, die einfacher einzurichten sind, h\u00f6here Bandbreiten f\u00fcr unkomprimiertes oder leicht komprimiertes 4K- und 8K-Video unterst\u00fctzen und f\u00fcr dynamische Workloads wie KI-gest\u00fctzte Analysen zukunftssicher sind.<\/p>\n    <\/div>\n        <div id=\"topic2\" class=\"skip-item\">\n                        <h2>Geschwindigkeit und Einfachheit treffen auf Leistung und Pr\u00e4zision<\/h2>\n                <p>Die Partnerschaft konzentriert sich stark auf die Beschleunigung des Bereitstellungszyklus. Gemeinsam arbeiten NETGEAR und AMD daran, die H\u00fcrden zu beseitigen, die den Einsatz IP-basierter AV-L\u00f6sungen bislang verlangsamt haben.<\/p>\n<p>Anstatt stundenlanger Konfiguration erleben Integratoren eine \u201eZero-Touch\u201c-Bereitstellung \u00fcber die vorgefertigten AV-Profile von NETGEAR \u2013 optimiert f\u00fcr g\u00e4ngige AV-Protokolle wie IPMX, Dante AV, NDI und SDVoE. Diese Profile konfigurieren automatisch IGMP-Snooping, VLANs, QoS (Quality of Service) und mehr, wodurch der Bedarf an spezialisiertem Netzwerk-Know-how deutlich reduziert wird.<\/p>\n<p>Gleichzeitig liefert AMD die Rechenleistung hinter dem Signalpfad. Die programmierbaren Plattformen unterst\u00fctzen native IP-Medientransportprotokolle wie ST 2110, IPMX, NDI und Dante AV und erm\u00f6glichen ein echtes deterministisches Verhalten in gro\u00dfen Multicast-Umgebungen. Ob Video Walls, Matrix-Switching oder Produktionsnetzwerke \u2013 die Hardware von AMD sorgt f\u00fcr Medienstr\u00f6me mit extrem niedriger Latenz und absolut pr\u00e4zisem Timing.<\/p>\n<p>Zusammen bilden diese F\u00e4higkeiten die Grundlage f\u00fcr Netzwerke, die nicht nur Hochgeschwindigkeit bieten, sondern auch robust sind \u2013 in der Lage, den Datenverkehr selbst zu verwalten, Fehler zu beheben und sich nahtlos zu skalieren, sobald neue Endpunkte hinzukommen.<\/p>\n    <\/div>\n        <div id=\"topic3\" class=\"skip-item\">\n                        <h2>Vorbereitung auf eine KI-gesteuerte AV-Zukunft<\/h2>\n                <p>Was diese Partnerschaft wirklich zukunftsweisend macht, ist die Art und Weise, wie sie die AV-Branche auf den n\u00e4chsten technologischen Sprung vorbereitet: k\u00fcnstliche Intelligenz. Die neu programmierbare Logik und die integrierten Verarbeitungseinheiten von AMD eignen sich ideal, um Machine-Learning-Funktionen direkt in die AV-Pipeline zu integrieren. Ob Objekterkennung, Inhaltsanalyse, intelligentes Routing oder Echtzeit-Anomalieerkennung \u2013 all das sind keine Zukunftsvisionen mehr. Es ist die n\u00e4chste Intelligenzebene, die NETGEAR und AMD in AV-Systeme einbringen wollen.<\/p>\n<p>Mit der AV-over-IP-Infrastruktur von NETGEAR als Transportschicht und den KI-f\u00e4higen Plattformen von AMD am Netzwerkrand wird der Grundstein f\u00fcr intelligentere und anpassungsf\u00e4higere AV-Systeme gelegt. Man kann sich ein Video-Netzwerk vorstellen, das nicht nur \u00fcbertr\u00e4gt, sondern auch versteht, was es sendet.<\/p>\n    <\/div>\n        <div id=\"topic4\" class=\"skip-item\">\n                        <h2>Reale Wirkung, reale Implementierungen<\/h2>\n                <p>Das ist kein theoretisches Konzept. Gemeinsam erm\u00f6glichen NETGEAR und AMD bereits Implementierungen, die Hunderte von Endpunkten mit nahtloser Medien\u00fcbertragung verbinden. Von Live-Event-Locations, die 8K-Videos \u00fcber riesige Arenen streamen, bis hin zu Kontrollr\u00e4umen, die auf Pr\u00e4zision im Mikrosekundenbereich angewiesen sind \u2013 die L\u00f6sungen sind so konzipiert, dass sie zuverl\u00e4ssig und skalierbar bleiben.<\/p>\n<p>F\u00fcr Integratoren bedeutet das weniger Aufwand und schnellere Projektabwicklungen. F\u00fcr Endnutzer bedeutet es h\u00f6here Zuverl\u00e4ssigkeit, bessere visuelle Leistung und eine stabile Grundlage, auf die sie sich verlassen k\u00f6nnen \u2013 selbst wenn Workflows komplexer und intelligenter werden.<\/p>\n    <\/div>\n        <div id=\"topic5\" class=\"skip-item\">\n                        <h2>Ein gemeinsames Engagement<\/h2>\n                <p>Im Kern geht es bei dieser Zusammenarbeit darum, Reibung zu beseitigen. AV-Systeme sollten keine tiefgehende Netzwerktechnik erfordern, um implementiert zu werden. Sie sollten weder unter Bandbreitenbelastung zusammenbrechen noch Schwierigkeiten beim Skalieren haben. Und sie sollten ganz sicher nicht von der KI-Revolution ausgeschlossen sein, die jeden Bereich der Technologie ver\u00e4ndert.<\/p>\n<p>NETGEAR AV und AMD treten gemeinsam an, um genau das zu verhindern. Mit einem gemeinsamen Engagement f\u00fcr offene Standards, Hardwarebeschleunigung und ein integratororientiertes Design setzt diese enge Zusammenarbeit einen neuen Ma\u00dfstab daf\u00fcr, was AV-over-IP leisten kann.<\/p>\n<div class=\"explore-btn-area black-bg-btn\"><a class=\"explore-btn\" href=\"https:\/\/www.amd.com\/en\/solutions\/broadcast-and-pro-av\/av-over-ip.html\">Entdecke AMD AV-L\u00f6sungen<\/a><\/div>\n    <\/div>\n        <div id=\"topic6\" class=\"skip-item\">\n                        <h2>Mehr erfahren<\/h2>\n                <p>Unsere Ingenieure unterst\u00fctzen Sie kostenlos bei Ihren AV-Projekten.<\/p>\n<p><a style=\"background-color: #26e880;border: 0px none #000000;border-radius: 50px;color: #2c262d;font-size: 16px;font-family: Inter,sans-serif;font-style: normal;font-weight: 500;text-decoration: none;width: 100%;padding: 16px 24px 16px 24px\" href=\"https:\/\/www.netgear.com\/de\/business\/av\/services\/proav-designsupport\/?hsCtaAttrib=207818050288#contactformsupport\" target=\"_blank\" rel=\"noopener\">KONTAKTIEREN SIE DEN PROAV-SUPPORT<\/a><\/p>\n<p>Erfahren Sie alles \u00fcber IP-Netzwerke in unserer NETGEAR ACADEMY.<\/p>\n<p><a style=\"background-color: #26e880;border: 0px none #000000;border-radius: 50px;color: #2c262d;font-size: 16px;font-family: Inter,sans-serif;font-style: normal;font-weight: 500;text-decoration: none;width: 100%;padding: 16px 24px 16px 24px\" href=\"https:\/\/academy.netgear.com\/course\/index.php?categoryid=2&amp;hsCtaAttrib=207830330055\" target=\"_blank\" rel=\"noopener\">NETGEAR ACADEMY<\/a><\/p>\n<p>Mehr Informationen zu unseren AV-L\u00f6sungen<\/p>\n<p><a style=\"background-color: #26e880;border: 0px none #000000;border-radius: 50px;color: #2c262d;font-size: 16px;font-family: Inter,sans-serif;font-style: normal;font-weight: 500;text-decoration: none;width: 100%;padding: 16px 24px 16px 24px\" href=\"https:\/\/www.netgear.com\/de\/business\/av\/?hsCtaAttrib=207665517270\" target=\"_blank\" rel=\"noopener\">NETGEAR AV L\u00d6SUNGEN<\/a><\/p>\n    <\/div>\n    \n","protected":false},"excerpt":{"rendered":"<p>Diese Zusammenarbeit vereint NETGEARs umfassende Netzwerkkompetenz mit der skalierbaren, leistungsstarken Siliziumtechnologie von AMD, um einige der gr\u00f6\u00dften Herausforderungen in der AV-Infrastruktur zu l\u00f6sen: Komplexit\u00e4t, Geschwindigkeit, Zuverl\u00e4ssigkeit und Zukunftssicherheit. Im Mittelpunkt dieser Partnerschaft steht eine gemeinsame Vision \u2013 AV-over-IP nicht nur schneller, intelligenter und robuster zu machen, sondern auch die Implementierung f\u00fcr Integratoren und IT-Experten zu [&hellip;]<\/p>\n","protected":false},"author":94,"featured_media":10756,"parent":6754,"menu_order":0,"comment_status":"closed","ping_status":"closed","template":"templates\/blog-wifi.php","meta":{"_acf_changed":false,"footnotes":""},"class_list":["post-10754","page","type-page","status-publish","has-post-thumbnail","hentry"],"acf":[],"yoast_head":"<!-- This site is optimized with the Yoast SEO plugin v27.4 - https:\/\/yoast.com\/product\/yoast-seo-wordpress\/ -->\n<title>AMD und NETGEAR AV arbeiten zusammen, um die Zukunft von AV-over-IP zu beschleunigen - NETGEAR Hub<\/title>\n<meta name=\"description\" content=\"In einer sich rasant entwickelnden AV-over-IP-Landschaft schlie\u00dfen sich zwei Branchenf\u00fchrer \u2013 NETGEAR AV und AMD \u2013 zusammen, um die Bereitstellung von AV-over-IP-L\u00f6sungen zu vereinfachen und zu beschleunigen.\" \/>\n<meta name=\"robots\" content=\"index, follow, max-snippet:-1, max-image-preview:large, max-video-preview:-1\" \/>\n<link rel=\"canonical\" href=\"https:\/\/dehub.netgear.com\/de\/hub\/business\/av\/amd-netgear-av-partner\/\" \/>\n<meta property=\"og:locale\" content=\"de_DE\" \/>\n<meta property=\"og:type\" content=\"article\" \/>\n<meta property=\"og:title\" content=\"AMD und NETGEAR AV arbeiten zusammen, um die Zukunft von AV-over-IP zu beschleunigen - NETGEAR Hub\" \/>\n<meta property=\"og:description\" content=\"In einer sich rasant entwickelnden AV-over-IP-Landschaft schlie\u00dfen sich zwei Branchenf\u00fchrer \u2013 NETGEAR AV und AMD \u2013 zusammen, um die Bereitstellung von AV-over-IP-L\u00f6sungen zu vereinfachen und zu beschleunigen.\" \/>\n<meta property=\"og:url\" content=\"https:\/\/dehub.netgear.com\/de\/hub\/business\/av\/amd-netgear-av-partner\/\" \/>\n<meta property=\"og:site_name\" content=\"NETGEAR Hub\" \/>\n<meta property=\"article:publisher\" content=\"https:\/\/www.facebook.com\/NetgearAU\/\" \/>\n<meta property=\"article:modified_time\" content=\"2025-10-08T18:06:51+00:00\" \/>\n<meta property=\"og:image\" content=\"https:\/\/dehub.netgear.com\/de\/hub\/wp-content\/uploads\/2025\/10\/AMD-NETGEAR.jpg\" \/>\n\t<meta property=\"og:image:width\" content=\"600\" \/>\n\t<meta property=\"og:image:height\" content=\"338\" \/>\n\t<meta property=\"og:image:type\" content=\"image\/jpeg\" \/>\n<meta name=\"twitter:card\" content=\"summary_large_image\" \/>\n<meta name=\"twitter:site\" content=\"@NETGEAR\" \/>\n<script type=\"application\/ld+json\" class=\"yoast-schema-graph\">{\"@context\":\"https:\\\/\\\/schema.org\",\"@graph\":[{\"@type\":\"WebPage\",\"@id\":\"https:\\\/\\\/dehub.netgear.com\\\/de\\\/hub\\\/business\\\/av\\\/amd-netgear-av-partner\\\/\",\"url\":\"https:\\\/\\\/dehub.netgear.com\\\/de\\\/hub\\\/business\\\/av\\\/amd-netgear-av-partner\\\/\",\"name\":\"AMD und NETGEAR AV arbeiten zusammen, um die Zukunft von AV-over-IP zu beschleunigen - NETGEAR Hub\",\"isPartOf\":{\"@id\":\"https:\\\/\\\/dehub.netgear.com\\\/de\\\/hub\\\/#website\"},\"primaryImageOfPage\":{\"@id\":\"https:\\\/\\\/dehub.netgear.com\\\/de\\\/hub\\\/business\\\/av\\\/amd-netgear-av-partner\\\/#primaryimage\"},\"image\":{\"@id\":\"https:\\\/\\\/dehub.netgear.com\\\/de\\\/hub\\\/business\\\/av\\\/amd-netgear-av-partner\\\/#primaryimage\"},\"thumbnailUrl\":\"https:\\\/\\\/dehub.netgear.com\\\/de\\\/hub\\\/wp-content\\\/uploads\\\/2025\\\/10\\\/AMD-NETGEAR.jpg\",\"datePublished\":\"2025-10-01T18:03:01+00:00\",\"dateModified\":\"2025-10-08T18:06:51+00:00\",\"description\":\"In einer sich rasant entwickelnden AV-over-IP-Landschaft schlie\u00dfen sich zwei Branchenf\u00fchrer \u2013 NETGEAR AV und AMD \u2013 zusammen, um die Bereitstellung von AV-over-IP-L\u00f6sungen zu vereinfachen und zu beschleunigen.\",\"breadcrumb\":{\"@id\":\"https:\\\/\\\/dehub.netgear.com\\\/de\\\/hub\\\/business\\\/av\\\/amd-netgear-av-partner\\\/#breadcrumb\"},\"inLanguage\":\"de\",\"potentialAction\":[{\"@type\":\"ReadAction\",\"target\":[\"https:\\\/\\\/dehub.netgear.com\\\/de\\\/hub\\\/business\\\/av\\\/amd-netgear-av-partner\\\/\"]}]},{\"@type\":\"ImageObject\",\"inLanguage\":\"de\",\"@id\":\"https:\\\/\\\/dehub.netgear.com\\\/de\\\/hub\\\/business\\\/av\\\/amd-netgear-av-partner\\\/#primaryimage\",\"url\":\"https:\\\/\\\/dehub.netgear.com\\\/de\\\/hub\\\/wp-content\\\/uploads\\\/2025\\\/10\\\/AMD-NETGEAR.jpg\",\"contentUrl\":\"https:\\\/\\\/dehub.netgear.com\\\/de\\\/hub\\\/wp-content\\\/uploads\\\/2025\\\/10\\\/AMD-NETGEAR.jpg\",\"width\":600,\"height\":338},{\"@type\":\"BreadcrumbList\",\"@id\":\"https:\\\/\\\/dehub.netgear.com\\\/de\\\/hub\\\/business\\\/av\\\/amd-netgear-av-partner\\\/#breadcrumb\",\"itemListElement\":[{\"@type\":\"ListItem\",\"position\":1,\"name\":\"Home\",\"item\":\"https:\\\/\\\/dehub.netgear.com\\\/de\\\/hub\\\/\"},{\"@type\":\"ListItem\",\"position\":2,\"name\":\"Business Articles Hub\",\"item\":\"https:\\\/\\\/dehub.netgear.com\\\/de\\\/hub\\\/business\\\/\"},{\"@type\":\"ListItem\",\"position\":3,\"name\":\"Business AV\",\"item\":\"https:\\\/\\\/dehub.netgear.com\\\/de\\\/hub\\\/business\\\/av\\\/\"},{\"@type\":\"ListItem\",\"position\":4,\"name\":\"AMD und NETGEAR AV arbeiten zusammen, um die Zukunft von AV-over-IP zu beschleunigen\"}]},{\"@type\":\"WebSite\",\"@id\":\"https:\\\/\\\/dehub.netgear.com\\\/de\\\/hub\\\/#website\",\"url\":\"https:\\\/\\\/dehub.netgear.com\\\/de\\\/hub\\\/\",\"name\":\"NETGEAR\",\"description\":\"Erkunden Sie unsere Hub-Seiten und st\u00f6bern Sie in Artikeln, um mehr \u00fcber NETGEAR Produkte und Technologien zu erfahren.\",\"publisher\":{\"@id\":\"https:\\\/\\\/dehub.netgear.com\\\/de\\\/hub\\\/#organization\"},\"potentialAction\":[{\"@type\":\"SearchAction\",\"target\":{\"@type\":\"EntryPoint\",\"urlTemplate\":\"https:\\\/\\\/dehub.netgear.com\\\/de\\\/hub\\\/?s={search_term_string}\"},\"query-input\":{\"@type\":\"PropertyValueSpecification\",\"valueRequired\":true,\"valueName\":\"search_term_string\"}}],\"inLanguage\":\"de\"},{\"@type\":\"Organization\",\"@id\":\"https:\\\/\\\/dehub.netgear.com\\\/de\\\/hub\\\/#organization\",\"name\":\"NETGEAR\",\"url\":\"https:\\\/\\\/dehub.netgear.com\\\/de\\\/hub\\\/\",\"logo\":{\"@type\":\"ImageObject\",\"inLanguage\":\"de\",\"@id\":\"https:\\\/\\\/dehub.netgear.com\\\/de\\\/hub\\\/#\\\/schema\\\/logo\\\/image\\\/\",\"url\":\"https:\\\/\\\/www.dehub.netgear.com\\\/de\\\/hub\\\/wp-content\\\/uploads\\\/2019\\\/07\\\/NETGEAR_logo.jpg\",\"contentUrl\":\"https:\\\/\\\/www.dehub.netgear.com\\\/de\\\/hub\\\/wp-content\\\/uploads\\\/2019\\\/07\\\/NETGEAR_logo.jpg\",\"width\":1500,\"height\":501,\"caption\":\"NETGEAR\"},\"image\":{\"@id\":\"https:\\\/\\\/dehub.netgear.com\\\/de\\\/hub\\\/#\\\/schema\\\/logo\\\/image\\\/\"},\"sameAs\":[\"https:\\\/\\\/www.facebook.com\\\/NetgearAU\\\/\",\"https:\\\/\\\/x.com\\\/NETGEAR\",\"https:\\\/\\\/www.linkedin.com\\\/company\\\/netgear\"]}]}<\/script>\n<!-- \/ Yoast SEO plugin. -->","yoast_head_json":{"title":"AMD und NETGEAR AV arbeiten zusammen, um die Zukunft von AV-over-IP zu beschleunigen - NETGEAR Hub","description":"In einer sich rasant entwickelnden AV-over-IP-Landschaft schlie\u00dfen sich zwei Branchenf\u00fchrer \u2013 NETGEAR AV und AMD \u2013 zusammen, um die Bereitstellung von AV-over-IP-L\u00f6sungen zu vereinfachen und zu beschleunigen.","robots":{"index":"index","follow":"follow","max-snippet":"max-snippet:-1","max-image-preview":"max-image-preview:large","max-video-preview":"max-video-preview:-1"},"canonical":"https:\/\/dehub.netgear.com\/de\/hub\/business\/av\/amd-netgear-av-partner\/","og_locale":"de_DE","og_type":"article","og_title":"AMD und NETGEAR AV arbeiten zusammen, um die Zukunft von AV-over-IP zu beschleunigen - NETGEAR Hub","og_description":"In einer sich rasant entwickelnden AV-over-IP-Landschaft schlie\u00dfen sich zwei Branchenf\u00fchrer \u2013 NETGEAR AV und AMD \u2013 zusammen, um die Bereitstellung von AV-over-IP-L\u00f6sungen zu vereinfachen und zu beschleunigen.","og_url":"https:\/\/dehub.netgear.com\/de\/hub\/business\/av\/amd-netgear-av-partner\/","og_site_name":"NETGEAR Hub","article_publisher":"https:\/\/www.facebook.com\/NetgearAU\/","article_modified_time":"2025-10-08T18:06:51+00:00","og_image":[{"width":600,"height":338,"url":"https:\/\/dehub.netgear.com\/de\/hub\/wp-content\/uploads\/2025\/10\/AMD-NETGEAR.jpg","type":"image\/jpeg"}],"twitter_card":"summary_large_image","twitter_site":"@NETGEAR","schema":{"@context":"https:\/\/schema.org","@graph":[{"@type":"WebPage","@id":"https:\/\/dehub.netgear.com\/de\/hub\/business\/av\/amd-netgear-av-partner\/","url":"https:\/\/dehub.netgear.com\/de\/hub\/business\/av\/amd-netgear-av-partner\/","name":"AMD und NETGEAR AV arbeiten zusammen, um die Zukunft von AV-over-IP zu beschleunigen - NETGEAR Hub","isPartOf":{"@id":"https:\/\/dehub.netgear.com\/de\/hub\/#website"},"primaryImageOfPage":{"@id":"https:\/\/dehub.netgear.com\/de\/hub\/business\/av\/amd-netgear-av-partner\/#primaryimage"},"image":{"@id":"https:\/\/dehub.netgear.com\/de\/hub\/business\/av\/amd-netgear-av-partner\/#primaryimage"},"thumbnailUrl":"https:\/\/dehub.netgear.com\/de\/hub\/wp-content\/uploads\/2025\/10\/AMD-NETGEAR.jpg","datePublished":"2025-10-01T18:03:01+00:00","dateModified":"2025-10-08T18:06:51+00:00","description":"In einer sich rasant entwickelnden AV-over-IP-Landschaft schlie\u00dfen sich zwei Branchenf\u00fchrer \u2013 NETGEAR AV und AMD \u2013 zusammen, um die Bereitstellung von AV-over-IP-L\u00f6sungen zu vereinfachen und zu beschleunigen.","breadcrumb":{"@id":"https:\/\/dehub.netgear.com\/de\/hub\/business\/av\/amd-netgear-av-partner\/#breadcrumb"},"inLanguage":"de","potentialAction":[{"@type":"ReadAction","target":["https:\/\/dehub.netgear.com\/de\/hub\/business\/av\/amd-netgear-av-partner\/"]}]},{"@type":"ImageObject","inLanguage":"de","@id":"https:\/\/dehub.netgear.com\/de\/hub\/business\/av\/amd-netgear-av-partner\/#primaryimage","url":"https:\/\/dehub.netgear.com\/de\/hub\/wp-content\/uploads\/2025\/10\/AMD-NETGEAR.jpg","contentUrl":"https:\/\/dehub.netgear.com\/de\/hub\/wp-content\/uploads\/2025\/10\/AMD-NETGEAR.jpg","width":600,"height":338},{"@type":"BreadcrumbList","@id":"https:\/\/dehub.netgear.com\/de\/hub\/business\/av\/amd-netgear-av-partner\/#breadcrumb","itemListElement":[{"@type":"ListItem","position":1,"name":"Home","item":"https:\/\/dehub.netgear.com\/de\/hub\/"},{"@type":"ListItem","position":2,"name":"Business Articles Hub","item":"https:\/\/dehub.netgear.com\/de\/hub\/business\/"},{"@type":"ListItem","position":3,"name":"Business AV","item":"https:\/\/dehub.netgear.com\/de\/hub\/business\/av\/"},{"@type":"ListItem","position":4,"name":"AMD und NETGEAR AV arbeiten zusammen, um die Zukunft von AV-over-IP zu beschleunigen"}]},{"@type":"WebSite","@id":"https:\/\/dehub.netgear.com\/de\/hub\/#website","url":"https:\/\/dehub.netgear.com\/de\/hub\/","name":"NETGEAR","description":"Erkunden Sie unsere Hub-Seiten und st\u00f6bern Sie in Artikeln, um mehr \u00fcber NETGEAR Produkte und Technologien zu erfahren.","publisher":{"@id":"https:\/\/dehub.netgear.com\/de\/hub\/#organization"},"potentialAction":[{"@type":"SearchAction","target":{"@type":"EntryPoint","urlTemplate":"https:\/\/dehub.netgear.com\/de\/hub\/?s={search_term_string}"},"query-input":{"@type":"PropertyValueSpecification","valueRequired":true,"valueName":"search_term_string"}}],"inLanguage":"de"},{"@type":"Organization","@id":"https:\/\/dehub.netgear.com\/de\/hub\/#organization","name":"NETGEAR","url":"https:\/\/dehub.netgear.com\/de\/hub\/","logo":{"@type":"ImageObject","inLanguage":"de","@id":"https:\/\/dehub.netgear.com\/de\/hub\/#\/schema\/logo\/image\/","url":"https:\/\/www.dehub.netgear.com\/de\/hub\/wp-content\/uploads\/2019\/07\/NETGEAR_logo.jpg","contentUrl":"https:\/\/www.dehub.netgear.com\/de\/hub\/wp-content\/uploads\/2019\/07\/NETGEAR_logo.jpg","width":1500,"height":501,"caption":"NETGEAR"},"image":{"@id":"https:\/\/dehub.netgear.com\/de\/hub\/#\/schema\/logo\/image\/"},"sameAs":["https:\/\/www.facebook.com\/NetgearAU\/","https:\/\/x.com\/NETGEAR","https:\/\/www.linkedin.com\/company\/netgear"]}]}},"_links":{"self":[{"href":"https:\/\/dehub.netgear.com\/de\/hub\/wp-json\/wp\/v2\/pages\/10754","targetHints":{"allow":["GET"]}}],"collection":[{"href":"https:\/\/dehub.netgear.com\/de\/hub\/wp-json\/wp\/v2\/pages"}],"about":[{"href":"https:\/\/dehub.netgear.com\/de\/hub\/wp-json\/wp\/v2\/types\/page"}],"author":[{"embeddable":true,"href":"https:\/\/dehub.netgear.com\/de\/hub\/wp-json\/wp\/v2\/users\/94"}],"replies":[{"embeddable":true,"href":"https:\/\/dehub.netgear.com\/de\/hub\/wp-json\/wp\/v2\/comments?post=10754"}],"version-history":[{"count":3,"href":"https:\/\/dehub.netgear.com\/de\/hub\/wp-json\/wp\/v2\/pages\/10754\/revisions"}],"predecessor-version":[{"id":10758,"href":"https:\/\/dehub.netgear.com\/de\/hub\/wp-json\/wp\/v2\/pages\/10754\/revisions\/10758"}],"up":[{"embeddable":true,"href":"https:\/\/dehub.netgear.com\/de\/hub\/wp-json\/wp\/v2\/pages\/6754"}],"wp:featuredmedia":[{"embeddable":true,"href":"https:\/\/dehub.netgear.com\/de\/hub\/wp-json\/wp\/v2\/media\/10756"}],"wp:attachment":[{"href":"https:\/\/dehub.netgear.com\/de\/hub\/wp-json\/wp\/v2\/media?parent=10754"}],"curies":[{"name":"wp","href":"https:\/\/api.w.org\/{rel}","templated":true}]}}