{"id":10741,"date":"2025-09-29T10:51:17","date_gmt":"2025-09-29T08:51:17","guid":{"rendered":"https:\/\/dehub.netgear.com\/de\/hub\/business\/case-studies\/av-case-studies\/rtv-revolutioniert-mit-seiner-vision-2\/"},"modified":"2025-09-29T12:15:31","modified_gmt":"2025-09-29T10:15:31","slug":"bernexpo-powered-by-state-of-the-art-event-technology-from-netgear","status":"publish","type":"page","link":"https:\/\/dehub.netgear.com\/de\/hub\/business\/case-studies\/av-case-studies\/bernexpo-powered-by-state-of-the-art-event-technology-from-netgear\/","title":{"rendered":"Die B\u00fchne der Zukunft: BERNEXPO \u2013 Angetrieben von modernster Veranstaltungstechnik von NETGEAR"},"content":{"rendered":"<p><img loading=\"lazy\" decoding=\"async\" class=\"alignone size-full wp-image-10681\" style=\"border-radius: 1em;\" src=\"https:\/\/frhub.netgear.com\/fr\/hub\/wp-content\/uploads\/2025\/09\/Bern_bernexpo_Plenarsaal-ONLINE-scaled.webp\" alt=\"\" width=\"1048\" height=\"511\" \/><\/p>\n    <div class=\"table-of-content bg-gray\">\n        <p><strong>IN THIS ARTICLE<\/strong><\/p>\n        <ul>\n                        <li><a href=\"#topic1\">Hintergrund<\/a><\/li>\n                        <li><a href=\"#topic2\">Die Herausforderung<\/a><\/li>\n                        <li><a href=\"#topic3\">Die L\u00f6sung<\/a><\/li>\n                        <li><a href=\"#topic4\">Ergebnisse<\/a><\/li>\n                    <\/ul>\n    <\/div>\n        <div id=\"topic1\" class=\"skip-item\">\n                        <h2>Hintergrund<\/h2>\n                <div style=\"background-color: #eeeeee;padding: 20px;width: 33%;float: right\">\n<p><strong>Firmenname: <\/strong><br \/>\nBernExpo<\/p>\n<p><strong>Branche: <\/strong><br \/>\nEventbereich<\/p>\n<p><strong>Website des Unternehmens:<\/strong><br \/>\n<a href=\"https:\/\/bernexpo.ch\/de\" target=\"_blank\" rel=\"noopener\">https:\/\/bernexpo.ch\/de <\/a><\/p>\n<p><strong>Geographische Region:<\/strong><br \/>\nBern, Schweiz<\/p>\n<p><strong>Kundenfall:<\/strong><br \/>\n<a href=\"https:\/\/dehub.netgear.com\/de\/hub\/wp-content\/uploads\/2025\/09\/AV_Case-Study_EXPO-Bern_DE.pdf\" target=\"_blank\" rel=\"noopener\">Laden Sie herunter <\/a><\/p>\n<\/div>\n<p>Die BERNEXPO organisiert j\u00e4hrlich \u00fcber 30 Messen sowie mehr als 300 Kongresse, Fachveranstaltungen und Events jeder Gr\u00f6\u00dfe. Mit der neuen Festhalle, einem multifunktionalen Kongress- und Eventgeb\u00e4ude mit insgesamt \u00fcber 21.300 m\u00b2, erweitert sie ihr Angebot um eine weitere attraktive Location.<br \/>\nF\u00fcr die technische Gesamtrealisierung war die Kilchenmann AG verantwortlich, einer der f\u00fchrenden Anbieter von AV-L\u00f6sungen in der Schweiz. Bei der Netzwerkinfrastruktur setzte Kilchenmann bewusst auf die leistungsstarken AV-over-IP-L\u00f6sungen von NETGEAR, die das zentrale R\u00fcckgrat der gesamten Technologie in der Halle bilden.<br \/>\n<em>\u201eWir haben uns f\u00fcr die innovativen Netzwerkl\u00f6sungen von NETGEAR entschieden, da sie es uns erm\u00f6glichen, technisch anspruchsvolle und gleichzeitig zuverl\u00e4ssige Projekte umzusetzen\u201c<\/em>, erkl\u00e4rt Yvo Kolly, Projektleiter der Kilchenmann AG. <em>\u201eEin gro\u00dfer Vorteil ist die Benutzerfreundlichkeit: \u00dcber Netgear Engage konnten wir die Infrastruktur schnell und unkompliziert konfigurieren. Das spart Zeit beim Aufbau, reduziert Fehlkonfigurationen und erleichtert den Support erheblich.\u201c<\/em><\/p>\n    <\/div>\n        <div id=\"topic2\" class=\"skip-item\">\n                <div class=\"skip-ftr-img\">\n            <img decoding=\"async\" src=\"https:\/\/dehub.netgear.com\/de\/hub\/wp-content\/uploads\/2025\/09\/nfh-cube-ganz-frontal-03-medium-size-scaled.jpg\" alt=\"\">\n        <\/div>\n                        <h2>Die Herausforderung<\/h2>\n                <p>Die neue Festhalle der BERNEXPO ist weit mehr als ein Veranstaltungsort: Sie versteht sich als vielseitiges, zukunftssicheres Erlebniszentrum \u2013 technisch auf dem neuesten Stand, flexibel einsetzbar, intuitiv bedienbar und absolut zuverl\u00e4ssig im Betrieb. Die anspruchsvolle technische Ausstattung erforderte eine sorgf\u00e4ltig durchdachte Umsetzung mit h\u00f6chstem Fokus auf Flexibilit\u00e4t, Sicherheit und Benutzerfreundlichkeit.<\/p>\n<p>Zentrale Integrationen umfassten:<\/p>\n<ul>\n<li>Skalierbare Veranstaltungstechnik, die sich nahtlos an verschiedenste Formate anpasst \u2013 vom Fachkongress bis zum gro\u00dfen Konzert.<\/li>\n<li>Evakuationsanlage (EVAK) mit rund 240 Lautsprechern f\u00fcr geb\u00e4ude\u00fcbergreifende Sicherheitsdurchsagen.<\/li>\n<li>Digital-Signage-System von easescreen mit rund 80 vernetzten Displays zur Wegleitung, Signaletik, Werbung und Gastronomie-Kommunikation.<\/li>\n<li>150 m\u00b2 gro\u00dfe LED-Indoor-Wand im Eventbereich CUBE \u2013 das visuelle Highlight und zugleich die gr\u00f6\u00dfte fest installierte LED-Fl\u00e4che in einem \u00f6ffentlichen Schweizer Kongresszentrum.<\/li>\n<li>Moderne Netzwerkinfrastruktur, Lichtsteuerung und Medientechnik in STAGE und den DECK-Breakout-R\u00e4umen f\u00fcr die perfekte Inszenierung jeder Veranstaltung.<\/li>\n<li>Flexible L\u00f6sungen im VIP-Hospitality-Bereich, darunter mobile Lautsprecher und acht ins IPMX-System integrierte Screens.<\/li>\n<\/ul>\n    <\/div>\n        <div id=\"topic3\" class=\"skip-item\">\n                        <h2>Die L\u00f6sung<\/h2>\n                <p>Ein Projekt dieser Gr\u00f6\u00dfenordnung erfordert ein stabiles und skalierbares Netzwerk \u2013 genau hier setzte die BERNEXPO auf NETGEAR.<br \/>\nZum Einsatz kamen mehrere Switches der NETGEAR M4350-Serie \u2013 darunter 24-, 28- und 52-Port-Modelle \u2013, die dank eines PoE++-Budgets von bis zu 3.000 Watt auch stromintensive AV-Installationen wie LED-W\u00e4nde oder Digital Signage zuverl\u00e4ssig versorgen. Erg\u00e4nzt wird das Setup durch leistungsstarke Uplink-Ports mit 10, 25 oder sogar 100 Gigabit, die f\u00fcr maximale Konnektivit\u00e4t und Bandbreite sorgen.<br \/>\nDie vollst\u00e4ndig gemanagten Switches der M4350-Serie (1 bis 100 Gigabit) bieten eine stapelbare Plattform, die speziell f\u00fcr AV-over-IP-Anwendungen entwickelt wurde \u2013 ideal f\u00fcr gro\u00dffl\u00e4chige und komplexe Event-Infrastrukturen. Ausgew\u00e4hlte Modelle sind zudem mit redundanten, modularen Netzteilen ausgestattet und unterst\u00fctzen SMPTE ST 2110 \u2013 den neuen Standard f\u00fcr professionelle AV-Netzwerke.<\/p>\n<p><strong>Wesentliche technische Vorteile der NETGEAR-AV-Switches:<\/strong><\/p>\n<ul>\n<li>Revolution\u00e4re AV-GUI \u2013 vereinfachte Benutzeroberfl\u00e4che zur schnellen Zuweisung von Konfigurationsprofilen an jeden Port.<\/li>\n<li>AV-over-IP out of the box \u2013 NETGEAR IGMP Plus\u2122 bietet sofortige Multicast-Funktionalit\u00e4t ohne komplexe Einrichtung.<\/li>\n<li>Leiser Betrieb und elegantes Design \u2013 ger\u00e4uscharme L\u00fcfter sorgen f\u00fcr lautlose Leistung in ger\u00e4uschsensiblen Eventumgebungen; mitgelieferte Montagehalterungen erleichtern die Rack-Installation.<\/li>\n<li>Automatische Konfiguration \u2013 Switches erkennen und verbinden sich automatisch mit anderen M4350\/M4250-Switches f\u00fcr eine schnelle Bereitstellung.<\/li>\n<\/ul>\n<p><em>\u201eDie M\u00f6glichkeit, den L\u00fcfterl\u00e4rm mit Quiet-Mode-Optionen zu minimieren, war f\u00fcr uns ein wichtiger Faktor \u2013 insbesondere in sensiblen Eventumgebungen\u201c<\/em>, sagte Yvo Kolly. <em>\u201eF\u00fcr uns war es entscheidend, eine Infrastruktur zu haben, die mit der Dynamik moderner Events Schritt h\u00e4lt. Die NETGEAR-L\u00f6sung gibt uns die technische Freiheit, schnell zu reagieren, flexibel zu planen und eine absolut stabile Signalverteilung zu gew\u00e4hrleisten.\u201c<\/em><\/p>\n    <\/div>\n        <div id=\"topic4\" class=\"skip-item\">\n                        <h2>Ergebnisse<\/h2>\n                <p>Die auf NETGEAR basierende Infrastruktur der BERNEXPO bildet das stabile, leistungsstarke R\u00fcckgrat f\u00fcr alle Veranstaltungsanforderungen \u2013 von der Echtzeit-Signal\u00fcbertragung bis hin zu Livestreaming und Digital Signage. Alle Systeme integrieren sich nahtlos und erm\u00f6glichen reibungslose Abl\u00e4ufe, schnelle Umbauten und maximale Flexibilit\u00e4t.<br \/>\nOb Konferenz, Messe, Konzert oder Livestream \u2013 Licht-, Ton- und Videosysteme lassen sich in Rekordzeit umkonfigurieren. Alle Komponenten sind vernetzt f\u00fcr stabile Signal\u00fcbertragung, pr\u00e4zise Steuerung und modernstes Digital Signage \u2013 und schaffen so eine echte \u201eB\u00fchne der Zukunft\u201c.<\/p>\n<p><em>\u201eSchon am allerersten Tag hat die neue Veranstaltungshalle bewiesen, dass ihre multifunktionalen M\u00f6glichkeiten jedes Event meistern k\u00f6nnen. Es ist nicht nur ein neues Konzerthaus \u2013 es ist ein Raum, der jede Event-Vision umsetzen und bleibenden Eindruck hinterlassen kann\u201c<\/em>, sagte Tom Winter, CEO von BERNEXPO.<\/p>\n    <\/div>\n        <div id=\"topic5\" class=\"skip-item\">\n                        <p>\nErfahren Sie alles \u00fcber IP-Netzwerke mit der NETGEAR ACADEMY.<\/p>\n<div class=\"hs-cta-embed hs-cta-simple-placeholder hs-cta-embed-243357267644\" style=\"max-width:100%;max-height:100%;width:260px;height:50.390625px\" data-hubspot-wrapper-cta-id=\"243357267644\"><br \/>\n  <a href=\"https:\/\/cta-na2.hubspot.com\/web-interactives\/public\/v1\/track\/redirect?encryptedPayload=AVxigLKW9uCCU9FL7iPOCpU%2BvA8Z1UfLRQT8691iSSqh%2BqLrpD%2FITlt6RGXTdhci0W5DkR0wb%2FpK%2BWToDj8Qf0HaQwR0kyzZgK35i%2BhitHvCmHPH8BmXutiugzeYtEHOY6aYTSXoNxDjJJwwtUXAzSqnxQuhx5jjnWcHl4zUp4Dt1tTG2PymP7esgNCNHKHECJ76tda5x0hFMo8JQo6UwGGb9CBw4fyYnA%3D%3D&#038;webInteractiveContentId=243357267644&#038;portalId=242128791\" target=\"_blank\" rel=\"noopener\"><br \/>\n    <img decoding=\"async\" alt=\"NETGEAR ACADEMY\" loading=\"lazy\" src=\"https:\/\/hubspot-no-cache-na2-prod.s3.amazonaws.com\/cta\/default\/242128791\/interactive-243357267644.png\" style=\"height: 100%;width: 100%;object-fit: fill\" \/><br \/>\n  <\/a>\n<\/div>\n<\/p>\n<p>\nMehr Informationen zu unseren audiovisuellen L\u00f6sungen.<\/p>\n<div class=\"hs-cta-embed hs-cta-simple-placeholder hs-cta-embed-243392275167\" style=\"max-width:100%;max-height:100%;width:260px;height:50.390625px\" data-hubspot-wrapper-cta-id=\"243392275167\"><br \/>\n  <a href=\"https:\/\/cta-na2.hubspot.com\/web-interactives\/public\/v1\/track\/redirect?encryptedPayload=AVxigLI%2Fu8J7nFnep8w0CfLqqlWixXySh0cANLn7TQ3MtLEGeFdfhQxw3AVxVzYlZOkZoVB4gdslqY4il1pZTz7RSKy0mNw%2BF1Y6bdIwWiFAFfgtF%2FkXW%2Fmq0JFY6OQExFSwjiafSp97IxwGv6iNNhiT9X6MQziOnjaAnh9UsXCYR2VD1S791%2F7MVwT1TQ%3D%3D&#038;webInteractiveContentId=243392275167&#038;portalId=242128791\" target=\"_blank\" rel=\"noopener\"><br \/>\n    <img decoding=\"async\" alt=\"NETGEAR AV-L&Ouml;SUNGEN\" loading=\"lazy\" src=\"https:\/\/hubspot-no-cache-na2-prod.s3.amazonaws.com\/cta\/default\/242128791\/interactive-243392275167.png\" style=\"height: 100%;width: 100%;object-fit: fill\" \/><br \/>\n  <\/a>\n<\/div>\n<\/p>\n<p>Unsere Ingenieure begleiten Sie kostenlos bei der Umsetzung Ihrer audiovisuellen Projekte.<\/p>\n<div class=\"hs-cta-embed hs-cta-simple-placeholder hs-cta-embed-243357266676\" style=\"max-width:100%;max-height:100%;width:270px;height:50.390625px\" data-hubspot-wrapper-cta-id=\"243357266676\"><br \/>\n  <a href=\"https:\/\/cta-na2.hubspot.com\/web-interactives\/public\/v1\/track\/redirect?encryptedPayload=AVxigLL9MaHliYSOIHWsJvXrVuyffxSFGu%2FOD4neANfzotKQLgtjDgnA0CFJQWLPGl5hkjLPFJf7A76nk1yWw939l8y7nc4NGJ1%2Fa58epF2QbqIhW7KyV%2Fr75%2B8GCI%2FfEXyeGuic8buAEe%2F8pDQ63tT6ExQvwvvuG%2BeK5mOqM%2FlNsZUaeR4q5pghXZB3yAUIu7WWwKynlh9Y3Ug9ymAN6sNjHEzXMCgwSYmLqMh7eixTsrgTswO85eLb8rCODQ%3D%3D&#038;webInteractiveContentId=243357266676&#038;portalId=242128791\" target=\"_blank\" rel=\"noopener\"><br \/>\n    <img decoding=\"async\" alt=\"KONTAKT PROAV-TEAM\" loading=\"lazy\" src=\"https:\/\/hubspot-no-cache-na2-prod.s3.amazonaws.com\/cta\/default\/242128791\/interactive-243357266676.png\" style=\"height: 100%;width: 100%;object-fit: fill\" \/><br \/>\n  <\/a>\n<\/div><\/p>\n    <\/div>\n    \n","protected":false},"excerpt":{"rendered":"","protected":false},"author":94,"featured_media":10743,"parent":10321,"menu_order":24,"comment_status":"closed","ping_status":"closed","template":"templates\/blog-wifi.php","meta":{"_acf_changed":false,"footnotes":""},"class_list":["post-10741","page","type-page","status-publish","has-post-thumbnail","hentry"],"acf":[],"yoast_head":"<!-- This site is optimized with the Yoast SEO plugin v27.4 - https:\/\/yoast.com\/product\/yoast-seo-wordpress\/ -->\n<title>Die B\u00fchne der Zukunft: BERNEXPO \u2013 Angetrieben von modernster Veranstaltungstechnik von NETGEAR - NETGEAR Hub<\/title>\n<meta name=\"description\" content=\"Die B\u00fchne der Zukunft: BERNEXPO \u2013 Angetrieben von modernster Veranstaltungstechnik von NETGEAR\" \/>\n<meta name=\"robots\" content=\"index, follow, max-snippet:-1, max-image-preview:large, max-video-preview:-1\" \/>\n<link rel=\"canonical\" href=\"https:\/\/dehub.netgear.com\/de\/hub\/business\/case-studies\/av-case-studies\/bernexpo-powered-by-state-of-the-art-event-technology-from-netgear\/\" \/>\n<meta property=\"og:locale\" content=\"de_DE\" \/>\n<meta property=\"og:type\" content=\"article\" \/>\n<meta property=\"og:title\" content=\"Die B\u00fchne der Zukunft: BERNEXPO \u2013 Angetrieben von modernster Veranstaltungstechnik von NETGEAR - NETGEAR Hub\" \/>\n<meta property=\"og:description\" content=\"Die B\u00fchne der Zukunft: BERNEXPO \u2013 Angetrieben von modernster Veranstaltungstechnik von NETGEAR\" \/>\n<meta property=\"og:url\" content=\"https:\/\/dehub.netgear.com\/de\/hub\/business\/case-studies\/av-case-studies\/bernexpo-powered-by-state-of-the-art-event-technology-from-netgear\/\" \/>\n<meta property=\"og:site_name\" content=\"NETGEAR Hub\" \/>\n<meta property=\"article:publisher\" content=\"https:\/\/www.facebook.com\/NetgearAU\/\" \/>\n<meta property=\"article:modified_time\" content=\"2025-09-29T10:15:31+00:00\" \/>\n<meta property=\"og:image\" content=\"https:\/\/dehub.netgear.com\/de\/hub\/wp-content\/uploads\/2025\/09\/Vignette-bernexpo.webp\" \/>\n\t<meta property=\"og:image:width\" content=\"383\" \/>\n\t<meta property=\"og:image:height\" content=\"288\" \/>\n\t<meta property=\"og:image:type\" content=\"image\/webp\" \/>\n<meta name=\"twitter:card\" content=\"summary_large_image\" \/>\n<meta name=\"twitter:site\" content=\"@NETGEAR\" \/>\n<script type=\"application\/ld+json\" class=\"yoast-schema-graph\">{\"@context\":\"https:\\\/\\\/schema.org\",\"@graph\":[{\"@type\":\"WebPage\",\"@id\":\"https:\\\/\\\/dehub.netgear.com\\\/de\\\/hub\\\/business\\\/case-studies\\\/av-case-studies\\\/bernexpo-powered-by-state-of-the-art-event-technology-from-netgear\\\/\",\"url\":\"https:\\\/\\\/dehub.netgear.com\\\/de\\\/hub\\\/business\\\/case-studies\\\/av-case-studies\\\/bernexpo-powered-by-state-of-the-art-event-technology-from-netgear\\\/\",\"name\":\"Die B\u00fchne der Zukunft: BERNEXPO \u2013 Angetrieben von modernster Veranstaltungstechnik von NETGEAR - NETGEAR Hub\",\"isPartOf\":{\"@id\":\"https:\\\/\\\/dehub.netgear.com\\\/de\\\/hub\\\/#website\"},\"primaryImageOfPage\":{\"@id\":\"https:\\\/\\\/dehub.netgear.com\\\/de\\\/hub\\\/business\\\/case-studies\\\/av-case-studies\\\/bernexpo-powered-by-state-of-the-art-event-technology-from-netgear\\\/#primaryimage\"},\"image\":{\"@id\":\"https:\\\/\\\/dehub.netgear.com\\\/de\\\/hub\\\/business\\\/case-studies\\\/av-case-studies\\\/bernexpo-powered-by-state-of-the-art-event-technology-from-netgear\\\/#primaryimage\"},\"thumbnailUrl\":\"https:\\\/\\\/dehub.netgear.com\\\/de\\\/hub\\\/wp-content\\\/uploads\\\/2025\\\/09\\\/Vignette-bernexpo.webp\",\"datePublished\":\"2025-09-29T08:51:17+00:00\",\"dateModified\":\"2025-09-29T10:15:31+00:00\",\"description\":\"Die B\u00fchne der Zukunft: BERNEXPO \u2013 Angetrieben von modernster Veranstaltungstechnik von NETGEAR\",\"breadcrumb\":{\"@id\":\"https:\\\/\\\/dehub.netgear.com\\\/de\\\/hub\\\/business\\\/case-studies\\\/av-case-studies\\\/bernexpo-powered-by-state-of-the-art-event-technology-from-netgear\\\/#breadcrumb\"},\"inLanguage\":\"de\",\"potentialAction\":[{\"@type\":\"ReadAction\",\"target\":[\"https:\\\/\\\/dehub.netgear.com\\\/de\\\/hub\\\/business\\\/case-studies\\\/av-case-studies\\\/bernexpo-powered-by-state-of-the-art-event-technology-from-netgear\\\/\"]}]},{\"@type\":\"ImageObject\",\"inLanguage\":\"de\",\"@id\":\"https:\\\/\\\/dehub.netgear.com\\\/de\\\/hub\\\/business\\\/case-studies\\\/av-case-studies\\\/bernexpo-powered-by-state-of-the-art-event-technology-from-netgear\\\/#primaryimage\",\"url\":\"https:\\\/\\\/dehub.netgear.com\\\/de\\\/hub\\\/wp-content\\\/uploads\\\/2025\\\/09\\\/Vignette-bernexpo.webp\",\"contentUrl\":\"https:\\\/\\\/dehub.netgear.com\\\/de\\\/hub\\\/wp-content\\\/uploads\\\/2025\\\/09\\\/Vignette-bernexpo.webp\",\"width\":383,\"height\":288},{\"@type\":\"BreadcrumbList\",\"@id\":\"https:\\\/\\\/dehub.netgear.com\\\/de\\\/hub\\\/business\\\/case-studies\\\/av-case-studies\\\/bernexpo-powered-by-state-of-the-art-event-technology-from-netgear\\\/#breadcrumb\",\"itemListElement\":[{\"@type\":\"ListItem\",\"position\":1,\"name\":\"Home\",\"item\":\"https:\\\/\\\/dehub.netgear.com\\\/de\\\/hub\\\/\"},{\"@type\":\"ListItem\",\"position\":2,\"name\":\"Business Articles Hub\",\"item\":\"https:\\\/\\\/dehub.netgear.com\\\/de\\\/hub\\\/business\\\/\"},{\"@type\":\"ListItem\",\"position\":3,\"name\":\"All Case Studies &#8211; DE\",\"item\":\"https:\\\/\\\/dehub.netgear.com\\\/de\\\/hub\\\/business\\\/case-studies\\\/\"},{\"@type\":\"ListItem\",\"position\":4,\"name\":\"AV Case Studies &#8211; DE\",\"item\":\"https:\\\/\\\/dehub.netgear.com\\\/de\\\/hub\\\/business\\\/case-studies\\\/av-case-studies\\\/\"},{\"@type\":\"ListItem\",\"position\":5,\"name\":\"Die B\u00fchne der Zukunft: BERNEXPO \u2013 Angetrieben von modernster Veranstaltungstechnik von NETGEAR\"}]},{\"@type\":\"WebSite\",\"@id\":\"https:\\\/\\\/dehub.netgear.com\\\/de\\\/hub\\\/#website\",\"url\":\"https:\\\/\\\/dehub.netgear.com\\\/de\\\/hub\\\/\",\"name\":\"NETGEAR\",\"description\":\"Erkunden Sie unsere Hub-Seiten und st\u00f6bern Sie in Artikeln, um mehr \u00fcber NETGEAR Produkte und Technologien zu erfahren.\",\"publisher\":{\"@id\":\"https:\\\/\\\/dehub.netgear.com\\\/de\\\/hub\\\/#organization\"},\"potentialAction\":[{\"@type\":\"SearchAction\",\"target\":{\"@type\":\"EntryPoint\",\"urlTemplate\":\"https:\\\/\\\/dehub.netgear.com\\\/de\\\/hub\\\/?s={search_term_string}\"},\"query-input\":{\"@type\":\"PropertyValueSpecification\",\"valueRequired\":true,\"valueName\":\"search_term_string\"}}],\"inLanguage\":\"de\"},{\"@type\":\"Organization\",\"@id\":\"https:\\\/\\\/dehub.netgear.com\\\/de\\\/hub\\\/#organization\",\"name\":\"NETGEAR\",\"url\":\"https:\\\/\\\/dehub.netgear.com\\\/de\\\/hub\\\/\",\"logo\":{\"@type\":\"ImageObject\",\"inLanguage\":\"de\",\"@id\":\"https:\\\/\\\/dehub.netgear.com\\\/de\\\/hub\\\/#\\\/schema\\\/logo\\\/image\\\/\",\"url\":\"https:\\\/\\\/www.dehub.netgear.com\\\/de\\\/hub\\\/wp-content\\\/uploads\\\/2019\\\/07\\\/NETGEAR_logo.jpg\",\"contentUrl\":\"https:\\\/\\\/www.dehub.netgear.com\\\/de\\\/hub\\\/wp-content\\\/uploads\\\/2019\\\/07\\\/NETGEAR_logo.jpg\",\"width\":1500,\"height\":501,\"caption\":\"NETGEAR\"},\"image\":{\"@id\":\"https:\\\/\\\/dehub.netgear.com\\\/de\\\/hub\\\/#\\\/schema\\\/logo\\\/image\\\/\"},\"sameAs\":[\"https:\\\/\\\/www.facebook.com\\\/NetgearAU\\\/\",\"https:\\\/\\\/x.com\\\/NETGEAR\",\"https:\\\/\\\/www.linkedin.com\\\/company\\\/netgear\"]}]}<\/script>\n<!-- \/ Yoast SEO plugin. -->","yoast_head_json":{"title":"Die B\u00fchne der Zukunft: BERNEXPO \u2013 Angetrieben von modernster Veranstaltungstechnik von NETGEAR - NETGEAR Hub","description":"Die B\u00fchne der Zukunft: BERNEXPO \u2013 Angetrieben von modernster Veranstaltungstechnik von NETGEAR","robots":{"index":"index","follow":"follow","max-snippet":"max-snippet:-1","max-image-preview":"max-image-preview:large","max-video-preview":"max-video-preview:-1"},"canonical":"https:\/\/dehub.netgear.com\/de\/hub\/business\/case-studies\/av-case-studies\/bernexpo-powered-by-state-of-the-art-event-technology-from-netgear\/","og_locale":"de_DE","og_type":"article","og_title":"Die B\u00fchne der Zukunft: BERNEXPO \u2013 Angetrieben von modernster Veranstaltungstechnik von NETGEAR - NETGEAR Hub","og_description":"Die B\u00fchne der Zukunft: BERNEXPO \u2013 Angetrieben von modernster Veranstaltungstechnik von NETGEAR","og_url":"https:\/\/dehub.netgear.com\/de\/hub\/business\/case-studies\/av-case-studies\/bernexpo-powered-by-state-of-the-art-event-technology-from-netgear\/","og_site_name":"NETGEAR Hub","article_publisher":"https:\/\/www.facebook.com\/NetgearAU\/","article_modified_time":"2025-09-29T10:15:31+00:00","og_image":[{"width":383,"height":288,"url":"https:\/\/dehub.netgear.com\/de\/hub\/wp-content\/uploads\/2025\/09\/Vignette-bernexpo.webp","type":"image\/webp"}],"twitter_card":"summary_large_image","twitter_site":"@NETGEAR","schema":{"@context":"https:\/\/schema.org","@graph":[{"@type":"WebPage","@id":"https:\/\/dehub.netgear.com\/de\/hub\/business\/case-studies\/av-case-studies\/bernexpo-powered-by-state-of-the-art-event-technology-from-netgear\/","url":"https:\/\/dehub.netgear.com\/de\/hub\/business\/case-studies\/av-case-studies\/bernexpo-powered-by-state-of-the-art-event-technology-from-netgear\/","name":"Die B\u00fchne der Zukunft: BERNEXPO \u2013 Angetrieben von modernster Veranstaltungstechnik von NETGEAR - NETGEAR Hub","isPartOf":{"@id":"https:\/\/dehub.netgear.com\/de\/hub\/#website"},"primaryImageOfPage":{"@id":"https:\/\/dehub.netgear.com\/de\/hub\/business\/case-studies\/av-case-studies\/bernexpo-powered-by-state-of-the-art-event-technology-from-netgear\/#primaryimage"},"image":{"@id":"https:\/\/dehub.netgear.com\/de\/hub\/business\/case-studies\/av-case-studies\/bernexpo-powered-by-state-of-the-art-event-technology-from-netgear\/#primaryimage"},"thumbnailUrl":"https:\/\/dehub.netgear.com\/de\/hub\/wp-content\/uploads\/2025\/09\/Vignette-bernexpo.webp","datePublished":"2025-09-29T08:51:17+00:00","dateModified":"2025-09-29T10:15:31+00:00","description":"Die B\u00fchne der Zukunft: BERNEXPO \u2013 Angetrieben von modernster Veranstaltungstechnik von NETGEAR","breadcrumb":{"@id":"https:\/\/dehub.netgear.com\/de\/hub\/business\/case-studies\/av-case-studies\/bernexpo-powered-by-state-of-the-art-event-technology-from-netgear\/#breadcrumb"},"inLanguage":"de","potentialAction":[{"@type":"ReadAction","target":["https:\/\/dehub.netgear.com\/de\/hub\/business\/case-studies\/av-case-studies\/bernexpo-powered-by-state-of-the-art-event-technology-from-netgear\/"]}]},{"@type":"ImageObject","inLanguage":"de","@id":"https:\/\/dehub.netgear.com\/de\/hub\/business\/case-studies\/av-case-studies\/bernexpo-powered-by-state-of-the-art-event-technology-from-netgear\/#primaryimage","url":"https:\/\/dehub.netgear.com\/de\/hub\/wp-content\/uploads\/2025\/09\/Vignette-bernexpo.webp","contentUrl":"https:\/\/dehub.netgear.com\/de\/hub\/wp-content\/uploads\/2025\/09\/Vignette-bernexpo.webp","width":383,"height":288},{"@type":"BreadcrumbList","@id":"https:\/\/dehub.netgear.com\/de\/hub\/business\/case-studies\/av-case-studies\/bernexpo-powered-by-state-of-the-art-event-technology-from-netgear\/#breadcrumb","itemListElement":[{"@type":"ListItem","position":1,"name":"Home","item":"https:\/\/dehub.netgear.com\/de\/hub\/"},{"@type":"ListItem","position":2,"name":"Business Articles Hub","item":"https:\/\/dehub.netgear.com\/de\/hub\/business\/"},{"@type":"ListItem","position":3,"name":"All Case Studies &#8211; DE","item":"https:\/\/dehub.netgear.com\/de\/hub\/business\/case-studies\/"},{"@type":"ListItem","position":4,"name":"AV Case Studies &#8211; DE","item":"https:\/\/dehub.netgear.com\/de\/hub\/business\/case-studies\/av-case-studies\/"},{"@type":"ListItem","position":5,"name":"Die B\u00fchne der Zukunft: BERNEXPO \u2013 Angetrieben von modernster Veranstaltungstechnik von NETGEAR"}]},{"@type":"WebSite","@id":"https:\/\/dehub.netgear.com\/de\/hub\/#website","url":"https:\/\/dehub.netgear.com\/de\/hub\/","name":"NETGEAR","description":"Erkunden Sie unsere Hub-Seiten und st\u00f6bern Sie in Artikeln, um mehr \u00fcber NETGEAR Produkte und Technologien zu erfahren.","publisher":{"@id":"https:\/\/dehub.netgear.com\/de\/hub\/#organization"},"potentialAction":[{"@type":"SearchAction","target":{"@type":"EntryPoint","urlTemplate":"https:\/\/dehub.netgear.com\/de\/hub\/?s={search_term_string}"},"query-input":{"@type":"PropertyValueSpecification","valueRequired":true,"valueName":"search_term_string"}}],"inLanguage":"de"},{"@type":"Organization","@id":"https:\/\/dehub.netgear.com\/de\/hub\/#organization","name":"NETGEAR","url":"https:\/\/dehub.netgear.com\/de\/hub\/","logo":{"@type":"ImageObject","inLanguage":"de","@id":"https:\/\/dehub.netgear.com\/de\/hub\/#\/schema\/logo\/image\/","url":"https:\/\/www.dehub.netgear.com\/de\/hub\/wp-content\/uploads\/2019\/07\/NETGEAR_logo.jpg","contentUrl":"https:\/\/www.dehub.netgear.com\/de\/hub\/wp-content\/uploads\/2019\/07\/NETGEAR_logo.jpg","width":1500,"height":501,"caption":"NETGEAR"},"image":{"@id":"https:\/\/dehub.netgear.com\/de\/hub\/#\/schema\/logo\/image\/"},"sameAs":["https:\/\/www.facebook.com\/NetgearAU\/","https:\/\/x.com\/NETGEAR","https:\/\/www.linkedin.com\/company\/netgear"]}]}},"_links":{"self":[{"href":"https:\/\/dehub.netgear.com\/de\/hub\/wp-json\/wp\/v2\/pages\/10741","targetHints":{"allow":["GET"]}}],"collection":[{"href":"https:\/\/dehub.netgear.com\/de\/hub\/wp-json\/wp\/v2\/pages"}],"about":[{"href":"https:\/\/dehub.netgear.com\/de\/hub\/wp-json\/wp\/v2\/types\/page"}],"author":[{"embeddable":true,"href":"https:\/\/dehub.netgear.com\/de\/hub\/wp-json\/wp\/v2\/users\/94"}],"replies":[{"embeddable":true,"href":"https:\/\/dehub.netgear.com\/de\/hub\/wp-json\/wp\/v2\/comments?post=10741"}],"version-history":[{"count":4,"href":"https:\/\/dehub.netgear.com\/de\/hub\/wp-json\/wp\/v2\/pages\/10741\/revisions"}],"predecessor-version":[{"id":10749,"href":"https:\/\/dehub.netgear.com\/de\/hub\/wp-json\/wp\/v2\/pages\/10741\/revisions\/10749"}],"up":[{"embeddable":true,"href":"https:\/\/dehub.netgear.com\/de\/hub\/wp-json\/wp\/v2\/pages\/10321"}],"wp:featuredmedia":[{"embeddable":true,"href":"https:\/\/dehub.netgear.com\/de\/hub\/wp-json\/wp\/v2\/media\/10743"}],"wp:attachment":[{"href":"https:\/\/dehub.netgear.com\/de\/hub\/wp-json\/wp\/v2\/media?parent=10741"}],"curies":[{"name":"wp","href":"https:\/\/api.w.org\/{rel}","templated":true}]}}