{"id":10725,"date":"2025-09-17T09:37:35","date_gmt":"2025-09-17T07:37:35","guid":{"rendered":"https:\/\/dehub.netgear.com\/de\/hub\/business\/enterprise-it\/switch-management-styles-2\/"},"modified":"2025-09-17T09:52:05","modified_gmt":"2025-09-17T07:52:05","slug":"how-netgear-powers-education-through-connectivity","status":"publish","type":"page","link":"https:\/\/dehub.netgear.com\/de\/hub\/business\/enterprise-it\/how-netgear-powers-education-through-connectivity\/","title":{"rendered":"Wie NETGEAR Bildung durch Konnektivit\u00e4t unterst\u00fctzt"},"content":{"rendered":"<p><img loading=\"lazy\" decoding=\"async\" class=\"alignone size-full wp-image-10681\" style=\"border-radius: 1em;\" src=\"https:\/\/dehub.netgear.com\/de\/hub\/wp-content\/uploads\/2025\/09\/AdobeStock_176691784-1.jpeg\" alt=\"\" width=\"1048\" height=\"511\" \/><\/p>\n    <div class=\"table-of-content bg-gray\">\n        <p><strong>IN THIS ARTICLE<\/strong><\/p>\n        <ul>\n                        <li><a href=\"#topic1\">Zuverl\u00e4ssige Netzwerke sind entscheidend f\u00fcr die Bildung<\/a><\/li>\n                        <li><a href=\"#topic2\">Warum Konnektivit\u00e4t im Bildungswesen so wichtig ist<\/a><\/li>\n                        <li><a href=\"#topic3\">NETGEAR: End-to-End-Netzwerkl\u00f6sungen f\u00fcr Bildungseinrichtungen<\/a><\/li>\n                        <li><a href=\"#topic4\">Unterst\u00fctzung der britischen Initiative \u201eConnect the Classroom\u201c<\/a><\/li>\n                        <li><a href=\"#topic5\">\u00dcber Gro\u00dfbritannien hinaus: weltweiter Leistungsnachweis<\/a><\/li>\n                        <li><a href=\"#topic6\">Lassen Sie uns die Zukunft der Bildung vernetzen<\/a><\/li>\n                        <li><a href=\"#topic7\">Mehr informationen<\/a><\/li>\n                    <\/ul>\n    <\/div>\n        <div id=\"topic1\" class=\"skip-item\">\n                        <h2>Zuverl\u00e4ssige Netzwerke sind entscheidend f\u00fcr die Bildung<\/h2>\n                <p data-start=\"312\" data-end=\"821\">Im zunehmend digitalen Bildungsumfeld ist Konnektivit\u00e4t l\u00e4ngst kein Luxus mehr \u2013 sie ist eine <strong data-start=\"406\" data-end=\"446\">zentrale S\u00e4ule moderner Lernkonzepte<\/strong>. Von Online-Klassenzimmern \u00fcber interaktive Whiteboards bis hin zu Cloud-Anwendungen und campusweiter Kommunikation: <strong data-start=\"564\" data-end=\"639\">Schulen und Universit\u00e4ten sind auf leistungsstarke Netzwerke angewiesen<\/strong>, um reibungslos zu funktionieren. Dennoch k\u00e4mpfen viele Bildungseinrichtungen weiterhin mit veralteter Infrastruktur \u2013 was Innovationen bremst und die Lernergebnisse beeintr\u00e4chtigt.<\/p>\n<p data-start=\"823\" data-end=\"1130\">Bei NETGEAR sind wir \u00fcberzeugt: <strong data-start=\"855\" data-end=\"969\">Jeder Sch\u00fcler und jede Sch\u00fclerin verdient Zugang zu einer zuverl\u00e4ssigen, leistungsstarken Netzwerktechnologie.<\/strong> Deshalb unterst\u00fctzen wir Programme wie die britische Regierungsinitiative <strong data-start=\"1044\" data-end=\"1071\">\u201eConnect the Classroom\u201c<\/strong>, die Schulen beim Aufbau digitaler Lernumgebungen f\u00f6rdert.<\/p>\n    <\/div>\n        <div id=\"topic2\" class=\"skip-item\">\n                        <h2>Warum Konnektivit\u00e4t im Bildungswesen so wichtig ist<\/h2>\n                <p data-start=\"1197\" data-end=\"1307\">Ein zuverl\u00e4ssiges Netzwerk erm\u00f6glicht weit mehr als nur den Zugang zum Internet. Es schafft die Grundlage f\u00fcr:<\/p>\n<ul data-start=\"1309\" data-end=\"1854\">\n<li data-start=\"1309\" data-end=\"1442\">\n<p data-start=\"1311\" data-end=\"1442\"><strong data-start=\"1314\" data-end=\"1337\">Interaktives Lernen<\/strong><br data-start=\"1337\" data-end=\"1340\" \/>Sch\u00fcler:innen arbeiten in Echtzeit zusammen, recherchieren und nutzen Cloud-basierte Lernsoftware.<\/p>\n<\/li>\n<li data-start=\"1444\" data-end=\"1568\">\n<p data-start=\"1446\" data-end=\"1568\"><strong data-start=\"1452\" data-end=\"1480\">Effizienz f\u00fcr Lehrkr\u00e4fte<\/strong><br data-start=\"1480\" data-end=\"1483\" \/>Multimediale Inhalte k\u00f6nnen ohne Verz\u00f6gerung oder Ausf\u00e4lle bereitgestellt werden.<\/p>\n<\/li>\n<li data-start=\"1570\" data-end=\"1710\">\n<p data-start=\"1572\" data-end=\"1710\"><strong data-start=\"1575\" data-end=\"1600\">Optimierte Verwaltung<\/strong><br data-start=\"1600\" data-end=\"1603\" \/>Schulverwaltung profitiert von vernetzten Systemen f\u00fcr Anwesenheit, Stundenpl\u00e4ne und Berichterstattung.<\/p>\n<\/li>\n<li data-start=\"1712\" data-end=\"1854\">\n<p data-start=\"1714\" data-end=\"1854\"><strong data-start=\"1717\" data-end=\"1755\">Sicherheit auf dem gesamten Campus<\/strong><br data-start=\"1755\" data-end=\"1758\" \/>\u00dcberwachung, Zugangskontrollen und Notfallmeldungen erfordern unterbrechungsfreie Netzwerke.<\/p>\n<\/li>\n<\/ul>\n<p data-start=\"1856\" data-end=\"2114\">Wenn das Netzwerk schw\u00e4chelt, leidet die gesamte Lernerfahrung. <strong data-start=\"1920\" data-end=\"1982\">Langsame Verbindungen, Abbr\u00fcche und zu geringe Bandbreiten<\/strong> sind nicht nur technische Probleme \u2013 sie sind echte Barrieren f\u00fcr <strong data-start=\"2049\" data-end=\"2113\">Chancengleichheit, Engagement und digitale Weiterentwicklung<\/strong>.<\/p>\n    <\/div>\n        <div id=\"topic3\" class=\"skip-item\">\n                        <h2>NETGEAR: End-to-End-Netzwerkl\u00f6sungen f\u00fcr Bildungseinrichtungen<\/h2>\n                <p data-start=\"62\" data-end=\"370\">NETGEAR bietet Netzwerk-L\u00f6sungen in Enterprise-Qualit\u00e4t, ma\u00dfgeschneidert f\u00fcr Bildungseinrichtungen jeder Gr\u00f6\u00dfe \u2013 von Grundschulen bis hin zu weitl\u00e4ufigen Universit\u00e4ts-Campussen. Unsere WiFi 6-, WiFi 6E- und WiFi 7 Access Points, cloudverwalteten Switches und die Insight-Fernverwaltungsplattform erm\u00f6glichen:<\/p>\n<ul data-start=\"372\" data-end=\"661\">\n<li data-start=\"372\" data-end=\"422\">\n<p data-start=\"374\" data-end=\"422\">Nahtlose Konnektivit\u00e4t auf dem gesamten Campus<\/p>\n<\/li>\n<li data-start=\"423\" data-end=\"489\">\n<p data-start=\"425\" data-end=\"489\">Plug-and-Play-Installation, ideal bei begrenzten IT-Ressourcen<\/p>\n<\/li>\n<li data-start=\"490\" data-end=\"548\">\n<p data-start=\"492\" data-end=\"548\">Sichere, skalierbare und zukunftssichere Infrastruktur<\/p>\n<\/li>\n<li data-start=\"549\" data-end=\"606\">\n<p data-start=\"551\" data-end=\"606\">Echtzeit-\u00dcberwachung und Warnmeldungen \u00fcber die Cloud<\/p>\n<\/li>\n<li data-start=\"607\" data-end=\"661\">\n<p data-start=\"609\" data-end=\"661\">Geringe Gesamtbetriebskosten mit flexiblem Support<\/p>\n<\/li>\n<\/ul>\n    <\/div>\n        <div id=\"topic4\" class=\"skip-item\">\n                        <h2>Unterst\u00fctzung der britischen Initiative \u201eConnect the Classroom\u201c<\/h2>\n                <p data-start=\"151\" data-end=\"709\">Das britische Regierungsprogramm <strong data-start=\"184\" data-end=\"211\">\u201eConnect the Classroom\u201c<\/strong>, das k\u00fcrzlich mit einer F\u00f6rderung von 25 Millionen Pfund neu gestartet wurde, hat das Ziel, schnelle und zuverl\u00e4ssige WLAN-Verbindungen in Schulen innerhalb der sogenannten <strong data-start=\"385\" data-end=\"422\">Education Investment Areas (EIAs)<\/strong> bereitzustellen. Wie in UK Tech News hervorgehoben, ist <strong data-start=\"479\" data-end=\"516\">NETGEAR ein zugelassener Anbieter<\/strong>, der Schulen dabei unterst\u00fctzt, die Standards des britischen Bildungsministeriums (DfE \u2013 Department for Education) mit skalierbaren und einfach zu installierenden Netzwerkl\u00f6sungen zu erf\u00fcllen.<\/p>\n<p data-start=\"711\" data-end=\"847\">Klicken Sie auf den Button, um unser PDF zu \u00f6ffnen, das weitere Informationen dar\u00fcber enth\u00e4lt, wie NETGEAR diese Initiative unterst\u00fctzt.<\/p>\n<h4 data-start=\"854\" data-end=\"948\">Eine Erfolgsgeschichte aus Gro\u00dfbritannien: Larmenier &amp; Sacred Heart Catholic Primary School<\/h4>\n<p data-start=\"950\" data-end=\"1298\">Als die <strong data-start=\"958\" data-end=\"998\">Larmenier &amp; Sacred Heart Grundschule<\/strong> in London eine umfassende IT-Erneuerung ben\u00f6tigte, wandte sie sich an <strong data-start=\"1069\" data-end=\"1080\">NETGEAR<\/strong> und den lokalen Partner <strong data-start=\"1105\" data-end=\"1122\">Smallworld IT<\/strong>. Das Ergebnis war ein transformierendes Upgrade mit \u00fcber <strong data-start=\"1180\" data-end=\"1207\">30 WiFi 6 Access Points<\/strong> und <strong data-start=\"1212\" data-end=\"1234\">8 NETGEAR Switches<\/strong> \u2013 alle zentral und remote \u00fcber die Insight-Plattform verwaltet.<\/p>\n<p data-start=\"1300\" data-end=\"1548\">Ohne eigenes IT-Team vor Ort genie\u00dft die Schule heute eine zuverl\u00e4ssige Abdeckung in jedem Klassenzimmer und unterst\u00fctzt jedes Sch\u00fclerger\u00e4t. Dies ist nur eines von vielen Beispielen, wie NETGEAR durch belastbare Infrastruktur das Lernen verbessert.<\/p>\n    <\/div>\n        <div id=\"topic5\" class=\"skip-item\">\n                        <h2>\u00dcber Gro\u00dfbritannien hinaus: weltweiter Leistungsnachweis<\/h2>\n                <p data-start=\"48\" data-end=\"175\">NETGEARs Netzwerk-L\u00f6sungen f\u00fcr den Bildungsbereich genie\u00dfen weltweit Vertrauen. Hier sind zwei weitere herausragende Beispiele:<\/p>\n<p data-start=\"177\" data-end=\"243\"><strong data-start=\"177\" data-end=\"243\">LIPA (Liverpool Institute for Performing Arts), Gro\u00dfbritannien<\/strong><\/p>\n<p data-start=\"245\" data-end=\"683\">LIPA ben\u00f6tigte eine Netzwerkerneuerung, die den intensiven Multimedia-Einsatz auf einem historischen, mehrteiligen Campus bew\u00e4ltigen kann. In Zusammenarbeit mit Gardner Systems setzten sie NETGEAR Managed Switches und Insight Pro ein, um die Netzwerkleistung zu zentralisieren und zu optimieren \u2013 mit dem Ergebnis: gesteigerte Zuverl\u00e4ssigkeit, einfache Skalierbarkeit und ein verbessertes Nutzererlebnis f\u00fcr Studierende und Mitarbeitende.<\/p>\n<p data-start=\"730\" data-end=\"771\"><strong data-start=\"730\" data-end=\"771\">COEP Technological University, Indien<\/strong><\/p>\n<p data-start=\"773\" data-end=\"1175\">Als eine der f\u00fchrenden Ingenieurschulen Indiens ben\u00f6tigte COEP ein hochmodernes, campusweites Netzwerk. NETGEAR lieferte mehr als 70 Switches, um eine nahtlose Hochgeschwindigkeitsverbindung in Klassenzimmern, Wohnheimen, Laboren und Verwaltungsb\u00fcros zu gew\u00e4hrleisten. Studierende greifen jetzt ohne Verz\u00f6gerungen auf Ressourcen zu \u2013 ein entscheidender Faktor f\u00fcr fortschrittliche Forschung und Lernen.<\/p>\n<p data-start=\"1177\" data-end=\"1215\">\n    <\/div>\n        <div id=\"topic6\" class=\"skip-item\">\n                        <h2>Lassen Sie uns die Zukunft der Bildung vernetzen<\/h2>\n                <p data-start=\"105\" data-end=\"431\">Mit der Weiterentwicklung von Bildungseinrichtungen wird ein zuverl\u00e4ssiges, skalierbares und einfach zu verwaltendes Netzwerk wichtiger denn je. NETGEAR steht Schulen und Universit\u00e4ten weltweit zur Seite \u2013 unterst\u00fctzt IT-Teams dabei, mehr mit weniger Ressourcen zu erreichen und sorgt daf\u00fcr, dass Lernen nie unterbrochen wird.<\/p>\n<p data-start=\"433\" data-end=\"649\">Egal, ob Sie eine britische Schule sind, die von \u201eConnect the Classroom\u201c profitiert, oder eine globale Universit\u00e4t, die ihre digitale Kapazit\u00e4t erweitert \u2013 NETGEAR hat die passenden L\u00f6sungen, um es m\u00f6glich zu machen.<\/p>\n    <\/div>\n        <div id=\"topic7\" class=\"skip-item\">\n                        <h2>Mehr informationen<\/h2>\n                <p data-start=\"1323\" data-end=\"1372\">Mehr \u00fcber unsere Business-Produkte erfahren<\/p>\n<p><a style=\"background-color: #2b3749;border: 0px none #000000;border-radius: 50px;color: #ffffff;font-size: 16px;font-family: Inter,sans-serif;font-style: normal;font-weight: 500;text-decoration: none;width: 100%;padding: 16px 24px 16px 24px\" href=\"https:\/\/www.netgear.com\/de\/business\/\" target=\"_blank\" rel=\"noopener\">NETGEAR BUSINESS L\u00d6SUNGEN<\/a><\/p>\n<p data-start=\"1375\" data-end=\"1436\">Alles \u00fcber IP-Netzwerke lernen \u2013 in der NETGEAR ACADEMY<\/p>\n<p><a style=\"background-color: #2b3749;border: 0px none #000000;border-radius: 50px;color: #ffffff;font-size: 16px;font-family: Inter,sans-serif;font-style: normal;font-weight: 500;text-decoration: none;width: 100%;padding: 16px 24px 16px 24px\" href=\"https:\/\/academy.netgear.com\/course\/index.php?categoryid=2&amp;hsCtaAttrib=211825855224\" target=\"_blank\" rel=\"noopener\">NETGEAR ACADEMY<\/a><\/p>\n<p data-start=\"1439\" data-end=\"1505\">Unsere Ingenieure unterst\u00fctzen Sie kostenlos bei Ihrem Projekt<\/p>\n<p><a style=\"background-color: #2b3749;border: 0px none #000000;border-radius: 50px;color: #ffffff;font-size: 16px;font-family: Inter,sans-serif;font-style: normal;font-weight: 500;text-decoration: none;width: 100%;padding: 16px 24px 16px 24px\" href=\"https:\/\/www.netgear.com\/de\/business\/av\/services\/prowifi-designsupport\/?hsCtaAttrib=211833679597\" target=\"_blank\" rel=\"noopener\">KONTAKTIEREN SIE DAS PRO-IT DESIGN TEAM<\/a><\/p>\n<p><iframe loading=\"lazy\" src=\"https:\/\/405nrr.share-na2.hsforms.com\/25w_D-U5iS-e5KaSaP86jnQ\" width=\"100%\" height=\"1200px\"><\/iframe><\/p>\n    <\/div>\n    \n","protected":false},"excerpt":{"rendered":"","protected":false},"author":94,"featured_media":10728,"parent":6714,"menu_order":3,"comment_status":"closed","ping_status":"closed","template":"templates\/mesh-vs-wifi.php","meta":{"_acf_changed":false,"footnotes":""},"class_list":["post-10725","page","type-page","status-publish","has-post-thumbnail","hentry"],"acf":[],"yoast_head":"<!-- This site is optimized with the Yoast SEO plugin v27.4 - https:\/\/yoast.com\/product\/yoast-seo-wordpress\/ -->\n<title>Wie NETGEAR Bildung durch Konnektivit\u00e4t unterst\u00fctzt - NETGEAR Hub<\/title>\n<meta name=\"robots\" content=\"index, follow, max-snippet:-1, max-image-preview:large, max-video-preview:-1\" \/>\n<link rel=\"canonical\" href=\"https:\/\/dehub.netgear.com\/de\/hub\/business\/enterprise-it\/how-netgear-powers-education-through-connectivity\/\" \/>\n<meta property=\"og:locale\" content=\"de_DE\" \/>\n<meta property=\"og:type\" content=\"article\" \/>\n<meta property=\"og:title\" content=\"Wie NETGEAR Bildung durch Konnektivit\u00e4t unterst\u00fctzt - NETGEAR Hub\" \/>\n<meta property=\"og:url\" content=\"https:\/\/dehub.netgear.com\/de\/hub\/business\/enterprise-it\/how-netgear-powers-education-through-connectivity\/\" \/>\n<meta property=\"og:site_name\" content=\"NETGEAR Hub\" \/>\n<meta property=\"article:publisher\" content=\"https:\/\/www.facebook.com\/NetgearAU\/\" \/>\n<meta property=\"article:modified_time\" content=\"2025-09-17T07:52:05+00:00\" \/>\n<meta property=\"og:image\" content=\"https:\/\/dehub.netgear.com\/de\/hub\/wp-content\/uploads\/2025\/09\/education-383x288-1.jpeg\" \/>\n\t<meta property=\"og:image:width\" content=\"383\" \/>\n\t<meta property=\"og:image:height\" content=\"288\" \/>\n\t<meta property=\"og:image:type\" content=\"image\/jpeg\" \/>\n<meta name=\"twitter:card\" content=\"summary_large_image\" \/>\n<meta name=\"twitter:site\" content=\"@NETGEAR\" \/>\n<script type=\"application\/ld+json\" class=\"yoast-schema-graph\">{\"@context\":\"https:\\\/\\\/schema.org\",\"@graph\":[{\"@type\":\"WebPage\",\"@id\":\"https:\\\/\\\/dehub.netgear.com\\\/de\\\/hub\\\/business\\\/enterprise-it\\\/how-netgear-powers-education-through-connectivity\\\/\",\"url\":\"https:\\\/\\\/dehub.netgear.com\\\/de\\\/hub\\\/business\\\/enterprise-it\\\/how-netgear-powers-education-through-connectivity\\\/\",\"name\":\"Wie NETGEAR Bildung durch Konnektivit\u00e4t unterst\u00fctzt - NETGEAR Hub\",\"isPartOf\":{\"@id\":\"https:\\\/\\\/dehub.netgear.com\\\/de\\\/hub\\\/#website\"},\"primaryImageOfPage\":{\"@id\":\"https:\\\/\\\/dehub.netgear.com\\\/de\\\/hub\\\/business\\\/enterprise-it\\\/how-netgear-powers-education-through-connectivity\\\/#primaryimage\"},\"image\":{\"@id\":\"https:\\\/\\\/dehub.netgear.com\\\/de\\\/hub\\\/business\\\/enterprise-it\\\/how-netgear-powers-education-through-connectivity\\\/#primaryimage\"},\"thumbnailUrl\":\"https:\\\/\\\/dehub.netgear.com\\\/de\\\/hub\\\/wp-content\\\/uploads\\\/2025\\\/09\\\/education-383x288-1.jpeg\",\"datePublished\":\"2025-09-17T07:37:35+00:00\",\"dateModified\":\"2025-09-17T07:52:05+00:00\",\"breadcrumb\":{\"@id\":\"https:\\\/\\\/dehub.netgear.com\\\/de\\\/hub\\\/business\\\/enterprise-it\\\/how-netgear-powers-education-through-connectivity\\\/#breadcrumb\"},\"inLanguage\":\"de\",\"potentialAction\":[{\"@type\":\"ReadAction\",\"target\":[\"https:\\\/\\\/dehub.netgear.com\\\/de\\\/hub\\\/business\\\/enterprise-it\\\/how-netgear-powers-education-through-connectivity\\\/\"]}]},{\"@type\":\"ImageObject\",\"inLanguage\":\"de\",\"@id\":\"https:\\\/\\\/dehub.netgear.com\\\/de\\\/hub\\\/business\\\/enterprise-it\\\/how-netgear-powers-education-through-connectivity\\\/#primaryimage\",\"url\":\"https:\\\/\\\/dehub.netgear.com\\\/de\\\/hub\\\/wp-content\\\/uploads\\\/2025\\\/09\\\/education-383x288-1.jpeg\",\"contentUrl\":\"https:\\\/\\\/dehub.netgear.com\\\/de\\\/hub\\\/wp-content\\\/uploads\\\/2025\\\/09\\\/education-383x288-1.jpeg\",\"width\":383,\"height\":288},{\"@type\":\"BreadcrumbList\",\"@id\":\"https:\\\/\\\/dehub.netgear.com\\\/de\\\/hub\\\/business\\\/enterprise-it\\\/how-netgear-powers-education-through-connectivity\\\/#breadcrumb\",\"itemListElement\":[{\"@type\":\"ListItem\",\"position\":1,\"name\":\"Home\",\"item\":\"https:\\\/\\\/dehub.netgear.com\\\/de\\\/hub\\\/\"},{\"@type\":\"ListItem\",\"position\":2,\"name\":\"Business Articles Hub\",\"item\":\"https:\\\/\\\/dehub.netgear.com\\\/de\\\/hub\\\/business\\\/\"},{\"@type\":\"ListItem\",\"position\":3,\"name\":\"Business Networking Articles Hub\",\"item\":\"https:\\\/\\\/dehub.netgear.com\\\/de\\\/hub\\\/business\\\/enterprise-it\\\/\"},{\"@type\":\"ListItem\",\"position\":4,\"name\":\"Wie NETGEAR Bildung durch Konnektivit\u00e4t unterst\u00fctzt\"}]},{\"@type\":\"WebSite\",\"@id\":\"https:\\\/\\\/dehub.netgear.com\\\/de\\\/hub\\\/#website\",\"url\":\"https:\\\/\\\/dehub.netgear.com\\\/de\\\/hub\\\/\",\"name\":\"NETGEAR\",\"description\":\"Erkunden Sie unsere Hub-Seiten und st\u00f6bern Sie in Artikeln, um mehr \u00fcber NETGEAR Produkte und Technologien zu erfahren.\",\"publisher\":{\"@id\":\"https:\\\/\\\/dehub.netgear.com\\\/de\\\/hub\\\/#organization\"},\"potentialAction\":[{\"@type\":\"SearchAction\",\"target\":{\"@type\":\"EntryPoint\",\"urlTemplate\":\"https:\\\/\\\/dehub.netgear.com\\\/de\\\/hub\\\/?s={search_term_string}\"},\"query-input\":{\"@type\":\"PropertyValueSpecification\",\"valueRequired\":true,\"valueName\":\"search_term_string\"}}],\"inLanguage\":\"de\"},{\"@type\":\"Organization\",\"@id\":\"https:\\\/\\\/dehub.netgear.com\\\/de\\\/hub\\\/#organization\",\"name\":\"NETGEAR\",\"url\":\"https:\\\/\\\/dehub.netgear.com\\\/de\\\/hub\\\/\",\"logo\":{\"@type\":\"ImageObject\",\"inLanguage\":\"de\",\"@id\":\"https:\\\/\\\/dehub.netgear.com\\\/de\\\/hub\\\/#\\\/schema\\\/logo\\\/image\\\/\",\"url\":\"https:\\\/\\\/www.dehub.netgear.com\\\/de\\\/hub\\\/wp-content\\\/uploads\\\/2019\\\/07\\\/NETGEAR_logo.jpg\",\"contentUrl\":\"https:\\\/\\\/www.dehub.netgear.com\\\/de\\\/hub\\\/wp-content\\\/uploads\\\/2019\\\/07\\\/NETGEAR_logo.jpg\",\"width\":1500,\"height\":501,\"caption\":\"NETGEAR\"},\"image\":{\"@id\":\"https:\\\/\\\/dehub.netgear.com\\\/de\\\/hub\\\/#\\\/schema\\\/logo\\\/image\\\/\"},\"sameAs\":[\"https:\\\/\\\/www.facebook.com\\\/NetgearAU\\\/\",\"https:\\\/\\\/x.com\\\/NETGEAR\",\"https:\\\/\\\/www.linkedin.com\\\/company\\\/netgear\"]}]}<\/script>\n<!-- \/ Yoast SEO plugin. -->","yoast_head_json":{"title":"Wie NETGEAR Bildung durch Konnektivit\u00e4t unterst\u00fctzt - NETGEAR Hub","robots":{"index":"index","follow":"follow","max-snippet":"max-snippet:-1","max-image-preview":"max-image-preview:large","max-video-preview":"max-video-preview:-1"},"canonical":"https:\/\/dehub.netgear.com\/de\/hub\/business\/enterprise-it\/how-netgear-powers-education-through-connectivity\/","og_locale":"de_DE","og_type":"article","og_title":"Wie NETGEAR Bildung durch Konnektivit\u00e4t unterst\u00fctzt - NETGEAR Hub","og_url":"https:\/\/dehub.netgear.com\/de\/hub\/business\/enterprise-it\/how-netgear-powers-education-through-connectivity\/","og_site_name":"NETGEAR Hub","article_publisher":"https:\/\/www.facebook.com\/NetgearAU\/","article_modified_time":"2025-09-17T07:52:05+00:00","og_image":[{"width":383,"height":288,"url":"https:\/\/dehub.netgear.com\/de\/hub\/wp-content\/uploads\/2025\/09\/education-383x288-1.jpeg","type":"image\/jpeg"}],"twitter_card":"summary_large_image","twitter_site":"@NETGEAR","schema":{"@context":"https:\/\/schema.org","@graph":[{"@type":"WebPage","@id":"https:\/\/dehub.netgear.com\/de\/hub\/business\/enterprise-it\/how-netgear-powers-education-through-connectivity\/","url":"https:\/\/dehub.netgear.com\/de\/hub\/business\/enterprise-it\/how-netgear-powers-education-through-connectivity\/","name":"Wie NETGEAR Bildung durch Konnektivit\u00e4t unterst\u00fctzt - NETGEAR Hub","isPartOf":{"@id":"https:\/\/dehub.netgear.com\/de\/hub\/#website"},"primaryImageOfPage":{"@id":"https:\/\/dehub.netgear.com\/de\/hub\/business\/enterprise-it\/how-netgear-powers-education-through-connectivity\/#primaryimage"},"image":{"@id":"https:\/\/dehub.netgear.com\/de\/hub\/business\/enterprise-it\/how-netgear-powers-education-through-connectivity\/#primaryimage"},"thumbnailUrl":"https:\/\/dehub.netgear.com\/de\/hub\/wp-content\/uploads\/2025\/09\/education-383x288-1.jpeg","datePublished":"2025-09-17T07:37:35+00:00","dateModified":"2025-09-17T07:52:05+00:00","breadcrumb":{"@id":"https:\/\/dehub.netgear.com\/de\/hub\/business\/enterprise-it\/how-netgear-powers-education-through-connectivity\/#breadcrumb"},"inLanguage":"de","potentialAction":[{"@type":"ReadAction","target":["https:\/\/dehub.netgear.com\/de\/hub\/business\/enterprise-it\/how-netgear-powers-education-through-connectivity\/"]}]},{"@type":"ImageObject","inLanguage":"de","@id":"https:\/\/dehub.netgear.com\/de\/hub\/business\/enterprise-it\/how-netgear-powers-education-through-connectivity\/#primaryimage","url":"https:\/\/dehub.netgear.com\/de\/hub\/wp-content\/uploads\/2025\/09\/education-383x288-1.jpeg","contentUrl":"https:\/\/dehub.netgear.com\/de\/hub\/wp-content\/uploads\/2025\/09\/education-383x288-1.jpeg","width":383,"height":288},{"@type":"BreadcrumbList","@id":"https:\/\/dehub.netgear.com\/de\/hub\/business\/enterprise-it\/how-netgear-powers-education-through-connectivity\/#breadcrumb","itemListElement":[{"@type":"ListItem","position":1,"name":"Home","item":"https:\/\/dehub.netgear.com\/de\/hub\/"},{"@type":"ListItem","position":2,"name":"Business Articles Hub","item":"https:\/\/dehub.netgear.com\/de\/hub\/business\/"},{"@type":"ListItem","position":3,"name":"Business Networking Articles Hub","item":"https:\/\/dehub.netgear.com\/de\/hub\/business\/enterprise-it\/"},{"@type":"ListItem","position":4,"name":"Wie NETGEAR Bildung durch Konnektivit\u00e4t unterst\u00fctzt"}]},{"@type":"WebSite","@id":"https:\/\/dehub.netgear.com\/de\/hub\/#website","url":"https:\/\/dehub.netgear.com\/de\/hub\/","name":"NETGEAR","description":"Erkunden Sie unsere Hub-Seiten und st\u00f6bern Sie in Artikeln, um mehr \u00fcber NETGEAR Produkte und Technologien zu erfahren.","publisher":{"@id":"https:\/\/dehub.netgear.com\/de\/hub\/#organization"},"potentialAction":[{"@type":"SearchAction","target":{"@type":"EntryPoint","urlTemplate":"https:\/\/dehub.netgear.com\/de\/hub\/?s={search_term_string}"},"query-input":{"@type":"PropertyValueSpecification","valueRequired":true,"valueName":"search_term_string"}}],"inLanguage":"de"},{"@type":"Organization","@id":"https:\/\/dehub.netgear.com\/de\/hub\/#organization","name":"NETGEAR","url":"https:\/\/dehub.netgear.com\/de\/hub\/","logo":{"@type":"ImageObject","inLanguage":"de","@id":"https:\/\/dehub.netgear.com\/de\/hub\/#\/schema\/logo\/image\/","url":"https:\/\/www.dehub.netgear.com\/de\/hub\/wp-content\/uploads\/2019\/07\/NETGEAR_logo.jpg","contentUrl":"https:\/\/www.dehub.netgear.com\/de\/hub\/wp-content\/uploads\/2019\/07\/NETGEAR_logo.jpg","width":1500,"height":501,"caption":"NETGEAR"},"image":{"@id":"https:\/\/dehub.netgear.com\/de\/hub\/#\/schema\/logo\/image\/"},"sameAs":["https:\/\/www.facebook.com\/NetgearAU\/","https:\/\/x.com\/NETGEAR","https:\/\/www.linkedin.com\/company\/netgear"]}]}},"_links":{"self":[{"href":"https:\/\/dehub.netgear.com\/de\/hub\/wp-json\/wp\/v2\/pages\/10725","targetHints":{"allow":["GET"]}}],"collection":[{"href":"https:\/\/dehub.netgear.com\/de\/hub\/wp-json\/wp\/v2\/pages"}],"about":[{"href":"https:\/\/dehub.netgear.com\/de\/hub\/wp-json\/wp\/v2\/types\/page"}],"author":[{"embeddable":true,"href":"https:\/\/dehub.netgear.com\/de\/hub\/wp-json\/wp\/v2\/users\/94"}],"replies":[{"embeddable":true,"href":"https:\/\/dehub.netgear.com\/de\/hub\/wp-json\/wp\/v2\/comments?post=10725"}],"version-history":[{"count":3,"href":"https:\/\/dehub.netgear.com\/de\/hub\/wp-json\/wp\/v2\/pages\/10725\/revisions"}],"predecessor-version":[{"id":10730,"href":"https:\/\/dehub.netgear.com\/de\/hub\/wp-json\/wp\/v2\/pages\/10725\/revisions\/10730"}],"up":[{"embeddable":true,"href":"https:\/\/dehub.netgear.com\/de\/hub\/wp-json\/wp\/v2\/pages\/6714"}],"wp:featuredmedia":[{"embeddable":true,"href":"https:\/\/dehub.netgear.com\/de\/hub\/wp-json\/wp\/v2\/media\/10728"}],"wp:attachment":[{"href":"https:\/\/dehub.netgear.com\/de\/hub\/wp-json\/wp\/v2\/media?parent=10725"}],"curies":[{"name":"wp","href":"https:\/\/api.w.org\/{rel}","templated":true}]}}