{"id":10700,"date":"2025-09-17T08:43:29","date_gmt":"2025-09-17T06:43:29","guid":{"rendered":"https:\/\/dehub.netgear.com\/de\/hub\/business\/enterprise-it\/business-wifi-7-guide-2\/"},"modified":"2025-09-17T09:04:13","modified_gmt":"2025-09-17T07:04:13","slug":"why-you-should-consider-netgear-for-enterprise-it-in-2025","status":"publish","type":"page","link":"https:\/\/dehub.netgear.com\/de\/hub\/business\/enterprise-it\/why-you-should-consider-netgear-for-enterprise-it-in-2025\/","title":{"rendered":"Warum Sie NETGEAR f\u00fcr Enterprise-IT im Jahr 2025 in Betracht ziehen sollten"},"content":{"rendered":"<p><img loading=\"lazy\" decoding=\"async\" class=\"alignone size-full wp-image-10681\" style=\"border-radius: 1em;\" src=\"https:\/\/dehub.netgear.com\/de\/hub\/wp-content\/uploads\/2025\/09\/banner-why-consider-netgear.jpg\" alt=\"\" width=\"1048\" height=\"511\" \/><\/p>\n    <div class=\"table-of-content bg-gray\">\n        <p><strong>IN THIS ARTICLE<\/strong><\/p>\n        <ul>\n                        <li><a href=\"#topic1\">Eine bew\u00e4hrte Erfolgsgeschichte mit vision\u00e4rem Ansatz<\/a><\/li>\n                        <li><a href=\"#topic2\">Zentrale IT-Trends und Herausforderungen im Unternehmen<\/a><\/li>\n                        <li><a href=\"#topic3\">Warum NETGEAR heraussticht<\/a><\/li>\n                        <li><a href=\"#topic4\">Erfolgreiche Praxisbeispiele<\/a><\/li>\n                        <li><a href=\"#topic5\">Zusammengefasst: 10 Gr\u00fcnde f\u00fcr NETGEAR<\/a><\/li>\n                        <li><a href=\"#topic6\">Mehr informationen<\/a><\/li>\n                    <\/ul>\n    <\/div>\n        <div id=\"topic1\" class=\"skip-item\">\n                        <h2>Eine bew\u00e4hrte Erfolgsgeschichte mit vision\u00e4rem Ansatz<\/h2>\n                <p data-start=\"231\" data-end=\"651\">Gegr\u00fcndet im Jahr 1996 und seit 2003 b\u00f6rsennotiert, verf\u00fcgt NETGEAR \u00fcber eine solide Grundlage in der Netzwerktechnologie. W\u00e4hrend das Unternehmen sich historisch vom Wettbewerb im Fortune-5000-Segment fernhielt, begann es 2019 mit einer strategischen Neuausrichtung. Mit einem Team aus AV-Industrie-Experten erzielte NETGEAR rasantes Wachstum und positionierte sich erfolgreich in Gespr\u00e4chen mit CIOs und CFOs weltweit.<\/p>\n<p data-start=\"653\" data-end=\"1037\">Im Jahr 2025 bleibt NETGEARs Mission klar: das volle Potenzial der Konnektivit\u00e4t durch intelligente L\u00f6sungen freizusetzen \u2013 L\u00f6sungen, die begeistern, sch\u00fctzen und sich an die sich wandelnden Bed\u00fcrfnisse von Unternehmen anpassen. Mit seinen werteorientierten Prinzipien \u2013 Innovation, Kundenfokus und Zusammenarbeit \u2013 ist NETGEAR bereit, die dringendsten IT-Herausforderungen anzugehen.<\/p>\n    <\/div>\n        <div id=\"topic2\" class=\"skip-item\">\n                        <h2>Zentrale IT-Trends und Herausforderungen im Unternehmen<\/h2>\n                <p data-start=\"1109\" data-end=\"1176\"><img loading=\"lazy\" decoding=\"async\" class=\"size-medium wp-image-10704 aligncenter\" src=\"https:\/\/dehub.netgear.com\/de\/hub\/wp-content\/uploads\/2025\/09\/M4250_ConferenceRoom-1024x410-1-300x120.jpg\" alt=\"\" width=\"300\" height=\"120\" srcset=\"https:\/\/dehub.netgear.com\/de\/hub\/wp-content\/uploads\/2025\/09\/M4250_ConferenceRoom-1024x410-1-300x120.jpg 300w, https:\/\/dehub.netgear.com\/de\/hub\/wp-content\/uploads\/2025\/09\/M4250_ConferenceRoom-1024x410-1-768x308.jpg 768w, https:\/\/dehub.netgear.com\/de\/hub\/wp-content\/uploads\/2025\/09\/M4250_ConferenceRoom-1024x410-1.jpg 1024w\" sizes=\"auto, (max-width: 300px) 100vw, 300px\" \/><\/p>\n<p data-start=\"1109\" data-end=\"1176\">Das IT-Umfeld im Jahr 2025 wird durch f\u00fcnf zentrale Trends gepr\u00e4gt:<\/p>\n<ul data-start=\"1178\" data-end=\"1751\">\n<li data-start=\"1178\" data-end=\"1291\">\n<p data-start=\"1180\" data-end=\"1291\"><strong data-start=\"1180\" data-end=\"1225\">Wachsende Verbreitung von KI-Technologien<\/strong>, die enorme Anforderungen an die Netzwerk-Infrastruktur stellen<\/p>\n<\/li>\n<li data-start=\"1292\" data-end=\"1392\">\n<p data-start=\"1294\" data-end=\"1392\"><strong data-start=\"1294\" data-end=\"1350\">Nahtlose Integration hybrider Multi-Cloud-Strategien<\/strong>, die robuste Netzwerkl\u00f6sungen erfordert<\/p>\n<\/li>\n<li data-start=\"1393\" data-end=\"1518\">\n<p data-start=\"1395\" data-end=\"1518\"><strong data-start=\"1395\" data-end=\"1436\">Fokus auf energieeffiziente Netzwerke<\/strong> statt veralteter Hardware \u2013 z.\u202fB. durch kosteneffiziente Videokonferenzl\u00f6sungen<\/p>\n<\/li>\n<li data-start=\"1519\" data-end=\"1632\">\n<p data-start=\"1521\" data-end=\"1632\"><strong data-start=\"1521\" data-end=\"1559\">Maximierung der Netzwerksicherheit<\/strong> nach aktuellen Zero-Trust- und SASE-Standards \u2013 ohne Leistungseinbu\u00dfen<\/p>\n<\/li>\n<li data-start=\"1633\" data-end=\"1751\">\n<p data-start=\"1635\" data-end=\"1751\"><strong data-start=\"1635\" data-end=\"1704\">Technologische Fortschritte von Multi-Gigabit-Ethernet bis WiFi-7<\/strong>, die Engp\u00e4sse im gesamten Netzwerk eliminieren<\/p>\n<\/li>\n<\/ul>\n<p data-start=\"1753\" data-end=\"1823\">Diese Trends verst\u00e4rken die Herausforderungen f\u00fcr CIOs und IT-Manager:<\/p>\n<ul data-start=\"1825\" data-end=\"2071\">\n<li data-start=\"1825\" data-end=\"1870\">\n<p data-start=\"1827\" data-end=\"1870\"><strong data-start=\"1827\" data-end=\"1868\">Steigende Kosten f\u00fcr Managed Services<\/strong><\/p>\n<\/li>\n<li data-start=\"1871\" data-end=\"1926\">\n<p data-start=\"1873\" data-end=\"1926\"><strong data-start=\"1873\" data-end=\"1924\">Altsysteme, die die Skalierbarkeit einschr\u00e4nken<\/strong><\/p>\n<\/li>\n<li data-start=\"1927\" data-end=\"1998\">\n<p data-start=\"1929\" data-end=\"1998\"><strong data-start=\"1929\" data-end=\"1996\">Mitarbeitererwartungen an leistungsf\u00e4hige hybride Arbeitspl\u00e4tze<\/strong><\/p>\n<\/li>\n<li data-start=\"1999\" data-end=\"2071\">\n<p data-start=\"2001\" data-end=\"2071\"><strong data-start=\"2001\" data-end=\"2071\">Sicherheitsma\u00dfnahmen, die die Produktivit\u00e4t beeintr\u00e4chtigen k\u00f6nnen<\/strong><\/p>\n<\/li>\n<\/ul>\n    <\/div>\n        <div id=\"topic3\" class=\"skip-item\">\n                        <h2>Warum NETGEAR heraussticht<\/h2>\n                <p data-start=\"2114\" data-end=\"2259\"><img loading=\"lazy\" decoding=\"async\" class=\"size-medium wp-image-10703 aligncenter\" src=\"https:\/\/dehub.netgear.com\/de\/hub\/wp-content\/uploads\/2025\/09\/CMS_Banner-WAX630E_Office4_8Nov21-1024x617-1-300x181.jpg\" alt=\"\" width=\"300\" height=\"181\" srcset=\"https:\/\/dehub.netgear.com\/de\/hub\/wp-content\/uploads\/2025\/09\/CMS_Banner-WAX630E_Office4_8Nov21-1024x617-1-300x181.jpg 300w, https:\/\/dehub.netgear.com\/de\/hub\/wp-content\/uploads\/2025\/09\/CMS_Banner-WAX630E_Office4_8Nov21-1024x617-1-768x463.jpg 768w, https:\/\/dehub.netgear.com\/de\/hub\/wp-content\/uploads\/2025\/09\/CMS_Banner-WAX630E_Office4_8Nov21-1024x617-1.jpg 1024w\" sizes=\"auto, (max-width: 300px) 100vw, 300px\" \/><\/p>\n<p data-start=\"2114\" data-end=\"2259\">NETGEAR bietet eine einzigartige Kombination aus <strong data-start=\"2163\" data-end=\"2221\">Erschwinglichkeit, Leistung und Benutzerfreundlichkeit<\/strong>. So schafft das Unternehmen Mehrwert:<\/p>\n<ul data-start=\"2261\" data-end=\"2762\">\n<li data-start=\"2261\" data-end=\"2394\">\n<p data-start=\"2263\" data-end=\"2394\"><strong data-start=\"2263\" data-end=\"2308\">Senkung der Netzwerkkosten um bis zu 50\u202f%<\/strong> dank wettbewerbsf\u00e4higer Hardwarepreise und flexibler, lizenzfreier Cloud-Verwaltung<\/p>\n<\/li>\n<li data-start=\"2395\" data-end=\"2518\">\n<p data-start=\"2397\" data-end=\"2518\"><strong data-start=\"2397\" data-end=\"2453\">Bereitstellung von Multi-Gigabit-Ethernet und WiFi-7<\/strong>, um KI-, Cloud- und videointensive Anwendungen zu unterst\u00fctzen<\/p>\n<\/li>\n<li data-start=\"2519\" data-end=\"2652\">\n<p data-start=\"2521\" data-end=\"2652\"><strong data-start=\"2521\" data-end=\"2581\">Die NETGEAR Insight Plattform vereinfacht das Management<\/strong>, sodass sich IT-Teams auf strategische Aufgaben konzentrieren k\u00f6nnen<\/p>\n<\/li>\n<li data-start=\"2653\" data-end=\"2762\">\n<p data-start=\"2655\" data-end=\"2762\"><strong data-start=\"2655\" data-end=\"2708\">Skalierbare L\u00f6sungen f\u00fcr kommerzielle Anwendungen<\/strong>, die den Anforderungen von Unternehmen gerecht werden<\/p>\n<\/li>\n<\/ul>\n    <\/div>\n        <div id=\"topic4\" class=\"skip-item\">\n                        <h2>Erfolgreiche Praxisbeispiele<\/h2>\n                <p data-start=\"2807\" data-end=\"2858\">Die Erfolgsgeschichte von NETGEAR spricht f\u00fcr sich:<\/p>\n<ul data-start=\"2860\" data-end=\"3145\">\n<li data-start=\"2860\" data-end=\"3002\">\n<p data-start=\"2862\" data-end=\"3002\"><strong data-start=\"2862\" data-end=\"2877\">Wells Fargo<\/strong> setzte bei seinem Digital-Signage-Netzwerk im Einzelhandel \u00fcber <strong data-start=\"2942\" data-end=\"2968\">6.700 NETGEAR Switches<\/strong> und <strong data-start=\"2973\" data-end=\"2996\">Insight-Abonnements<\/strong> ein<\/p>\n<\/li>\n<li data-start=\"3003\" data-end=\"3145\">\n<p data-start=\"3005\" data-end=\"3145\">Der <strong data-start=\"3009\" data-end=\"3040\">Salesforce Tower in Chicago<\/strong> nutzte NETGEARs AV-Distributionsl\u00f6sungen und demonstrierte damit Enterprise-Leistung auf h\u00f6chstem Niveau<\/p>\n<\/li>\n<\/ul>\n<p data-start=\"3147\" data-end=\"3319\">Diese Beispiele zeigen, wie NETGEAR die L\u00fccke zwischen <strong data-start=\"3202\" data-end=\"3260\">KMU-Budgetfreundlichkeit und Enterprise-Funktionalit\u00e4t<\/strong> schlie\u00dft \u2013 und sich bei gro\u00dffl\u00e4chigen Deployments bew\u00e4hrt.<\/p>\n    <\/div>\n        <div id=\"topic5\" class=\"skip-item\">\n                        <h2>Zusammengefasst: 10 Gr\u00fcnde f\u00fcr NETGEAR<\/h2>\n                <p>1. Transparente Preise ohne versteckte Kosten<\/p>\n<p>2. Lokales Account-Management und Vertriebspartner-Support<\/p>\n<p>3. Lebenslange Garantie und kostenlose Standortanalysen<\/p>\n<p>4. 30 Jahre Silicon-Valley-Ingenieurskompetenz<\/p>\n<p>5. Enterprise-Hardware mit modernster Technologie<\/p>\n<p>6. Marktneuheiten wie WiFi-7, Multi-Gigabit-Switches, AV-over-IP-Speziall\u00f6sungen<\/p>\n<p>7. \u00dcberragendes Preis-Leistungs-Verh\u00e4ltnis<\/p>\n<p>8. Globale Pr\u00e4senz mit B\u00fcros in 25 Kernregionen weltweit<\/p>\n<p>9. End-to-End-Support f\u00fcr IT- und AV-Anwendungen, mit erreichbaren Vertriebs- und Support-Teams<\/p>\n<p>10. Fokus auf Kundenerfolg mit skalierbaren, zukunftssicheren L\u00f6sungen<\/p>\n<p data-start=\"4044\" data-end=\"4355\">Mit seinem innovativen Ansatz und der klaren Kundenorientierung ist NETGEAR ideal positioniert, um Unternehmen bei den Herausforderungen des Jahres 2025 zu unterst\u00fctzen. Ob Sie Kosten senken, skalieren oder neue Technologien implementieren m\u00f6chten \u2013 NETGEAR bietet die Werkzeuge f\u00fcr Ihre Netzwerktransformation.<\/p>\n<p data-start=\"4357\" data-end=\"4435\"><strong data-start=\"4357\" data-end=\"4435\">Bereit f\u00fcr ein zukunftssicheres Netzwerk? Kontaktieren Sie uns noch heute!<\/strong><\/p>\n    <\/div>\n        <div id=\"topic6\" class=\"skip-item\">\n                        <h2>Mehr informationen<\/h2>\n                <p data-start=\"1323\" data-end=\"1372\">Mehr \u00fcber unsere Business-Produkte erfahren<\/p>\n<p><a style=\"background-color: #2b3749;border: 0px none #000000;border-radius: 50px;color: #ffffff;font-size: 16px;font-family: Inter,sans-serif;font-style: normal;font-weight: 500;text-decoration: none;width: 100%;padding: 16px 24px 16px 24px\" href=\"https:\/\/www.netgear.com\/de\/business\/\" target=\"_blank\" rel=\"noopener\">NETGEAR BUSINESS L\u00d6SUNGEN<\/a><\/p>\n<p data-start=\"1375\" data-end=\"1436\">Alles \u00fcber IP-Netzwerke lernen \u2013 in der NETGEAR ACADEMY<\/p>\n<p><a style=\"background-color: #2b3749;border: 0px none #000000;border-radius: 50px;color: #ffffff;font-size: 16px;font-family: Inter,sans-serif;font-style: normal;font-weight: 500;text-decoration: none;width: 100%;padding: 16px 24px 16px 24px\" href=\"https:\/\/academy.netgear.com\/course\/index.php?categoryid=2&amp;hsCtaAttrib=211825855224\" target=\"_blank\" rel=\"noopener\">NETGEAR ACADEMY<\/a><\/p>\n<p data-start=\"1439\" data-end=\"1505\">Unsere Ingenieure unterst\u00fctzen Sie kostenlos bei Ihrem Projekt<\/p>\n<p><a style=\"background-color: #2b3749;border: 0px none #000000;border-radius: 50px;color: #ffffff;font-size: 16px;font-family: Inter,sans-serif;font-style: normal;font-weight: 500;text-decoration: none;width: 100%;padding: 16px 24px 16px 24px\" href=\"https:\/\/www.netgear.com\/de\/business\/av\/services\/prowifi-designsupport\/?hsCtaAttrib=211833679597\" target=\"_blank\" rel=\"noopener\">KONTAKTIEREN SIE DAS PRO-IT DESIGN TEAM<\/a><\/p>\n<p><iframe loading=\"lazy\" src=\"https:\/\/405nrr.share-na2.hsforms.com\/25w_D-U5iS-e5KaSaP86jnQ\" width=\"100%\" height=\"1200px\"><\/iframe><\/p>\n    <\/div>\n    \n","protected":false},"excerpt":{"rendered":"","protected":false},"author":94,"featured_media":10706,"parent":6714,"menu_order":3,"comment_status":"closed","ping_status":"closed","template":"templates\/mesh-vs-wifi.php","meta":{"_acf_changed":false,"footnotes":""},"class_list":["post-10700","page","type-page","status-publish","has-post-thumbnail","hentry"],"acf":[],"yoast_head":"<!-- This site is optimized with the Yoast SEO plugin v27.4 - https:\/\/yoast.com\/product\/yoast-seo-wordpress\/ -->\n<title>Warum Sie NETGEAR f\u00fcr Enterprise-IT im Jahr 2025 in Betracht ziehen sollten - NETGEAR Hub<\/title>\n<meta name=\"robots\" content=\"index, follow, max-snippet:-1, max-image-preview:large, max-video-preview:-1\" \/>\n<link rel=\"canonical\" href=\"https:\/\/dehub.netgear.com\/de\/hub\/business\/enterprise-it\/why-you-should-consider-netgear-for-enterprise-it-in-2025\/\" \/>\n<meta property=\"og:locale\" content=\"de_DE\" \/>\n<meta property=\"og:type\" content=\"article\" \/>\n<meta property=\"og:title\" content=\"Warum Sie NETGEAR f\u00fcr Enterprise-IT im Jahr 2025 in Betracht ziehen sollten - NETGEAR Hub\" \/>\n<meta property=\"og:url\" content=\"https:\/\/dehub.netgear.com\/de\/hub\/business\/enterprise-it\/why-you-should-consider-netgear-for-enterprise-it-in-2025\/\" \/>\n<meta property=\"og:site_name\" content=\"NETGEAR Hub\" \/>\n<meta property=\"article:publisher\" content=\"https:\/\/www.facebook.com\/NetgearAU\/\" \/>\n<meta property=\"article:modified_time\" content=\"2025-09-17T07:04:13+00:00\" \/>\n<meta property=\"og:image\" content=\"https:\/\/dehub.netgear.com\/de\/hub\/wp-content\/uploads\/2025\/09\/vignette-why-consider-NETGEAR-1.jpg\" \/>\n\t<meta property=\"og:image:width\" content=\"383\" \/>\n\t<meta property=\"og:image:height\" content=\"288\" \/>\n\t<meta property=\"og:image:type\" content=\"image\/jpeg\" \/>\n<meta name=\"twitter:card\" content=\"summary_large_image\" \/>\n<meta name=\"twitter:site\" content=\"@NETGEAR\" \/>\n<script type=\"application\/ld+json\" class=\"yoast-schema-graph\">{\"@context\":\"https:\\\/\\\/schema.org\",\"@graph\":[{\"@type\":\"WebPage\",\"@id\":\"https:\\\/\\\/dehub.netgear.com\\\/de\\\/hub\\\/business\\\/enterprise-it\\\/why-you-should-consider-netgear-for-enterprise-it-in-2025\\\/\",\"url\":\"https:\\\/\\\/dehub.netgear.com\\\/de\\\/hub\\\/business\\\/enterprise-it\\\/why-you-should-consider-netgear-for-enterprise-it-in-2025\\\/\",\"name\":\"Warum Sie NETGEAR f\u00fcr Enterprise-IT im Jahr 2025 in Betracht ziehen sollten - NETGEAR Hub\",\"isPartOf\":{\"@id\":\"https:\\\/\\\/dehub.netgear.com\\\/de\\\/hub\\\/#website\"},\"primaryImageOfPage\":{\"@id\":\"https:\\\/\\\/dehub.netgear.com\\\/de\\\/hub\\\/business\\\/enterprise-it\\\/why-you-should-consider-netgear-for-enterprise-it-in-2025\\\/#primaryimage\"},\"image\":{\"@id\":\"https:\\\/\\\/dehub.netgear.com\\\/de\\\/hub\\\/business\\\/enterprise-it\\\/why-you-should-consider-netgear-for-enterprise-it-in-2025\\\/#primaryimage\"},\"thumbnailUrl\":\"https:\\\/\\\/dehub.netgear.com\\\/de\\\/hub\\\/wp-content\\\/uploads\\\/2025\\\/09\\\/vignette-why-consider-NETGEAR-1.jpg\",\"datePublished\":\"2025-09-17T06:43:29+00:00\",\"dateModified\":\"2025-09-17T07:04:13+00:00\",\"breadcrumb\":{\"@id\":\"https:\\\/\\\/dehub.netgear.com\\\/de\\\/hub\\\/business\\\/enterprise-it\\\/why-you-should-consider-netgear-for-enterprise-it-in-2025\\\/#breadcrumb\"},\"inLanguage\":\"de\",\"potentialAction\":[{\"@type\":\"ReadAction\",\"target\":[\"https:\\\/\\\/dehub.netgear.com\\\/de\\\/hub\\\/business\\\/enterprise-it\\\/why-you-should-consider-netgear-for-enterprise-it-in-2025\\\/\"]}]},{\"@type\":\"ImageObject\",\"inLanguage\":\"de\",\"@id\":\"https:\\\/\\\/dehub.netgear.com\\\/de\\\/hub\\\/business\\\/enterprise-it\\\/why-you-should-consider-netgear-for-enterprise-it-in-2025\\\/#primaryimage\",\"url\":\"https:\\\/\\\/dehub.netgear.com\\\/de\\\/hub\\\/wp-content\\\/uploads\\\/2025\\\/09\\\/vignette-why-consider-NETGEAR-1.jpg\",\"contentUrl\":\"https:\\\/\\\/dehub.netgear.com\\\/de\\\/hub\\\/wp-content\\\/uploads\\\/2025\\\/09\\\/vignette-why-consider-NETGEAR-1.jpg\",\"width\":383,\"height\":288},{\"@type\":\"BreadcrumbList\",\"@id\":\"https:\\\/\\\/dehub.netgear.com\\\/de\\\/hub\\\/business\\\/enterprise-it\\\/why-you-should-consider-netgear-for-enterprise-it-in-2025\\\/#breadcrumb\",\"itemListElement\":[{\"@type\":\"ListItem\",\"position\":1,\"name\":\"Home\",\"item\":\"https:\\\/\\\/dehub.netgear.com\\\/de\\\/hub\\\/\"},{\"@type\":\"ListItem\",\"position\":2,\"name\":\"Business Articles Hub\",\"item\":\"https:\\\/\\\/dehub.netgear.com\\\/de\\\/hub\\\/business\\\/\"},{\"@type\":\"ListItem\",\"position\":3,\"name\":\"Business Networking Articles Hub\",\"item\":\"https:\\\/\\\/dehub.netgear.com\\\/de\\\/hub\\\/business\\\/enterprise-it\\\/\"},{\"@type\":\"ListItem\",\"position\":4,\"name\":\"Warum Sie NETGEAR f\u00fcr Enterprise-IT im Jahr 2025 in Betracht ziehen sollten\"}]},{\"@type\":\"WebSite\",\"@id\":\"https:\\\/\\\/dehub.netgear.com\\\/de\\\/hub\\\/#website\",\"url\":\"https:\\\/\\\/dehub.netgear.com\\\/de\\\/hub\\\/\",\"name\":\"NETGEAR\",\"description\":\"Erkunden Sie unsere Hub-Seiten und st\u00f6bern Sie in Artikeln, um mehr \u00fcber NETGEAR Produkte und Technologien zu erfahren.\",\"publisher\":{\"@id\":\"https:\\\/\\\/dehub.netgear.com\\\/de\\\/hub\\\/#organization\"},\"potentialAction\":[{\"@type\":\"SearchAction\",\"target\":{\"@type\":\"EntryPoint\",\"urlTemplate\":\"https:\\\/\\\/dehub.netgear.com\\\/de\\\/hub\\\/?s={search_term_string}\"},\"query-input\":{\"@type\":\"PropertyValueSpecification\",\"valueRequired\":true,\"valueName\":\"search_term_string\"}}],\"inLanguage\":\"de\"},{\"@type\":\"Organization\",\"@id\":\"https:\\\/\\\/dehub.netgear.com\\\/de\\\/hub\\\/#organization\",\"name\":\"NETGEAR\",\"url\":\"https:\\\/\\\/dehub.netgear.com\\\/de\\\/hub\\\/\",\"logo\":{\"@type\":\"ImageObject\",\"inLanguage\":\"de\",\"@id\":\"https:\\\/\\\/dehub.netgear.com\\\/de\\\/hub\\\/#\\\/schema\\\/logo\\\/image\\\/\",\"url\":\"https:\\\/\\\/www.dehub.netgear.com\\\/de\\\/hub\\\/wp-content\\\/uploads\\\/2019\\\/07\\\/NETGEAR_logo.jpg\",\"contentUrl\":\"https:\\\/\\\/www.dehub.netgear.com\\\/de\\\/hub\\\/wp-content\\\/uploads\\\/2019\\\/07\\\/NETGEAR_logo.jpg\",\"width\":1500,\"height\":501,\"caption\":\"NETGEAR\"},\"image\":{\"@id\":\"https:\\\/\\\/dehub.netgear.com\\\/de\\\/hub\\\/#\\\/schema\\\/logo\\\/image\\\/\"},\"sameAs\":[\"https:\\\/\\\/www.facebook.com\\\/NetgearAU\\\/\",\"https:\\\/\\\/x.com\\\/NETGEAR\",\"https:\\\/\\\/www.linkedin.com\\\/company\\\/netgear\"]}]}<\/script>\n<!-- \/ Yoast SEO plugin. -->","yoast_head_json":{"title":"Warum Sie NETGEAR f\u00fcr Enterprise-IT im Jahr 2025 in Betracht ziehen sollten - NETGEAR Hub","robots":{"index":"index","follow":"follow","max-snippet":"max-snippet:-1","max-image-preview":"max-image-preview:large","max-video-preview":"max-video-preview:-1"},"canonical":"https:\/\/dehub.netgear.com\/de\/hub\/business\/enterprise-it\/why-you-should-consider-netgear-for-enterprise-it-in-2025\/","og_locale":"de_DE","og_type":"article","og_title":"Warum Sie NETGEAR f\u00fcr Enterprise-IT im Jahr 2025 in Betracht ziehen sollten - NETGEAR Hub","og_url":"https:\/\/dehub.netgear.com\/de\/hub\/business\/enterprise-it\/why-you-should-consider-netgear-for-enterprise-it-in-2025\/","og_site_name":"NETGEAR Hub","article_publisher":"https:\/\/www.facebook.com\/NetgearAU\/","article_modified_time":"2025-09-17T07:04:13+00:00","og_image":[{"width":383,"height":288,"url":"https:\/\/dehub.netgear.com\/de\/hub\/wp-content\/uploads\/2025\/09\/vignette-why-consider-NETGEAR-1.jpg","type":"image\/jpeg"}],"twitter_card":"summary_large_image","twitter_site":"@NETGEAR","schema":{"@context":"https:\/\/schema.org","@graph":[{"@type":"WebPage","@id":"https:\/\/dehub.netgear.com\/de\/hub\/business\/enterprise-it\/why-you-should-consider-netgear-for-enterprise-it-in-2025\/","url":"https:\/\/dehub.netgear.com\/de\/hub\/business\/enterprise-it\/why-you-should-consider-netgear-for-enterprise-it-in-2025\/","name":"Warum Sie NETGEAR f\u00fcr Enterprise-IT im Jahr 2025 in Betracht ziehen sollten - NETGEAR Hub","isPartOf":{"@id":"https:\/\/dehub.netgear.com\/de\/hub\/#website"},"primaryImageOfPage":{"@id":"https:\/\/dehub.netgear.com\/de\/hub\/business\/enterprise-it\/why-you-should-consider-netgear-for-enterprise-it-in-2025\/#primaryimage"},"image":{"@id":"https:\/\/dehub.netgear.com\/de\/hub\/business\/enterprise-it\/why-you-should-consider-netgear-for-enterprise-it-in-2025\/#primaryimage"},"thumbnailUrl":"https:\/\/dehub.netgear.com\/de\/hub\/wp-content\/uploads\/2025\/09\/vignette-why-consider-NETGEAR-1.jpg","datePublished":"2025-09-17T06:43:29+00:00","dateModified":"2025-09-17T07:04:13+00:00","breadcrumb":{"@id":"https:\/\/dehub.netgear.com\/de\/hub\/business\/enterprise-it\/why-you-should-consider-netgear-for-enterprise-it-in-2025\/#breadcrumb"},"inLanguage":"de","potentialAction":[{"@type":"ReadAction","target":["https:\/\/dehub.netgear.com\/de\/hub\/business\/enterprise-it\/why-you-should-consider-netgear-for-enterprise-it-in-2025\/"]}]},{"@type":"ImageObject","inLanguage":"de","@id":"https:\/\/dehub.netgear.com\/de\/hub\/business\/enterprise-it\/why-you-should-consider-netgear-for-enterprise-it-in-2025\/#primaryimage","url":"https:\/\/dehub.netgear.com\/de\/hub\/wp-content\/uploads\/2025\/09\/vignette-why-consider-NETGEAR-1.jpg","contentUrl":"https:\/\/dehub.netgear.com\/de\/hub\/wp-content\/uploads\/2025\/09\/vignette-why-consider-NETGEAR-1.jpg","width":383,"height":288},{"@type":"BreadcrumbList","@id":"https:\/\/dehub.netgear.com\/de\/hub\/business\/enterprise-it\/why-you-should-consider-netgear-for-enterprise-it-in-2025\/#breadcrumb","itemListElement":[{"@type":"ListItem","position":1,"name":"Home","item":"https:\/\/dehub.netgear.com\/de\/hub\/"},{"@type":"ListItem","position":2,"name":"Business Articles Hub","item":"https:\/\/dehub.netgear.com\/de\/hub\/business\/"},{"@type":"ListItem","position":3,"name":"Business Networking Articles Hub","item":"https:\/\/dehub.netgear.com\/de\/hub\/business\/enterprise-it\/"},{"@type":"ListItem","position":4,"name":"Warum Sie NETGEAR f\u00fcr Enterprise-IT im Jahr 2025 in Betracht ziehen sollten"}]},{"@type":"WebSite","@id":"https:\/\/dehub.netgear.com\/de\/hub\/#website","url":"https:\/\/dehub.netgear.com\/de\/hub\/","name":"NETGEAR","description":"Erkunden Sie unsere Hub-Seiten und st\u00f6bern Sie in Artikeln, um mehr \u00fcber NETGEAR Produkte und Technologien zu erfahren.","publisher":{"@id":"https:\/\/dehub.netgear.com\/de\/hub\/#organization"},"potentialAction":[{"@type":"SearchAction","target":{"@type":"EntryPoint","urlTemplate":"https:\/\/dehub.netgear.com\/de\/hub\/?s={search_term_string}"},"query-input":{"@type":"PropertyValueSpecification","valueRequired":true,"valueName":"search_term_string"}}],"inLanguage":"de"},{"@type":"Organization","@id":"https:\/\/dehub.netgear.com\/de\/hub\/#organization","name":"NETGEAR","url":"https:\/\/dehub.netgear.com\/de\/hub\/","logo":{"@type":"ImageObject","inLanguage":"de","@id":"https:\/\/dehub.netgear.com\/de\/hub\/#\/schema\/logo\/image\/","url":"https:\/\/www.dehub.netgear.com\/de\/hub\/wp-content\/uploads\/2019\/07\/NETGEAR_logo.jpg","contentUrl":"https:\/\/www.dehub.netgear.com\/de\/hub\/wp-content\/uploads\/2019\/07\/NETGEAR_logo.jpg","width":1500,"height":501,"caption":"NETGEAR"},"image":{"@id":"https:\/\/dehub.netgear.com\/de\/hub\/#\/schema\/logo\/image\/"},"sameAs":["https:\/\/www.facebook.com\/NetgearAU\/","https:\/\/x.com\/NETGEAR","https:\/\/www.linkedin.com\/company\/netgear"]}]}},"_links":{"self":[{"href":"https:\/\/dehub.netgear.com\/de\/hub\/wp-json\/wp\/v2\/pages\/10700","targetHints":{"allow":["GET"]}}],"collection":[{"href":"https:\/\/dehub.netgear.com\/de\/hub\/wp-json\/wp\/v2\/pages"}],"about":[{"href":"https:\/\/dehub.netgear.com\/de\/hub\/wp-json\/wp\/v2\/types\/page"}],"author":[{"embeddable":true,"href":"https:\/\/dehub.netgear.com\/de\/hub\/wp-json\/wp\/v2\/users\/94"}],"replies":[{"embeddable":true,"href":"https:\/\/dehub.netgear.com\/de\/hub\/wp-json\/wp\/v2\/comments?post=10700"}],"version-history":[{"count":7,"href":"https:\/\/dehub.netgear.com\/de\/hub\/wp-json\/wp\/v2\/pages\/10700\/revisions"}],"predecessor-version":[{"id":10712,"href":"https:\/\/dehub.netgear.com\/de\/hub\/wp-json\/wp\/v2\/pages\/10700\/revisions\/10712"}],"up":[{"embeddable":true,"href":"https:\/\/dehub.netgear.com\/de\/hub\/wp-json\/wp\/v2\/pages\/6714"}],"wp:featuredmedia":[{"embeddable":true,"href":"https:\/\/dehub.netgear.com\/de\/hub\/wp-json\/wp\/v2\/media\/10706"}],"wp:attachment":[{"href":"https:\/\/dehub.netgear.com\/de\/hub\/wp-json\/wp\/v2\/media?parent=10700"}],"curies":[{"name":"wp","href":"https:\/\/api.w.org\/{rel}","templated":true}]}}