{"id":10670,"date":"2025-09-16T16:04:23","date_gmt":"2025-09-16T14:04:23","guid":{"rendered":"https:\/\/dehub.netgear.com\/de\/hub\/?page_id=10670"},"modified":"2025-09-16T23:29:57","modified_gmt":"2025-09-16T21:29:57","slug":"intelligentere-netzwerke-fur-wachsende-unternehmen","status":"publish","type":"page","link":"https:\/\/dehub.netgear.com\/de\/hub\/business\/enterprise-it\/intelligentere-netzwerke-fur-wachsende-unternehmen\/","title":{"rendered":"Intelligentere Netzwerke f\u00fcr wachsende Unternehmen"},"content":{"rendered":"<p><img loading=\"lazy\" decoding=\"async\" class=\"alignnone size-full wp-image-10681\" src=\"https:\/\/dehub.netgear.com\/de\/hub\/wp-content\/uploads\/2025\/09\/Simple-networks.jpeg\" alt=\"\" width=\"1048\" height=\"511\" style=\"border-radius:1em;\" srcset=\"https:\/\/dehub.netgear.com\/de\/hub\/wp-content\/uploads\/2025\/09\/Simple-networks.jpeg 1048w, https:\/\/dehub.netgear.com\/de\/hub\/wp-content\/uploads\/2025\/09\/Simple-networks-300x146.jpeg 300w, https:\/\/dehub.netgear.com\/de\/hub\/wp-content\/uploads\/2025\/09\/Simple-networks-1024x499.jpeg 1024w, https:\/\/dehub.netgear.com\/de\/hub\/wp-content\/uploads\/2025\/09\/Simple-networks-768x374.jpeg 768w\" sizes=\"auto, (max-width: 1048px) 100vw, 1048px\" \/><\/p>\n    <div class=\"table-of-content bg-gray\">\n        <p><strong>IN THIS ARTICLE<\/strong><\/p>\n        <ul>\n                        <li><a href=\"#topic1\">SCHNELLERE BEREITSTELLUNG, WENIGER AUSFALLZEIT<\/a><\/li>\n                        <li><a href=\"#topic2\">NETZWERKSICHERHEIT OHNE AUFWAND<\/a><\/li>\n                        <li><a href=\"#topic3\">EIN DASHBOARD, VOLLE KONTROLLE<\/a><\/li>\n                        <li><a href=\"#topic4\">ENTWICKELT F\u00dcR PARTNER, NICHT NUR F\u00dcR PRODUKTE<\/a><\/li>\n                        <li><a href=\"#topic5\">NETZWERKE, DIE MIT IHNEN WACHSEN<\/a><\/li>\n                        <li><a href=\"#topic6\">Mehr informationen<\/a><\/li>\n                    <\/ul>\n    <\/div>\n        <div id=\"topic1\" class=\"skip-item\">\n                        <h2>SCHNELLERE BEREITSTELLUNG, WENIGER AUSFALLZEIT<\/h2>\n                <p data-start=\"0\" data-end=\"327\">Wenn ein neues B\u00fcro online gehen muss, ein Einzelhandelsgesch\u00e4ft sein WLAN aufr\u00fcsten m\u00f6chte oder eine Franchise ihr IT-Setup an mehreren Standorten replizieren will, ist Geschwindigkeit entscheidend. Mit NETGEAR k\u00f6nnen Fachh\u00e4ndler und IT-Teams leistungsstarke Netzwerke schnell bereitstellen \u2013 oft in Stunden, nicht in Tagen.<\/p>\n<p data-start=\"329\" data-end=\"662\" data-is-last-node=\"\" data-is-only-node=\"\">Das liegt daran, dass unsere L\u00f6sungen auf Effizienz ausgelegt sind. Ger\u00e4te k\u00f6nnen vorkonfiguriert werden, werden im Netzwerk automatisch erkannt und online gebracht, ohne dass ein Techniker stundenlang vor Ort sein muss. Das bedeutet weniger Unterbrechungen f\u00fcr das Unternehmen und eine schnellere Wertsch\u00f6pfung f\u00fcr alle Beteiligten.<\/p>\n    <\/div>\n        <div id=\"topic2\" class=\"skip-item\">\n                        <h2>NETZWERKSICHERHEIT OHNE AUFWAND<\/h2>\n                <p>Sicherheit ist l\u00e4ngst kein optionales Extra mehr \u2013 auch nicht f\u00fcr kleine Unternehmen. Doch herk\u00f6mmliche Sicherheitsl\u00f6sungen sind oft teuer, schwer zu verwalten oder f\u00fcr viele KMU schlicht \u00fcberdimensioniert. NETGEAR macht Netzwerkschutz von Anfang an zum festen Bestandteil des Pakets \u2013 direkt ab Werk.<\/p>\n<p><img loading=\"lazy\" decoding=\"async\" class=\"wp-image-10672 size-full aligncenter\" src=\"https:\/\/dehub.netgear.com\/de\/hub\/wp-content\/uploads\/2025\/09\/simple-networks-v2.png\" alt=\"\" width=\"600\" height=\"272\" srcset=\"https:\/\/dehub.netgear.com\/de\/hub\/wp-content\/uploads\/2025\/09\/simple-networks-v2.png 600w, https:\/\/dehub.netgear.com\/de\/hub\/wp-content\/uploads\/2025\/09\/simple-networks-v2-300x136.png 300w\" sizes=\"auto, (max-width: 600px) 100vw, 600px\" \/><\/p>\n<p>&nbsp;<\/p>\n<p>Unsere Switches und Access Points unterst\u00fctzen eine sichere Netzwerksegmentierung, verschl\u00fcsselte WLAN-Verbindungen und automatisierte Firmware-Updates, die Sicherheitsl\u00fccken schlie\u00dfen, bevor sie zu Problemen werden. Sicherheit ist bei uns integriert, nicht nachtr\u00e4glich angeh\u00e4ngt \u2013 sodass Unternehmen sich auf ihre Arbeit konzentrieren k\u00f6nnen, ohne sich um das k\u00fcmmern zu m\u00fcssen, was im Hintergrund passiert.<\/p>\n    <\/div>\n        <div id=\"topic3\" class=\"skip-item\">\n                        <h2>EIN DASHBOARD, VOLLE KONTROLLE<\/h2>\n                <p data-start=\"0\" data-end=\"349\">Einer der gr\u00f6\u00dften Schmerzpunkte f\u00fcr interne IT-Teams wie auch f\u00fcr MSPs ist die Verwaltung mehrerer Netzwerke an unterschiedlichen Standorten oder bei verschiedenen Kunden. Genau hier kommt NETGEAR Insight ins Spiel. Mit Insight sind jedes Ger\u00e4t, jedes Netzwerk und jeder Benutzer \u00fcber ein einziges cloudbasiertes Dashboard sichtbar und verwaltbar.<\/p>\n<p data-start=\"351\" data-end=\"701\" data-is-last-node=\"\" data-is-only-node=\"\">Es ist nicht n\u00f6tig, zwischen verschiedenen Systemen zu wechseln oder zu entfernten Standorten zu fahren, nur um eine einfache Konfigurations\u00e4nderung vorzunehmen. Insight gibt Ihnen die M\u00f6glichkeit, in Echtzeit zu \u00fcberwachen und Fehler zu beheben, Updates standort\u00fcbergreifend bereitzustellen und alles von \u00fcberall aus reibungslos am Laufen zu halten.<\/p>\n    <\/div>\n        <div id=\"topic4\" class=\"skip-item\">\n                        <h2>ENTWICKELT F\u00dcR PARTNER, NICHT NUR F\u00dcR PRODUKTE<\/h2>\n                <p data-start=\"0\" data-end=\"315\">Wir wissen auch, dass gro\u00dfartige Technologie nur ein Teil der Geschichte ist. Die Beziehung, die wir zu unseren Partnern \u2013 H\u00e4ndlern, Integratoren und MSPs \u2013 aufbauen, ist ebenso wichtig. Deshalb haben wir hart daran gearbeitet, unsere L\u00f6sungen flexibel, transparent und einfach in der Zusammenarbeit zu gestalten.<\/p>\n<p data-start=\"317\" data-end=\"601\" data-is-last-node=\"\" data-is-only-node=\"\">Keine komplizierten Lizenzen. Keine langfristigen Bindungen. Nur klare Optionen, verl\u00e4sslicher Support und eine schnelle lokale Distribution, die unseren Partnern zum Erfolg verhilft. Ob Sie f\u00fcnf Kunden betreuen oder f\u00fcnfzig \u2013 NETGEAR unterst\u00fctzt Sie dabei, mit Zuversicht zu wachsen.<\/p>\n    <\/div>\n        <div id=\"topic5\" class=\"skip-item\">\n                        <h2>NETZWERKE, DIE MIT IHNEN WACHSEN<\/h2>\n                <p data-start=\"0\" data-end=\"288\">KMU wollen nicht das Gef\u00fchl haben, jedes Jahr aus ihrer IT-Infrastruktur herauszuwachsen. Sie m\u00f6chten Netzwerke, die mit ihnen skalieren, die auch beim Ausbau sicher bleiben und die nicht erfordern, dass sie selbst zu Netzwerkspezialisten werden, nur um den Betrieb am Laufen zu halten.<\/p>\n<p data-start=\"290\" data-end=\"551\">Genau daf\u00fcr sind wir da. Bei NETGEAR sind wir \u00fcberzeugt, dass zuverl\u00e4ssige, sichere und einfach zu verwaltende Netzwerke f\u00fcr jedes Unternehmen verf\u00fcgbar sein sollten \u2013 nicht nur f\u00fcr die gr\u00f6\u00dften. Und wir unterst\u00fctzen unsere Partner dabei, genau das zu liefern.<\/p>\n<p data-start=\"553\" data-end=\"714\" data-is-last-node=\"\" data-is-only-node=\"\">Neugierig, wie NETGEAR Ihrem Unternehmen oder Ihren Kunden helfen kann? Sprechen wir dar\u00fcber, wie IT einfacher, sicherer und schneller wird \u2013 ohne Kopfschmerzen.<\/p>\n    <\/div>\n        <div id=\"topic6\" class=\"skip-item\">\n                        <h2>Mehr informationen<\/h2>\n                <p data-start=\"1323\" data-end=\"1372\">Mehr \u00fcber unsere Business-Produkte erfahren<\/p>\n<p><a style=\"background-color: #2b3749;border: 0px none #000000;border-radius: 50px;color: #ffffff;font-size: 16px;font-family: Inter,sans-serif;font-style: normal;font-weight: 500;text-decoration: none;width: 100%;padding: 16px 24px 16px 24px\" href=\"https:\/\/www.netgear.com\/de\/business\/\" target=\"_blank\" rel=\"noopener\">NETGEAR BUSINESS L\u00d6SUNGEN<\/a><\/p>\n<p data-start=\"1375\" data-end=\"1436\">Alles \u00fcber IP-Netzwerke lernen \u2013 in der NETGEAR ACADEMY<\/p>\n<p><a style=\"background-color: #2b3749;border: 0px none #000000;border-radius: 50px;color: #ffffff;font-size: 16px;font-family: Inter,sans-serif;font-style: normal;font-weight: 500;text-decoration: none;width: 100%;padding: 16px 24px 16px 24px\" href=\"https:\/\/academy.netgear.com\/course\/index.php?categoryid=2&amp;hsCtaAttrib=211825855224\" target=\"_blank\" rel=\"noopener\">NETGEAR ACADEMY<\/a><\/p>\n<p data-start=\"1439\" data-end=\"1505\">Unsere Ingenieure unterst\u00fctzen Sie kostenlos bei Ihrem Projekt<\/p>\n<p><a style=\"background-color: #2b3749;border: 0px none #000000;border-radius: 50px;color: #ffffff;font-size: 16px;font-family: Inter,sans-serif;font-style: normal;font-weight: 500;text-decoration: none;width: 100%;padding: 16px 24px 16px 24px\" href=\"https:\/\/www.netgear.com\/de\/business\/av\/services\/prowifi-designsupport\/?hsCtaAttrib=211833679597\" target=\"_blank\" rel=\"noopener\">KONTAKTIEREN SIE DAS PRO-IT DESIGN TEAM<\/a><\/p>\n<p><iframe loading=\"lazy\" src=\"https:\/\/405nrr.share-na2.hsforms.com\/25w_D-U5iS-e5KaSaP86jnQ\" width=\"100%\" height=\"1200px\"><\/iframe><\/p>\n    <\/div>\n    \n","protected":false},"excerpt":{"rendered":"","protected":false},"author":94,"featured_media":10681,"parent":6714,"menu_order":0,"comment_status":"closed","ping_status":"closed","template":"templates\/blog-wifi.php","meta":{"_acf_changed":false,"footnotes":""},"class_list":["post-10670","page","type-page","status-publish","has-post-thumbnail","hentry"],"acf":[],"yoast_head":"<!-- This site is optimized with the Yoast SEO plugin v27.4 - https:\/\/yoast.com\/product\/yoast-seo-wordpress\/ -->\n<title>Intelligentere Netzwerke f\u00fcr wachsende Unternehmen - NETGEAR Hub<\/title>\n<meta name=\"description\" content=\"Top 10 WLAN-Probleme in KMUs und Bildungseinrichtungen (2025)Entdecken Sie, wie NETGEAR KMU mit Netzwerkl\u00f6sungen in Enterprise-Qualit\u00e4t unterst\u00fctzt \u2013 einfach, zuverl\u00e4ssig und darauf ausgelegt, IT-Komplexit\u00e4t zu beseitigen.\" \/>\n<meta name=\"robots\" content=\"index, follow, max-snippet:-1, max-image-preview:large, max-video-preview:-1\" \/>\n<link rel=\"canonical\" href=\"https:\/\/dehub.netgear.com\/de\/hub\/business\/enterprise-it\/intelligentere-netzwerke-fur-wachsende-unternehmen\/\" \/>\n<meta property=\"og:locale\" content=\"de_DE\" \/>\n<meta property=\"og:type\" content=\"article\" \/>\n<meta property=\"og:title\" content=\"Intelligentere Netzwerke f\u00fcr wachsende Unternehmen - NETGEAR Hub\" \/>\n<meta property=\"og:description\" content=\"Top 10 WLAN-Probleme in KMUs und Bildungseinrichtungen (2025)Entdecken Sie, wie NETGEAR KMU mit Netzwerkl\u00f6sungen in Enterprise-Qualit\u00e4t unterst\u00fctzt \u2013 einfach, zuverl\u00e4ssig und darauf ausgelegt, IT-Komplexit\u00e4t zu beseitigen.\" \/>\n<meta property=\"og:url\" content=\"https:\/\/dehub.netgear.com\/de\/hub\/business\/enterprise-it\/intelligentere-netzwerke-fur-wachsende-unternehmen\/\" \/>\n<meta property=\"og:site_name\" content=\"NETGEAR Hub\" \/>\n<meta property=\"article:publisher\" content=\"https:\/\/www.facebook.com\/NetgearAU\/\" \/>\n<meta property=\"article:modified_time\" content=\"2025-09-16T21:29:57+00:00\" \/>\n<meta property=\"og:image\" content=\"https:\/\/dehub.netgear.com\/de\/hub\/wp-content\/uploads\/2025\/09\/Simple-networks.jpeg\" \/>\n\t<meta property=\"og:image:width\" content=\"1048\" \/>\n\t<meta property=\"og:image:height\" content=\"511\" \/>\n\t<meta property=\"og:image:type\" content=\"image\/jpeg\" \/>\n<meta name=\"twitter:card\" content=\"summary_large_image\" \/>\n<meta name=\"twitter:site\" content=\"@NETGEAR\" \/>\n<script type=\"application\/ld+json\" class=\"yoast-schema-graph\">{\"@context\":\"https:\\\/\\\/schema.org\",\"@graph\":[{\"@type\":\"WebPage\",\"@id\":\"https:\\\/\\\/dehub.netgear.com\\\/de\\\/hub\\\/business\\\/enterprise-it\\\/intelligentere-netzwerke-fur-wachsende-unternehmen\\\/\",\"url\":\"https:\\\/\\\/dehub.netgear.com\\\/de\\\/hub\\\/business\\\/enterprise-it\\\/intelligentere-netzwerke-fur-wachsende-unternehmen\\\/\",\"name\":\"Intelligentere Netzwerke f\u00fcr wachsende Unternehmen - NETGEAR Hub\",\"isPartOf\":{\"@id\":\"https:\\\/\\\/dehub.netgear.com\\\/de\\\/hub\\\/#website\"},\"primaryImageOfPage\":{\"@id\":\"https:\\\/\\\/dehub.netgear.com\\\/de\\\/hub\\\/business\\\/enterprise-it\\\/intelligentere-netzwerke-fur-wachsende-unternehmen\\\/#primaryimage\"},\"image\":{\"@id\":\"https:\\\/\\\/dehub.netgear.com\\\/de\\\/hub\\\/business\\\/enterprise-it\\\/intelligentere-netzwerke-fur-wachsende-unternehmen\\\/#primaryimage\"},\"thumbnailUrl\":\"https:\\\/\\\/dehub.netgear.com\\\/de\\\/hub\\\/wp-content\\\/uploads\\\/2025\\\/09\\\/Simple-networks.jpeg\",\"datePublished\":\"2025-09-16T14:04:23+00:00\",\"dateModified\":\"2025-09-16T21:29:57+00:00\",\"description\":\"Top 10 WLAN-Probleme in KMUs und Bildungseinrichtungen (2025)Entdecken Sie, wie NETGEAR KMU mit Netzwerkl\u00f6sungen in Enterprise-Qualit\u00e4t unterst\u00fctzt \u2013 einfach, zuverl\u00e4ssig und darauf ausgelegt, IT-Komplexit\u00e4t zu beseitigen.\",\"breadcrumb\":{\"@id\":\"https:\\\/\\\/dehub.netgear.com\\\/de\\\/hub\\\/business\\\/enterprise-it\\\/intelligentere-netzwerke-fur-wachsende-unternehmen\\\/#breadcrumb\"},\"inLanguage\":\"de\",\"potentialAction\":[{\"@type\":\"ReadAction\",\"target\":[\"https:\\\/\\\/dehub.netgear.com\\\/de\\\/hub\\\/business\\\/enterprise-it\\\/intelligentere-netzwerke-fur-wachsende-unternehmen\\\/\"]}]},{\"@type\":\"ImageObject\",\"inLanguage\":\"de\",\"@id\":\"https:\\\/\\\/dehub.netgear.com\\\/de\\\/hub\\\/business\\\/enterprise-it\\\/intelligentere-netzwerke-fur-wachsende-unternehmen\\\/#primaryimage\",\"url\":\"https:\\\/\\\/dehub.netgear.com\\\/de\\\/hub\\\/wp-content\\\/uploads\\\/2025\\\/09\\\/Simple-networks.jpeg\",\"contentUrl\":\"https:\\\/\\\/dehub.netgear.com\\\/de\\\/hub\\\/wp-content\\\/uploads\\\/2025\\\/09\\\/Simple-networks.jpeg\",\"width\":1048,\"height\":511},{\"@type\":\"BreadcrumbList\",\"@id\":\"https:\\\/\\\/dehub.netgear.com\\\/de\\\/hub\\\/business\\\/enterprise-it\\\/intelligentere-netzwerke-fur-wachsende-unternehmen\\\/#breadcrumb\",\"itemListElement\":[{\"@type\":\"ListItem\",\"position\":1,\"name\":\"Home\",\"item\":\"https:\\\/\\\/dehub.netgear.com\\\/de\\\/hub\\\/\"},{\"@type\":\"ListItem\",\"position\":2,\"name\":\"Business Articles Hub\",\"item\":\"https:\\\/\\\/dehub.netgear.com\\\/de\\\/hub\\\/business\\\/\"},{\"@type\":\"ListItem\",\"position\":3,\"name\":\"Business Networking Articles Hub\",\"item\":\"https:\\\/\\\/dehub.netgear.com\\\/de\\\/hub\\\/business\\\/enterprise-it\\\/\"},{\"@type\":\"ListItem\",\"position\":4,\"name\":\"Intelligentere Netzwerke f\u00fcr wachsende Unternehmen\"}]},{\"@type\":\"WebSite\",\"@id\":\"https:\\\/\\\/dehub.netgear.com\\\/de\\\/hub\\\/#website\",\"url\":\"https:\\\/\\\/dehub.netgear.com\\\/de\\\/hub\\\/\",\"name\":\"NETGEAR\",\"description\":\"Erkunden Sie unsere Hub-Seiten und st\u00f6bern Sie in Artikeln, um mehr \u00fcber NETGEAR Produkte und Technologien zu erfahren.\",\"publisher\":{\"@id\":\"https:\\\/\\\/dehub.netgear.com\\\/de\\\/hub\\\/#organization\"},\"potentialAction\":[{\"@type\":\"SearchAction\",\"target\":{\"@type\":\"EntryPoint\",\"urlTemplate\":\"https:\\\/\\\/dehub.netgear.com\\\/de\\\/hub\\\/?s={search_term_string}\"},\"query-input\":{\"@type\":\"PropertyValueSpecification\",\"valueRequired\":true,\"valueName\":\"search_term_string\"}}],\"inLanguage\":\"de\"},{\"@type\":\"Organization\",\"@id\":\"https:\\\/\\\/dehub.netgear.com\\\/de\\\/hub\\\/#organization\",\"name\":\"NETGEAR\",\"url\":\"https:\\\/\\\/dehub.netgear.com\\\/de\\\/hub\\\/\",\"logo\":{\"@type\":\"ImageObject\",\"inLanguage\":\"de\",\"@id\":\"https:\\\/\\\/dehub.netgear.com\\\/de\\\/hub\\\/#\\\/schema\\\/logo\\\/image\\\/\",\"url\":\"https:\\\/\\\/www.dehub.netgear.com\\\/de\\\/hub\\\/wp-content\\\/uploads\\\/2019\\\/07\\\/NETGEAR_logo.jpg\",\"contentUrl\":\"https:\\\/\\\/www.dehub.netgear.com\\\/de\\\/hub\\\/wp-content\\\/uploads\\\/2019\\\/07\\\/NETGEAR_logo.jpg\",\"width\":1500,\"height\":501,\"caption\":\"NETGEAR\"},\"image\":{\"@id\":\"https:\\\/\\\/dehub.netgear.com\\\/de\\\/hub\\\/#\\\/schema\\\/logo\\\/image\\\/\"},\"sameAs\":[\"https:\\\/\\\/www.facebook.com\\\/NetgearAU\\\/\",\"https:\\\/\\\/x.com\\\/NETGEAR\",\"https:\\\/\\\/www.linkedin.com\\\/company\\\/netgear\"]}]}<\/script>\n<!-- \/ Yoast SEO plugin. -->","yoast_head_json":{"title":"Intelligentere Netzwerke f\u00fcr wachsende Unternehmen - NETGEAR Hub","description":"Top 10 WLAN-Probleme in KMUs und Bildungseinrichtungen (2025)Entdecken Sie, wie NETGEAR KMU mit Netzwerkl\u00f6sungen in Enterprise-Qualit\u00e4t unterst\u00fctzt \u2013 einfach, zuverl\u00e4ssig und darauf ausgelegt, IT-Komplexit\u00e4t zu beseitigen.","robots":{"index":"index","follow":"follow","max-snippet":"max-snippet:-1","max-image-preview":"max-image-preview:large","max-video-preview":"max-video-preview:-1"},"canonical":"https:\/\/dehub.netgear.com\/de\/hub\/business\/enterprise-it\/intelligentere-netzwerke-fur-wachsende-unternehmen\/","og_locale":"de_DE","og_type":"article","og_title":"Intelligentere Netzwerke f\u00fcr wachsende Unternehmen - NETGEAR Hub","og_description":"Top 10 WLAN-Probleme in KMUs und Bildungseinrichtungen (2025)Entdecken Sie, wie NETGEAR KMU mit Netzwerkl\u00f6sungen in Enterprise-Qualit\u00e4t unterst\u00fctzt \u2013 einfach, zuverl\u00e4ssig und darauf ausgelegt, IT-Komplexit\u00e4t zu beseitigen.","og_url":"https:\/\/dehub.netgear.com\/de\/hub\/business\/enterprise-it\/intelligentere-netzwerke-fur-wachsende-unternehmen\/","og_site_name":"NETGEAR Hub","article_publisher":"https:\/\/www.facebook.com\/NetgearAU\/","article_modified_time":"2025-09-16T21:29:57+00:00","og_image":[{"width":1048,"height":511,"url":"https:\/\/dehub.netgear.com\/de\/hub\/wp-content\/uploads\/2025\/09\/Simple-networks.jpeg","type":"image\/jpeg"}],"twitter_card":"summary_large_image","twitter_site":"@NETGEAR","schema":{"@context":"https:\/\/schema.org","@graph":[{"@type":"WebPage","@id":"https:\/\/dehub.netgear.com\/de\/hub\/business\/enterprise-it\/intelligentere-netzwerke-fur-wachsende-unternehmen\/","url":"https:\/\/dehub.netgear.com\/de\/hub\/business\/enterprise-it\/intelligentere-netzwerke-fur-wachsende-unternehmen\/","name":"Intelligentere Netzwerke f\u00fcr wachsende Unternehmen - NETGEAR Hub","isPartOf":{"@id":"https:\/\/dehub.netgear.com\/de\/hub\/#website"},"primaryImageOfPage":{"@id":"https:\/\/dehub.netgear.com\/de\/hub\/business\/enterprise-it\/intelligentere-netzwerke-fur-wachsende-unternehmen\/#primaryimage"},"image":{"@id":"https:\/\/dehub.netgear.com\/de\/hub\/business\/enterprise-it\/intelligentere-netzwerke-fur-wachsende-unternehmen\/#primaryimage"},"thumbnailUrl":"https:\/\/dehub.netgear.com\/de\/hub\/wp-content\/uploads\/2025\/09\/Simple-networks.jpeg","datePublished":"2025-09-16T14:04:23+00:00","dateModified":"2025-09-16T21:29:57+00:00","description":"Top 10 WLAN-Probleme in KMUs und Bildungseinrichtungen (2025)Entdecken Sie, wie NETGEAR KMU mit Netzwerkl\u00f6sungen in Enterprise-Qualit\u00e4t unterst\u00fctzt \u2013 einfach, zuverl\u00e4ssig und darauf ausgelegt, IT-Komplexit\u00e4t zu beseitigen.","breadcrumb":{"@id":"https:\/\/dehub.netgear.com\/de\/hub\/business\/enterprise-it\/intelligentere-netzwerke-fur-wachsende-unternehmen\/#breadcrumb"},"inLanguage":"de","potentialAction":[{"@type":"ReadAction","target":["https:\/\/dehub.netgear.com\/de\/hub\/business\/enterprise-it\/intelligentere-netzwerke-fur-wachsende-unternehmen\/"]}]},{"@type":"ImageObject","inLanguage":"de","@id":"https:\/\/dehub.netgear.com\/de\/hub\/business\/enterprise-it\/intelligentere-netzwerke-fur-wachsende-unternehmen\/#primaryimage","url":"https:\/\/dehub.netgear.com\/de\/hub\/wp-content\/uploads\/2025\/09\/Simple-networks.jpeg","contentUrl":"https:\/\/dehub.netgear.com\/de\/hub\/wp-content\/uploads\/2025\/09\/Simple-networks.jpeg","width":1048,"height":511},{"@type":"BreadcrumbList","@id":"https:\/\/dehub.netgear.com\/de\/hub\/business\/enterprise-it\/intelligentere-netzwerke-fur-wachsende-unternehmen\/#breadcrumb","itemListElement":[{"@type":"ListItem","position":1,"name":"Home","item":"https:\/\/dehub.netgear.com\/de\/hub\/"},{"@type":"ListItem","position":2,"name":"Business Articles Hub","item":"https:\/\/dehub.netgear.com\/de\/hub\/business\/"},{"@type":"ListItem","position":3,"name":"Business Networking Articles Hub","item":"https:\/\/dehub.netgear.com\/de\/hub\/business\/enterprise-it\/"},{"@type":"ListItem","position":4,"name":"Intelligentere Netzwerke f\u00fcr wachsende Unternehmen"}]},{"@type":"WebSite","@id":"https:\/\/dehub.netgear.com\/de\/hub\/#website","url":"https:\/\/dehub.netgear.com\/de\/hub\/","name":"NETGEAR","description":"Erkunden Sie unsere Hub-Seiten und st\u00f6bern Sie in Artikeln, um mehr \u00fcber NETGEAR Produkte und Technologien zu erfahren.","publisher":{"@id":"https:\/\/dehub.netgear.com\/de\/hub\/#organization"},"potentialAction":[{"@type":"SearchAction","target":{"@type":"EntryPoint","urlTemplate":"https:\/\/dehub.netgear.com\/de\/hub\/?s={search_term_string}"},"query-input":{"@type":"PropertyValueSpecification","valueRequired":true,"valueName":"search_term_string"}}],"inLanguage":"de"},{"@type":"Organization","@id":"https:\/\/dehub.netgear.com\/de\/hub\/#organization","name":"NETGEAR","url":"https:\/\/dehub.netgear.com\/de\/hub\/","logo":{"@type":"ImageObject","inLanguage":"de","@id":"https:\/\/dehub.netgear.com\/de\/hub\/#\/schema\/logo\/image\/","url":"https:\/\/www.dehub.netgear.com\/de\/hub\/wp-content\/uploads\/2019\/07\/NETGEAR_logo.jpg","contentUrl":"https:\/\/www.dehub.netgear.com\/de\/hub\/wp-content\/uploads\/2019\/07\/NETGEAR_logo.jpg","width":1500,"height":501,"caption":"NETGEAR"},"image":{"@id":"https:\/\/dehub.netgear.com\/de\/hub\/#\/schema\/logo\/image\/"},"sameAs":["https:\/\/www.facebook.com\/NetgearAU\/","https:\/\/x.com\/NETGEAR","https:\/\/www.linkedin.com\/company\/netgear"]}]}},"_links":{"self":[{"href":"https:\/\/dehub.netgear.com\/de\/hub\/wp-json\/wp\/v2\/pages\/10670","targetHints":{"allow":["GET"]}}],"collection":[{"href":"https:\/\/dehub.netgear.com\/de\/hub\/wp-json\/wp\/v2\/pages"}],"about":[{"href":"https:\/\/dehub.netgear.com\/de\/hub\/wp-json\/wp\/v2\/types\/page"}],"author":[{"embeddable":true,"href":"https:\/\/dehub.netgear.com\/de\/hub\/wp-json\/wp\/v2\/users\/94"}],"replies":[{"embeddable":true,"href":"https:\/\/dehub.netgear.com\/de\/hub\/wp-json\/wp\/v2\/comments?post=10670"}],"version-history":[{"count":4,"href":"https:\/\/dehub.netgear.com\/de\/hub\/wp-json\/wp\/v2\/pages\/10670\/revisions"}],"predecessor-version":[{"id":10686,"href":"https:\/\/dehub.netgear.com\/de\/hub\/wp-json\/wp\/v2\/pages\/10670\/revisions\/10686"}],"up":[{"embeddable":true,"href":"https:\/\/dehub.netgear.com\/de\/hub\/wp-json\/wp\/v2\/pages\/6714"}],"wp:featuredmedia":[{"embeddable":true,"href":"https:\/\/dehub.netgear.com\/de\/hub\/wp-json\/wp\/v2\/media\/10681"}],"wp:attachment":[{"href":"https:\/\/dehub.netgear.com\/de\/hub\/wp-json\/wp\/v2\/media?parent=10670"}],"curies":[{"name":"wp","href":"https:\/\/api.w.org\/{rel}","templated":true}]}}