{"id":10646,"date":"2025-09-12T05:42:08","date_gmt":"2025-09-12T03:42:08","guid":{"rendered":"https:\/\/dehub.netgear.com\/de\/hub\/business\/av\/netgear-lightware-av-over-ip-partnership-2\/"},"modified":"2025-09-12T05:50:50","modified_gmt":"2025-09-12T03:50:50","slug":"pixelhue-netgear-av-partnership","status":"publish","type":"page","link":"https:\/\/dehub.netgear.com\/de\/hub\/business\/av\/pixelhue-netgear-av-partnership\/","title":{"rendered":"Wie die Partnerschaft zwischen PIXELHUE und NETGEAR AV die professionelle AV-Welt neu definiert"},"content":{"rendered":"<h3>Wie die Partnerschaft zwischen PIXELHUE und NETGEAR AV die professionelle AV-Welt neu definiert<\/h3>\n<p>Was passiert, wenn ein AV-Prozessor in Broadcast-Qualit\u00e4t auf ein Plug-and-Play-Pro-AV-Netzwerk trifft? Eine bahnbrechende Innovation. Erfahren Sie, wie die Partnerschaft zwischen PIXELHUE PRO AV und NETGEAR AV die Zukunft von AV over IP neu gestaltet \u2013 mit ultraniedriger Latenz, 4K60-Pr\u00e4zision und bew\u00e4hrten Erfolgen in der Praxis \u2013 alles in einer nahtlosen, skalierbaren L\u00f6sung vereint. Wenn Sie im AV-Bereich t\u00e4tig sind, sollten Sie diese Zusammenarbeit kennen.     <div class=\"table-of-content bg-gray\">\n        <p><strong>IN THIS ARTICLE<\/strong><\/p>\n        <ul>\n                        <li><a href=\"#topic1\">Technologische Innovation hinter der Allianz<\/a><\/li>\n                        <li><a href=\"#topic2\">Die Rolle von ST 2110 in der Weiterentwicklung von Pro AV<\/a><\/li>\n                        <li><a href=\"#topic3\">Eine Partnerschaft auf solider Basis<\/a><\/li>\n                        <li><a href=\"#topic4\">Fokus auf AV-over-IP-Innovation<\/a><\/li>\n                        <li><a href=\"#topic5\">Skalierbare Ergebnisse durch strategische Zusammenarbeit<\/a><\/li>\n                        <li><a href=\"#topic6\">Warum diese Partnerschaft wichtig ist<\/a><\/li>\n                        <li><a href=\"#topic7\">Mehr informationen<\/a><\/li>\n                    <\/ul>\n    <\/div>\n        <div id=\"topic1\" class=\"skip-item\">\n                        <h2>Technologische Innovation hinter der Allianz<\/h2>\n                <p data-start=\"210\" data-end=\"396\">Die Konvergenz von Broadcast- und Pro-AV-Technologien hat in den letzten Jahren rasant zugenommen \u2013 angetrieben durch schnelle Fortschritte bei AV-over-IP-Standards und LED-Verarbeitung.<\/p>\n<p data-start=\"398\" data-end=\"952\">Ein herausragendes Beispiel f\u00fcr diesen Trend ist die Zusammenarbeit zwischen <strong data-start=\"475\" data-end=\"487\">PIXELHUE<\/strong> und <strong data-start=\"492\" data-end=\"506\">NETGEAR AV<\/strong>, die auf der <strong data-start=\"520\" data-end=\"532\">ISE 2025<\/strong> und <strong data-start=\"537\" data-end=\"554\">InfoComm 2025<\/strong> eindrucksvoll demonstriert wurde. Diese Partnerschaft zeigt, wie Innovationen in Protokollen wie <strong data-start=\"652\" data-end=\"669\">SMPTE ST 2110<\/strong> und <strong data-start=\"674\" data-end=\"682\">IPMX<\/strong>, kombiniert mit modernster LED-Display-Technologie, die Welt der Live-Produktion, Veranstaltungen und Enterprise-AV neu gestalten. Die Vorteile gehen \u00fcber feste Installationen hinaus und bieten auch echten Mehrwert f\u00fcr <strong data-start=\"902\" data-end=\"951\">Live-Produktion, Vermietung und B\u00fchnentechnik<\/strong>.<\/p>\n    <\/div>\n        <div id=\"topic2\" class=\"skip-item\">\n                        <h2>Die Rolle von ST 2110 in der Weiterentwicklung von Pro AV<\/h2>\n                <p data-start=\"1026\" data-end=\"1348\"><strong data-start=\"1026\" data-end=\"1043\">MPTE ST 2110<\/strong> hat sich als R\u00fcckgrat moderner Broadcast-Workflows etabliert und erm\u00f6glicht die \u00dcbertragung unkomprimierter Video-, Audio- und Metadaten \u00fcber IP-Netzwerke \u2013 mit pr\u00e4ziser Synchronisation. Die schnelle Verbreitung dieses Standards ebnet den Weg f\u00fcr eine nahtlose Integration unterschiedlichster AV-Systeme.<\/p>\n<p data-start=\"1350\" data-end=\"1709\">Aufbauend auf ST 2110 bietet <strong data-start=\"1379\" data-end=\"1424\">IPMX (Internet Protocol Media Experience)<\/strong> einen offenen Standard, der speziell auf den Pro-AV-Markt zugeschnitten ist. Er erm\u00f6glicht <strong data-start=\"1516\" data-end=\"1554\">Interoperabilit\u00e4t und Flexibilit\u00e4t<\/strong> \u00fcber verschiedene Ger\u00e4te und Plattformen hinweg \u2013 und kann sowohl auf <strong data-start=\"1625\" data-end=\"1663\">PTP- als auch Nicht-PTP-Netzwerken<\/strong> oder hybriden Architekturen betrieben werden.<\/p>\n<p data-start=\"1711\" data-end=\"1973\"><strong data-start=\"1711\" data-end=\"1725\">NETGEAR AV<\/strong> unterst\u00fctzt diese Standards an vorderster Front. Die <strong data-start=\"1779\" data-end=\"1794\">M4350-Serie<\/strong> wurde speziell f\u00fcr die hohen Anforderungen von ST 2110- und IPMX-Workflows entwickelt \u2013 mit der n\u00f6tigen Bandbreite und Timing-Pr\u00e4zision f\u00fcr hochwertige AV-over-IP-Installationen.<\/p>\n    <\/div>\n        <div id=\"topic3\" class=\"skip-item\">\n                        <h2>Eine Partnerschaft auf solider Basis<\/h2>\n                <p data-start=\"2026\" data-end=\"2366\"><strong data-start=\"2026\" data-end=\"2038\">PIXELHUE<\/strong> und <strong data-start=\"2043\" data-end=\"2054\">NETGEAR<\/strong> verbindet eine langj\u00e4hrige Zusammenarbeit bei Projekten in Europa und Asien \u2013 darunter Installationen bei den <strong data-start=\"2165\" data-end=\"2188\">Olympischen Spielen<\/strong> sowie gro\u00dfe <strong data-start=\"2201\" data-end=\"2224\">Enterprise-Projekte<\/strong>. Diese realen Erfolge unterstreichen den Wert einer <strong data-start=\"2277\" data-end=\"2365\">nahtlosen Integration von AV-Verarbeitung und leistungsf\u00e4higer Netzwerkinfrastruktur<\/strong>.<\/p>\n<p data-start=\"2368\" data-end=\"2779\">Fr\u00fchere gemeinsame Projekte konzentrierten sich auf den <strong data-start=\"2424\" data-end=\"2461\">PIXELHUE Q8 Presentation Switcher<\/strong> \u2013 eine modulare Plattform, die Broadcast-Qualit\u00e4t mit der Flexibilit\u00e4t von Pro AV vereint. Mit ST 2110-Eingangsmodulen und Mehrkanal-Videoverteilung \u00fcber IP war der Q8 ein Meilenstein in der Integration von Video- und Netzwerksystemen. Heute liegt der Fokus der Zusammenarbeit auf der neuen <strong data-start=\"2753\" data-end=\"2778\">Marke PIXELHUE PRO AV<\/strong>.<\/p>\n    <\/div>\n        <div id=\"topic4\" class=\"skip-item\">\n                        <h2>Fokus auf AV-over-IP-Innovation<\/h2>\n                <p data-start=\"2827\" data-end=\"3291\"><strong data-start=\"2827\" data-end=\"2846\">PIXELHUE PRO AV<\/strong> ist eine spezialisierte Untermarke von PIXELHUE, die sich der Neudefinition professioneller AV-Systeme widmet \u2013 mit intelligenten Algorithmen, leistungsstarker AV-over-IP-Architektur und hoher Netzwerkanpassungsf\u00e4higkeit. Obwohl unter dem PIXELHUE-Dach angesiedelt, agiert PIXELHUE PRO AV als eigenst\u00e4ndige Marke mit dem Ziel, <strong data-start=\"3174\" data-end=\"3246\">skalierbare, reaktionsschnelle und anwendungsspezifische AV-L\u00f6sungen<\/strong> f\u00fcr Integratoren und Unternehmen zu liefern.<\/p>\n<p data-start=\"3293\" data-end=\"3778\">Im Zentrum der aktuellen Zusammenarbeit mit NETGEAR steht die <strong data-start=\"3355\" data-end=\"3367\">PD-Serie<\/strong> \u2013 ein fortschrittlicher Dual-Stream-AV-over-IP-Prozessor, der auf einer leistungsstarken <strong data-start=\"3457\" data-end=\"3477\">FPGA-Architektur<\/strong> basiert. Mit dem firmeneigenen <strong data-start=\"3509\" data-end=\"3535\">InstSight\u2122-Algorithmus<\/strong> und dem <strong data-start=\"3544\" data-end=\"3559\">H.26x-Codec<\/strong> unterst\u00fctzt die PD-Serie <strong data-start=\"3585\" data-end=\"3658\">Echtzeit-Encoding und -Decoding mit extrem niedriger Latenz (ab 2 ms)<\/strong> sowie <strong data-start=\"3665\" data-end=\"3709\">visuell verlustfreie 4K60 4:4:4-Qualit\u00e4t<\/strong> \u2013 bei maximaler Anpassungsf\u00e4higkeit in komplexen IP-Infrastrukturen.<\/p>\n<p data-start=\"3780\" data-end=\"4084\">Die <strong data-start=\"3784\" data-end=\"3808\">Pro AV Line Switches<\/strong> von NETGEAR mit Plug-and-Play-Integration erwiesen sich in umfangreichen Kompatibilit\u00e4tstests als perfekte Erg\u00e4nzung. Zusammen bieten die <strong data-start=\"3947\" data-end=\"3980\">PD-Serie und NETGEAR Switches<\/strong> skalierbare, zuverl\u00e4ssige und leicht implementierbare AV-over-IP-Systeme f\u00fcr professionelle Umgebungen.<\/p>\n    <\/div>\n        <div id=\"topic5\" class=\"skip-item\">\n                        <h2>Skalierbare Ergebnisse durch strategische Zusammenarbeit<\/h2>\n                <p data-start=\"4157\" data-end=\"4562\">Die Partnerschaft zwischen <strong data-start=\"4184\" data-end=\"4203\">PIXELHUE PRO AV<\/strong> und <strong data-start=\"4208\" data-end=\"4222\">NETGEAR AV<\/strong> ist eine strategische Allianz, die fortschrittliche Videotechnologie mit robuster, AV-optimierter Netzwerk-Infrastruktur vereint. Ihre gemeinsame L\u00f6sung wurde auf Veranstaltungen wie der ISE und InfoComm 2025 pr\u00e4sentiert \u2013 mit beeindruckender <strong data-start=\"4466\" data-end=\"4498\">Plug-and-Play-Kompatibilit\u00e4t<\/strong>, <strong data-start=\"4500\" data-end=\"4524\">Echtzeitverarbeitung<\/strong> und intelligentem <strong data-start=\"4543\" data-end=\"4561\">Netzwerkdesign<\/strong>.<\/p>\n<p data-start=\"4564\" data-end=\"4849\">Dank dieser Kooperation setzt PIXELHUE PRO AV seine Vision intelligenter, flexibler AV-L\u00f6sungen um, w\u00e4hrend NETGEAR f\u00fcr zuverl\u00e4ssigen Transport, Synchronisierung und einfache Bereitstellung sorgt \u2013 und damit einen neuen Ma\u00dfstab f\u00fcr <strong data-start=\"4796\" data-end=\"4842\">AV-over-IP-Systeme der n\u00e4chsten Generation<\/strong> setzt.<\/p>\n    <\/div>\n        <div id=\"topic6\" class=\"skip-item\">\n                        <h2>Warum diese Partnerschaft wichtig ist<\/h2>\n                <p data-start=\"4903\" data-end=\"5434\">W\u00e4hrend die AV-Branche zunehmend auf IP-basierte L\u00f6sungen setzt, werden Partnerschaften wie die zwischen <strong data-start=\"5008\" data-end=\"5038\">PIXELHUE &amp; PIXELHUE PRO AV<\/strong> und <strong data-start=\"5043\" data-end=\"5057\">NETGEAR AV<\/strong> eine entscheidende Rolle bei der F\u00f6rderung von Innovationen und der Definition neuer Standards f\u00fcr Leistung und Interoperabilit\u00e4t spielen. Durch die Verschmelzung von Broadcast-, Pro-AV- und IT-Technologien bei gleichzeitiger Fokussierung auf nutzerorientiertes Design werden nicht nur aktuelle Marktanforderungen adressiert, sondern auch zuk\u00fcnftige Entwicklungen vorbereitet.<\/p>\n<p data-start=\"5436\" data-end=\"5774\">F\u00fcr Fachleute, die in der sich schnell entwickelnden AV-Landschaft vorne bleiben m\u00f6chten, ist es entscheidend, diese <strong data-start=\"5553\" data-end=\"5623\">neuen Technologien und Partnerschaften zu verstehen und umzusetzen<\/strong>. <strong data-start=\"5625\" data-end=\"5680\">NETGEAR bietet kostenfreie Schulungen f\u00fcr AV-Profis<\/strong> \u00fcber die <strong data-start=\"5690\" data-end=\"5709\">NETGEAR ACADEMY<\/strong> an \u2013 ideal f\u00fcr alle, die auf dem neuesten Stand bleiben m\u00f6chten.<\/p>\n    <\/div>\n        <div id=\"topic7\" class=\"skip-item\">\n                        <h2>Mehr informationen<\/h2>\n                <p>Unsere Ingenieure unterst\u00fctzen Sie kostenlos bei Ihren AV-Projekten.<\/p>\n<p><a style=\"background-color: #26e880;border: 0px none #000000;border-radius: 50px;color: #2c262d;font-size: 16px;font-family: Inter,sans-serif;font-style: normal;font-weight: 500;text-decoration: none;width: 100%;padding: 16px 24px 16px 24px\" href=\"https:\/\/www.netgear.com\/de\/business\/av\/services\/proav-designsupport\/?hsCtaAttrib=207818050288#contactformsupport\" target=\"_blank\" rel=\"noopener\">KONTAKTIEREN SIE DEN PROAV-SUPPORT<\/a><\/p>\n<p>Erfahren Sie alles \u00fcber IP-Netzwerke in unserer NETGEAR ACADEMY.<\/p>\n<p><a style=\"background-color: #26e880;border: 0px none #000000;border-radius: 50px;color: #2c262d;font-size: 16px;font-family: Inter,sans-serif;font-style: normal;font-weight: 500;text-decoration: none;width: 100%;padding: 16px 24px 16px 24px\" href=\"https:\/\/academy.netgear.com\/course\/index.php?categoryid=2&amp;hsCtaAttrib=207830330055\" target=\"_blank\" rel=\"noopener\">NETGEAR ACADEMY<\/a><\/p>\n<p>Mehr Informationen zu unseren AV-L\u00f6sungen<\/p>\n<p><a style=\"background-color: #26e880;border: 0px none #000000;border-radius: 50px;color: #2c262d;font-size: 16px;font-family: Inter,sans-serif;font-style: normal;font-weight: 500;text-decoration: none;width: 100%;padding: 16px 24px 16px 24px\" href=\"https:\/\/www.netgear.com\/de\/business\/av\/?hsCtaAttrib=207665517270\" target=\"_blank\" rel=\"noopener\">NETGEAR AV L\u00d6SUNGEN<\/a><\/p>\n<p><iframe loading=\"lazy\" src=\"https:\/\/405nrr.share-na2.hsforms.com\/25w_D-U5iS-e5KaSaP86jnQ\" width=\"100%\" height=\"1200px\"><\/iframe><\/p>\n    <\/div>\n    <\/p>\n","protected":false},"excerpt":{"rendered":"<p>Wie die Partnerschaft zwischen PIXELHUE und NETGEAR AV die professionelle AV-Welt neu definiert Was passiert, wenn ein AV-Prozessor in Broadcast-Qualit\u00e4t auf ein Plug-and-Play-Pro-AV-Netzwerk trifft? Eine bahnbrechende Innovation. Erfahren Sie, wie die Partnerschaft zwischen PIXELHUE PRO AV und NETGEAR AV die Zukunft von AV over IP neu gestaltet \u2013 mit ultraniedriger Latenz, 4K60-Pr\u00e4zision und bew\u00e4hrten Erfolgen [&hellip;]<\/p>\n","protected":false},"author":94,"featured_media":10650,"parent":6754,"menu_order":11,"comment_status":"closed","ping_status":"closed","template":"templates\/blog-wifi.php","meta":{"_acf_changed":false,"footnotes":""},"class_list":["post-10646","page","type-page","status-publish","has-post-thumbnail","hentry"],"acf":[],"yoast_head":"<!-- This site is optimized with the Yoast SEO plugin v27.4 - https:\/\/yoast.com\/product\/yoast-seo-wordpress\/ -->\n<title>Wie die Partnerschaft zwischen PIXELHUE und NETGEAR AV die professionelle AV-Welt neu definiert - NETGEAR Hub<\/title>\n<meta name=\"description\" content=\"Wie die Partnerschaft zwischen PIXELHUE und NETGEAR AV die professionelle AV-Welt neu definiert\" \/>\n<meta name=\"robots\" content=\"index, follow, max-snippet:-1, max-image-preview:large, max-video-preview:-1\" \/>\n<link rel=\"canonical\" href=\"https:\/\/dehub.netgear.com\/de\/hub\/business\/av\/pixelhue-netgear-av-partnership\/\" \/>\n<meta property=\"og:locale\" content=\"de_DE\" \/>\n<meta property=\"og:type\" content=\"article\" \/>\n<meta property=\"og:title\" content=\"Wie die Partnerschaft zwischen PIXELHUE und NETGEAR AV die professionelle AV-Welt neu definiert - NETGEAR Hub\" \/>\n<meta property=\"og:description\" content=\"Wie die Partnerschaft zwischen PIXELHUE und NETGEAR AV die professionelle AV-Welt neu definiert\" \/>\n<meta property=\"og:url\" content=\"https:\/\/dehub.netgear.com\/de\/hub\/business\/av\/pixelhue-netgear-av-partnership\/\" \/>\n<meta property=\"og:site_name\" content=\"NETGEAR Hub\" \/>\n<meta property=\"article:publisher\" content=\"https:\/\/www.facebook.com\/NetgearAU\/\" \/>\n<meta property=\"article:modified_time\" content=\"2025-09-12T03:50:50+00:00\" \/>\n<meta property=\"og:image\" content=\"https:\/\/dehub.netgear.com\/de\/hub\/wp-content\/uploads\/2025\/09\/vignette-pixelHUE.jpg\" \/>\n\t<meta property=\"og:image:width\" content=\"383\" \/>\n\t<meta property=\"og:image:height\" content=\"288\" \/>\n\t<meta property=\"og:image:type\" content=\"image\/jpeg\" \/>\n<meta name=\"twitter:card\" content=\"summary_large_image\" \/>\n<meta name=\"twitter:site\" content=\"@NETGEAR\" \/>\n<script type=\"application\/ld+json\" class=\"yoast-schema-graph\">{\"@context\":\"https:\\\/\\\/schema.org\",\"@graph\":[{\"@type\":\"WebPage\",\"@id\":\"https:\\\/\\\/dehub.netgear.com\\\/de\\\/hub\\\/business\\\/av\\\/pixelhue-netgear-av-partnership\\\/\",\"url\":\"https:\\\/\\\/dehub.netgear.com\\\/de\\\/hub\\\/business\\\/av\\\/pixelhue-netgear-av-partnership\\\/\",\"name\":\"Wie die Partnerschaft zwischen PIXELHUE und NETGEAR AV die professionelle AV-Welt neu definiert - NETGEAR Hub\",\"isPartOf\":{\"@id\":\"https:\\\/\\\/dehub.netgear.com\\\/de\\\/hub\\\/#website\"},\"primaryImageOfPage\":{\"@id\":\"https:\\\/\\\/dehub.netgear.com\\\/de\\\/hub\\\/business\\\/av\\\/pixelhue-netgear-av-partnership\\\/#primaryimage\"},\"image\":{\"@id\":\"https:\\\/\\\/dehub.netgear.com\\\/de\\\/hub\\\/business\\\/av\\\/pixelhue-netgear-av-partnership\\\/#primaryimage\"},\"thumbnailUrl\":\"https:\\\/\\\/dehub.netgear.com\\\/de\\\/hub\\\/wp-content\\\/uploads\\\/2025\\\/09\\\/vignette-pixelHUE.jpg\",\"datePublished\":\"2025-09-12T03:42:08+00:00\",\"dateModified\":\"2025-09-12T03:50:50+00:00\",\"description\":\"Wie die Partnerschaft zwischen PIXELHUE und NETGEAR AV die professionelle AV-Welt neu definiert\",\"breadcrumb\":{\"@id\":\"https:\\\/\\\/dehub.netgear.com\\\/de\\\/hub\\\/business\\\/av\\\/pixelhue-netgear-av-partnership\\\/#breadcrumb\"},\"inLanguage\":\"de\",\"potentialAction\":[{\"@type\":\"ReadAction\",\"target\":[\"https:\\\/\\\/dehub.netgear.com\\\/de\\\/hub\\\/business\\\/av\\\/pixelhue-netgear-av-partnership\\\/\"]}]},{\"@type\":\"ImageObject\",\"inLanguage\":\"de\",\"@id\":\"https:\\\/\\\/dehub.netgear.com\\\/de\\\/hub\\\/business\\\/av\\\/pixelhue-netgear-av-partnership\\\/#primaryimage\",\"url\":\"https:\\\/\\\/dehub.netgear.com\\\/de\\\/hub\\\/wp-content\\\/uploads\\\/2025\\\/09\\\/vignette-pixelHUE.jpg\",\"contentUrl\":\"https:\\\/\\\/dehub.netgear.com\\\/de\\\/hub\\\/wp-content\\\/uploads\\\/2025\\\/09\\\/vignette-pixelHUE.jpg\",\"width\":383,\"height\":288},{\"@type\":\"BreadcrumbList\",\"@id\":\"https:\\\/\\\/dehub.netgear.com\\\/de\\\/hub\\\/business\\\/av\\\/pixelhue-netgear-av-partnership\\\/#breadcrumb\",\"itemListElement\":[{\"@type\":\"ListItem\",\"position\":1,\"name\":\"Home\",\"item\":\"https:\\\/\\\/dehub.netgear.com\\\/de\\\/hub\\\/\"},{\"@type\":\"ListItem\",\"position\":2,\"name\":\"Business Articles Hub\",\"item\":\"https:\\\/\\\/dehub.netgear.com\\\/de\\\/hub\\\/business\\\/\"},{\"@type\":\"ListItem\",\"position\":3,\"name\":\"Business AV\",\"item\":\"https:\\\/\\\/dehub.netgear.com\\\/de\\\/hub\\\/business\\\/av\\\/\"},{\"@type\":\"ListItem\",\"position\":4,\"name\":\"Wie die Partnerschaft zwischen PIXELHUE und NETGEAR AV die professionelle AV-Welt neu definiert\"}]},{\"@type\":\"WebSite\",\"@id\":\"https:\\\/\\\/dehub.netgear.com\\\/de\\\/hub\\\/#website\",\"url\":\"https:\\\/\\\/dehub.netgear.com\\\/de\\\/hub\\\/\",\"name\":\"NETGEAR\",\"description\":\"Erkunden Sie unsere Hub-Seiten und st\u00f6bern Sie in Artikeln, um mehr \u00fcber NETGEAR Produkte und Technologien zu erfahren.\",\"publisher\":{\"@id\":\"https:\\\/\\\/dehub.netgear.com\\\/de\\\/hub\\\/#organization\"},\"potentialAction\":[{\"@type\":\"SearchAction\",\"target\":{\"@type\":\"EntryPoint\",\"urlTemplate\":\"https:\\\/\\\/dehub.netgear.com\\\/de\\\/hub\\\/?s={search_term_string}\"},\"query-input\":{\"@type\":\"PropertyValueSpecification\",\"valueRequired\":true,\"valueName\":\"search_term_string\"}}],\"inLanguage\":\"de\"},{\"@type\":\"Organization\",\"@id\":\"https:\\\/\\\/dehub.netgear.com\\\/de\\\/hub\\\/#organization\",\"name\":\"NETGEAR\",\"url\":\"https:\\\/\\\/dehub.netgear.com\\\/de\\\/hub\\\/\",\"logo\":{\"@type\":\"ImageObject\",\"inLanguage\":\"de\",\"@id\":\"https:\\\/\\\/dehub.netgear.com\\\/de\\\/hub\\\/#\\\/schema\\\/logo\\\/image\\\/\",\"url\":\"https:\\\/\\\/www.dehub.netgear.com\\\/de\\\/hub\\\/wp-content\\\/uploads\\\/2019\\\/07\\\/NETGEAR_logo.jpg\",\"contentUrl\":\"https:\\\/\\\/www.dehub.netgear.com\\\/de\\\/hub\\\/wp-content\\\/uploads\\\/2019\\\/07\\\/NETGEAR_logo.jpg\",\"width\":1500,\"height\":501,\"caption\":\"NETGEAR\"},\"image\":{\"@id\":\"https:\\\/\\\/dehub.netgear.com\\\/de\\\/hub\\\/#\\\/schema\\\/logo\\\/image\\\/\"},\"sameAs\":[\"https:\\\/\\\/www.facebook.com\\\/NetgearAU\\\/\",\"https:\\\/\\\/x.com\\\/NETGEAR\",\"https:\\\/\\\/www.linkedin.com\\\/company\\\/netgear\"]}]}<\/script>\n<!-- \/ Yoast SEO plugin. -->","yoast_head_json":{"title":"Wie die Partnerschaft zwischen PIXELHUE und NETGEAR AV die professionelle AV-Welt neu definiert - NETGEAR Hub","description":"Wie die Partnerschaft zwischen PIXELHUE und NETGEAR AV die professionelle AV-Welt neu definiert","robots":{"index":"index","follow":"follow","max-snippet":"max-snippet:-1","max-image-preview":"max-image-preview:large","max-video-preview":"max-video-preview:-1"},"canonical":"https:\/\/dehub.netgear.com\/de\/hub\/business\/av\/pixelhue-netgear-av-partnership\/","og_locale":"de_DE","og_type":"article","og_title":"Wie die Partnerschaft zwischen PIXELHUE und NETGEAR AV die professionelle AV-Welt neu definiert - NETGEAR Hub","og_description":"Wie die Partnerschaft zwischen PIXELHUE und NETGEAR AV die professionelle AV-Welt neu definiert","og_url":"https:\/\/dehub.netgear.com\/de\/hub\/business\/av\/pixelhue-netgear-av-partnership\/","og_site_name":"NETGEAR Hub","article_publisher":"https:\/\/www.facebook.com\/NetgearAU\/","article_modified_time":"2025-09-12T03:50:50+00:00","og_image":[{"width":383,"height":288,"url":"https:\/\/dehub.netgear.com\/de\/hub\/wp-content\/uploads\/2025\/09\/vignette-pixelHUE.jpg","type":"image\/jpeg"}],"twitter_card":"summary_large_image","twitter_site":"@NETGEAR","schema":{"@context":"https:\/\/schema.org","@graph":[{"@type":"WebPage","@id":"https:\/\/dehub.netgear.com\/de\/hub\/business\/av\/pixelhue-netgear-av-partnership\/","url":"https:\/\/dehub.netgear.com\/de\/hub\/business\/av\/pixelhue-netgear-av-partnership\/","name":"Wie die Partnerschaft zwischen PIXELHUE und NETGEAR AV die professionelle AV-Welt neu definiert - NETGEAR Hub","isPartOf":{"@id":"https:\/\/dehub.netgear.com\/de\/hub\/#website"},"primaryImageOfPage":{"@id":"https:\/\/dehub.netgear.com\/de\/hub\/business\/av\/pixelhue-netgear-av-partnership\/#primaryimage"},"image":{"@id":"https:\/\/dehub.netgear.com\/de\/hub\/business\/av\/pixelhue-netgear-av-partnership\/#primaryimage"},"thumbnailUrl":"https:\/\/dehub.netgear.com\/de\/hub\/wp-content\/uploads\/2025\/09\/vignette-pixelHUE.jpg","datePublished":"2025-09-12T03:42:08+00:00","dateModified":"2025-09-12T03:50:50+00:00","description":"Wie die Partnerschaft zwischen PIXELHUE und NETGEAR AV die professionelle AV-Welt neu definiert","breadcrumb":{"@id":"https:\/\/dehub.netgear.com\/de\/hub\/business\/av\/pixelhue-netgear-av-partnership\/#breadcrumb"},"inLanguage":"de","potentialAction":[{"@type":"ReadAction","target":["https:\/\/dehub.netgear.com\/de\/hub\/business\/av\/pixelhue-netgear-av-partnership\/"]}]},{"@type":"ImageObject","inLanguage":"de","@id":"https:\/\/dehub.netgear.com\/de\/hub\/business\/av\/pixelhue-netgear-av-partnership\/#primaryimage","url":"https:\/\/dehub.netgear.com\/de\/hub\/wp-content\/uploads\/2025\/09\/vignette-pixelHUE.jpg","contentUrl":"https:\/\/dehub.netgear.com\/de\/hub\/wp-content\/uploads\/2025\/09\/vignette-pixelHUE.jpg","width":383,"height":288},{"@type":"BreadcrumbList","@id":"https:\/\/dehub.netgear.com\/de\/hub\/business\/av\/pixelhue-netgear-av-partnership\/#breadcrumb","itemListElement":[{"@type":"ListItem","position":1,"name":"Home","item":"https:\/\/dehub.netgear.com\/de\/hub\/"},{"@type":"ListItem","position":2,"name":"Business Articles Hub","item":"https:\/\/dehub.netgear.com\/de\/hub\/business\/"},{"@type":"ListItem","position":3,"name":"Business AV","item":"https:\/\/dehub.netgear.com\/de\/hub\/business\/av\/"},{"@type":"ListItem","position":4,"name":"Wie die Partnerschaft zwischen PIXELHUE und NETGEAR AV die professionelle AV-Welt neu definiert"}]},{"@type":"WebSite","@id":"https:\/\/dehub.netgear.com\/de\/hub\/#website","url":"https:\/\/dehub.netgear.com\/de\/hub\/","name":"NETGEAR","description":"Erkunden Sie unsere Hub-Seiten und st\u00f6bern Sie in Artikeln, um mehr \u00fcber NETGEAR Produkte und Technologien zu erfahren.","publisher":{"@id":"https:\/\/dehub.netgear.com\/de\/hub\/#organization"},"potentialAction":[{"@type":"SearchAction","target":{"@type":"EntryPoint","urlTemplate":"https:\/\/dehub.netgear.com\/de\/hub\/?s={search_term_string}"},"query-input":{"@type":"PropertyValueSpecification","valueRequired":true,"valueName":"search_term_string"}}],"inLanguage":"de"},{"@type":"Organization","@id":"https:\/\/dehub.netgear.com\/de\/hub\/#organization","name":"NETGEAR","url":"https:\/\/dehub.netgear.com\/de\/hub\/","logo":{"@type":"ImageObject","inLanguage":"de","@id":"https:\/\/dehub.netgear.com\/de\/hub\/#\/schema\/logo\/image\/","url":"https:\/\/www.dehub.netgear.com\/de\/hub\/wp-content\/uploads\/2019\/07\/NETGEAR_logo.jpg","contentUrl":"https:\/\/www.dehub.netgear.com\/de\/hub\/wp-content\/uploads\/2019\/07\/NETGEAR_logo.jpg","width":1500,"height":501,"caption":"NETGEAR"},"image":{"@id":"https:\/\/dehub.netgear.com\/de\/hub\/#\/schema\/logo\/image\/"},"sameAs":["https:\/\/www.facebook.com\/NetgearAU\/","https:\/\/x.com\/NETGEAR","https:\/\/www.linkedin.com\/company\/netgear"]}]}},"_links":{"self":[{"href":"https:\/\/dehub.netgear.com\/de\/hub\/wp-json\/wp\/v2\/pages\/10646","targetHints":{"allow":["GET"]}}],"collection":[{"href":"https:\/\/dehub.netgear.com\/de\/hub\/wp-json\/wp\/v2\/pages"}],"about":[{"href":"https:\/\/dehub.netgear.com\/de\/hub\/wp-json\/wp\/v2\/types\/page"}],"author":[{"embeddable":true,"href":"https:\/\/dehub.netgear.com\/de\/hub\/wp-json\/wp\/v2\/users\/94"}],"replies":[{"embeddable":true,"href":"https:\/\/dehub.netgear.com\/de\/hub\/wp-json\/wp\/v2\/comments?post=10646"}],"version-history":[{"count":3,"href":"https:\/\/dehub.netgear.com\/de\/hub\/wp-json\/wp\/v2\/pages\/10646\/revisions"}],"predecessor-version":[{"id":10652,"href":"https:\/\/dehub.netgear.com\/de\/hub\/wp-json\/wp\/v2\/pages\/10646\/revisions\/10652"}],"up":[{"embeddable":true,"href":"https:\/\/dehub.netgear.com\/de\/hub\/wp-json\/wp\/v2\/pages\/6754"}],"wp:featuredmedia":[{"embeddable":true,"href":"https:\/\/dehub.netgear.com\/de\/hub\/wp-json\/wp\/v2\/media\/10650"}],"wp:attachment":[{"href":"https:\/\/dehub.netgear.com\/de\/hub\/wp-json\/wp\/v2\/media?parent=10646"}],"curies":[{"name":"wp","href":"https:\/\/api.w.org\/{rel}","templated":true}]}}