{"id":10630,"date":"2025-09-04T12:39:00","date_gmt":"2025-09-10T10:39:00","guid":{"rendered":"https:\/\/dehub.netgear.com\/de\/hub\/business\/av\/netgear-cedia-2025-smart-home-networking-2\/"},"modified":"2025-09-11T08:29:54","modified_gmt":"2025-09-11T06:29:54","slug":"easy-ip-based-broadcasting","status":"publish","type":"page","link":"https:\/\/dehub.netgear.com\/de\/hub\/business\/av\/easy-ip-based-broadcasting\/","title":{"rendered":"IP-Netzwerke f\u00fcr Broadcast \u2013 Einfach gemacht durch intelligentes Design"},"content":{"rendered":"<p data-start=\"168\" data-end=\"502\">Da immer mehr Broadcaster auf IP-basierte Workflows umsteigen \u2013 insbesondere im Rahmen der <strong data-start=\"259\" data-end=\"286\">SMPTE ST 2110-Standards<\/strong> \u2013 gewinnen sie an <strong data-start=\"305\" data-end=\"321\">Flexibilit\u00e4t<\/strong>, <strong data-start=\"323\" data-end=\"341\">Skalierbarkeit<\/strong> und der F\u00e4higkeit, Medien auf neue Weise zu \u00fcbertragen und zu verwalten, wie es mit traditionellen SDI- (Baseband-) Infrastrukturen einfach nicht m\u00f6glich war.<\/p>\n<p data-start=\"504\" data-end=\"560\">Doch diese Vorteile bringen neue Anforderungen mit sich.<\/p>\n<p data-start=\"562\" data-end=\"905\">Das Arbeiten in einer IP-Umgebung erfordert <strong data-start=\"606\" data-end=\"624\">neues Know-how<\/strong> \u2013 Netzwerkkenntnisse, die von vielen Broadcast-Ingenieuren vor wenigen Jahren noch nicht erwartet wurden. Selbst in <strong data-start=\"741\" data-end=\"762\">hybriden Systemen<\/strong>, in denen SDI und IP koexistieren, ist das <strong data-start=\"806\" data-end=\"828\">Netzwerkmanagement<\/strong> heute eine der gr\u00f6\u00dften Herausforderungen moderner Broadcast-Infrastrukturen.<\/p>\n<p data-start=\"907\" data-end=\"1114\">Bei <strong data-start=\"911\" data-end=\"922\">NETGEAR<\/strong> arbeiten wir gezielt daran, genau diesen Teil zu vereinfachen \u2013 mit speziell f\u00fcr Broadcast-Workflows und IP-basierte Medien\u00fcbertragung entwickelter <strong data-start=\"1071\" data-end=\"1083\">Hardware<\/strong>, <strong data-start=\"1085\" data-end=\"1097\">Software<\/strong> und <strong data-start=\"1102\" data-end=\"1113\">Support<\/strong>.<\/p>\n<p data-start=\"638\" data-end=\"852\">desto wichtiger sind zuverl\u00e4ssige, einfach zu implementierende L\u00f6sungen \u2013 und genau hier setzt NETGEAR an: Wir vereinfachen die Integration und sorgen f\u00fcr herausragende Ergebnisse.<\/p>\n    <div class=\"table-of-content bg-gray\">\n        <p><strong>IN THIS ARTICLE<\/strong><\/p>\n        <ul>\n                        <li><a href=\"#topic1\">Einfachere Tools f\u00fcr komplexe Umgebungen<\/a><\/li>\n                        <li><a href=\"#topic2\">Durchdachte Funktionen, die den Unterschied machen<\/a><\/li>\n                        <li><a href=\"#topic3\">Unterst\u00fctzung auf jedem Schritt des Weges<\/a><\/li>\n                        <li><a href=\"#topic4\">IP soll einfach funktionieren<\/a><\/li>\n                        <li><a href=\"#topic5\">Bereit, Ihr Broadcast-IP-Netzwerk zu vereinfachen?<\/a><\/li>\n                        <li><a href=\"#topic6\">Mehr informationen<\/a><\/li>\n                    <\/ul>\n    <\/div>\n        <div id=\"topic1\" class=\"skip-item\">\n                        <h2>Einfachere Tools f\u00fcr komplexe Umgebungen<\/h2>\n                <p data-start=\"1171\" data-end=\"1326\">Obwohl sich der Broadcast-Bereich seit Jahren in Richtung IP bewegt, haben sich viele der unterst\u00fctzenden Tools nicht im gleichen Tempo weiterentwickelt.<\/p>\n<p data-start=\"1328\" data-end=\"1561\">Die meisten Netzwerkswitches auf dem Markt wurden urspr\u00fcnglich f\u00fcr <strong data-start=\"1395\" data-end=\"1412\">IT-Umgebungen<\/strong> konzipiert \u2013 nicht f\u00fcr Medien- und Produktionsanwendungen. Sie erf\u00fcllen oft nicht die technischen Anforderungen professioneller Broadcast-Workflows.<\/p>\n<p data-start=\"1563\" data-end=\"2013\">Deshalb haben wir einen <strong data-start=\"1587\" data-end=\"1605\">anderen Ansatz<\/strong> gew\u00e4hlt:<br data-start=\"1614\" data-end=\"1617\" \/>Die <strong data-start=\"1621\" data-end=\"1655\">NETGEAR M4250- und M4350-Serie<\/strong> wurde speziell f\u00fcr AV- und Broadcast-Anwendungen entwickelt \u2013 mit Funktionen wie <strong data-start=\"1737\" data-end=\"1762\">einstellbaren L\u00fcftern<\/strong>, <strong data-start=\"1764\" data-end=\"1819\">wahlweise front- oder r\u00fcckseitig zug\u00e4nglichen Ports<\/strong>, und bei bestimmten Modellen <strong data-start=\"1849\" data-end=\"1880\">redundanter Stromversorgung<\/strong>. Was auf dem Papier wie kleine Details wirkt, macht in der Praxis einen gro\u00dfen Unterschied \u2013 vor allem bei Planung und Installation.<\/p>\n<p data-start=\"2015\" data-end=\"2340\">Ein weiteres wichtiges Tool zur Vereinfachung der Implementierung von IP-Netzwerken f\u00fcr Medien ist das <strong data-start=\"2118\" data-end=\"2136\">NETGEAR AV OS\u2122<\/strong> \u2013 ein speziell f\u00fcr AV entwickeltes Betriebssystem, das in jedem Switch enthalten ist. \u00dcber den kostenlosen <strong data-start=\"2244\" data-end=\"2274\">NETGEAR Engage\u2122 Controller<\/strong> k\u00f6nnen damit <strong data-start=\"2288\" data-end=\"2332\">mehrere Ger\u00e4te gleichzeitig konfiguriert<\/strong> werden.<\/p>\n<p data-start=\"2342\" data-end=\"2545\">Statt z.\u202fB. manuell VLANs einzurichten, kann ein Ingenieur einfach ein <strong data-start=\"2413\" data-end=\"2438\">zertifiziertes Profil<\/strong> (z.\u202fB. f\u00fcr Dante, NDI, ST 2110) einem Port oder Port-Gruppe zuweisen \u2013 auf einem oder mehreren Switches.<\/p>\n<p data-start=\"2547\" data-end=\"2664\">Das spart <strong data-start=\"2557\" data-end=\"2565\">Zeit<\/strong>, reduziert <strong data-start=\"2577\" data-end=\"2594\">Fehlerquellen<\/strong> und sorgt f\u00fcr eine <strong data-start=\"2614\" data-end=\"2644\">einheitliche Konfiguration<\/strong> im gesamten System.<\/p>\n    <\/div>\n        <div id=\"topic2\" class=\"skip-item\">\n                        <h2>Durchdachte Funktionen, die den Unterschied machen<\/h2>\n                <p data-start=\"2731\" data-end=\"3058\">Viele neue Hardware-Funktionen unserer broadcastfreundlichen Managed Switches basieren direkt auf <strong data-start=\"2829\" data-end=\"2849\">Anwenderfeedback<\/strong>.<br data-start=\"2850\" data-end=\"2853\" \/>Beispiel: Ausgew\u00e4hlte Modelle der <strong data-start=\"2887\" data-end=\"2902\">M4350-Serie<\/strong> verf\u00fcgen jetzt \u00fcber <strong data-start=\"2923\" data-end=\"2939\">farbige LEDs<\/strong>, die den zugewiesenen Profilen entsprechen \u2013 ideal, um Anschl\u00fcsse schnell zuzuordnen, besonders bei Live-Produktionen.<\/p>\n<p data-start=\"3060\" data-end=\"3079\">Weitere Features:<\/p>\n<ul data-start=\"3080\" data-end=\"3265\">\n<li data-start=\"3080\" data-end=\"3111\">\n<p data-start=\"3082\" data-end=\"3111\"><strong data-start=\"3082\" data-end=\"3109\">Sichere Stromanschl\u00fcsse<\/strong><\/p>\n<\/li>\n<li data-start=\"3112\" data-end=\"3265\">\n<p data-start=\"3114\" data-end=\"3265\">Unterst\u00fctzung f\u00fcr <strong data-start=\"3132\" data-end=\"3153\">Timing-Protokolle<\/strong> wie <strong data-start=\"3158\" data-end=\"3191\">PTP (Precision Time Protocol)<\/strong> und <strong data-start=\"3196\" data-end=\"3219\">Boundary Clock Mode<\/strong> \u2013 essenziell f\u00fcr ST 2110-Broadcast-Umgebungen<\/p>\n<\/li>\n<\/ul>\n<p data-start=\"3267\" data-end=\"3547\">Jede dieser Funktionen f\u00fcr sich allein mag nicht revolution\u00e4r erscheinen \u2013 aber f\u00fcr Ingenieure, die sich mit IP-basierten Medien-Workflows vertraut machen oder ihre Zeit lieber auf die Inhalte konzentrieren, <strong data-start=\"3475\" data-end=\"3546\">vereinfachen sie die Einrichtung und verbessern den Betrieb sp\u00fcrbar<\/strong>.<\/p>\n    <\/div>\n        <div id=\"topic3\" class=\"skip-item\">\n                        <h2>Unterst\u00fctzung auf jedem Schritt des Weges<\/h2>\n                <p data-start=\"3605\" data-end=\"3756\">Ein weiterer wichtiger Aspekt unserer Philosophie: <strong data-start=\"3656\" data-end=\"3679\">umfassender Support<\/strong> \u2013 von der ersten Planung bis hin zur langfristigen Wartung und Skalierung.<\/p>\n<p data-start=\"3758\" data-end=\"4022\">Unser <strong data-start=\"3764\" data-end=\"3804\">NETGEAR Network Design Services Team<\/strong> unterst\u00fctzt Integratoren und Ingenieure bereits <strong data-start=\"3853\" data-end=\"3869\">vor dem Kauf<\/strong>, um die passenden Switches zu spezifizieren, <strong data-start=\"3915\" data-end=\"3946\">Systemdesigns zu validieren<\/strong> und sicherzustellen, dass <strong data-start=\"3973\" data-end=\"4021\">alle Komponenten reibungslos zusammenspielen<\/strong>.<\/p>\n<p data-start=\"4024\" data-end=\"4194\">Und falls doch einmal Probleme auftreten: Unser <strong data-start=\"4072\" data-end=\"4095\">technischer Support<\/strong> verf\u00fcgt \u00fcber tiefgehende Erfahrung mit <strong data-start=\"4135\" data-end=\"4169\">IP-Netzwerken im Medienbereich<\/strong> und kann gezielt helfen.<\/p>\n<p data-start=\"4196\" data-end=\"4539\">Diese <strong data-start=\"4202\" data-end=\"4228\">individuelle Betreuung<\/strong> ist besonders wichtig, da Broadcast-Infrastrukturen je nach Anwendungsfall <strong data-start=\"4304\" data-end=\"4323\">ma\u00dfgeschneidert<\/strong> sein m\u00fcssen. Eine \u201eOne-size-fits-all\u201c-L\u00f6sung gibt es nicht. Doch mit unseren Tools und Services erm\u00f6glichen wir es Broadcastern, IP-basierte Infrastruktur mit <strong data-start=\"4483\" data-end=\"4527\">maximalem Nutzen \u2013 und minimalem Aufwand<\/strong> umzusetzen.<\/p>\n    <\/div>\n        <div id=\"topic4\" class=\"skip-item\">\n                        <h2>IP soll einfach funktionieren<\/h2>\n                <p>Ob Switches, Software oder Support \u2013 <strong data-start=\"4622\" data-end=\"4659\">NETGEAR entlastet Broadcast-Teams<\/strong> dabei, sich weniger um Infrastruktur und mehr um die <strong data-start=\"4713\" data-end=\"4778\">schnelle und zuverl\u00e4ssige Bereitstellung hochwertiger Inhalte<\/strong> zu k\u00fcmmern.<\/p>\n    <\/div>\n        <div id=\"topic5\" class=\"skip-item\">\n                        <h2>Bereit, Ihr Broadcast-IP-Netzwerk zu vereinfachen?<\/h2>\n                <p data-start=\"4857\" data-end=\"5006\">Egal, ob Sie ein vollst\u00e4ndiges <strong data-start=\"4888\" data-end=\"4906\">ST 2110-System<\/strong> planen oder IP schrittweise in ein <strong data-start=\"4942\" data-end=\"4960\">hybrides Setup<\/strong> integrieren m\u00f6chten \u2013 wir unterst\u00fctzen Sie.<\/p>\n<p data-start=\"5008\" data-end=\"5173\"><strong data-start=\"5008\" data-end=\"5065\">Kontaktieren Sie unser Broadcast Design Services Team<\/strong>, um gemeinsam Ihre Netzwerkinfrastruktur zu planen \u2013 von der ersten Idee bis hin zur langfristigen Wartung.<\/p>\n    <\/div>\n        <div id=\"topic6\" class=\"skip-item\">\n                        <h2>Mehr informationen<\/h2>\n                <p>Unsere Ingenieure unterst\u00fctzen Sie kostenlos bei Ihren AV-Projekten.<\/p>\n<p><a style=\"background-color: #26e880;border: 0px none #000000;border-radius: 50px;color: #2c262d;font-size: 16px;font-family: Inter,sans-serif;font-style: normal;font-weight: 500;text-decoration: none;width: 100%;padding: 16px 24px 16px 24px\" href=\"https:\/\/www.netgear.com\/de\/business\/av\/services\/proav-designsupport\/?hsCtaAttrib=207818050288#contactformsupport\" target=\"_blank\" rel=\"noopener\">KONTAKTIEREN SIE DEN PROAV-SUPPORT<\/a><\/p>\n<p>Erfahren Sie alles \u00fcber IP-Netzwerke in unserer NETGEAR ACADEMY.<\/p>\n<p><a style=\"background-color: #26e880;border: 0px none #000000;border-radius: 50px;color: #2c262d;font-size: 16px;font-family: Inter,sans-serif;font-style: normal;font-weight: 500;text-decoration: none;width: 100%;padding: 16px 24px 16px 24px\" href=\"https:\/\/academy.netgear.com\/course\/index.php?categoryid=2&amp;hsCtaAttrib=207830330055\" target=\"_blank\" rel=\"noopener\">NETGEAR ACADEMY<\/a><\/p>\n<p>Mehr Informationen zu unseren AV-L\u00f6sungen<\/p>\n<p><a style=\"background-color: #26e880;border: 0px none #000000;border-radius: 50px;color: #2c262d;font-size: 16px;font-family: Inter,sans-serif;font-style: normal;font-weight: 500;text-decoration: none;width: 100%;padding: 16px 24px 16px 24px\" href=\"https:\/\/www.netgear.com\/de\/business\/av\/?hsCtaAttrib=207665517270\" target=\"_blank\" rel=\"noopener\">NETGEAR AV L\u00d6SUNGEN<\/a><\/p>\n<p><iframe loading=\"lazy\" src=\"https:\/\/405nrr.share-na2.hsforms.com\/25w_D-U5iS-e5KaSaP86jnQ\" width=\"100%\" height=\"1200px\"><\/iframe><\/p>\n    <\/div>\n    \n","protected":false},"excerpt":{"rendered":"<p>Da immer mehr Broadcaster auf IP-basierte Workflows umsteigen \u2013 insbesondere im Rahmen der SMPTE ST 2110-Standards \u2013 gewinnen sie an Flexibilit\u00e4t, Skalierbarkeit und der F\u00e4higkeit, Medien auf neue Weise zu \u00fcbertragen und zu verwalten, wie es mit traditionellen SDI- (Baseband-) Infrastrukturen einfach nicht m\u00f6glich war. Doch diese Vorteile bringen neue Anforderungen mit sich. Das Arbeiten [&hellip;]<\/p>\n","protected":false},"author":94,"featured_media":10631,"parent":6754,"menu_order":11,"comment_status":"closed","ping_status":"closed","template":"templates\/blog-wifi.php","meta":{"_acf_changed":false,"footnotes":""},"class_list":["post-10630","page","type-page","status-publish","has-post-thumbnail","hentry"],"acf":[],"yoast_head":"<!-- This site is optimized with the Yoast SEO plugin v27.4 - https:\/\/yoast.com\/product\/yoast-seo-wordpress\/ -->\n<title>IP-Netzwerke f\u00fcr Broadcast \u2013 Einfach gemacht durch intelligentes Design - NETGEAR Hub<\/title>\n<meta name=\"description\" content=\"IP-Netzwerke f\u00fcr Broadcast \u2013 Einfach gemacht durch intelligentes Design\" \/>\n<meta name=\"robots\" content=\"index, follow, max-snippet:-1, max-image-preview:large, max-video-preview:-1\" \/>\n<link rel=\"canonical\" href=\"https:\/\/dehub.netgear.com\/de\/hub\/business\/av\/easy-ip-based-broadcasting\/\" \/>\n<meta property=\"og:locale\" content=\"de_DE\" \/>\n<meta property=\"og:type\" content=\"article\" \/>\n<meta property=\"og:title\" content=\"IP-Netzwerke f\u00fcr Broadcast \u2013 Einfach gemacht durch intelligentes Design - NETGEAR Hub\" \/>\n<meta property=\"og:description\" content=\"IP-Netzwerke f\u00fcr Broadcast \u2013 Einfach gemacht durch intelligentes Design\" \/>\n<meta property=\"og:url\" content=\"https:\/\/dehub.netgear.com\/de\/hub\/business\/av\/easy-ip-based-broadcasting\/\" \/>\n<meta property=\"og:site_name\" content=\"NETGEAR Hub\" \/>\n<meta property=\"article:publisher\" content=\"https:\/\/www.facebook.com\/NetgearAU\/\" \/>\n<meta property=\"article:modified_time\" content=\"2025-09-11T06:29:54+00:00\" \/>\n<meta property=\"og:image\" content=\"https:\/\/dehub.netgear.com\/de\/hub\/wp-content\/uploads\/2025\/09\/vignette-easy-ip-based-broadcasting.webp\" \/>\n\t<meta property=\"og:image:width\" content=\"383\" \/>\n\t<meta property=\"og:image:height\" content=\"288\" \/>\n\t<meta property=\"og:image:type\" content=\"image\/webp\" \/>\n<meta name=\"twitter:card\" content=\"summary_large_image\" \/>\n<meta name=\"twitter:site\" content=\"@NETGEAR\" \/>\n<meta name=\"twitter:label1\" content=\"Gesch\u00e4tzte Lesezeit\" \/>\n\t<meta name=\"twitter:data1\" content=\"1\u00a0Minute\" \/>\n<script type=\"application\/ld+json\" class=\"yoast-schema-graph\">{\"@context\":\"https:\\\/\\\/schema.org\",\"@graph\":[{\"@type\":\"WebPage\",\"@id\":\"https:\\\/\\\/dehub.netgear.com\\\/de\\\/hub\\\/business\\\/av\\\/easy-ip-based-broadcasting\\\/\",\"url\":\"https:\\\/\\\/dehub.netgear.com\\\/de\\\/hub\\\/business\\\/av\\\/easy-ip-based-broadcasting\\\/\",\"name\":\"IP-Netzwerke f\u00fcr Broadcast \u2013 Einfach gemacht durch intelligentes Design - NETGEAR Hub\",\"isPartOf\":{\"@id\":\"https:\\\/\\\/dehub.netgear.com\\\/de\\\/hub\\\/#website\"},\"primaryImageOfPage\":{\"@id\":\"https:\\\/\\\/dehub.netgear.com\\\/de\\\/hub\\\/business\\\/av\\\/easy-ip-based-broadcasting\\\/#primaryimage\"},\"image\":{\"@id\":\"https:\\\/\\\/dehub.netgear.com\\\/de\\\/hub\\\/business\\\/av\\\/easy-ip-based-broadcasting\\\/#primaryimage\"},\"thumbnailUrl\":\"https:\\\/\\\/dehub.netgear.com\\\/de\\\/hub\\\/wp-content\\\/uploads\\\/2025\\\/09\\\/vignette-easy-ip-based-broadcasting.webp\",\"datePublished\":\"2025-09-10T10:39:00+00:00\",\"dateModified\":\"2025-09-11T06:29:54+00:00\",\"description\":\"IP-Netzwerke f\u00fcr Broadcast \u2013 Einfach gemacht durch intelligentes Design\",\"breadcrumb\":{\"@id\":\"https:\\\/\\\/dehub.netgear.com\\\/de\\\/hub\\\/business\\\/av\\\/easy-ip-based-broadcasting\\\/#breadcrumb\"},\"inLanguage\":\"de\",\"potentialAction\":[{\"@type\":\"ReadAction\",\"target\":[\"https:\\\/\\\/dehub.netgear.com\\\/de\\\/hub\\\/business\\\/av\\\/easy-ip-based-broadcasting\\\/\"]}]},{\"@type\":\"ImageObject\",\"inLanguage\":\"de\",\"@id\":\"https:\\\/\\\/dehub.netgear.com\\\/de\\\/hub\\\/business\\\/av\\\/easy-ip-based-broadcasting\\\/#primaryimage\",\"url\":\"https:\\\/\\\/dehub.netgear.com\\\/de\\\/hub\\\/wp-content\\\/uploads\\\/2025\\\/09\\\/vignette-easy-ip-based-broadcasting.webp\",\"contentUrl\":\"https:\\\/\\\/dehub.netgear.com\\\/de\\\/hub\\\/wp-content\\\/uploads\\\/2025\\\/09\\\/vignette-easy-ip-based-broadcasting.webp\",\"width\":383,\"height\":288},{\"@type\":\"BreadcrumbList\",\"@id\":\"https:\\\/\\\/dehub.netgear.com\\\/de\\\/hub\\\/business\\\/av\\\/easy-ip-based-broadcasting\\\/#breadcrumb\",\"itemListElement\":[{\"@type\":\"ListItem\",\"position\":1,\"name\":\"Home\",\"item\":\"https:\\\/\\\/dehub.netgear.com\\\/de\\\/hub\\\/\"},{\"@type\":\"ListItem\",\"position\":2,\"name\":\"Business Articles Hub\",\"item\":\"https:\\\/\\\/dehub.netgear.com\\\/de\\\/hub\\\/business\\\/\"},{\"@type\":\"ListItem\",\"position\":3,\"name\":\"Business AV\",\"item\":\"https:\\\/\\\/dehub.netgear.com\\\/de\\\/hub\\\/business\\\/av\\\/\"},{\"@type\":\"ListItem\",\"position\":4,\"name\":\"IP-Netzwerke f\u00fcr Broadcast \u2013 Einfach gemacht durch intelligentes Design\"}]},{\"@type\":\"WebSite\",\"@id\":\"https:\\\/\\\/dehub.netgear.com\\\/de\\\/hub\\\/#website\",\"url\":\"https:\\\/\\\/dehub.netgear.com\\\/de\\\/hub\\\/\",\"name\":\"NETGEAR\",\"description\":\"Erkunden Sie unsere Hub-Seiten und st\u00f6bern Sie in Artikeln, um mehr \u00fcber NETGEAR Produkte und Technologien zu erfahren.\",\"publisher\":{\"@id\":\"https:\\\/\\\/dehub.netgear.com\\\/de\\\/hub\\\/#organization\"},\"potentialAction\":[{\"@type\":\"SearchAction\",\"target\":{\"@type\":\"EntryPoint\",\"urlTemplate\":\"https:\\\/\\\/dehub.netgear.com\\\/de\\\/hub\\\/?s={search_term_string}\"},\"query-input\":{\"@type\":\"PropertyValueSpecification\",\"valueRequired\":true,\"valueName\":\"search_term_string\"}}],\"inLanguage\":\"de\"},{\"@type\":\"Organization\",\"@id\":\"https:\\\/\\\/dehub.netgear.com\\\/de\\\/hub\\\/#organization\",\"name\":\"NETGEAR\",\"url\":\"https:\\\/\\\/dehub.netgear.com\\\/de\\\/hub\\\/\",\"logo\":{\"@type\":\"ImageObject\",\"inLanguage\":\"de\",\"@id\":\"https:\\\/\\\/dehub.netgear.com\\\/de\\\/hub\\\/#\\\/schema\\\/logo\\\/image\\\/\",\"url\":\"https:\\\/\\\/www.dehub.netgear.com\\\/de\\\/hub\\\/wp-content\\\/uploads\\\/2019\\\/07\\\/NETGEAR_logo.jpg\",\"contentUrl\":\"https:\\\/\\\/www.dehub.netgear.com\\\/de\\\/hub\\\/wp-content\\\/uploads\\\/2019\\\/07\\\/NETGEAR_logo.jpg\",\"width\":1500,\"height\":501,\"caption\":\"NETGEAR\"},\"image\":{\"@id\":\"https:\\\/\\\/dehub.netgear.com\\\/de\\\/hub\\\/#\\\/schema\\\/logo\\\/image\\\/\"},\"sameAs\":[\"https:\\\/\\\/www.facebook.com\\\/NetgearAU\\\/\",\"https:\\\/\\\/x.com\\\/NETGEAR\",\"https:\\\/\\\/www.linkedin.com\\\/company\\\/netgear\"]}]}<\/script>\n<!-- \/ Yoast SEO plugin. -->","yoast_head_json":{"title":"IP-Netzwerke f\u00fcr Broadcast \u2013 Einfach gemacht durch intelligentes Design - NETGEAR Hub","description":"IP-Netzwerke f\u00fcr Broadcast \u2013 Einfach gemacht durch intelligentes Design","robots":{"index":"index","follow":"follow","max-snippet":"max-snippet:-1","max-image-preview":"max-image-preview:large","max-video-preview":"max-video-preview:-1"},"canonical":"https:\/\/dehub.netgear.com\/de\/hub\/business\/av\/easy-ip-based-broadcasting\/","og_locale":"de_DE","og_type":"article","og_title":"IP-Netzwerke f\u00fcr Broadcast \u2013 Einfach gemacht durch intelligentes Design - NETGEAR Hub","og_description":"IP-Netzwerke f\u00fcr Broadcast \u2013 Einfach gemacht durch intelligentes Design","og_url":"https:\/\/dehub.netgear.com\/de\/hub\/business\/av\/easy-ip-based-broadcasting\/","og_site_name":"NETGEAR Hub","article_publisher":"https:\/\/www.facebook.com\/NetgearAU\/","article_modified_time":"2025-09-11T06:29:54+00:00","og_image":[{"width":383,"height":288,"url":"https:\/\/dehub.netgear.com\/de\/hub\/wp-content\/uploads\/2025\/09\/vignette-easy-ip-based-broadcasting.webp","type":"image\/webp"}],"twitter_card":"summary_large_image","twitter_site":"@NETGEAR","twitter_misc":{"Gesch\u00e4tzte Lesezeit":"1\u00a0Minute"},"schema":{"@context":"https:\/\/schema.org","@graph":[{"@type":"WebPage","@id":"https:\/\/dehub.netgear.com\/de\/hub\/business\/av\/easy-ip-based-broadcasting\/","url":"https:\/\/dehub.netgear.com\/de\/hub\/business\/av\/easy-ip-based-broadcasting\/","name":"IP-Netzwerke f\u00fcr Broadcast \u2013 Einfach gemacht durch intelligentes Design - NETGEAR Hub","isPartOf":{"@id":"https:\/\/dehub.netgear.com\/de\/hub\/#website"},"primaryImageOfPage":{"@id":"https:\/\/dehub.netgear.com\/de\/hub\/business\/av\/easy-ip-based-broadcasting\/#primaryimage"},"image":{"@id":"https:\/\/dehub.netgear.com\/de\/hub\/business\/av\/easy-ip-based-broadcasting\/#primaryimage"},"thumbnailUrl":"https:\/\/dehub.netgear.com\/de\/hub\/wp-content\/uploads\/2025\/09\/vignette-easy-ip-based-broadcasting.webp","datePublished":"2025-09-10T10:39:00+00:00","dateModified":"2025-09-11T06:29:54+00:00","description":"IP-Netzwerke f\u00fcr Broadcast \u2013 Einfach gemacht durch intelligentes Design","breadcrumb":{"@id":"https:\/\/dehub.netgear.com\/de\/hub\/business\/av\/easy-ip-based-broadcasting\/#breadcrumb"},"inLanguage":"de","potentialAction":[{"@type":"ReadAction","target":["https:\/\/dehub.netgear.com\/de\/hub\/business\/av\/easy-ip-based-broadcasting\/"]}]},{"@type":"ImageObject","inLanguage":"de","@id":"https:\/\/dehub.netgear.com\/de\/hub\/business\/av\/easy-ip-based-broadcasting\/#primaryimage","url":"https:\/\/dehub.netgear.com\/de\/hub\/wp-content\/uploads\/2025\/09\/vignette-easy-ip-based-broadcasting.webp","contentUrl":"https:\/\/dehub.netgear.com\/de\/hub\/wp-content\/uploads\/2025\/09\/vignette-easy-ip-based-broadcasting.webp","width":383,"height":288},{"@type":"BreadcrumbList","@id":"https:\/\/dehub.netgear.com\/de\/hub\/business\/av\/easy-ip-based-broadcasting\/#breadcrumb","itemListElement":[{"@type":"ListItem","position":1,"name":"Home","item":"https:\/\/dehub.netgear.com\/de\/hub\/"},{"@type":"ListItem","position":2,"name":"Business Articles Hub","item":"https:\/\/dehub.netgear.com\/de\/hub\/business\/"},{"@type":"ListItem","position":3,"name":"Business AV","item":"https:\/\/dehub.netgear.com\/de\/hub\/business\/av\/"},{"@type":"ListItem","position":4,"name":"IP-Netzwerke f\u00fcr Broadcast \u2013 Einfach gemacht durch intelligentes Design"}]},{"@type":"WebSite","@id":"https:\/\/dehub.netgear.com\/de\/hub\/#website","url":"https:\/\/dehub.netgear.com\/de\/hub\/","name":"NETGEAR","description":"Erkunden Sie unsere Hub-Seiten und st\u00f6bern Sie in Artikeln, um mehr \u00fcber NETGEAR Produkte und Technologien zu erfahren.","publisher":{"@id":"https:\/\/dehub.netgear.com\/de\/hub\/#organization"},"potentialAction":[{"@type":"SearchAction","target":{"@type":"EntryPoint","urlTemplate":"https:\/\/dehub.netgear.com\/de\/hub\/?s={search_term_string}"},"query-input":{"@type":"PropertyValueSpecification","valueRequired":true,"valueName":"search_term_string"}}],"inLanguage":"de"},{"@type":"Organization","@id":"https:\/\/dehub.netgear.com\/de\/hub\/#organization","name":"NETGEAR","url":"https:\/\/dehub.netgear.com\/de\/hub\/","logo":{"@type":"ImageObject","inLanguage":"de","@id":"https:\/\/dehub.netgear.com\/de\/hub\/#\/schema\/logo\/image\/","url":"https:\/\/www.dehub.netgear.com\/de\/hub\/wp-content\/uploads\/2019\/07\/NETGEAR_logo.jpg","contentUrl":"https:\/\/www.dehub.netgear.com\/de\/hub\/wp-content\/uploads\/2019\/07\/NETGEAR_logo.jpg","width":1500,"height":501,"caption":"NETGEAR"},"image":{"@id":"https:\/\/dehub.netgear.com\/de\/hub\/#\/schema\/logo\/image\/"},"sameAs":["https:\/\/www.facebook.com\/NetgearAU\/","https:\/\/x.com\/NETGEAR","https:\/\/www.linkedin.com\/company\/netgear"]}]}},"_links":{"self":[{"href":"https:\/\/dehub.netgear.com\/de\/hub\/wp-json\/wp\/v2\/pages\/10630","targetHints":{"allow":["GET"]}}],"collection":[{"href":"https:\/\/dehub.netgear.com\/de\/hub\/wp-json\/wp\/v2\/pages"}],"about":[{"href":"https:\/\/dehub.netgear.com\/de\/hub\/wp-json\/wp\/v2\/types\/page"}],"author":[{"embeddable":true,"href":"https:\/\/dehub.netgear.com\/de\/hub\/wp-json\/wp\/v2\/users\/94"}],"replies":[{"embeddable":true,"href":"https:\/\/dehub.netgear.com\/de\/hub\/wp-json\/wp\/v2\/comments?post=10630"}],"version-history":[{"count":2,"href":"https:\/\/dehub.netgear.com\/de\/hub\/wp-json\/wp\/v2\/pages\/10630\/revisions"}],"predecessor-version":[{"id":10634,"href":"https:\/\/dehub.netgear.com\/de\/hub\/wp-json\/wp\/v2\/pages\/10630\/revisions\/10634"}],"up":[{"embeddable":true,"href":"https:\/\/dehub.netgear.com\/de\/hub\/wp-json\/wp\/v2\/pages\/6754"}],"wp:featuredmedia":[{"embeddable":true,"href":"https:\/\/dehub.netgear.com\/de\/hub\/wp-json\/wp\/v2\/media\/10631"}],"wp:attachment":[{"href":"https:\/\/dehub.netgear.com\/de\/hub\/wp-json\/wp\/v2\/media?parent=10630"}],"curies":[{"name":"wp","href":"https:\/\/api.w.org\/{rel}","templated":true}]}}