{"id":10624,"date":"2025-09-03T12:28:54","date_gmt":"2025-09-10T10:28:54","guid":{"rendered":"https:\/\/dehub.netgear.com\/de\/hub\/business\/av\/netgear-lightware-av-over-ip-partnership-2\/"},"modified":"2025-09-11T08:29:36","modified_gmt":"2025-09-11T06:29:36","slug":"netgear-cedia-2025-smart-home-networking","status":"publish","type":"page","link":"https:\/\/dehub.netgear.com\/de\/hub\/business\/av\/netgear-cedia-2025-smart-home-networking\/","title":{"rendered":"NETGEAR im Rampenlicht auf der CEDIA 2025"},"content":{"rendered":"<p data-start=\"232\" data-end=\"475\">Der professionelle Wohnimmobilienmarkt entwickelt sich rasant \u2013 und <strong data-start=\"300\" data-end=\"311\">NETGEAR<\/strong> f\u00fchrt diesen Wandel mit innovativen Netzwerkl\u00f6sungen f\u00fcr <strong data-start=\"369\" data-end=\"387\">Luxuswohnungen<\/strong>, <strong data-start=\"389\" data-end=\"418\">Mehrfamilienh\u00e4user (MDUs)<\/strong> und <strong data-start=\"423\" data-end=\"469\">fortschrittliche Smart-Home-Installationen<\/strong> an.<\/p>\n<p data-start=\"477\" data-end=\"636\">Auf der <strong data-start=\"485\" data-end=\"509\">CEDIA 2025 in Denver<\/strong> pr\u00e4sentieren wir bahnbrechende Technologien, mit denen Integratoren nahtlose, leistungsstarke Erlebnisse realisieren k\u00f6nnen.<\/p>\n<p data-start=\"638\" data-end=\"852\">Je komplexer die Projekte werden, desto wichtiger sind zuverl\u00e4ssige, einfach zu implementierende L\u00f6sungen \u2013 und genau hier setzt NETGEAR an: Wir vereinfachen die Integration und sorgen f\u00fcr herausragende Ergebnisse.<\/p>\n    <div class=\"table-of-content bg-gray\">\n        <p><strong>IN THIS ARTICLE<\/strong><\/p>\n        <ul>\n                        <li><a href=\"#topic1\">Bahnbrechende L\u00f6sungen f\u00fcr professionelle Smart-Home-Installationen<\/a><\/li>\n                        <li><a href=\"#topic2\">Integratoren im Mittelpunkt<\/a><\/li>\n                        <li><a href=\"#topic3\">Produktneuheit: Der WAX610W<\/a><\/li>\n                        <li><a href=\"#topic4\">Mehr als nur WiFi: Ganzheitliche Netzwerkl\u00f6sungen f\u00fcr das smarte Zuhause<\/a><\/li>\n                        <li><a href=\"#topic5\">Erleben Sie die Zukunft auf der CEDIA 2025<\/a><\/li>\n                        <li><a href=\"#topic6\">Mehr informationen<\/a><\/li>\n                    <\/ul>\n    <\/div>\n        <div id=\"topic1\" class=\"skip-item\">\n                        <h2>Bahnbrechende L\u00f6sungen f\u00fcr professionelle Smart-Home-Installationen<\/h2>\n                <p data-start=\"936\" data-end=\"1218\">Der professionelle Wohnbereich befindet sich in einem rasanten Wandel \u2013 und NETGEAR gestaltet diesen aktiv mit. Unsere neuesten Netzwerkl\u00f6sungen wurden speziell f\u00fcr <strong data-start=\"1101\" data-end=\"1120\">Luxusresidenzen<\/strong>, <strong data-start=\"1122\" data-end=\"1144\">Mehrfamilienh\u00e4user<\/strong> und <strong data-start=\"1149\" data-end=\"1204\">intelligente Heiminstallationen auf h\u00f6chstem Niveau<\/strong> entwickelt.<\/p>\n<p data-start=\"1220\" data-end=\"1444\">Im <strong data-start=\"1223\" data-end=\"1265\">September auf der CEDIA 2025 in Denver<\/strong> stellen wir unsere neuesten Innovationen vor \u2013 und bieten Custom-Integratoren die Gelegenheit, Technologien hautnah zu erleben, die die Zukunft der Heimvernetzung neu definieren.<\/p>\n    <\/div>\n        <div id=\"topic2\" class=\"skip-item\">\n                        <h2>Integratoren im Mittelpunkt<\/h2>\n                <p data-start=\"1488\" data-end=\"1689\">Professionelle Integratoren sind die stillen Helden des heutigen Smart-Home-\u00d6kosystems. Sie verbinden Sicherheitsl\u00f6sungen, AV-Systeme und Netzwerkinfrastrukturen zu au\u00dfergew\u00f6hnlichen Wohnerlebnissen.<\/p>\n<p data-start=\"1691\" data-end=\"1907\">Mit steigenden Anforderungen durch 8K-Entertainment, umfassender Automatisierung und wachsender IoT-Dichte brauchen sie einen Partner, der ihre Herausforderungen versteht \u2013 sowohl technisch als auch im Projektablauf.<\/p>\n<p data-start=\"1909\" data-end=\"2093\"><strong data-start=\"1909\" data-end=\"1938\">NETGEAR bietet genau das:<\/strong> zuverl\u00e4ssige, schnell einsatzbereite L\u00f6sungen, die den Alltag von Integratoren erleichtern und gleichzeitig h\u00f6chste Leistung f\u00fcr deren Kunden garantieren.<\/p>\n    <\/div>\n        <div id=\"topic3\" class=\"skip-item\">\n                        <h2>Produktneuheit: Der WAX610W<\/h2>\n                <p data-start=\"2137\" data-end=\"2364\">Auf der <strong data-start=\"2145\" data-end=\"2159\">CEDIA 2025<\/strong> feiern wir die Premiere des <strong data-start=\"2188\" data-end=\"2199\">WAX610W<\/strong> \u2013 unserem bisher kompaktesten <strong data-start=\"2230\" data-end=\"2253\">WiFi 6 Access Point<\/strong>, entwickelt speziell f\u00fcr den Einsatz in <strong data-start=\"2294\" data-end=\"2308\">Hotellerie<\/strong>, <strong data-start=\"2310\" data-end=\"2333\">Mehrfamilienh\u00e4usern<\/strong> und <strong data-start=\"2338\" data-end=\"2363\">gehobenen Wohnanlagen<\/strong>.<\/p>\n<p data-start=\"2366\" data-end=\"2468\">Dieses kompakte Kraftpaket ist die perfekte Antwort auf die Anforderungen moderner Wohninstallationen:<\/p>\n<ul data-start=\"2470\" data-end=\"2894\">\n<li data-start=\"2470\" data-end=\"2566\">\n<p data-start=\"2472\" data-end=\"2566\"><strong data-start=\"2472\" data-end=\"2497\">Ultrakompakte Bauform<\/strong> und <strong data-start=\"2502\" data-end=\"2522\">elegantes Design<\/strong> \u2013 unauff\u00e4llig und leistungsstark zugleich<\/p>\n<\/li>\n<li data-start=\"2567\" data-end=\"2662\">\n<p data-start=\"2569\" data-end=\"2662\"><strong data-start=\"2569\" data-end=\"2596\">Ein Gigabit-PoE-In-Port<\/strong> f\u00fcr Stromversorgung und Uplink + <strong data-start=\"2630\" data-end=\"2660\">vier zus\u00e4tzliche LAN-Ports<\/strong><\/p>\n<\/li>\n<li data-start=\"2663\" data-end=\"2730\">\n<p data-start=\"2665\" data-end=\"2730\"><strong data-start=\"2665\" data-end=\"2703\">Bis zu 1,8 Gbit\/s Gesamt-Durchsatz<\/strong> auf zwei Frequenzb\u00e4ndern<\/p>\n<\/li>\n<li data-start=\"2731\" data-end=\"2805\">\n<p data-start=\"2733\" data-end=\"2805\"><strong data-start=\"2733\" data-end=\"2760\">Bidirektionales MU-MIMO<\/strong> und <strong data-start=\"2765\" data-end=\"2774\">OFDMA<\/strong> f\u00fcr dichte Client-Umgebungen<\/p>\n<\/li>\n<li data-start=\"2806\" data-end=\"2894\">\n<p data-start=\"2808\" data-end=\"2894\">Verwaltung \u00fcber <strong data-start=\"2824\" data-end=\"2843\">NETGEAR Insight<\/strong> \u2013 <strong data-start=\"2846\" data-end=\"2894\">keine zus\u00e4tzlichen Hardware-Controller n\u00f6tig<\/strong><\/p>\n<\/li>\n<\/ul>\n    <\/div>\n        <div id=\"topic4\" class=\"skip-item\">\n                        <h2>Mehr als nur WiFi: Ganzheitliche Netzwerkl\u00f6sungen f\u00fcr das smarte Zuhause<\/h2>\n                <p data-start=\"2983\" data-end=\"3285\">Der <strong data-start=\"2987\" data-end=\"2998\">WAX610W<\/strong> ist Teil eines umfassenden Portfolios, das speziell auf den professionellen Wohnbereich abgestimmt ist. Unsere AV Line Switches \u2013 darunter die revolution\u00e4re <strong data-start=\"3156\" data-end=\"3171\">M4350-Serie<\/strong> mit <strong data-start=\"3176\" data-end=\"3199\">farbcodierten Ports<\/strong> und <strong data-start=\"3204\" data-end=\"3222\">NETGEAR AV OS\u2122<\/strong> \u2013 ver\u00e4ndern die Art, wie Integratoren ganze Geb\u00e4ude vernetzen.<\/p>\n<p data-start=\"3287\" data-end=\"3499\">Dank <strong data-start=\"3292\" data-end=\"3332\">zertifizierter Konfigurationsprofile<\/strong> f\u00fcr Plattformen wie <strong data-start=\"3353\" data-end=\"3365\">Control4<\/strong>, <strong data-start=\"3367\" data-end=\"3379\">Crestron<\/strong>, <strong data-start=\"3381\" data-end=\"3391\">Savant<\/strong> und <strong data-start=\"3396\" data-end=\"3405\">Sonos<\/strong> werden komplexe Setups zum Kinderspiel \u2013 bei <strong data-start=\"3451\" data-end=\"3496\">deutlich reduziertem Installationsaufwand<\/strong>.<\/p>\n<p data-start=\"3501\" data-end=\"3579\">Das Ergebnis: <strong data-start=\"3515\" data-end=\"3541\">Enterprise-Performance<\/strong> mit <strong data-start=\"3546\" data-end=\"3578\">wohnfreundlicher Einfachheit<\/strong>.<\/p>\n<p align=\"center\"><iframe loading=\"lazy\" width=\"560\" height=\"315\" src=\"https:\/\/www.youtube.com\/embed\/AU8aCvUOfbc?si=dtI5LbsYLLuc25kk\" frameborder=\"0\" allowfullscreen><\/iframe><\/p>\n    <\/div>\n        <div id=\"topic5\" class=\"skip-item\">\n                        <h2>Erleben Sie die Zukunft auf der CEDIA 2025<\/h2>\n                <p data-start=\"3638\" data-end=\"3719\">esuchen Sie uns vom <strong data-start=\"3659\" data-end=\"3697\">3. bis 6. September 2025 in Denver<\/strong> am <strong data-start=\"3701\" data-end=\"3716\">Stand #3143<\/strong>:<\/p>\n<ul data-start=\"3720\" data-end=\"3834\">\n<li data-start=\"3720\" data-end=\"3739\">\n<p data-start=\"3722\" data-end=\"3739\">Exklusive Demos<\/p>\n<\/li>\n<li data-start=\"3740\" data-end=\"3765\">\n<p data-start=\"3742\" data-end=\"3765\">Technische Deep-Dives<\/p>\n<\/li>\n<li data-start=\"3766\" data-end=\"3834\">\n<p data-start=\"3768\" data-end=\"3834\">Pers\u00f6nlicher Austausch mit unseren <strong data-start=\"3803\" data-end=\"3834\">Ingenieur- und Produktteams<\/strong><\/p>\n<\/li>\n<\/ul>\n<p data-start=\"3836\" data-end=\"4016\">Erleben Sie, warum NETGEAR der zuverl\u00e4ssige Netzwerkpartner ist, den professionelle Integratoren brauchen \u2013 mit echtem Verst\u00e4ndnis f\u00fcr die Komplexit\u00e4t moderner Smart-Home-Projekte.<\/p>\n<p data-start=\"4018\" data-end=\"4167\"><strong data-start=\"4021\" data-end=\"4078\">Mehr erfahren zur NETGEAR-Pr\u00e4senz auf der CEDIA 2025:<\/strong><br data-start=\"4078\" data-end=\"4081\" \/><a class=\"decorated-link cursor-pointer\" href=\"https:\/\/www.netgear.com\/hub\/event\/cedia-expo\/\" target=\"_blank\" rel=\"noopener\" data-start=\"4081\" data-end=\"4167\">www.netgear.com\/hub\/event\/cedia-expo\/<\/a><\/p>\n    <\/div>\n        <div id=\"topic6\" class=\"skip-item\">\n                        <h2>Mehr informationen<\/h2>\n                <p>Unsere Ingenieure unterst\u00fctzen Sie kostenlos bei Ihren AV-Projekten.<\/p>\n<p><a style=\"background-color: #26e880;border: 0px none #000000;border-radius: 50px;color: #2c262d;font-size: 16px;font-family: Inter,sans-serif;font-style: normal;font-weight: 500;text-decoration: none;width: 100%;padding: 16px 24px 16px 24px\" href=\"https:\/\/www.netgear.com\/de\/business\/av\/services\/proav-designsupport\/?hsCtaAttrib=207818050288#contactformsupport\" target=\"_blank\" rel=\"noopener\">KONTAKTIEREN SIE DEN PROAV-SUPPORT<\/a><\/p>\n<p>Erfahren Sie alles \u00fcber IP-Netzwerke in unserer NETGEAR ACADEMY.<\/p>\n<p><a style=\"background-color: #26e880;border: 0px none #000000;border-radius: 50px;color: #2c262d;font-size: 16px;font-family: Inter,sans-serif;font-style: normal;font-weight: 500;text-decoration: none;width: 100%;padding: 16px 24px 16px 24px\" href=\"https:\/\/academy.netgear.com\/course\/index.php?categoryid=2&amp;hsCtaAttrib=207830330055\" target=\"_blank\" rel=\"noopener\">NETGEAR ACADEMY<\/a><\/p>\n<p>Mehr Informationen zu unseren AV-L\u00f6sungen<\/p>\n<p><a style=\"background-color: #26e880;border: 0px none #000000;border-radius: 50px;color: #2c262d;font-size: 16px;font-family: Inter,sans-serif;font-style: normal;font-weight: 500;text-decoration: none;width: 100%;padding: 16px 24px 16px 24px\" href=\"https:\/\/www.netgear.com\/de\/business\/av\/?hsCtaAttrib=207665517270\" target=\"_blank\" rel=\"noopener\">NETGEAR AV L\u00d6SUNGEN<\/a><\/p>\n<p><iframe loading=\"lazy\" src=\"https:\/\/405nrr.share-na2.hsforms.com\/25w_D-U5iS-e5KaSaP86jnQ\" width=\"100%\" height=\"1200px\"><\/iframe><\/p>\n    <\/div>\n    \n","protected":false},"excerpt":{"rendered":"<p>Der professionelle Wohnimmobilienmarkt entwickelt sich rasant \u2013 und NETGEAR f\u00fchrt diesen Wandel mit innovativen Netzwerkl\u00f6sungen f\u00fcr Luxuswohnungen, Mehrfamilienh\u00e4user (MDUs) und fortschrittliche Smart-Home-Installationen an. Auf der CEDIA 2025 in Denver pr\u00e4sentieren wir bahnbrechende Technologien, mit denen Integratoren nahtlose, leistungsstarke Erlebnisse realisieren k\u00f6nnen. Je komplexer die Projekte werden, desto wichtiger sind zuverl\u00e4ssige, einfach zu implementierende L\u00f6sungen \u2013 [&hellip;]<\/p>\n","protected":false},"author":94,"featured_media":10626,"parent":6754,"menu_order":11,"comment_status":"closed","ping_status":"closed","template":"templates\/blog-wifi.php","meta":{"_acf_changed":false,"footnotes":""},"class_list":["post-10624","page","type-page","status-publish","has-post-thumbnail","hentry"],"acf":[],"yoast_head":"<!-- This site is optimized with the Yoast SEO plugin v27.4 - https:\/\/yoast.com\/product\/yoast-seo-wordpress\/ -->\n<title>NETGEAR im Rampenlicht auf der CEDIA 2025 - NETGEAR Hub<\/title>\n<meta name=\"description\" content=\"NETGEAR im Rampenlicht auf der CEDIA 2025\" \/>\n<meta name=\"robots\" content=\"index, follow, max-snippet:-1, max-image-preview:large, max-video-preview:-1\" \/>\n<link rel=\"canonical\" href=\"https:\/\/dehub.netgear.com\/de\/hub\/business\/av\/netgear-cedia-2025-smart-home-networking\/\" \/>\n<meta property=\"og:locale\" content=\"de_DE\" \/>\n<meta property=\"og:type\" content=\"article\" \/>\n<meta property=\"og:title\" content=\"NETGEAR im Rampenlicht auf der CEDIA 2025 - NETGEAR Hub\" \/>\n<meta property=\"og:description\" content=\"NETGEAR im Rampenlicht auf der CEDIA 2025\" \/>\n<meta property=\"og:url\" content=\"https:\/\/dehub.netgear.com\/de\/hub\/business\/av\/netgear-cedia-2025-smart-home-networking\/\" \/>\n<meta property=\"og:site_name\" content=\"NETGEAR Hub\" \/>\n<meta property=\"article:publisher\" content=\"https:\/\/www.facebook.com\/NetgearAU\/\" \/>\n<meta property=\"article:modified_time\" content=\"2025-09-11T06:29:36+00:00\" \/>\n<meta property=\"og:image\" content=\"https:\/\/dehub.netgear.com\/de\/hub\/wp-content\/uploads\/2025\/09\/vignette-1756414624480-383x288-1.jpeg\" \/>\n\t<meta property=\"og:image:width\" content=\"383\" \/>\n\t<meta property=\"og:image:height\" content=\"288\" \/>\n\t<meta property=\"og:image:type\" content=\"image\/jpeg\" \/>\n<meta name=\"twitter:card\" content=\"summary_large_image\" \/>\n<meta name=\"twitter:site\" content=\"@NETGEAR\" \/>\n<script type=\"application\/ld+json\" class=\"yoast-schema-graph\">{\"@context\":\"https:\\\/\\\/schema.org\",\"@graph\":[{\"@type\":\"WebPage\",\"@id\":\"https:\\\/\\\/dehub.netgear.com\\\/de\\\/hub\\\/business\\\/av\\\/netgear-cedia-2025-smart-home-networking\\\/\",\"url\":\"https:\\\/\\\/dehub.netgear.com\\\/de\\\/hub\\\/business\\\/av\\\/netgear-cedia-2025-smart-home-networking\\\/\",\"name\":\"NETGEAR im Rampenlicht auf der CEDIA 2025 - NETGEAR Hub\",\"isPartOf\":{\"@id\":\"https:\\\/\\\/dehub.netgear.com\\\/de\\\/hub\\\/#website\"},\"primaryImageOfPage\":{\"@id\":\"https:\\\/\\\/dehub.netgear.com\\\/de\\\/hub\\\/business\\\/av\\\/netgear-cedia-2025-smart-home-networking\\\/#primaryimage\"},\"image\":{\"@id\":\"https:\\\/\\\/dehub.netgear.com\\\/de\\\/hub\\\/business\\\/av\\\/netgear-cedia-2025-smart-home-networking\\\/#primaryimage\"},\"thumbnailUrl\":\"https:\\\/\\\/dehub.netgear.com\\\/de\\\/hub\\\/wp-content\\\/uploads\\\/2025\\\/09\\\/vignette-1756414624480-383x288-1.jpeg\",\"datePublished\":\"2025-09-10T10:28:54+00:00\",\"dateModified\":\"2025-09-11T06:29:36+00:00\",\"description\":\"NETGEAR im Rampenlicht auf der CEDIA 2025\",\"breadcrumb\":{\"@id\":\"https:\\\/\\\/dehub.netgear.com\\\/de\\\/hub\\\/business\\\/av\\\/netgear-cedia-2025-smart-home-networking\\\/#breadcrumb\"},\"inLanguage\":\"de\",\"potentialAction\":[{\"@type\":\"ReadAction\",\"target\":[\"https:\\\/\\\/dehub.netgear.com\\\/de\\\/hub\\\/business\\\/av\\\/netgear-cedia-2025-smart-home-networking\\\/\"]}]},{\"@type\":\"ImageObject\",\"inLanguage\":\"de\",\"@id\":\"https:\\\/\\\/dehub.netgear.com\\\/de\\\/hub\\\/business\\\/av\\\/netgear-cedia-2025-smart-home-networking\\\/#primaryimage\",\"url\":\"https:\\\/\\\/dehub.netgear.com\\\/de\\\/hub\\\/wp-content\\\/uploads\\\/2025\\\/09\\\/vignette-1756414624480-383x288-1.jpeg\",\"contentUrl\":\"https:\\\/\\\/dehub.netgear.com\\\/de\\\/hub\\\/wp-content\\\/uploads\\\/2025\\\/09\\\/vignette-1756414624480-383x288-1.jpeg\",\"width\":383,\"height\":288},{\"@type\":\"BreadcrumbList\",\"@id\":\"https:\\\/\\\/dehub.netgear.com\\\/de\\\/hub\\\/business\\\/av\\\/netgear-cedia-2025-smart-home-networking\\\/#breadcrumb\",\"itemListElement\":[{\"@type\":\"ListItem\",\"position\":1,\"name\":\"Home\",\"item\":\"https:\\\/\\\/dehub.netgear.com\\\/de\\\/hub\\\/\"},{\"@type\":\"ListItem\",\"position\":2,\"name\":\"Business Articles Hub\",\"item\":\"https:\\\/\\\/dehub.netgear.com\\\/de\\\/hub\\\/business\\\/\"},{\"@type\":\"ListItem\",\"position\":3,\"name\":\"Business AV\",\"item\":\"https:\\\/\\\/dehub.netgear.com\\\/de\\\/hub\\\/business\\\/av\\\/\"},{\"@type\":\"ListItem\",\"position\":4,\"name\":\"NETGEAR im Rampenlicht auf der CEDIA 2025\"}]},{\"@type\":\"WebSite\",\"@id\":\"https:\\\/\\\/dehub.netgear.com\\\/de\\\/hub\\\/#website\",\"url\":\"https:\\\/\\\/dehub.netgear.com\\\/de\\\/hub\\\/\",\"name\":\"NETGEAR\",\"description\":\"Erkunden Sie unsere Hub-Seiten und st\u00f6bern Sie in Artikeln, um mehr \u00fcber NETGEAR Produkte und Technologien zu erfahren.\",\"publisher\":{\"@id\":\"https:\\\/\\\/dehub.netgear.com\\\/de\\\/hub\\\/#organization\"},\"potentialAction\":[{\"@type\":\"SearchAction\",\"target\":{\"@type\":\"EntryPoint\",\"urlTemplate\":\"https:\\\/\\\/dehub.netgear.com\\\/de\\\/hub\\\/?s={search_term_string}\"},\"query-input\":{\"@type\":\"PropertyValueSpecification\",\"valueRequired\":true,\"valueName\":\"search_term_string\"}}],\"inLanguage\":\"de\"},{\"@type\":\"Organization\",\"@id\":\"https:\\\/\\\/dehub.netgear.com\\\/de\\\/hub\\\/#organization\",\"name\":\"NETGEAR\",\"url\":\"https:\\\/\\\/dehub.netgear.com\\\/de\\\/hub\\\/\",\"logo\":{\"@type\":\"ImageObject\",\"inLanguage\":\"de\",\"@id\":\"https:\\\/\\\/dehub.netgear.com\\\/de\\\/hub\\\/#\\\/schema\\\/logo\\\/image\\\/\",\"url\":\"https:\\\/\\\/www.dehub.netgear.com\\\/de\\\/hub\\\/wp-content\\\/uploads\\\/2019\\\/07\\\/NETGEAR_logo.jpg\",\"contentUrl\":\"https:\\\/\\\/www.dehub.netgear.com\\\/de\\\/hub\\\/wp-content\\\/uploads\\\/2019\\\/07\\\/NETGEAR_logo.jpg\",\"width\":1500,\"height\":501,\"caption\":\"NETGEAR\"},\"image\":{\"@id\":\"https:\\\/\\\/dehub.netgear.com\\\/de\\\/hub\\\/#\\\/schema\\\/logo\\\/image\\\/\"},\"sameAs\":[\"https:\\\/\\\/www.facebook.com\\\/NetgearAU\\\/\",\"https:\\\/\\\/x.com\\\/NETGEAR\",\"https:\\\/\\\/www.linkedin.com\\\/company\\\/netgear\"]}]}<\/script>\n<!-- \/ Yoast SEO plugin. -->","yoast_head_json":{"title":"NETGEAR im Rampenlicht auf der CEDIA 2025 - NETGEAR Hub","description":"NETGEAR im Rampenlicht auf der CEDIA 2025","robots":{"index":"index","follow":"follow","max-snippet":"max-snippet:-1","max-image-preview":"max-image-preview:large","max-video-preview":"max-video-preview:-1"},"canonical":"https:\/\/dehub.netgear.com\/de\/hub\/business\/av\/netgear-cedia-2025-smart-home-networking\/","og_locale":"de_DE","og_type":"article","og_title":"NETGEAR im Rampenlicht auf der CEDIA 2025 - NETGEAR Hub","og_description":"NETGEAR im Rampenlicht auf der CEDIA 2025","og_url":"https:\/\/dehub.netgear.com\/de\/hub\/business\/av\/netgear-cedia-2025-smart-home-networking\/","og_site_name":"NETGEAR Hub","article_publisher":"https:\/\/www.facebook.com\/NetgearAU\/","article_modified_time":"2025-09-11T06:29:36+00:00","og_image":[{"width":383,"height":288,"url":"https:\/\/dehub.netgear.com\/de\/hub\/wp-content\/uploads\/2025\/09\/vignette-1756414624480-383x288-1.jpeg","type":"image\/jpeg"}],"twitter_card":"summary_large_image","twitter_site":"@NETGEAR","schema":{"@context":"https:\/\/schema.org","@graph":[{"@type":"WebPage","@id":"https:\/\/dehub.netgear.com\/de\/hub\/business\/av\/netgear-cedia-2025-smart-home-networking\/","url":"https:\/\/dehub.netgear.com\/de\/hub\/business\/av\/netgear-cedia-2025-smart-home-networking\/","name":"NETGEAR im Rampenlicht auf der CEDIA 2025 - NETGEAR Hub","isPartOf":{"@id":"https:\/\/dehub.netgear.com\/de\/hub\/#website"},"primaryImageOfPage":{"@id":"https:\/\/dehub.netgear.com\/de\/hub\/business\/av\/netgear-cedia-2025-smart-home-networking\/#primaryimage"},"image":{"@id":"https:\/\/dehub.netgear.com\/de\/hub\/business\/av\/netgear-cedia-2025-smart-home-networking\/#primaryimage"},"thumbnailUrl":"https:\/\/dehub.netgear.com\/de\/hub\/wp-content\/uploads\/2025\/09\/vignette-1756414624480-383x288-1.jpeg","datePublished":"2025-09-10T10:28:54+00:00","dateModified":"2025-09-11T06:29:36+00:00","description":"NETGEAR im Rampenlicht auf der CEDIA 2025","breadcrumb":{"@id":"https:\/\/dehub.netgear.com\/de\/hub\/business\/av\/netgear-cedia-2025-smart-home-networking\/#breadcrumb"},"inLanguage":"de","potentialAction":[{"@type":"ReadAction","target":["https:\/\/dehub.netgear.com\/de\/hub\/business\/av\/netgear-cedia-2025-smart-home-networking\/"]}]},{"@type":"ImageObject","inLanguage":"de","@id":"https:\/\/dehub.netgear.com\/de\/hub\/business\/av\/netgear-cedia-2025-smart-home-networking\/#primaryimage","url":"https:\/\/dehub.netgear.com\/de\/hub\/wp-content\/uploads\/2025\/09\/vignette-1756414624480-383x288-1.jpeg","contentUrl":"https:\/\/dehub.netgear.com\/de\/hub\/wp-content\/uploads\/2025\/09\/vignette-1756414624480-383x288-1.jpeg","width":383,"height":288},{"@type":"BreadcrumbList","@id":"https:\/\/dehub.netgear.com\/de\/hub\/business\/av\/netgear-cedia-2025-smart-home-networking\/#breadcrumb","itemListElement":[{"@type":"ListItem","position":1,"name":"Home","item":"https:\/\/dehub.netgear.com\/de\/hub\/"},{"@type":"ListItem","position":2,"name":"Business Articles Hub","item":"https:\/\/dehub.netgear.com\/de\/hub\/business\/"},{"@type":"ListItem","position":3,"name":"Business AV","item":"https:\/\/dehub.netgear.com\/de\/hub\/business\/av\/"},{"@type":"ListItem","position":4,"name":"NETGEAR im Rampenlicht auf der CEDIA 2025"}]},{"@type":"WebSite","@id":"https:\/\/dehub.netgear.com\/de\/hub\/#website","url":"https:\/\/dehub.netgear.com\/de\/hub\/","name":"NETGEAR","description":"Erkunden Sie unsere Hub-Seiten und st\u00f6bern Sie in Artikeln, um mehr \u00fcber NETGEAR Produkte und Technologien zu erfahren.","publisher":{"@id":"https:\/\/dehub.netgear.com\/de\/hub\/#organization"},"potentialAction":[{"@type":"SearchAction","target":{"@type":"EntryPoint","urlTemplate":"https:\/\/dehub.netgear.com\/de\/hub\/?s={search_term_string}"},"query-input":{"@type":"PropertyValueSpecification","valueRequired":true,"valueName":"search_term_string"}}],"inLanguage":"de"},{"@type":"Organization","@id":"https:\/\/dehub.netgear.com\/de\/hub\/#organization","name":"NETGEAR","url":"https:\/\/dehub.netgear.com\/de\/hub\/","logo":{"@type":"ImageObject","inLanguage":"de","@id":"https:\/\/dehub.netgear.com\/de\/hub\/#\/schema\/logo\/image\/","url":"https:\/\/www.dehub.netgear.com\/de\/hub\/wp-content\/uploads\/2019\/07\/NETGEAR_logo.jpg","contentUrl":"https:\/\/www.dehub.netgear.com\/de\/hub\/wp-content\/uploads\/2019\/07\/NETGEAR_logo.jpg","width":1500,"height":501,"caption":"NETGEAR"},"image":{"@id":"https:\/\/dehub.netgear.com\/de\/hub\/#\/schema\/logo\/image\/"},"sameAs":["https:\/\/www.facebook.com\/NetgearAU\/","https:\/\/x.com\/NETGEAR","https:\/\/www.linkedin.com\/company\/netgear"]}]}},"_links":{"self":[{"href":"https:\/\/dehub.netgear.com\/de\/hub\/wp-json\/wp\/v2\/pages\/10624","targetHints":{"allow":["GET"]}}],"collection":[{"href":"https:\/\/dehub.netgear.com\/de\/hub\/wp-json\/wp\/v2\/pages"}],"about":[{"href":"https:\/\/dehub.netgear.com\/de\/hub\/wp-json\/wp\/v2\/types\/page"}],"author":[{"embeddable":true,"href":"https:\/\/dehub.netgear.com\/de\/hub\/wp-json\/wp\/v2\/users\/94"}],"replies":[{"embeddable":true,"href":"https:\/\/dehub.netgear.com\/de\/hub\/wp-json\/wp\/v2\/comments?post=10624"}],"version-history":[{"count":3,"href":"https:\/\/dehub.netgear.com\/de\/hub\/wp-json\/wp\/v2\/pages\/10624\/revisions"}],"predecessor-version":[{"id":10629,"href":"https:\/\/dehub.netgear.com\/de\/hub\/wp-json\/wp\/v2\/pages\/10624\/revisions\/10629"}],"up":[{"embeddable":true,"href":"https:\/\/dehub.netgear.com\/de\/hub\/wp-json\/wp\/v2\/pages\/6754"}],"wp:featuredmedia":[{"embeddable":true,"href":"https:\/\/dehub.netgear.com\/de\/hub\/wp-json\/wp\/v2\/media\/10626"}],"wp:attachment":[{"href":"https:\/\/dehub.netgear.com\/de\/hub\/wp-json\/wp\/v2\/media?parent=10624"}],"curies":[{"name":"wp","href":"https:\/\/api.w.org\/{rel}","templated":true}]}}