{"id":10618,"date":"2025-09-02T12:16:59","date_gmt":"2025-09-10T10:16:59","guid":{"rendered":"https:\/\/dehub.netgear.com\/de\/hub\/business\/av\/the-cloud-revolution-in-professional-av-why-the-future-is-software-defined-2\/"},"modified":"2025-10-08T20:20:38","modified_gmt":"2025-10-08T18:20:38","slug":"netgear-lightware-av-over-ip-partnership","status":"publish","type":"page","link":"https:\/\/dehub.netgear.com\/de\/hub\/business\/av\/netgear-lightware-av-over-ip-partnership\/","title":{"rendered":"NETGEAR und Lightware definieren AV over IP neu"},"content":{"rendered":"<p>Durch die Kombination von 26 Jahren AV-Erfahrung mit bew\u00e4hrter Netzwerktechnologie liefern NETGEAR und Lightware skalierbare, vorvalidierte L\u00f6sungen von 1G bis 10G und dar\u00fcber hinaus. Sie vereinfachen die Implementierung und gew\u00e4hrleisten h\u00f6chste Zuverl\u00e4ssigkeit. Diese Partnerschaft umfasst auch gemeinsame Schulungsprogramme, die AV-Fachkr\u00e4fte mit dem Wissen ausstatten, das sie f\u00fcr zukunftssichere Installationen ben\u00f6tigen.     <div class=\"table-of-content bg-gray\">\n        <p><strong>IN THIS ARTICLE<\/strong><\/p>\n        <ul>\n                        <li><a href=\"#topic1\">AV Evolved \u2013 Partnerschaften der n\u00e4chsten Generation f\u00fcr AV der n\u00e4chsten Generation<\/a><\/li>\n                        <li><a href=\"#topic2\">Skalierbare L\u00f6sungen mit validierter Performance<\/a><\/li>\n                        <li><a href=\"#topic3\">Partnerschaft in der Ausbildung<\/a><\/li>\n                        <li><a href=\"#topic4\">Mehr informationen<\/a><\/li>\n                    <\/ul>\n    <\/div>\n        <div id=\"topic1\" class=\"skip-item\">\n                        <h2>AV Evolved \u2013 Partnerschaften der n\u00e4chsten Generation f\u00fcr AV der n\u00e4chsten Generation<\/h2>\n                <p data-start=\"718\" data-end=\"899\">Lightwares 26-j\u00e4hrige AV-Kompetenz trifft auf NETGEARs bew\u00e4hrte Netzwerkinnovationen, um dem zunehmenden Wandel der professionellen AV-Branche hin zu AV over IP gerecht zu werden.<\/p>\n<p data-start=\"901\" data-end=\"1330\">Angesichts der wachsenden Nachfrage nach flexiblen und skalierbaren L\u00f6sungen vereint diese Partnerschaft Lightwares umfassendes AV-over-IP-Portfolio mit der robusten Infrastruktur von NETGEAR. Gemeinsam liefern sie vorvalidierte L\u00f6sungen, die vielf\u00e4ltige Bandbreitenanforderungen von 1G bis 10G und dar\u00fcber hinaus unterst\u00fctzen \u2013 und damit Installationen in Unternehmens-, Unterhaltungs- und kritischen Umgebungen revolutionieren.<\/p>\n    <\/div>\n        <div id=\"topic2\" class=\"skip-item\">\n                        <h2>Skalierbare L\u00f6sungen mit validierter Performance<\/h2>\n                <p data-start=\"1395\" data-end=\"1612\">Lightwares Bandbreitenstrategie sorgt daf\u00fcr, dass f\u00fcr jede Anwendung die passende L\u00f6sung bereitsteht \u2013 von kosteneffizienten 1G-Installationen bis hin zu hochleistungsf\u00e4higen 10G-Systemen mit der TPN-Produktfamilie.<\/p>\n<p data-start=\"1614\" data-end=\"1781\">NETGEARs <strong data-start=\"1623\" data-end=\"1655\">M4250- und M4350-AV-Switches<\/strong> bilden das R\u00fcckgrat dieser Infrastruktur und schaffen eine zuverl\u00e4ssige Grundlage f\u00fcr heutige und zuk\u00fcnftige Anforderungen.<\/p>\n<p data-start=\"1783\" data-end=\"2090\">Ein vorkonfiguriertes <strong data-start=\"1805\" data-end=\"1825\">Lightware-Profil<\/strong> eliminiert komplexe Setups \u2013 und erm\u00f6glicht <strong data-start=\"1870\" data-end=\"1902\">Plug-and-Play-Installationen<\/strong> sowie die <strong data-start=\"1913\" data-end=\"1940\">One-Click-Konfiguration<\/strong> von <strong data-start=\"1945\" data-end=\"1964\">UBEX AV over IP<\/strong>. Die NETGEAR-Switches sind vollst\u00e4ndig mit Lightwares Portfolio getestet und bieten durchg\u00e4ngig leistungsstarke Ergebnisse.<\/p>\n<p data-start=\"2092\" data-end=\"2312\">Erfolg basiert dabei nicht nur auf Bandbreite \u2013 sondern auf einem optimalen Design hinsichtlich Latenz, Komprimierung und Kosten \u2013 und gibt Integratoren das Vertrauen, Leistung und Budget effektiv in Einklang zu bringen.<\/p>\n    <\/div>\n        <div id=\"topic3\" class=\"skip-item\">\n                        <h2>Partnerschaft in der Ausbildung<\/h2>\n                <p data-start=\"2360\" data-end=\"2479\">Diese Partnerschaft geht \u00fcber Technologie hinaus: Sie st\u00e4rkt die gesamte AV-Community durch praxisnahe Weiterbildung.<\/p>\n<p data-start=\"2481\" data-end=\"2664\">Die <strong data-start=\"2485\" data-end=\"2516\">UBEX-Schulung von Lightware<\/strong> ist jetzt auf der <strong data-start=\"2535\" data-end=\"2554\">NETGEAR Academy<\/strong> verf\u00fcgbar, w\u00e4hrend <strong data-start=\"2574\" data-end=\"2611\">NETGEARs Grundlagen des Netzwerks<\/strong> im <strong data-start=\"2615\" data-end=\"2644\">Lightware Trainingsportal<\/strong> angeboten werden.<\/p>\n<p data-start=\"2666\" data-end=\"2878\">Durch den plattform\u00fcbergreifenden Austausch von Know-how demokratisieren beide Unternehmen den Zugang zu professioneller Weiterbildung \u2013 und bef\u00e4higen AV-Integratoren, erfolgreiche AV-over-IP-Projekte umzusetzen.<\/p>\n    <\/div>\n        <div id=\"topic4\" class=\"skip-item\">\n                        <h2>Mehr informationen<\/h2>\n                <p><strong>Lightware L\u00f6sungen entdecken:<\/strong> <a href=\"https:\/\/www.lightware.com\/en\/solutions\/netgear\" target=\"_blank\" rel=\"noopener\">lightware.com<\/a><br \/>\n<strong>UBEX-Schulung auf der NETGEAR Academy: <\/strong><a href=\"https:\/\/academy.netgear.com\/\" target=\"_blank\" rel=\"noopener\">netgear.academy.com<\/a><a class=\"decorated-link cursor-pointer\" target=\"_new\" rel=\"noopener\" data-start=\"2942\" data-end=\"2984\"><br \/>\n<strong>NETGEAR Netzwerk-Schulungen im Lightware Portal:<\/strong><\/a> <a href=\"https:\/\/academy.lightware.com\/\" target=\"_blank\" rel=\"noopener\">academy.lightware.com<\/a><\/p>\n<p>Unsere Ingenieure unterst\u00fctzen Sie kostenlos bei Ihren AV-Projekten :<\/p>\n<div class=\"hs-cta-embed hs-cta-simple-placeholder hs-cta-embed-243357266676\" style=\"max-width:100%;max-height:100%;width:270px;height:50.390625px\" data-hubspot-wrapper-cta-id=\"243357266676\"><br \/>\n  <a href=\"https:\/\/cta-na2.hubspot.com\/web-interactives\/public\/v1\/track\/redirect?encryptedPayload=AVxigLL9MaHliYSOIHWsJvXrVuyffxSFGu%2FOD4neANfzotKQLgtjDgnA0CFJQWLPGl5hkjLPFJf7A76nk1yWw939l8y7nc4NGJ1%2Fa58epF2QbqIhW7KyV%2Fr75%2B8GCI%2FfEXyeGuic8buAEe%2F8pDQ63tT6ExQvwvvuG%2BeK5mOqM%2FlNsZUaeR4q5pghXZB3yAUIu7WWwKynlh9Y3Ug9ymAN6sNjHEzXMCgwSYmLqMh7eixTsrgTswO85eLb8rCODQ%3D%3D&#038;webInteractiveContentId=243357266676&#038;portalId=242128791\" target=\"_blank\" rel=\"noopener\"><br \/>\n    <img decoding=\"async\" alt=\"KONTAKT PROAV-TEAM\" loading=\"lazy\" src=\"https:\/\/hubspot-no-cache-na2-prod.s3.amazonaws.com\/cta\/default\/242128791\/interactive-243357266676.png\" style=\"height: 100%;width: 100%;object-fit: fill\" \/><br \/>\n  <\/a>\n<\/div>\n<p><\/p>\n<p>Erfahren Sie alles \u00fcber IP-Netzwerke in unserer NETGEAR ACADEMY :<\/p>\n<div class=\"hs-cta-embed hs-cta-simple-placeholder hs-cta-embed-243357267644\" style=\"max-width:100%;max-height:100%;width:260px;height:50.390625px\" data-hubspot-wrapper-cta-id=\"243357267644\"><br \/>\n  <a href=\"https:\/\/cta-na2.hubspot.com\/web-interactives\/public\/v1\/track\/redirect?encryptedPayload=AVxigLKW9uCCU9FL7iPOCpU%2BvA8Z1UfLRQT8691iSSqh%2BqLrpD%2FITlt6RGXTdhci0W5DkR0wb%2FpK%2BWToDj8Qf0HaQwR0kyzZgK35i%2BhitHvCmHPH8BmXutiugzeYtEHOY6aYTSXoNxDjJJwwtUXAzSqnxQuhx5jjnWcHl4zUp4Dt1tTG2PymP7esgNCNHKHECJ76tda5x0hFMo8JQo6UwGGb9CBw4fyYnA%3D%3D&#038;webInteractiveContentId=243357267644&#038;portalId=242128791\" target=\"_blank\" rel=\"noopener\"><br \/>\n    <img decoding=\"async\" alt=\"NETGEAR ACADEMY\" loading=\"lazy\" src=\"https:\/\/hubspot-no-cache-na2-prod.s3.amazonaws.com\/cta\/default\/242128791\/interactive-243357267644.png\" style=\"height: 100%;width: 100%;object-fit: fill\" \/><br \/>\n  <\/a>\n<\/div>\n<p><\/p>\n<p>Mehr Informationen zu unseren AV-L\u00f6sungen :<\/p>\n<div class=\"hs-cta-embed hs-cta-simple-placeholder hs-cta-embed-243392275167\" style=\"max-width:100%;max-height:100%;width:260px;height:50.390625px\" data-hubspot-wrapper-cta-id=\"243392275167\"><br \/>\n  <a href=\"https:\/\/cta-na2.hubspot.com\/web-interactives\/public\/v1\/track\/redirect?encryptedPayload=AVxigLI%2Fu8J7nFnep8w0CfLqqlWixXySh0cANLn7TQ3MtLEGeFdfhQxw3AVxVzYlZOkZoVB4gdslqY4il1pZTz7RSKy0mNw%2BF1Y6bdIwWiFAFfgtF%2FkXW%2Fmq0JFY6OQExFSwjiafSp97IxwGv6iNNhiT9X6MQziOnjaAnh9UsXCYR2VD1S791%2F7MVwT1TQ%3D%3D&#038;webInteractiveContentId=243392275167&#038;portalId=242128791\" target=\"_blank\" rel=\"noopener\"><br \/>\n    <img decoding=\"async\" alt=\"NETGEAR AV-L&Ouml;SUNGEN\" loading=\"lazy\" src=\"https:\/\/hubspot-no-cache-na2-prod.s3.amazonaws.com\/cta\/default\/242128791\/interactive-243392275167.png\" style=\"height: 100%;width: 100%;object-fit: fill\" \/><br \/>\n  <\/a>\n<\/div>\n<p><\/p>\n<p><iframe loading=\"lazy\" src=\"https:\/\/405nrr.share-na2.hsforms.com\/25w_D-U5iS-e5KaSaP86jnQ\" width=\"100%\" height=\"1200px\"><\/iframe><\/p>\n    <\/div>\n    <\/p>\n","protected":false},"excerpt":{"rendered":"<p>Durch die Kombination von 26 Jahren AV-Erfahrung mit bew\u00e4hrter Netzwerktechnologie liefern NETGEAR und Lightware skalierbare, vorvalidierte L\u00f6sungen von 1G bis 10G und dar\u00fcber hinaus. Sie vereinfachen die Implementierung und gew\u00e4hrleisten h\u00f6chste Zuverl\u00e4ssigkeit. Diese Partnerschaft umfasst auch gemeinsame Schulungsprogramme, die AV-Fachkr\u00e4fte mit dem Wissen ausstatten, das sie f\u00fcr zukunftssichere Installationen ben\u00f6tigen.<\/p>\n","protected":false},"author":94,"featured_media":10619,"parent":6754,"menu_order":11,"comment_status":"closed","ping_status":"closed","template":"templates\/blog-wifi.php","meta":{"_acf_changed":false,"footnotes":""},"class_list":["post-10618","page","type-page","status-publish","has-post-thumbnail","hentry"],"acf":[],"yoast_head":"<!-- This site is optimized with the Yoast SEO plugin v27.4 - https:\/\/yoast.com\/product\/yoast-seo-wordpress\/ -->\n<title>NETGEAR und Lightware definieren AV over IP neu - NETGEAR Hub<\/title>\n<meta name=\"description\" content=\"NETGEAR und Lightware definieren AV over IP neu\" \/>\n<meta name=\"robots\" content=\"index, follow, max-snippet:-1, max-image-preview:large, max-video-preview:-1\" \/>\n<link rel=\"canonical\" href=\"https:\/\/dehub.netgear.com\/de\/hub\/business\/av\/netgear-lightware-av-over-ip-partnership\/\" \/>\n<meta property=\"og:locale\" content=\"de_DE\" \/>\n<meta property=\"og:type\" content=\"article\" \/>\n<meta property=\"og:title\" content=\"NETGEAR und Lightware definieren AV over IP neu - NETGEAR Hub\" \/>\n<meta property=\"og:description\" content=\"NETGEAR und Lightware definieren AV over IP neu\" \/>\n<meta property=\"og:url\" content=\"https:\/\/dehub.netgear.com\/de\/hub\/business\/av\/netgear-lightware-av-over-ip-partnership\/\" \/>\n<meta property=\"og:site_name\" content=\"NETGEAR Hub\" \/>\n<meta property=\"article:publisher\" content=\"https:\/\/www.facebook.com\/NetgearAU\/\" \/>\n<meta property=\"article:modified_time\" content=\"2025-10-08T18:20:38+00:00\" \/>\n<meta property=\"og:image\" content=\"https:\/\/dehub.netgear.com\/de\/hub\/wp-content\/uploads\/2025\/09\/Lightware-logo-1-380x288-1.jpeg\" \/>\n\t<meta property=\"og:image:width\" content=\"380\" \/>\n\t<meta property=\"og:image:height\" content=\"288\" \/>\n\t<meta property=\"og:image:type\" content=\"image\/jpeg\" \/>\n<meta name=\"twitter:card\" content=\"summary_large_image\" \/>\n<meta name=\"twitter:site\" content=\"@NETGEAR\" \/>\n<script type=\"application\/ld+json\" class=\"yoast-schema-graph\">{\"@context\":\"https:\\\/\\\/schema.org\",\"@graph\":[{\"@type\":\"WebPage\",\"@id\":\"https:\\\/\\\/dehub.netgear.com\\\/de\\\/hub\\\/business\\\/av\\\/netgear-lightware-av-over-ip-partnership\\\/\",\"url\":\"https:\\\/\\\/dehub.netgear.com\\\/de\\\/hub\\\/business\\\/av\\\/netgear-lightware-av-over-ip-partnership\\\/\",\"name\":\"NETGEAR und Lightware definieren AV over IP neu - NETGEAR Hub\",\"isPartOf\":{\"@id\":\"https:\\\/\\\/dehub.netgear.com\\\/de\\\/hub\\\/#website\"},\"primaryImageOfPage\":{\"@id\":\"https:\\\/\\\/dehub.netgear.com\\\/de\\\/hub\\\/business\\\/av\\\/netgear-lightware-av-over-ip-partnership\\\/#primaryimage\"},\"image\":{\"@id\":\"https:\\\/\\\/dehub.netgear.com\\\/de\\\/hub\\\/business\\\/av\\\/netgear-lightware-av-over-ip-partnership\\\/#primaryimage\"},\"thumbnailUrl\":\"https:\\\/\\\/dehub.netgear.com\\\/de\\\/hub\\\/wp-content\\\/uploads\\\/2025\\\/09\\\/Lightware-logo-1-380x288-1.jpeg\",\"datePublished\":\"2025-09-10T10:16:59+00:00\",\"dateModified\":\"2025-10-08T18:20:38+00:00\",\"description\":\"NETGEAR und Lightware definieren AV over IP neu\",\"breadcrumb\":{\"@id\":\"https:\\\/\\\/dehub.netgear.com\\\/de\\\/hub\\\/business\\\/av\\\/netgear-lightware-av-over-ip-partnership\\\/#breadcrumb\"},\"inLanguage\":\"de\",\"potentialAction\":[{\"@type\":\"ReadAction\",\"target\":[\"https:\\\/\\\/dehub.netgear.com\\\/de\\\/hub\\\/business\\\/av\\\/netgear-lightware-av-over-ip-partnership\\\/\"]}]},{\"@type\":\"ImageObject\",\"inLanguage\":\"de\",\"@id\":\"https:\\\/\\\/dehub.netgear.com\\\/de\\\/hub\\\/business\\\/av\\\/netgear-lightware-av-over-ip-partnership\\\/#primaryimage\",\"url\":\"https:\\\/\\\/dehub.netgear.com\\\/de\\\/hub\\\/wp-content\\\/uploads\\\/2025\\\/09\\\/Lightware-logo-1-380x288-1.jpeg\",\"contentUrl\":\"https:\\\/\\\/dehub.netgear.com\\\/de\\\/hub\\\/wp-content\\\/uploads\\\/2025\\\/09\\\/Lightware-logo-1-380x288-1.jpeg\",\"width\":380,\"height\":288},{\"@type\":\"BreadcrumbList\",\"@id\":\"https:\\\/\\\/dehub.netgear.com\\\/de\\\/hub\\\/business\\\/av\\\/netgear-lightware-av-over-ip-partnership\\\/#breadcrumb\",\"itemListElement\":[{\"@type\":\"ListItem\",\"position\":1,\"name\":\"Home\",\"item\":\"https:\\\/\\\/dehub.netgear.com\\\/de\\\/hub\\\/\"},{\"@type\":\"ListItem\",\"position\":2,\"name\":\"Business Articles Hub\",\"item\":\"https:\\\/\\\/dehub.netgear.com\\\/de\\\/hub\\\/business\\\/\"},{\"@type\":\"ListItem\",\"position\":3,\"name\":\"Business AV\",\"item\":\"https:\\\/\\\/dehub.netgear.com\\\/de\\\/hub\\\/business\\\/av\\\/\"},{\"@type\":\"ListItem\",\"position\":4,\"name\":\"NETGEAR und Lightware definieren AV over IP neu\"}]},{\"@type\":\"WebSite\",\"@id\":\"https:\\\/\\\/dehub.netgear.com\\\/de\\\/hub\\\/#website\",\"url\":\"https:\\\/\\\/dehub.netgear.com\\\/de\\\/hub\\\/\",\"name\":\"NETGEAR\",\"description\":\"Erkunden Sie unsere Hub-Seiten und st\u00f6bern Sie in Artikeln, um mehr \u00fcber NETGEAR Produkte und Technologien zu erfahren.\",\"publisher\":{\"@id\":\"https:\\\/\\\/dehub.netgear.com\\\/de\\\/hub\\\/#organization\"},\"potentialAction\":[{\"@type\":\"SearchAction\",\"target\":{\"@type\":\"EntryPoint\",\"urlTemplate\":\"https:\\\/\\\/dehub.netgear.com\\\/de\\\/hub\\\/?s={search_term_string}\"},\"query-input\":{\"@type\":\"PropertyValueSpecification\",\"valueRequired\":true,\"valueName\":\"search_term_string\"}}],\"inLanguage\":\"de\"},{\"@type\":\"Organization\",\"@id\":\"https:\\\/\\\/dehub.netgear.com\\\/de\\\/hub\\\/#organization\",\"name\":\"NETGEAR\",\"url\":\"https:\\\/\\\/dehub.netgear.com\\\/de\\\/hub\\\/\",\"logo\":{\"@type\":\"ImageObject\",\"inLanguage\":\"de\",\"@id\":\"https:\\\/\\\/dehub.netgear.com\\\/de\\\/hub\\\/#\\\/schema\\\/logo\\\/image\\\/\",\"url\":\"https:\\\/\\\/www.dehub.netgear.com\\\/de\\\/hub\\\/wp-content\\\/uploads\\\/2019\\\/07\\\/NETGEAR_logo.jpg\",\"contentUrl\":\"https:\\\/\\\/www.dehub.netgear.com\\\/de\\\/hub\\\/wp-content\\\/uploads\\\/2019\\\/07\\\/NETGEAR_logo.jpg\",\"width\":1500,\"height\":501,\"caption\":\"NETGEAR\"},\"image\":{\"@id\":\"https:\\\/\\\/dehub.netgear.com\\\/de\\\/hub\\\/#\\\/schema\\\/logo\\\/image\\\/\"},\"sameAs\":[\"https:\\\/\\\/www.facebook.com\\\/NetgearAU\\\/\",\"https:\\\/\\\/x.com\\\/NETGEAR\",\"https:\\\/\\\/www.linkedin.com\\\/company\\\/netgear\"]}]}<\/script>\n<!-- \/ Yoast SEO plugin. -->","yoast_head_json":{"title":"NETGEAR und Lightware definieren AV over IP neu - NETGEAR Hub","description":"NETGEAR und Lightware definieren AV over IP neu","robots":{"index":"index","follow":"follow","max-snippet":"max-snippet:-1","max-image-preview":"max-image-preview:large","max-video-preview":"max-video-preview:-1"},"canonical":"https:\/\/dehub.netgear.com\/de\/hub\/business\/av\/netgear-lightware-av-over-ip-partnership\/","og_locale":"de_DE","og_type":"article","og_title":"NETGEAR und Lightware definieren AV over IP neu - NETGEAR Hub","og_description":"NETGEAR und Lightware definieren AV over IP neu","og_url":"https:\/\/dehub.netgear.com\/de\/hub\/business\/av\/netgear-lightware-av-over-ip-partnership\/","og_site_name":"NETGEAR Hub","article_publisher":"https:\/\/www.facebook.com\/NetgearAU\/","article_modified_time":"2025-10-08T18:20:38+00:00","og_image":[{"width":380,"height":288,"url":"https:\/\/dehub.netgear.com\/de\/hub\/wp-content\/uploads\/2025\/09\/Lightware-logo-1-380x288-1.jpeg","type":"image\/jpeg"}],"twitter_card":"summary_large_image","twitter_site":"@NETGEAR","schema":{"@context":"https:\/\/schema.org","@graph":[{"@type":"WebPage","@id":"https:\/\/dehub.netgear.com\/de\/hub\/business\/av\/netgear-lightware-av-over-ip-partnership\/","url":"https:\/\/dehub.netgear.com\/de\/hub\/business\/av\/netgear-lightware-av-over-ip-partnership\/","name":"NETGEAR und Lightware definieren AV over IP neu - NETGEAR Hub","isPartOf":{"@id":"https:\/\/dehub.netgear.com\/de\/hub\/#website"},"primaryImageOfPage":{"@id":"https:\/\/dehub.netgear.com\/de\/hub\/business\/av\/netgear-lightware-av-over-ip-partnership\/#primaryimage"},"image":{"@id":"https:\/\/dehub.netgear.com\/de\/hub\/business\/av\/netgear-lightware-av-over-ip-partnership\/#primaryimage"},"thumbnailUrl":"https:\/\/dehub.netgear.com\/de\/hub\/wp-content\/uploads\/2025\/09\/Lightware-logo-1-380x288-1.jpeg","datePublished":"2025-09-10T10:16:59+00:00","dateModified":"2025-10-08T18:20:38+00:00","description":"NETGEAR und Lightware definieren AV over IP neu","breadcrumb":{"@id":"https:\/\/dehub.netgear.com\/de\/hub\/business\/av\/netgear-lightware-av-over-ip-partnership\/#breadcrumb"},"inLanguage":"de","potentialAction":[{"@type":"ReadAction","target":["https:\/\/dehub.netgear.com\/de\/hub\/business\/av\/netgear-lightware-av-over-ip-partnership\/"]}]},{"@type":"ImageObject","inLanguage":"de","@id":"https:\/\/dehub.netgear.com\/de\/hub\/business\/av\/netgear-lightware-av-over-ip-partnership\/#primaryimage","url":"https:\/\/dehub.netgear.com\/de\/hub\/wp-content\/uploads\/2025\/09\/Lightware-logo-1-380x288-1.jpeg","contentUrl":"https:\/\/dehub.netgear.com\/de\/hub\/wp-content\/uploads\/2025\/09\/Lightware-logo-1-380x288-1.jpeg","width":380,"height":288},{"@type":"BreadcrumbList","@id":"https:\/\/dehub.netgear.com\/de\/hub\/business\/av\/netgear-lightware-av-over-ip-partnership\/#breadcrumb","itemListElement":[{"@type":"ListItem","position":1,"name":"Home","item":"https:\/\/dehub.netgear.com\/de\/hub\/"},{"@type":"ListItem","position":2,"name":"Business Articles Hub","item":"https:\/\/dehub.netgear.com\/de\/hub\/business\/"},{"@type":"ListItem","position":3,"name":"Business AV","item":"https:\/\/dehub.netgear.com\/de\/hub\/business\/av\/"},{"@type":"ListItem","position":4,"name":"NETGEAR und Lightware definieren AV over IP neu"}]},{"@type":"WebSite","@id":"https:\/\/dehub.netgear.com\/de\/hub\/#website","url":"https:\/\/dehub.netgear.com\/de\/hub\/","name":"NETGEAR","description":"Erkunden Sie unsere Hub-Seiten und st\u00f6bern Sie in Artikeln, um mehr \u00fcber NETGEAR Produkte und Technologien zu erfahren.","publisher":{"@id":"https:\/\/dehub.netgear.com\/de\/hub\/#organization"},"potentialAction":[{"@type":"SearchAction","target":{"@type":"EntryPoint","urlTemplate":"https:\/\/dehub.netgear.com\/de\/hub\/?s={search_term_string}"},"query-input":{"@type":"PropertyValueSpecification","valueRequired":true,"valueName":"search_term_string"}}],"inLanguage":"de"},{"@type":"Organization","@id":"https:\/\/dehub.netgear.com\/de\/hub\/#organization","name":"NETGEAR","url":"https:\/\/dehub.netgear.com\/de\/hub\/","logo":{"@type":"ImageObject","inLanguage":"de","@id":"https:\/\/dehub.netgear.com\/de\/hub\/#\/schema\/logo\/image\/","url":"https:\/\/www.dehub.netgear.com\/de\/hub\/wp-content\/uploads\/2019\/07\/NETGEAR_logo.jpg","contentUrl":"https:\/\/www.dehub.netgear.com\/de\/hub\/wp-content\/uploads\/2019\/07\/NETGEAR_logo.jpg","width":1500,"height":501,"caption":"NETGEAR"},"image":{"@id":"https:\/\/dehub.netgear.com\/de\/hub\/#\/schema\/logo\/image\/"},"sameAs":["https:\/\/www.facebook.com\/NetgearAU\/","https:\/\/x.com\/NETGEAR","https:\/\/www.linkedin.com\/company\/netgear"]}]}},"_links":{"self":[{"href":"https:\/\/dehub.netgear.com\/de\/hub\/wp-json\/wp\/v2\/pages\/10618","targetHints":{"allow":["GET"]}}],"collection":[{"href":"https:\/\/dehub.netgear.com\/de\/hub\/wp-json\/wp\/v2\/pages"}],"about":[{"href":"https:\/\/dehub.netgear.com\/de\/hub\/wp-json\/wp\/v2\/types\/page"}],"author":[{"embeddable":true,"href":"https:\/\/dehub.netgear.com\/de\/hub\/wp-json\/wp\/v2\/users\/94"}],"replies":[{"embeddable":true,"href":"https:\/\/dehub.netgear.com\/de\/hub\/wp-json\/wp\/v2\/comments?post=10618"}],"version-history":[{"count":7,"href":"https:\/\/dehub.netgear.com\/de\/hub\/wp-json\/wp\/v2\/pages\/10618\/revisions"}],"predecessor-version":[{"id":10762,"href":"https:\/\/dehub.netgear.com\/de\/hub\/wp-json\/wp\/v2\/pages\/10618\/revisions\/10762"}],"up":[{"embeddable":true,"href":"https:\/\/dehub.netgear.com\/de\/hub\/wp-json\/wp\/v2\/pages\/6754"}],"wp:featuredmedia":[{"embeddable":true,"href":"https:\/\/dehub.netgear.com\/de\/hub\/wp-json\/wp\/v2\/media\/10619"}],"wp:attachment":[{"href":"https:\/\/dehub.netgear.com\/de\/hub\/wp-json\/wp\/v2\/media?parent=10618"}],"curies":[{"name":"wp","href":"https:\/\/api.w.org\/{rel}","templated":true}]}}