{"id":10613,"date":"2025-08-11T12:06:52","date_gmt":"2025-09-10T10:06:52","guid":{"rendered":"https:\/\/dehub.netgear.com\/de\/hub\/business\/av\/netgear-av-awards-q2-2025-2\/"},"modified":"2025-09-11T08:28:13","modified_gmt":"2025-09-11T06:28:13","slug":"the-cloud-revolution-in-professional-av-why-the-future-is-software-defined","status":"publish","type":"page","link":"https:\/\/dehub.netgear.com\/de\/hub\/business\/av\/the-cloud-revolution-in-professional-av-why-the-future-is-software-defined\/","title":{"rendered":"Die Cloud-Revolution im professionellen AV-Bereich: Warum die Zukunft softwaredefiniert ist"},"content":{"rendered":"<p>Die professionelle AV-Branche steht an einem Wendepunkt. Nach Jahrzehnten hardwarezentrierter, propriet\u00e4rer Systeme, die spezielles Fachwissen f\u00fcr Installation und Wartung erforderten, erleben wir einen grundlegenden Wandel hin zu cloudverwalteter, softwaredefinierter Infrastruktur. Dieser Wandel verspricht, die Art und Weise, wie AV-Systeme entworfen, implementiert und betrieben werden, grundlegend zu transformieren.<\/p>\n<p>Bei NETGEAR spiegelt unsere j\u00fcngste Entscheidung, der OpenAV.Cloud-Initiative beizutreten, unsere \u00dcberzeugung wider, dass dieser Wandel entscheidend f\u00fcr das nachhaltige Wachstum und die Relevanz der Branche in einer zunehmend vernetzten Welt ist.     <div class=\"table-of-content bg-gray\">\n        <p><strong>IN THIS ARTICLE<\/strong><\/p>\n        <ul>\n                        <li><a href=\"#topic1\">Die Grenzen herk\u00f6mmlicher AV-Infrastruktur<\/a><\/li>\n                        <li><a href=\"#topic2\">Warum die Cloud alles ver\u00e4ndert<\/a><\/li>\n                        <li><a href=\"#topic3\">Die Gesch\u00e4ftsmodell-Revolution<\/a><\/li>\n                        <li><a href=\"#topic4\">NETGEARs Cloud-First-Ansatz<\/a><\/li>\n                        <li><a href=\"#topic5\">Branchenweite Zusammenarbeit ist unerl\u00e4sslich<\/a><\/li>\n                        <li><a href=\"#topic6\">Ein Blick nach vorn<\/a><\/li>\n                        <li><a href=\"#topic7\">Mehr informationen<\/a><\/li>\n                    <\/ul>\n    <\/div>\n        <div id=\"topic1\" class=\"skip-item\">\n                        <h2>Die Grenzen herk\u00f6mmlicher AV-Infrastruktur<\/h2>\n                <p data-start=\"1058\" data-end=\"1152\">Traditionelle AV-Installationen sind seit jeher mit zahlreichen Herausforderungen verbunden:<\/p>\n<ul data-start=\"1153\" data-end=\"1645\">\n<li data-start=\"1153\" data-end=\"1249\">\n<p data-start=\"1155\" data-end=\"1249\">Komplexe Inbetriebnahmeprozesse erfordern spezialisierte Techniker und lange Vor-Ort-Zeiten.<\/p>\n<\/li>\n<li data-start=\"1250\" data-end=\"1377\">\n<p data-start=\"1252\" data-end=\"1377\">Propriet\u00e4re Protokolle f\u00fchren zu Herstellerabh\u00e4ngigkeit, schr\u00e4nken die Flexibilit\u00e4t ein und erh\u00f6hen langfristig die Kosten.<\/p>\n<\/li>\n<li data-start=\"1378\" data-end=\"1509\">\n<p data-start=\"1380\" data-end=\"1509\">Die Verwaltung verteilter AV-Installationen \u00fcber mehrere Standorte hinweg erfordert physische Eins\u00e4tze f\u00fcr Wartung und Updates.<\/p>\n<\/li>\n<li data-start=\"1510\" data-end=\"1645\">\n<p data-start=\"1512\" data-end=\"1645\">Vor allem arbeiten diese Systeme oft als isolierte Einheiten und lassen sich nur schwer in bestehende IT-Infrastrukturen integrieren.<\/p>\n<\/li>\n<\/ul>\n<p data-start=\"1647\" data-end=\"1838\">Diese Einschr\u00e4nkungen stellen grundlegende Hindernisse f\u00fcr Skalierbarkeit und Effizienz dar \u2013 und entsprechen nicht mehr den Anforderungen moderner Organisationen an Technologieinvestitionen.<\/p>\n    <\/div>\n        <div id=\"topic2\" class=\"skip-item\">\n                        <h2>Warum die Cloud alles ver\u00e4ndert<\/h2>\n                <p data-start=\"1886\" data-end=\"2176\">Cloudverwaltete AV-Infrastrukturen begegnen diesen Herausforderungen mit einem grundlegend neuen Ansatz: Anstatt starrer, hardwaredefinierter Netzwerke erm\u00f6glichen Cloud-Plattformen dynamische, softwaregesteuerte Umgebungen, die sich in Echtzeit an ver\u00e4nderte Anforderungen anpassen k\u00f6nnen.<\/p>\n<p data-start=\"2178\" data-end=\"2212\">Die Vorteile sind transformativ:<\/p>\n<ul data-start=\"2213\" data-end=\"2708\">\n<li data-start=\"2213\" data-end=\"2305\">\n<p data-start=\"2215\" data-end=\"2305\">Fernwartung ersetzt Vor-Ort-Besuche f\u00fcr Routineaufgaben wie Updates oder Fehlerbehebung.<\/p>\n<\/li>\n<li data-start=\"2306\" data-end=\"2426\">\n<p data-start=\"2308\" data-end=\"2426\">Zentrale \u00dcberwachung bietet vollst\u00e4ndige Transparenz \u00fcber verteilte Installationen und erm\u00f6glicht proaktive Wartung.<\/p>\n<\/li>\n<li data-start=\"2427\" data-end=\"2578\">\n<p data-start=\"2429\" data-end=\"2578\">Automatische Ger\u00e4teerkennung und intelligente Konfiguration verk\u00fcrzen die Inbetriebnahme von Tagen auf Stunden \u2013 und minimieren menschliche Fehler.<\/p>\n<\/li>\n<li data-start=\"2579\" data-end=\"2708\">\n<p data-start=\"2581\" data-end=\"2708\">Offene APIs und standardisierte Protokolle erlauben nahtlose Integration in bestehende IT-Umgebungen und Drittanbieter-Systeme.<\/p>\n<\/li>\n<\/ul>\n<p data-start=\"2710\" data-end=\"2912\">Noch entscheidender ist die Ver\u00e4nderung des Gesch\u00e4ftsmodells: Cloud-Plattformen erm\u00f6glichen den \u00dcbergang von Investitionsausgaben (CAPEX) zu Betriebskosten (OPEX) \u2013 ganz im Sinne moderner IT-Strategien.<\/p>\n    <\/div>\n        <div id=\"topic3\" class=\"skip-item\">\n                        <h2>Die Gesch\u00e4ftsmodell-Revolution<\/h2>\n                <p data-start=\"2959\" data-end=\"3328\">Diese technologische Entwicklung geht mit einer fundamentalen Ver\u00e4nderung der Gesch\u00e4ftsmodelle im AV-\u00d6kosystem einher.<br data-start=\"3077\" data-end=\"3080\" \/>F\u00fcr Integratoren er\u00f6ffnen sich neue Einnahmequellen durch abonnementbasierte Services wie Monitoring, Wartung und Support. Statt einmaliger Projektums\u00e4tze k\u00f6nnen langfristige Kundenbeziehungen durch kontinuierliche Servicevertr\u00e4ge aufgebaut werden.<\/p>\n<p data-start=\"3330\" data-end=\"3705\">Auch Endkunden profitieren:<br data-start=\"3357\" data-end=\"3360\" \/>Organisationen k\u00f6nnen ihre AV-Installationen bedarfsgerecht skalieren und zahlen nur f\u00fcr tats\u00e4chlich genutzte Kapazit\u00e4ten \u2013 anstatt hohe Vorabinvestitionen zu t\u00e4tigen. IT-Abteilungen erhalten die Kontrolle und Transparenz, die sie von moderner Infrastruktur erwarten, w\u00e4hrend AV-Experten weiterhin auf spezialisierte Funktionen zugreifen k\u00f6nnen.<\/p>\n<p data-start=\"3707\" data-end=\"3781\">So entsteht ein nachhaltiger Mehrwert f\u00fcr alle Beteiligten der AV-Branche.<\/p>\n    <\/div>\n        <div id=\"topic4\" class=\"skip-item\">\n                        <h2>NETGEARs Cloud-First-Ansatz<\/h2>\n                <p data-start=\"3825\" data-end=\"4143\">Unsere <strong data-start=\"3832\" data-end=\"3863\">Engage Controller Plattform<\/strong> ist Ausdruck dieser Cloud-First-Philosophie. Was als einfaches Konfigurationstool begann, hat sich zu einer umfassenden AV-Management-Plattform entwickelt \u2013 mit Funktionen wie Auto-Discovery, profilbasierter Konfiguration, Topologie-Visualisierung und sicherem Remote-Management.<\/p>\n<p data-start=\"4145\" data-end=\"4405\">In Kombination mit dem API-gesteuerten Framework von <strong data-start=\"4198\" data-end=\"4214\">OpenAV.Cloud<\/strong> werden Netzwerke, die \u00fcber Engage verwaltet werden, Teil eines gr\u00f6\u00dferen \u00d6kosystems, in dem Ger\u00e4te und Dienste von Hunderten Partnerherstellern nahtlos und sicher miteinander kommunizieren.<\/p>\n<p data-start=\"4407\" data-end=\"4662\">Unsere Switches \u2013 insbesondere die neue <strong data-start=\"4447\" data-end=\"4462\">M4350-Serie<\/strong> mit <strong data-start=\"4467\" data-end=\"4484\">SMPTE ST 2110<\/strong>-Unterst\u00fctzung und pr\u00e4ziser Zeitsteuerung \u2013 entwickeln sich so von einfachen Netzwerk-Endpunkten zu intelligenten, softwaregesteuerten Bausteinen einer modernen AV-Infrastruktur.<\/p>\n    <\/div>\n        <div id=\"topic5\" class=\"skip-item\">\n                        <h2>Branchenweite Zusammenarbeit ist unerl\u00e4sslich<\/h2>\n                <p data-start=\"4724\" data-end=\"5116\">Die Zukunft von AV kann nicht von einem einzelnen Anbieter gestaltet werden. Kunden erwarten heute L\u00f6sungen, die \u201eeinfach funktionieren\u201c \u2013 unabh\u00e4ngig vom Hersteller. Mit der zunehmenden IP-Orientierung und Cloud-Integration von AV-Systemen ist eine nie dagewesene Zusammenarbeit in der Branche erforderlich: Offene Standards, gemeinsame APIs und interoperable Protokolle werden zur Grundlage.<\/p>\n<p data-start=\"5118\" data-end=\"5450\">Unsere Beteiligung an <strong data-start=\"5140\" data-end=\"5156\">OpenAV.Cloud<\/strong> steht f\u00fcr unser Bekenntnis zu dieser kollaborativen Zukunft. Wir arbeiten daran, ein \u00d6kosystem zu schaffen, in dem der Mehrwert eines Produkts daran gemessen wird, wie gut es sich in bestehende Workflows und langfristige IT-Strategien integriert \u2013 und nicht nur an technischen Spezifikationen.<\/p>\n    <\/div>\n        <div id=\"topic6\" class=\"skip-item\">\n                        <h2>Ein Blick nach vorn<\/h2>\n                <p data-start=\"5486\" data-end=\"5819\">Der \u00dcbergang zu cloudverwalteter AV-Infrastruktur bedeutet ein vollst\u00e4ndiges Umdenken in der Art und Weise, wie die Branche Wert schafft und liefert. Organisationen, die diesen Wandel aktiv gestalten, profitieren von gr\u00f6\u00dferer Flexibilit\u00e4t, geringeren Betriebskosten und der F\u00e4higkeit, sich schneller an neue Anforderungen anzupassen.<\/p>\n<p data-start=\"5821\" data-end=\"6007\">F\u00fcr NETGEAR bedeutet der Beitritt zu OpenAV.Cloud, uns \u2013 gemeinsam mit \u00fcber 450 Partnern \u2013 im Zentrum der bedeutendsten Transformation der AV-Branche seit Jahrzehnten zu positionieren.<\/p>\n<p data-start=\"6009\" data-end=\"6231\">W\u00e4hrend softwaredefinierte Systeme propriet\u00e4re Silos abl\u00f6sen und betriebliche Agilit\u00e4t wichtiger wird als reine Produktspezifikationen, bauen wir die Infrastruktur f\u00fcr die n\u00e4chste Generation professioneller AV-Anwendungen.<\/p>\n<p data-start=\"6233\" data-end=\"6472\"><strong data-start=\"6233\" data-end=\"6326\">Die Zukunft von AV ist cloudbasiert, softwaredefiniert und basiert auf offenen Standards.<\/strong><br data-start=\"6326\" data-end=\"6329\" \/>Diese Zukunft ist n\u00e4her als viele glauben \u2013 und diejenigen, die sie heute annehmen, werden die Entwicklung der Branche ma\u00dfgeblich mitgestalten.<\/p>\n    <\/div>\n        <div id=\"topic7\" class=\"skip-item\">\n                        <h2>Mehr informationen<\/h2>\n                <p>Unsere Ingenieure unterst\u00fctzen Sie kostenlos bei Ihren AV-Projekten.<\/p>\n<p><a style=\"background-color: #26e880;border: 0px none #000000;border-radius: 50px;color: #2c262d;font-size: 16px;font-family: Inter,sans-serif;font-style: normal;font-weight: 500;text-decoration: none;width: 100%;padding: 16px 24px 16px 24px\" href=\"https:\/\/www.netgear.com\/de\/business\/av\/services\/proav-designsupport\/?hsCtaAttrib=207818050288#contactformsupport\" target=\"_blank\" rel=\"noopener\">KONTAKTIEREN SIE DEN PROAV-SUPPORT<\/a><\/p>\n<p>Erfahren Sie alles \u00fcber IP-Netzwerke in unserer NETGEAR ACADEMY.<\/p>\n<p><a style=\"background-color: #26e880;border: 0px none #000000;border-radius: 50px;color: #2c262d;font-size: 16px;font-family: Inter,sans-serif;font-style: normal;font-weight: 500;text-decoration: none;width: 100%;padding: 16px 24px 16px 24px\" href=\"https:\/\/academy.netgear.com\/course\/index.php?categoryid=2&amp;hsCtaAttrib=207830330055\" target=\"_blank\" rel=\"noopener\">NETGEAR ACADEMY<\/a><\/p>\n<p>Mehr Informationen zu unseren AV-L\u00f6sungen<\/p>\n<p><a style=\"background-color: #26e880;border: 0px none #000000;border-radius: 50px;color: #2c262d;font-size: 16px;font-family: Inter,sans-serif;font-style: normal;font-weight: 500;text-decoration: none;width: 100%;padding: 16px 24px 16px 24px\" href=\"https:\/\/www.netgear.com\/de\/business\/av\/?hsCtaAttrib=207665517270\" target=\"_blank\" rel=\"noopener\">NETGEAR AV L\u00d6SUNGEN<\/a><\/p>\n<p><iframe loading=\"lazy\" src=\"https:\/\/405nrr.share-na2.hsforms.com\/25w_D-U5iS-e5KaSaP86jnQ\" width=\"100%\" height=\"1200px\"><\/iframe><\/p>\n    <\/div>\n    <\/p>\n","protected":false},"excerpt":{"rendered":"<p>Die professionelle AV-Branche steht an einem Wendepunkt. Nach Jahrzehnten hardwarezentrierter, propriet\u00e4rer Systeme, die spezielles Fachwissen f\u00fcr Installation und Wartung erforderten, erleben wir einen grundlegenden Wandel hin zu cloudverwalteter, softwaredefinierter Infrastruktur. Dieser Wandel verspricht, die Art und Weise, wie AV-Systeme entworfen, implementiert und betrieben werden, grundlegend zu transformieren. Bei NETGEAR spiegelt unsere j\u00fcngste Entscheidung, der OpenAV.Cloud-Initiative [&hellip;]<\/p>\n","protected":false},"author":94,"featured_media":10616,"parent":6754,"menu_order":11,"comment_status":"closed","ping_status":"closed","template":"templates\/blog-wifi.php","meta":{"_acf_changed":false,"footnotes":""},"class_list":["post-10613","page","type-page","status-publish","has-post-thumbnail","hentry"],"acf":[],"yoast_head":"<!-- This site is optimized with the Yoast SEO plugin v27.4 - https:\/\/yoast.com\/product\/yoast-seo-wordpress\/ -->\n<title>Die Cloud-Revolution im professionellen AV-Bereich: Warum die Zukunft softwaredefiniert ist - NETGEAR Hub<\/title>\n<meta name=\"description\" content=\"Die Cloud-Revolution im professionellen AV-Bereich: Warum die Zukunft softwaredefiniert ist\" \/>\n<meta name=\"robots\" content=\"index, follow, max-snippet:-1, max-image-preview:large, max-video-preview:-1\" \/>\n<link rel=\"canonical\" href=\"https:\/\/dehub.netgear.com\/de\/hub\/business\/av\/the-cloud-revolution-in-professional-av-why-the-future-is-software-defined\/\" \/>\n<meta property=\"og:locale\" content=\"de_DE\" \/>\n<meta property=\"og:type\" content=\"article\" \/>\n<meta property=\"og:title\" content=\"Die Cloud-Revolution im professionellen AV-Bereich: Warum die Zukunft softwaredefiniert ist - NETGEAR Hub\" \/>\n<meta property=\"og:description\" content=\"Die Cloud-Revolution im professionellen AV-Bereich: Warum die Zukunft softwaredefiniert ist\" \/>\n<meta property=\"og:url\" content=\"https:\/\/dehub.netgear.com\/de\/hub\/business\/av\/the-cloud-revolution-in-professional-av-why-the-future-is-software-defined\/\" \/>\n<meta property=\"og:site_name\" content=\"NETGEAR Hub\" \/>\n<meta property=\"article:publisher\" content=\"https:\/\/www.facebook.com\/NetgearAU\/\" \/>\n<meta property=\"article:modified_time\" content=\"2025-09-11T06:28:13+00:00\" \/>\n<meta property=\"og:image\" content=\"https:\/\/dehub.netgear.com\/de\/hub\/wp-content\/uploads\/2025\/09\/Cloud-383x288-1.jpg\" \/>\n\t<meta property=\"og:image:width\" content=\"383\" \/>\n\t<meta property=\"og:image:height\" content=\"288\" \/>\n\t<meta property=\"og:image:type\" content=\"image\/jpeg\" \/>\n<meta name=\"twitter:card\" content=\"summary_large_image\" \/>\n<meta name=\"twitter:site\" content=\"@NETGEAR\" \/>\n<script type=\"application\/ld+json\" class=\"yoast-schema-graph\">{\"@context\":\"https:\\\/\\\/schema.org\",\"@graph\":[{\"@type\":\"WebPage\",\"@id\":\"https:\\\/\\\/dehub.netgear.com\\\/de\\\/hub\\\/business\\\/av\\\/the-cloud-revolution-in-professional-av-why-the-future-is-software-defined\\\/\",\"url\":\"https:\\\/\\\/dehub.netgear.com\\\/de\\\/hub\\\/business\\\/av\\\/the-cloud-revolution-in-professional-av-why-the-future-is-software-defined\\\/\",\"name\":\"Die Cloud-Revolution im professionellen AV-Bereich: Warum die Zukunft softwaredefiniert ist - NETGEAR Hub\",\"isPartOf\":{\"@id\":\"https:\\\/\\\/dehub.netgear.com\\\/de\\\/hub\\\/#website\"},\"primaryImageOfPage\":{\"@id\":\"https:\\\/\\\/dehub.netgear.com\\\/de\\\/hub\\\/business\\\/av\\\/the-cloud-revolution-in-professional-av-why-the-future-is-software-defined\\\/#primaryimage\"},\"image\":{\"@id\":\"https:\\\/\\\/dehub.netgear.com\\\/de\\\/hub\\\/business\\\/av\\\/the-cloud-revolution-in-professional-av-why-the-future-is-software-defined\\\/#primaryimage\"},\"thumbnailUrl\":\"https:\\\/\\\/dehub.netgear.com\\\/de\\\/hub\\\/wp-content\\\/uploads\\\/2025\\\/09\\\/Cloud-383x288-1.jpg\",\"datePublished\":\"2025-09-10T10:06:52+00:00\",\"dateModified\":\"2025-09-11T06:28:13+00:00\",\"description\":\"Die Cloud-Revolution im professionellen AV-Bereich: Warum die Zukunft softwaredefiniert ist\",\"breadcrumb\":{\"@id\":\"https:\\\/\\\/dehub.netgear.com\\\/de\\\/hub\\\/business\\\/av\\\/the-cloud-revolution-in-professional-av-why-the-future-is-software-defined\\\/#breadcrumb\"},\"inLanguage\":\"de\",\"potentialAction\":[{\"@type\":\"ReadAction\",\"target\":[\"https:\\\/\\\/dehub.netgear.com\\\/de\\\/hub\\\/business\\\/av\\\/the-cloud-revolution-in-professional-av-why-the-future-is-software-defined\\\/\"]}]},{\"@type\":\"ImageObject\",\"inLanguage\":\"de\",\"@id\":\"https:\\\/\\\/dehub.netgear.com\\\/de\\\/hub\\\/business\\\/av\\\/the-cloud-revolution-in-professional-av-why-the-future-is-software-defined\\\/#primaryimage\",\"url\":\"https:\\\/\\\/dehub.netgear.com\\\/de\\\/hub\\\/wp-content\\\/uploads\\\/2025\\\/09\\\/Cloud-383x288-1.jpg\",\"contentUrl\":\"https:\\\/\\\/dehub.netgear.com\\\/de\\\/hub\\\/wp-content\\\/uploads\\\/2025\\\/09\\\/Cloud-383x288-1.jpg\",\"width\":383,\"height\":288,\"caption\":\"1400975473\"},{\"@type\":\"BreadcrumbList\",\"@id\":\"https:\\\/\\\/dehub.netgear.com\\\/de\\\/hub\\\/business\\\/av\\\/the-cloud-revolution-in-professional-av-why-the-future-is-software-defined\\\/#breadcrumb\",\"itemListElement\":[{\"@type\":\"ListItem\",\"position\":1,\"name\":\"Home\",\"item\":\"https:\\\/\\\/dehub.netgear.com\\\/de\\\/hub\\\/\"},{\"@type\":\"ListItem\",\"position\":2,\"name\":\"Business Articles Hub\",\"item\":\"https:\\\/\\\/dehub.netgear.com\\\/de\\\/hub\\\/business\\\/\"},{\"@type\":\"ListItem\",\"position\":3,\"name\":\"Business AV\",\"item\":\"https:\\\/\\\/dehub.netgear.com\\\/de\\\/hub\\\/business\\\/av\\\/\"},{\"@type\":\"ListItem\",\"position\":4,\"name\":\"Die Cloud-Revolution im professionellen AV-Bereich: Warum die Zukunft softwaredefiniert ist\"}]},{\"@type\":\"WebSite\",\"@id\":\"https:\\\/\\\/dehub.netgear.com\\\/de\\\/hub\\\/#website\",\"url\":\"https:\\\/\\\/dehub.netgear.com\\\/de\\\/hub\\\/\",\"name\":\"NETGEAR\",\"description\":\"Erkunden Sie unsere Hub-Seiten und st\u00f6bern Sie in Artikeln, um mehr \u00fcber NETGEAR Produkte und Technologien zu erfahren.\",\"publisher\":{\"@id\":\"https:\\\/\\\/dehub.netgear.com\\\/de\\\/hub\\\/#organization\"},\"potentialAction\":[{\"@type\":\"SearchAction\",\"target\":{\"@type\":\"EntryPoint\",\"urlTemplate\":\"https:\\\/\\\/dehub.netgear.com\\\/de\\\/hub\\\/?s={search_term_string}\"},\"query-input\":{\"@type\":\"PropertyValueSpecification\",\"valueRequired\":true,\"valueName\":\"search_term_string\"}}],\"inLanguage\":\"de\"},{\"@type\":\"Organization\",\"@id\":\"https:\\\/\\\/dehub.netgear.com\\\/de\\\/hub\\\/#organization\",\"name\":\"NETGEAR\",\"url\":\"https:\\\/\\\/dehub.netgear.com\\\/de\\\/hub\\\/\",\"logo\":{\"@type\":\"ImageObject\",\"inLanguage\":\"de\",\"@id\":\"https:\\\/\\\/dehub.netgear.com\\\/de\\\/hub\\\/#\\\/schema\\\/logo\\\/image\\\/\",\"url\":\"https:\\\/\\\/www.dehub.netgear.com\\\/de\\\/hub\\\/wp-content\\\/uploads\\\/2019\\\/07\\\/NETGEAR_logo.jpg\",\"contentUrl\":\"https:\\\/\\\/www.dehub.netgear.com\\\/de\\\/hub\\\/wp-content\\\/uploads\\\/2019\\\/07\\\/NETGEAR_logo.jpg\",\"width\":1500,\"height\":501,\"caption\":\"NETGEAR\"},\"image\":{\"@id\":\"https:\\\/\\\/dehub.netgear.com\\\/de\\\/hub\\\/#\\\/schema\\\/logo\\\/image\\\/\"},\"sameAs\":[\"https:\\\/\\\/www.facebook.com\\\/NetgearAU\\\/\",\"https:\\\/\\\/x.com\\\/NETGEAR\",\"https:\\\/\\\/www.linkedin.com\\\/company\\\/netgear\"]}]}<\/script>\n<!-- \/ Yoast SEO plugin. -->","yoast_head_json":{"title":"Die Cloud-Revolution im professionellen AV-Bereich: Warum die Zukunft softwaredefiniert ist - NETGEAR Hub","description":"Die Cloud-Revolution im professionellen AV-Bereich: Warum die Zukunft softwaredefiniert ist","robots":{"index":"index","follow":"follow","max-snippet":"max-snippet:-1","max-image-preview":"max-image-preview:large","max-video-preview":"max-video-preview:-1"},"canonical":"https:\/\/dehub.netgear.com\/de\/hub\/business\/av\/the-cloud-revolution-in-professional-av-why-the-future-is-software-defined\/","og_locale":"de_DE","og_type":"article","og_title":"Die Cloud-Revolution im professionellen AV-Bereich: Warum die Zukunft softwaredefiniert ist - NETGEAR Hub","og_description":"Die Cloud-Revolution im professionellen AV-Bereich: Warum die Zukunft softwaredefiniert ist","og_url":"https:\/\/dehub.netgear.com\/de\/hub\/business\/av\/the-cloud-revolution-in-professional-av-why-the-future-is-software-defined\/","og_site_name":"NETGEAR Hub","article_publisher":"https:\/\/www.facebook.com\/NetgearAU\/","article_modified_time":"2025-09-11T06:28:13+00:00","og_image":[{"width":383,"height":288,"url":"https:\/\/dehub.netgear.com\/de\/hub\/wp-content\/uploads\/2025\/09\/Cloud-383x288-1.jpg","type":"image\/jpeg"}],"twitter_card":"summary_large_image","twitter_site":"@NETGEAR","schema":{"@context":"https:\/\/schema.org","@graph":[{"@type":"WebPage","@id":"https:\/\/dehub.netgear.com\/de\/hub\/business\/av\/the-cloud-revolution-in-professional-av-why-the-future-is-software-defined\/","url":"https:\/\/dehub.netgear.com\/de\/hub\/business\/av\/the-cloud-revolution-in-professional-av-why-the-future-is-software-defined\/","name":"Die Cloud-Revolution im professionellen AV-Bereich: Warum die Zukunft softwaredefiniert ist - NETGEAR Hub","isPartOf":{"@id":"https:\/\/dehub.netgear.com\/de\/hub\/#website"},"primaryImageOfPage":{"@id":"https:\/\/dehub.netgear.com\/de\/hub\/business\/av\/the-cloud-revolution-in-professional-av-why-the-future-is-software-defined\/#primaryimage"},"image":{"@id":"https:\/\/dehub.netgear.com\/de\/hub\/business\/av\/the-cloud-revolution-in-professional-av-why-the-future-is-software-defined\/#primaryimage"},"thumbnailUrl":"https:\/\/dehub.netgear.com\/de\/hub\/wp-content\/uploads\/2025\/09\/Cloud-383x288-1.jpg","datePublished":"2025-09-10T10:06:52+00:00","dateModified":"2025-09-11T06:28:13+00:00","description":"Die Cloud-Revolution im professionellen AV-Bereich: Warum die Zukunft softwaredefiniert ist","breadcrumb":{"@id":"https:\/\/dehub.netgear.com\/de\/hub\/business\/av\/the-cloud-revolution-in-professional-av-why-the-future-is-software-defined\/#breadcrumb"},"inLanguage":"de","potentialAction":[{"@type":"ReadAction","target":["https:\/\/dehub.netgear.com\/de\/hub\/business\/av\/the-cloud-revolution-in-professional-av-why-the-future-is-software-defined\/"]}]},{"@type":"ImageObject","inLanguage":"de","@id":"https:\/\/dehub.netgear.com\/de\/hub\/business\/av\/the-cloud-revolution-in-professional-av-why-the-future-is-software-defined\/#primaryimage","url":"https:\/\/dehub.netgear.com\/de\/hub\/wp-content\/uploads\/2025\/09\/Cloud-383x288-1.jpg","contentUrl":"https:\/\/dehub.netgear.com\/de\/hub\/wp-content\/uploads\/2025\/09\/Cloud-383x288-1.jpg","width":383,"height":288,"caption":"1400975473"},{"@type":"BreadcrumbList","@id":"https:\/\/dehub.netgear.com\/de\/hub\/business\/av\/the-cloud-revolution-in-professional-av-why-the-future-is-software-defined\/#breadcrumb","itemListElement":[{"@type":"ListItem","position":1,"name":"Home","item":"https:\/\/dehub.netgear.com\/de\/hub\/"},{"@type":"ListItem","position":2,"name":"Business Articles Hub","item":"https:\/\/dehub.netgear.com\/de\/hub\/business\/"},{"@type":"ListItem","position":3,"name":"Business AV","item":"https:\/\/dehub.netgear.com\/de\/hub\/business\/av\/"},{"@type":"ListItem","position":4,"name":"Die Cloud-Revolution im professionellen AV-Bereich: Warum die Zukunft softwaredefiniert ist"}]},{"@type":"WebSite","@id":"https:\/\/dehub.netgear.com\/de\/hub\/#website","url":"https:\/\/dehub.netgear.com\/de\/hub\/","name":"NETGEAR","description":"Erkunden Sie unsere Hub-Seiten und st\u00f6bern Sie in Artikeln, um mehr \u00fcber NETGEAR Produkte und Technologien zu erfahren.","publisher":{"@id":"https:\/\/dehub.netgear.com\/de\/hub\/#organization"},"potentialAction":[{"@type":"SearchAction","target":{"@type":"EntryPoint","urlTemplate":"https:\/\/dehub.netgear.com\/de\/hub\/?s={search_term_string}"},"query-input":{"@type":"PropertyValueSpecification","valueRequired":true,"valueName":"search_term_string"}}],"inLanguage":"de"},{"@type":"Organization","@id":"https:\/\/dehub.netgear.com\/de\/hub\/#organization","name":"NETGEAR","url":"https:\/\/dehub.netgear.com\/de\/hub\/","logo":{"@type":"ImageObject","inLanguage":"de","@id":"https:\/\/dehub.netgear.com\/de\/hub\/#\/schema\/logo\/image\/","url":"https:\/\/www.dehub.netgear.com\/de\/hub\/wp-content\/uploads\/2019\/07\/NETGEAR_logo.jpg","contentUrl":"https:\/\/www.dehub.netgear.com\/de\/hub\/wp-content\/uploads\/2019\/07\/NETGEAR_logo.jpg","width":1500,"height":501,"caption":"NETGEAR"},"image":{"@id":"https:\/\/dehub.netgear.com\/de\/hub\/#\/schema\/logo\/image\/"},"sameAs":["https:\/\/www.facebook.com\/NetgearAU\/","https:\/\/x.com\/NETGEAR","https:\/\/www.linkedin.com\/company\/netgear"]}]}},"_links":{"self":[{"href":"https:\/\/dehub.netgear.com\/de\/hub\/wp-json\/wp\/v2\/pages\/10613","targetHints":{"allow":["GET"]}}],"collection":[{"href":"https:\/\/dehub.netgear.com\/de\/hub\/wp-json\/wp\/v2\/pages"}],"about":[{"href":"https:\/\/dehub.netgear.com\/de\/hub\/wp-json\/wp\/v2\/types\/page"}],"author":[{"embeddable":true,"href":"https:\/\/dehub.netgear.com\/de\/hub\/wp-json\/wp\/v2\/users\/94"}],"replies":[{"embeddable":true,"href":"https:\/\/dehub.netgear.com\/de\/hub\/wp-json\/wp\/v2\/comments?post=10613"}],"version-history":[{"count":2,"href":"https:\/\/dehub.netgear.com\/de\/hub\/wp-json\/wp\/v2\/pages\/10613\/revisions"}],"predecessor-version":[{"id":10617,"href":"https:\/\/dehub.netgear.com\/de\/hub\/wp-json\/wp\/v2\/pages\/10613\/revisions\/10617"}],"up":[{"embeddable":true,"href":"https:\/\/dehub.netgear.com\/de\/hub\/wp-json\/wp\/v2\/pages\/6754"}],"wp:featuredmedia":[{"embeddable":true,"href":"https:\/\/dehub.netgear.com\/de\/hub\/wp-json\/wp\/v2\/media\/10616"}],"wp:attachment":[{"href":"https:\/\/dehub.netgear.com\/de\/hub\/wp-json\/wp\/v2\/media?parent=10613"}],"curies":[{"name":"wp","href":"https:\/\/api.w.org\/{rel}","templated":true}]}}