{"id":10607,"date":"2025-07-30T11:58:00","date_gmt":"2025-09-10T09:58:00","guid":{"rendered":"https:\/\/dehub.netgear.com\/de\/hub\/business\/av\/mmg-global-hybrid-events-netgear-axis-2\/"},"modified":"2025-09-11T08:28:57","modified_gmt":"2025-09-11T06:28:57","slug":"netgear-av-awards-q2-2025","status":"publish","type":"page","link":"https:\/\/dehub.netgear.com\/de\/hub\/business\/av\/netgear-av-awards-q2-2025\/","title":{"rendered":"NETGEAR AV gl\u00e4nzt im 2. Quartal 2025: Eine Saison der Innovation und Branchenanerkennung"},"content":{"rendered":"<p>Das zweite Quartal 2025 war f\u00fcr NETGEAR AV ein bemerkenswertes Quartal, das durch eine Reihe renommierter Branchenpreise gepr\u00e4gt war. Diese Auszeichnungen unterstreichen unsere f\u00fchrende Position, Innovationskraft und kontinuierliche Exzellenz im Bereich Broadcast-\/Commercial-AV und Netzwerktechnologie.     <div class=\"table-of-content bg-gray\">\n        <p><strong>IN THIS ARTICLE<\/strong><\/p>\n        <ul>\n                        <li><a href=\"#topic1\">Wachstum und Wirkung vorantreiben<\/a><\/li>\n                        <li><a href=\"#topic2\">Fokus auf Innovation<\/a><\/li>\n                        <li><a href=\"#topic3\">Preisgekr\u00f6nte Produkte setzen Ma\u00dfst\u00e4be<\/a><\/li>\n                        <li><a href=\"#topic4\">Ein Blick in die Zukunft<\/a><\/li>\n                        <li><a href=\"#topic5\">Mehr informationen<\/a><\/li>\n                    <\/ul>\n    <\/div>\n        <div id=\"topic1\" class=\"skip-item\">\n                        <h2>Wachstum und Wirkung vorantreiben<\/h2>\n                <p>NETGEAR AV wurde mit dem <strong data-start=\"519\" data-end=\"547\">PSNI Growth Driver Award<\/strong> ausgezeichnet \u2013 eine Anerkennung f\u00fcr unsere wachsende Pr\u00e4senz und unseren einflussreichen Beitrag im professionellen AV-Markt. Dieser Preis ist ein Beweis f\u00fcr das Vertrauen unserer Partner und unser Engagement, die Branche aktiv mitzugestalten.<\/p>\n    <\/div>\n        <div id=\"topic2\" class=\"skip-item\">\n                        <h2>Fokus auf Innovation<\/h2>\n                <p>Die <strong data-start=\"825\" data-end=\"861\">Ride The Wave \u2013 Spotlight Awards<\/strong> von CTI ehrten NETGEAR AV als herausragende Kraft in der Branche. Diese Auszeichnung spiegelt unseren zukunftsorientierten Ansatz, unsere Produktf\u00fchrerschaft und den konsequenten Fokus auf kundenorientierte L\u00f6sungen wider.<\/p>\n    <\/div>\n        <div id=\"topic3\" class=\"skip-item\">\n                        <h2>Preisgekr\u00f6nte Produkte setzen Ma\u00dfst\u00e4be<\/h2>\n                <p data-start=\"1086\" data-end=\"1211\">Unsere hochmodernen L\u00f6sungen standen auch im Mittelpunkt mehrerer Produktpreise:<\/p>\n<ul data-start=\"1213\" data-end=\"2075\">\n<li data-start=\"1213\" data-end=\"1515\">\n<p data-start=\"1215\" data-end=\"1515\">Die <strong data-start=\"1219\" data-end=\"1242\">NETGEAR M4350 Serie<\/strong> erhielt den renommierten <strong data-start=\"1268\" data-end=\"1292\">Sonderpreis der Jury<\/strong> in Tokio bei den <strong data-start=\"1310\" data-end=\"1341\">Interop Best of Show Awards<\/strong> \u2013 eine Auszeichnung f\u00fcr ihre Leistung, Zuverl\u00e4ssigkeit und St\u00e4rke in AV-over-IP-Umgebungen, insbesondere im Hinblick auf die Unterst\u00fctzung von <strong data-start=\"1485\" data-end=\"1514\">SMPTE ST 2110-Anwendungen<\/strong>.<\/p>\n<\/li>\n<li data-start=\"1516\" data-end=\"1722\">\n<p data-start=\"1518\" data-end=\"1722\">Der <strong data-start=\"1522\" data-end=\"1551\">NETGEAR Engage Controller<\/strong> wurde von <strong data-start=\"1562\" data-end=\"1579\">TV Technology<\/strong> auf der <strong data-start=\"1588\" data-end=\"1600\">NAB Show<\/strong> als <strong data-start=\"1605\" data-end=\"1621\">Best of Show<\/strong> ausgezeichnet \u2013 eine W\u00fcrdigung seines intuitiven Designs und seiner Broadcast-tauglichen Funktionen.<\/p>\n<\/li>\n<li data-start=\"1723\" data-end=\"1897\">\n<p data-start=\"1725\" data-end=\"1897\">Unser <strong data-start=\"1731\" data-end=\"1769\">NETGEAR WBE710 WiFi 7 Access Point<\/strong> erhielt einen <strong data-start=\"1784\" data-end=\"1805\">Good Design Award<\/strong> \u2013 ein Beweis f\u00fcr unsere Verpflichtung zu hoher Leistung und herausragendem Industriedesign.<\/p>\n<\/li>\n<li data-start=\"1898\" data-end=\"2075\">\n<p data-start=\"1900\" data-end=\"2075\">Weitere Anerkennungen kamen von <strong data-start=\"1932\" data-end=\"1965\">Systems Contractor News (SCN)<\/strong> und <strong data-start=\"1970\" data-end=\"1987\">AV Technology<\/strong>, was den Status von NETGEAR als Vorreiter im professionellen AV-Bereich weiter festigt.<\/p>\n<\/li>\n<\/ul>\n    <\/div>\n        <div id=\"topic4\" class=\"skip-item\">\n                        <h2>Ein Blick in die Zukunft<\/h2>\n                <p data-start=\"2077\" data-end=\"2559\">Diese Auszeichnungen sind mehr als nur Lob \u2013 sie stehen f\u00fcr unsere kontinuierliche Mission, leistungsstarke, flexible und innovative L\u00f6sungen f\u00fcr die Zukunft der Netzwerktechnologie im Broadcast- und Commercial-AV-Bereich zu liefern. Wir danken unseren Teams, Partnern und Kunden, die das zweite Quartal zu einem unvergesslichen gemacht haben. Wir freuen uns darauf, diesen Schwung auch in der zweiten Jahresh\u00e4lfte 2025 und dar\u00fcber hinaus mitzunehmen.<\/p>\n<p data-start=\"2561\" data-end=\"2687\"><strong data-start=\"2561\" data-end=\"2633\">Entdecken Sie NETGEAR AV Produkte und L\u00f6sungen f\u00fcr Broadcast und AV:<\/strong><br data-start=\"2633\" data-end=\"2636\" \/><a href=\"https:\/\/www.netgear.com\/de\/av\/\">www.netgear.com\/de\/av<\/a><\/p>\n    <\/div>\n        <div id=\"topic5\" class=\"skip-item\">\n                        <h2>Mehr informationen<\/h2>\n                <p>Unsere Ingenieure unterst\u00fctzen Sie kostenlos bei Ihren AV-Projekten.<\/p>\n<p><a style=\"background-color: #26e880;border: 0px none #000000;border-radius: 50px;color: #2c262d;font-size: 16px;font-family: Inter,sans-serif;font-style: normal;font-weight: 500;text-decoration: none;width: 100%;padding: 16px 24px 16px 24px\" href=\"https:\/\/www.netgear.com\/de\/business\/av\/services\/proav-designsupport\/?hsCtaAttrib=207818050288#contactformsupport\" target=\"_blank\" rel=\"noopener\">KONTAKTIEREN SIE DEN PROAV-SUPPORT<\/a><\/p>\n<p>Erfahren Sie alles \u00fcber IP-Netzwerke in unserer NETGEAR ACADEMY.<\/p>\n<p><a style=\"background-color: #26e880;border: 0px none #000000;border-radius: 50px;color: #2c262d;font-size: 16px;font-family: Inter,sans-serif;font-style: normal;font-weight: 500;text-decoration: none;width: 100%;padding: 16px 24px 16px 24px\" href=\"https:\/\/academy.netgear.com\/course\/index.php?categoryid=2&amp;hsCtaAttrib=207830330055\" target=\"_blank\" rel=\"noopener\">NETGEAR ACADEMY<\/a><\/p>\n<p>Mehr Informationen zu unseren AV-L\u00f6sungen<\/p>\n<p><a style=\"background-color: #26e880;border: 0px none #000000;border-radius: 50px;color: #2c262d;font-size: 16px;font-family: Inter,sans-serif;font-style: normal;font-weight: 500;text-decoration: none;width: 100%;padding: 16px 24px 16px 24px\" href=\"https:\/\/www.netgear.com\/de\/business\/av\/?hsCtaAttrib=207665517270\" target=\"_blank\" rel=\"noopener\">NETGEAR AV L\u00d6SUNGEN<\/a><\/p>\n<p><iframe loading=\"lazy\" src=\"https:\/\/405nrr.share-na2.hsforms.com\/25w_D-U5iS-e5KaSaP86jnQ\" width=\"100%\" height=\"1200px\"><\/iframe><\/p>\n    <\/div>\n    <\/p>\n","protected":false},"excerpt":{"rendered":"<p>Das zweite Quartal 2025 war f\u00fcr NETGEAR AV ein bemerkenswertes Quartal, das durch eine Reihe renommierter Branchenpreise gepr\u00e4gt war. Diese Auszeichnungen unterstreichen unsere f\u00fchrende Position, Innovationskraft und kontinuierliche Exzellenz im Bereich Broadcast-\/Commercial-AV und Netzwerktechnologie.<\/p>\n","protected":false},"author":94,"featured_media":10606,"parent":6754,"menu_order":11,"comment_status":"closed","ping_status":"closed","template":"templates\/blog-wifi.php","meta":{"_acf_changed":false,"footnotes":""},"class_list":["post-10607","page","type-page","status-publish","has-post-thumbnail","hentry"],"acf":[],"yoast_head":"<!-- This site is optimized with the Yoast SEO plugin v27.4 - https:\/\/yoast.com\/product\/yoast-seo-wordpress\/ -->\n<title>NETGEAR AV gl\u00e4nzt im 2. Quartal 2025: Eine Saison der Innovation und Branchenanerkennung - NETGEAR Hub<\/title>\n<meta name=\"description\" content=\"NETGEAR AV gl\u00e4nzt im 2. Quartal 2025: Eine Saison der Innovation und Branchenanerkennung\" \/>\n<meta name=\"robots\" content=\"index, follow, max-snippet:-1, max-image-preview:large, max-video-preview:-1\" \/>\n<link rel=\"canonical\" href=\"https:\/\/dehub.netgear.com\/de\/hub\/business\/av\/netgear-av-awards-q2-2025\/\" \/>\n<meta property=\"og:locale\" content=\"de_DE\" \/>\n<meta property=\"og:type\" content=\"article\" \/>\n<meta property=\"og:title\" content=\"NETGEAR AV gl\u00e4nzt im 2. Quartal 2025: Eine Saison der Innovation und Branchenanerkennung - NETGEAR Hub\" \/>\n<meta property=\"og:description\" content=\"NETGEAR AV gl\u00e4nzt im 2. Quartal 2025: Eine Saison der Innovation und Branchenanerkennung\" \/>\n<meta property=\"og:url\" content=\"https:\/\/dehub.netgear.com\/de\/hub\/business\/av\/netgear-av-awards-q2-2025\/\" \/>\n<meta property=\"og:site_name\" content=\"NETGEAR Hub\" \/>\n<meta property=\"article:publisher\" content=\"https:\/\/www.facebook.com\/NetgearAU\/\" \/>\n<meta property=\"article:modified_time\" content=\"2025-09-11T06:28:57+00:00\" \/>\n<meta property=\"og:image\" content=\"https:\/\/dehub.netgear.com\/de\/hub\/wp-content\/uploads\/2025\/09\/vignette-netgear-av-2025-awards-383x288-1.jpg\" \/>\n\t<meta property=\"og:image:width\" content=\"383\" \/>\n\t<meta property=\"og:image:height\" content=\"288\" \/>\n\t<meta property=\"og:image:type\" content=\"image\/jpeg\" \/>\n<meta name=\"twitter:card\" content=\"summary_large_image\" \/>\n<meta name=\"twitter:site\" content=\"@NETGEAR\" \/>\n<script type=\"application\/ld+json\" class=\"yoast-schema-graph\">{\"@context\":\"https:\\\/\\\/schema.org\",\"@graph\":[{\"@type\":\"WebPage\",\"@id\":\"https:\\\/\\\/dehub.netgear.com\\\/de\\\/hub\\\/business\\\/av\\\/netgear-av-awards-q2-2025\\\/\",\"url\":\"https:\\\/\\\/dehub.netgear.com\\\/de\\\/hub\\\/business\\\/av\\\/netgear-av-awards-q2-2025\\\/\",\"name\":\"NETGEAR AV gl\u00e4nzt im 2. Quartal 2025: Eine Saison der Innovation und Branchenanerkennung - NETGEAR Hub\",\"isPartOf\":{\"@id\":\"https:\\\/\\\/dehub.netgear.com\\\/de\\\/hub\\\/#website\"},\"primaryImageOfPage\":{\"@id\":\"https:\\\/\\\/dehub.netgear.com\\\/de\\\/hub\\\/business\\\/av\\\/netgear-av-awards-q2-2025\\\/#primaryimage\"},\"image\":{\"@id\":\"https:\\\/\\\/dehub.netgear.com\\\/de\\\/hub\\\/business\\\/av\\\/netgear-av-awards-q2-2025\\\/#primaryimage\"},\"thumbnailUrl\":\"https:\\\/\\\/dehub.netgear.com\\\/de\\\/hub\\\/wp-content\\\/uploads\\\/2025\\\/09\\\/vignette-netgear-av-2025-awards-383x288-1.jpg\",\"datePublished\":\"2025-09-10T09:58:00+00:00\",\"dateModified\":\"2025-09-11T06:28:57+00:00\",\"description\":\"NETGEAR AV gl\u00e4nzt im 2. Quartal 2025: Eine Saison der Innovation und Branchenanerkennung\",\"breadcrumb\":{\"@id\":\"https:\\\/\\\/dehub.netgear.com\\\/de\\\/hub\\\/business\\\/av\\\/netgear-av-awards-q2-2025\\\/#breadcrumb\"},\"inLanguage\":\"de\",\"potentialAction\":[{\"@type\":\"ReadAction\",\"target\":[\"https:\\\/\\\/dehub.netgear.com\\\/de\\\/hub\\\/business\\\/av\\\/netgear-av-awards-q2-2025\\\/\"]}]},{\"@type\":\"ImageObject\",\"inLanguage\":\"de\",\"@id\":\"https:\\\/\\\/dehub.netgear.com\\\/de\\\/hub\\\/business\\\/av\\\/netgear-av-awards-q2-2025\\\/#primaryimage\",\"url\":\"https:\\\/\\\/dehub.netgear.com\\\/de\\\/hub\\\/wp-content\\\/uploads\\\/2025\\\/09\\\/vignette-netgear-av-2025-awards-383x288-1.jpg\",\"contentUrl\":\"https:\\\/\\\/dehub.netgear.com\\\/de\\\/hub\\\/wp-content\\\/uploads\\\/2025\\\/09\\\/vignette-netgear-av-2025-awards-383x288-1.jpg\",\"width\":383,\"height\":288},{\"@type\":\"BreadcrumbList\",\"@id\":\"https:\\\/\\\/dehub.netgear.com\\\/de\\\/hub\\\/business\\\/av\\\/netgear-av-awards-q2-2025\\\/#breadcrumb\",\"itemListElement\":[{\"@type\":\"ListItem\",\"position\":1,\"name\":\"Home\",\"item\":\"https:\\\/\\\/dehub.netgear.com\\\/de\\\/hub\\\/\"},{\"@type\":\"ListItem\",\"position\":2,\"name\":\"Business Articles Hub\",\"item\":\"https:\\\/\\\/dehub.netgear.com\\\/de\\\/hub\\\/business\\\/\"},{\"@type\":\"ListItem\",\"position\":3,\"name\":\"Business AV\",\"item\":\"https:\\\/\\\/dehub.netgear.com\\\/de\\\/hub\\\/business\\\/av\\\/\"},{\"@type\":\"ListItem\",\"position\":4,\"name\":\"NETGEAR AV gl\u00e4nzt im 2. Quartal 2025: Eine Saison der Innovation und Branchenanerkennung\"}]},{\"@type\":\"WebSite\",\"@id\":\"https:\\\/\\\/dehub.netgear.com\\\/de\\\/hub\\\/#website\",\"url\":\"https:\\\/\\\/dehub.netgear.com\\\/de\\\/hub\\\/\",\"name\":\"NETGEAR\",\"description\":\"Erkunden Sie unsere Hub-Seiten und st\u00f6bern Sie in Artikeln, um mehr \u00fcber NETGEAR Produkte und Technologien zu erfahren.\",\"publisher\":{\"@id\":\"https:\\\/\\\/dehub.netgear.com\\\/de\\\/hub\\\/#organization\"},\"potentialAction\":[{\"@type\":\"SearchAction\",\"target\":{\"@type\":\"EntryPoint\",\"urlTemplate\":\"https:\\\/\\\/dehub.netgear.com\\\/de\\\/hub\\\/?s={search_term_string}\"},\"query-input\":{\"@type\":\"PropertyValueSpecification\",\"valueRequired\":true,\"valueName\":\"search_term_string\"}}],\"inLanguage\":\"de\"},{\"@type\":\"Organization\",\"@id\":\"https:\\\/\\\/dehub.netgear.com\\\/de\\\/hub\\\/#organization\",\"name\":\"NETGEAR\",\"url\":\"https:\\\/\\\/dehub.netgear.com\\\/de\\\/hub\\\/\",\"logo\":{\"@type\":\"ImageObject\",\"inLanguage\":\"de\",\"@id\":\"https:\\\/\\\/dehub.netgear.com\\\/de\\\/hub\\\/#\\\/schema\\\/logo\\\/image\\\/\",\"url\":\"https:\\\/\\\/www.dehub.netgear.com\\\/de\\\/hub\\\/wp-content\\\/uploads\\\/2019\\\/07\\\/NETGEAR_logo.jpg\",\"contentUrl\":\"https:\\\/\\\/www.dehub.netgear.com\\\/de\\\/hub\\\/wp-content\\\/uploads\\\/2019\\\/07\\\/NETGEAR_logo.jpg\",\"width\":1500,\"height\":501,\"caption\":\"NETGEAR\"},\"image\":{\"@id\":\"https:\\\/\\\/dehub.netgear.com\\\/de\\\/hub\\\/#\\\/schema\\\/logo\\\/image\\\/\"},\"sameAs\":[\"https:\\\/\\\/www.facebook.com\\\/NetgearAU\\\/\",\"https:\\\/\\\/x.com\\\/NETGEAR\",\"https:\\\/\\\/www.linkedin.com\\\/company\\\/netgear\"]}]}<\/script>\n<!-- \/ Yoast SEO plugin. -->","yoast_head_json":{"title":"NETGEAR AV gl\u00e4nzt im 2. Quartal 2025: Eine Saison der Innovation und Branchenanerkennung - NETGEAR Hub","description":"NETGEAR AV gl\u00e4nzt im 2. Quartal 2025: Eine Saison der Innovation und Branchenanerkennung","robots":{"index":"index","follow":"follow","max-snippet":"max-snippet:-1","max-image-preview":"max-image-preview:large","max-video-preview":"max-video-preview:-1"},"canonical":"https:\/\/dehub.netgear.com\/de\/hub\/business\/av\/netgear-av-awards-q2-2025\/","og_locale":"de_DE","og_type":"article","og_title":"NETGEAR AV gl\u00e4nzt im 2. Quartal 2025: Eine Saison der Innovation und Branchenanerkennung - NETGEAR Hub","og_description":"NETGEAR AV gl\u00e4nzt im 2. Quartal 2025: Eine Saison der Innovation und Branchenanerkennung","og_url":"https:\/\/dehub.netgear.com\/de\/hub\/business\/av\/netgear-av-awards-q2-2025\/","og_site_name":"NETGEAR Hub","article_publisher":"https:\/\/www.facebook.com\/NetgearAU\/","article_modified_time":"2025-09-11T06:28:57+00:00","og_image":[{"width":383,"height":288,"url":"https:\/\/dehub.netgear.com\/de\/hub\/wp-content\/uploads\/2025\/09\/vignette-netgear-av-2025-awards-383x288-1.jpg","type":"image\/jpeg"}],"twitter_card":"summary_large_image","twitter_site":"@NETGEAR","schema":{"@context":"https:\/\/schema.org","@graph":[{"@type":"WebPage","@id":"https:\/\/dehub.netgear.com\/de\/hub\/business\/av\/netgear-av-awards-q2-2025\/","url":"https:\/\/dehub.netgear.com\/de\/hub\/business\/av\/netgear-av-awards-q2-2025\/","name":"NETGEAR AV gl\u00e4nzt im 2. Quartal 2025: Eine Saison der Innovation und Branchenanerkennung - NETGEAR Hub","isPartOf":{"@id":"https:\/\/dehub.netgear.com\/de\/hub\/#website"},"primaryImageOfPage":{"@id":"https:\/\/dehub.netgear.com\/de\/hub\/business\/av\/netgear-av-awards-q2-2025\/#primaryimage"},"image":{"@id":"https:\/\/dehub.netgear.com\/de\/hub\/business\/av\/netgear-av-awards-q2-2025\/#primaryimage"},"thumbnailUrl":"https:\/\/dehub.netgear.com\/de\/hub\/wp-content\/uploads\/2025\/09\/vignette-netgear-av-2025-awards-383x288-1.jpg","datePublished":"2025-09-10T09:58:00+00:00","dateModified":"2025-09-11T06:28:57+00:00","description":"NETGEAR AV gl\u00e4nzt im 2. Quartal 2025: Eine Saison der Innovation und Branchenanerkennung","breadcrumb":{"@id":"https:\/\/dehub.netgear.com\/de\/hub\/business\/av\/netgear-av-awards-q2-2025\/#breadcrumb"},"inLanguage":"de","potentialAction":[{"@type":"ReadAction","target":["https:\/\/dehub.netgear.com\/de\/hub\/business\/av\/netgear-av-awards-q2-2025\/"]}]},{"@type":"ImageObject","inLanguage":"de","@id":"https:\/\/dehub.netgear.com\/de\/hub\/business\/av\/netgear-av-awards-q2-2025\/#primaryimage","url":"https:\/\/dehub.netgear.com\/de\/hub\/wp-content\/uploads\/2025\/09\/vignette-netgear-av-2025-awards-383x288-1.jpg","contentUrl":"https:\/\/dehub.netgear.com\/de\/hub\/wp-content\/uploads\/2025\/09\/vignette-netgear-av-2025-awards-383x288-1.jpg","width":383,"height":288},{"@type":"BreadcrumbList","@id":"https:\/\/dehub.netgear.com\/de\/hub\/business\/av\/netgear-av-awards-q2-2025\/#breadcrumb","itemListElement":[{"@type":"ListItem","position":1,"name":"Home","item":"https:\/\/dehub.netgear.com\/de\/hub\/"},{"@type":"ListItem","position":2,"name":"Business Articles Hub","item":"https:\/\/dehub.netgear.com\/de\/hub\/business\/"},{"@type":"ListItem","position":3,"name":"Business AV","item":"https:\/\/dehub.netgear.com\/de\/hub\/business\/av\/"},{"@type":"ListItem","position":4,"name":"NETGEAR AV gl\u00e4nzt im 2. Quartal 2025: Eine Saison der Innovation und Branchenanerkennung"}]},{"@type":"WebSite","@id":"https:\/\/dehub.netgear.com\/de\/hub\/#website","url":"https:\/\/dehub.netgear.com\/de\/hub\/","name":"NETGEAR","description":"Erkunden Sie unsere Hub-Seiten und st\u00f6bern Sie in Artikeln, um mehr \u00fcber NETGEAR Produkte und Technologien zu erfahren.","publisher":{"@id":"https:\/\/dehub.netgear.com\/de\/hub\/#organization"},"potentialAction":[{"@type":"SearchAction","target":{"@type":"EntryPoint","urlTemplate":"https:\/\/dehub.netgear.com\/de\/hub\/?s={search_term_string}"},"query-input":{"@type":"PropertyValueSpecification","valueRequired":true,"valueName":"search_term_string"}}],"inLanguage":"de"},{"@type":"Organization","@id":"https:\/\/dehub.netgear.com\/de\/hub\/#organization","name":"NETGEAR","url":"https:\/\/dehub.netgear.com\/de\/hub\/","logo":{"@type":"ImageObject","inLanguage":"de","@id":"https:\/\/dehub.netgear.com\/de\/hub\/#\/schema\/logo\/image\/","url":"https:\/\/www.dehub.netgear.com\/de\/hub\/wp-content\/uploads\/2019\/07\/NETGEAR_logo.jpg","contentUrl":"https:\/\/www.dehub.netgear.com\/de\/hub\/wp-content\/uploads\/2019\/07\/NETGEAR_logo.jpg","width":1500,"height":501,"caption":"NETGEAR"},"image":{"@id":"https:\/\/dehub.netgear.com\/de\/hub\/#\/schema\/logo\/image\/"},"sameAs":["https:\/\/www.facebook.com\/NetgearAU\/","https:\/\/x.com\/NETGEAR","https:\/\/www.linkedin.com\/company\/netgear"]}]}},"_links":{"self":[{"href":"https:\/\/dehub.netgear.com\/de\/hub\/wp-json\/wp\/v2\/pages\/10607","targetHints":{"allow":["GET"]}}],"collection":[{"href":"https:\/\/dehub.netgear.com\/de\/hub\/wp-json\/wp\/v2\/pages"}],"about":[{"href":"https:\/\/dehub.netgear.com\/de\/hub\/wp-json\/wp\/v2\/types\/page"}],"author":[{"embeddable":true,"href":"https:\/\/dehub.netgear.com\/de\/hub\/wp-json\/wp\/v2\/users\/94"}],"replies":[{"embeddable":true,"href":"https:\/\/dehub.netgear.com\/de\/hub\/wp-json\/wp\/v2\/comments?post=10607"}],"version-history":[{"count":4,"href":"https:\/\/dehub.netgear.com\/de\/hub\/wp-json\/wp\/v2\/pages\/10607\/revisions"}],"predecessor-version":[{"id":10612,"href":"https:\/\/dehub.netgear.com\/de\/hub\/wp-json\/wp\/v2\/pages\/10607\/revisions\/10612"}],"up":[{"embeddable":true,"href":"https:\/\/dehub.netgear.com\/de\/hub\/wp-json\/wp\/v2\/pages\/6754"}],"wp:featuredmedia":[{"embeddable":true,"href":"https:\/\/dehub.netgear.com\/de\/hub\/wp-json\/wp\/v2\/media\/10606"}],"wp:attachment":[{"href":"https:\/\/dehub.netgear.com\/de\/hub\/wp-json\/wp\/v2\/media?parent=10607"}],"curies":[{"name":"wp","href":"https:\/\/api.w.org\/{rel}","templated":true}]}}