{"id":10599,"date":"2025-06-10T14:59:09","date_gmt":"2025-09-09T12:59:26","guid":{"rendered":"https:\/\/dehub.netgear.com\/de\/hub\/?page_id=10599"},"modified":"2025-11-25T16:06:37","modified_gmt":"2025-11-25T15:06:37","slug":"apogee-network-upgrade-netgear-demo-kit","status":"publish","type":"page","link":"https:\/\/dehub.netgear.com\/de\/hub\/business\/case-studies\/it-case-studies\/apogee-network-upgrade-netgear-demo-kit\/","title":{"rendered":"Wie Apogee neue Netzwerktechnologie in seinem eigenen Tempo evaluierte und testete"},"content":{"rendered":"<p>Mit einem NETGEAR-Demokit zur Erstellung eines Proof of Concept<\/p>\n<p>Apogee war so zufrieden mit der L\u00f6sung, dass das Unternehmen darum bat, das Demokit behalten zu d\u00fcrfen \u2013 es unterst\u00fctzt nun die effiziente und schnelle Bereitstellung der enormen Datenmengen, auf die die Kunden von Apogee angewiesen sind.<br \/>\n    <div class=\"table-of-content bg-gray\">\n        <p><strong>IN THIS ARTICLE<\/strong><\/p>\n        <ul>\n                        <li><a href=\"#topic1\">HINTERGRUND<\/a><\/li>\n                        <li><a href=\"#topic2\">DIE HERAUSFORDERUNG<\/a><\/li>\n                        <li><a href=\"#topic3\">DEMO-KIT F\u00dcR MASSGESCHNEIDERTE KONFIGURATION<\/a><\/li>\n                        <li><a href=\"#topic4\">ALLE KRITERIEN ERF\u00dcLLT<\/a><\/li>\n                        <li><a href=\"#topic5\">REIBUNGSLOSER \u00dcBERGANG<\/a><\/li>\n                        <li><a href=\"#topic6\">Mehr informationen<\/a><\/li>\n                    <\/ul>\n    <\/div>\n        <div id=\"topic1\" class=\"skip-item\">\n                        <h2>HINTERGRUND<\/h2>\n                <div style=\"background-color: #eeeeee;padding: 20px;width: 33%;float: right\">\n<p><strong>Firmenname: <\/strong><br \/>\nApogee Property and Utility Consultants<\/p>\n<p><strong>Branche:<\/strong><br \/>\nImmobilien- und Versorgungsberatung<\/p>\n<p><strong>Website des Unternehmens:<\/strong><br \/>\n<a href=\"https:\/\/www.apogeeutilityconsultants.co.uk\">apogeeutilityconsultants.co.uk<\/a><\/p>\n<p><strong>Geographische Region:<\/strong><br \/>\nTelford, Vereinigtes K\u00f6nigreich<\/p>\n<\/div>\n<p>Mit \u00fcber 25 Jahren Erfahrung ist Apogee Property and Utility Consultants Ltd. mit Sitz in Telford, UK, ein f\u00fchrender Anbieter von hochwertigen Immobilien- und Versorgungsberichten \u2013 von kleinen Wohnprojekten bis hin zur Unterst\u00fctzung komplexer Antr\u00e4ge f\u00fcr Entwicklungsbewilligungen (DCOs). Aufgrund der Vielzahl an h\u00e4ufig zeitkritischen Daten\u00fcbertragungen ist eine stabile und leistungsf\u00e4hige Netzwerkverbindung unerl\u00e4sslich, wie Mike Minton, Leiter IT-Services &amp; Serviceentwicklung, erkl\u00e4rt:<\/p>\n<p>\u201e<em>Wir setzen modernste Technologien in der Geodatenbranche ein und liefern Berichte mit gro\u00dfen Datenmengen, die wir sammeln und aufbereiten. Wir bieten einen 24\/7-Service und liefern Berichte oft innerhalb von 24 Stunden \u2013 ein schnelles und zuverl\u00e4ssiges Netzwerk ist daher essenziell.<\/em>\u201c <em>Mike f\u00fcgt hinzu: \u201eWenn jemand vor Ort keinen korrekten Versorgungsbericht hat, ist das ein Problem. Unsere Kunden m\u00fcssen wissen, wie Gas, Telekommunikation oder Wasser an den Standort gelangen \u2013 und wo sich Leitungen oder Kabel befinden. Diese Informationen liefern wir zur Entscheidungsunterst\u00fctzung<\/em>.\u201c<\/p>\n    <\/div>\n        <div id=\"topic2\" class=\"skip-item\">\n                        <h2>DIE HERAUSFORDERUNG<\/h2>\n                <p data-start=\"1915\" data-end=\"2468\">Das bisherige WLAN-System von Apogee funktionierte jahrelang zuverl\u00e4ssig, aber laut Mike war es nicht mehr zweckdienlich. Besonders kritisch: Der fehlende Support des Herstellers. Mike berichtet:<br data-start=\"2110\" data-end=\"2113\" \/>\u201e<em>Wenn das System ausfiel, konnte ich niemanden erreichen. Updates kamen st\u00e4ndig, aber wenn Probleme auftraten, gab es keine Hilfe. Einmal war ich im Urlaub, als das WLAN ausfiel \u2013 per FaceTime musste ich einem Gesch\u00e4ftsf\u00fchrer helfen, das System manuell neu zu konfigurieren. Das ist inakzeptabel. Wir k\u00f6nnen uns keinen Ausfall ohne Unterst\u00fctzung leisten.<\/em>\u201c<\/p>\n<p data-start=\"2470\" data-end=\"3031\">Mike wandte sich an verschiedene Anbieter \u2013 darunter NETGEAR. Der Hersteller leitete die Anfrage an den zertifizierten lokalen Partner Ballicom in Coventry weiter. Dessen technischer Vertriebsleiter Gary Twigger kontaktierte Mike direkt. Ballicom bietet seit 1993 IT-L\u00f6sungen an und verfolgt einen partnerschaftlichen Ansatz, um Kunden bei der Zielerreichung zu unterst\u00fctzen. Daisy Davidson, VAR Channel Account Manager bei NETGEAR UK, erg\u00e4nzt:<br data-start=\"2914\" data-end=\"2917\" \/>\u201eWenn wir einen potenziellen Kunden an Ballicom weiterleiten, wissen wir, dass dieser professionell betreut wird.\u201c<\/p>\n<p data-start=\"3033\" data-end=\"3373\">Gary ist ein klarer Bef\u00fcrworter von NETGEAR:<br data-start=\"3077\" data-end=\"3080\" \/>\u201e<em>Ich habe Mike erkl\u00e4rt, dass NETGEAR ein Unternehmen ist, das sich wirklich k\u00fcmmert und aktiv hilft. Und die Hardware ist hervorragend.<\/em>\u201c<br data-start=\"3216\" data-end=\"3219\" \/>So unterst\u00fctzte NETGEAR Apogees Wunsch, bestimmte URLs gezielt zuzulassen oder zu blockieren \u2013 ein Feature, das \u00fcber klassische Filteroptionen hinausgeht.<\/p>\n    <\/div>\n        <div id=\"topic3\" class=\"skip-item\">\n                        <h2>DEMO-KIT F\u00dcR MASSGESCHNEIDERTE KONFIGURATION<\/h2>\n                <p data-start=\"3435\" data-end=\"3759\">Gary wollte, dass Apogee die Technologie vor einer Kaufentscheidung selbst testet. Also stellte er ein <strong data-start=\"3538\" data-end=\"3557\">NETGEAR-Demokit<\/strong> zur Verf\u00fcgung \u2013 bestehend aus einem Multigigabit-Router mit PoE, zwei Access Points und einer Testlizenz f\u00fcr das Cloud-basierte Netzwerkmanagementportal <strong data-start=\"3711\" data-end=\"3730\">NETGEAR Insight<\/strong>. Mike war sofort begeistert:<\/p>\n<p data-start=\"3761\" data-end=\"4092\"><em>\u201eDas Testkit war genial. Es funktionierte sofort und war einfach verst\u00e4ndlich. Ich konnte die Konfiguration an unsere Anforderungen anpassen \u2013 mit nur wenigen Klicks.\u201c<\/em><br data-start=\"3928\" data-end=\"3931\" \/>Trotz seiner jahrelangen Erfahrung in Netzwerktechnik wandte sich Mike f\u00fcr spezielle Fragen an Ballicom und NETGEAR \u2013 was sich als \u00e4u\u00dferst positiv herausstellte.<\/p>\n<p data-start=\"4094\" data-end=\"4430\"><em>\u201eDie Unterst\u00fctzung aller Beteiligten war hervorragend. Man zeigte mir, wie ich URL-Weiterleitungen einrichte, VLANs erstelle und die Netzwerktopologie verwalte \u2013 alles klar und verst\u00e4ndlich.\u201c<\/em><br data-start=\"4285\" data-end=\"4288\" \/>Er betont: <em>\u201eDaisy und Gary haben regelm\u00e4\u00dfig kommuniziert und uns nie vergessen. Diese Hartn\u00e4ckigkeit ist die Basis einer guten Partnerschaft.\u201c<\/em><\/p>\n    <\/div>\n        <div id=\"topic4\" class=\"skip-item\">\n                        <h2>ALLE KRITERIEN ERF\u00dcLLT<\/h2>\n                <p data-start=\"4470\" data-end=\"4703\">Mike hebt auch den Nutzen des <strong data-start=\"4500\" data-end=\"4519\">Insight-Portals<\/strong> hervor:<br data-start=\"4527\" data-end=\"4530\" \/><em>\u201eDas ist f\u00fcr uns ein gro\u00dfer Pluspunkt \u2013 ich kann das Netzwerk per Cloud steuern, egal wo ich bin, auch mit dem Smartphone. Insight ist einfach zu bedienen und funktioniert.\u201c<\/em><\/p>\n<p data-start=\"4705\" data-end=\"5133\">Er erg\u00e4nzt:<br data-start=\"4716\" data-end=\"4719\" \/><em>\u201eDer Preis war nicht ausschlaggebend, NETGEAR war nicht die g\u00fcnstigste L\u00f6sung. Aber sie hat alle Kriterien erf\u00fcllt. Die lange Marktpr\u00e4senz des Unternehmens und meine positiven Erfahrungen mit dessen Technik gaben den Ausschlag. Auch die Abonnementkosten f\u00fcr Insight waren sehr fair.\u201c<\/em><br data-start=\"5002\" data-end=\"5005\" \/>Als Mike seinem Gesch\u00e4ftsf\u00fchrer vom Testkit berichtete, meinte dieser:<br data-start=\"5075\" data-end=\"5078\" \/>\u201eDas geben wir nicht mehr zur\u00fcck!\u201c \u2013 und so geschah es.<\/p>\n<p data-start=\"5135\" data-end=\"5508\">Normalerweise werden Demokits zur\u00fcckgegeben \u2013 in diesem Fall jedoch entschied man sich, Apogee das konfigurierte System zu \u00fcberlassen. Ballicom erhielt von NETGEAR ein Ersatzkit zur weiteren Kundenakquise. Gary Twigger sagt:<br data-start=\"5359\" data-end=\"5362\" \/><em>\u201eEin NETGEAR-Demokit ist eine hervorragende M\u00f6glichkeit f\u00fcr Unternehmen, Technik risikofrei zu testen \u2013 im eigenen Tempo, nach eigenen Ma\u00dfst\u00e4ben.\u201c<\/em><\/p>\n    <\/div>\n        <div id=\"topic5\" class=\"skip-item\">\n                        <h2>REIBUNGSLOSER \u00dcBERGANG<\/h2>\n                <p>Um Unterbrechungen zu vermeiden, betrieb Mike das neue NETGEAR-System zun\u00e4chst parallel zum alten WLAN \u2013 \u00fcber einen Dual-WAN-Router seines Glasfaseranbieters. Die eigentliche Umstellung erfolgte in der ruhigeren Zeit zwischen Weihnachten 2024 und Neujahr.<\/p>\n<p>Mike zieht Fazit:<br \/>\n<em>\u201eIch bin \u00fcberzeugt, dass wir nun ein verl\u00e4ssliches Netzwerk haben. Und wir wissen, dass Ballicom und NETGEAR bei Bedarf f\u00fcr uns da sind.\u201c<\/em><br \/>\nDank des Demokits konnte Apogee neue Netzwerktechnologien ausgiebig testen \u2013 angepasst an die eigenen Bed\u00fcrfnisse, flexibel und ohne Druck.<\/p>\n<p><a href=\"https:\/\/apogeepropertyandutilityconsultants.com\/\">Apogee Property &amp; Utility Consultants<\/a><br \/>\n<a href=\"https:\/\/www.ballicom.co.uk\/\">Ballicom \u2013 IT Partner aus Coventry<\/a><\/p>\n    <\/div>\n        <div id=\"topic6\" class=\"skip-item\">\n                        <h2>Mehr informationen<\/h2>\n                <p data-start=\"1323\" data-end=\"1372\">Mehr \u00fcber unsere Business-Produkte erfahren<\/p>\n<p><a style=\"background-color: #2b3749;border: 0px none #000000;border-radius: 50px;color: #ffffff;font-size: 16px;font-family: Inter,sans-serif;font-style: normal;font-weight: 500;text-decoration: none;width: 100%;padding: 16px 24px 16px 24px\" href=\"https:\/\/www.netgear.com\/de\/business\/\" target=\"_blank\" rel=\"noopener\">NETGEAR BUSINESS L\u00d6SUNGEN<\/a><\/p>\n<p data-start=\"1375\" data-end=\"1436\">Alles \u00fcber IP-Netzwerke lernen \u2013 in der NETGEAR ACADEMY<\/p>\n<p><a style=\"background-color: #2b3749;border: 0px none #000000;border-radius: 50px;color: #ffffff;font-size: 16px;font-family: Inter,sans-serif;font-style: normal;font-weight: 500;text-decoration: none;width: 100%;padding: 16px 24px 16px 24px\" href=\"https:\/\/academy.netgear.com\/course\/index.php?categoryid=2&amp;hsCtaAttrib=211825855224\" target=\"_blank\" rel=\"noopener\">NETGEAR ACADEMY<\/a><\/p>\n<p data-start=\"1439\" data-end=\"1505\">Unsere Ingenieure unterst\u00fctzen Sie kostenlos bei Ihrem Projekt<\/p>\n<p><a style=\"background-color: #2b3749;border: 0px none #000000;border-radius: 50px;color: #ffffff;font-size: 16px;font-family: Inter,sans-serif;font-style: normal;font-weight: 500;text-decoration: none;width: 100%;padding: 16px 24px 16px 24px\" href=\"https:\/\/www.netgear.com\/de\/business\/av\/services\/prowifi-designsupport\/?hsCtaAttrib=211833679597\" target=\"_blank\" rel=\"noopener\">KONTAKTIEREN SIE DAS PRO-IT DESIGN TEAM<\/a><\/p>\n<p><iframe loading=\"lazy\" src=\"https:\/\/405nrr.share-na2.hsforms.com\/25w_D-U5iS-e5KaSaP86jnQ\" width=\"100%\" height=\"1200px\"><\/iframe><\/p>\n    <\/div>\n    <\/p>\n","protected":false},"excerpt":{"rendered":"<p>Mit einem NETGEAR-Demokit zur Erstellung eines Proof of Concept Apogee war so zufrieden mit der L\u00f6sung, dass das Unternehmen darum bat, das Demokit behalten zu d\u00fcrfen \u2013 es unterst\u00fctzt nun die effiziente und schnelle Bereitstellung der enormen Datenmengen, auf die die Kunden von Apogee angewiesen sind.<\/p>\n","protected":false},"author":94,"featured_media":10601,"parent":10318,"menu_order":2,"comment_status":"closed","ping_status":"closed","template":"templates\/blog-wifi.php","meta":{"_acf_changed":false,"footnotes":""},"class_list":["post-10599","page","type-page","status-publish","has-post-thumbnail","hentry"],"acf":[],"yoast_head":"<!-- This site is optimized with the Yoast SEO plugin v27.5 - https:\/\/yoast.com\/product\/yoast-seo-wordpress\/ -->\n<title>Wie Apogee neue Netzwerktechnologie in seinem eigenen Tempo evaluierte und testete - NETGEAR Hub<\/title>\n<meta name=\"description\" content=\"Wie Apogee neue Netzwerktechnologie in seinem eigenen Tempo evaluierte und testete\" \/>\n<meta name=\"robots\" content=\"index, follow, max-snippet:-1, max-image-preview:large, max-video-preview:-1\" \/>\n<link rel=\"canonical\" href=\"https:\/\/dehub.netgear.com\/de\/hub\/business\/case-studies\/it-case-studies\/apogee-network-upgrade-netgear-demo-kit\/\" \/>\n<meta property=\"og:locale\" content=\"de_DE\" \/>\n<meta property=\"og:type\" content=\"article\" \/>\n<meta property=\"og:title\" content=\"Wie Apogee neue Netzwerktechnologie in seinem eigenen Tempo evaluierte und testete - NETGEAR Hub\" \/>\n<meta property=\"og:description\" content=\"Wie Apogee neue Netzwerktechnologie in seinem eigenen Tempo evaluierte und testete\" \/>\n<meta property=\"og:url\" content=\"https:\/\/dehub.netgear.com\/de\/hub\/business\/case-studies\/it-case-studies\/apogee-network-upgrade-netgear-demo-kit\/\" \/>\n<meta property=\"og:site_name\" content=\"NETGEAR Hub\" \/>\n<meta property=\"article:publisher\" content=\"https:\/\/www.facebook.com\/NetgearAU\/\" \/>\n<meta property=\"article:modified_time\" content=\"2025-11-25T15:06:37+00:00\" \/>\n<meta property=\"og:image\" content=\"https:\/\/dehub.netgear.com\/de\/hub\/wp-content\/uploads\/2025\/09\/vignette-Chelmsford-Masterplan-1-383x288-1.webp\" \/>\n\t<meta property=\"og:image:width\" content=\"383\" \/>\n\t<meta property=\"og:image:height\" content=\"288\" \/>\n\t<meta property=\"og:image:type\" content=\"image\/webp\" \/>\n<meta name=\"twitter:card\" content=\"summary_large_image\" \/>\n<meta name=\"twitter:site\" content=\"@NETGEAR\" \/>\n<script type=\"application\/ld+json\" class=\"yoast-schema-graph\">{\"@context\":\"https:\\\/\\\/schema.org\",\"@graph\":[{\"@type\":\"WebPage\",\"@id\":\"https:\\\/\\\/dehub.netgear.com\\\/de\\\/hub\\\/business\\\/case-studies\\\/it-case-studies\\\/apogee-network-upgrade-netgear-demo-kit\\\/\",\"url\":\"https:\\\/\\\/dehub.netgear.com\\\/de\\\/hub\\\/business\\\/case-studies\\\/it-case-studies\\\/apogee-network-upgrade-netgear-demo-kit\\\/\",\"name\":\"Wie Apogee neue Netzwerktechnologie in seinem eigenen Tempo evaluierte und testete - NETGEAR Hub\",\"isPartOf\":{\"@id\":\"https:\\\/\\\/dehub.netgear.com\\\/de\\\/hub\\\/#website\"},\"primaryImageOfPage\":{\"@id\":\"https:\\\/\\\/dehub.netgear.com\\\/de\\\/hub\\\/business\\\/case-studies\\\/it-case-studies\\\/apogee-network-upgrade-netgear-demo-kit\\\/#primaryimage\"},\"image\":{\"@id\":\"https:\\\/\\\/dehub.netgear.com\\\/de\\\/hub\\\/business\\\/case-studies\\\/it-case-studies\\\/apogee-network-upgrade-netgear-demo-kit\\\/#primaryimage\"},\"thumbnailUrl\":\"https:\\\/\\\/dehub.netgear.com\\\/de\\\/hub\\\/wp-content\\\/uploads\\\/2025\\\/09\\\/vignette-Chelmsford-Masterplan-1-383x288-1.webp\",\"datePublished\":\"2025-09-09T12:59:26+00:00\",\"dateModified\":\"2025-11-25T15:06:37+00:00\",\"description\":\"Wie Apogee neue Netzwerktechnologie in seinem eigenen Tempo evaluierte und testete\",\"breadcrumb\":{\"@id\":\"https:\\\/\\\/dehub.netgear.com\\\/de\\\/hub\\\/business\\\/case-studies\\\/it-case-studies\\\/apogee-network-upgrade-netgear-demo-kit\\\/#breadcrumb\"},\"inLanguage\":\"de\",\"potentialAction\":[{\"@type\":\"ReadAction\",\"target\":[\"https:\\\/\\\/dehub.netgear.com\\\/de\\\/hub\\\/business\\\/case-studies\\\/it-case-studies\\\/apogee-network-upgrade-netgear-demo-kit\\\/\"]}]},{\"@type\":\"ImageObject\",\"inLanguage\":\"de\",\"@id\":\"https:\\\/\\\/dehub.netgear.com\\\/de\\\/hub\\\/business\\\/case-studies\\\/it-case-studies\\\/apogee-network-upgrade-netgear-demo-kit\\\/#primaryimage\",\"url\":\"https:\\\/\\\/dehub.netgear.com\\\/de\\\/hub\\\/wp-content\\\/uploads\\\/2025\\\/09\\\/vignette-Chelmsford-Masterplan-1-383x288-1.webp\",\"contentUrl\":\"https:\\\/\\\/dehub.netgear.com\\\/de\\\/hub\\\/wp-content\\\/uploads\\\/2025\\\/09\\\/vignette-Chelmsford-Masterplan-1-383x288-1.webp\",\"width\":383,\"height\":288},{\"@type\":\"BreadcrumbList\",\"@id\":\"https:\\\/\\\/dehub.netgear.com\\\/de\\\/hub\\\/business\\\/case-studies\\\/it-case-studies\\\/apogee-network-upgrade-netgear-demo-kit\\\/#breadcrumb\",\"itemListElement\":[{\"@type\":\"ListItem\",\"position\":1,\"name\":\"Home\",\"item\":\"https:\\\/\\\/dehub.netgear.com\\\/de\\\/hub\\\/\"},{\"@type\":\"ListItem\",\"position\":2,\"name\":\"Business Articles Hub\",\"item\":\"https:\\\/\\\/dehub.netgear.com\\\/de\\\/hub\\\/business\\\/\"},{\"@type\":\"ListItem\",\"position\":3,\"name\":\"All Case Studies &#8211; DE\",\"item\":\"https:\\\/\\\/dehub.netgear.com\\\/de\\\/hub\\\/business\\\/case-studies\\\/\"},{\"@type\":\"ListItem\",\"position\":4,\"name\":\"IT-Fallstudien\",\"item\":\"https:\\\/\\\/dehub.netgear.com\\\/de\\\/hub\\\/business\\\/case-studies\\\/it-case-studies\\\/\"},{\"@type\":\"ListItem\",\"position\":5,\"name\":\"Wie Apogee neue Netzwerktechnologie in seinem eigenen Tempo evaluierte und testete\"}]},{\"@type\":\"WebSite\",\"@id\":\"https:\\\/\\\/dehub.netgear.com\\\/de\\\/hub\\\/#website\",\"url\":\"https:\\\/\\\/dehub.netgear.com\\\/de\\\/hub\\\/\",\"name\":\"NETGEAR\",\"description\":\"Erkunden Sie unsere Hub-Seiten und st\u00f6bern Sie in Artikeln, um mehr \u00fcber NETGEAR Produkte und Technologien zu erfahren.\",\"publisher\":{\"@id\":\"https:\\\/\\\/dehub.netgear.com\\\/de\\\/hub\\\/#organization\"},\"potentialAction\":[{\"@type\":\"SearchAction\",\"target\":{\"@type\":\"EntryPoint\",\"urlTemplate\":\"https:\\\/\\\/dehub.netgear.com\\\/de\\\/hub\\\/?s={search_term_string}\"},\"query-input\":{\"@type\":\"PropertyValueSpecification\",\"valueRequired\":true,\"valueName\":\"search_term_string\"}}],\"inLanguage\":\"de\"},{\"@type\":\"Organization\",\"@id\":\"https:\\\/\\\/dehub.netgear.com\\\/de\\\/hub\\\/#organization\",\"name\":\"NETGEAR\",\"url\":\"https:\\\/\\\/dehub.netgear.com\\\/de\\\/hub\\\/\",\"logo\":{\"@type\":\"ImageObject\",\"inLanguage\":\"de\",\"@id\":\"https:\\\/\\\/dehub.netgear.com\\\/de\\\/hub\\\/#\\\/schema\\\/logo\\\/image\\\/\",\"url\":\"https:\\\/\\\/www.dehub.netgear.com\\\/de\\\/hub\\\/wp-content\\\/uploads\\\/2019\\\/07\\\/NETGEAR_logo.jpg\",\"contentUrl\":\"https:\\\/\\\/www.dehub.netgear.com\\\/de\\\/hub\\\/wp-content\\\/uploads\\\/2019\\\/07\\\/NETGEAR_logo.jpg\",\"width\":1500,\"height\":501,\"caption\":\"NETGEAR\"},\"image\":{\"@id\":\"https:\\\/\\\/dehub.netgear.com\\\/de\\\/hub\\\/#\\\/schema\\\/logo\\\/image\\\/\"},\"sameAs\":[\"https:\\\/\\\/www.facebook.com\\\/NetgearAU\\\/\",\"https:\\\/\\\/x.com\\\/NETGEAR\",\"https:\\\/\\\/www.linkedin.com\\\/company\\\/netgear\"]}]}<\/script>\n<!-- \/ Yoast SEO plugin. -->","yoast_head_json":{"title":"Wie Apogee neue Netzwerktechnologie in seinem eigenen Tempo evaluierte und testete - NETGEAR Hub","description":"Wie Apogee neue Netzwerktechnologie in seinem eigenen Tempo evaluierte und testete","robots":{"index":"index","follow":"follow","max-snippet":"max-snippet:-1","max-image-preview":"max-image-preview:large","max-video-preview":"max-video-preview:-1"},"canonical":"https:\/\/dehub.netgear.com\/de\/hub\/business\/case-studies\/it-case-studies\/apogee-network-upgrade-netgear-demo-kit\/","og_locale":"de_DE","og_type":"article","og_title":"Wie Apogee neue Netzwerktechnologie in seinem eigenen Tempo evaluierte und testete - NETGEAR Hub","og_description":"Wie Apogee neue Netzwerktechnologie in seinem eigenen Tempo evaluierte und testete","og_url":"https:\/\/dehub.netgear.com\/de\/hub\/business\/case-studies\/it-case-studies\/apogee-network-upgrade-netgear-demo-kit\/","og_site_name":"NETGEAR Hub","article_publisher":"https:\/\/www.facebook.com\/NetgearAU\/","article_modified_time":"2025-11-25T15:06:37+00:00","og_image":[{"width":383,"height":288,"url":"https:\/\/dehub.netgear.com\/de\/hub\/wp-content\/uploads\/2025\/09\/vignette-Chelmsford-Masterplan-1-383x288-1.webp","type":"image\/webp"}],"twitter_card":"summary_large_image","twitter_site":"@NETGEAR","schema":{"@context":"https:\/\/schema.org","@graph":[{"@type":"WebPage","@id":"https:\/\/dehub.netgear.com\/de\/hub\/business\/case-studies\/it-case-studies\/apogee-network-upgrade-netgear-demo-kit\/","url":"https:\/\/dehub.netgear.com\/de\/hub\/business\/case-studies\/it-case-studies\/apogee-network-upgrade-netgear-demo-kit\/","name":"Wie Apogee neue Netzwerktechnologie in seinem eigenen Tempo evaluierte und testete - NETGEAR Hub","isPartOf":{"@id":"https:\/\/dehub.netgear.com\/de\/hub\/#website"},"primaryImageOfPage":{"@id":"https:\/\/dehub.netgear.com\/de\/hub\/business\/case-studies\/it-case-studies\/apogee-network-upgrade-netgear-demo-kit\/#primaryimage"},"image":{"@id":"https:\/\/dehub.netgear.com\/de\/hub\/business\/case-studies\/it-case-studies\/apogee-network-upgrade-netgear-demo-kit\/#primaryimage"},"thumbnailUrl":"https:\/\/dehub.netgear.com\/de\/hub\/wp-content\/uploads\/2025\/09\/vignette-Chelmsford-Masterplan-1-383x288-1.webp","datePublished":"2025-09-09T12:59:26+00:00","dateModified":"2025-11-25T15:06:37+00:00","description":"Wie Apogee neue Netzwerktechnologie in seinem eigenen Tempo evaluierte und testete","breadcrumb":{"@id":"https:\/\/dehub.netgear.com\/de\/hub\/business\/case-studies\/it-case-studies\/apogee-network-upgrade-netgear-demo-kit\/#breadcrumb"},"inLanguage":"de","potentialAction":[{"@type":"ReadAction","target":["https:\/\/dehub.netgear.com\/de\/hub\/business\/case-studies\/it-case-studies\/apogee-network-upgrade-netgear-demo-kit\/"]}]},{"@type":"ImageObject","inLanguage":"de","@id":"https:\/\/dehub.netgear.com\/de\/hub\/business\/case-studies\/it-case-studies\/apogee-network-upgrade-netgear-demo-kit\/#primaryimage","url":"https:\/\/dehub.netgear.com\/de\/hub\/wp-content\/uploads\/2025\/09\/vignette-Chelmsford-Masterplan-1-383x288-1.webp","contentUrl":"https:\/\/dehub.netgear.com\/de\/hub\/wp-content\/uploads\/2025\/09\/vignette-Chelmsford-Masterplan-1-383x288-1.webp","width":383,"height":288},{"@type":"BreadcrumbList","@id":"https:\/\/dehub.netgear.com\/de\/hub\/business\/case-studies\/it-case-studies\/apogee-network-upgrade-netgear-demo-kit\/#breadcrumb","itemListElement":[{"@type":"ListItem","position":1,"name":"Home","item":"https:\/\/dehub.netgear.com\/de\/hub\/"},{"@type":"ListItem","position":2,"name":"Business Articles Hub","item":"https:\/\/dehub.netgear.com\/de\/hub\/business\/"},{"@type":"ListItem","position":3,"name":"All Case Studies &#8211; DE","item":"https:\/\/dehub.netgear.com\/de\/hub\/business\/case-studies\/"},{"@type":"ListItem","position":4,"name":"IT-Fallstudien","item":"https:\/\/dehub.netgear.com\/de\/hub\/business\/case-studies\/it-case-studies\/"},{"@type":"ListItem","position":5,"name":"Wie Apogee neue Netzwerktechnologie in seinem eigenen Tempo evaluierte und testete"}]},{"@type":"WebSite","@id":"https:\/\/dehub.netgear.com\/de\/hub\/#website","url":"https:\/\/dehub.netgear.com\/de\/hub\/","name":"NETGEAR","description":"Erkunden Sie unsere Hub-Seiten und st\u00f6bern Sie in Artikeln, um mehr \u00fcber NETGEAR Produkte und Technologien zu erfahren.","publisher":{"@id":"https:\/\/dehub.netgear.com\/de\/hub\/#organization"},"potentialAction":[{"@type":"SearchAction","target":{"@type":"EntryPoint","urlTemplate":"https:\/\/dehub.netgear.com\/de\/hub\/?s={search_term_string}"},"query-input":{"@type":"PropertyValueSpecification","valueRequired":true,"valueName":"search_term_string"}}],"inLanguage":"de"},{"@type":"Organization","@id":"https:\/\/dehub.netgear.com\/de\/hub\/#organization","name":"NETGEAR","url":"https:\/\/dehub.netgear.com\/de\/hub\/","logo":{"@type":"ImageObject","inLanguage":"de","@id":"https:\/\/dehub.netgear.com\/de\/hub\/#\/schema\/logo\/image\/","url":"https:\/\/www.dehub.netgear.com\/de\/hub\/wp-content\/uploads\/2019\/07\/NETGEAR_logo.jpg","contentUrl":"https:\/\/www.dehub.netgear.com\/de\/hub\/wp-content\/uploads\/2019\/07\/NETGEAR_logo.jpg","width":1500,"height":501,"caption":"NETGEAR"},"image":{"@id":"https:\/\/dehub.netgear.com\/de\/hub\/#\/schema\/logo\/image\/"},"sameAs":["https:\/\/www.facebook.com\/NetgearAU\/","https:\/\/x.com\/NETGEAR","https:\/\/www.linkedin.com\/company\/netgear"]}]}},"_links":{"self":[{"href":"https:\/\/dehub.netgear.com\/de\/hub\/wp-json\/wp\/v2\/pages\/10599","targetHints":{"allow":["GET"]}}],"collection":[{"href":"https:\/\/dehub.netgear.com\/de\/hub\/wp-json\/wp\/v2\/pages"}],"about":[{"href":"https:\/\/dehub.netgear.com\/de\/hub\/wp-json\/wp\/v2\/types\/page"}],"author":[{"embeddable":true,"href":"https:\/\/dehub.netgear.com\/de\/hub\/wp-json\/wp\/v2\/users\/94"}],"replies":[{"embeddable":true,"href":"https:\/\/dehub.netgear.com\/de\/hub\/wp-json\/wp\/v2\/comments?post=10599"}],"version-history":[{"count":1,"href":"https:\/\/dehub.netgear.com\/de\/hub\/wp-json\/wp\/v2\/pages\/10599\/revisions"}],"predecessor-version":[{"id":10602,"href":"https:\/\/dehub.netgear.com\/de\/hub\/wp-json\/wp\/v2\/pages\/10599\/revisions\/10602"}],"up":[{"embeddable":true,"href":"https:\/\/dehub.netgear.com\/de\/hub\/wp-json\/wp\/v2\/pages\/10318"}],"wp:featuredmedia":[{"embeddable":true,"href":"https:\/\/dehub.netgear.com\/de\/hub\/wp-json\/wp\/v2\/media\/10601"}],"wp:attachment":[{"href":"https:\/\/dehub.netgear.com\/de\/hub\/wp-json\/wp\/v2\/media?parent=10599"}],"curies":[{"name":"wp","href":"https:\/\/api.w.org\/{rel}","templated":true}]}}