{"id":10595,"date":"2025-05-15T14:42:09","date_gmt":"2025-09-09T12:42:46","guid":{"rendered":"https:\/\/dehub.netgear.com\/de\/hub\/?page_id=10595"},"modified":"2025-11-25T16:24:40","modified_gmt":"2025-11-25T15:24:40","slug":"commercial-properties","status":"publish","type":"page","link":"https:\/\/dehub.netgear.com\/de\/hub\/business\/case-studies\/it-case-studies\/commercial-properties\/","title":{"rendered":"Wie Commercial Properties, Inc. sein Netzwerk mit NETGEAR transformierte"},"content":{"rendered":"<p>Erfahren Sie, wie Commercial Properties \u2013 in Zusammenarbeit mit NETGEAR und dem lokalen IT-Integrator Alpha Tech \u2013 erfolgreich ein umfassendes Upgrade an allen vier B\u00fcrostandorten umgesetzt hat. <\/p>\n<p>Commercial Properties, Inc., ein langj\u00e4hriger Immobilienmakler und Verwalter von Gewerbeimmobilien mit Sitz in Tempe, Arizona, ist seit \u00fcber 40 Jahren in der Region t\u00e4tig. Das Unternehmen ist bekannt f\u00fcr sein Engagement in Sachen betrieblicher Effizienz und hat k\u00fcrzlich einen wichtigen Schritt zur Modernisierung seiner Netzwerkinfrastruktur unternommen. In Partnerschaft mit NETGEAR und dem lokalen IT-Integrator Alpha Tech wurde ein umfassendes Upgrade an allen vier Standorten erfolgreich implementiert.<\/p>\n    <div class=\"table-of-content bg-gray\">\n        <p><strong>IN THIS ARTICLE<\/strong><\/p>\n        <ul>\n                        <li><a href=\"#topic1\">Fokus auf Konnektivit\u00e4t und Wachstum<\/a><\/li>\n                        <li><a href=\"#topic2\">Sp\u00fcrbare Ergebnisse f\u00fcr die Endnutzer<\/a><\/li>\n                        <li><a href=\"#topic3\">Ein vertrauensw\u00fcrdiger Partner f\u00fcr unternehmerisches Wachstum<\/a><\/li>\n                        <li><a href=\"#topic4\">Video ansehen: Commercial Properties &amp; NETGEAR<\/a><\/li>\n                        <li><a href=\"#topic5\">Mehr informationen<\/a><\/li>\n                    <\/ul>\n    <\/div>\n        <div id=\"topic1\" class=\"skip-item\">\n                        <h2>Fokus auf Konnektivit\u00e4t und Wachstum<\/h2>\n                <p>Luke Guillow, IT-Direktor bei Commercial Properties, erkannte die Notwendigkeit einer vereinfachten und skalierbaren Netzwerkl\u00f6sung, um das Wachstum des Unternehmens zu unterst\u00fctzen. Durch den Umstieg auf NETGEAR Business-Ger\u00e4te konnte das Unternehmen seine VPN- und Standort-zu-Standort-Verbindungen unter einem einheitlichen System zusammenf\u00fchren. Diese Umstellung optimierte nicht nur die Netzwerk-Richtlinien, sondern stellte auch sicher, dass sie mit den Gesch\u00e4fts\u00adzielen in Einklang stehen.<\/p>\n    <\/div>\n        <div id=\"topic2\" class=\"skip-item\">\n                        <h2>Sp\u00fcrbare Ergebnisse f\u00fcr die Endnutzer<\/h2>\n                <p>Das Upgrade brachte sofortige Vorteile mit sich. Das Netzwerk wurde stabiler, die VPN-Verbindungen verbesserten sich deutlich, und die Nutzer erlebten weniger Frustration bei Verbindungsabbr\u00fcchen oder Wartezeiten. Durch den Austausch veralteter Ger\u00e4te erhielt das Unternehmen ein modernes und zuverl\u00e4ssiges System, das mit den Anforderungen wachsen kann.<\/p>\n    <\/div>\n        <div id=\"topic3\" class=\"skip-item\">\n                        <h2>Ein vertrauensw\u00fcrdiger Partner f\u00fcr unternehmerisches Wachstum<\/h2>\n                <p data-start=\"2670\" data-end=\"3072\">Der Erfolg von Commercial Properties unterstreicht die Kompetenz von NETGEAR als Anbieter von Gesch\u00e4ftsl\u00f6sungen. Obwohl das Unternehmen traditionell mit Produkten f\u00fcr Privathaushalte assoziiert wird, bewies NETGEAR mit dieser Partnerschaft sein Engagement f\u00fcr Gesch\u00e4ftskunden durch leistungsstarke Technologie und exzellenten Service.<\/p>\n<p data-start=\"3074\" data-end=\"3282\">Durch diese Zusammenarbeit konnte Commercial Properties seine technologische Infrastruktur verbessern und damit den Weg f\u00fcr weiteres Wachstum und langfristigen Erfolg im hart umk\u00e4mpften Immobilienmarkt ebnen.<\/p>\n    <\/div>\n        <div id=\"topic4\" class=\"skip-item\">\n                        <h2>Video ansehen: Commercial Properties &amp; NETGEAR<\/h2>\n                <p align=\"center\"><iframe loading=\"lazy\" width=\"560\" height=\"315\" src=\"https:\/\/www.youtube.com\/embed\/WIGHW66O21E?si=CRz3UYOtKAvw4lWW\" frameborder=\"0\" allowfullscreen><\/iframe><\/p>\n    <\/div>\n        <div id=\"topic5\" class=\"skip-item\">\n                        <h2>Mehr informationen<\/h2>\n                <p data-start=\"1323\" data-end=\"1372\">Mehr \u00fcber unsere Business-Produkte erfahren<\/p>\n<p><a style=\"background-color: #2b3749;border: 0px none #000000;border-radius: 50px;color: #ffffff;font-size: 16px;font-family: Inter,sans-serif;font-style: normal;font-weight: 500;text-decoration: none;width: 100%;padding: 16px 24px 16px 24px\" href=\"https:\/\/www.netgear.com\/de\/business\/\" target=\"_blank\" rel=\"noopener\">NETGEAR BUSINESS L\u00d6SUNGEN<\/a><\/p>\n<p data-start=\"1375\" data-end=\"1436\">Alles \u00fcber IP-Netzwerke lernen \u2013 in der NETGEAR ACADEMY<\/p>\n<p><a style=\"background-color: #2b3749;border: 0px none #000000;border-radius: 50px;color: #ffffff;font-size: 16px;font-family: Inter,sans-serif;font-style: normal;font-weight: 500;text-decoration: none;width: 100%;padding: 16px 24px 16px 24px\" href=\"https:\/\/academy.netgear.com\/course\/index.php?categoryid=2&amp;hsCtaAttrib=211825855224\" target=\"_blank\" rel=\"noopener\">NETGEAR ACADEMY<\/a><\/p>\n<p data-start=\"1439\" data-end=\"1505\">Unsere Ingenieure unterst\u00fctzen Sie kostenlos bei Ihrem Projekt<\/p>\n<p><a style=\"background-color: #2b3749;border: 0px none #000000;border-radius: 50px;color: #ffffff;font-size: 16px;font-family: Inter,sans-serif;font-style: normal;font-weight: 500;text-decoration: none;width: 100%;padding: 16px 24px 16px 24px\" href=\"https:\/\/www.netgear.com\/de\/business\/av\/services\/prowifi-designsupport\/?hsCtaAttrib=211833679597\" target=\"_blank\" rel=\"noopener\">KONTAKTIEREN SIE DAS PRO-IT DESIGN TEAM<\/a><\/p>\n<p><iframe loading=\"lazy\" src=\"https:\/\/405nrr.share-na2.hsforms.com\/25w_D-U5iS-e5KaSaP86jnQ\" width=\"100%\" height=\"1200px\"><\/iframe><\/p>\n    <\/div>\n    \n","protected":false},"excerpt":{"rendered":"<p>Erfahren Sie, wie Commercial Properties \u2013 in Zusammenarbeit mit NETGEAR und dem lokalen IT-Integrator Alpha Tech \u2013 erfolgreich ein umfassendes Upgrade an allen vier B\u00fcrostandorten umgesetzt hat. Commercial Properties, Inc., ein langj\u00e4hriger Immobilienmakler und Verwalter von Gewerbeimmobilien mit Sitz in Tempe, Arizona, ist seit \u00fcber 40 Jahren in der Region t\u00e4tig. Das Unternehmen ist bekannt [&hellip;]<\/p>\n","protected":false},"author":94,"featured_media":10597,"parent":10318,"menu_order":2,"comment_status":"closed","ping_status":"closed","template":"templates\/blog-wifi.php","meta":{"_acf_changed":false,"footnotes":""},"class_list":["post-10595","page","type-page","status-publish","has-post-thumbnail","hentry"],"acf":[],"yoast_head":"<!-- This site is optimized with the Yoast SEO plugin v27.5 - https:\/\/yoast.com\/product\/yoast-seo-wordpress\/ -->\n<title>Wie Commercial Properties, Inc. sein Netzwerk mit NETGEAR transformierte - NETGEAR Hub<\/title>\n<meta name=\"description\" content=\"Wie Commercial Properties, Inc. sein Netzwerk mit NETGEAR transformierte\" \/>\n<meta name=\"robots\" content=\"index, follow, max-snippet:-1, max-image-preview:large, max-video-preview:-1\" \/>\n<link rel=\"canonical\" href=\"https:\/\/dehub.netgear.com\/de\/hub\/business\/case-studies\/it-case-studies\/commercial-properties\/\" \/>\n<meta property=\"og:locale\" content=\"de_DE\" \/>\n<meta property=\"og:type\" content=\"article\" \/>\n<meta property=\"og:title\" content=\"Wie Commercial Properties, Inc. sein Netzwerk mit NETGEAR transformierte - NETGEAR Hub\" \/>\n<meta property=\"og:description\" content=\"Wie Commercial Properties, Inc. sein Netzwerk mit NETGEAR transformierte\" \/>\n<meta property=\"og:url\" content=\"https:\/\/dehub.netgear.com\/de\/hub\/business\/case-studies\/it-case-studies\/commercial-properties\/\" \/>\n<meta property=\"og:site_name\" content=\"NETGEAR Hub\" \/>\n<meta property=\"article:publisher\" content=\"https:\/\/www.facebook.com\/NetgearAU\/\" \/>\n<meta property=\"article:modified_time\" content=\"2025-11-25T15:24:40+00:00\" \/>\n<meta property=\"og:image\" content=\"https:\/\/dehub.netgear.com\/de\/hub\/wp-content\/uploads\/2025\/09\/vignette-luke-guillow-commercial-properties-nfb-featured-16x9-1-383x288-1.jpg\" \/>\n\t<meta property=\"og:image:width\" content=\"383\" \/>\n\t<meta property=\"og:image:height\" content=\"288\" \/>\n\t<meta property=\"og:image:type\" content=\"image\/jpeg\" \/>\n<meta name=\"twitter:card\" content=\"summary_large_image\" \/>\n<meta name=\"twitter:site\" content=\"@NETGEAR\" \/>\n<script type=\"application\/ld+json\" class=\"yoast-schema-graph\">{\"@context\":\"https:\\\/\\\/schema.org\",\"@graph\":[{\"@type\":\"WebPage\",\"@id\":\"https:\\\/\\\/dehub.netgear.com\\\/de\\\/hub\\\/business\\\/case-studies\\\/it-case-studies\\\/commercial-properties\\\/\",\"url\":\"https:\\\/\\\/dehub.netgear.com\\\/de\\\/hub\\\/business\\\/case-studies\\\/it-case-studies\\\/commercial-properties\\\/\",\"name\":\"Wie Commercial Properties, Inc. sein Netzwerk mit NETGEAR transformierte - NETGEAR Hub\",\"isPartOf\":{\"@id\":\"https:\\\/\\\/dehub.netgear.com\\\/de\\\/hub\\\/#website\"},\"primaryImageOfPage\":{\"@id\":\"https:\\\/\\\/dehub.netgear.com\\\/de\\\/hub\\\/business\\\/case-studies\\\/it-case-studies\\\/commercial-properties\\\/#primaryimage\"},\"image\":{\"@id\":\"https:\\\/\\\/dehub.netgear.com\\\/de\\\/hub\\\/business\\\/case-studies\\\/it-case-studies\\\/commercial-properties\\\/#primaryimage\"},\"thumbnailUrl\":\"https:\\\/\\\/dehub.netgear.com\\\/de\\\/hub\\\/wp-content\\\/uploads\\\/2025\\\/09\\\/vignette-luke-guillow-commercial-properties-nfb-featured-16x9-1-383x288-1.jpg\",\"datePublished\":\"2025-09-09T12:42:46+00:00\",\"dateModified\":\"2025-11-25T15:24:40+00:00\",\"description\":\"Wie Commercial Properties, Inc. sein Netzwerk mit NETGEAR transformierte\",\"breadcrumb\":{\"@id\":\"https:\\\/\\\/dehub.netgear.com\\\/de\\\/hub\\\/business\\\/case-studies\\\/it-case-studies\\\/commercial-properties\\\/#breadcrumb\"},\"inLanguage\":\"de\",\"potentialAction\":[{\"@type\":\"ReadAction\",\"target\":[\"https:\\\/\\\/dehub.netgear.com\\\/de\\\/hub\\\/business\\\/case-studies\\\/it-case-studies\\\/commercial-properties\\\/\"]}]},{\"@type\":\"ImageObject\",\"inLanguage\":\"de\",\"@id\":\"https:\\\/\\\/dehub.netgear.com\\\/de\\\/hub\\\/business\\\/case-studies\\\/it-case-studies\\\/commercial-properties\\\/#primaryimage\",\"url\":\"https:\\\/\\\/dehub.netgear.com\\\/de\\\/hub\\\/wp-content\\\/uploads\\\/2025\\\/09\\\/vignette-luke-guillow-commercial-properties-nfb-featured-16x9-1-383x288-1.jpg\",\"contentUrl\":\"https:\\\/\\\/dehub.netgear.com\\\/de\\\/hub\\\/wp-content\\\/uploads\\\/2025\\\/09\\\/vignette-luke-guillow-commercial-properties-nfb-featured-16x9-1-383x288-1.jpg\",\"width\":383,\"height\":288},{\"@type\":\"BreadcrumbList\",\"@id\":\"https:\\\/\\\/dehub.netgear.com\\\/de\\\/hub\\\/business\\\/case-studies\\\/it-case-studies\\\/commercial-properties\\\/#breadcrumb\",\"itemListElement\":[{\"@type\":\"ListItem\",\"position\":1,\"name\":\"Home\",\"item\":\"https:\\\/\\\/dehub.netgear.com\\\/de\\\/hub\\\/\"},{\"@type\":\"ListItem\",\"position\":2,\"name\":\"Business Articles Hub\",\"item\":\"https:\\\/\\\/dehub.netgear.com\\\/de\\\/hub\\\/business\\\/\"},{\"@type\":\"ListItem\",\"position\":3,\"name\":\"All Case Studies &#8211; DE\",\"item\":\"https:\\\/\\\/dehub.netgear.com\\\/de\\\/hub\\\/business\\\/case-studies\\\/\"},{\"@type\":\"ListItem\",\"position\":4,\"name\":\"IT-Fallstudien\",\"item\":\"https:\\\/\\\/dehub.netgear.com\\\/de\\\/hub\\\/business\\\/case-studies\\\/it-case-studies\\\/\"},{\"@type\":\"ListItem\",\"position\":5,\"name\":\"Wie Commercial Properties, Inc. sein Netzwerk mit NETGEAR transformierte\"}]},{\"@type\":\"WebSite\",\"@id\":\"https:\\\/\\\/dehub.netgear.com\\\/de\\\/hub\\\/#website\",\"url\":\"https:\\\/\\\/dehub.netgear.com\\\/de\\\/hub\\\/\",\"name\":\"NETGEAR\",\"description\":\"Erkunden Sie unsere Hub-Seiten und st\u00f6bern Sie in Artikeln, um mehr \u00fcber NETGEAR Produkte und Technologien zu erfahren.\",\"publisher\":{\"@id\":\"https:\\\/\\\/dehub.netgear.com\\\/de\\\/hub\\\/#organization\"},\"potentialAction\":[{\"@type\":\"SearchAction\",\"target\":{\"@type\":\"EntryPoint\",\"urlTemplate\":\"https:\\\/\\\/dehub.netgear.com\\\/de\\\/hub\\\/?s={search_term_string}\"},\"query-input\":{\"@type\":\"PropertyValueSpecification\",\"valueRequired\":true,\"valueName\":\"search_term_string\"}}],\"inLanguage\":\"de\"},{\"@type\":\"Organization\",\"@id\":\"https:\\\/\\\/dehub.netgear.com\\\/de\\\/hub\\\/#organization\",\"name\":\"NETGEAR\",\"url\":\"https:\\\/\\\/dehub.netgear.com\\\/de\\\/hub\\\/\",\"logo\":{\"@type\":\"ImageObject\",\"inLanguage\":\"de\",\"@id\":\"https:\\\/\\\/dehub.netgear.com\\\/de\\\/hub\\\/#\\\/schema\\\/logo\\\/image\\\/\",\"url\":\"https:\\\/\\\/www.dehub.netgear.com\\\/de\\\/hub\\\/wp-content\\\/uploads\\\/2019\\\/07\\\/NETGEAR_logo.jpg\",\"contentUrl\":\"https:\\\/\\\/www.dehub.netgear.com\\\/de\\\/hub\\\/wp-content\\\/uploads\\\/2019\\\/07\\\/NETGEAR_logo.jpg\",\"width\":1500,\"height\":501,\"caption\":\"NETGEAR\"},\"image\":{\"@id\":\"https:\\\/\\\/dehub.netgear.com\\\/de\\\/hub\\\/#\\\/schema\\\/logo\\\/image\\\/\"},\"sameAs\":[\"https:\\\/\\\/www.facebook.com\\\/NetgearAU\\\/\",\"https:\\\/\\\/x.com\\\/NETGEAR\",\"https:\\\/\\\/www.linkedin.com\\\/company\\\/netgear\"]}]}<\/script>\n<!-- \/ Yoast SEO plugin. -->","yoast_head_json":{"title":"Wie Commercial Properties, Inc. sein Netzwerk mit NETGEAR transformierte - NETGEAR Hub","description":"Wie Commercial Properties, Inc. sein Netzwerk mit NETGEAR transformierte","robots":{"index":"index","follow":"follow","max-snippet":"max-snippet:-1","max-image-preview":"max-image-preview:large","max-video-preview":"max-video-preview:-1"},"canonical":"https:\/\/dehub.netgear.com\/de\/hub\/business\/case-studies\/it-case-studies\/commercial-properties\/","og_locale":"de_DE","og_type":"article","og_title":"Wie Commercial Properties, Inc. sein Netzwerk mit NETGEAR transformierte - NETGEAR Hub","og_description":"Wie Commercial Properties, Inc. sein Netzwerk mit NETGEAR transformierte","og_url":"https:\/\/dehub.netgear.com\/de\/hub\/business\/case-studies\/it-case-studies\/commercial-properties\/","og_site_name":"NETGEAR Hub","article_publisher":"https:\/\/www.facebook.com\/NetgearAU\/","article_modified_time":"2025-11-25T15:24:40+00:00","og_image":[{"width":383,"height":288,"url":"https:\/\/dehub.netgear.com\/de\/hub\/wp-content\/uploads\/2025\/09\/vignette-luke-guillow-commercial-properties-nfb-featured-16x9-1-383x288-1.jpg","type":"image\/jpeg"}],"twitter_card":"summary_large_image","twitter_site":"@NETGEAR","schema":{"@context":"https:\/\/schema.org","@graph":[{"@type":"WebPage","@id":"https:\/\/dehub.netgear.com\/de\/hub\/business\/case-studies\/it-case-studies\/commercial-properties\/","url":"https:\/\/dehub.netgear.com\/de\/hub\/business\/case-studies\/it-case-studies\/commercial-properties\/","name":"Wie Commercial Properties, Inc. sein Netzwerk mit NETGEAR transformierte - NETGEAR Hub","isPartOf":{"@id":"https:\/\/dehub.netgear.com\/de\/hub\/#website"},"primaryImageOfPage":{"@id":"https:\/\/dehub.netgear.com\/de\/hub\/business\/case-studies\/it-case-studies\/commercial-properties\/#primaryimage"},"image":{"@id":"https:\/\/dehub.netgear.com\/de\/hub\/business\/case-studies\/it-case-studies\/commercial-properties\/#primaryimage"},"thumbnailUrl":"https:\/\/dehub.netgear.com\/de\/hub\/wp-content\/uploads\/2025\/09\/vignette-luke-guillow-commercial-properties-nfb-featured-16x9-1-383x288-1.jpg","datePublished":"2025-09-09T12:42:46+00:00","dateModified":"2025-11-25T15:24:40+00:00","description":"Wie Commercial Properties, Inc. sein Netzwerk mit NETGEAR transformierte","breadcrumb":{"@id":"https:\/\/dehub.netgear.com\/de\/hub\/business\/case-studies\/it-case-studies\/commercial-properties\/#breadcrumb"},"inLanguage":"de","potentialAction":[{"@type":"ReadAction","target":["https:\/\/dehub.netgear.com\/de\/hub\/business\/case-studies\/it-case-studies\/commercial-properties\/"]}]},{"@type":"ImageObject","inLanguage":"de","@id":"https:\/\/dehub.netgear.com\/de\/hub\/business\/case-studies\/it-case-studies\/commercial-properties\/#primaryimage","url":"https:\/\/dehub.netgear.com\/de\/hub\/wp-content\/uploads\/2025\/09\/vignette-luke-guillow-commercial-properties-nfb-featured-16x9-1-383x288-1.jpg","contentUrl":"https:\/\/dehub.netgear.com\/de\/hub\/wp-content\/uploads\/2025\/09\/vignette-luke-guillow-commercial-properties-nfb-featured-16x9-1-383x288-1.jpg","width":383,"height":288},{"@type":"BreadcrumbList","@id":"https:\/\/dehub.netgear.com\/de\/hub\/business\/case-studies\/it-case-studies\/commercial-properties\/#breadcrumb","itemListElement":[{"@type":"ListItem","position":1,"name":"Home","item":"https:\/\/dehub.netgear.com\/de\/hub\/"},{"@type":"ListItem","position":2,"name":"Business Articles Hub","item":"https:\/\/dehub.netgear.com\/de\/hub\/business\/"},{"@type":"ListItem","position":3,"name":"All Case Studies &#8211; DE","item":"https:\/\/dehub.netgear.com\/de\/hub\/business\/case-studies\/"},{"@type":"ListItem","position":4,"name":"IT-Fallstudien","item":"https:\/\/dehub.netgear.com\/de\/hub\/business\/case-studies\/it-case-studies\/"},{"@type":"ListItem","position":5,"name":"Wie Commercial Properties, Inc. sein Netzwerk mit NETGEAR transformierte"}]},{"@type":"WebSite","@id":"https:\/\/dehub.netgear.com\/de\/hub\/#website","url":"https:\/\/dehub.netgear.com\/de\/hub\/","name":"NETGEAR","description":"Erkunden Sie unsere Hub-Seiten und st\u00f6bern Sie in Artikeln, um mehr \u00fcber NETGEAR Produkte und Technologien zu erfahren.","publisher":{"@id":"https:\/\/dehub.netgear.com\/de\/hub\/#organization"},"potentialAction":[{"@type":"SearchAction","target":{"@type":"EntryPoint","urlTemplate":"https:\/\/dehub.netgear.com\/de\/hub\/?s={search_term_string}"},"query-input":{"@type":"PropertyValueSpecification","valueRequired":true,"valueName":"search_term_string"}}],"inLanguage":"de"},{"@type":"Organization","@id":"https:\/\/dehub.netgear.com\/de\/hub\/#organization","name":"NETGEAR","url":"https:\/\/dehub.netgear.com\/de\/hub\/","logo":{"@type":"ImageObject","inLanguage":"de","@id":"https:\/\/dehub.netgear.com\/de\/hub\/#\/schema\/logo\/image\/","url":"https:\/\/www.dehub.netgear.com\/de\/hub\/wp-content\/uploads\/2019\/07\/NETGEAR_logo.jpg","contentUrl":"https:\/\/www.dehub.netgear.com\/de\/hub\/wp-content\/uploads\/2019\/07\/NETGEAR_logo.jpg","width":1500,"height":501,"caption":"NETGEAR"},"image":{"@id":"https:\/\/dehub.netgear.com\/de\/hub\/#\/schema\/logo\/image\/"},"sameAs":["https:\/\/www.facebook.com\/NetgearAU\/","https:\/\/x.com\/NETGEAR","https:\/\/www.linkedin.com\/company\/netgear"]}]}},"_links":{"self":[{"href":"https:\/\/dehub.netgear.com\/de\/hub\/wp-json\/wp\/v2\/pages\/10595","targetHints":{"allow":["GET"]}}],"collection":[{"href":"https:\/\/dehub.netgear.com\/de\/hub\/wp-json\/wp\/v2\/pages"}],"about":[{"href":"https:\/\/dehub.netgear.com\/de\/hub\/wp-json\/wp\/v2\/types\/page"}],"author":[{"embeddable":true,"href":"https:\/\/dehub.netgear.com\/de\/hub\/wp-json\/wp\/v2\/users\/94"}],"replies":[{"embeddable":true,"href":"https:\/\/dehub.netgear.com\/de\/hub\/wp-json\/wp\/v2\/comments?post=10595"}],"version-history":[{"count":1,"href":"https:\/\/dehub.netgear.com\/de\/hub\/wp-json\/wp\/v2\/pages\/10595\/revisions"}],"predecessor-version":[{"id":10598,"href":"https:\/\/dehub.netgear.com\/de\/hub\/wp-json\/wp\/v2\/pages\/10595\/revisions\/10598"}],"up":[{"embeddable":true,"href":"https:\/\/dehub.netgear.com\/de\/hub\/wp-json\/wp\/v2\/pages\/10318"}],"wp:featuredmedia":[{"embeddable":true,"href":"https:\/\/dehub.netgear.com\/de\/hub\/wp-json\/wp\/v2\/media\/10597"}],"wp:attachment":[{"href":"https:\/\/dehub.netgear.com\/de\/hub\/wp-json\/wp\/v2\/media?parent=10595"}],"curies":[{"name":"wp","href":"https:\/\/api.w.org\/{rel}","templated":true}]}}