{"id":10573,"date":"2025-04-13T07:25:49","date_gmt":"2025-04-13T05:25:49","guid":{"rendered":"https:\/\/dehub.netgear.com\/de\/hub\/business\/case-studies\/it-case-studies\/netgear-solutions-beijing-honghe-2\/"},"modified":"2025-11-25T20:34:03","modified_gmt":"2025-11-25T19:34:03","slug":"network-tech-for-much-praised-reva-university","status":"publish","type":"page","link":"https:\/\/dehub.netgear.com\/de\/hub\/business\/case-studies\/it-case-studies\/network-tech-for-much-praised-reva-university\/","title":{"rendered":"Netzwerktechnologien an der hochgelobten REVA University verbessern das Erlebnis f\u00fcr Studierende und Mitarbeitende"},"content":{"rendered":"<p>im und au\u00dferhalb des Unterrichts     <div class=\"table-of-content bg-gray\">\n        <p><strong>IN THIS ARTICLE<\/strong><\/p>\n        <ul>\n                        <li><a href=\"#topic1\">EINLEITUNG<\/a><\/li>\n                        <li><a href=\"#topic2\">HINTERGRUND<\/a><\/li>\n                        <li><a href=\"#topic3\">HERAUSFORDERUNG<\/a><\/li>\n                        <li><a href=\"#topic4\">L\u00d6SUNG<\/a><\/li>\n                        <li><a href=\"#topic5\">ERGEBNISSE<\/a><\/li>\n                        <li><a href=\"#topic6\">KITLISTE<\/a><\/li>\n                    <\/ul>\n    <\/div>\n        <div id=\"topic1\" class=\"skip-item\">\n                        <h2>EINLEITUNG<\/h2>\n                <p>Die REVA University in Indien ist eine angesehene, multifunktionale Bildungseinrichtung, die Wert auf hochwertige Ausbildung und eine angenehme Lebensqualit\u00e4t f\u00fcr ihre Studierenden legt. Drahtlose Konnektivit\u00e4t spielt dabei eine zentrale Rolle. Daher entschied sich REVA nach sorgf\u00e4ltiger Evaluierung mehrerer Anbieter zugunsten einer NETGEAR-L\u00f6sung statt veralteter Technologie. Die Ergebnisse: schnelleres, zuverl\u00e4ssigeres WLAN in Studentenwohnheimen, Lehrgeb\u00e4uden, Bibliotheken und Freizeiteinrichtungen, nahtloses Roaming auf dem gesamten Campus sowie eine vereinfachte Netzwerkverwaltung f\u00fcr das IT-Team.<\/p>\n    <\/div>\n        <div id=\"topic2\" class=\"skip-item\">\n                        <h2>HINTERGRUND<\/h2>\n                <p>In Karnataka, Indien, gelegen, z\u00e4hlen \u00fcber 15.000 Studierende zur REVA University. Das Studienangebot umfasst Ingenieurwissenschaften, Natur- und Technikwissenschaften, Architektur, Wirtschaft, Rechtswissenschaften, Management, Sozialwissenschaften, Geisteswissenschaften, darstellende K\u00fcnste und Indische Studien. REVA wurde national und international vielfach ausgezeichnet und zertifiziert. Die Universit\u00e4t legt zudem gro\u00dfen Wert auf ein angenehmes und lohnenswertes Lern- und Lebensumfeld f\u00fcr ihre Studierenden.<\/p>\n    <\/div>\n        <div id=\"topic3\" class=\"skip-item\">\n                        <h2>HERAUSFORDERUNG<\/h2>\n                <p data-start=\"1484\" data-end=\"1913\">Wie jede moderne Universit\u00e4t, die ihren Studierenden und Mitarbeitern eine durchgehend hochwertige Pr\u00e4senzumgebung bieten m\u00f6chte, ist REVA University auf Campus-weite Netzwerkverbindungen angewiesen. Diese sollen Benutzer, Ger\u00e4te, Systeme und Geb\u00e4ude flexibel und nahtlos miteinander verbinden \u2013 essentiell f\u00fcr den Alltag, Lehre, Lernen und das Leben auf dem Campus, insbesondere bei gleichzeitig zahlreichen Nutzern und Ger\u00e4ten.<\/p>\n<p data-start=\"1915\" data-end=\"2282\">Die vorhandenen <strong data-start=\"1931\" data-end=\"1955\">WiFi\u202f5-Access-Points<\/strong> lie\u00dfen zunehmend nach \u2013 vor allem in den Studentenwohnheimen. REVA investiert zwar in exzellenten Wohnkomfort in gr\u00fcner Umgebung, aber technische Einschr\u00e4nkungen blieben bestehen. Auch auf dem restlichen Campus litten die Verbindungen unter inkonsistenter Performance und mangelnder Skalierbarkeit. Ein Upgrade war \u00fcberf\u00e4llig.<\/p>\n    <\/div>\n        <div id=\"topic4\" class=\"skip-item\">\n                        <h2>L\u00d6SUNG<\/h2>\n                <p data-start=\"2307\" data-end=\"2560\">Nach der Pr\u00e4sentation durch verschiedene Anbieter wurde NETGEAR \u00fcber mehrere Monate hinweg eingehend gepr\u00fcft und schlie\u00dflich ausgew\u00e4hlt, um REVAs Konnektivit\u00e4t auf das n\u00e4chste Level zu heben und bestehende Einschr\u00e4nkungen zu \u00fcberwinden. NETGEAR empfahl:<\/p>\n<ul data-start=\"2562\" data-end=\"3022\">\n<li data-start=\"2562\" data-end=\"2690\">\n<p data-start=\"2564\" data-end=\"2690\"><strong data-start=\"2564\" data-end=\"2593\">Neue WiFi\u202f6-Access-Points<\/strong> \u2013 f\u00fcr bessere Abdeckung und zuverl\u00e4ssige Unterst\u00fctzung vieler gleichzeitiger Nutzer und Ger\u00e4te<\/p>\n<\/li>\n<li data-start=\"2691\" data-end=\"2784\">\n<p data-start=\"2693\" data-end=\"2784\"><strong data-start=\"2693\" data-end=\"2716\">Optimiertes Roaming<\/strong> \u2013 f\u00fcr nahtlosen, schnellen Internetzugang auf dem gesamten Campus<\/p>\n<\/li>\n<li data-start=\"2785\" data-end=\"2879\">\n<p data-start=\"2787\" data-end=\"2879\"><strong data-start=\"2787\" data-end=\"2825\">Zentralisiertes Netzwerkmanagement<\/strong> \u2013 zur einfachen Unterst\u00fctzung durch das IT-Personal<\/p>\n<\/li>\n<li data-start=\"2880\" data-end=\"3022\">\n<p data-start=\"2882\" data-end=\"3022\"><strong data-start=\"2882\" data-end=\"2929\">10-Gigabit-Netzwerkinfrastruktur (Backbone)<\/strong> \u2013 f\u00fcr leistungsstarke, robuste Verbindungskapazit\u00e4t zur Unterst\u00fctzung von \u00fcber 1.000 Nutzern<\/p>\n<\/li>\n<\/ul>\n    <\/div>\n        <div id=\"topic5\" class=\"skip-item\">\n                        <h2>ERGEBNISSE<\/h2>\n                <p data-start=\"3051\" data-end=\"3619\">Der Fokus lag zun\u00e4chst auf der Verbesserung der Konnektivit\u00e4t in den Wohnheimen. NETGEAR implementierte erfolgreich <strong data-start=\"3167\" data-end=\"3188\">215 Access-Points<\/strong> und <strong data-start=\"3193\" data-end=\"3220\">10 10G-Managed-Switches<\/strong>. Studierende profitieren nun von zuverl\u00e4ssigem und schnellem WLAN in den Zimmern und Gemeinschaftsbereichen. Die Leistung und Unterst\u00fctzung durch NETGEAR \u00fcberzeugten die Universit\u00e4t, sodass das Deployment auf akademische Geb\u00e4ude, Bibliotheken und Freizeiteinrichtungen ausgeweitet wurde. Dabei kamen <strong data-start=\"3521\" data-end=\"3549\">\u00fcber 80 Layer\u20112-Switches<\/strong> und <strong data-start=\"3554\" data-end=\"3586\">mehr als 15 Layer\u20113-Switches<\/strong> mit 10-Gbit-Uplinks zum Einsatz.<\/p>\n<p data-start=\"3621\" data-end=\"3864\">Zudem erm\u00f6glicht <strong data-start=\"3638\" data-end=\"3657\">NETGEAR Insight<\/strong> dem IT-Leiter und seinem Team eine zentrale \u00dcberwachung und Verwaltung des Netzwerks \u2013 inklusive Konfiguration, Fehlerbehebung und Neustarts \u2013 alles \u00fcber eine einzige und cloudbasierte Ansicht, auch remote.<\/p>\n<p data-start=\"3866\" data-end=\"4207\">Dank der WiFi\u202f6-Technologie und 10-Gigabit-Backbone-Infrastruktur von NETGEAR hat REVA University ihren Campus in ein vollst\u00e4ndig vernetztes, zukunftssicheres Lernumfeld verwandelt. Die Partnerschaft wird weiter ausgebaut und zeigt den Wert zuverl\u00e4ssiger, skalierbarer und kosteneffizienter Wireless-Netzwerkl\u00f6sungen in der modernen Bildung.<\/p>\n    <\/div>\n        <div id=\"topic6\" class=\"skip-item\">\n                        <h2>KITLISTE<\/h2>\n                <ul>\n<li data-start=\"4234\" data-end=\"4307\">\n<p data-start=\"4236\" data-end=\"4307\"><strong data-start=\"4236\" data-end=\"4265\">WAX625 WiFi Access Points<\/strong> \u2013 215 Einheiten (nur in den Wohnheimen)<\/p>\n<\/li>\n<li data-start=\"4308\" data-end=\"4361\">\n<p data-start=\"4310\" data-end=\"4361\"><strong data-start=\"4310\" data-end=\"4344\">GSM4328PA 10G Managed Switches<\/strong> \u2013 10 Einheiten<\/p>\n<\/li>\n<li data-start=\"4362\" data-end=\"4428\">\n<p data-start=\"4364\" data-end=\"4428\"><strong data-start=\"4364\" data-end=\"4383\">NETGEAR Insight<\/strong> \u2013 Cloudbasiertes Netzwerkmanagement-Portal<\/p>\n<\/li>\n<\/ul>\n    <\/div>\n        <div id=\"topic7\" class=\"skip-item\">\n                        <p><iframe loading=\"lazy\" src=\"https:\/\/405nrr.share-na2.hsforms.com\/25w_D-U5iS-e5KaSaP86jnQ\" width=\"100%\" height=\"1200px\"><\/iframe><\/p>\n    <\/div>\n    <\/p>\n","protected":false},"excerpt":{"rendered":"<p>im und au\u00dferhalb des Unterrichts<\/p>\n","protected":false},"author":94,"featured_media":10576,"parent":10318,"menu_order":2,"comment_status":"closed","ping_status":"closed","template":"templates\/blog-wifi.php","meta":{"_acf_changed":false,"footnotes":""},"class_list":["post-10573","page","type-page","status-publish","has-post-thumbnail","hentry"],"acf":[],"yoast_head":"<!-- This site is optimized with the Yoast SEO plugin v27.4 - https:\/\/yoast.com\/product\/yoast-seo-wordpress\/ -->\n<title>Netzwerktechnologien an der hochgelobten REVA University verbessern das Erlebnis f\u00fcr Studierende und Mitarbeitende - NETGEAR Hub<\/title>\n<meta name=\"description\" content=\"Verbesserung der Netzwerkstabilit\u00e4t\" \/>\n<meta name=\"robots\" content=\"index, follow, max-snippet:-1, max-image-preview:large, max-video-preview:-1\" \/>\n<link rel=\"canonical\" href=\"https:\/\/dehub.netgear.com\/de\/hub\/business\/case-studies\/it-case-studies\/network-tech-for-much-praised-reva-university\/\" \/>\n<meta property=\"og:locale\" content=\"de_DE\" \/>\n<meta property=\"og:type\" content=\"article\" \/>\n<meta property=\"og:title\" content=\"Netzwerktechnologien an der hochgelobten REVA University verbessern das Erlebnis f\u00fcr Studierende und Mitarbeitende - NETGEAR Hub\" \/>\n<meta property=\"og:description\" content=\"Verbesserung der Netzwerkstabilit\u00e4t\" \/>\n<meta property=\"og:url\" content=\"https:\/\/dehub.netgear.com\/de\/hub\/business\/case-studies\/it-case-studies\/network-tech-for-much-praised-reva-university\/\" \/>\n<meta property=\"og:site_name\" content=\"NETGEAR Hub\" \/>\n<meta property=\"article:publisher\" content=\"https:\/\/www.facebook.com\/NetgearAU\/\" \/>\n<meta property=\"article:modified_time\" content=\"2025-11-25T19:34:03+00:00\" \/>\n<meta property=\"og:image\" content=\"https:\/\/dehub.netgear.com\/de\/hub\/wp-content\/uploads\/2025\/09\/vignette-Riva_featured-383x288-1.jpg\" \/>\n\t<meta property=\"og:image:width\" content=\"383\" \/>\n\t<meta property=\"og:image:height\" content=\"288\" \/>\n\t<meta property=\"og:image:type\" content=\"image\/jpeg\" \/>\n<meta name=\"twitter:card\" content=\"summary_large_image\" \/>\n<meta name=\"twitter:site\" content=\"@NETGEAR\" \/>\n<script type=\"application\/ld+json\" class=\"yoast-schema-graph\">{\"@context\":\"https:\\\/\\\/schema.org\",\"@graph\":[{\"@type\":\"WebPage\",\"@id\":\"https:\\\/\\\/dehub.netgear.com\\\/de\\\/hub\\\/business\\\/case-studies\\\/it-case-studies\\\/network-tech-for-much-praised-reva-university\\\/\",\"url\":\"https:\\\/\\\/dehub.netgear.com\\\/de\\\/hub\\\/business\\\/case-studies\\\/it-case-studies\\\/network-tech-for-much-praised-reva-university\\\/\",\"name\":\"Netzwerktechnologien an der hochgelobten REVA University verbessern das Erlebnis f\u00fcr Studierende und Mitarbeitende - NETGEAR Hub\",\"isPartOf\":{\"@id\":\"https:\\\/\\\/dehub.netgear.com\\\/de\\\/hub\\\/#website\"},\"primaryImageOfPage\":{\"@id\":\"https:\\\/\\\/dehub.netgear.com\\\/de\\\/hub\\\/business\\\/case-studies\\\/it-case-studies\\\/network-tech-for-much-praised-reva-university\\\/#primaryimage\"},\"image\":{\"@id\":\"https:\\\/\\\/dehub.netgear.com\\\/de\\\/hub\\\/business\\\/case-studies\\\/it-case-studies\\\/network-tech-for-much-praised-reva-university\\\/#primaryimage\"},\"thumbnailUrl\":\"https:\\\/\\\/dehub.netgear.com\\\/de\\\/hub\\\/wp-content\\\/uploads\\\/2025\\\/09\\\/vignette-Riva_featured-383x288-1.jpg\",\"datePublished\":\"2025-04-13T05:25:49+00:00\",\"dateModified\":\"2025-11-25T19:34:03+00:00\",\"description\":\"Verbesserung der Netzwerkstabilit\u00e4t\",\"breadcrumb\":{\"@id\":\"https:\\\/\\\/dehub.netgear.com\\\/de\\\/hub\\\/business\\\/case-studies\\\/it-case-studies\\\/network-tech-for-much-praised-reva-university\\\/#breadcrumb\"},\"inLanguage\":\"de\",\"potentialAction\":[{\"@type\":\"ReadAction\",\"target\":[\"https:\\\/\\\/dehub.netgear.com\\\/de\\\/hub\\\/business\\\/case-studies\\\/it-case-studies\\\/network-tech-for-much-praised-reva-university\\\/\"]}]},{\"@type\":\"ImageObject\",\"inLanguage\":\"de\",\"@id\":\"https:\\\/\\\/dehub.netgear.com\\\/de\\\/hub\\\/business\\\/case-studies\\\/it-case-studies\\\/network-tech-for-much-praised-reva-university\\\/#primaryimage\",\"url\":\"https:\\\/\\\/dehub.netgear.com\\\/de\\\/hub\\\/wp-content\\\/uploads\\\/2025\\\/09\\\/vignette-Riva_featured-383x288-1.jpg\",\"contentUrl\":\"https:\\\/\\\/dehub.netgear.com\\\/de\\\/hub\\\/wp-content\\\/uploads\\\/2025\\\/09\\\/vignette-Riva_featured-383x288-1.jpg\",\"width\":383,\"height\":288},{\"@type\":\"BreadcrumbList\",\"@id\":\"https:\\\/\\\/dehub.netgear.com\\\/de\\\/hub\\\/business\\\/case-studies\\\/it-case-studies\\\/network-tech-for-much-praised-reva-university\\\/#breadcrumb\",\"itemListElement\":[{\"@type\":\"ListItem\",\"position\":1,\"name\":\"Home\",\"item\":\"https:\\\/\\\/dehub.netgear.com\\\/de\\\/hub\\\/\"},{\"@type\":\"ListItem\",\"position\":2,\"name\":\"Business Articles Hub\",\"item\":\"https:\\\/\\\/dehub.netgear.com\\\/de\\\/hub\\\/business\\\/\"},{\"@type\":\"ListItem\",\"position\":3,\"name\":\"All Case Studies &#8211; DE\",\"item\":\"https:\\\/\\\/dehub.netgear.com\\\/de\\\/hub\\\/business\\\/case-studies\\\/\"},{\"@type\":\"ListItem\",\"position\":4,\"name\":\"IT-Fallstudien\",\"item\":\"https:\\\/\\\/dehub.netgear.com\\\/de\\\/hub\\\/business\\\/case-studies\\\/it-case-studies\\\/\"},{\"@type\":\"ListItem\",\"position\":5,\"name\":\"Netzwerktechnologien an der hochgelobten REVA University verbessern das Erlebnis f\u00fcr Studierende und Mitarbeitende\"}]},{\"@type\":\"WebSite\",\"@id\":\"https:\\\/\\\/dehub.netgear.com\\\/de\\\/hub\\\/#website\",\"url\":\"https:\\\/\\\/dehub.netgear.com\\\/de\\\/hub\\\/\",\"name\":\"NETGEAR\",\"description\":\"Erkunden Sie unsere Hub-Seiten und st\u00f6bern Sie in Artikeln, um mehr \u00fcber NETGEAR Produkte und Technologien zu erfahren.\",\"publisher\":{\"@id\":\"https:\\\/\\\/dehub.netgear.com\\\/de\\\/hub\\\/#organization\"},\"potentialAction\":[{\"@type\":\"SearchAction\",\"target\":{\"@type\":\"EntryPoint\",\"urlTemplate\":\"https:\\\/\\\/dehub.netgear.com\\\/de\\\/hub\\\/?s={search_term_string}\"},\"query-input\":{\"@type\":\"PropertyValueSpecification\",\"valueRequired\":true,\"valueName\":\"search_term_string\"}}],\"inLanguage\":\"de\"},{\"@type\":\"Organization\",\"@id\":\"https:\\\/\\\/dehub.netgear.com\\\/de\\\/hub\\\/#organization\",\"name\":\"NETGEAR\",\"url\":\"https:\\\/\\\/dehub.netgear.com\\\/de\\\/hub\\\/\",\"logo\":{\"@type\":\"ImageObject\",\"inLanguage\":\"de\",\"@id\":\"https:\\\/\\\/dehub.netgear.com\\\/de\\\/hub\\\/#\\\/schema\\\/logo\\\/image\\\/\",\"url\":\"https:\\\/\\\/www.dehub.netgear.com\\\/de\\\/hub\\\/wp-content\\\/uploads\\\/2019\\\/07\\\/NETGEAR_logo.jpg\",\"contentUrl\":\"https:\\\/\\\/www.dehub.netgear.com\\\/de\\\/hub\\\/wp-content\\\/uploads\\\/2019\\\/07\\\/NETGEAR_logo.jpg\",\"width\":1500,\"height\":501,\"caption\":\"NETGEAR\"},\"image\":{\"@id\":\"https:\\\/\\\/dehub.netgear.com\\\/de\\\/hub\\\/#\\\/schema\\\/logo\\\/image\\\/\"},\"sameAs\":[\"https:\\\/\\\/www.facebook.com\\\/NetgearAU\\\/\",\"https:\\\/\\\/x.com\\\/NETGEAR\",\"https:\\\/\\\/www.linkedin.com\\\/company\\\/netgear\"]}]}<\/script>\n<!-- \/ Yoast SEO plugin. -->","yoast_head_json":{"title":"Netzwerktechnologien an der hochgelobten REVA University verbessern das Erlebnis f\u00fcr Studierende und Mitarbeitende - NETGEAR Hub","description":"Verbesserung der Netzwerkstabilit\u00e4t","robots":{"index":"index","follow":"follow","max-snippet":"max-snippet:-1","max-image-preview":"max-image-preview:large","max-video-preview":"max-video-preview:-1"},"canonical":"https:\/\/dehub.netgear.com\/de\/hub\/business\/case-studies\/it-case-studies\/network-tech-for-much-praised-reva-university\/","og_locale":"de_DE","og_type":"article","og_title":"Netzwerktechnologien an der hochgelobten REVA University verbessern das Erlebnis f\u00fcr Studierende und Mitarbeitende - NETGEAR Hub","og_description":"Verbesserung der Netzwerkstabilit\u00e4t","og_url":"https:\/\/dehub.netgear.com\/de\/hub\/business\/case-studies\/it-case-studies\/network-tech-for-much-praised-reva-university\/","og_site_name":"NETGEAR Hub","article_publisher":"https:\/\/www.facebook.com\/NetgearAU\/","article_modified_time":"2025-11-25T19:34:03+00:00","og_image":[{"width":383,"height":288,"url":"https:\/\/dehub.netgear.com\/de\/hub\/wp-content\/uploads\/2025\/09\/vignette-Riva_featured-383x288-1.jpg","type":"image\/jpeg"}],"twitter_card":"summary_large_image","twitter_site":"@NETGEAR","schema":{"@context":"https:\/\/schema.org","@graph":[{"@type":"WebPage","@id":"https:\/\/dehub.netgear.com\/de\/hub\/business\/case-studies\/it-case-studies\/network-tech-for-much-praised-reva-university\/","url":"https:\/\/dehub.netgear.com\/de\/hub\/business\/case-studies\/it-case-studies\/network-tech-for-much-praised-reva-university\/","name":"Netzwerktechnologien an der hochgelobten REVA University verbessern das Erlebnis f\u00fcr Studierende und Mitarbeitende - NETGEAR Hub","isPartOf":{"@id":"https:\/\/dehub.netgear.com\/de\/hub\/#website"},"primaryImageOfPage":{"@id":"https:\/\/dehub.netgear.com\/de\/hub\/business\/case-studies\/it-case-studies\/network-tech-for-much-praised-reva-university\/#primaryimage"},"image":{"@id":"https:\/\/dehub.netgear.com\/de\/hub\/business\/case-studies\/it-case-studies\/network-tech-for-much-praised-reva-university\/#primaryimage"},"thumbnailUrl":"https:\/\/dehub.netgear.com\/de\/hub\/wp-content\/uploads\/2025\/09\/vignette-Riva_featured-383x288-1.jpg","datePublished":"2025-04-13T05:25:49+00:00","dateModified":"2025-11-25T19:34:03+00:00","description":"Verbesserung der Netzwerkstabilit\u00e4t","breadcrumb":{"@id":"https:\/\/dehub.netgear.com\/de\/hub\/business\/case-studies\/it-case-studies\/network-tech-for-much-praised-reva-university\/#breadcrumb"},"inLanguage":"de","potentialAction":[{"@type":"ReadAction","target":["https:\/\/dehub.netgear.com\/de\/hub\/business\/case-studies\/it-case-studies\/network-tech-for-much-praised-reva-university\/"]}]},{"@type":"ImageObject","inLanguage":"de","@id":"https:\/\/dehub.netgear.com\/de\/hub\/business\/case-studies\/it-case-studies\/network-tech-for-much-praised-reva-university\/#primaryimage","url":"https:\/\/dehub.netgear.com\/de\/hub\/wp-content\/uploads\/2025\/09\/vignette-Riva_featured-383x288-1.jpg","contentUrl":"https:\/\/dehub.netgear.com\/de\/hub\/wp-content\/uploads\/2025\/09\/vignette-Riva_featured-383x288-1.jpg","width":383,"height":288},{"@type":"BreadcrumbList","@id":"https:\/\/dehub.netgear.com\/de\/hub\/business\/case-studies\/it-case-studies\/network-tech-for-much-praised-reva-university\/#breadcrumb","itemListElement":[{"@type":"ListItem","position":1,"name":"Home","item":"https:\/\/dehub.netgear.com\/de\/hub\/"},{"@type":"ListItem","position":2,"name":"Business Articles Hub","item":"https:\/\/dehub.netgear.com\/de\/hub\/business\/"},{"@type":"ListItem","position":3,"name":"All Case Studies &#8211; DE","item":"https:\/\/dehub.netgear.com\/de\/hub\/business\/case-studies\/"},{"@type":"ListItem","position":4,"name":"IT-Fallstudien","item":"https:\/\/dehub.netgear.com\/de\/hub\/business\/case-studies\/it-case-studies\/"},{"@type":"ListItem","position":5,"name":"Netzwerktechnologien an der hochgelobten REVA University verbessern das Erlebnis f\u00fcr Studierende und Mitarbeitende"}]},{"@type":"WebSite","@id":"https:\/\/dehub.netgear.com\/de\/hub\/#website","url":"https:\/\/dehub.netgear.com\/de\/hub\/","name":"NETGEAR","description":"Erkunden Sie unsere Hub-Seiten und st\u00f6bern Sie in Artikeln, um mehr \u00fcber NETGEAR Produkte und Technologien zu erfahren.","publisher":{"@id":"https:\/\/dehub.netgear.com\/de\/hub\/#organization"},"potentialAction":[{"@type":"SearchAction","target":{"@type":"EntryPoint","urlTemplate":"https:\/\/dehub.netgear.com\/de\/hub\/?s={search_term_string}"},"query-input":{"@type":"PropertyValueSpecification","valueRequired":true,"valueName":"search_term_string"}}],"inLanguage":"de"},{"@type":"Organization","@id":"https:\/\/dehub.netgear.com\/de\/hub\/#organization","name":"NETGEAR","url":"https:\/\/dehub.netgear.com\/de\/hub\/","logo":{"@type":"ImageObject","inLanguage":"de","@id":"https:\/\/dehub.netgear.com\/de\/hub\/#\/schema\/logo\/image\/","url":"https:\/\/www.dehub.netgear.com\/de\/hub\/wp-content\/uploads\/2019\/07\/NETGEAR_logo.jpg","contentUrl":"https:\/\/www.dehub.netgear.com\/de\/hub\/wp-content\/uploads\/2019\/07\/NETGEAR_logo.jpg","width":1500,"height":501,"caption":"NETGEAR"},"image":{"@id":"https:\/\/dehub.netgear.com\/de\/hub\/#\/schema\/logo\/image\/"},"sameAs":["https:\/\/www.facebook.com\/NetgearAU\/","https:\/\/x.com\/NETGEAR","https:\/\/www.linkedin.com\/company\/netgear"]}]}},"_links":{"self":[{"href":"https:\/\/dehub.netgear.com\/de\/hub\/wp-json\/wp\/v2\/pages\/10573","targetHints":{"allow":["GET"]}}],"collection":[{"href":"https:\/\/dehub.netgear.com\/de\/hub\/wp-json\/wp\/v2\/pages"}],"about":[{"href":"https:\/\/dehub.netgear.com\/de\/hub\/wp-json\/wp\/v2\/types\/page"}],"author":[{"embeddable":true,"href":"https:\/\/dehub.netgear.com\/de\/hub\/wp-json\/wp\/v2\/users\/94"}],"replies":[{"embeddable":true,"href":"https:\/\/dehub.netgear.com\/de\/hub\/wp-json\/wp\/v2\/comments?post=10573"}],"version-history":[{"count":2,"href":"https:\/\/dehub.netgear.com\/de\/hub\/wp-json\/wp\/v2\/pages\/10573\/revisions"}],"predecessor-version":[{"id":10577,"href":"https:\/\/dehub.netgear.com\/de\/hub\/wp-json\/wp\/v2\/pages\/10573\/revisions\/10577"}],"up":[{"embeddable":true,"href":"https:\/\/dehub.netgear.com\/de\/hub\/wp-json\/wp\/v2\/pages\/10318"}],"wp:featuredmedia":[{"embeddable":true,"href":"https:\/\/dehub.netgear.com\/de\/hub\/wp-json\/wp\/v2\/media\/10576"}],"wp:attachment":[{"href":"https:\/\/dehub.netgear.com\/de\/hub\/wp-json\/wp\/v2\/media?parent=10573"}],"curies":[{"name":"wp","href":"https:\/\/api.w.org\/{rel}","templated":true}]}}