{"id":10558,"date":"2025-05-23T06:57:10","date_gmt":"2025-05-23T04:57:10","guid":{"rendered":"https:\/\/dehub.netgear.com\/de\/hub\/business\/case-studies\/it-case-studies\/hervorragende-netzwerkqualitat-in-den-filialen-eines-grosen-franzosischen-einzelhandlers-2\/"},"modified":"2025-11-25T19:34:51","modified_gmt":"2025-11-25T18:34:51","slug":"larmenier-school-case-study","status":"publish","type":"page","link":"https:\/\/dehub.netgear.com\/de\/hub\/business\/case-studies\/it-case-studies\/larmenier-school-case-study\/","title":{"rendered":"Revolutionierung der schulischen Konnektivit\u00e4t"},"content":{"rendered":"<p><img loading=\"lazy\" decoding=\"async\" class=\"alignone size-full wp-image-10681\" style=\"border-radius: 1em;\" src=\"https:\/\/www.netgear.com\/fr\/hub\/wp-content\/uploads\/2025\/09\/banner-larmenier-inline-3.jpg\" alt=\"\" width=\"1048\" height=\"511\" \/><\/p>\n    <div class=\"table-of-content bg-gray\">\n        <p><strong>IN THIS ARTICLE<\/strong><\/p>\n        <ul>\n                        <li><a href=\"#topic1\">Zuverl\u00e4ssige Netzwerkinfrastruktur \u2013 ein Muss f\u00fcr Bildungseinrichtungen<\/a><\/li>\n                        <li><a href=\"#topic2\">Die Herausforderung: Ein in die Jahre gekommenes Netzwerk<\/a><\/li>\n                        <li><a href=\"#topic3\">NETGEAR: Das Herzst\u00fcck der L\u00f6sung<\/a><\/li>\n                        <li><a href=\"#topic4\">Die L\u00f6sung: Ein Netzwerk mit WiFi 6<\/a><\/li>\n                        <li><a href=\"#topic5\">Reibungslose Installation mit minimalen Unterbrechungen<\/a><\/li>\n                        <li><a href=\"#topic6\">Das Ergebnis: Ein zukunftssicheres Netzwerk<\/a><\/li>\n                        <li><a href=\"#topic7\">Ein Beweis f\u00fcr Zuverl\u00e4ssigkeit und Service<\/a><\/li>\n                        <li><a href=\"#topic8\">Fazit und Case-Study-Download<\/a><\/li>\n                    <\/ul>\n    <\/div>\n        <div id=\"topic1\" class=\"skip-item\">\n                        <h2>Zuverl\u00e4ssige Netzwerkinfrastruktur \u2013 ein Muss f\u00fcr Bildungseinrichtungen<\/h2>\n                <div style=\"background-color: #eeeeee;padding: 20px;width: 33%;float: right\">\n<p><strong>Unternehmen: <\/strong><br \/>\nLarmenier and Sacred Heart Catholic Primary School<\/p>\n<p><strong>Sektor:<\/strong><br \/>\nBildung<\/p>\n<p><strong>Website:<\/strong><br \/>\n<a href=\"https:\/\/www.larshrc.lbhf.sch.uk\">larshrc.lbhf.sch.uk<\/a><\/p>\n<p><strong>Standort:<\/strong><br \/>\nLondon, Vereinigtes K\u00f6nigreich<\/p>\n<\/div>\n<p>Bildungseinrichtungen sind heute auf digitale Konnektivit\u00e4t angewiesen \u2013 sowohl f\u00fcr Verwaltung als auch f\u00fcr Unterricht. So auch die Larmenier and Sacred Heart Catholic Primary School in London. Ein veraltetes Netzwerk schr\u00e4nkte die Produktivit\u00e4t und Verbindungszuverl\u00e4ssigkeit ein. Mit Unterst\u00fctzung von NETGEAR Business und dem IT-Partner Smallworld IT wechselte die Schule zu einer modernen, leistungsstarken Netzwerk-L\u00f6sung, die den Anforderungen von Mitarbeitenden, Sch\u00fclern und G\u00e4sten gerecht wird.<\/p>\n    <\/div>\n        <div id=\"topic2\" class=\"skip-item\">\n                        <h2>Die Herausforderung: Ein in die Jahre gekommenes Netzwerk<\/h2>\n                <p>Wie viele Bildungseinrichtungen k\u00e4mpfte auch Larmenier and Sacred Heart mit einem veralteten Netzwerk. Die vor neun Jahren installierte Infrastruktur konnte mit der steigenden Anzahl an Ger\u00e4ten und modernen Anwendungen im Unterricht und in der Verwaltung nicht mehr Schritt halten.<\/p>\n<p>Alastair Ross, IT- und Computerverantwortlicher der Schule, erkannte die Notwendigkeit einer grundlegenden Erneuerung, um die Bildungsziele der Schule und cloudbasierte Anwendungen zu unterst\u00fctzen. Seine Priorit\u00e4ten: Sicherheit, Geschwindigkeit, Zuverl\u00e4ssigkeit und Wirtschaftlichkeit. In diesem Moment kam NETGEAR Business ins Spiel \u2013 mit einer umfassenden Netzwerkl\u00f6sung.<\/p>\n    <\/div>\n        <div id=\"topic3\" class=\"skip-item\">\n                        <h2>NETGEAR: Das Herzst\u00fcck der L\u00f6sung<\/h2>\n                <p>Zum Einsatz kamen zwei strategisch platzierte NETGEAR M4250-40G8XF-PoE+ Switches. Einer ist speziell f\u00fcr Multicast-Video-Traffic zust\u00e4ndig, der andere verarbeitet alle anderen Daten. Das entscheidende Technologie-Merkmal: IGMP Plus \u2013 eine Funktion, die Multicast-Traffic effizient kapselt und so Netzwerk-Engp\u00e4sse verhindert.<\/p>\n<p>Jordi Bonte von AV Challenges erkl\u00e4rt:<\/p>\n<p><em>\u201eDank der NETGEAR-Switches konnten wir einen Engpass bei der Video\u00fcbertragung zwischen den Switches vermeiden. IGMP Plus ist einer der Gr\u00fcnde, warum ich ein Fan von NETGEAR bin.\u201c<\/em><\/p>\n    <\/div>\n        <div id=\"topic4\" class=\"skip-item\">\n                        <h2>Die L\u00f6sung: Ein Netzwerk mit WiFi 6<\/h2>\n                <p data-start=\"2597\" data-end=\"2931\">NETGEAR Business empfahl ein WiFi 6-basiertes Netzwerk, das f\u00fcr die gleichzeitige Anbindung vieler Ger\u00e4te ausgelegt ist und h\u00f6here Geschwindigkeiten sowie verbesserte Leistung bietet. Die L\u00f6sung umfasste <strong data-start=\"2801\" data-end=\"2831\">30 drahtlose Access Points<\/strong> und <strong data-start=\"2836\" data-end=\"2850\">8 Switches<\/strong>, mit denen separate Netzwerke f\u00fcr Personal, Sch\u00fcler und G\u00e4ste realisiert wurden.<\/p>\n<p data-start=\"2933\" data-end=\"3282\">Die Access Points sorgten f\u00fcr eine durchg\u00e4ngige Konnektivit\u00e4t im gesamten Schulgel\u00e4nde, w\u00e4hrend die Switches schnelle Daten\u00fcbertragungen zwischen den Ger\u00e4ten sicherstellten. Eine <strong data-start=\"3112\" data-end=\"3142\">kostenlose Standortanalyse<\/strong>, die NETGEAR Gesch\u00e4ftskunden anbietet, half dabei, die idealen Positionen der Access Points zu bestimmen und Signalst\u00f6rungen zu minimieren.<\/p>\n    <\/div>\n        <div id=\"topic5\" class=\"skip-item\">\n                        <h2>Reibungslose Installation mit minimalen Unterbrechungen<\/h2>\n                <p data-start=\"3355\" data-end=\"3678\">Um St\u00f6rungen w\u00e4hrend der Unterrichtszeiten zu vermeiden, arbeitete NETGEAR mit dem lokalen Netzwerk-Integrator <strong data-start=\"3466\" data-end=\"3483\">Smallworld IT<\/strong> zusammen. Das Team von Smallworld IT <strong data-start=\"3521\" data-end=\"3565\">konfigurierte alle Ger\u00e4te vorab im Labor<\/strong> mithilfe des <strong data-start=\"3579\" data-end=\"3598\">NETGEAR Insight<\/strong> Cloud-Management-Tools, sodass sie vor Ort nur noch installiert werden mussten.<\/p>\n<p data-start=\"3680\" data-end=\"3961\">Mit Hilfe der <strong data-start=\"3694\" data-end=\"3734\">QR-Code-Funktion von NETGEAR Insight<\/strong> verlief die Konfiguration besonders schnell und effizient. Die Flexibilit\u00e4t und das Engagement von Smallworld IT, sich dem Schulzeitplan anzupassen, waren ein entscheidender Faktor f\u00fcr den erfolgreichen Abschluss des Projekts.<\/p>\n    <\/div>\n        <div id=\"topic6\" class=\"skip-item\">\n                        <h2>Das Ergebnis: Ein zukunftssicheres Netzwerk<\/h2>\n                <p data-start=\"4022\" data-end=\"4120\">Dank des neuen <strong data-start=\"4037\" data-end=\"4069\">WiFi 6 Netzwerks von NETGEAR<\/strong> profitiert die Schule nun von folgenden Vorteilen:<\/p>\n<ul data-start=\"4122\" data-end=\"4914\">\n<li data-start=\"4122\" data-end=\"4334\">\n<p data-start=\"4124\" data-end=\"4334\"><strong data-start=\"4124\" data-end=\"4177\">Hohe Geschwindigkeit und zuverl\u00e4ssige Verbindung:<\/strong><br data-start=\"4177\" data-end=\"4180\" \/>Netzwerkprobleme und langsame Verbindungen geh\u00f6ren der Vergangenheit an. Die Access Points erm\u00f6glichen schnelle Verbindungen, auch bei hoher Auslastung.<\/p>\n<\/li>\n<li data-start=\"4336\" data-end=\"4564\">\n<p data-start=\"4338\" data-end=\"4564\"><strong data-start=\"4338\" data-end=\"4374\">Mehr Bandbreite f\u00fcr mehr Ger\u00e4te:<\/strong><br data-start=\"4374\" data-end=\"4377\" \/>Das Netzwerk kann nun problemlos viele gleichzeitig verbundene Ger\u00e4te verwalten \u2013 egal ob Tablets im Unterricht, Streaming-Inhalte durch Lehrkr\u00e4fte oder Cloud-Dienste in der Verwaltung.<\/p>\n<\/li>\n<li data-start=\"4566\" data-end=\"4723\">\n<p data-start=\"4568\" data-end=\"4723\"><strong data-start=\"4568\" data-end=\"4596\">Verbessertes G\u00e4ste-WLAN:<\/strong><br data-start=\"4596\" data-end=\"4599\" \/>Veranstaltungen wie Elternabende profitieren von einem stabilen G\u00e4ste-WLAN mit ausreichend Kapazit\u00e4t \u2013 ohne Verz\u00f6gerungen.<\/p>\n<\/li>\n<li data-start=\"4725\" data-end=\"4914\">\n<p data-start=\"4727\" data-end=\"4914\"><strong data-start=\"4727\" data-end=\"4757\">Optimierte Arbeitsabl\u00e4ufe:<\/strong><br data-start=\"4757\" data-end=\"4760\" \/>Auch nicht-p\u00e4dagogisches Personal profitiert \u2013 beispielsweise die Chefk\u00f6chin, die nun WLAN in der K\u00fcche nutzt, um Bestellungen direkt online aufzugeben.<\/p>\n<\/li>\n<\/ul>\n    <\/div>\n        <div id=\"topic7\" class=\"skip-item\">\n                        <h2>Ein Beweis f\u00fcr Zuverl\u00e4ssigkeit und Service<\/h2>\n                <p data-start=\"4974\" data-end=\"5134\">er Erfolg des Projekts unterstreicht die Qualit\u00e4t der L\u00f6sungen von NETGEAR Business und das Engagement von Smallworld IT.<br data-start=\"5096\" data-end=\"5099\" \/><strong data-start=\"5099\" data-end=\"5116\">Alastair Ross<\/strong> fasst zusammen:<\/p>\n<blockquote data-start=\"5135\" data-end=\"5253\">\n<p data-start=\"5137\" data-end=\"5253\">\u201eIch h\u00f6re nichts mehr von Netzwerkproblemen \u2013 auch selbst erlebe ich keine. Das Netzwerk l\u00e4uft eindeutig schneller.\u201c<\/p>\n<\/blockquote>\n<p data-start=\"5255\" data-end=\"5354\">Auch <strong data-start=\"5260\" data-end=\"5276\">Julian Small<\/strong>, Gr\u00fcnder von Smallworld IT, hebt die enge Partnerschaft mit NETGEAR hervor:<\/p>\n<blockquote data-start=\"5355\" data-end=\"5538\">\n<p data-start=\"5357\" data-end=\"5538\">\u201eMit NETGEAR Business vertrauen wir den Produkten und haben eine gro\u00dfartige Beziehung zum Team. Die Kundenerfahrung steht im Mittelpunkt \u2013 und NETGEAR hebt das auf ein neues Level.\u201c<\/p>\n<\/blockquote>\n    <\/div>\n        <div id=\"topic8\" class=\"skip-item\">\n                        <h2>Fazit und Case-Study-Download<\/h2>\n                <p data-start=\"5585\" data-end=\"6009\">F\u00fcr Schulen wie Larmenier and Sacred Heart ist die Modernisierung eines veralteten Netzwerks nicht nur eine technische Notwendigkeit \u2013 sie ist eine Investition in die Zukunft des Lernens. Dank der Flexibilit\u00e4t, Geschwindigkeit und Wirtschaftlichkeit der <strong data-start=\"5839\" data-end=\"5868\">NETGEAR Business L\u00f6sungen<\/strong> verf\u00fcgt die Schule nun \u00fcber ein leistungsstarkes, skalierbares Netzwerk, das Unterricht, Verwaltung und Entwicklung langfristig unterst\u00fctzt.<\/p>\n<p data-start=\"6011\" data-end=\"6172\"><strong data-start=\"6014\" data-end=\"6051\">Kontaktieren Sie NETGEAR Business<\/strong>, um zu erfahren, wie Ihre Schule oder Organisation von einer modernen, zukunftssicheren Netzwerkl\u00f6sung profitieren kann.<\/p>\n    <\/div>\n        <div id=\"topic9\" class=\"skip-item\">\n                        <p><iframe loading=\"lazy\" src=\"https:\/\/405nrr.share-na2.hsforms.com\/25w_D-U5iS-e5KaSaP86jnQ\" width=\"100%\" height=\"1200px\"><\/iframe><\/p>\n    <\/div>\n    \n","protected":false},"excerpt":{"rendered":"","protected":false},"author":94,"featured_media":10560,"parent":10318,"menu_order":2,"comment_status":"closed","ping_status":"closed","template":"templates\/blog-wifi.php","meta":{"_acf_changed":false,"footnotes":""},"class_list":["post-10558","page","type-page","status-publish","has-post-thumbnail","hentry"],"acf":[],"yoast_head":"<!-- This site is optimized with the Yoast SEO plugin v27.5 - https:\/\/yoast.com\/product\/yoast-seo-wordpress\/ -->\n<title>Revolutionierung der schulischen Konnektivit\u00e4t - NETGEAR Hub<\/title>\n<meta name=\"description\" content=\"Revolutionierung der schulischen Konnektivit\u00e4t\" \/>\n<meta name=\"robots\" content=\"index, follow, max-snippet:-1, max-image-preview:large, max-video-preview:-1\" \/>\n<link rel=\"canonical\" href=\"https:\/\/dehub.netgear.com\/de\/hub\/business\/case-studies\/it-case-studies\/larmenier-school-case-study\/\" \/>\n<meta property=\"og:locale\" content=\"de_DE\" \/>\n<meta property=\"og:type\" content=\"article\" \/>\n<meta property=\"og:title\" content=\"Revolutionierung der schulischen Konnektivit\u00e4t - NETGEAR Hub\" \/>\n<meta property=\"og:description\" content=\"Revolutionierung der schulischen Konnektivit\u00e4t\" \/>\n<meta property=\"og:url\" content=\"https:\/\/dehub.netgear.com\/de\/hub\/business\/case-studies\/it-case-studies\/larmenier-school-case-study\/\" \/>\n<meta property=\"og:site_name\" content=\"NETGEAR Hub\" \/>\n<meta property=\"article:publisher\" content=\"https:\/\/www.facebook.com\/NetgearAU\/\" \/>\n<meta property=\"article:modified_time\" content=\"2025-11-25T18:34:51+00:00\" \/>\n<meta property=\"og:image\" content=\"https:\/\/dehub.netgear.com\/de\/hub\/wp-content\/uploads\/2025\/09\/Vignette-larmenier-school-case-study.jpg\" \/>\n\t<meta property=\"og:image:width\" content=\"383\" \/>\n\t<meta property=\"og:image:height\" content=\"288\" \/>\n\t<meta property=\"og:image:type\" content=\"image\/jpeg\" \/>\n<meta name=\"twitter:card\" content=\"summary_large_image\" \/>\n<meta name=\"twitter:site\" content=\"@NETGEAR\" \/>\n<script type=\"application\/ld+json\" class=\"yoast-schema-graph\">{\"@context\":\"https:\\\/\\\/schema.org\",\"@graph\":[{\"@type\":\"WebPage\",\"@id\":\"https:\\\/\\\/dehub.netgear.com\\\/de\\\/hub\\\/business\\\/case-studies\\\/it-case-studies\\\/larmenier-school-case-study\\\/\",\"url\":\"https:\\\/\\\/dehub.netgear.com\\\/de\\\/hub\\\/business\\\/case-studies\\\/it-case-studies\\\/larmenier-school-case-study\\\/\",\"name\":\"Revolutionierung der schulischen Konnektivit\u00e4t - NETGEAR Hub\",\"isPartOf\":{\"@id\":\"https:\\\/\\\/dehub.netgear.com\\\/de\\\/hub\\\/#website\"},\"primaryImageOfPage\":{\"@id\":\"https:\\\/\\\/dehub.netgear.com\\\/de\\\/hub\\\/business\\\/case-studies\\\/it-case-studies\\\/larmenier-school-case-study\\\/#primaryimage\"},\"image\":{\"@id\":\"https:\\\/\\\/dehub.netgear.com\\\/de\\\/hub\\\/business\\\/case-studies\\\/it-case-studies\\\/larmenier-school-case-study\\\/#primaryimage\"},\"thumbnailUrl\":\"https:\\\/\\\/dehub.netgear.com\\\/de\\\/hub\\\/wp-content\\\/uploads\\\/2025\\\/09\\\/Vignette-larmenier-school-case-study.jpg\",\"datePublished\":\"2025-05-23T04:57:10+00:00\",\"dateModified\":\"2025-11-25T18:34:51+00:00\",\"description\":\"Revolutionierung der schulischen Konnektivit\u00e4t\",\"breadcrumb\":{\"@id\":\"https:\\\/\\\/dehub.netgear.com\\\/de\\\/hub\\\/business\\\/case-studies\\\/it-case-studies\\\/larmenier-school-case-study\\\/#breadcrumb\"},\"inLanguage\":\"de\",\"potentialAction\":[{\"@type\":\"ReadAction\",\"target\":[\"https:\\\/\\\/dehub.netgear.com\\\/de\\\/hub\\\/business\\\/case-studies\\\/it-case-studies\\\/larmenier-school-case-study\\\/\"]}]},{\"@type\":\"ImageObject\",\"inLanguage\":\"de\",\"@id\":\"https:\\\/\\\/dehub.netgear.com\\\/de\\\/hub\\\/business\\\/case-studies\\\/it-case-studies\\\/larmenier-school-case-study\\\/#primaryimage\",\"url\":\"https:\\\/\\\/dehub.netgear.com\\\/de\\\/hub\\\/wp-content\\\/uploads\\\/2025\\\/09\\\/Vignette-larmenier-school-case-study.jpg\",\"contentUrl\":\"https:\\\/\\\/dehub.netgear.com\\\/de\\\/hub\\\/wp-content\\\/uploads\\\/2025\\\/09\\\/Vignette-larmenier-school-case-study.jpg\",\"width\":383,\"height\":288},{\"@type\":\"BreadcrumbList\",\"@id\":\"https:\\\/\\\/dehub.netgear.com\\\/de\\\/hub\\\/business\\\/case-studies\\\/it-case-studies\\\/larmenier-school-case-study\\\/#breadcrumb\",\"itemListElement\":[{\"@type\":\"ListItem\",\"position\":1,\"name\":\"Home\",\"item\":\"https:\\\/\\\/dehub.netgear.com\\\/de\\\/hub\\\/\"},{\"@type\":\"ListItem\",\"position\":2,\"name\":\"Business Articles Hub\",\"item\":\"https:\\\/\\\/dehub.netgear.com\\\/de\\\/hub\\\/business\\\/\"},{\"@type\":\"ListItem\",\"position\":3,\"name\":\"All Case Studies &#8211; DE\",\"item\":\"https:\\\/\\\/dehub.netgear.com\\\/de\\\/hub\\\/business\\\/case-studies\\\/\"},{\"@type\":\"ListItem\",\"position\":4,\"name\":\"IT-Fallstudien\",\"item\":\"https:\\\/\\\/dehub.netgear.com\\\/de\\\/hub\\\/business\\\/case-studies\\\/it-case-studies\\\/\"},{\"@type\":\"ListItem\",\"position\":5,\"name\":\"Revolutionierung der schulischen Konnektivit\u00e4t\"}]},{\"@type\":\"WebSite\",\"@id\":\"https:\\\/\\\/dehub.netgear.com\\\/de\\\/hub\\\/#website\",\"url\":\"https:\\\/\\\/dehub.netgear.com\\\/de\\\/hub\\\/\",\"name\":\"NETGEAR\",\"description\":\"Erkunden Sie unsere Hub-Seiten und st\u00f6bern Sie in Artikeln, um mehr \u00fcber NETGEAR Produkte und Technologien zu erfahren.\",\"publisher\":{\"@id\":\"https:\\\/\\\/dehub.netgear.com\\\/de\\\/hub\\\/#organization\"},\"potentialAction\":[{\"@type\":\"SearchAction\",\"target\":{\"@type\":\"EntryPoint\",\"urlTemplate\":\"https:\\\/\\\/dehub.netgear.com\\\/de\\\/hub\\\/?s={search_term_string}\"},\"query-input\":{\"@type\":\"PropertyValueSpecification\",\"valueRequired\":true,\"valueName\":\"search_term_string\"}}],\"inLanguage\":\"de\"},{\"@type\":\"Organization\",\"@id\":\"https:\\\/\\\/dehub.netgear.com\\\/de\\\/hub\\\/#organization\",\"name\":\"NETGEAR\",\"url\":\"https:\\\/\\\/dehub.netgear.com\\\/de\\\/hub\\\/\",\"logo\":{\"@type\":\"ImageObject\",\"inLanguage\":\"de\",\"@id\":\"https:\\\/\\\/dehub.netgear.com\\\/de\\\/hub\\\/#\\\/schema\\\/logo\\\/image\\\/\",\"url\":\"https:\\\/\\\/www.dehub.netgear.com\\\/de\\\/hub\\\/wp-content\\\/uploads\\\/2019\\\/07\\\/NETGEAR_logo.jpg\",\"contentUrl\":\"https:\\\/\\\/www.dehub.netgear.com\\\/de\\\/hub\\\/wp-content\\\/uploads\\\/2019\\\/07\\\/NETGEAR_logo.jpg\",\"width\":1500,\"height\":501,\"caption\":\"NETGEAR\"},\"image\":{\"@id\":\"https:\\\/\\\/dehub.netgear.com\\\/de\\\/hub\\\/#\\\/schema\\\/logo\\\/image\\\/\"},\"sameAs\":[\"https:\\\/\\\/www.facebook.com\\\/NetgearAU\\\/\",\"https:\\\/\\\/x.com\\\/NETGEAR\",\"https:\\\/\\\/www.linkedin.com\\\/company\\\/netgear\"]}]}<\/script>\n<!-- \/ Yoast SEO plugin. -->","yoast_head_json":{"title":"Revolutionierung der schulischen Konnektivit\u00e4t - NETGEAR Hub","description":"Revolutionierung der schulischen Konnektivit\u00e4t","robots":{"index":"index","follow":"follow","max-snippet":"max-snippet:-1","max-image-preview":"max-image-preview:large","max-video-preview":"max-video-preview:-1"},"canonical":"https:\/\/dehub.netgear.com\/de\/hub\/business\/case-studies\/it-case-studies\/larmenier-school-case-study\/","og_locale":"de_DE","og_type":"article","og_title":"Revolutionierung der schulischen Konnektivit\u00e4t - NETGEAR Hub","og_description":"Revolutionierung der schulischen Konnektivit\u00e4t","og_url":"https:\/\/dehub.netgear.com\/de\/hub\/business\/case-studies\/it-case-studies\/larmenier-school-case-study\/","og_site_name":"NETGEAR Hub","article_publisher":"https:\/\/www.facebook.com\/NetgearAU\/","article_modified_time":"2025-11-25T18:34:51+00:00","og_image":[{"width":383,"height":288,"url":"https:\/\/dehub.netgear.com\/de\/hub\/wp-content\/uploads\/2025\/09\/Vignette-larmenier-school-case-study.jpg","type":"image\/jpeg"}],"twitter_card":"summary_large_image","twitter_site":"@NETGEAR","schema":{"@context":"https:\/\/schema.org","@graph":[{"@type":"WebPage","@id":"https:\/\/dehub.netgear.com\/de\/hub\/business\/case-studies\/it-case-studies\/larmenier-school-case-study\/","url":"https:\/\/dehub.netgear.com\/de\/hub\/business\/case-studies\/it-case-studies\/larmenier-school-case-study\/","name":"Revolutionierung der schulischen Konnektivit\u00e4t - NETGEAR Hub","isPartOf":{"@id":"https:\/\/dehub.netgear.com\/de\/hub\/#website"},"primaryImageOfPage":{"@id":"https:\/\/dehub.netgear.com\/de\/hub\/business\/case-studies\/it-case-studies\/larmenier-school-case-study\/#primaryimage"},"image":{"@id":"https:\/\/dehub.netgear.com\/de\/hub\/business\/case-studies\/it-case-studies\/larmenier-school-case-study\/#primaryimage"},"thumbnailUrl":"https:\/\/dehub.netgear.com\/de\/hub\/wp-content\/uploads\/2025\/09\/Vignette-larmenier-school-case-study.jpg","datePublished":"2025-05-23T04:57:10+00:00","dateModified":"2025-11-25T18:34:51+00:00","description":"Revolutionierung der schulischen Konnektivit\u00e4t","breadcrumb":{"@id":"https:\/\/dehub.netgear.com\/de\/hub\/business\/case-studies\/it-case-studies\/larmenier-school-case-study\/#breadcrumb"},"inLanguage":"de","potentialAction":[{"@type":"ReadAction","target":["https:\/\/dehub.netgear.com\/de\/hub\/business\/case-studies\/it-case-studies\/larmenier-school-case-study\/"]}]},{"@type":"ImageObject","inLanguage":"de","@id":"https:\/\/dehub.netgear.com\/de\/hub\/business\/case-studies\/it-case-studies\/larmenier-school-case-study\/#primaryimage","url":"https:\/\/dehub.netgear.com\/de\/hub\/wp-content\/uploads\/2025\/09\/Vignette-larmenier-school-case-study.jpg","contentUrl":"https:\/\/dehub.netgear.com\/de\/hub\/wp-content\/uploads\/2025\/09\/Vignette-larmenier-school-case-study.jpg","width":383,"height":288},{"@type":"BreadcrumbList","@id":"https:\/\/dehub.netgear.com\/de\/hub\/business\/case-studies\/it-case-studies\/larmenier-school-case-study\/#breadcrumb","itemListElement":[{"@type":"ListItem","position":1,"name":"Home","item":"https:\/\/dehub.netgear.com\/de\/hub\/"},{"@type":"ListItem","position":2,"name":"Business Articles Hub","item":"https:\/\/dehub.netgear.com\/de\/hub\/business\/"},{"@type":"ListItem","position":3,"name":"All Case Studies &#8211; DE","item":"https:\/\/dehub.netgear.com\/de\/hub\/business\/case-studies\/"},{"@type":"ListItem","position":4,"name":"IT-Fallstudien","item":"https:\/\/dehub.netgear.com\/de\/hub\/business\/case-studies\/it-case-studies\/"},{"@type":"ListItem","position":5,"name":"Revolutionierung der schulischen Konnektivit\u00e4t"}]},{"@type":"WebSite","@id":"https:\/\/dehub.netgear.com\/de\/hub\/#website","url":"https:\/\/dehub.netgear.com\/de\/hub\/","name":"NETGEAR","description":"Erkunden Sie unsere Hub-Seiten und st\u00f6bern Sie in Artikeln, um mehr \u00fcber NETGEAR Produkte und Technologien zu erfahren.","publisher":{"@id":"https:\/\/dehub.netgear.com\/de\/hub\/#organization"},"potentialAction":[{"@type":"SearchAction","target":{"@type":"EntryPoint","urlTemplate":"https:\/\/dehub.netgear.com\/de\/hub\/?s={search_term_string}"},"query-input":{"@type":"PropertyValueSpecification","valueRequired":true,"valueName":"search_term_string"}}],"inLanguage":"de"},{"@type":"Organization","@id":"https:\/\/dehub.netgear.com\/de\/hub\/#organization","name":"NETGEAR","url":"https:\/\/dehub.netgear.com\/de\/hub\/","logo":{"@type":"ImageObject","inLanguage":"de","@id":"https:\/\/dehub.netgear.com\/de\/hub\/#\/schema\/logo\/image\/","url":"https:\/\/www.dehub.netgear.com\/de\/hub\/wp-content\/uploads\/2019\/07\/NETGEAR_logo.jpg","contentUrl":"https:\/\/www.dehub.netgear.com\/de\/hub\/wp-content\/uploads\/2019\/07\/NETGEAR_logo.jpg","width":1500,"height":501,"caption":"NETGEAR"},"image":{"@id":"https:\/\/dehub.netgear.com\/de\/hub\/#\/schema\/logo\/image\/"},"sameAs":["https:\/\/www.facebook.com\/NetgearAU\/","https:\/\/x.com\/NETGEAR","https:\/\/www.linkedin.com\/company\/netgear"]}]}},"_links":{"self":[{"href":"https:\/\/dehub.netgear.com\/de\/hub\/wp-json\/wp\/v2\/pages\/10558","targetHints":{"allow":["GET"]}}],"collection":[{"href":"https:\/\/dehub.netgear.com\/de\/hub\/wp-json\/wp\/v2\/pages"}],"about":[{"href":"https:\/\/dehub.netgear.com\/de\/hub\/wp-json\/wp\/v2\/types\/page"}],"author":[{"embeddable":true,"href":"https:\/\/dehub.netgear.com\/de\/hub\/wp-json\/wp\/v2\/users\/94"}],"replies":[{"embeddable":true,"href":"https:\/\/dehub.netgear.com\/de\/hub\/wp-json\/wp\/v2\/comments?post=10558"}],"version-history":[{"count":12,"href":"https:\/\/dehub.netgear.com\/de\/hub\/wp-json\/wp\/v2\/pages\/10558\/revisions"}],"predecessor-version":[{"id":11061,"href":"https:\/\/dehub.netgear.com\/de\/hub\/wp-json\/wp\/v2\/pages\/10558\/revisions\/11061"}],"up":[{"embeddable":true,"href":"https:\/\/dehub.netgear.com\/de\/hub\/wp-json\/wp\/v2\/pages\/10318"}],"wp:featuredmedia":[{"embeddable":true,"href":"https:\/\/dehub.netgear.com\/de\/hub\/wp-json\/wp\/v2\/media\/10560"}],"wp:attachment":[{"href":"https:\/\/dehub.netgear.com\/de\/hub\/wp-json\/wp\/v2\/media?parent=10558"}],"curies":[{"name":"wp","href":"https:\/\/api.w.org\/{rel}","templated":true}]}}