{"id":10534,"date":"2025-05-23T16:00:54","date_gmt":"2025-09-08T14:00:54","guid":{"rendered":"https:\/\/dehub.netgear.com\/de\/hub\/business\/case-studies\/it-case-studies\/hervorragende-netzwerkqualitat-in-den-filialen-eines-grosen-franzosischen-einzelhandlers-2\/"},"modified":"2025-11-25T20:15:21","modified_gmt":"2025-11-25T19:15:21","slug":"lipa-wifi-upgrade-netgear-gardner-systems","status":"publish","type":"page","link":"https:\/\/dehub.netgear.com\/de\/hub\/business\/case-studies\/it-case-studies\/lipa-wifi-upgrade-netgear-gardner-systems\/","title":{"rendered":"LIPAs neues WLAN\u2011System liefert eine gro\u00dfartige Vorstellung"},"content":{"rendered":"<p>Ein neues WLAN\u2011Netzwerk stellt sicher, dass die Show weitergeht     <div class=\"table-of-content bg-gray\">\n        <p><strong>IN THIS ARTICLE<\/strong><\/p>\n        <ul>\n                        <li><a href=\"#topic1\">ZUSAMMENFASSUNG<\/a><\/li>\n                        <li><a href=\"#topic2\">DIE HANDLUNG<\/a><\/li>\n                        <li><a href=\"#topic3\">DIE OUVERT\u00dcRE<\/a><\/li>\n                        <li><a href=\"#topic4\">AKT 1<\/a><\/li>\n                        <li><a href=\"#topic5\">VORHANG AUF<\/a><\/li>\n                        <li><a href=\"#topic6\">DAS FINALE<\/a><\/li>\n                    <\/ul>\n    <\/div>\n        <div id=\"topic1\" class=\"skip-item\">\n                        <h2>ZUSAMMENFASSUNG<\/h2>\n                <div>\n<div style=\"background-color: #eeeeee;padding: 20px;width: 33%;float:right\">\n<p><strong>Unternehmen: <\/strong><br \/>\nLiverpool Institute for Performing Arts (LIPA)<\/p>\n<p><strong>Sektor:<\/strong><br \/>\nBildung<\/p>\n<p><strong>Website:<\/strong><br \/>\n<a href=\"https:\/\/www.lipa.ac.uk\">lipa.ac.uk<\/a><\/p>\n<p><strong>Standort:<\/strong><br \/>\nLiverpool, Vereinigtes K\u00f6nigreich<\/p>\n<\/div>\n<p>Das Liverpool Institute for Performing Arts (LIPA) hat sein WLAN\u2011System mit einer zukunftssicheren Total Network Solution von NETGEAR Business, umgesetzt von Gardner Systems, aufger\u00fcstet. Dieses Upgrade gew\u00e4hrleistet nahtlosen, leistungsstarken Funkzugang f\u00fcr etwa 1000 Studierende und \u00fcber 700 Ger\u00e4te und unterst\u00fctzt verschiedene Anwendungen \u2013 zur Steigerung des allgemeinen Hochschulerlebnisses.<\/p><\/div>\n    <\/div>\n        <div id=\"topic2\" class=\"skip-item\">\n                        <h2>DIE HANDLUNG<\/h2>\n                <p>Mit tiefen Wurzeln im musikalischen Erbe der Stadt ist es das Ziel des LIPA, das bestm\u00f6gliche Hochschulerlebnis f\u00fcr die Studierenden zu schaffen. Ein zunehmend wichtiger Bestandteil ist ein schnelles, nahtloses und leistungsstarkes WLAN \u00fcber das weitl\u00e4ufige Gel\u00e4nde hinweg. Daher hat LIPA in eine zukunftsorientierte Total Network Solution von NETGEAR Business investiert \u2013 unterst\u00fctzt vom gesch\u00e4tzten lokalen Anbieter Gardner Systems \u2013 um sicherzustellen, dass die &#8222;Show weitergeht&#8220;. Diese L\u00f6sung unterst\u00fctzt rund 1200 Studierende, \u00fcber 700 gleichzeitig verbundene Ger\u00e4te und bietet zugleich Raum f\u00fcr Wachstum.<\/p>\n    <\/div>\n        <div id=\"topic3\" class=\"skip-item\">\n                        <h2>DIE OUVERT\u00dcRE<\/h2>\n                <p data-start=\"1444\" data-end=\"1851\">\u00a0<img loading=\"lazy\" decoding=\"async\" class=\"size-full wp-image-10540 alignleft\" src=\"https:\/\/dehub.netgear.com\/de\/hub\/wp-content\/uploads\/2025\/09\/mccartney-294x300-1.png\" alt=\"\" width=\"294\" height=\"300\" \/>Seit der Er\u00f6ffnung im Jahr 1996 hat sich das Liverpool Institute for Performing Arts (LIPA) zu einer der weltweit f\u00fchrenden Hochschulen seiner Art entwickelt und bietet ein breites Spektrum hoch angesehener Studieng\u00e4nge. Absolventen haben renommierte Auszeichnungen wie BAFTAs, Grammys und Academy Awards gewonnen und mit Gr\u00f6\u00dfen wie Ed Sheeran, Lady Gaga und Dua Lipa zusammengearbeitet.<\/p>\n<p data-start=\"1853\" data-end=\"2373\">Der Campus selbst blickt auf eine historische Vergangenheit zur\u00fcck. Die Hochschule ist in zwei Geb\u00e4uden untergebracht \u2013 dem fr\u00fcheren Liverpool College of Art (besucht von John Lennon) und dem Institute for Boys (wo George Harrison und Sir Paul McCartney zur Schule gingen). Sir Paul McCartney ist nicht nur F\u00f6rderer des LIPA, sondern spielte auch eine entscheidende Rolle bei seiner Gr\u00fcndung. Trotz dieser Geschichte ist LIPA eine moderne Bildungseinrichtung, die ihren Studierenden die bestm\u00f6gliche Lernumgebung bietet.<\/p>\n<p data-start=\"2375\" data-end=\"3385\">Rund 1200 Studierende aus Gro\u00dfbritannien und aller Welt erwarten zunehmend schnelles WLAN \u2013 wie Ben Faulkner, ICT\u2011Leiter bei LIPA seit fast drei Jahrzehnten, erl\u00e4utert:<br data-start=\"2543\" data-end=\"2546\" \/>\u201eIch erinnere mich noch, als man in die Bibliothek musste, wenn man ins Internet wollte. Heutzutage wollen Studierende und Mitarbeitende ihre Ger\u00e4te \u2013 Smartphones, Tablets, Laptops \u2013 \u00fcberall auf dem Campus nutzen k\u00f6nnen. Wir haben etwa 700 Ger\u00e4te gleichzeitig per WLAN verbunden.\u201c Au\u00dferdem st\u00fctzen sich zahlreiche Anwendungen auf WLAN \u2013 darunter separate VLANs f\u00fcr Theaterproduktion und Audiosysteme (einschlie\u00dflich eines besonders f\u00fcr h\u00f6rbehinderte Personen), Lichtsteuerung, IoT\u2011Ger\u00e4te wie CCTV, Gegensprechanlagen und Zugangskontrollen sowie das IP\u2011Telefoniesystem der Hochschule. Ben erkl\u00e4rt weiter:<br data-start=\"3149\" data-end=\"3152\" \/>\u201eUnsere WLAN\u2011Infrastruktur erm\u00f6glicht es, mobil verbunden zu bleiben. Mitarbeitende k\u00f6nnen internationale Anrufe mit unserer softwarebasierten Telefoniel\u00f6sung t\u00e4tigen, als s\u00e4\u00dfen sie am Schreibtisch und benutzen ein normales Telefon.\u201c<\/p>\n    <\/div>\n        <div id=\"topic4\" class=\"skip-item\">\n                        <h2>AKT 1<\/h2>\n                <p data-start=\"3392\" data-end=\"3829\"><em>\u201eWir hatten bereits eine WLAN\u2011L\u00f6sung im Einsatz, die \u00fcber Jahre hervorragende Dienste geleistet hat, aber dem Lebenszyklusende entgegenstrebte.\u201c<\/em> Zudem wollte LIPA auf den neueren WiFi\u20116\u2011Standard umsteigen \u2013 mit h\u00f6herer Bandbreite und gr\u00f6\u00dferer Kapazit\u00e4t \u2013 um eine zukunftssichere und skalierbare L\u00f6sung f\u00fcr zunehmend viele Ger\u00e4te und Anwendungen zu gew\u00e4hrleisten, die gleichzeitig ohne Qualit\u00e4tseinbu\u00dfen verbunden sein m\u00fcssen.<\/p>\n<p data-start=\"3831\" data-end=\"4158\">Doch es ging nicht nur um die Beschaffung eines neuen Systems: Das Design musste sorgf\u00e4ltig geplant werden. Da LIPA \u00fcber zwei Geb\u00e4ude mit sechs Stockwerken verteilt ist, musste die neue WLAN\u2011L\u00f6sung sicherstellen, dass \u201eNutzer nahtlos WLAN\u2011Abdeckung beim Wechsel zwischen verschiedenen Bereichen des Campus erleben\u201c, betont Ben.<\/p>\n<p data-start=\"4160\" data-end=\"4444\">Die Installation stellte besondere Anforderungen. WLAN\u2011Access\u2011Points sollten unauff\u00e4llig an der Decke montiert werden, doch LIPAs Decken sind oft ungew\u00f6hnlich hoch. Zudem sind einige Bereiche der Geb\u00e4ude denkmalgesch\u00fctzt, was rechtliche Einschr\u00e4nkungen bei \u00c4nderungen mit sich bringt.<\/p>\n<p data-start=\"4446\" data-end=\"4713\">Ben wollte zudem St\u00f6rungen f\u00fcr Studierende und Mitarbeitende minimieren:<br data-start=\"4518\" data-end=\"4521\" \/><em>\u201eDa der Zugang 24\/7 m\u00f6glich ist und R\u00e4ume nahezu durchgehend \u2013 auch au\u00dferhalb der \u00fcblichen Gesch\u00e4ftszeiten \u2013 genutzt werden, mussten wir ruhigere Zeiten f\u00fcr die Netzwerkbereitstellung w\u00e4hlen.\u201c<\/em><\/p>\n    <\/div>\n        <div id=\"topic5\" class=\"skip-item\">\n                        <h2>VORHANG AUF<\/h2>\n                <p>Um all diese Anforderungen zu erf\u00fcllen, wandte sich Ben an den langj\u00e4hrigen IT\u2011 und Kommunikationslieferanten Gardner Systems. Das Unternehmen, das seit 1985 besteht, bietet umfassende Technologiel\u00f6sungen \u2013 von Vernetzung \u00fcber Cloud, Sicherheit, Infrastruktur bis hin zu Datenservices.<\/p>\n<p>Ben:<br \/>\n\u201eWir arbeiten seit den sp\u00e4ten 90ern mit Gardner Systems zusammen. Sie sind ein tolles Team, immer mit L\u00f6sungen. Sie empfahlen uns die NETGEAR Total Network Solution.\u201c<\/p>\n<p>Jason Fitzgerald, COO bei Gardner Systems, erkl\u00e4rt:<br \/>\n\u201eOb kabelgebunden oder drahtlos \u2013 NETGEAR\u2011Ger\u00e4te sind robust, leistungsf\u00e4hig und preislich attraktiv. Hinzu kommt Insight, das cloudbasierte Netzwerkmanagementportal von NETGEAR, das Installation, Monitoring und Wartung vereinfacht \u2013 das \u00fcberzeugte uns.\u201c<\/p>\n<p>Der erste Schritt war eine Standortanalyse durch NETGEAR und Gardner Systems:<br \/>\n\u201eDieser kostenlose Service f\u00fcr NETGEAR\u2011Business\u2011Kunden hilft dabei, die optimalen Pl\u00e4tze f\u00fcr Access\u2011Points zu finden und Bereiche mit Funkbarrieren zu identifizieren.\u201c So entstand ein detaillierter WLAN\u2011Plan f\u00fcr den gesamten Campus \u2013 mit Ger\u00e4teempfehlungen und \u00fcber 150 NETGEAR\u2011Access\u2011Points.<\/p>\n    <\/div>\n        <div id=\"topic6\" class=\"skip-item\">\n                        <h2>DAS FINALE<\/h2>\n                <p><img loading=\"lazy\" decoding=\"async\" class=\"size-full wp-image-10539 alignleft\" src=\"https:\/\/dehub.netgear.com\/de\/hub\/wp-content\/uploads\/2025\/09\/management-ma-v2-2024-1024x384-1-300x113-1.jpg\" alt=\"\" width=\"300\" height=\"113\" \/>Die Installation erfolgte schrittweise zwischen der zweiten Jahresh\u00e4lfte 2023 und Anfang 2024 durch LIPAs eigenes Bauteam mit Unterst\u00fctzung von Gardner Systems. Letztere beschleunigten den Prozess und minimierten St\u00f6rungen, indem sie die NETGEAR\u2011Access\u2011Points vorkonfigurierten. Jason Fitzgerald erkl\u00e4rt:<br \/>\n\u201eDank Insight konnten wir per App drei Access Points mit einer Standardrichtlinie versorgen, die sich automatisch auf alle Ger\u00e4te \u00fcbertr\u00e4gt. Eine manuelle Konfiguration vor Ort war nicht n\u00f6tig.\u201c<\/p>\n<p>Insight erleichtert auch k\u00fcnftiges Management, Anpassung und Fehlerbehebung. Jason:<br \/>\n\u201eTransparenz ist entscheidend bei einem Netzwerk dieser Gr\u00f6\u00dfe. Insight bietet diese \u2013 auch aus der Ferne. Das ist sehr kraftvoll und zukunftsweisend.\u201c<\/p>\n<p>Und das Ergebnis? Laut Ben war der \u00dcbergang reibungslos:<br \/>\n\u201eAbgesehen von einigen R\u00fcckmeldungen, dass Verbindungen schneller aufgebaut w\u00fcrden und Downloads schneller gehen, gab es kaum Feedback. Das ist ein gutes Zeichen \u2013 es funktioniert gut.\u201c<\/p>\n<p>All das zeugt von der gro\u00dfartigen Arbeit des ICT- und Facility-Teams von LIPA, der Beratung durch Gardner Systems und der NETGEAR Total Network Solution. Gemeinsam erm\u00f6glichen sie ein WLAN\u2011Netz, das eine darstellerreife Performance liefert \u2013 eine Vorstellung, die begeisterte Kritiken verdient.<\/p>\n<p><strong>Ger\u00e4teliste:<\/strong><\/p>\n<p>150 NETGEAR WAX630 \u2013 Wireless Access Points<\/p>\n<p>NETGEAR Insight \u2013 Cloud\u2011Management\u2011Portal<\/p>\n    <\/div>\n        <div id=\"topic7\" class=\"skip-item\">\n                        <p><iframe loading=\"lazy\" src=\"https:\/\/405nrr.share-na2.hsforms.com\/25w_D-U5iS-e5KaSaP86jnQ\" width=\"100%\" height=\"1200px\"><\/iframe><\/p>\n    <\/div>\n    <\/p>\n","protected":false},"excerpt":{"rendered":"<p>Ein neues WLAN\u2011Netzwerk stellt sicher, dass die Show weitergeht<\/p>\n","protected":false},"author":94,"featured_media":10536,"parent":10318,"menu_order":2,"comment_status":"closed","ping_status":"closed","template":"templates\/blog-wifi.php","meta":{"_acf_changed":false,"footnotes":""},"class_list":["post-10534","page","type-page","status-publish","has-post-thumbnail","hentry"],"acf":[],"yoast_head":"<!-- This site is optimized with the Yoast SEO plugin v27.5 - https:\/\/yoast.com\/product\/yoast-seo-wordpress\/ -->\n<title>LIPAs neues WLAN\u2011System liefert eine gro\u00dfartige Vorstellung - NETGEAR Hub<\/title>\n<meta name=\"description\" content=\"Hervorragende Netzwerkqualit\u00e4t in den Filialen eines gro\u00dfen franz\u00f6sischen Einzelh\u00e4ndlers\" \/>\n<meta name=\"robots\" content=\"index, follow, max-snippet:-1, max-image-preview:large, max-video-preview:-1\" \/>\n<link rel=\"canonical\" href=\"https:\/\/dehub.netgear.com\/de\/hub\/business\/case-studies\/it-case-studies\/lipa-wifi-upgrade-netgear-gardner-systems\/\" \/>\n<meta property=\"og:locale\" content=\"de_DE\" \/>\n<meta property=\"og:type\" content=\"article\" \/>\n<meta property=\"og:title\" content=\"LIPAs neues WLAN\u2011System liefert eine gro\u00dfartige Vorstellung - NETGEAR Hub\" \/>\n<meta property=\"og:description\" content=\"Hervorragende Netzwerkqualit\u00e4t in den Filialen eines gro\u00dfen franz\u00f6sischen Einzelh\u00e4ndlers\" \/>\n<meta property=\"og:url\" content=\"https:\/\/dehub.netgear.com\/de\/hub\/business\/case-studies\/it-case-studies\/lipa-wifi-upgrade-netgear-gardner-systems\/\" \/>\n<meta property=\"og:site_name\" content=\"NETGEAR Hub\" \/>\n<meta property=\"article:publisher\" content=\"https:\/\/www.facebook.com\/NetgearAU\/\" \/>\n<meta property=\"article:modified_time\" content=\"2025-11-25T19:15:21+00:00\" \/>\n<meta property=\"og:image\" content=\"https:\/\/dehub.netgear.com\/de\/hub\/wp-content\/uploads\/2025\/09\/Vignette-lipa-wifi-upgrade-netgear-gardner-systems.jpg\" \/>\n\t<meta property=\"og:image:width\" content=\"383\" \/>\n\t<meta property=\"og:image:height\" content=\"288\" \/>\n\t<meta property=\"og:image:type\" content=\"image\/jpeg\" \/>\n<meta name=\"twitter:card\" content=\"summary_large_image\" \/>\n<meta name=\"twitter:site\" content=\"@NETGEAR\" \/>\n<script type=\"application\/ld+json\" class=\"yoast-schema-graph\">{\"@context\":\"https:\\\/\\\/schema.org\",\"@graph\":[{\"@type\":\"WebPage\",\"@id\":\"https:\\\/\\\/dehub.netgear.com\\\/de\\\/hub\\\/business\\\/case-studies\\\/it-case-studies\\\/lipa-wifi-upgrade-netgear-gardner-systems\\\/\",\"url\":\"https:\\\/\\\/dehub.netgear.com\\\/de\\\/hub\\\/business\\\/case-studies\\\/it-case-studies\\\/lipa-wifi-upgrade-netgear-gardner-systems\\\/\",\"name\":\"LIPAs neues WLAN\u2011System liefert eine gro\u00dfartige Vorstellung - NETGEAR Hub\",\"isPartOf\":{\"@id\":\"https:\\\/\\\/dehub.netgear.com\\\/de\\\/hub\\\/#website\"},\"primaryImageOfPage\":{\"@id\":\"https:\\\/\\\/dehub.netgear.com\\\/de\\\/hub\\\/business\\\/case-studies\\\/it-case-studies\\\/lipa-wifi-upgrade-netgear-gardner-systems\\\/#primaryimage\"},\"image\":{\"@id\":\"https:\\\/\\\/dehub.netgear.com\\\/de\\\/hub\\\/business\\\/case-studies\\\/it-case-studies\\\/lipa-wifi-upgrade-netgear-gardner-systems\\\/#primaryimage\"},\"thumbnailUrl\":\"https:\\\/\\\/dehub.netgear.com\\\/de\\\/hub\\\/wp-content\\\/uploads\\\/2025\\\/09\\\/Vignette-lipa-wifi-upgrade-netgear-gardner-systems.jpg\",\"datePublished\":\"2025-09-08T14:00:54+00:00\",\"dateModified\":\"2025-11-25T19:15:21+00:00\",\"description\":\"Hervorragende Netzwerkqualit\u00e4t in den Filialen eines gro\u00dfen franz\u00f6sischen Einzelh\u00e4ndlers\",\"breadcrumb\":{\"@id\":\"https:\\\/\\\/dehub.netgear.com\\\/de\\\/hub\\\/business\\\/case-studies\\\/it-case-studies\\\/lipa-wifi-upgrade-netgear-gardner-systems\\\/#breadcrumb\"},\"inLanguage\":\"de\",\"potentialAction\":[{\"@type\":\"ReadAction\",\"target\":[\"https:\\\/\\\/dehub.netgear.com\\\/de\\\/hub\\\/business\\\/case-studies\\\/it-case-studies\\\/lipa-wifi-upgrade-netgear-gardner-systems\\\/\"]}]},{\"@type\":\"ImageObject\",\"inLanguage\":\"de\",\"@id\":\"https:\\\/\\\/dehub.netgear.com\\\/de\\\/hub\\\/business\\\/case-studies\\\/it-case-studies\\\/lipa-wifi-upgrade-netgear-gardner-systems\\\/#primaryimage\",\"url\":\"https:\\\/\\\/dehub.netgear.com\\\/de\\\/hub\\\/wp-content\\\/uploads\\\/2025\\\/09\\\/Vignette-lipa-wifi-upgrade-netgear-gardner-systems.jpg\",\"contentUrl\":\"https:\\\/\\\/dehub.netgear.com\\\/de\\\/hub\\\/wp-content\\\/uploads\\\/2025\\\/09\\\/Vignette-lipa-wifi-upgrade-netgear-gardner-systems.jpg\",\"width\":383,\"height\":288},{\"@type\":\"BreadcrumbList\",\"@id\":\"https:\\\/\\\/dehub.netgear.com\\\/de\\\/hub\\\/business\\\/case-studies\\\/it-case-studies\\\/lipa-wifi-upgrade-netgear-gardner-systems\\\/#breadcrumb\",\"itemListElement\":[{\"@type\":\"ListItem\",\"position\":1,\"name\":\"Home\",\"item\":\"https:\\\/\\\/dehub.netgear.com\\\/de\\\/hub\\\/\"},{\"@type\":\"ListItem\",\"position\":2,\"name\":\"Business Articles Hub\",\"item\":\"https:\\\/\\\/dehub.netgear.com\\\/de\\\/hub\\\/business\\\/\"},{\"@type\":\"ListItem\",\"position\":3,\"name\":\"All Case Studies &#8211; DE\",\"item\":\"https:\\\/\\\/dehub.netgear.com\\\/de\\\/hub\\\/business\\\/case-studies\\\/\"},{\"@type\":\"ListItem\",\"position\":4,\"name\":\"IT-Fallstudien\",\"item\":\"https:\\\/\\\/dehub.netgear.com\\\/de\\\/hub\\\/business\\\/case-studies\\\/it-case-studies\\\/\"},{\"@type\":\"ListItem\",\"position\":5,\"name\":\"LIPAs neues WLAN\u2011System liefert eine gro\u00dfartige Vorstellung\"}]},{\"@type\":\"WebSite\",\"@id\":\"https:\\\/\\\/dehub.netgear.com\\\/de\\\/hub\\\/#website\",\"url\":\"https:\\\/\\\/dehub.netgear.com\\\/de\\\/hub\\\/\",\"name\":\"NETGEAR\",\"description\":\"Erkunden Sie unsere Hub-Seiten und st\u00f6bern Sie in Artikeln, um mehr \u00fcber NETGEAR Produkte und Technologien zu erfahren.\",\"publisher\":{\"@id\":\"https:\\\/\\\/dehub.netgear.com\\\/de\\\/hub\\\/#organization\"},\"potentialAction\":[{\"@type\":\"SearchAction\",\"target\":{\"@type\":\"EntryPoint\",\"urlTemplate\":\"https:\\\/\\\/dehub.netgear.com\\\/de\\\/hub\\\/?s={search_term_string}\"},\"query-input\":{\"@type\":\"PropertyValueSpecification\",\"valueRequired\":true,\"valueName\":\"search_term_string\"}}],\"inLanguage\":\"de\"},{\"@type\":\"Organization\",\"@id\":\"https:\\\/\\\/dehub.netgear.com\\\/de\\\/hub\\\/#organization\",\"name\":\"NETGEAR\",\"url\":\"https:\\\/\\\/dehub.netgear.com\\\/de\\\/hub\\\/\",\"logo\":{\"@type\":\"ImageObject\",\"inLanguage\":\"de\",\"@id\":\"https:\\\/\\\/dehub.netgear.com\\\/de\\\/hub\\\/#\\\/schema\\\/logo\\\/image\\\/\",\"url\":\"https:\\\/\\\/www.dehub.netgear.com\\\/de\\\/hub\\\/wp-content\\\/uploads\\\/2019\\\/07\\\/NETGEAR_logo.jpg\",\"contentUrl\":\"https:\\\/\\\/www.dehub.netgear.com\\\/de\\\/hub\\\/wp-content\\\/uploads\\\/2019\\\/07\\\/NETGEAR_logo.jpg\",\"width\":1500,\"height\":501,\"caption\":\"NETGEAR\"},\"image\":{\"@id\":\"https:\\\/\\\/dehub.netgear.com\\\/de\\\/hub\\\/#\\\/schema\\\/logo\\\/image\\\/\"},\"sameAs\":[\"https:\\\/\\\/www.facebook.com\\\/NetgearAU\\\/\",\"https:\\\/\\\/x.com\\\/NETGEAR\",\"https:\\\/\\\/www.linkedin.com\\\/company\\\/netgear\"]}]}<\/script>\n<!-- \/ Yoast SEO plugin. -->","yoast_head_json":{"title":"LIPAs neues WLAN\u2011System liefert eine gro\u00dfartige Vorstellung - NETGEAR Hub","description":"Hervorragende Netzwerkqualit\u00e4t in den Filialen eines gro\u00dfen franz\u00f6sischen Einzelh\u00e4ndlers","robots":{"index":"index","follow":"follow","max-snippet":"max-snippet:-1","max-image-preview":"max-image-preview:large","max-video-preview":"max-video-preview:-1"},"canonical":"https:\/\/dehub.netgear.com\/de\/hub\/business\/case-studies\/it-case-studies\/lipa-wifi-upgrade-netgear-gardner-systems\/","og_locale":"de_DE","og_type":"article","og_title":"LIPAs neues WLAN\u2011System liefert eine gro\u00dfartige Vorstellung - NETGEAR Hub","og_description":"Hervorragende Netzwerkqualit\u00e4t in den Filialen eines gro\u00dfen franz\u00f6sischen Einzelh\u00e4ndlers","og_url":"https:\/\/dehub.netgear.com\/de\/hub\/business\/case-studies\/it-case-studies\/lipa-wifi-upgrade-netgear-gardner-systems\/","og_site_name":"NETGEAR Hub","article_publisher":"https:\/\/www.facebook.com\/NetgearAU\/","article_modified_time":"2025-11-25T19:15:21+00:00","og_image":[{"width":383,"height":288,"url":"https:\/\/dehub.netgear.com\/de\/hub\/wp-content\/uploads\/2025\/09\/Vignette-lipa-wifi-upgrade-netgear-gardner-systems.jpg","type":"image\/jpeg"}],"twitter_card":"summary_large_image","twitter_site":"@NETGEAR","schema":{"@context":"https:\/\/schema.org","@graph":[{"@type":"WebPage","@id":"https:\/\/dehub.netgear.com\/de\/hub\/business\/case-studies\/it-case-studies\/lipa-wifi-upgrade-netgear-gardner-systems\/","url":"https:\/\/dehub.netgear.com\/de\/hub\/business\/case-studies\/it-case-studies\/lipa-wifi-upgrade-netgear-gardner-systems\/","name":"LIPAs neues WLAN\u2011System liefert eine gro\u00dfartige Vorstellung - NETGEAR Hub","isPartOf":{"@id":"https:\/\/dehub.netgear.com\/de\/hub\/#website"},"primaryImageOfPage":{"@id":"https:\/\/dehub.netgear.com\/de\/hub\/business\/case-studies\/it-case-studies\/lipa-wifi-upgrade-netgear-gardner-systems\/#primaryimage"},"image":{"@id":"https:\/\/dehub.netgear.com\/de\/hub\/business\/case-studies\/it-case-studies\/lipa-wifi-upgrade-netgear-gardner-systems\/#primaryimage"},"thumbnailUrl":"https:\/\/dehub.netgear.com\/de\/hub\/wp-content\/uploads\/2025\/09\/Vignette-lipa-wifi-upgrade-netgear-gardner-systems.jpg","datePublished":"2025-09-08T14:00:54+00:00","dateModified":"2025-11-25T19:15:21+00:00","description":"Hervorragende Netzwerkqualit\u00e4t in den Filialen eines gro\u00dfen franz\u00f6sischen Einzelh\u00e4ndlers","breadcrumb":{"@id":"https:\/\/dehub.netgear.com\/de\/hub\/business\/case-studies\/it-case-studies\/lipa-wifi-upgrade-netgear-gardner-systems\/#breadcrumb"},"inLanguage":"de","potentialAction":[{"@type":"ReadAction","target":["https:\/\/dehub.netgear.com\/de\/hub\/business\/case-studies\/it-case-studies\/lipa-wifi-upgrade-netgear-gardner-systems\/"]}]},{"@type":"ImageObject","inLanguage":"de","@id":"https:\/\/dehub.netgear.com\/de\/hub\/business\/case-studies\/it-case-studies\/lipa-wifi-upgrade-netgear-gardner-systems\/#primaryimage","url":"https:\/\/dehub.netgear.com\/de\/hub\/wp-content\/uploads\/2025\/09\/Vignette-lipa-wifi-upgrade-netgear-gardner-systems.jpg","contentUrl":"https:\/\/dehub.netgear.com\/de\/hub\/wp-content\/uploads\/2025\/09\/Vignette-lipa-wifi-upgrade-netgear-gardner-systems.jpg","width":383,"height":288},{"@type":"BreadcrumbList","@id":"https:\/\/dehub.netgear.com\/de\/hub\/business\/case-studies\/it-case-studies\/lipa-wifi-upgrade-netgear-gardner-systems\/#breadcrumb","itemListElement":[{"@type":"ListItem","position":1,"name":"Home","item":"https:\/\/dehub.netgear.com\/de\/hub\/"},{"@type":"ListItem","position":2,"name":"Business Articles Hub","item":"https:\/\/dehub.netgear.com\/de\/hub\/business\/"},{"@type":"ListItem","position":3,"name":"All Case Studies &#8211; DE","item":"https:\/\/dehub.netgear.com\/de\/hub\/business\/case-studies\/"},{"@type":"ListItem","position":4,"name":"IT-Fallstudien","item":"https:\/\/dehub.netgear.com\/de\/hub\/business\/case-studies\/it-case-studies\/"},{"@type":"ListItem","position":5,"name":"LIPAs neues WLAN\u2011System liefert eine gro\u00dfartige Vorstellung"}]},{"@type":"WebSite","@id":"https:\/\/dehub.netgear.com\/de\/hub\/#website","url":"https:\/\/dehub.netgear.com\/de\/hub\/","name":"NETGEAR","description":"Erkunden Sie unsere Hub-Seiten und st\u00f6bern Sie in Artikeln, um mehr \u00fcber NETGEAR Produkte und Technologien zu erfahren.","publisher":{"@id":"https:\/\/dehub.netgear.com\/de\/hub\/#organization"},"potentialAction":[{"@type":"SearchAction","target":{"@type":"EntryPoint","urlTemplate":"https:\/\/dehub.netgear.com\/de\/hub\/?s={search_term_string}"},"query-input":{"@type":"PropertyValueSpecification","valueRequired":true,"valueName":"search_term_string"}}],"inLanguage":"de"},{"@type":"Organization","@id":"https:\/\/dehub.netgear.com\/de\/hub\/#organization","name":"NETGEAR","url":"https:\/\/dehub.netgear.com\/de\/hub\/","logo":{"@type":"ImageObject","inLanguage":"de","@id":"https:\/\/dehub.netgear.com\/de\/hub\/#\/schema\/logo\/image\/","url":"https:\/\/www.dehub.netgear.com\/de\/hub\/wp-content\/uploads\/2019\/07\/NETGEAR_logo.jpg","contentUrl":"https:\/\/www.dehub.netgear.com\/de\/hub\/wp-content\/uploads\/2019\/07\/NETGEAR_logo.jpg","width":1500,"height":501,"caption":"NETGEAR"},"image":{"@id":"https:\/\/dehub.netgear.com\/de\/hub\/#\/schema\/logo\/image\/"},"sameAs":["https:\/\/www.facebook.com\/NetgearAU\/","https:\/\/x.com\/NETGEAR","https:\/\/www.linkedin.com\/company\/netgear"]}]}},"_links":{"self":[{"href":"https:\/\/dehub.netgear.com\/de\/hub\/wp-json\/wp\/v2\/pages\/10534","targetHints":{"allow":["GET"]}}],"collection":[{"href":"https:\/\/dehub.netgear.com\/de\/hub\/wp-json\/wp\/v2\/pages"}],"about":[{"href":"https:\/\/dehub.netgear.com\/de\/hub\/wp-json\/wp\/v2\/types\/page"}],"author":[{"embeddable":true,"href":"https:\/\/dehub.netgear.com\/de\/hub\/wp-json\/wp\/v2\/users\/94"}],"replies":[{"embeddable":true,"href":"https:\/\/dehub.netgear.com\/de\/hub\/wp-json\/wp\/v2\/comments?post=10534"}],"version-history":[{"count":18,"href":"https:\/\/dehub.netgear.com\/de\/hub\/wp-json\/wp\/v2\/pages\/10534\/revisions"}],"predecessor-version":[{"id":10567,"href":"https:\/\/dehub.netgear.com\/de\/hub\/wp-json\/wp\/v2\/pages\/10534\/revisions\/10567"}],"up":[{"embeddable":true,"href":"https:\/\/dehub.netgear.com\/de\/hub\/wp-json\/wp\/v2\/pages\/10318"}],"wp:featuredmedia":[{"embeddable":true,"href":"https:\/\/dehub.netgear.com\/de\/hub\/wp-json\/wp\/v2\/media\/10536"}],"wp:attachment":[{"href":"https:\/\/dehub.netgear.com\/de\/hub\/wp-json\/wp\/v2\/media?parent=10534"}],"curies":[{"name":"wp","href":"https:\/\/api.w.org\/{rel}","templated":true}]}}