{"id":10479,"date":"2025-09-04T12:06:53","date_gmt":"2025-09-04T10:06:53","guid":{"rendered":"https:\/\/dehub.netgear.com\/de\/hub\/business\/netgear-insight-for-smb-and-mb-2\/"},"modified":"2025-09-04T15:08:03","modified_gmt":"2025-09-04T13:08:03","slug":"extraordinary-experiences","status":"publish","type":"page","link":"https:\/\/dehub.netgear.com\/de\/hub\/business\/extraordinary-experiences\/","title":{"rendered":"NETGEAR Enterprise: Au\u00dfergew\u00f6hnliche Erlebnisse f\u00fcr eine neue \u00c4ra der Konnektivit\u00e4t"},"content":{"rendered":"<p>In der heutigen digital gepr\u00e4gten Welt ist Konnektivit\u00e4t l\u00e4ngst kein Luxus mehr \u2013 sie bildet die Grundlage f\u00fcr Gesch\u00e4ftskontinuit\u00e4t, Wachstum und Innovation. W\u00e4hrend gro\u00dfe Unternehmen traditionell Zugang zu ausgekl\u00fcgelten, wenn auch komplexen Netzwerkl\u00f6sungen hatten, mussten kleine und mittelst\u00e4ndische Unternehmen (KMU) oft zwischen \u00fcberdimensionierten Systemen oder fragilen und fragmentierten Alternativen w\u00e4hlen. NETGEAR ver\u00e4ndert dieses Bild grundlegend, indem es Unternehmensnetzwerke mutig neu denkt \u2013 einfach, vertrauensw\u00fcrdig, erschwinglich und zuverl\u00e4ssig. Das ist nicht nur eine Produktentwicklung, sondern eine kulturelle und strategische Neuausrichtung.<\/p>\n    <div class=\"table-of-content bg-gray\">\n        <p><strong>IN THIS ARTICLE<\/strong><\/p>\n        <ul>\n                        <li><a href=\"#topic1\">Eine zweckorientierte Vision: Warum NETGEAR existiert<\/a><\/li>\n                        <li><a href=\"#topic2\">Die Realit\u00e4t von KMU: Komplexit\u00e4t ohne Ressourcen<\/a><\/li>\n                        <li><a href=\"#topic3\">Das ganzheitliche KMU-Angebot: S.T.A.R. Einfachheit<\/a><\/li>\n                        <li><a href=\"#topic4\">Mutige Schritte: Strategische Akquisitionen als Innovationsmotor<\/a><\/li>\n                        <li><a href=\"#topic5\">Entwickelt f\u00fcr AV- und IT-Harmonie<\/a><\/li>\n                        <li><a href=\"#topic6\">Erfolgsgeschichten: Reale Ergebnisse, echter Einfluss<\/a><\/li>\n                        <li><a href=\"#topic7\">Partner-First-Ansatz<\/a><\/li>\n                        <li><a href=\"#topic8\">Was kommt als N\u00e4chstes: Marken- und Marketing-Transformation<\/a><\/li>\n                        <li><a href=\"#topic9\">Fazit: Die passende Revolution<\/a><\/li>\n                    <\/ul>\n    <\/div>\n        <div id=\"topic1\" class=\"skip-item\">\n                        <h2>Eine zweckorientierte Vision: Warum NETGEAR existiert<\/h2>\n                <p>Der Zweck von NETGEAR ist klar und kraftvoll: au\u00dfergew\u00f6hnliche Erlebnisse zu erm\u00f6glichen.<\/p>\n<p>Diese Mission zieht sich durch alle Bereiche des Unternehmens \u2013 vom Produktdesign bis zum Kundensupport. Im Kern der NETGEAR-DNA stehen vier Grundwerte: \u201eDare to Transform\u201c (Wagen, sich zu ver\u00e4ndern), \u201eConnect and Delight\u201c (Verbinden und begeistern), \u201eCommunicate Courageously\u201c (mutig kommunizieren) und \u201eWin It Together\u201c (gemeinsam gewinnen). Diese Werte spiegeln das Bekenntnis zu mutiger Innovation, kundenorientiertem Design, furchtloser Kommunikation und gemeinsamer Teamarbeit wider.<\/p>\n<p>Transformation ist nicht einfach \u2013 sie erfordert Mut. NETGEAR stellt sich dieser Herausforderung mit Klarheit, Geschwindigkeit und dem Fokus darauf, nahtlose, sichere und intelligente Netzwerkl\u00f6sungen bereitzustellen, die speziell auf die Realit\u00e4t von KMU und deren Partnern zugeschnitten sind.<\/p>\n    <\/div>\n        <div id=\"topic2\" class=\"skip-item\">\n                        <h2>Die Realit\u00e4t von KMU: Komplexit\u00e4t ohne Ressourcen<\/h2>\n                <p>Moderne kleine und mittelst\u00e4ndische Unternehmen (KMU) befinden sich in einer prek\u00e4ren Lage. Ihr Gesch\u00e4ft h\u00e4ngt von Konnektivit\u00e4t und Sicherheit ab, doch h\u00e4ufig fehlen ihnen die umfangreichen IT-Ressourcen gro\u00dfer Unternehmen. Noch problematischer: KMU sind heute ein Hauptziel f\u00fcr Cyberangriffe, wobei 60 % der betroffenen kleinen Unternehmen innerhalb von sechs Monaten nach einem Angriff schlie\u00dfen m\u00fcssen. Sie sind zunehmend auf Managed Service Provider (MSPs) angewiesen, die selbst oft \u00fcberlastet sind. Traditionelle Enterprise-L\u00f6sungen sind h\u00e4ufig \u00fcberladen mit unn\u00f6tiger Komplexit\u00e4t, w\u00e4hrend kleinere Alternativen an Leistung, Zuverl\u00e4ssigkeit und Skalierbarkeit mangeln, um mit den sich entwickelnden Gesch\u00e4ftsanforderungen Schritt zu halten.<\/p>\n<p>Gefangen zwischen zu gro\u00dfen oder zu risikoreichen Werkzeugen brauchen KMU etwas anderes \u2013 und hier kommt NETGEAR ins Spiel.<\/p>\n    <\/div>\n        <div id=\"topic3\" class=\"skip-item\">\n                        <h2>Das ganzheitliche KMU-Angebot: S.T.A.R. Einfachheit<\/h2>\n                <p data-start=\"2169\" data-end=\"2626\">NETGEARs ganzheitliches KMU-Angebot markiert einen grundlegenden Wandel, der die tats\u00e4chlichen Bed\u00fcrfnisse moderner Unternehmen adressiert. Das STAR-Modell \u2013 Simple (einfach), Trustworthy (vertrauensw\u00fcrdig), Affordable (erschwinglich) und Reliable (zuverl\u00e4ssig) \u2013 steht im Zentrum dieser Transformation. Diese Begriffe sind mehr als nur Schlagworte. Sie repr\u00e4sentieren ein umfassendes \u00d6kosystem an F\u00e4higkeiten, die auf den Erfolg von KMU zugeschnitten sind:<\/p>\n<ul data-start=\"2628\" data-end=\"2974\">\n<li data-start=\"2628\" data-end=\"2728\">\n<p data-start=\"2630\" data-end=\"2728\">Hochwertiger, KI-gest\u00fctzter Support, der wie ein digitaler IT-Ingenieur im Produkt integriert ist.<\/p>\n<\/li>\n<li data-start=\"2729\" data-end=\"2835\">\n<p data-start=\"2731\" data-end=\"2835\">Professionelle Services und AV-Expertise f\u00fcr nahtlose Integration von Audio-Visuellen und IT-Netzwerken.<\/p>\n<\/li>\n<li data-start=\"2836\" data-end=\"2974\">\n<p data-start=\"2838\" data-end=\"2974\">Vereinfachte Lizenzierung und Preisgestaltung, die Enterprise-L\u00f6sungen ohne Kompromisse bei Integrit\u00e4t und Sicherheit zug\u00e4nglich machen.<\/p>\n<\/li>\n<\/ul>\n<p data-start=\"2976\" data-end=\"3137\">Von Plug-and-Play-AV-Netzwerken bis hin zu Enterprise-WLAN und Switching bietet NETGEAR ein End-to-End-Portfolio, das perfekt auf KMU-Bed\u00fcrfnisse abgestimmt ist.<\/p>\n    <\/div>\n        <div id=\"topic4\" class=\"skip-item\">\n                        <h2>Mutige Schritte: Strategische Akquisitionen als Innovationsmotor<\/h2>\n                <p data-start=\"3214\" data-end=\"3464\">NETGEARs Transformation wird nicht nur durch eine klare Mission, sondern auch durch strategische Entscheidungen vorangetrieben, die erstklassige Talente und F\u00e4higkeiten ins Unternehmen holen. Zwei wichtige Akquisitionen unterstreichen diesen Schwung:<\/p>\n<ul data-start=\"3466\" data-end=\"4182\">\n<li data-start=\"3466\" data-end=\"3778\">\n<p data-start=\"3468\" data-end=\"3778\"><strong data-start=\"3468\" data-end=\"3476\">VAAG<\/strong>: Diese \u00dcbernahme brachte NETGEAR Elite-Talente aus den Bereichen Software und KI-Engineering von Unternehmen wie Qualcomm, Cisco und MaxLinear. Mit 40 eingestellten Ingenieuren, die bis Jahresende verdoppelt werden sollen, treibt NETGEAR KI f\u00fcr Networking auf greifbare, produktgetriebene Weise voran.<\/p>\n<\/li>\n<li data-start=\"3779\" data-end=\"4182\">\n<p data-start=\"3781\" data-end=\"4182\"><strong data-start=\"3781\" data-end=\"3790\">Exium<\/strong>: Ein gro\u00dfer Schritt in die Cybersicherheit. Die SASE-Plattform (Secure Access Service Edge) von Exium bildet nun die Grundlage von NETGEARs Sicherheitsangeboten f\u00fcr KMU. Mit Cloud-basierten Firewalls, Zero-Trust-Zug\u00e4ngen und SD-WAN-Funktionalit\u00e4ten bietet NETGEAR nun umfassenden Schutz f\u00fcr kabelgebundene, drahtlose, IoT- und Video-Ger\u00e4te \u2013 alles in einem einfach zu verwaltenden Framework.<\/p>\n<\/li>\n<\/ul>\n<p data-start=\"4184\" data-end=\"4364\">Diese Integrationen sind keine Theorie. Sicherheit wird direkt in Netzwerkger\u00e4te und Management-Plattformen eingebettet und schafft echte Konvergenz von IT, AV und Cybersicherheit.<\/p>\n    <\/div>\n        <div id=\"topic5\" class=\"skip-item\">\n                        <h2>Entwickelt f\u00fcr AV- und IT-Harmonie<\/h2>\n                <p data-start=\"4411\" data-end=\"4710\">In Branchen wie Live-\u00dcbertragung, Bildung, Gesundheitswesen, Einzelhandel und Corporate AV sind Zuverl\u00e4ssigkeit und Einfachheit unerl\u00e4sslich. Die Pro-AV-L\u00f6sungen von NETGEAR bieten m\u00fcheloses Plug-and-Play-Netzwerken, ma\u00dfgeschneidert f\u00fcr vertikale M\u00e4rkte, in denen jede Sekunde und jedes Pixel z\u00e4hlt.<\/p>\n<p data-start=\"4712\" data-end=\"5084\">Von extrem latenzarmen Setups im Operationssaal bis zu vernetzten AV-L\u00f6sungen f\u00fcr Vorlesungsaufzeichnung und interaktive Klassenzimmer schlie\u00dft NETGEAR die L\u00fccke zwischen AV und IT und eliminiert oft die Notwendigkeit f\u00fcr Vor-Ort-Konfigurationen. Das ist Teil der Vision, die Integration von AV und IT auf einer einheitlichen, KI-gesteuerten Edge-Plattform voranzutreiben.<\/p>\n    <\/div>\n        <div id=\"topic6\" class=\"skip-item\">\n                        <h2>Erfolgsgeschichten: Reale Ergebnisse, echter Einfluss<\/h2>\n                <p>Der Erfolg zeigt sich in der Leistung. Assist Solutions, ein NETGEAR-Kunde aus Japan, integrierte NETGEAR Insight via API innerhalb von nur zwei Tagen \u2013 und konnte so die Kundensupportkapazit\u00e4t bei halbem Personal verdoppeln. Sowohl Sony\u2019s Hawk-Eye Innovations als auch Conference Technologies, Inc. best\u00e4tigen den praktischen Nutzen eines Wechsels zu NETGEAR, wobei letzteres beeindruckende 2,5 Millionen US-Dollar an Arbeitskosten durch die intuitive AV-GUI von NETGEAR einsparen konnte.<\/p>\n<p>Das sind keine blo\u00dfen Fallstudien \u2013 sie best\u00e4tigen ein funktionierendes Modell.<\/p>\n    <\/div>\n        <div id=\"topic7\" class=\"skip-item\">\n                        <h2>Partner-First-Ansatz<\/h2>\n                <p>NETGEAR wei\u00df, dass der Erfolg seiner Partner auch sein Erfolg ist. Das kommende NETGEAR DRIVE-Programm soll Partnerunternehmen unterst\u00fctzen und nicht belasten. Engagiertes Account-Management, einfache Strukturen, VIP-Anreize, Co-Investitionen im MDF und transparente Margen sowie SLAs machen NETGEAR zum idealen Partner f\u00fcr MSPs und Reseller.<\/p>\n<p>Der Support h\u00f6rt hier nicht auf. Premium-Services sind standardm\u00e4\u00dfig enthalten, darunter mehrsprachiger technischer Support, 24\/7-Zugang, Express-Austausch und mehr. Keine komplizierten Vertr\u00e4ge. Keine versteckten Geb\u00fchren. Keine aufgebl\u00e4hten Enterprise-Taktiken aus der Vergangenheit.<\/p>\n    <\/div>\n        <div id=\"topic8\" class=\"skip-item\">\n                        <h2>Was kommt als N\u00e4chstes: Marken- und Marketing-Transformation<\/h2>\n                <p>NETGEAR investiert auch in die Art und Weise, wie es seine Geschichte erz\u00e4hlt. Eine erneuerte visuelle Identit\u00e4t und Messaging-Plattform werden bald eine neue Website, ein Partnerportal und eine L\u00f6sungskommerzialisierungs-Plattform tragen. Der Wandel geht weg vom transaktionalen Marketing hin zu beziehungsorientierten, probleml\u00f6senden Narrativen mit Fokus auf AV over IP und die Realit\u00e4t von KMU.<\/p>\n<p>Durch die St\u00e4rkung der Enterprise-Marke und die Abgrenzung von konsumorientierten Initiativen sch\u00e4rft NETGEAR seinen Fokus und verst\u00e4rkt seine Stimme \u00fcber digitale Kan\u00e4le, soziale Medien, Branchenpublikationen und Influencer-Netzwerke.<\/p>\n    <\/div>\n        <div id=\"topic9\" class=\"skip-item\">\n                        <h2>Fazit: Die passende Revolution<\/h2>\n                <p>NETGEAR versucht nicht, alles f\u00fcr alle zu sein. Es baut f\u00fcr jene, die lange unterversorgt und \u00fcberlastet waren. Mit dem Mut zur Transformation und dem Bekenntnis zur Einfachheit ohne Leistungseinbu\u00dfen definiert NETGEAR neu, wie Unternehmensnetzwerke f\u00fcr KMU, MSPs und die AV-Branche aussehen.<\/p>\n<p>Dies ist mehr als ein Marken-Refresh \u2013 es ist ein mutiges neues Kapitel. Und es beginnt gerade erst.<\/p>\n    <\/div>\n        <div id=\"topic10\" class=\"skip-item\">\n                        <p data-start=\"67\" data-end=\"117\">Mehr Informationen zu unseren Enterprise-Produkten.<\/p>\n<p><a style=\"background-color: #2b3749;border: 0px none #000000;border-radius: 50px;color: #ffffff;font-size: 16px;font-family: Inter,sans-serif;font-style: normal;font-weight: 500;text-decoration: none;width: 100%;padding: 16px 24px 16px 24px\" href=\"https:\/\/www.netgear.com\/de\/business\/\" target=\"_blank\" rel=\"noopener\">NETGEAR BUSINESS-L\u00d6SUNGEN<\/a><\/p>\n<p data-start=\"122\" data-end=\"210\">Erfahren Sie alles \u00fcber IP-Netzwerke in unserer NETGEAR ACADEMY.<\/p>\n<p><a style=\"background-color: #2b3749;border: 0px none #000000;border-radius: 50px;color: #ffffff;font-size: 16px;font-family: Inter,sans-serif;font-style: normal;font-weight: 500;text-decoration: none;width: 100%;padding: 16px 24px 16px 24px\" href=\"https:\/\/academy.netgear.com\/course\/index.php?categoryid=2&amp;hsCtaAttrib=211825855224\" target=\"_blank\" rel=\"noopener\">NETGEAR ACADEMY<\/a><\/p>\n<p data-start=\"215\" data-end=\"296\">Unsere Ingenieure unterst\u00fctzen Sie kostenlos bei der Umsetzung Ihrer Projekte.<\/p>\n<p><a style=\"background-color: #2b3749;border: 0px none #000000;border-radius: 50px;color: #ffffff;font-size: 16px;font-family: Inter,sans-serif;font-style: normal;font-weight: 500;text-decoration: none;width: 100%;padding: 16px 24px 16px 24px\" href=\"https:\/\/www.netgear.com\/de\/business\/av\/services\/prowifi-designsupport\/?hsCtaAttrib=211833679597\" target=\"_blank\" rel=\"noopener\">KONTAKTIEREN SIE DAS PRO-IT-DESIGN-TEAM<\/a><\/p>\n    <\/div>\n        <div id=\"topic11\" class=\"skip-item\">\n                        <p><iframe loading=\"lazy\" src=\"https:\/\/405nrr.share-na2.hsforms.com\/25w_D-U5iS-e5KaSaP86jnQ\" width=\"100%\" height=\"1200px\"><\/iframe><\/p>\n    <\/div>\n    \n","protected":false},"excerpt":{"rendered":"<p>In der heutigen digital gepr\u00e4gten Welt ist Konnektivit\u00e4t l\u00e4ngst kein Luxus mehr \u2013 sie bildet die Grundlage f\u00fcr Gesch\u00e4ftskontinuit\u00e4t, Wachstum und Innovation. W\u00e4hrend gro\u00dfe Unternehmen traditionell Zugang zu ausgekl\u00fcgelten, wenn auch komplexen Netzwerkl\u00f6sungen hatten, mussten kleine und mittelst\u00e4ndische Unternehmen (KMU) oft zwischen \u00fcberdimensionierten Systemen oder fragilen und fragmentierten Alternativen w\u00e4hlen. NETGEAR ver\u00e4ndert dieses Bild grundlegend, [&hellip;]<\/p>\n","protected":false},"author":90,"featured_media":10482,"parent":6716,"menu_order":1,"comment_status":"closed","ping_status":"closed","template":"templates\/press-room-single.php","meta":{"_acf_changed":false,"footnotes":""},"class_list":["post-10479","page","type-page","status-publish","has-post-thumbnail","hentry"],"acf":[],"yoast_head":"<!-- This site is optimized with the Yoast SEO plugin v27.5 - https:\/\/yoast.com\/product\/yoast-seo-wordpress\/ -->\n<title>NETGEAR Enterprise: Au\u00dfergew\u00f6hnliche Erlebnisse f\u00fcr eine neue \u00c4ra der Konnektivit\u00e4t - NETGEAR Hub<\/title>\n<meta name=\"description\" content=\"NETGEAR Enterprise: Au\u00dfergew\u00f6hnliche Erlebnisse f\u00fcr eine neue \u00c4ra der Konnektivit\u00e4t\" \/>\n<meta name=\"robots\" content=\"index, follow, max-snippet:-1, max-image-preview:large, max-video-preview:-1\" \/>\n<link rel=\"canonical\" href=\"https:\/\/dehub.netgear.com\/de\/hub\/business\/extraordinary-experiences\/\" \/>\n<meta property=\"og:locale\" content=\"de_DE\" \/>\n<meta property=\"og:type\" content=\"article\" \/>\n<meta property=\"og:title\" content=\"NETGEAR Enterprise: Au\u00dfergew\u00f6hnliche Erlebnisse f\u00fcr eine neue \u00c4ra der Konnektivit\u00e4t - NETGEAR Hub\" \/>\n<meta property=\"og:description\" content=\"NETGEAR Enterprise: Au\u00dfergew\u00f6hnliche Erlebnisse f\u00fcr eine neue \u00c4ra der Konnektivit\u00e4t\" \/>\n<meta property=\"og:url\" content=\"https:\/\/dehub.netgear.com\/de\/hub\/business\/extraordinary-experiences\/\" \/>\n<meta property=\"og:site_name\" content=\"NETGEAR Hub\" \/>\n<meta property=\"article:publisher\" content=\"https:\/\/www.facebook.com\/NetgearAU\/\" \/>\n<meta property=\"article:modified_time\" content=\"2025-09-04T13:08:03+00:00\" \/>\n<meta property=\"og:image\" content=\"https:\/\/dehub.netgear.com\/de\/hub\/wp-content\/uploads\/2025\/09\/vignette-extraordinary-experiences.jpeg\" \/>\n\t<meta property=\"og:image:width\" content=\"383\" \/>\n\t<meta property=\"og:image:height\" content=\"288\" \/>\n\t<meta property=\"og:image:type\" content=\"image\/jpeg\" \/>\n<meta name=\"twitter:card\" content=\"summary_large_image\" \/>\n<meta name=\"twitter:site\" content=\"@NETGEAR\" \/>\n<script type=\"application\/ld+json\" class=\"yoast-schema-graph\">{\"@context\":\"https:\\\/\\\/schema.org\",\"@graph\":[{\"@type\":\"WebPage\",\"@id\":\"https:\\\/\\\/dehub.netgear.com\\\/de\\\/hub\\\/business\\\/extraordinary-experiences\\\/\",\"url\":\"https:\\\/\\\/dehub.netgear.com\\\/de\\\/hub\\\/business\\\/extraordinary-experiences\\\/\",\"name\":\"NETGEAR Enterprise: Au\u00dfergew\u00f6hnliche Erlebnisse f\u00fcr eine neue \u00c4ra der Konnektivit\u00e4t - NETGEAR Hub\",\"isPartOf\":{\"@id\":\"https:\\\/\\\/dehub.netgear.com\\\/de\\\/hub\\\/#website\"},\"primaryImageOfPage\":{\"@id\":\"https:\\\/\\\/dehub.netgear.com\\\/de\\\/hub\\\/business\\\/extraordinary-experiences\\\/#primaryimage\"},\"image\":{\"@id\":\"https:\\\/\\\/dehub.netgear.com\\\/de\\\/hub\\\/business\\\/extraordinary-experiences\\\/#primaryimage\"},\"thumbnailUrl\":\"https:\\\/\\\/dehub.netgear.com\\\/de\\\/hub\\\/wp-content\\\/uploads\\\/2025\\\/09\\\/vignette-extraordinary-experiences.jpeg\",\"datePublished\":\"2025-09-04T10:06:53+00:00\",\"dateModified\":\"2025-09-04T13:08:03+00:00\",\"description\":\"NETGEAR Enterprise: Au\u00dfergew\u00f6hnliche Erlebnisse f\u00fcr eine neue \u00c4ra der Konnektivit\u00e4t\",\"breadcrumb\":{\"@id\":\"https:\\\/\\\/dehub.netgear.com\\\/de\\\/hub\\\/business\\\/extraordinary-experiences\\\/#breadcrumb\"},\"inLanguage\":\"de\",\"potentialAction\":[{\"@type\":\"ReadAction\",\"target\":[\"https:\\\/\\\/dehub.netgear.com\\\/de\\\/hub\\\/business\\\/extraordinary-experiences\\\/\"]}]},{\"@type\":\"ImageObject\",\"inLanguage\":\"de\",\"@id\":\"https:\\\/\\\/dehub.netgear.com\\\/de\\\/hub\\\/business\\\/extraordinary-experiences\\\/#primaryimage\",\"url\":\"https:\\\/\\\/dehub.netgear.com\\\/de\\\/hub\\\/wp-content\\\/uploads\\\/2025\\\/09\\\/vignette-extraordinary-experiences.jpeg\",\"contentUrl\":\"https:\\\/\\\/dehub.netgear.com\\\/de\\\/hub\\\/wp-content\\\/uploads\\\/2025\\\/09\\\/vignette-extraordinary-experiences.jpeg\",\"width\":383,\"height\":288},{\"@type\":\"BreadcrumbList\",\"@id\":\"https:\\\/\\\/dehub.netgear.com\\\/de\\\/hub\\\/business\\\/extraordinary-experiences\\\/#breadcrumb\",\"itemListElement\":[{\"@type\":\"ListItem\",\"position\":1,\"name\":\"Home\",\"item\":\"https:\\\/\\\/dehub.netgear.com\\\/de\\\/hub\\\/\"},{\"@type\":\"ListItem\",\"position\":2,\"name\":\"Business Articles Hub\",\"item\":\"https:\\\/\\\/dehub.netgear.com\\\/de\\\/hub\\\/business\\\/\"},{\"@type\":\"ListItem\",\"position\":3,\"name\":\"NETGEAR Enterprise: Au\u00dfergew\u00f6hnliche Erlebnisse f\u00fcr eine neue \u00c4ra der Konnektivit\u00e4t\"}]},{\"@type\":\"WebSite\",\"@id\":\"https:\\\/\\\/dehub.netgear.com\\\/de\\\/hub\\\/#website\",\"url\":\"https:\\\/\\\/dehub.netgear.com\\\/de\\\/hub\\\/\",\"name\":\"NETGEAR\",\"description\":\"Erkunden Sie unsere Hub-Seiten und st\u00f6bern Sie in Artikeln, um mehr \u00fcber NETGEAR Produkte und Technologien zu erfahren.\",\"publisher\":{\"@id\":\"https:\\\/\\\/dehub.netgear.com\\\/de\\\/hub\\\/#organization\"},\"potentialAction\":[{\"@type\":\"SearchAction\",\"target\":{\"@type\":\"EntryPoint\",\"urlTemplate\":\"https:\\\/\\\/dehub.netgear.com\\\/de\\\/hub\\\/?s={search_term_string}\"},\"query-input\":{\"@type\":\"PropertyValueSpecification\",\"valueRequired\":true,\"valueName\":\"search_term_string\"}}],\"inLanguage\":\"de\"},{\"@type\":\"Organization\",\"@id\":\"https:\\\/\\\/dehub.netgear.com\\\/de\\\/hub\\\/#organization\",\"name\":\"NETGEAR\",\"url\":\"https:\\\/\\\/dehub.netgear.com\\\/de\\\/hub\\\/\",\"logo\":{\"@type\":\"ImageObject\",\"inLanguage\":\"de\",\"@id\":\"https:\\\/\\\/dehub.netgear.com\\\/de\\\/hub\\\/#\\\/schema\\\/logo\\\/image\\\/\",\"url\":\"https:\\\/\\\/www.dehub.netgear.com\\\/de\\\/hub\\\/wp-content\\\/uploads\\\/2019\\\/07\\\/NETGEAR_logo.jpg\",\"contentUrl\":\"https:\\\/\\\/www.dehub.netgear.com\\\/de\\\/hub\\\/wp-content\\\/uploads\\\/2019\\\/07\\\/NETGEAR_logo.jpg\",\"width\":1500,\"height\":501,\"caption\":\"NETGEAR\"},\"image\":{\"@id\":\"https:\\\/\\\/dehub.netgear.com\\\/de\\\/hub\\\/#\\\/schema\\\/logo\\\/image\\\/\"},\"sameAs\":[\"https:\\\/\\\/www.facebook.com\\\/NetgearAU\\\/\",\"https:\\\/\\\/x.com\\\/NETGEAR\",\"https:\\\/\\\/www.linkedin.com\\\/company\\\/netgear\"]}]}<\/script>\n<!-- \/ Yoast SEO plugin. -->","yoast_head_json":{"title":"NETGEAR Enterprise: Au\u00dfergew\u00f6hnliche Erlebnisse f\u00fcr eine neue \u00c4ra der Konnektivit\u00e4t - NETGEAR Hub","description":"NETGEAR Enterprise: Au\u00dfergew\u00f6hnliche Erlebnisse f\u00fcr eine neue \u00c4ra der Konnektivit\u00e4t","robots":{"index":"index","follow":"follow","max-snippet":"max-snippet:-1","max-image-preview":"max-image-preview:large","max-video-preview":"max-video-preview:-1"},"canonical":"https:\/\/dehub.netgear.com\/de\/hub\/business\/extraordinary-experiences\/","og_locale":"de_DE","og_type":"article","og_title":"NETGEAR Enterprise: Au\u00dfergew\u00f6hnliche Erlebnisse f\u00fcr eine neue \u00c4ra der Konnektivit\u00e4t - NETGEAR Hub","og_description":"NETGEAR Enterprise: Au\u00dfergew\u00f6hnliche Erlebnisse f\u00fcr eine neue \u00c4ra der Konnektivit\u00e4t","og_url":"https:\/\/dehub.netgear.com\/de\/hub\/business\/extraordinary-experiences\/","og_site_name":"NETGEAR Hub","article_publisher":"https:\/\/www.facebook.com\/NetgearAU\/","article_modified_time":"2025-09-04T13:08:03+00:00","og_image":[{"width":383,"height":288,"url":"https:\/\/dehub.netgear.com\/de\/hub\/wp-content\/uploads\/2025\/09\/vignette-extraordinary-experiences.jpeg","type":"image\/jpeg"}],"twitter_card":"summary_large_image","twitter_site":"@NETGEAR","schema":{"@context":"https:\/\/schema.org","@graph":[{"@type":"WebPage","@id":"https:\/\/dehub.netgear.com\/de\/hub\/business\/extraordinary-experiences\/","url":"https:\/\/dehub.netgear.com\/de\/hub\/business\/extraordinary-experiences\/","name":"NETGEAR Enterprise: Au\u00dfergew\u00f6hnliche Erlebnisse f\u00fcr eine neue \u00c4ra der Konnektivit\u00e4t - NETGEAR Hub","isPartOf":{"@id":"https:\/\/dehub.netgear.com\/de\/hub\/#website"},"primaryImageOfPage":{"@id":"https:\/\/dehub.netgear.com\/de\/hub\/business\/extraordinary-experiences\/#primaryimage"},"image":{"@id":"https:\/\/dehub.netgear.com\/de\/hub\/business\/extraordinary-experiences\/#primaryimage"},"thumbnailUrl":"https:\/\/dehub.netgear.com\/de\/hub\/wp-content\/uploads\/2025\/09\/vignette-extraordinary-experiences.jpeg","datePublished":"2025-09-04T10:06:53+00:00","dateModified":"2025-09-04T13:08:03+00:00","description":"NETGEAR Enterprise: Au\u00dfergew\u00f6hnliche Erlebnisse f\u00fcr eine neue \u00c4ra der Konnektivit\u00e4t","breadcrumb":{"@id":"https:\/\/dehub.netgear.com\/de\/hub\/business\/extraordinary-experiences\/#breadcrumb"},"inLanguage":"de","potentialAction":[{"@type":"ReadAction","target":["https:\/\/dehub.netgear.com\/de\/hub\/business\/extraordinary-experiences\/"]}]},{"@type":"ImageObject","inLanguage":"de","@id":"https:\/\/dehub.netgear.com\/de\/hub\/business\/extraordinary-experiences\/#primaryimage","url":"https:\/\/dehub.netgear.com\/de\/hub\/wp-content\/uploads\/2025\/09\/vignette-extraordinary-experiences.jpeg","contentUrl":"https:\/\/dehub.netgear.com\/de\/hub\/wp-content\/uploads\/2025\/09\/vignette-extraordinary-experiences.jpeg","width":383,"height":288},{"@type":"BreadcrumbList","@id":"https:\/\/dehub.netgear.com\/de\/hub\/business\/extraordinary-experiences\/#breadcrumb","itemListElement":[{"@type":"ListItem","position":1,"name":"Home","item":"https:\/\/dehub.netgear.com\/de\/hub\/"},{"@type":"ListItem","position":2,"name":"Business Articles Hub","item":"https:\/\/dehub.netgear.com\/de\/hub\/business\/"},{"@type":"ListItem","position":3,"name":"NETGEAR Enterprise: Au\u00dfergew\u00f6hnliche Erlebnisse f\u00fcr eine neue \u00c4ra der Konnektivit\u00e4t"}]},{"@type":"WebSite","@id":"https:\/\/dehub.netgear.com\/de\/hub\/#website","url":"https:\/\/dehub.netgear.com\/de\/hub\/","name":"NETGEAR","description":"Erkunden Sie unsere Hub-Seiten und st\u00f6bern Sie in Artikeln, um mehr \u00fcber NETGEAR Produkte und Technologien zu erfahren.","publisher":{"@id":"https:\/\/dehub.netgear.com\/de\/hub\/#organization"},"potentialAction":[{"@type":"SearchAction","target":{"@type":"EntryPoint","urlTemplate":"https:\/\/dehub.netgear.com\/de\/hub\/?s={search_term_string}"},"query-input":{"@type":"PropertyValueSpecification","valueRequired":true,"valueName":"search_term_string"}}],"inLanguage":"de"},{"@type":"Organization","@id":"https:\/\/dehub.netgear.com\/de\/hub\/#organization","name":"NETGEAR","url":"https:\/\/dehub.netgear.com\/de\/hub\/","logo":{"@type":"ImageObject","inLanguage":"de","@id":"https:\/\/dehub.netgear.com\/de\/hub\/#\/schema\/logo\/image\/","url":"https:\/\/www.dehub.netgear.com\/de\/hub\/wp-content\/uploads\/2019\/07\/NETGEAR_logo.jpg","contentUrl":"https:\/\/www.dehub.netgear.com\/de\/hub\/wp-content\/uploads\/2019\/07\/NETGEAR_logo.jpg","width":1500,"height":501,"caption":"NETGEAR"},"image":{"@id":"https:\/\/dehub.netgear.com\/de\/hub\/#\/schema\/logo\/image\/"},"sameAs":["https:\/\/www.facebook.com\/NetgearAU\/","https:\/\/x.com\/NETGEAR","https:\/\/www.linkedin.com\/company\/netgear"]}]}},"_links":{"self":[{"href":"https:\/\/dehub.netgear.com\/de\/hub\/wp-json\/wp\/v2\/pages\/10479","targetHints":{"allow":["GET"]}}],"collection":[{"href":"https:\/\/dehub.netgear.com\/de\/hub\/wp-json\/wp\/v2\/pages"}],"about":[{"href":"https:\/\/dehub.netgear.com\/de\/hub\/wp-json\/wp\/v2\/types\/page"}],"author":[{"embeddable":true,"href":"https:\/\/dehub.netgear.com\/de\/hub\/wp-json\/wp\/v2\/users\/90"}],"replies":[{"embeddable":true,"href":"https:\/\/dehub.netgear.com\/de\/hub\/wp-json\/wp\/v2\/comments?post=10479"}],"version-history":[{"count":2,"href":"https:\/\/dehub.netgear.com\/de\/hub\/wp-json\/wp\/v2\/pages\/10479\/revisions"}],"predecessor-version":[{"id":10483,"href":"https:\/\/dehub.netgear.com\/de\/hub\/wp-json\/wp\/v2\/pages\/10479\/revisions\/10483"}],"up":[{"embeddable":true,"href":"https:\/\/dehub.netgear.com\/de\/hub\/wp-json\/wp\/v2\/pages\/6716"}],"wp:featuredmedia":[{"embeddable":true,"href":"https:\/\/dehub.netgear.com\/de\/hub\/wp-json\/wp\/v2\/media\/10482"}],"wp:attachment":[{"href":"https:\/\/dehub.netgear.com\/de\/hub\/wp-json\/wp\/v2\/media?parent=10479"}],"curies":[{"name":"wp","href":"https:\/\/api.w.org\/{rel}","templated":true}]}}