{"id":10417,"date":"2025-08-19T16:41:05","date_gmt":"2025-08-19T14:41:05","guid":{"rendered":"https:\/\/dehub.netgear.com\/de\/hub\/business\/av\/loreal-schonheit-trifft-auf-technologie-2\/"},"modified":"2025-09-04T14:32:34","modified_gmt":"2025-09-04T12:32:34","slug":"netgear-engage-evolution-or-revolution","status":"publish","type":"page","link":"https:\/\/dehub.netgear.com\/de\/hub\/business\/av\/netgear-engage-evolution-or-revolution\/","title":{"rendered":"NETGEAR Engage: Evolution oder Revolution?"},"content":{"rendered":"<p>Oder, etwas weniger blumig ausgedr\u00fcckt: Ist Engage einfach nur der n\u00e4chste Schritt im AV-Netzwerkmanagement f\u00fcr Integratoren \u2013 oder ist es ein echter Game-Changer?<br \/>\nWir w\u00fcrden sagen: ein bisschen von beidem \u2013 zugegeben, es ist schlie\u00dflich unser eigenes Konzept.     <div class=\"table-of-content bg-gray\">\n        <p><strong>IN THIS ARTICLE<\/strong><\/p>\n        <ul>\n                        <li><a href=\"#topic1\">Von traditionellen IT-Tools zu AV-freundlichen Benutzeroberfl\u00e4chen<\/a><\/li>\n                        <li><a href=\"#topic2\">Einf\u00fchrung von NETGEAR Engage: Ein Tool f\u00fcr alles<\/a><\/li>\n                        <li><a href=\"#topic3\">Von AV-Profis f\u00fcr AV-Profis entwickelt<\/a><\/li>\n                        <li><a href=\"#topic4\">St\u00e4ndige Weiterentwicklung mit neuer Protokollunterst\u00fctzung<\/a><\/li>\n                        <li><a href=\"#topic5\">Kostenlos, leistungsstark und bereit zum Download<\/a><\/li>\n                    <\/ul>\n    <\/div>\n        <div id=\"topic1\" class=\"skip-item\">\n                        <h2>Von traditionellen IT-Tools zu AV-freundlichen Benutzeroberfl\u00e4chen<\/h2>\n                <p data-start=\"199\" data-end=\"800\">Als NETGEAR im Jahr 2016 in den ProAV-Bereich einstieg, erkannten wir schnell, dass herk\u00f6mmliche IT-Tools den Anforderungen von AV-Profis nicht gerecht wurden. Zwar boten unsere M4300-Switches eine hohe Leistung f\u00fcr AV-over-IP-Protokolle wie SDVoE, doch funktionierten sie nur \u201eout of the box\u201c, weil wir die AV-over-IP-Parameter im Voraus konfiguriert hatten. Das war hilfreich \u2013 aber nicht ausreichend, um die Komfortl\u00fccke zu schlie\u00dfen. Viele AV-Techniker empfanden Netzwerktechnik weiterhin als einsch\u00fcchternd, und uns wurde klar: Wahre Innovation erfordert mehr, als nur Standardwerte einzupflegen.<\/p>\n<p><strong>Vorstellung der M4250-Serie: F\u00fcr den realen AV-Einsatz entwickelt<\/strong><\/p>\n<p data-start=\"873\" data-end=\"1335\">Mit der Einf\u00fchrung der M4250-Serie im Jahr 2020 machten wir einen gewaltigen Schritt nach vorn. Wir entwickelten eine Benutzeroberfl\u00e4che, die die Sprache der AV-Welt spricht. Statt komplexer Kommandozeilen konnten Integratoren nun Protokolle wie Dante, NDI, AES67, Q-SYS, AMX und NVX visuell konfigurieren \u2013 einfach durch Anklicken des gew\u00fcnschten Protokolls und Zuweisung der Ports. Intuitiv, visuell und f\u00fcr Menschen gemacht \u2013 nicht nur f\u00fcr Netzwerkingenieure.<\/p>\n<p><strong>Skalierung: AV-over-IP wird komplex<\/strong><\/p>\n<p data-start=\"1378\" data-end=\"1793\">Mit dem Wachstum von AV-over-IP-Systemen \u2013 \u00fcber Campusnetzwerke, mehrere Switches und gro\u00dfe Veranstaltungsorte hinweg \u2013 wurde die manuelle Konfiguration jedes einzelnen Ger\u00e4ts zu einem m\u00fchsamen und fehleranf\u00e4lligen Prozess. Die st\u00e4ndige Wiederholung identischer Schritte auf jedem Switch war ineffizient und riskant. Was Integratoren brauchten, war eine zentrale Steuerung \u2013 aber ohne das komplexe IT-Fachvokabular.<\/p>\n    <\/div>\n        <div id=\"topic2\" class=\"skip-item\">\n                        <h2>Einf\u00fchrung von NETGEAR Engage: Ein Tool f\u00fcr alles<\/h2>\n                <p data-start=\"123\" data-end=\"603\">Hier kommt der <strong data-start=\"138\" data-end=\"167\">NETGEAR Engage Controller<\/strong> ins Spiel. Engage ist nicht mehr an einzelne Ger\u00e4te gebunden, sondern bietet eine portable, zentrale Verwaltungsl\u00f6sung f\u00fcr Switches, Router und drahtlose Zugangspunkte. Das Beste daran? <strong data-start=\"354\" data-end=\"390\">Keine Installation erforderlich.<\/strong> Egal ob auf einem Mac oder Windows-Rechner \u2013 einfach von einem USB-Stick ausf\u00fchren und das gesamte AV-Netzwerk standort\u00fcbergreifend verwalten. Komplexe Installationen werden damit <strong data-start=\"571\" data-end=\"602\">schneller und reibungsloser<\/strong>.<\/p>\n<p><strong>Was Engage besonders macht<\/strong><\/p>\n<p data-start=\"637\" data-end=\"740\">Schon bei der Markteinf\u00fchrung bot Engage Funktionen, von denen Integratoren bisher nur tr\u00e4umen konnten:<\/p>\n<ul data-start=\"742\" data-end=\"1123\">\n<li data-start=\"742\" data-end=\"808\">\n<p data-start=\"744\" data-end=\"808\"><strong data-start=\"744\" data-end=\"770\">Automatische Erkennung<\/strong> von NETGEAR AV-Switches im Netzwerk<\/p>\n<\/li>\n<li data-start=\"742\" data-end=\"808\">\n<p data-start=\"744\" data-end=\"808\"><strong data-start=\"811\" data-end=\"831\">Firmware-Updates<\/strong> mit nur einem Klick durchf\u00fchren<\/p>\n<\/li>\n<li data-start=\"866\" data-end=\"955\">\n<p data-start=\"868\" data-end=\"955\"><strong data-start=\"868\" data-end=\"897\">Protokollprofile anwenden<\/strong>, die speziell f\u00fcr AV-Anforderungen vorkonfiguriert sind<\/p>\n<\/li>\n<li data-start=\"956\" data-end=\"1011\">\n<p data-start=\"958\" data-end=\"1011\"><strong data-start=\"958\" data-end=\"1009\">Netzwerktopologie auf einen Blick visualisieren<\/strong><\/p>\n<\/li>\n<li data-start=\"1012\" data-end=\"1123\">\n<p data-start=\"1014\" data-end=\"1123\"><strong data-start=\"1014\" data-end=\"1033\">Automatisierung<\/strong> g\u00e4ngiger Netzwerkkonfigurationen wie IGMP-Tuning, Link-Aggregation und VLAN-Propagation<\/p>\n<\/li>\n<\/ul>\n<p data-start=\"1125\" data-end=\"1268\">Diese Funktionen <strong data-start=\"1142\" data-end=\"1188\">reduzieren die Installationszeit drastisch<\/strong> \u2013 von mehreren Tagen auf wenige Stunden \u2013 und das mit deutlich weniger Fehlern.<\/p>\n<p><strong>Engage 2.0: Eine einheitliche Oberfl\u00e4che f\u00fcr AV, WLAN und Routing<\/strong><\/p>\n<p data-start=\"1341\" data-end=\"1829\">Mit <strong data-start=\"1345\" data-end=\"1359\">Engage 2.0<\/strong> wurde die Plattform nochmals erweitert \u2013 durch die Integration von Routing- und WLAN-Verwaltung in einer gemeinsamen Benutzeroberfl\u00e4che. Mit dem <strong data-start=\"1505\" data-end=\"1526\">PR460X Pro Router<\/strong> und den <strong data-start=\"1535\" data-end=\"1559\">WiFi 7 Access Points<\/strong> (WBE718 und WBE758), die nun ebenfalls \u00fcber die App verwaltet werden k\u00f6nnen, lassen sich VLAN-Zuweisungen, Multicast-Bridging und SSID-Konfigurationen zentral durchf\u00fchren.<br data-start=\"1731\" data-end=\"1734\" \/><strong data-start=\"1734\" data-end=\"1829\">Eine Netzwerkmanagement-Plattform, die alle Bereiche der AV-Infrastruktur wirklich vereint.<\/strong><\/p>\n    <\/div>\n        <div id=\"topic3\" class=\"skip-item\">\n                        <h2>Von AV-Profis f\u00fcr AV-Profis entwickelt<\/h2>\n                <p data-start=\"107\" data-end=\"510\">Engage wurde nicht im stillen K\u00e4mmerlein entwickelt. Wir haben es <strong data-start=\"173\" data-end=\"234\">gemeinsam mit Integratoren und Herstellern aus der Praxis<\/strong> konzipiert \u2013 basierend auf echten Anwendungsf\u00e4llen. Ob in Unternehmenszentralen, Veranstaltungsst\u00e4tten oder Gottesh\u00e4usern installiert: <strong data-start=\"370\" data-end=\"451\">Die Portabilit\u00e4t, das AV-zentrierte Design und die installationsfreie Nutzung<\/strong> machen Engage zu einem zuverl\u00e4ssigen Werkzeug \u2013 jedes Mal.<\/p>\n<p><strong>Ihr Sicherheitsnetz in einer wachsenden AV-over-IP-Welt<\/strong><\/p>\n<p data-start=\"573\" data-end=\"965\">Mit zunehmender Komplexit\u00e4t von AV-Netzwerken wird Engage <strong data-start=\"631\" data-end=\"682\">mehr als nur ein Tool \u2013 es wird zur Absicherung<\/strong>. Es hilft Integratoren, Fehlkonfigurationen zu vermeiden, beschleunigt die Inbetriebnahme und gew\u00e4hrleistet <strong data-start=\"791\" data-end=\"831\">von Anfang an einen stabilen Betrieb<\/strong>. Mit jedem Update w\u00e4chst die Verbreitung \u2013 ein klares Zeichen daf\u00fcr, wie <strong data-start=\"905\" data-end=\"919\">essentiell<\/strong> Engage f\u00fcr moderne AV-Workflows geworden ist.<\/p>\n    <\/div>\n        <div id=\"topic4\" class=\"skip-item\">\n                        <h2>St\u00e4ndige Weiterentwicklung mit neuer Protokollunterst\u00fctzung<\/h2>\n                <p>Unser neuestes Update bietet Unterst\u00fctzung f\u00fcr <strong data-start=\"178\" data-end=\"233\">\u00fcber 36 AV-Protokollprofile von mehr als 450 Marken<\/strong>, darunter: <strong data-start=\"245\" data-end=\"434\">Telos Alliance Livewire+ AES67, Bosch\/Keenfinity DICENTIS Conference, Allen &amp; Heath gigaACE\/GX, Sennheiser TeamConnect Bar, HARMAN Professional AV, Nice Home Management, Pharos Lighting<\/strong> und <strong data-start=\"439\" data-end=\"455\">ETC Lighting<\/strong>.<\/p>\n<p>&nbsp;<\/p>\n<p><a style=\"background-color: #26e880;border: 0px none #000000;border-radius: 50px;color: #2c262d;font-size: 16px;font-family: Inter,sans-serif;font-style: normal;font-weight: 500;text-decoration: none;width: 100%;padding: 16px 24px 16px 24px\" href=\"https:\/\/cta-na2.hubspot.com\/web-interactives\/public\/v1\/track\/click?encryptedPayload=AVxigLIsZLesGStjN2wdPnxzVJ4InoOjDfLRkfpuY7uN85TAOdVLaaUA3i6JKTWNJ8hvIRfvjE8eINmWSl%2FI30rKq%2B2d50pv3Yxy5DbI9S7gz9zsmI2cA3MePoM7sp3deAx6%2BBl4%2BPgQT5eH1s93M6IS7kbM9Mj0pudA1TssiCg5t2qvWwiQsxf1mtW3UJ5gTOV7NMkMMc5d7yq%2FxSMKhu%2BrXZalTlvLoQafKGr7LdsBZ9Fo%2BRUkVXp9OFTRgOlc66cmhgTz1MVQcZ0XI9MoGNdbGQzZef2dcdqKP1m7QA%3D%3D&amp;portalId=242128791&amp;webInteractiveId=515111873238&amp;webInteractiveContentId=233404801746&amp;containerType=EMBEDDED&amp;campaignId=8342e614-59ae-4944-88b2-bce2d2a4ca05&amp;pageUrl=https%3A%2F%2Fwww.netgear.com%2Fhub%2Fbusiness%2Fav%2Fnetgear-engage-evolution-or-revolution%2F&amp;pageTitle=NETGEAR+Engage%3A+Evolution+or+Revolution%3F+-+NETGEAR+Blog&amp;referrer=&amp;userAgent=Mozilla%2F5.0+%28Windows+NT+10.0%3B+Win64%3B+x64%3B+rv%3A141.0%29+Gecko%2F20100101+Firefox%2F141.0&amp;hutk=4c3a0eb5d48b5af09b38e2cad6c84626&amp;hssc=83880585.3.1755614357822&amp;hstc=83880585.4c3a0eb5d48b5af09b38e2cad6c84626.1751974617378.1755607505369.1755614357822.10&amp;hsfp=3979290536&amp;contentType=standard-page\" target=\"_blank\" rel=\"noopener\"><strong>Komplette Liste herunterladen<\/strong><\/a><\/p>\n    <\/div>\n        <div id=\"topic5\" class=\"skip-item\">\n                        <h2>Kostenlos, leistungsstark und bereit zum Download<\/h2>\n                <p data-start=\"121\" data-end=\"284\">Das Beste daran? <strong data-start=\"138\" data-end=\"177\">NETGEAR Engage ist v\u00f6llig kostenlos<\/strong> \u2013 keine Lizenzen, keine Abonnements, nur <strong data-start=\"219\" data-end=\"259\">leistungsstarke AV-Netzwerksteuerung<\/strong> als Teil Ihres Toolkits.<\/p>\n<p data-start=\"286\" data-end=\"395\"><strong data-start=\"286\" data-end=\"326\">Laden Sie Engage noch heute herunter<\/strong> und ver\u00e4ndern Sie die Art und Weise, wie Sie AV-Netzwerke verwalten.<\/p>\n<p><a style=\"background-color: #26e880;border: 0px none #000000;border-radius: 50px;color: #2c262d;font-size: 16px;font-family: Inter,sans-serif;font-style: normal;font-weight: 500;text-decoration: none;width: 100%;padding: 16px 24px 16px 24px\" href=\"https:\/\/www.netgear.com\/support\/product\/engage-controller\/?hsCtaAttrib=234056334010#download\" target=\"_blank\" rel=\"noopener\"><strong>Engage herunterladen<\/strong><\/a><\/p>\n    <\/div>\n    <\/p>\n","protected":false},"excerpt":{"rendered":"<p>Oder, etwas weniger blumig ausgedr\u00fcckt: Ist Engage einfach nur der n\u00e4chste Schritt im AV-Netzwerkmanagement f\u00fcr Integratoren \u2013 oder ist es ein echter Game-Changer? Wir w\u00fcrden sagen: ein bisschen von beidem \u2013 zugegeben, es ist schlie\u00dflich unser eigenes Konzept.<\/p>\n","protected":false},"author":90,"featured_media":10491,"parent":6754,"menu_order":18,"comment_status":"closed","ping_status":"closed","template":"templates\/blog-wifi.php","meta":{"_acf_changed":false,"footnotes":""},"class_list":["post-10417","page","type-page","status-publish","has-post-thumbnail","hentry"],"acf":[],"yoast_head":"<!-- This site is optimized with the Yoast SEO plugin v27.4 - https:\/\/yoast.com\/product\/yoast-seo-wordpress\/ -->\n<title>NETGEAR Engage: Evolution oder Revolution? - NETGEAR Hub<\/title>\n<meta name=\"description\" content=\"NETGEAR Engage: Evolution oder Revolution?\" \/>\n<meta name=\"robots\" content=\"index, follow, max-snippet:-1, max-image-preview:large, max-video-preview:-1\" \/>\n<link rel=\"canonical\" href=\"https:\/\/dehub.netgear.com\/de\/hub\/business\/av\/netgear-engage-evolution-or-revolution\/\" \/>\n<meta property=\"og:locale\" content=\"de_DE\" \/>\n<meta property=\"og:type\" content=\"article\" \/>\n<meta property=\"og:title\" content=\"NETGEAR Engage: Evolution oder Revolution? - NETGEAR Hub\" \/>\n<meta property=\"og:description\" content=\"NETGEAR Engage: Evolution oder Revolution?\" \/>\n<meta property=\"og:url\" content=\"https:\/\/dehub.netgear.com\/de\/hub\/business\/av\/netgear-engage-evolution-or-revolution\/\" \/>\n<meta property=\"og:site_name\" content=\"NETGEAR Hub\" \/>\n<meta property=\"article:publisher\" content=\"https:\/\/www.facebook.com\/NetgearAU\/\" \/>\n<meta property=\"article:modified_time\" content=\"2025-09-04T12:32:34+00:00\" \/>\n<meta property=\"og:image\" content=\"https:\/\/dehub.netgear.com\/de\/hub\/wp-content\/uploads\/2025\/09\/Vignette-Engagev2.webp\" \/>\n\t<meta property=\"og:image:width\" content=\"383\" \/>\n\t<meta property=\"og:image:height\" content=\"288\" \/>\n\t<meta property=\"og:image:type\" content=\"image\/webp\" \/>\n<meta name=\"twitter:card\" content=\"summary_large_image\" \/>\n<meta name=\"twitter:site\" content=\"@NETGEAR\" \/>\n<script type=\"application\/ld+json\" class=\"yoast-schema-graph\">{\"@context\":\"https:\\\/\\\/schema.org\",\"@graph\":[{\"@type\":\"WebPage\",\"@id\":\"https:\\\/\\\/dehub.netgear.com\\\/de\\\/hub\\\/business\\\/av\\\/netgear-engage-evolution-or-revolution\\\/\",\"url\":\"https:\\\/\\\/dehub.netgear.com\\\/de\\\/hub\\\/business\\\/av\\\/netgear-engage-evolution-or-revolution\\\/\",\"name\":\"NETGEAR Engage: Evolution oder Revolution? - NETGEAR Hub\",\"isPartOf\":{\"@id\":\"https:\\\/\\\/dehub.netgear.com\\\/de\\\/hub\\\/#website\"},\"primaryImageOfPage\":{\"@id\":\"https:\\\/\\\/dehub.netgear.com\\\/de\\\/hub\\\/business\\\/av\\\/netgear-engage-evolution-or-revolution\\\/#primaryimage\"},\"image\":{\"@id\":\"https:\\\/\\\/dehub.netgear.com\\\/de\\\/hub\\\/business\\\/av\\\/netgear-engage-evolution-or-revolution\\\/#primaryimage\"},\"thumbnailUrl\":\"https:\\\/\\\/dehub.netgear.com\\\/de\\\/hub\\\/wp-content\\\/uploads\\\/2025\\\/09\\\/Vignette-Engagev2.webp\",\"datePublished\":\"2025-08-19T14:41:05+00:00\",\"dateModified\":\"2025-09-04T12:32:34+00:00\",\"description\":\"NETGEAR Engage: Evolution oder Revolution?\",\"breadcrumb\":{\"@id\":\"https:\\\/\\\/dehub.netgear.com\\\/de\\\/hub\\\/business\\\/av\\\/netgear-engage-evolution-or-revolution\\\/#breadcrumb\"},\"inLanguage\":\"de\",\"potentialAction\":[{\"@type\":\"ReadAction\",\"target\":[\"https:\\\/\\\/dehub.netgear.com\\\/de\\\/hub\\\/business\\\/av\\\/netgear-engage-evolution-or-revolution\\\/\"]}]},{\"@type\":\"ImageObject\",\"inLanguage\":\"de\",\"@id\":\"https:\\\/\\\/dehub.netgear.com\\\/de\\\/hub\\\/business\\\/av\\\/netgear-engage-evolution-or-revolution\\\/#primaryimage\",\"url\":\"https:\\\/\\\/dehub.netgear.com\\\/de\\\/hub\\\/wp-content\\\/uploads\\\/2025\\\/09\\\/Vignette-Engagev2.webp\",\"contentUrl\":\"https:\\\/\\\/dehub.netgear.com\\\/de\\\/hub\\\/wp-content\\\/uploads\\\/2025\\\/09\\\/Vignette-Engagev2.webp\",\"width\":383,\"height\":288},{\"@type\":\"BreadcrumbList\",\"@id\":\"https:\\\/\\\/dehub.netgear.com\\\/de\\\/hub\\\/business\\\/av\\\/netgear-engage-evolution-or-revolution\\\/#breadcrumb\",\"itemListElement\":[{\"@type\":\"ListItem\",\"position\":1,\"name\":\"Home\",\"item\":\"https:\\\/\\\/dehub.netgear.com\\\/de\\\/hub\\\/\"},{\"@type\":\"ListItem\",\"position\":2,\"name\":\"Business Articles Hub\",\"item\":\"https:\\\/\\\/dehub.netgear.com\\\/de\\\/hub\\\/business\\\/\"},{\"@type\":\"ListItem\",\"position\":3,\"name\":\"Business AV\",\"item\":\"https:\\\/\\\/dehub.netgear.com\\\/de\\\/hub\\\/business\\\/av\\\/\"},{\"@type\":\"ListItem\",\"position\":4,\"name\":\"NETGEAR Engage: Evolution oder Revolution?\"}]},{\"@type\":\"WebSite\",\"@id\":\"https:\\\/\\\/dehub.netgear.com\\\/de\\\/hub\\\/#website\",\"url\":\"https:\\\/\\\/dehub.netgear.com\\\/de\\\/hub\\\/\",\"name\":\"NETGEAR\",\"description\":\"Erkunden Sie unsere Hub-Seiten und st\u00f6bern Sie in Artikeln, um mehr \u00fcber NETGEAR Produkte und Technologien zu erfahren.\",\"publisher\":{\"@id\":\"https:\\\/\\\/dehub.netgear.com\\\/de\\\/hub\\\/#organization\"},\"potentialAction\":[{\"@type\":\"SearchAction\",\"target\":{\"@type\":\"EntryPoint\",\"urlTemplate\":\"https:\\\/\\\/dehub.netgear.com\\\/de\\\/hub\\\/?s={search_term_string}\"},\"query-input\":{\"@type\":\"PropertyValueSpecification\",\"valueRequired\":true,\"valueName\":\"search_term_string\"}}],\"inLanguage\":\"de\"},{\"@type\":\"Organization\",\"@id\":\"https:\\\/\\\/dehub.netgear.com\\\/de\\\/hub\\\/#organization\",\"name\":\"NETGEAR\",\"url\":\"https:\\\/\\\/dehub.netgear.com\\\/de\\\/hub\\\/\",\"logo\":{\"@type\":\"ImageObject\",\"inLanguage\":\"de\",\"@id\":\"https:\\\/\\\/dehub.netgear.com\\\/de\\\/hub\\\/#\\\/schema\\\/logo\\\/image\\\/\",\"url\":\"https:\\\/\\\/www.dehub.netgear.com\\\/de\\\/hub\\\/wp-content\\\/uploads\\\/2019\\\/07\\\/NETGEAR_logo.jpg\",\"contentUrl\":\"https:\\\/\\\/www.dehub.netgear.com\\\/de\\\/hub\\\/wp-content\\\/uploads\\\/2019\\\/07\\\/NETGEAR_logo.jpg\",\"width\":1500,\"height\":501,\"caption\":\"NETGEAR\"},\"image\":{\"@id\":\"https:\\\/\\\/dehub.netgear.com\\\/de\\\/hub\\\/#\\\/schema\\\/logo\\\/image\\\/\"},\"sameAs\":[\"https:\\\/\\\/www.facebook.com\\\/NetgearAU\\\/\",\"https:\\\/\\\/x.com\\\/NETGEAR\",\"https:\\\/\\\/www.linkedin.com\\\/company\\\/netgear\"]}]}<\/script>\n<!-- \/ Yoast SEO plugin. -->","yoast_head_json":{"title":"NETGEAR Engage: Evolution oder Revolution? - NETGEAR Hub","description":"NETGEAR Engage: Evolution oder Revolution?","robots":{"index":"index","follow":"follow","max-snippet":"max-snippet:-1","max-image-preview":"max-image-preview:large","max-video-preview":"max-video-preview:-1"},"canonical":"https:\/\/dehub.netgear.com\/de\/hub\/business\/av\/netgear-engage-evolution-or-revolution\/","og_locale":"de_DE","og_type":"article","og_title":"NETGEAR Engage: Evolution oder Revolution? - NETGEAR Hub","og_description":"NETGEAR Engage: Evolution oder Revolution?","og_url":"https:\/\/dehub.netgear.com\/de\/hub\/business\/av\/netgear-engage-evolution-or-revolution\/","og_site_name":"NETGEAR Hub","article_publisher":"https:\/\/www.facebook.com\/NetgearAU\/","article_modified_time":"2025-09-04T12:32:34+00:00","og_image":[{"width":383,"height":288,"url":"https:\/\/dehub.netgear.com\/de\/hub\/wp-content\/uploads\/2025\/09\/Vignette-Engagev2.webp","type":"image\/webp"}],"twitter_card":"summary_large_image","twitter_site":"@NETGEAR","schema":{"@context":"https:\/\/schema.org","@graph":[{"@type":"WebPage","@id":"https:\/\/dehub.netgear.com\/de\/hub\/business\/av\/netgear-engage-evolution-or-revolution\/","url":"https:\/\/dehub.netgear.com\/de\/hub\/business\/av\/netgear-engage-evolution-or-revolution\/","name":"NETGEAR Engage: Evolution oder Revolution? - NETGEAR Hub","isPartOf":{"@id":"https:\/\/dehub.netgear.com\/de\/hub\/#website"},"primaryImageOfPage":{"@id":"https:\/\/dehub.netgear.com\/de\/hub\/business\/av\/netgear-engage-evolution-or-revolution\/#primaryimage"},"image":{"@id":"https:\/\/dehub.netgear.com\/de\/hub\/business\/av\/netgear-engage-evolution-or-revolution\/#primaryimage"},"thumbnailUrl":"https:\/\/dehub.netgear.com\/de\/hub\/wp-content\/uploads\/2025\/09\/Vignette-Engagev2.webp","datePublished":"2025-08-19T14:41:05+00:00","dateModified":"2025-09-04T12:32:34+00:00","description":"NETGEAR Engage: Evolution oder Revolution?","breadcrumb":{"@id":"https:\/\/dehub.netgear.com\/de\/hub\/business\/av\/netgear-engage-evolution-or-revolution\/#breadcrumb"},"inLanguage":"de","potentialAction":[{"@type":"ReadAction","target":["https:\/\/dehub.netgear.com\/de\/hub\/business\/av\/netgear-engage-evolution-or-revolution\/"]}]},{"@type":"ImageObject","inLanguage":"de","@id":"https:\/\/dehub.netgear.com\/de\/hub\/business\/av\/netgear-engage-evolution-or-revolution\/#primaryimage","url":"https:\/\/dehub.netgear.com\/de\/hub\/wp-content\/uploads\/2025\/09\/Vignette-Engagev2.webp","contentUrl":"https:\/\/dehub.netgear.com\/de\/hub\/wp-content\/uploads\/2025\/09\/Vignette-Engagev2.webp","width":383,"height":288},{"@type":"BreadcrumbList","@id":"https:\/\/dehub.netgear.com\/de\/hub\/business\/av\/netgear-engage-evolution-or-revolution\/#breadcrumb","itemListElement":[{"@type":"ListItem","position":1,"name":"Home","item":"https:\/\/dehub.netgear.com\/de\/hub\/"},{"@type":"ListItem","position":2,"name":"Business Articles Hub","item":"https:\/\/dehub.netgear.com\/de\/hub\/business\/"},{"@type":"ListItem","position":3,"name":"Business AV","item":"https:\/\/dehub.netgear.com\/de\/hub\/business\/av\/"},{"@type":"ListItem","position":4,"name":"NETGEAR Engage: Evolution oder Revolution?"}]},{"@type":"WebSite","@id":"https:\/\/dehub.netgear.com\/de\/hub\/#website","url":"https:\/\/dehub.netgear.com\/de\/hub\/","name":"NETGEAR","description":"Erkunden Sie unsere Hub-Seiten und st\u00f6bern Sie in Artikeln, um mehr \u00fcber NETGEAR Produkte und Technologien zu erfahren.","publisher":{"@id":"https:\/\/dehub.netgear.com\/de\/hub\/#organization"},"potentialAction":[{"@type":"SearchAction","target":{"@type":"EntryPoint","urlTemplate":"https:\/\/dehub.netgear.com\/de\/hub\/?s={search_term_string}"},"query-input":{"@type":"PropertyValueSpecification","valueRequired":true,"valueName":"search_term_string"}}],"inLanguage":"de"},{"@type":"Organization","@id":"https:\/\/dehub.netgear.com\/de\/hub\/#organization","name":"NETGEAR","url":"https:\/\/dehub.netgear.com\/de\/hub\/","logo":{"@type":"ImageObject","inLanguage":"de","@id":"https:\/\/dehub.netgear.com\/de\/hub\/#\/schema\/logo\/image\/","url":"https:\/\/www.dehub.netgear.com\/de\/hub\/wp-content\/uploads\/2019\/07\/NETGEAR_logo.jpg","contentUrl":"https:\/\/www.dehub.netgear.com\/de\/hub\/wp-content\/uploads\/2019\/07\/NETGEAR_logo.jpg","width":1500,"height":501,"caption":"NETGEAR"},"image":{"@id":"https:\/\/dehub.netgear.com\/de\/hub\/#\/schema\/logo\/image\/"},"sameAs":["https:\/\/www.facebook.com\/NetgearAU\/","https:\/\/x.com\/NETGEAR","https:\/\/www.linkedin.com\/company\/netgear"]}]}},"_links":{"self":[{"href":"https:\/\/dehub.netgear.com\/de\/hub\/wp-json\/wp\/v2\/pages\/10417","targetHints":{"allow":["GET"]}}],"collection":[{"href":"https:\/\/dehub.netgear.com\/de\/hub\/wp-json\/wp\/v2\/pages"}],"about":[{"href":"https:\/\/dehub.netgear.com\/de\/hub\/wp-json\/wp\/v2\/types\/page"}],"author":[{"embeddable":true,"href":"https:\/\/dehub.netgear.com\/de\/hub\/wp-json\/wp\/v2\/users\/90"}],"replies":[{"embeddable":true,"href":"https:\/\/dehub.netgear.com\/de\/hub\/wp-json\/wp\/v2\/comments?post=10417"}],"version-history":[{"count":6,"href":"https:\/\/dehub.netgear.com\/de\/hub\/wp-json\/wp\/v2\/pages\/10417\/revisions"}],"predecessor-version":[{"id":10430,"href":"https:\/\/dehub.netgear.com\/de\/hub\/wp-json\/wp\/v2\/pages\/10417\/revisions\/10430"}],"up":[{"embeddable":true,"href":"https:\/\/dehub.netgear.com\/de\/hub\/wp-json\/wp\/v2\/pages\/6754"}],"wp:featuredmedia":[{"embeddable":true,"href":"https:\/\/dehub.netgear.com\/de\/hub\/wp-json\/wp\/v2\/media\/10491"}],"wp:attachment":[{"href":"https:\/\/dehub.netgear.com\/de\/hub\/wp-json\/wp\/v2\/media?parent=10417"}],"curies":[{"name":"wp","href":"https:\/\/api.w.org\/{rel}","templated":true}]}}