{"id":10385,"date":"2025-08-13T12:11:09","date_gmt":"2025-08-13T10:11:15","guid":{"rendered":"https:\/\/dehub.netgear.com\/de\/hub\/?page_id=10385"},"modified":"2025-09-05T17:18:15","modified_gmt":"2025-09-05T15:18:15","slug":"netgear-erhalt-eu-red-cybersicherheitszertifizierung-fur-wi-fi-6-und-wi-fi-7-access-points","status":"publish","type":"page","link":"https:\/\/dehub.netgear.com\/de\/hub\/business\/enterprise-it\/netgear-erhalt-eu-red-cybersicherheitszertifizierung-fur-wi-fi-6-und-wi-fi-7-access-points\/","title":{"rendered":"NETGEAR erh\u00e4lt EU-RED-Cybersicherheitszertifizierung f\u00fcr Wi-Fi-6- und Wi-Fi-7-Access Points"},"content":{"rendered":"<div class=\"container\">\n<p><!--start blog-single-content--><\/p>\n<div class=\"center-content2\">\n<div class=\"blog-single-content\">\n<div class=\"table-of-content bg-gray 19923\">\n<p><strong>IN DIESEM ARTIKEL<\/strong><\/p>\n<ul>\n<li><a href=\"#topic2\">Verstehen der RED-Cybersicherheitsrichtlinie<\/a><\/li>\n<li><a href=\"#topic3\">Hinter den Kulissen: Ein komplexer, koordinierter Einsatz<\/a><\/li>\n<li><a href=\"#topic4\">Was das f\u00fcr IT-Entscheider bedeutet<\/a><\/li>\n<li><a href=\"#topic5\">Ausblick<\/a><\/li>\n<\/ul>\n<\/div>\n<div id=\"topic1\" class=\"skip-item\">\n<h2>Verstehen der RED-Cybersicherheitsrichtlinie<\/h2>\n<p>Die \u00fcberarbeitete Europ\u00e4ische Funkanlagenrichtlinie (RED), insbesondere Artikel 3.3 (d), (e) und (f), f\u00fchrt verpflichtende Cybersicherheitsanforderungen f\u00fcr drahtlose Ger\u00e4te ein. Diese Regeln betreffen:<\/p>\n<ul>\n<li>den Schutz personenbezogener Daten,<\/li>\n<li>die Verhinderung von Missbrauch des Netzwerks,<\/li>\n<li>und die Widerstandsf\u00e4higkeit vernetzter Produkte gegen\u00fcber Cyber-Bedrohungen.<\/li>\n<\/ul>\n<p>Die zugeh\u00f6rige technische Norm \u2014 EN 18031 \u2014 legt fest, wie Ger\u00e4te entworfen, konfiguriert und gewartet werden m\u00fcssen, um diese Anforderungen zu erf\u00fcllen. Die Einhaltung erfordert den Nachweis:<\/p>\n<ul>\n<li>der Existenz wirksamer Zugangskontrollen und Benutzerauthentifizierung,<\/li>\n<li>sicherer Mechanismen zur Firmware-Aktualisierung,<\/li>\n<li>eines robusten Schutzes gespeicherter und \u00fcbertragener Daten,<\/li>\n<li>Widerstandsf\u00e4higkeit gegen g\u00e4ngige Bedrohungen wie Brute-Force- oder Replay-Angriffe.<\/li>\n<\/ul>\n<p>Der Zertifizierungsprozess ist streng und erfordert eine technische Validierung der Umsetzung dieser Prinzipien \u2013 nicht nur in der Software, sondern auch in der Fertigung, der Benutzerdokumentation und der Support-Infrastruktur.<\/p>\n<\/div>\n<div id=\"topic2\" class=\"skip-item\">\n<h2>Hinter den Kulissen: Ein komplexer, koordinierter Einsatz<\/h2>\n<p>Der Erhalt dieser Zertifizierung war alles andere als Routine. \u00dcber viele Monate hinweg arbeiteten NETGEAR-Teams eng mit Sicherheitsexperten und Pr\u00fcflaboren zusammen, um unsere Architektur mit jeder Klausel des EN-18031-Rahmens in Einklang zu bringen. Dazu geh\u00f6rte der Nachweis der Implementierung sicherer Speicherprotokolle, die \u00dcberpr\u00fcfung der Einzigartigkeit kryptografischer Schl\u00fcssel, der Nachweis der Durchsetzung von Passwort-Richtlinien sowie die Dokumentation, wie die Integrit\u00e4t von Updates \u00fcber unsere gesamten Lebenszyklus-Tools hinweg gew\u00e4hrleistet wird.<\/p>\n<p>Der Prozess erforderte vollst\u00e4ndige Nachverfolgbarkeit: Jede Ma\u00dfnahme musste nachweisbar sein \u2013 von den Anmeldemechanismen in unserer Benutzeroberfl\u00e4che bis hin zur Protokollpersistenz nach Ger\u00e4te-Neustarts.<\/p>\n<p>Dies war keine einfache \u201eChecklisten\u201c-\u00dcbung. Es erforderte einen sicherheitsorientierten Entwicklungsansatz auf Ingenieursebene f\u00fcr unser gesamtes Portfolio an Access Points. In mehreren Phasen mussten bestimmte Funktionen \u00fcberarbeitet, Firmware neu signiert und Fabrikprozesse angepasst werden, um sich an die sich entwickelnden regulatorischen Auslegungen anzupassen.<\/p>\n<\/div>\n<div id=\"topic3\" class=\"skip-item\">\n<h2>Was das f\u00fcr IT-Entscheider bedeutet<\/h2>\n<p><img decoding=\"async\" src=\"https:\/\/frhub.netgear.com\/fr\/hub\/wp-content\/uploads\/2025\/08\/WAX2xx_ONCEILING.jpg\" \/><\/p>\n<p>F\u00fcr IT- und Netzwerkmanager in ganz Europa ist die Einhaltung der RED-Norm EN 18031 eine gesetzliche Voraussetzung f\u00fcr die Bereitstellung von drahtlosen Infrastrukturen. Durch die vorzeitige Zertifizierung unserer Access Points erm\u00f6glicht NETGEAR Unternehmen einen einfacheren und schnelleren Weg zur Konformit\u00e4t \u2013 ohne Kompromisse.<\/p>\n<p>Sie erhalten die Sicherheit, dass Ihre drahtlosen Ger\u00e4te den h\u00f6chsten europ\u00e4ischen Cybersicherheitsstandards entsprechen, was wiederum Ihre internen Sicherheitsrichtlinien, Beschaffungsfreigaben und Lieferantenrisikobewertungen unterst\u00fctzt.<\/p>\n<p>Noch wichtiger ist, dass dieser Meilenstein unsere \u00fcbergeordnete Mission widerspiegelt: ein vertrauensw\u00fcrdiger Partner zu sein, der nicht nur Leistung und Erschwinglichkeit, sondern auch Sicherheit und regulatorische Gelassenheit bietet.<\/p>\n<\/div>\n<div id=\"topic4\" class=\"skip-item\">\n<h2>Ausblick<\/h2>\n<p>NETGEAR freut sich, bekannt zu geben, dass unsere Wi-Fi-Access-Point-Serien WAX210, WAX610, WAX620, WAX605, WAX610W, WBE700, WBE710 und WBE750 offiziell die RED-Cybersicherheitszertifizierung gem\u00e4\u00df der Funkanlagenrichtlinie der Europ\u00e4ischen Union erhalten haben.<\/p>\n<p>Diese Zertifizierung stellt einen bedeutenden Meilenstein in unserem Engagement f\u00fcr Sicherheit, Konformit\u00e4t und Produktqualit\u00e4t dar \u2013 insbesondere in einer Zeit, in der drahtlose Netzwerke eine grundlegende Ebene jeder IT-Umgebung in Unternehmen bilden.<\/p>\n<p><img decoding=\"async\" src=\"https:\/\/frhub.netgear.com\/fr\/hub\/wp-content\/uploads\/2025\/08\/AP_family_on_light_banner_layers-scaled.jpg\" \/><\/p>\n<p>Die RED-Zertifizierung von NETGEAR ist eine Leistung, auf die wir stolz sind \u2013 aber auch ein Versprechen. Da sich die Cybersicherheitsstandards st\u00e4ndig weiterentwickeln, bleiben wir entschlossen, mit sicheren, transparenten und zukunftssicheren Unternehmensnetzwerkl\u00f6sungen f\u00fchrend zu sein.<\/p>\n<p>F\u00fcr unsere Kunden und Partner bedeutet dies Access Points, die Sie mit Vertrauen bereitstellen k\u00f6nnen \u2013 heute und in Zukunft.<\/p>\n<p>Entdecken Sie unser Angebot an professionellen Wi-Fi-Access Points <a href=\"https:\/\/www.netgear.com\/uk\/business\/wifi\/access-points\/listing-filter\/smbnet-wireless-accpoi-remgmt\/\">hier<\/a>.<\/p>\n<\/div>\n<div class=\"hs-form-frame\" style=\"height: 877.875px;\" data-region=\"na2\" data-form-id=\"4f779999-d19e-4019-bc86-6567a6729628\" data-portal-id=\"242128791\"><iframe style=\"border: none; height: 100%; width: 100%;\" title=\"Form\" src=\"https:\/\/js-na2.hsforms.net\/ui-forms-embed-components-app\/frame.html?_hsPortalId=242128791&amp;_hsFormId=4f779999-d19e-4019-bc86-6567a6729628&amp;_hsIsQa=false&amp;_hsHublet=na2&amp;_hsDisableScriptloader=true&amp;_hsDisableRedirect=true&amp;_hsInstanceId=82b1a7e2-81c1-460a-beac-342fe579ffac&amp;_hsUtk=340355614273b9aaf7e5c7cf387a7a22\" scrolling=\"no\" data-test-id=\"embedded-form-4f779999-d19e-4019-bc86-6567a6729628\"><\/iframe><\/div>\n<\/div>\n<\/div>\n<\/div>\n","protected":false},"excerpt":{"rendered":"<p>IN DIESEM ARTIKEL Verstehen der RED-Cybersicherheitsrichtlinie Hinter den Kulissen: Ein komplexer, koordinierter Einsatz Was das f\u00fcr IT-Entscheider bedeutet Ausblick Verstehen der RED-Cybersicherheitsrichtlinie Die \u00fcberarbeitete Europ\u00e4ische Funkanlagenrichtlinie (RED), insbesondere Artikel 3.3 (d), (e) und (f), f\u00fchrt verpflichtende Cybersicherheitsanforderungen f\u00fcr drahtlose Ger\u00e4te ein. Diese Regeln betreffen: den Schutz personenbezogener Daten, die Verhinderung von Missbrauch des Netzwerks, und [&hellip;]<\/p>\n","protected":false},"author":90,"featured_media":10406,"parent":6714,"menu_order":5,"comment_status":"closed","ping_status":"closed","template":"templates\/mesh-vs-wifi.php","meta":{"_acf_changed":false,"footnotes":""},"class_list":["post-10385","page","type-page","status-publish","has-post-thumbnail","hentry"],"acf":[],"yoast_head":"<!-- This site is optimized with the Yoast SEO plugin v27.4 - https:\/\/yoast.com\/product\/yoast-seo-wordpress\/ -->\n<title>NETGEAR erh\u00e4lt EU-RED-Cybersicherheitszertifizierung f\u00fcr Wi-Fi-6- und Wi-Fi-7-Access Points - NETGEAR Hub<\/title>\n<meta name=\"description\" content=\"NETGEAR freut sich, bekannt zu geben, dass unsere Wi-Fi-Access-Point-Serien WAX210, WAX610, WAX620, WAX605, WAX610W, WBE700, WBE710 und WBE750 offiziell die RED-Cybersicherheitszertifizierung gem\u00e4\u00df der Funkanlagenrichtlinie der Europ\u00e4ischen Union erhalten haben.Diese Zertifizierung stellt einen bedeutenden Meilenstein in unserem Engagement f\u00fcr Sicherheit, Konformit\u00e4t und Produktqualit\u00e4t dar \u2013 insbesondere in einer Zeit, in der drahtlose Netzwerke eine grundlegende Ebene jeder IT-Umgebung in Unternehmen bilden.\" \/>\n<meta name=\"robots\" content=\"index, follow, max-snippet:-1, max-image-preview:large, max-video-preview:-1\" \/>\n<link rel=\"canonical\" href=\"https:\/\/dehub.netgear.com\/de\/hub\/business\/enterprise-it\/netgear-erhalt-eu-red-cybersicherheitszertifizierung-fur-wi-fi-6-und-wi-fi-7-access-points\/\" \/>\n<meta property=\"og:locale\" content=\"de_DE\" \/>\n<meta property=\"og:type\" content=\"article\" \/>\n<meta property=\"og:title\" content=\"NETGEAR erh\u00e4lt EU-RED-Cybersicherheitszertifizierung f\u00fcr Wi-Fi-6- und Wi-Fi-7-Access Points - NETGEAR Hub\" \/>\n<meta property=\"og:description\" content=\"NETGEAR freut sich, bekannt zu geben, dass unsere Wi-Fi-Access-Point-Serien WAX210, WAX610, WAX620, WAX605, WAX610W, WBE700, WBE710 und WBE750 offiziell die RED-Cybersicherheitszertifizierung gem\u00e4\u00df der Funkanlagenrichtlinie der Europ\u00e4ischen Union erhalten haben.Diese Zertifizierung stellt einen bedeutenden Meilenstein in unserem Engagement f\u00fcr Sicherheit, Konformit\u00e4t und Produktqualit\u00e4t dar \u2013 insbesondere in einer Zeit, in der drahtlose Netzwerke eine grundlegende Ebene jeder IT-Umgebung in Unternehmen bilden.\" \/>\n<meta property=\"og:url\" content=\"https:\/\/dehub.netgear.com\/de\/hub\/business\/enterprise-it\/netgear-erhalt-eu-red-cybersicherheitszertifizierung-fur-wi-fi-6-und-wi-fi-7-access-points\/\" \/>\n<meta property=\"og:site_name\" content=\"NETGEAR Hub\" \/>\n<meta property=\"article:publisher\" content=\"https:\/\/www.facebook.com\/NetgearAU\/\" \/>\n<meta property=\"article:modified_time\" content=\"2025-09-05T15:18:15+00:00\" \/>\n<meta property=\"og:image\" content=\"https:\/\/dehub.netgear.com\/de\/hub\/wp-content\/uploads\/2025\/08\/Wifi-and-security.jpg\" \/>\n\t<meta property=\"og:image:width\" content=\"1496\" \/>\n\t<meta property=\"og:image:height\" content=\"1019\" \/>\n\t<meta property=\"og:image:type\" content=\"image\/jpeg\" \/>\n<meta name=\"twitter:card\" content=\"summary_large_image\" \/>\n<meta name=\"twitter:site\" content=\"@NETGEAR\" \/>\n<meta name=\"twitter:label1\" content=\"Gesch\u00e4tzte Lesezeit\" \/>\n\t<meta name=\"twitter:data1\" content=\"3\u00a0Minuten\" \/>\n<script type=\"application\/ld+json\" class=\"yoast-schema-graph\">{\"@context\":\"https:\\\/\\\/schema.org\",\"@graph\":[{\"@type\":\"WebPage\",\"@id\":\"https:\\\/\\\/dehub.netgear.com\\\/de\\\/hub\\\/business\\\/enterprise-it\\\/netgear-erhalt-eu-red-cybersicherheitszertifizierung-fur-wi-fi-6-und-wi-fi-7-access-points\\\/\",\"url\":\"https:\\\/\\\/dehub.netgear.com\\\/de\\\/hub\\\/business\\\/enterprise-it\\\/netgear-erhalt-eu-red-cybersicherheitszertifizierung-fur-wi-fi-6-und-wi-fi-7-access-points\\\/\",\"name\":\"NETGEAR erh\u00e4lt EU-RED-Cybersicherheitszertifizierung f\u00fcr Wi-Fi-6- und Wi-Fi-7-Access Points - NETGEAR Hub\",\"isPartOf\":{\"@id\":\"https:\\\/\\\/dehub.netgear.com\\\/de\\\/hub\\\/#website\"},\"primaryImageOfPage\":{\"@id\":\"https:\\\/\\\/dehub.netgear.com\\\/de\\\/hub\\\/business\\\/enterprise-it\\\/netgear-erhalt-eu-red-cybersicherheitszertifizierung-fur-wi-fi-6-und-wi-fi-7-access-points\\\/#primaryimage\"},\"image\":{\"@id\":\"https:\\\/\\\/dehub.netgear.com\\\/de\\\/hub\\\/business\\\/enterprise-it\\\/netgear-erhalt-eu-red-cybersicherheitszertifizierung-fur-wi-fi-6-und-wi-fi-7-access-points\\\/#primaryimage\"},\"thumbnailUrl\":\"https:\\\/\\\/dehub.netgear.com\\\/de\\\/hub\\\/wp-content\\\/uploads\\\/2025\\\/08\\\/Wifi-and-security.jpg\",\"datePublished\":\"2025-08-13T10:11:15+00:00\",\"dateModified\":\"2025-09-05T15:18:15+00:00\",\"description\":\"NETGEAR freut sich, bekannt zu geben, dass unsere Wi-Fi-Access-Point-Serien WAX210, WAX610, WAX620, WAX605, WAX610W, WBE700, WBE710 und WBE750 offiziell die RED-Cybersicherheitszertifizierung gem\u00e4\u00df der Funkanlagenrichtlinie der Europ\u00e4ischen Union erhalten haben.Diese Zertifizierung stellt einen bedeutenden Meilenstein in unserem Engagement f\u00fcr Sicherheit, Konformit\u00e4t und Produktqualit\u00e4t dar \u2013 insbesondere in einer Zeit, in der drahtlose Netzwerke eine grundlegende Ebene jeder IT-Umgebung in Unternehmen bilden.\",\"breadcrumb\":{\"@id\":\"https:\\\/\\\/dehub.netgear.com\\\/de\\\/hub\\\/business\\\/enterprise-it\\\/netgear-erhalt-eu-red-cybersicherheitszertifizierung-fur-wi-fi-6-und-wi-fi-7-access-points\\\/#breadcrumb\"},\"inLanguage\":\"de\",\"potentialAction\":[{\"@type\":\"ReadAction\",\"target\":[\"https:\\\/\\\/dehub.netgear.com\\\/de\\\/hub\\\/business\\\/enterprise-it\\\/netgear-erhalt-eu-red-cybersicherheitszertifizierung-fur-wi-fi-6-und-wi-fi-7-access-points\\\/\"]}]},{\"@type\":\"ImageObject\",\"inLanguage\":\"de\",\"@id\":\"https:\\\/\\\/dehub.netgear.com\\\/de\\\/hub\\\/business\\\/enterprise-it\\\/netgear-erhalt-eu-red-cybersicherheitszertifizierung-fur-wi-fi-6-und-wi-fi-7-access-points\\\/#primaryimage\",\"url\":\"https:\\\/\\\/dehub.netgear.com\\\/de\\\/hub\\\/wp-content\\\/uploads\\\/2025\\\/08\\\/Wifi-and-security.jpg\",\"contentUrl\":\"https:\\\/\\\/dehub.netgear.com\\\/de\\\/hub\\\/wp-content\\\/uploads\\\/2025\\\/08\\\/Wifi-and-security.jpg\",\"width\":1496,\"height\":1019},{\"@type\":\"BreadcrumbList\",\"@id\":\"https:\\\/\\\/dehub.netgear.com\\\/de\\\/hub\\\/business\\\/enterprise-it\\\/netgear-erhalt-eu-red-cybersicherheitszertifizierung-fur-wi-fi-6-und-wi-fi-7-access-points\\\/#breadcrumb\",\"itemListElement\":[{\"@type\":\"ListItem\",\"position\":1,\"name\":\"Home\",\"item\":\"https:\\\/\\\/dehub.netgear.com\\\/de\\\/hub\\\/\"},{\"@type\":\"ListItem\",\"position\":2,\"name\":\"Business Articles Hub\",\"item\":\"https:\\\/\\\/dehub.netgear.com\\\/de\\\/hub\\\/business\\\/\"},{\"@type\":\"ListItem\",\"position\":3,\"name\":\"Business Networking Articles Hub\",\"item\":\"https:\\\/\\\/dehub.netgear.com\\\/de\\\/hub\\\/business\\\/enterprise-it\\\/\"},{\"@type\":\"ListItem\",\"position\":4,\"name\":\"NETGEAR erh\u00e4lt EU-RED-Cybersicherheitszertifizierung f\u00fcr Wi-Fi-6- und Wi-Fi-7-Access Points\"}]},{\"@type\":\"WebSite\",\"@id\":\"https:\\\/\\\/dehub.netgear.com\\\/de\\\/hub\\\/#website\",\"url\":\"https:\\\/\\\/dehub.netgear.com\\\/de\\\/hub\\\/\",\"name\":\"NETGEAR\",\"description\":\"Erkunden Sie unsere Hub-Seiten und st\u00f6bern Sie in Artikeln, um mehr \u00fcber NETGEAR Produkte und Technologien zu erfahren.\",\"publisher\":{\"@id\":\"https:\\\/\\\/dehub.netgear.com\\\/de\\\/hub\\\/#organization\"},\"potentialAction\":[{\"@type\":\"SearchAction\",\"target\":{\"@type\":\"EntryPoint\",\"urlTemplate\":\"https:\\\/\\\/dehub.netgear.com\\\/de\\\/hub\\\/?s={search_term_string}\"},\"query-input\":{\"@type\":\"PropertyValueSpecification\",\"valueRequired\":true,\"valueName\":\"search_term_string\"}}],\"inLanguage\":\"de\"},{\"@type\":\"Organization\",\"@id\":\"https:\\\/\\\/dehub.netgear.com\\\/de\\\/hub\\\/#organization\",\"name\":\"NETGEAR\",\"url\":\"https:\\\/\\\/dehub.netgear.com\\\/de\\\/hub\\\/\",\"logo\":{\"@type\":\"ImageObject\",\"inLanguage\":\"de\",\"@id\":\"https:\\\/\\\/dehub.netgear.com\\\/de\\\/hub\\\/#\\\/schema\\\/logo\\\/image\\\/\",\"url\":\"https:\\\/\\\/www.dehub.netgear.com\\\/de\\\/hub\\\/wp-content\\\/uploads\\\/2019\\\/07\\\/NETGEAR_logo.jpg\",\"contentUrl\":\"https:\\\/\\\/www.dehub.netgear.com\\\/de\\\/hub\\\/wp-content\\\/uploads\\\/2019\\\/07\\\/NETGEAR_logo.jpg\",\"width\":1500,\"height\":501,\"caption\":\"NETGEAR\"},\"image\":{\"@id\":\"https:\\\/\\\/dehub.netgear.com\\\/de\\\/hub\\\/#\\\/schema\\\/logo\\\/image\\\/\"},\"sameAs\":[\"https:\\\/\\\/www.facebook.com\\\/NetgearAU\\\/\",\"https:\\\/\\\/x.com\\\/NETGEAR\",\"https:\\\/\\\/www.linkedin.com\\\/company\\\/netgear\"]}]}<\/script>\n<!-- \/ Yoast SEO plugin. -->","yoast_head_json":{"title":"NETGEAR erh\u00e4lt EU-RED-Cybersicherheitszertifizierung f\u00fcr Wi-Fi-6- und Wi-Fi-7-Access Points - NETGEAR Hub","description":"NETGEAR freut sich, bekannt zu geben, dass unsere Wi-Fi-Access-Point-Serien WAX210, WAX610, WAX620, WAX605, WAX610W, WBE700, WBE710 und WBE750 offiziell die RED-Cybersicherheitszertifizierung gem\u00e4\u00df der Funkanlagenrichtlinie der Europ\u00e4ischen Union erhalten haben.Diese Zertifizierung stellt einen bedeutenden Meilenstein in unserem Engagement f\u00fcr Sicherheit, Konformit\u00e4t und Produktqualit\u00e4t dar \u2013 insbesondere in einer Zeit, in der drahtlose Netzwerke eine grundlegende Ebene jeder IT-Umgebung in Unternehmen bilden.","robots":{"index":"index","follow":"follow","max-snippet":"max-snippet:-1","max-image-preview":"max-image-preview:large","max-video-preview":"max-video-preview:-1"},"canonical":"https:\/\/dehub.netgear.com\/de\/hub\/business\/enterprise-it\/netgear-erhalt-eu-red-cybersicherheitszertifizierung-fur-wi-fi-6-und-wi-fi-7-access-points\/","og_locale":"de_DE","og_type":"article","og_title":"NETGEAR erh\u00e4lt EU-RED-Cybersicherheitszertifizierung f\u00fcr Wi-Fi-6- und Wi-Fi-7-Access Points - NETGEAR Hub","og_description":"NETGEAR freut sich, bekannt zu geben, dass unsere Wi-Fi-Access-Point-Serien WAX210, WAX610, WAX620, WAX605, WAX610W, WBE700, WBE710 und WBE750 offiziell die RED-Cybersicherheitszertifizierung gem\u00e4\u00df der Funkanlagenrichtlinie der Europ\u00e4ischen Union erhalten haben.Diese Zertifizierung stellt einen bedeutenden Meilenstein in unserem Engagement f\u00fcr Sicherheit, Konformit\u00e4t und Produktqualit\u00e4t dar \u2013 insbesondere in einer Zeit, in der drahtlose Netzwerke eine grundlegende Ebene jeder IT-Umgebung in Unternehmen bilden.","og_url":"https:\/\/dehub.netgear.com\/de\/hub\/business\/enterprise-it\/netgear-erhalt-eu-red-cybersicherheitszertifizierung-fur-wi-fi-6-und-wi-fi-7-access-points\/","og_site_name":"NETGEAR Hub","article_publisher":"https:\/\/www.facebook.com\/NetgearAU\/","article_modified_time":"2025-09-05T15:18:15+00:00","og_image":[{"width":1496,"height":1019,"url":"https:\/\/dehub.netgear.com\/de\/hub\/wp-content\/uploads\/2025\/08\/Wifi-and-security.jpg","type":"image\/jpeg"}],"twitter_card":"summary_large_image","twitter_site":"@NETGEAR","twitter_misc":{"Gesch\u00e4tzte Lesezeit":"3\u00a0Minuten"},"schema":{"@context":"https:\/\/schema.org","@graph":[{"@type":"WebPage","@id":"https:\/\/dehub.netgear.com\/de\/hub\/business\/enterprise-it\/netgear-erhalt-eu-red-cybersicherheitszertifizierung-fur-wi-fi-6-und-wi-fi-7-access-points\/","url":"https:\/\/dehub.netgear.com\/de\/hub\/business\/enterprise-it\/netgear-erhalt-eu-red-cybersicherheitszertifizierung-fur-wi-fi-6-und-wi-fi-7-access-points\/","name":"NETGEAR erh\u00e4lt EU-RED-Cybersicherheitszertifizierung f\u00fcr Wi-Fi-6- und Wi-Fi-7-Access Points - NETGEAR Hub","isPartOf":{"@id":"https:\/\/dehub.netgear.com\/de\/hub\/#website"},"primaryImageOfPage":{"@id":"https:\/\/dehub.netgear.com\/de\/hub\/business\/enterprise-it\/netgear-erhalt-eu-red-cybersicherheitszertifizierung-fur-wi-fi-6-und-wi-fi-7-access-points\/#primaryimage"},"image":{"@id":"https:\/\/dehub.netgear.com\/de\/hub\/business\/enterprise-it\/netgear-erhalt-eu-red-cybersicherheitszertifizierung-fur-wi-fi-6-und-wi-fi-7-access-points\/#primaryimage"},"thumbnailUrl":"https:\/\/dehub.netgear.com\/de\/hub\/wp-content\/uploads\/2025\/08\/Wifi-and-security.jpg","datePublished":"2025-08-13T10:11:15+00:00","dateModified":"2025-09-05T15:18:15+00:00","description":"NETGEAR freut sich, bekannt zu geben, dass unsere Wi-Fi-Access-Point-Serien WAX210, WAX610, WAX620, WAX605, WAX610W, WBE700, WBE710 und WBE750 offiziell die RED-Cybersicherheitszertifizierung gem\u00e4\u00df der Funkanlagenrichtlinie der Europ\u00e4ischen Union erhalten haben.Diese Zertifizierung stellt einen bedeutenden Meilenstein in unserem Engagement f\u00fcr Sicherheit, Konformit\u00e4t und Produktqualit\u00e4t dar \u2013 insbesondere in einer Zeit, in der drahtlose Netzwerke eine grundlegende Ebene jeder IT-Umgebung in Unternehmen bilden.","breadcrumb":{"@id":"https:\/\/dehub.netgear.com\/de\/hub\/business\/enterprise-it\/netgear-erhalt-eu-red-cybersicherheitszertifizierung-fur-wi-fi-6-und-wi-fi-7-access-points\/#breadcrumb"},"inLanguage":"de","potentialAction":[{"@type":"ReadAction","target":["https:\/\/dehub.netgear.com\/de\/hub\/business\/enterprise-it\/netgear-erhalt-eu-red-cybersicherheitszertifizierung-fur-wi-fi-6-und-wi-fi-7-access-points\/"]}]},{"@type":"ImageObject","inLanguage":"de","@id":"https:\/\/dehub.netgear.com\/de\/hub\/business\/enterprise-it\/netgear-erhalt-eu-red-cybersicherheitszertifizierung-fur-wi-fi-6-und-wi-fi-7-access-points\/#primaryimage","url":"https:\/\/dehub.netgear.com\/de\/hub\/wp-content\/uploads\/2025\/08\/Wifi-and-security.jpg","contentUrl":"https:\/\/dehub.netgear.com\/de\/hub\/wp-content\/uploads\/2025\/08\/Wifi-and-security.jpg","width":1496,"height":1019},{"@type":"BreadcrumbList","@id":"https:\/\/dehub.netgear.com\/de\/hub\/business\/enterprise-it\/netgear-erhalt-eu-red-cybersicherheitszertifizierung-fur-wi-fi-6-und-wi-fi-7-access-points\/#breadcrumb","itemListElement":[{"@type":"ListItem","position":1,"name":"Home","item":"https:\/\/dehub.netgear.com\/de\/hub\/"},{"@type":"ListItem","position":2,"name":"Business Articles Hub","item":"https:\/\/dehub.netgear.com\/de\/hub\/business\/"},{"@type":"ListItem","position":3,"name":"Business Networking Articles Hub","item":"https:\/\/dehub.netgear.com\/de\/hub\/business\/enterprise-it\/"},{"@type":"ListItem","position":4,"name":"NETGEAR erh\u00e4lt EU-RED-Cybersicherheitszertifizierung f\u00fcr Wi-Fi-6- und Wi-Fi-7-Access Points"}]},{"@type":"WebSite","@id":"https:\/\/dehub.netgear.com\/de\/hub\/#website","url":"https:\/\/dehub.netgear.com\/de\/hub\/","name":"NETGEAR","description":"Erkunden Sie unsere Hub-Seiten und st\u00f6bern Sie in Artikeln, um mehr \u00fcber NETGEAR Produkte und Technologien zu erfahren.","publisher":{"@id":"https:\/\/dehub.netgear.com\/de\/hub\/#organization"},"potentialAction":[{"@type":"SearchAction","target":{"@type":"EntryPoint","urlTemplate":"https:\/\/dehub.netgear.com\/de\/hub\/?s={search_term_string}"},"query-input":{"@type":"PropertyValueSpecification","valueRequired":true,"valueName":"search_term_string"}}],"inLanguage":"de"},{"@type":"Organization","@id":"https:\/\/dehub.netgear.com\/de\/hub\/#organization","name":"NETGEAR","url":"https:\/\/dehub.netgear.com\/de\/hub\/","logo":{"@type":"ImageObject","inLanguage":"de","@id":"https:\/\/dehub.netgear.com\/de\/hub\/#\/schema\/logo\/image\/","url":"https:\/\/www.dehub.netgear.com\/de\/hub\/wp-content\/uploads\/2019\/07\/NETGEAR_logo.jpg","contentUrl":"https:\/\/www.dehub.netgear.com\/de\/hub\/wp-content\/uploads\/2019\/07\/NETGEAR_logo.jpg","width":1500,"height":501,"caption":"NETGEAR"},"image":{"@id":"https:\/\/dehub.netgear.com\/de\/hub\/#\/schema\/logo\/image\/"},"sameAs":["https:\/\/www.facebook.com\/NetgearAU\/","https:\/\/x.com\/NETGEAR","https:\/\/www.linkedin.com\/company\/netgear"]}]}},"_links":{"self":[{"href":"https:\/\/dehub.netgear.com\/de\/hub\/wp-json\/wp\/v2\/pages\/10385","targetHints":{"allow":["GET"]}}],"collection":[{"href":"https:\/\/dehub.netgear.com\/de\/hub\/wp-json\/wp\/v2\/pages"}],"about":[{"href":"https:\/\/dehub.netgear.com\/de\/hub\/wp-json\/wp\/v2\/types\/page"}],"author":[{"embeddable":true,"href":"https:\/\/dehub.netgear.com\/de\/hub\/wp-json\/wp\/v2\/users\/90"}],"replies":[{"embeddable":true,"href":"https:\/\/dehub.netgear.com\/de\/hub\/wp-json\/wp\/v2\/comments?post=10385"}],"version-history":[{"count":14,"href":"https:\/\/dehub.netgear.com\/de\/hub\/wp-json\/wp\/v2\/pages\/10385\/revisions"}],"predecessor-version":[{"id":10527,"href":"https:\/\/dehub.netgear.com\/de\/hub\/wp-json\/wp\/v2\/pages\/10385\/revisions\/10527"}],"up":[{"embeddable":true,"href":"https:\/\/dehub.netgear.com\/de\/hub\/wp-json\/wp\/v2\/pages\/6714"}],"wp:featuredmedia":[{"embeddable":true,"href":"https:\/\/dehub.netgear.com\/de\/hub\/wp-json\/wp\/v2\/media\/10406"}],"wp:attachment":[{"href":"https:\/\/dehub.netgear.com\/de\/hub\/wp-json\/wp\/v2\/media?parent=10385"}],"curies":[{"name":"wp","href":"https:\/\/api.w.org\/{rel}","templated":true}]}}