{"id":10302,"date":"2025-06-25T15:31:08","date_gmt":"2025-06-25T13:31:08","guid":{"rendered":"https:\/\/dehub.netgear.com\/de\/hub\/business\/av\/lightware-und-netgear-haben-eine-erweiterte-partnerschaft-angekundigt-2\/"},"modified":"2025-09-12T07:49:12","modified_gmt":"2025-09-12T05:49:12","slug":"mmg-global-hybrid-events-netgear-axis","status":"publish","type":"page","link":"https:\/\/dehub.netgear.com\/de\/hub\/business\/av\/mmg-global-hybrid-events-netgear-axis\/","title":{"rendered":"Die NETGEAR M4250 Switches und die Axis-Plattform erm\u00f6glichten ein reibungsloses virtuelles Event in 26 L\u00e4ndern"},"content":{"rendered":"<p>NETGEAR AVs neuer industrieller Partner.    <div class=\"table-of-content bg-gray\">\n        <p><strong>IN THIS ARTICLE<\/strong><\/p>\n        <ul>\n                        <li><a href=\"#topic1\">FEHLERFREIES AV OVER IP: DIE NETGEAR AV M4250 SERIE<\/a><\/li>\n                        <li><a href=\"#topic2\">MMG EVENTS: EINE MEISTERLEISTUNG IM HYBRIDEN BROADCASTING<\/a><\/li>\n                        <li><a href=\"#topic3\">AXIS: DAS ZENTRALE ELEMENT<\/a><\/li>\n                        <li><a href=\"#topic4\">WARUM DIESE ZUSAMMENARBEIT WICHTIG IST<\/a><\/li>\n                        <li><a href=\"#topic5\">ERKL\u00c4RVIDEO<\/a><\/li>\n                        <li><a href=\"#topic6\">RESSOURCEN<\/a><\/li>\n                        <li><a href=\"#topic7\">MEHR INFORMATIONEN<\/a><\/li>\n                    <\/ul>\n    <\/div>\n        <div id=\"topic1\" class=\"skip-item\">\n                <div class=\"skip-ftr-img\">\n            <img decoding=\"async\" src=\"https:\/\/dehub.netgear.com\/de\/hub\/wp-content\/uploads\/2025\/06\/MMC_Axis.webp\" alt=\"\">\n        <\/div>\n                        <h2>FEHLERFREIES AV OVER IP: DIE NETGEAR AV M4250 SERIE<\/h2>\n                <p>Die Zusammenarbeit zwischen NETGEAR AV und MMG Events zeigt, wie speziell entwickelte Netzwerktechnologie die globale Eventproduktion revolutionieren kann. Im Zentrum dieser Zusammenarbeit steht die NETGEAR M4250 AV-Serie von Managed Switches. Diese Switches wurden speziell f\u00fcr AV over IP entwickelt und bieten wichtige Funktionen wie vorkonfigurierte Profile f\u00fcr Dante, NDI, AES67, Q-SYS und AVB. Mit NETGEARs IGMP Plus\u2122 f\u00fcr sofortige Multicast-Konfiguration, r\u00fcckseitig angebrachten Ports f\u00fcr saubere Rack-Installationen und einem ger\u00e4uschlosen, l\u00fcfterlosen Design sind die M4250 ideal f\u00fcr mobile und station\u00e4re Event-Umgebungen geeignet.<\/p>\n    <\/div>\n        <div id=\"topic2\" class=\"skip-item\">\n                        <h2>MMG EVENTS: EINE MEISTERLEISTUNG IM HYBRIDEN BROADCASTING<\/h2>\n                <p>MMG Events setzte neue Ma\u00dfst\u00e4be mit einem viert\u00e4gigen globalen Festival, das sich \u00fcber 26 L\u00e4nder erstreckte und \u00fcber 60.000 Teilnehmer zusammenbrachte. Die Produktion basierte auf mehr als 200 NDI-Videosignalen, die zentral geroutet und \u00fcberwacht wurden, um Qualit\u00e4t und Leistung sicherzustellen. Die Infrastruktur verf\u00fcgte \u00fcber dreifache Redundanz bei Stromversorgung, Internet und Streaming-Protokollen (darunter SRT, RTMP und Microsoft Teams), was nahezu 100\u202f% Betriebszeit erm\u00f6glichte. Von 150 Sessions erlebten nur zwei geringf\u00fcgige Verz\u00f6gerungen \u2013 beide wurden innerhalb einer Minute behoben.<\/p>\n    <\/div>\n        <div id=\"topic3\" class=\"skip-item\">\n                        <h2>AXIS: DAS ZENTRALE ELEMENT<\/h2>\n                <p>Die Axis-Plattform spielte eine entscheidende Rolle f\u00fcr den Erfolg dieses Events. Als leistungsstarker AV-Signalwandler und -Hub erm\u00f6glichte Axis MMG eine flexible Skalierung ihrer Workflows. Sie bot eine enorme Erweiterung der Ein- und Ausg\u00e4nge sowie eine nahtlose Protokollkonvertierung und integrierte sich nativ in vMix f\u00fcr die Content-Produktion. Laut dem MMG-Team bot Axis \u201ev\u00f6llige Freiheit bei der Signalumwandlung, eine riesige Anzahl an Ausg\u00e4ngen und vMix lief direkt darauf.\u201c Ihre Leistung vor Ort machte Axis zum R\u00fcckgrat einer leistungsstarken, latenzarmen und skalierbaren AV-Infrastruktur.<\/p>\n    <\/div>\n        <div id=\"topic4\" class=\"skip-item\">\n                        <h2>WARUM DIESE ZUSAMMENARBEIT WICHTIG IST<\/h2>\n                <p>Diese Partnerschaft zeigt, was m\u00f6glich ist, wenn AV-Tools ma\u00dfgeschneidert und nahtlos integriert sind. Durch die Nutzung der NETGEAR M4250 Switches und der Axis-Plattform konnte MMG:<\/p>\n<ul>\n<li>Ein komplexes AV-Netzwerk schnell weltweit bereitstellen<\/li>\n<li>\u00dcber 200 NDI-Signale problemlos verarbeiten<\/li>\n<li>Risiken durch robuste Redundanz minimieren<\/li>\n<li>Eine reibungslose, hochwertige Erfahrung f\u00fcr zehntausende Teilnehmer weltweit bieten<\/li>\n<\/ul>\n<p>Wie Ryan Majchrowski, CEO von MMG, sagte: <em>\u201eLive gibt es nur einmal \u2013 Redundanz ist der Schl\u00fcssel.\u201c<\/em><\/p>\n<p>Mit Axis, NDI und NETGEAR hat MMG bewiesen, dass selbst die anspruchsvollsten Events einwandfrei durchgef\u00fchrt werden k\u00f6nnen.<\/p>\n<p>Diese Zusammenarbeit setzt einen neuen Ma\u00dfstab f\u00fcr hybride und virtuelle Veranstaltungen. Sie ist ein Paradebeispiel daf\u00fcr, wie die richtige Netzwerkinfrastruktur und AV-Plattformen Kreativprofis dabei helfen, Grenzen zu \u00fcberschreiten \u2013 ohne Einbu\u00dfen bei Zuverl\u00e4ssigkeit oder Leistung.<\/p>\n<p>Treffen Sie NETGEAR live auf der IBC in Amsterdam im September 2025.<\/p>\n    <\/div>\n        <div id=\"topic5\" class=\"skip-item\">\n                        <h2>ERKL\u00c4RVIDEO<\/h2>\n                <p align=\"center\"><iframe loading=\"lazy\" src=\"https:\/\/www.youtube.com\/embed\/LfUauYQJzL4?si=pgRo1FACytWbEH7y\" width=\"560\" height=\"315\" frameborder=\"0\" allowfullscreen=\"allowfullscreen\"><\/iframe><\/p>\n    <\/div>\n        <div id=\"topic6\" class=\"skip-item\">\n                        <h2>RESSOURCEN<\/h2>\n                <p>NDI \u2013 Hintergrund: <a href=\"https:\/\/ndi.video\/stories\/the-fabric-of-global-hybrid-and-virtual-live-events\/\" target=\"_blank\" rel=\"noopener\">https:\/\/ndi.video\/stories\/the-fabric-of-global-hybrid-and-virtual-live-events\/<\/a><br \/>\nMMG Axis Appliance: <a href=\"https:\/\/mmgaxis.io\/\" target=\"_blank\" rel=\"noopener\">https:\/\/mmgaxis.io\/<\/a><br \/>\nNETGEAR AV f\u00fcr NDI: <a href=\"https:\/\/www.netgear.com\/hub\/business\/av\/switches-streaming-av-over-ip\/\" target=\"_blank\" rel=\"noopener\">https:\/\/www.netgear.com\/hub\/business\/av\/switches-streaming-av-over-ip\/<\/a><\/p>\n    <\/div>\n        <div id=\"topic7\" class=\"skip-item\">\n                        <h2>MEHR INFORMATIONEN<\/h2>\n                <p>Unsere Ingenieure unterst\u00fctzen Sie kostenlos bei Ihren AV-Projekten.<\/p>\n<p><a style=\"background-color: #26e880;border: 0px none #000000;border-radius: 50px;color: #2c262d;font-size: 16px;font-family: Inter,sans-serif;font-style: normal;font-weight: 500;text-decoration: none;width: 100%;padding: 16px 24px 16px 24px\" href=\"https:\/\/www.netgear.com\/de\/business\/av\/services\/proav-designsupport\/?hsCtaAttrib=207818050288#contactformsupport\" target=\"_blank\" rel=\"noopener\">KONTAKTIEREN SIE DEN PROAV-SUPPORT<\/a><\/p>\n<p>Erfahren Sie alles \u00fcber IP-Netzwerke in unserer NETGEAR ACADEMY.<\/p>\n<p><a style=\"background-color: #26e880;border: 0px none #000000;border-radius: 50px;color: #2c262d;font-size: 16px;font-family: Inter,sans-serif;font-style: normal;font-weight: 500;text-decoration: none;width: 100%;padding: 16px 24px 16px 24px\" href=\"https:\/\/academy.netgear.com\/course\/index.php?categoryid=2&amp;hsCtaAttrib=207830330055\" target=\"_blank\" rel=\"noopener\">NETGEAR ACADEMY<\/a><\/p>\n<p>Mehr Informationen zu unseren AV-L\u00f6sungen<\/p>\n<p><a style=\"background-color: #26e880;border: 0px none #000000;border-radius: 50px;color: #2c262d;font-size: 16px;font-family: Inter,sans-serif;font-style: normal;font-weight: 500;text-decoration: none;width: 100%;padding: 16px 24px 16px 24px\" href=\"https:\/\/www.netgear.com\/de\/business\/av\/?hsCtaAttrib=207665517270\" target=\"_blank\" rel=\"noopener\">NETGEAR AV L\u00d6SUNGEN<\/a><\/p>\n<p><iframe loading=\"lazy\" src=\"https:\/\/405nrr.share-na2.hsforms.com\/25w_D-U5iS-e5KaSaP86jnQ\" width=\"100%\" height=\"1200px\"><\/iframe><\/p>\n    <\/div>\n    <\/p>\n","protected":false},"excerpt":{"rendered":"<p>NETGEAR AVs neuer industrieller Partner.<\/p>\n","protected":false},"author":90,"featured_media":10305,"parent":6754,"menu_order":11,"comment_status":"closed","ping_status":"closed","template":"templates\/blog-wifi.php","meta":{"_acf_changed":false,"footnotes":""},"class_list":["post-10302","page","type-page","status-publish","has-post-thumbnail","hentry"],"acf":[],"yoast_head":"<!-- This site is optimized with the Yoast SEO plugin v27.4 - https:\/\/yoast.com\/product\/yoast-seo-wordpress\/ -->\n<title>Die NETGEAR M4250 Switches und die Axis-Plattform erm\u00f6glichten ein reibungsloses virtuelles Event in 26 L\u00e4ndern - NETGEAR Hub<\/title>\n<meta name=\"description\" content=\"NETGEAR und die Axis-Plattform erm\u00f6glichten ein reibungsloses virtuelles Event in 26 L\u00e4ndern\" \/>\n<meta name=\"robots\" content=\"index, follow, max-snippet:-1, max-image-preview:large, max-video-preview:-1\" \/>\n<link rel=\"canonical\" href=\"https:\/\/dehub.netgear.com\/de\/hub\/business\/av\/mmg-global-hybrid-events-netgear-axis\/\" \/>\n<meta property=\"og:locale\" content=\"de_DE\" \/>\n<meta property=\"og:type\" content=\"article\" \/>\n<meta property=\"og:title\" content=\"Die NETGEAR M4250 Switches und die Axis-Plattform erm\u00f6glichten ein reibungsloses virtuelles Event in 26 L\u00e4ndern - NETGEAR Hub\" \/>\n<meta property=\"og:description\" content=\"NETGEAR und die Axis-Plattform erm\u00f6glichten ein reibungsloses virtuelles Event in 26 L\u00e4ndern\" \/>\n<meta property=\"og:url\" content=\"https:\/\/dehub.netgear.com\/de\/hub\/business\/av\/mmg-global-hybrid-events-netgear-axis\/\" \/>\n<meta property=\"og:site_name\" content=\"NETGEAR Hub\" \/>\n<meta property=\"article:publisher\" content=\"https:\/\/www.facebook.com\/NetgearAU\/\" \/>\n<meta property=\"article:modified_time\" content=\"2025-09-12T05:49:12+00:00\" \/>\n<meta property=\"og:image\" content=\"https:\/\/dehub.netgear.com\/de\/hub\/wp-content\/uploads\/2025\/06\/axiS-M4250.png\" \/>\n\t<meta property=\"og:image:width\" content=\"383\" \/>\n\t<meta property=\"og:image:height\" content=\"288\" \/>\n\t<meta property=\"og:image:type\" content=\"image\/png\" \/>\n<meta name=\"twitter:card\" content=\"summary_large_image\" \/>\n<meta name=\"twitter:site\" content=\"@NETGEAR\" \/>\n<script type=\"application\/ld+json\" class=\"yoast-schema-graph\">{\"@context\":\"https:\\\/\\\/schema.org\",\"@graph\":[{\"@type\":\"WebPage\",\"@id\":\"https:\\\/\\\/dehub.netgear.com\\\/de\\\/hub\\\/business\\\/av\\\/mmg-global-hybrid-events-netgear-axis\\\/\",\"url\":\"https:\\\/\\\/dehub.netgear.com\\\/de\\\/hub\\\/business\\\/av\\\/mmg-global-hybrid-events-netgear-axis\\\/\",\"name\":\"Die NETGEAR M4250 Switches und die Axis-Plattform erm\u00f6glichten ein reibungsloses virtuelles Event in 26 L\u00e4ndern - NETGEAR Hub\",\"isPartOf\":{\"@id\":\"https:\\\/\\\/dehub.netgear.com\\\/de\\\/hub\\\/#website\"},\"primaryImageOfPage\":{\"@id\":\"https:\\\/\\\/dehub.netgear.com\\\/de\\\/hub\\\/business\\\/av\\\/mmg-global-hybrid-events-netgear-axis\\\/#primaryimage\"},\"image\":{\"@id\":\"https:\\\/\\\/dehub.netgear.com\\\/de\\\/hub\\\/business\\\/av\\\/mmg-global-hybrid-events-netgear-axis\\\/#primaryimage\"},\"thumbnailUrl\":\"https:\\\/\\\/dehub.netgear.com\\\/de\\\/hub\\\/wp-content\\\/uploads\\\/2025\\\/06\\\/axiS-M4250.png\",\"datePublished\":\"2025-06-25T13:31:08+00:00\",\"dateModified\":\"2025-09-12T05:49:12+00:00\",\"description\":\"NETGEAR und die Axis-Plattform erm\u00f6glichten ein reibungsloses virtuelles Event in 26 L\u00e4ndern\",\"breadcrumb\":{\"@id\":\"https:\\\/\\\/dehub.netgear.com\\\/de\\\/hub\\\/business\\\/av\\\/mmg-global-hybrid-events-netgear-axis\\\/#breadcrumb\"},\"inLanguage\":\"de\",\"potentialAction\":[{\"@type\":\"ReadAction\",\"target\":[\"https:\\\/\\\/dehub.netgear.com\\\/de\\\/hub\\\/business\\\/av\\\/mmg-global-hybrid-events-netgear-axis\\\/\"]}]},{\"@type\":\"ImageObject\",\"inLanguage\":\"de\",\"@id\":\"https:\\\/\\\/dehub.netgear.com\\\/de\\\/hub\\\/business\\\/av\\\/mmg-global-hybrid-events-netgear-axis\\\/#primaryimage\",\"url\":\"https:\\\/\\\/dehub.netgear.com\\\/de\\\/hub\\\/wp-content\\\/uploads\\\/2025\\\/06\\\/axiS-M4250.png\",\"contentUrl\":\"https:\\\/\\\/dehub.netgear.com\\\/de\\\/hub\\\/wp-content\\\/uploads\\\/2025\\\/06\\\/axiS-M4250.png\",\"width\":383,\"height\":288},{\"@type\":\"BreadcrumbList\",\"@id\":\"https:\\\/\\\/dehub.netgear.com\\\/de\\\/hub\\\/business\\\/av\\\/mmg-global-hybrid-events-netgear-axis\\\/#breadcrumb\",\"itemListElement\":[{\"@type\":\"ListItem\",\"position\":1,\"name\":\"Home\",\"item\":\"https:\\\/\\\/dehub.netgear.com\\\/de\\\/hub\\\/\"},{\"@type\":\"ListItem\",\"position\":2,\"name\":\"Business Articles Hub\",\"item\":\"https:\\\/\\\/dehub.netgear.com\\\/de\\\/hub\\\/business\\\/\"},{\"@type\":\"ListItem\",\"position\":3,\"name\":\"Business AV\",\"item\":\"https:\\\/\\\/dehub.netgear.com\\\/de\\\/hub\\\/business\\\/av\\\/\"},{\"@type\":\"ListItem\",\"position\":4,\"name\":\"Die NETGEAR M4250 Switches und die Axis-Plattform erm\u00f6glichten ein reibungsloses virtuelles Event in 26 L\u00e4ndern\"}]},{\"@type\":\"WebSite\",\"@id\":\"https:\\\/\\\/dehub.netgear.com\\\/de\\\/hub\\\/#website\",\"url\":\"https:\\\/\\\/dehub.netgear.com\\\/de\\\/hub\\\/\",\"name\":\"NETGEAR\",\"description\":\"Erkunden Sie unsere Hub-Seiten und st\u00f6bern Sie in Artikeln, um mehr \u00fcber NETGEAR Produkte und Technologien zu erfahren.\",\"publisher\":{\"@id\":\"https:\\\/\\\/dehub.netgear.com\\\/de\\\/hub\\\/#organization\"},\"potentialAction\":[{\"@type\":\"SearchAction\",\"target\":{\"@type\":\"EntryPoint\",\"urlTemplate\":\"https:\\\/\\\/dehub.netgear.com\\\/de\\\/hub\\\/?s={search_term_string}\"},\"query-input\":{\"@type\":\"PropertyValueSpecification\",\"valueRequired\":true,\"valueName\":\"search_term_string\"}}],\"inLanguage\":\"de\"},{\"@type\":\"Organization\",\"@id\":\"https:\\\/\\\/dehub.netgear.com\\\/de\\\/hub\\\/#organization\",\"name\":\"NETGEAR\",\"url\":\"https:\\\/\\\/dehub.netgear.com\\\/de\\\/hub\\\/\",\"logo\":{\"@type\":\"ImageObject\",\"inLanguage\":\"de\",\"@id\":\"https:\\\/\\\/dehub.netgear.com\\\/de\\\/hub\\\/#\\\/schema\\\/logo\\\/image\\\/\",\"url\":\"https:\\\/\\\/www.dehub.netgear.com\\\/de\\\/hub\\\/wp-content\\\/uploads\\\/2019\\\/07\\\/NETGEAR_logo.jpg\",\"contentUrl\":\"https:\\\/\\\/www.dehub.netgear.com\\\/de\\\/hub\\\/wp-content\\\/uploads\\\/2019\\\/07\\\/NETGEAR_logo.jpg\",\"width\":1500,\"height\":501,\"caption\":\"NETGEAR\"},\"image\":{\"@id\":\"https:\\\/\\\/dehub.netgear.com\\\/de\\\/hub\\\/#\\\/schema\\\/logo\\\/image\\\/\"},\"sameAs\":[\"https:\\\/\\\/www.facebook.com\\\/NetgearAU\\\/\",\"https:\\\/\\\/x.com\\\/NETGEAR\",\"https:\\\/\\\/www.linkedin.com\\\/company\\\/netgear\"]}]}<\/script>\n<!-- \/ Yoast SEO plugin. -->","yoast_head_json":{"title":"Die NETGEAR M4250 Switches und die Axis-Plattform erm\u00f6glichten ein reibungsloses virtuelles Event in 26 L\u00e4ndern - NETGEAR Hub","description":"NETGEAR und die Axis-Plattform erm\u00f6glichten ein reibungsloses virtuelles Event in 26 L\u00e4ndern","robots":{"index":"index","follow":"follow","max-snippet":"max-snippet:-1","max-image-preview":"max-image-preview:large","max-video-preview":"max-video-preview:-1"},"canonical":"https:\/\/dehub.netgear.com\/de\/hub\/business\/av\/mmg-global-hybrid-events-netgear-axis\/","og_locale":"de_DE","og_type":"article","og_title":"Die NETGEAR M4250 Switches und die Axis-Plattform erm\u00f6glichten ein reibungsloses virtuelles Event in 26 L\u00e4ndern - NETGEAR Hub","og_description":"NETGEAR und die Axis-Plattform erm\u00f6glichten ein reibungsloses virtuelles Event in 26 L\u00e4ndern","og_url":"https:\/\/dehub.netgear.com\/de\/hub\/business\/av\/mmg-global-hybrid-events-netgear-axis\/","og_site_name":"NETGEAR Hub","article_publisher":"https:\/\/www.facebook.com\/NetgearAU\/","article_modified_time":"2025-09-12T05:49:12+00:00","og_image":[{"width":383,"height":288,"url":"https:\/\/dehub.netgear.com\/de\/hub\/wp-content\/uploads\/2025\/06\/axiS-M4250.png","type":"image\/png"}],"twitter_card":"summary_large_image","twitter_site":"@NETGEAR","schema":{"@context":"https:\/\/schema.org","@graph":[{"@type":"WebPage","@id":"https:\/\/dehub.netgear.com\/de\/hub\/business\/av\/mmg-global-hybrid-events-netgear-axis\/","url":"https:\/\/dehub.netgear.com\/de\/hub\/business\/av\/mmg-global-hybrid-events-netgear-axis\/","name":"Die NETGEAR M4250 Switches und die Axis-Plattform erm\u00f6glichten ein reibungsloses virtuelles Event in 26 L\u00e4ndern - NETGEAR Hub","isPartOf":{"@id":"https:\/\/dehub.netgear.com\/de\/hub\/#website"},"primaryImageOfPage":{"@id":"https:\/\/dehub.netgear.com\/de\/hub\/business\/av\/mmg-global-hybrid-events-netgear-axis\/#primaryimage"},"image":{"@id":"https:\/\/dehub.netgear.com\/de\/hub\/business\/av\/mmg-global-hybrid-events-netgear-axis\/#primaryimage"},"thumbnailUrl":"https:\/\/dehub.netgear.com\/de\/hub\/wp-content\/uploads\/2025\/06\/axiS-M4250.png","datePublished":"2025-06-25T13:31:08+00:00","dateModified":"2025-09-12T05:49:12+00:00","description":"NETGEAR und die Axis-Plattform erm\u00f6glichten ein reibungsloses virtuelles Event in 26 L\u00e4ndern","breadcrumb":{"@id":"https:\/\/dehub.netgear.com\/de\/hub\/business\/av\/mmg-global-hybrid-events-netgear-axis\/#breadcrumb"},"inLanguage":"de","potentialAction":[{"@type":"ReadAction","target":["https:\/\/dehub.netgear.com\/de\/hub\/business\/av\/mmg-global-hybrid-events-netgear-axis\/"]}]},{"@type":"ImageObject","inLanguage":"de","@id":"https:\/\/dehub.netgear.com\/de\/hub\/business\/av\/mmg-global-hybrid-events-netgear-axis\/#primaryimage","url":"https:\/\/dehub.netgear.com\/de\/hub\/wp-content\/uploads\/2025\/06\/axiS-M4250.png","contentUrl":"https:\/\/dehub.netgear.com\/de\/hub\/wp-content\/uploads\/2025\/06\/axiS-M4250.png","width":383,"height":288},{"@type":"BreadcrumbList","@id":"https:\/\/dehub.netgear.com\/de\/hub\/business\/av\/mmg-global-hybrid-events-netgear-axis\/#breadcrumb","itemListElement":[{"@type":"ListItem","position":1,"name":"Home","item":"https:\/\/dehub.netgear.com\/de\/hub\/"},{"@type":"ListItem","position":2,"name":"Business Articles Hub","item":"https:\/\/dehub.netgear.com\/de\/hub\/business\/"},{"@type":"ListItem","position":3,"name":"Business AV","item":"https:\/\/dehub.netgear.com\/de\/hub\/business\/av\/"},{"@type":"ListItem","position":4,"name":"Die NETGEAR M4250 Switches und die Axis-Plattform erm\u00f6glichten ein reibungsloses virtuelles Event in 26 L\u00e4ndern"}]},{"@type":"WebSite","@id":"https:\/\/dehub.netgear.com\/de\/hub\/#website","url":"https:\/\/dehub.netgear.com\/de\/hub\/","name":"NETGEAR","description":"Erkunden Sie unsere Hub-Seiten und st\u00f6bern Sie in Artikeln, um mehr \u00fcber NETGEAR Produkte und Technologien zu erfahren.","publisher":{"@id":"https:\/\/dehub.netgear.com\/de\/hub\/#organization"},"potentialAction":[{"@type":"SearchAction","target":{"@type":"EntryPoint","urlTemplate":"https:\/\/dehub.netgear.com\/de\/hub\/?s={search_term_string}"},"query-input":{"@type":"PropertyValueSpecification","valueRequired":true,"valueName":"search_term_string"}}],"inLanguage":"de"},{"@type":"Organization","@id":"https:\/\/dehub.netgear.com\/de\/hub\/#organization","name":"NETGEAR","url":"https:\/\/dehub.netgear.com\/de\/hub\/","logo":{"@type":"ImageObject","inLanguage":"de","@id":"https:\/\/dehub.netgear.com\/de\/hub\/#\/schema\/logo\/image\/","url":"https:\/\/www.dehub.netgear.com\/de\/hub\/wp-content\/uploads\/2019\/07\/NETGEAR_logo.jpg","contentUrl":"https:\/\/www.dehub.netgear.com\/de\/hub\/wp-content\/uploads\/2019\/07\/NETGEAR_logo.jpg","width":1500,"height":501,"caption":"NETGEAR"},"image":{"@id":"https:\/\/dehub.netgear.com\/de\/hub\/#\/schema\/logo\/image\/"},"sameAs":["https:\/\/www.facebook.com\/NetgearAU\/","https:\/\/x.com\/NETGEAR","https:\/\/www.linkedin.com\/company\/netgear"]}]}},"_links":{"self":[{"href":"https:\/\/dehub.netgear.com\/de\/hub\/wp-json\/wp\/v2\/pages\/10302","targetHints":{"allow":["GET"]}}],"collection":[{"href":"https:\/\/dehub.netgear.com\/de\/hub\/wp-json\/wp\/v2\/pages"}],"about":[{"href":"https:\/\/dehub.netgear.com\/de\/hub\/wp-json\/wp\/v2\/types\/page"}],"author":[{"embeddable":true,"href":"https:\/\/dehub.netgear.com\/de\/hub\/wp-json\/wp\/v2\/users\/90"}],"replies":[{"embeddable":true,"href":"https:\/\/dehub.netgear.com\/de\/hub\/wp-json\/wp\/v2\/comments?post=10302"}],"version-history":[{"count":4,"href":"https:\/\/dehub.netgear.com\/de\/hub\/wp-json\/wp\/v2\/pages\/10302\/revisions"}],"predecessor-version":[{"id":10647,"href":"https:\/\/dehub.netgear.com\/de\/hub\/wp-json\/wp\/v2\/pages\/10302\/revisions\/10647"}],"up":[{"embeddable":true,"href":"https:\/\/dehub.netgear.com\/de\/hub\/wp-json\/wp\/v2\/pages\/6754"}],"wp:featuredmedia":[{"embeddable":true,"href":"https:\/\/dehub.netgear.com\/de\/hub\/wp-json\/wp\/v2\/media\/10305"}],"wp:attachment":[{"href":"https:\/\/dehub.netgear.com\/de\/hub\/wp-json\/wp\/v2\/media?parent=10302"}],"curies":[{"name":"wp","href":"https:\/\/api.w.org\/{rel}","templated":true}]}}