{"id":10294,"date":"2025-06-06T14:42:22","date_gmt":"2025-06-06T12:42:22","guid":{"rendered":"https:\/\/dehub.netgear.com\/de\/hub\/business\/av\/vizrt-prasentiert-seine-innovationen-um-die-produktion-mit-netgear-av-zu-vereinfachen-2\/"},"modified":"2025-06-06T15:03:53","modified_gmt":"2025-06-06T13:03:53","slug":"neue-m4350-switches-definieren-professionelle-installationen-neu","status":"publish","type":"page","link":"https:\/\/dehub.netgear.com\/de\/hub\/business\/av\/neue-m4350-switches-definieren-professionelle-installationen-neu\/","title":{"rendered":"Neue M4350-Switches definieren professionelle Installationen neu"},"content":{"rendered":"<p>Wir stellen vier bahnbrechende M4350-Switches vor, die Leistung auf Enterprise-Niveau mit der intuitiven Bedienung liefern, die AV-Profis erwarten.<br \/>\n<strong>Revolution\u00e4re Funktionen f\u00fcr reale Herausforderungen<\/strong>     <div class=\"table-of-content bg-gray\">\n        <p><strong>IN THIS ARTICLE<\/strong><\/p>\n        <ul>\n                        <li><a href=\"#topic1\">NEUE M4350-SWITCHES DEFINIEREN PROFESSIONELLE INSTALLATIONEN NEU<\/a><\/li>\n                        <li><a href=\"#topic2\">FARBE INS SPIEL BRINGEN<\/a><\/li>\n                        <li><a href=\"#topic3\">PR\u00c4ZISION AUF RUNDFUNK-NIVEAU<\/a><\/li>\n                        <li><a href=\"#topic4\">WEITERE PROFESSIONELLE FUNKTIONEN<\/a><\/li>\n                        <li><a href=\"#topic5\">DIE KOMPLETTE PRODUKTLINIE<\/a><\/li>\n                        <li><a href=\"#topic6\">MEHR ALS NUR HARDWARE<\/a><\/li>\n                        <li><a href=\"#topic7\">ANWENDUNGEN IN DER PRAXIS<\/a><\/li>\n                    <\/ul>\n    <\/div>\n        <div id=\"topic1\" class=\"skip-item\">\n                        <h2>NEUE M4350-SWITCHES DEFINIEREN PROFESSIONELLE INSTALLATIONEN NEU<\/h2>\n                <p><img loading=\"lazy\" decoding=\"async\" class=\" wp-image-10295 alignleft\" src=\"https:\/\/dehub.netgear.com\/de\/hub\/wp-content\/uploads\/2025\/06\/visuel-new-M3450-300x169.jpg\" alt=\"\" width=\"229\" height=\"92\" \/>Wir pr\u00e4sentieren vier revolution\u00e4re M4350-Switches, die Unternehmensleistung mit der benutzerfreundlichen Bedienung verbinden, die Medienprofis erwarten.<\/p>\n<p><strong>Revolution\u00e4re Funktionen f\u00fcr reale Herausforderungen<\/strong><\/p>\n    <\/div>\n        <div id=\"topic2\" class=\"skip-item\">\n                        <h2>FARBE INS SPIEL BRINGEN<\/h2>\n                <p><strong>Mehrfarbige LED-Port-Kennzeichnung<\/strong><\/p>\n<p>Unser neues mehrfarbiges LED-System zeigt benutzerdefinierte Farben an jedem physischen Port an, die mit den Profilfarben im NETGEAR AV OS\u2122 \u00fcbereinstimmen. F\u00fcr AV-Techniker, die komplexe Installationen verwalten, bedeutet das weniger R\u00e4tselraten, k\u00fcrzere Einrichtungszeiten und weniger teure Verbindungsfehler.<\/p>\n    <\/div>\n        <div id=\"topic3\" class=\"skip-item\">\n                        <h2>PR\u00c4ZISION AUF RUNDFUNK-NIVEAU<\/h2>\n                <p><strong>SMPTE ST 2110: Pr\u00e4zision wie beim Rundfunk<\/strong><\/p>\n<p>Alle vier Modelle verf\u00fcgen \u00fcber integrierte Grandmaster-Clock- und Boundary-Clock-Funktionalit\u00e4t und positionieren sich damit als prim\u00e4re Zeitquellen f\u00fcr Rundfunknetzwerke. Ob f\u00fcr AES67-Audiosysteme oder ST2059-2-Videol\u00f6sungen \u2013 diese Switches bieten die stabile Zeitbasis, die Rundfunkprofis ben\u00f6tigen.<\/p>\n    <\/div>\n        <div id=\"topic4\" class=\"skip-item\">\n                        <h2>WEITERE PROFESSIONELLE FUNKTIONEN<\/h2>\n                <ul>\n<li>Sichere Stromanschl\u00fcsse verhindern unbeabsichtigtes Trennen bei Live-Events<\/li>\n<li>TAA-Konformit\u00e4t f\u00fcr staatliche Anwendungen<\/li>\n<li>Bis zu 2.520 W PoE++-Budget f\u00fcr stromhungrige Ger\u00e4te<\/li>\n<li>Virtuelles Chassis-Stacking mit unterbrechungsfreiem Weiterleiten<\/li>\n<\/ul>\n    <\/div>\n        <div id=\"topic5\" class=\"skip-item\">\n                        <h2>DIE KOMPLETTE PRODUKTLINIE<\/h2>\n                <ul>\n<li><strong>M4350-8M2V:<\/strong> 8x 2.5G PoE++ + 2x 25G-Uplinks, halbes Rack-Design<\/li>\n<li><strong>M4350-24M4X4V:<\/strong> 24x 2.5G + 4x 10G PoE++ + 4x 25G-Uplinks<\/li>\n<li><strong>M4350-24F4X:<\/strong> 24x SFP + 4x 10G Kombi-Ports<\/li>\n<li><strong>M4350-40F4C:<\/strong> 40x 10G SFP+ + 4x 100G-Uplinks<\/li>\n<\/ul>\n    <\/div>\n        <div id=\"topic6\" class=\"skip-item\">\n                        <h2>MEHR ALS NUR HARDWARE<\/h2>\n                <p><strong>Das vollst\u00e4ndige \u00d6kosystem<\/strong><\/p>\n<p>Diese Switches integrieren sich nahtlos in das AV-\u00d6kosystem von NETGEAR \u2013 mit AV OS\u2122 f\u00fcr vereinfachte Konfiguration, dem Engage Controller f\u00fcr zentrales Management und kostenlosen ProAV Design Services f\u00fcr weltweiten Support. Das neue Hybridprofil SMPTE AES67 erm\u00f6glicht Intercom-Deployments mit nur einem Klick in gemischten Netzwerkumgebungen.<\/p>\n<p><a style=\"background-color: #26e880;border: 0px none #000000;border-radius: 50px;color: #2c262d;font-size: 16px;font-family: Inter,sans-serif;font-style: normal;font-weight: 500;text-decoration: none;width: 100%;padding: 16px 24px 16px 24px\" href=\"https:\/\/www.netgear.com\/de\/business\/wired\/switches\/fully-managed\/m4350\/\" target=\"_blank\" rel=\"noopener\"><strong>NETGEAR M4350 SAV L\u00d6SUNGEN<\/strong><\/a><\/p>\n    <\/div>\n        <div id=\"topic7\" class=\"skip-item\">\n                        <h2>ANWENDUNGEN IN DER PRAXIS<\/h2>\n                <p><strong>Live-Events:<\/strong> Der M4350-24M4X4V unterst\u00fctzt mehrere Videow\u00e4nde und Streaming-Anwendungen und sorgt dank sicherer Stromanschl\u00fcsse f\u00fcr unterbrechungsfreien Betrieb.<\/p>\n<p><strong>Broadcast-Studios:<\/strong> Der M4350-40F4C bew\u00e4ltigt enorme Bandbreiten und dient gleichzeitig als Grandmaster-Clock f\u00fcr eine pr\u00e4zise, studioweite Zeitsynchronisation.<\/p>\n<p><strong>Corporate AV:<\/strong> Der kompakte M4350-8M2V passt in Technikr\u00e4ume und versorgt Kameras, Displays und Steuerungssysteme mit Strom.<\/p>\n<p>ERLEBEN SIE DIE INNOVATION<\/p>\n<p>Besuchen Sie uns auf der InfoComm 2025, Stand 4401 (11.\u201313. Juni, Orlando), oder kontaktieren Sie unser ProAV Design-Team unter ProAVDesign@netgear.com. Mit lebenslanger Garantie und Austausch am n\u00e4chsten Werktag repr\u00e4sentieren diese Switches die Zukunft der professionellen AV-Netzwerke \u2013 intuitiver, zuverl\u00e4ssiger und leistungsst\u00e4rker als je zuvor.<br \/>\nARBEITEN SIE AN EINEM BROADCAST- ODER AV-PROJEKT?<\/p>\n<p>&nbsp;<\/p>\n<p><a style=\"background-color: #26e880;border: 0px none #000000;border-radius: 50px;color: #2c262d;font-size: 16px;font-family: Inter,sans-serif;font-style: normal;font-weight: 500;text-decoration: none;width: 100%;padding: 16px 24px 16px 24px\" href=\"https:\/\/www.netgear.com\/de\/business\/av\/services\/proav-designsupport\/?hsCtaAttrib=207818050288#contactformsupport\" target=\"_blank\" rel=\"noopener\"><strong>KONTAKTIEREN SIE DEN PROAV-SUPPORT<\/strong><\/a><\/p>\n<p>&nbsp;<\/p>\n<p>Klicken Sie auf die Schaltfl\u00e4che, wenn Sie bei einem Broadcast- oder AV-Projekt Unterst\u00fctzung durch unser erfahrenes Engineering-Team ben\u00f6tigen \u2013 kostenlos.<br \/>\nMEHR \u00dcBER AVoIP LERNEN UND AVIXA-PUNKTE SAMMELN?<\/p>\n<p>Klicken Sie auf die Schaltfl\u00e4che unten, um mehr \u00fcber AVoIP zu erfahren und AVIXA-Zertifizierungspunkte zu erhalten.<\/p>\n<p>&nbsp;<\/p>\n<p><a style=\"background-color: #26e880;border: 0px none #000000;border-radius: 50px;color: #2c262d;font-size: 16px;font-family: Inter,sans-serif;font-style: normal;font-weight: 500;text-decoration: none;width: 100%;padding: 16px 24px 16px 24px\" href=\"https:\/\/academy.netgear.com\/course\/index.php?categoryid=2&amp;hsCtaAttrib=207830330055\" target=\"_blank\" rel=\"noopener\"><strong>NETGEAR ACADEMY<\/strong><\/a><\/p>\n    <\/div>\n    <\/p>\n","protected":false},"excerpt":{"rendered":"<p>Wir stellen vier bahnbrechende M4350-Switches vor, die Leistung auf Enterprise-Niveau mit der intuitiven Bedienung liefern, die AV-Profis erwarten. Revolution\u00e4re Funktionen f\u00fcr reale Herausforderungen<\/p>\n","protected":false},"author":84,"featured_media":10297,"parent":6754,"menu_order":10,"comment_status":"closed","ping_status":"closed","template":"templates\/blog-wifi.php","meta":{"_acf_changed":false,"footnotes":""},"class_list":["post-10294","page","type-page","status-publish","has-post-thumbnail","hentry"],"acf":[],"yoast_head":"<!-- This site is optimized with the Yoast SEO plugin v27.4 - https:\/\/yoast.com\/product\/yoast-seo-wordpress\/ -->\n<title>Neue M4350-Switches definieren professionelle Installationen neu - NETGEAR Hub<\/title>\n<meta name=\"description\" content=\"Neue M4350-Switches definieren professionelle Installationen neu\" \/>\n<meta name=\"robots\" content=\"index, follow, max-snippet:-1, max-image-preview:large, max-video-preview:-1\" \/>\n<link rel=\"canonical\" href=\"https:\/\/dehub.netgear.com\/de\/hub\/business\/av\/neue-m4350-switches-definieren-professionelle-installationen-neu\/\" \/>\n<meta property=\"og:locale\" content=\"de_DE\" \/>\n<meta property=\"og:type\" content=\"article\" \/>\n<meta property=\"og:title\" content=\"Neue M4350-Switches definieren professionelle Installationen neu - NETGEAR Hub\" \/>\n<meta property=\"og:description\" content=\"Neue M4350-Switches definieren professionelle Installationen neu\" \/>\n<meta property=\"og:url\" content=\"https:\/\/dehub.netgear.com\/de\/hub\/business\/av\/neue-m4350-switches-definieren-professionelle-installationen-neu\/\" \/>\n<meta property=\"og:site_name\" content=\"NETGEAR Hub\" \/>\n<meta property=\"article:publisher\" content=\"https:\/\/www.facebook.com\/NetgearAU\/\" \/>\n<meta property=\"article:modified_time\" content=\"2025-06-06T13:03:53+00:00\" \/>\n<meta property=\"og:image\" content=\"https:\/\/dehub.netgear.com\/de\/hub\/wp-content\/uploads\/2025\/06\/vignette-new-m4350.jpg\" \/>\n\t<meta property=\"og:image:width\" content=\"383\" \/>\n\t<meta property=\"og:image:height\" content=\"288\" \/>\n\t<meta property=\"og:image:type\" content=\"image\/jpeg\" \/>\n<meta name=\"twitter:card\" content=\"summary_large_image\" \/>\n<meta name=\"twitter:site\" content=\"@NETGEAR\" \/>\n<script type=\"application\/ld+json\" class=\"yoast-schema-graph\">{\"@context\":\"https:\\\/\\\/schema.org\",\"@graph\":[{\"@type\":\"WebPage\",\"@id\":\"https:\\\/\\\/dehub.netgear.com\\\/de\\\/hub\\\/business\\\/av\\\/neue-m4350-switches-definieren-professionelle-installationen-neu\\\/\",\"url\":\"https:\\\/\\\/dehub.netgear.com\\\/de\\\/hub\\\/business\\\/av\\\/neue-m4350-switches-definieren-professionelle-installationen-neu\\\/\",\"name\":\"Neue M4350-Switches definieren professionelle Installationen neu - NETGEAR Hub\",\"isPartOf\":{\"@id\":\"https:\\\/\\\/dehub.netgear.com\\\/de\\\/hub\\\/#website\"},\"primaryImageOfPage\":{\"@id\":\"https:\\\/\\\/dehub.netgear.com\\\/de\\\/hub\\\/business\\\/av\\\/neue-m4350-switches-definieren-professionelle-installationen-neu\\\/#primaryimage\"},\"image\":{\"@id\":\"https:\\\/\\\/dehub.netgear.com\\\/de\\\/hub\\\/business\\\/av\\\/neue-m4350-switches-definieren-professionelle-installationen-neu\\\/#primaryimage\"},\"thumbnailUrl\":\"https:\\\/\\\/dehub.netgear.com\\\/de\\\/hub\\\/wp-content\\\/uploads\\\/2025\\\/06\\\/vignette-new-m4350.jpg\",\"datePublished\":\"2025-06-06T12:42:22+00:00\",\"dateModified\":\"2025-06-06T13:03:53+00:00\",\"description\":\"Neue M4350-Switches definieren professionelle Installationen neu\",\"breadcrumb\":{\"@id\":\"https:\\\/\\\/dehub.netgear.com\\\/de\\\/hub\\\/business\\\/av\\\/neue-m4350-switches-definieren-professionelle-installationen-neu\\\/#breadcrumb\"},\"inLanguage\":\"de\",\"potentialAction\":[{\"@type\":\"ReadAction\",\"target\":[\"https:\\\/\\\/dehub.netgear.com\\\/de\\\/hub\\\/business\\\/av\\\/neue-m4350-switches-definieren-professionelle-installationen-neu\\\/\"]}]},{\"@type\":\"ImageObject\",\"inLanguage\":\"de\",\"@id\":\"https:\\\/\\\/dehub.netgear.com\\\/de\\\/hub\\\/business\\\/av\\\/neue-m4350-switches-definieren-professionelle-installationen-neu\\\/#primaryimage\",\"url\":\"https:\\\/\\\/dehub.netgear.com\\\/de\\\/hub\\\/wp-content\\\/uploads\\\/2025\\\/06\\\/vignette-new-m4350.jpg\",\"contentUrl\":\"https:\\\/\\\/dehub.netgear.com\\\/de\\\/hub\\\/wp-content\\\/uploads\\\/2025\\\/06\\\/vignette-new-m4350.jpg\",\"width\":383,\"height\":288},{\"@type\":\"BreadcrumbList\",\"@id\":\"https:\\\/\\\/dehub.netgear.com\\\/de\\\/hub\\\/business\\\/av\\\/neue-m4350-switches-definieren-professionelle-installationen-neu\\\/#breadcrumb\",\"itemListElement\":[{\"@type\":\"ListItem\",\"position\":1,\"name\":\"Home\",\"item\":\"https:\\\/\\\/dehub.netgear.com\\\/de\\\/hub\\\/\"},{\"@type\":\"ListItem\",\"position\":2,\"name\":\"Business Articles Hub\",\"item\":\"https:\\\/\\\/dehub.netgear.com\\\/de\\\/hub\\\/business\\\/\"},{\"@type\":\"ListItem\",\"position\":3,\"name\":\"Business AV\",\"item\":\"https:\\\/\\\/dehub.netgear.com\\\/de\\\/hub\\\/business\\\/av\\\/\"},{\"@type\":\"ListItem\",\"position\":4,\"name\":\"Neue M4350-Switches definieren professionelle Installationen neu\"}]},{\"@type\":\"WebSite\",\"@id\":\"https:\\\/\\\/dehub.netgear.com\\\/de\\\/hub\\\/#website\",\"url\":\"https:\\\/\\\/dehub.netgear.com\\\/de\\\/hub\\\/\",\"name\":\"NETGEAR\",\"description\":\"Erkunden Sie unsere Hub-Seiten und st\u00f6bern Sie in Artikeln, um mehr \u00fcber NETGEAR Produkte und Technologien zu erfahren.\",\"publisher\":{\"@id\":\"https:\\\/\\\/dehub.netgear.com\\\/de\\\/hub\\\/#organization\"},\"potentialAction\":[{\"@type\":\"SearchAction\",\"target\":{\"@type\":\"EntryPoint\",\"urlTemplate\":\"https:\\\/\\\/dehub.netgear.com\\\/de\\\/hub\\\/?s={search_term_string}\"},\"query-input\":{\"@type\":\"PropertyValueSpecification\",\"valueRequired\":true,\"valueName\":\"search_term_string\"}}],\"inLanguage\":\"de\"},{\"@type\":\"Organization\",\"@id\":\"https:\\\/\\\/dehub.netgear.com\\\/de\\\/hub\\\/#organization\",\"name\":\"NETGEAR\",\"url\":\"https:\\\/\\\/dehub.netgear.com\\\/de\\\/hub\\\/\",\"logo\":{\"@type\":\"ImageObject\",\"inLanguage\":\"de\",\"@id\":\"https:\\\/\\\/dehub.netgear.com\\\/de\\\/hub\\\/#\\\/schema\\\/logo\\\/image\\\/\",\"url\":\"https:\\\/\\\/www.dehub.netgear.com\\\/de\\\/hub\\\/wp-content\\\/uploads\\\/2019\\\/07\\\/NETGEAR_logo.jpg\",\"contentUrl\":\"https:\\\/\\\/www.dehub.netgear.com\\\/de\\\/hub\\\/wp-content\\\/uploads\\\/2019\\\/07\\\/NETGEAR_logo.jpg\",\"width\":1500,\"height\":501,\"caption\":\"NETGEAR\"},\"image\":{\"@id\":\"https:\\\/\\\/dehub.netgear.com\\\/de\\\/hub\\\/#\\\/schema\\\/logo\\\/image\\\/\"},\"sameAs\":[\"https:\\\/\\\/www.facebook.com\\\/NetgearAU\\\/\",\"https:\\\/\\\/x.com\\\/NETGEAR\",\"https:\\\/\\\/www.linkedin.com\\\/company\\\/netgear\"]}]}<\/script>\n<!-- \/ Yoast SEO plugin. -->","yoast_head_json":{"title":"Neue M4350-Switches definieren professionelle Installationen neu - NETGEAR Hub","description":"Neue M4350-Switches definieren professionelle Installationen neu","robots":{"index":"index","follow":"follow","max-snippet":"max-snippet:-1","max-image-preview":"max-image-preview:large","max-video-preview":"max-video-preview:-1"},"canonical":"https:\/\/dehub.netgear.com\/de\/hub\/business\/av\/neue-m4350-switches-definieren-professionelle-installationen-neu\/","og_locale":"de_DE","og_type":"article","og_title":"Neue M4350-Switches definieren professionelle Installationen neu - NETGEAR Hub","og_description":"Neue M4350-Switches definieren professionelle Installationen neu","og_url":"https:\/\/dehub.netgear.com\/de\/hub\/business\/av\/neue-m4350-switches-definieren-professionelle-installationen-neu\/","og_site_name":"NETGEAR Hub","article_publisher":"https:\/\/www.facebook.com\/NetgearAU\/","article_modified_time":"2025-06-06T13:03:53+00:00","og_image":[{"width":383,"height":288,"url":"https:\/\/dehub.netgear.com\/de\/hub\/wp-content\/uploads\/2025\/06\/vignette-new-m4350.jpg","type":"image\/jpeg"}],"twitter_card":"summary_large_image","twitter_site":"@NETGEAR","schema":{"@context":"https:\/\/schema.org","@graph":[{"@type":"WebPage","@id":"https:\/\/dehub.netgear.com\/de\/hub\/business\/av\/neue-m4350-switches-definieren-professionelle-installationen-neu\/","url":"https:\/\/dehub.netgear.com\/de\/hub\/business\/av\/neue-m4350-switches-definieren-professionelle-installationen-neu\/","name":"Neue M4350-Switches definieren professionelle Installationen neu - NETGEAR Hub","isPartOf":{"@id":"https:\/\/dehub.netgear.com\/de\/hub\/#website"},"primaryImageOfPage":{"@id":"https:\/\/dehub.netgear.com\/de\/hub\/business\/av\/neue-m4350-switches-definieren-professionelle-installationen-neu\/#primaryimage"},"image":{"@id":"https:\/\/dehub.netgear.com\/de\/hub\/business\/av\/neue-m4350-switches-definieren-professionelle-installationen-neu\/#primaryimage"},"thumbnailUrl":"https:\/\/dehub.netgear.com\/de\/hub\/wp-content\/uploads\/2025\/06\/vignette-new-m4350.jpg","datePublished":"2025-06-06T12:42:22+00:00","dateModified":"2025-06-06T13:03:53+00:00","description":"Neue M4350-Switches definieren professionelle Installationen neu","breadcrumb":{"@id":"https:\/\/dehub.netgear.com\/de\/hub\/business\/av\/neue-m4350-switches-definieren-professionelle-installationen-neu\/#breadcrumb"},"inLanguage":"de","potentialAction":[{"@type":"ReadAction","target":["https:\/\/dehub.netgear.com\/de\/hub\/business\/av\/neue-m4350-switches-definieren-professionelle-installationen-neu\/"]}]},{"@type":"ImageObject","inLanguage":"de","@id":"https:\/\/dehub.netgear.com\/de\/hub\/business\/av\/neue-m4350-switches-definieren-professionelle-installationen-neu\/#primaryimage","url":"https:\/\/dehub.netgear.com\/de\/hub\/wp-content\/uploads\/2025\/06\/vignette-new-m4350.jpg","contentUrl":"https:\/\/dehub.netgear.com\/de\/hub\/wp-content\/uploads\/2025\/06\/vignette-new-m4350.jpg","width":383,"height":288},{"@type":"BreadcrumbList","@id":"https:\/\/dehub.netgear.com\/de\/hub\/business\/av\/neue-m4350-switches-definieren-professionelle-installationen-neu\/#breadcrumb","itemListElement":[{"@type":"ListItem","position":1,"name":"Home","item":"https:\/\/dehub.netgear.com\/de\/hub\/"},{"@type":"ListItem","position":2,"name":"Business Articles Hub","item":"https:\/\/dehub.netgear.com\/de\/hub\/business\/"},{"@type":"ListItem","position":3,"name":"Business AV","item":"https:\/\/dehub.netgear.com\/de\/hub\/business\/av\/"},{"@type":"ListItem","position":4,"name":"Neue M4350-Switches definieren professionelle Installationen neu"}]},{"@type":"WebSite","@id":"https:\/\/dehub.netgear.com\/de\/hub\/#website","url":"https:\/\/dehub.netgear.com\/de\/hub\/","name":"NETGEAR","description":"Erkunden Sie unsere Hub-Seiten und st\u00f6bern Sie in Artikeln, um mehr \u00fcber NETGEAR Produkte und Technologien zu erfahren.","publisher":{"@id":"https:\/\/dehub.netgear.com\/de\/hub\/#organization"},"potentialAction":[{"@type":"SearchAction","target":{"@type":"EntryPoint","urlTemplate":"https:\/\/dehub.netgear.com\/de\/hub\/?s={search_term_string}"},"query-input":{"@type":"PropertyValueSpecification","valueRequired":true,"valueName":"search_term_string"}}],"inLanguage":"de"},{"@type":"Organization","@id":"https:\/\/dehub.netgear.com\/de\/hub\/#organization","name":"NETGEAR","url":"https:\/\/dehub.netgear.com\/de\/hub\/","logo":{"@type":"ImageObject","inLanguage":"de","@id":"https:\/\/dehub.netgear.com\/de\/hub\/#\/schema\/logo\/image\/","url":"https:\/\/www.dehub.netgear.com\/de\/hub\/wp-content\/uploads\/2019\/07\/NETGEAR_logo.jpg","contentUrl":"https:\/\/www.dehub.netgear.com\/de\/hub\/wp-content\/uploads\/2019\/07\/NETGEAR_logo.jpg","width":1500,"height":501,"caption":"NETGEAR"},"image":{"@id":"https:\/\/dehub.netgear.com\/de\/hub\/#\/schema\/logo\/image\/"},"sameAs":["https:\/\/www.facebook.com\/NetgearAU\/","https:\/\/x.com\/NETGEAR","https:\/\/www.linkedin.com\/company\/netgear"]}]}},"_links":{"self":[{"href":"https:\/\/dehub.netgear.com\/de\/hub\/wp-json\/wp\/v2\/pages\/10294","targetHints":{"allow":["GET"]}}],"collection":[{"href":"https:\/\/dehub.netgear.com\/de\/hub\/wp-json\/wp\/v2\/pages"}],"about":[{"href":"https:\/\/dehub.netgear.com\/de\/hub\/wp-json\/wp\/v2\/types\/page"}],"author":[{"embeddable":true,"href":"https:\/\/dehub.netgear.com\/de\/hub\/wp-json\/wp\/v2\/users\/84"}],"replies":[{"embeddable":true,"href":"https:\/\/dehub.netgear.com\/de\/hub\/wp-json\/wp\/v2\/comments?post=10294"}],"version-history":[{"count":3,"href":"https:\/\/dehub.netgear.com\/de\/hub\/wp-json\/wp\/v2\/pages\/10294\/revisions"}],"predecessor-version":[{"id":10300,"href":"https:\/\/dehub.netgear.com\/de\/hub\/wp-json\/wp\/v2\/pages\/10294\/revisions\/10300"}],"up":[{"embeddable":true,"href":"https:\/\/dehub.netgear.com\/de\/hub\/wp-json\/wp\/v2\/pages\/6754"}],"wp:featuredmedia":[{"embeddable":true,"href":"https:\/\/dehub.netgear.com\/de\/hub\/wp-json\/wp\/v2\/media\/10297"}],"wp:attachment":[{"href":"https:\/\/dehub.netgear.com\/de\/hub\/wp-json\/wp\/v2\/media?parent=10294"}],"curies":[{"name":"wp","href":"https:\/\/api.w.org\/{rel}","templated":true}]}}