{"id":10270,"date":"2025-06-03T08:11:14","date_gmt":"2025-06-03T06:11:14","guid":{"rendered":"https:\/\/dehub.netgear.com\/de\/hub\/business\/av\/vizrt-prasentiert-seine-innovationen-um-die-produktion-mit-netgear-av-zu-vereinfachen-2\/"},"modified":"2025-06-03T08:25:21","modified_gmt":"2025-06-03T06:25:21","slug":"lightware-und-netgear-haben-eine-erweiterte-partnerschaft-angekundigt","status":"publish","type":"page","link":"https:\/\/dehub.netgear.com\/de\/hub\/business\/av\/lightware-und-netgear-haben-eine-erweiterte-partnerschaft-angekundigt\/","title":{"rendered":"Lightware und NETGEAR haben eine erweiterte Partnerschaft angek\u00fcndigt"},"content":{"rendered":"<p>Lightware und NETGEAR haben eine erweiterte Partnerschaft angek\u00fcndigt, um nahtlose AV-over-IP (AVoIP)-Implementierungen f\u00fcr eine Vielzahl professioneller AV-Umgebungen bereitzustellen.    <div class=\"table-of-content bg-gray\">\n        <p><strong>IN THIS ARTICLE<\/strong><\/p>\n        <ul>\n                        <li><a href=\"#topic1\">LIGHTWARE \u2013 NETGEAR PARTNERSCHAFT<\/a><\/li>\n                        <li><a href=\"#topic2\">F\u00dcR NAHTLOSE AVoIP-INTEGRATIONEN<\/a><\/li>\n                        <li><a href=\"#topic3\">VORTEILE<\/a><\/li>\n                        <li><a href=\"#topic4\">SO GEHT'S LOS<\/a><\/li>\n                        <li><a href=\"#topic5\">MEHR INFORMATIONEN<\/a><\/li>\n                    <\/ul>\n    <\/div>\n        <div id=\"topic1\" class=\"skip-item\">\n                        <h2>LIGHTWARE \u2013 NETGEAR PARTNERSCHAFT<\/h2>\n                <p>Bereitstellung leistungsstarker Netzwerkswitches f\u00fcr Lightware AV-Workflows<\/p>\n<p>Lightware und NETGEAR haben heute eine erweiterte Partnerschaft bekannt gegeben, um nahtlose AV-over-IP (AVoIP)-Implementierungen f\u00fcr eine Vielzahl professioneller AV-Umgebungen zu erm\u00f6glichen.<\/p>\n<p>Diese Partnerschaft wurde speziell entwickelt, um den Anforderungen professioneller AV-Anwender gerecht zu werden. Sie erm\u00f6glicht es Integratoren, dedizierte AV-Netzwerke aufzubauen, die einfacher zu implementieren, zu verwalten und zu skalieren sind \u2013 und gibt IT-Teams gleichzeitig die Sicherheit einer bew\u00e4hrten, vorvalidierten L\u00f6sung.<\/p>\n<p>Die Ger\u00e4te von Lightware sind branchen\u00fcbergreifend f\u00fcr verschiedene AV-Anwendungen im Einsatz und bieten zuverl\u00e4ssige L\u00f6sungen zur Bew\u00e4ltigung individueller Herausforderungen. Entdecken Sie, wie unsere Technologie unterschiedliche Umgebungen unterst\u00fctzt und verbessert.<\/p>\n    <\/div>\n        <div id=\"topic2\" class=\"skip-item\">\n                        <h2>F\u00dcR NAHTLOSE AVoIP-INTEGRATIONEN<\/h2>\n                <p>Die AV-Switches von NETGEAR und die Ger\u00e4te von Lightware werden nun als Teil einer Komplettl\u00f6sung direkt \u00fcber Lightware angeboten \u2013 vorkonfiguriert mit einem Lightware-Profil. Dieses Profil wurde in enger Zusammenarbeit mit Lightware-Ingenieuren entwickelt und beseitigt den Zeitaufwand und die Komplexit\u00e4t manueller Konfigurationen. So k\u00f6nnen Systemintegratoren und IT-Teams direkt \u201eout of the box\u201c hochleistungsf\u00e4hige AV-Netzwerke erstellen.<\/p>\n<p>Die AV-Switches von NETGEAR, einschlie\u00dflich der Modelle GVN-LWS-1G-26G4F-P (M4250-26G4F-PoE+) und TPN-LWS-10G-24X4V-P (M4350-24X4V), wurden getestet und f\u00fcr vollst\u00e4ndig kompatibel mit den Lightware AVoIP-Produkten wie UBEX, GEMINI GVN und dem TPN-\u00d6kosystem (z.\u202fB. Taurus TPN und HDMI-TPN) verifiziert. Das Ergebnis ist ein vereinfachter Weg zu robuster, skalierbarer AV-Infrastruktur, die anspruchsvolle Einsatzbereiche unterst\u00fctzt \u2013 von Konferenzr\u00e4umen in Unternehmen und Live-Events \u00fcber Digital Signage bis hin zu AV-Systemen im Gastgewerbe.<\/p>\n    <\/div>\n        <div id=\"topic3\" class=\"skip-item\">\n                        <h2>VORTEILE<\/h2>\n                <p>F\u00fcr Anwender bietet die L\u00f6sung ein Plug-and-Play-Setup bei den Produkten der GEMINI GVN- und TPN-Reihe. Beim UBEX AV-over-IP-Produkt ist lediglich ein One-Click-Setup erforderlich, um das Lightware-Profil zu laden.<\/p>\n<p>NETGEAR bietet eine ProSAFE Limited Lifetime Hardware-Garantie, 90 Tage technischen Support per Telefon und E-Mail, lebenslangen technischen Support via Online-Chat sowie lebenslangen Austausch der Hardware am n\u00e4chsten Werktag f\u00fcr \u00fcber Lightware gekaufte Managed Switches.<\/p>\n<p>Von der Video\u00fcbertragung bei kritischen Live-Events \u00fcber zuverl\u00e4ssige Digital Signage-L\u00f6sungen im Einzelhandel bis hin zur Inhaltsfreigabe in Unternehmen und zur effizienten Inhaltsverteilung in Hotels, Stadien und Veranstaltungsorten \u2013 die geb\u00fcndelte Expertise von Lightware und NETGEAR erm\u00f6glicht es den Nutzern, das volle Potenzial von AV-over-IP auszusch\u00f6pfen \u2013 ohne die Komplexit\u00e4t herk\u00f6mmlicher L\u00f6sungen.<\/p>\n<p><em><img loading=\"lazy\" decoding=\"async\" class=\" wp-image-10273 alignleft\" src=\"https:\/\/dehub.netgear.com\/de\/hub\/wp-content\/uploads\/2025\/06\/Gergely-Vida-CEO-of-Lightware-300x300.webp\" alt=\"\" width=\"147\" height=\"148\" srcset=\"https:\/\/dehub.netgear.com\/de\/hub\/wp-content\/uploads\/2025\/06\/Gergely-Vida-CEO-of-Lightware-300x300.webp 300w, https:\/\/dehub.netgear.com\/de\/hub\/wp-content\/uploads\/2025\/06\/Gergely-Vida-CEO-of-Lightware-150x150.webp 150w, https:\/\/dehub.netgear.com\/de\/hub\/wp-content\/uploads\/2025\/06\/Gergely-Vida-CEO-of-Lightware.webp 400w\" sizes=\"auto, (max-width: 147px) 100vw, 147px\" \/>\u201eAV-over-IP ver\u00e4ndert weiterhin grundlegend, wie Unternehmen \u00fcber Konnektivit\u00e4t und Signalverteilung denken. Durch die Partnerschaft mit NETGEAR beseitigen wir einen der gr\u00f6\u00dften Schmerzpunkte beim Design von AV-Netzwerken \u2013 und erm\u00f6glichen es unseren Kunden, leistungsstarke, zukunftssichere Systeme mit voller Zuversicht zu implementieren.\u201c<\/em><br \/>\n\u2013 Gergely Vida, CEO von Lightware<\/p>\n    <\/div>\n        <div id=\"topic4\" class=\"skip-item\">\n                        <h2>SO GEHT'S LOS<\/h2>\n                <p>W\u00e4hlen Sie Ihren NETGEAR AV-Line Switch \u2013 aus den validierten Modellen (M4250, M4350), die speziell f\u00fcr AVoIP-Anwendungen ausgelegt sind.<\/p>\n<p>Laden Sie das Lightware-Profil \u2013 ganz ohne Benutzerhandbuch.<\/p>\n<p>Genie\u00dfen Sie nahtloses AV-Networking \u2013 setzen Sie mit Vertrauen auf ein leistungsstarkes, vollst\u00e4ndig unterst\u00fctztes AV-System.<\/p>\n    <\/div>\n        <div id=\"topic5\" class=\"skip-item\">\n                        <h2>MEHR INFORMATIONEN<\/h2>\n                <p>Unsere Ingenieure unterst\u00fctzen Sie kostenlos bei Ihren AV-Projekten.<\/p>\n<p><a style=\"background-color: #26e880;border: 0px none #000000;border-radius: 50px;color: #2c262d;font-size: 16px;font-family: Inter,sans-serif;font-style: normal;font-weight: 500;text-decoration: none;width: 100%;padding: 16px 24px 16px 24px\" href=\"https:\/\/www.netgear.com\/de\/business\/av\/services\/proav-designsupport\/?hsCtaAttrib=207818050288#contactformsupport\" target=\"_blank\" rel=\"noopener\">KONTAKTIEREN SIE DEN PROAV-SUPPORT<\/a><\/p>\n<p>Erfahren Sie alles \u00fcber IP-Netzwerke in unserer NETGEAR ACADEMY.<\/p>\n<p><a style=\"background-color: #26e880;border: 0px none #000000;border-radius: 50px;color: #2c262d;font-size: 16px;font-family: Inter,sans-serif;font-style: normal;font-weight: 500;text-decoration: none;width: 100%;padding: 16px 24px 16px 24px\" href=\"https:\/\/academy.netgear.com\/course\/index.php?categoryid=2&amp;hsCtaAttrib=207830330055\" target=\"_blank\" rel=\"noopener\">NETGEAR ACADEMY<\/a><\/p>\n<p>Mehr Informationen zu unseren AV-L\u00f6sungen<\/p>\n<p><a style=\"background-color: #26e880;border: 0px none #000000;border-radius: 50px;color: #2c262d;font-size: 16px;font-family: Inter,sans-serif;font-style: normal;font-weight: 500;text-decoration: none;width: 100%;padding: 16px 24px 16px 24px\" href=\"https:\/\/www.netgear.com\/de\/business\/av\/?hsCtaAttrib=207665517270\" target=\"_blank\" rel=\"noopener\">NETGEAR AV L\u00d6SUNGEN<\/a><\/p>\n    <\/div>\n    <\/p>\n","protected":false},"excerpt":{"rendered":"<p>Lightware und NETGEAR haben eine erweiterte Partnerschaft angek\u00fcndigt, um nahtlose AV-over-IP (AVoIP)-Implementierungen f\u00fcr eine Vielzahl professioneller AV-Umgebungen bereitzustellen.<\/p>\n","protected":false},"author":90,"featured_media":10274,"parent":6754,"menu_order":6,"comment_status":"closed","ping_status":"closed","template":"templates\/blog-wifi.php","meta":{"_acf_changed":false,"footnotes":""},"class_list":["post-10270","page","type-page","status-publish","has-post-thumbnail","hentry"],"acf":[],"yoast_head":"<!-- This site is optimized with the Yoast SEO plugin v27.4 - https:\/\/yoast.com\/product\/yoast-seo-wordpress\/ -->\n<title>Lightware und NETGEAR haben eine erweiterte Partnerschaft angek\u00fcndigt - NETGEAR Hub<\/title>\n<meta name=\"description\" content=\"Lightware und NETGEAR haben eine erweiterte Partnerschaft angek\u00fcndigt\" \/>\n<meta name=\"robots\" content=\"index, follow, max-snippet:-1, max-image-preview:large, max-video-preview:-1\" \/>\n<link rel=\"canonical\" href=\"https:\/\/dehub.netgear.com\/de\/hub\/business\/av\/lightware-und-netgear-haben-eine-erweiterte-partnerschaft-angekundigt\/\" \/>\n<meta property=\"og:locale\" content=\"de_DE\" \/>\n<meta property=\"og:type\" content=\"article\" \/>\n<meta property=\"og:title\" content=\"Lightware und NETGEAR haben eine erweiterte Partnerschaft angek\u00fcndigt - NETGEAR Hub\" \/>\n<meta property=\"og:description\" content=\"Lightware und NETGEAR haben eine erweiterte Partnerschaft angek\u00fcndigt\" \/>\n<meta property=\"og:url\" content=\"https:\/\/dehub.netgear.com\/de\/hub\/business\/av\/lightware-und-netgear-haben-eine-erweiterte-partnerschaft-angekundigt\/\" \/>\n<meta property=\"og:site_name\" content=\"NETGEAR Hub\" \/>\n<meta property=\"article:publisher\" content=\"https:\/\/www.facebook.com\/NetgearAU\/\" \/>\n<meta property=\"article:modified_time\" content=\"2025-06-03T06:25:21+00:00\" \/>\n<meta property=\"og:image\" content=\"https:\/\/dehub.netgear.com\/de\/hub\/wp-content\/uploads\/2025\/06\/vignette-lightware-AV.jpg\" \/>\n\t<meta property=\"og:image:width\" content=\"383\" \/>\n\t<meta property=\"og:image:height\" content=\"288\" \/>\n\t<meta property=\"og:image:type\" content=\"image\/jpeg\" \/>\n<meta name=\"twitter:card\" content=\"summary_large_image\" \/>\n<meta name=\"twitter:site\" content=\"@NETGEAR\" \/>\n<script type=\"application\/ld+json\" class=\"yoast-schema-graph\">{\"@context\":\"https:\\\/\\\/schema.org\",\"@graph\":[{\"@type\":\"WebPage\",\"@id\":\"https:\\\/\\\/dehub.netgear.com\\\/de\\\/hub\\\/business\\\/av\\\/lightware-und-netgear-haben-eine-erweiterte-partnerschaft-angekundigt\\\/\",\"url\":\"https:\\\/\\\/dehub.netgear.com\\\/de\\\/hub\\\/business\\\/av\\\/lightware-und-netgear-haben-eine-erweiterte-partnerschaft-angekundigt\\\/\",\"name\":\"Lightware und NETGEAR haben eine erweiterte Partnerschaft angek\u00fcndigt - NETGEAR Hub\",\"isPartOf\":{\"@id\":\"https:\\\/\\\/dehub.netgear.com\\\/de\\\/hub\\\/#website\"},\"primaryImageOfPage\":{\"@id\":\"https:\\\/\\\/dehub.netgear.com\\\/de\\\/hub\\\/business\\\/av\\\/lightware-und-netgear-haben-eine-erweiterte-partnerschaft-angekundigt\\\/#primaryimage\"},\"image\":{\"@id\":\"https:\\\/\\\/dehub.netgear.com\\\/de\\\/hub\\\/business\\\/av\\\/lightware-und-netgear-haben-eine-erweiterte-partnerschaft-angekundigt\\\/#primaryimage\"},\"thumbnailUrl\":\"https:\\\/\\\/dehub.netgear.com\\\/de\\\/hub\\\/wp-content\\\/uploads\\\/2025\\\/06\\\/vignette-lightware-AV.jpg\",\"datePublished\":\"2025-06-03T06:11:14+00:00\",\"dateModified\":\"2025-06-03T06:25:21+00:00\",\"description\":\"Lightware und NETGEAR haben eine erweiterte Partnerschaft angek\u00fcndigt\",\"breadcrumb\":{\"@id\":\"https:\\\/\\\/dehub.netgear.com\\\/de\\\/hub\\\/business\\\/av\\\/lightware-und-netgear-haben-eine-erweiterte-partnerschaft-angekundigt\\\/#breadcrumb\"},\"inLanguage\":\"de\",\"potentialAction\":[{\"@type\":\"ReadAction\",\"target\":[\"https:\\\/\\\/dehub.netgear.com\\\/de\\\/hub\\\/business\\\/av\\\/lightware-und-netgear-haben-eine-erweiterte-partnerschaft-angekundigt\\\/\"]}]},{\"@type\":\"ImageObject\",\"inLanguage\":\"de\",\"@id\":\"https:\\\/\\\/dehub.netgear.com\\\/de\\\/hub\\\/business\\\/av\\\/lightware-und-netgear-haben-eine-erweiterte-partnerschaft-angekundigt\\\/#primaryimage\",\"url\":\"https:\\\/\\\/dehub.netgear.com\\\/de\\\/hub\\\/wp-content\\\/uploads\\\/2025\\\/06\\\/vignette-lightware-AV.jpg\",\"contentUrl\":\"https:\\\/\\\/dehub.netgear.com\\\/de\\\/hub\\\/wp-content\\\/uploads\\\/2025\\\/06\\\/vignette-lightware-AV.jpg\",\"width\":383,\"height\":288},{\"@type\":\"BreadcrumbList\",\"@id\":\"https:\\\/\\\/dehub.netgear.com\\\/de\\\/hub\\\/business\\\/av\\\/lightware-und-netgear-haben-eine-erweiterte-partnerschaft-angekundigt\\\/#breadcrumb\",\"itemListElement\":[{\"@type\":\"ListItem\",\"position\":1,\"name\":\"Home\",\"item\":\"https:\\\/\\\/dehub.netgear.com\\\/de\\\/hub\\\/\"},{\"@type\":\"ListItem\",\"position\":2,\"name\":\"Business Articles Hub\",\"item\":\"https:\\\/\\\/dehub.netgear.com\\\/de\\\/hub\\\/business\\\/\"},{\"@type\":\"ListItem\",\"position\":3,\"name\":\"Business AV\",\"item\":\"https:\\\/\\\/dehub.netgear.com\\\/de\\\/hub\\\/business\\\/av\\\/\"},{\"@type\":\"ListItem\",\"position\":4,\"name\":\"Lightware und NETGEAR haben eine erweiterte Partnerschaft angek\u00fcndigt\"}]},{\"@type\":\"WebSite\",\"@id\":\"https:\\\/\\\/dehub.netgear.com\\\/de\\\/hub\\\/#website\",\"url\":\"https:\\\/\\\/dehub.netgear.com\\\/de\\\/hub\\\/\",\"name\":\"NETGEAR\",\"description\":\"Erkunden Sie unsere Hub-Seiten und st\u00f6bern Sie in Artikeln, um mehr \u00fcber NETGEAR Produkte und Technologien zu erfahren.\",\"publisher\":{\"@id\":\"https:\\\/\\\/dehub.netgear.com\\\/de\\\/hub\\\/#organization\"},\"potentialAction\":[{\"@type\":\"SearchAction\",\"target\":{\"@type\":\"EntryPoint\",\"urlTemplate\":\"https:\\\/\\\/dehub.netgear.com\\\/de\\\/hub\\\/?s={search_term_string}\"},\"query-input\":{\"@type\":\"PropertyValueSpecification\",\"valueRequired\":true,\"valueName\":\"search_term_string\"}}],\"inLanguage\":\"de\"},{\"@type\":\"Organization\",\"@id\":\"https:\\\/\\\/dehub.netgear.com\\\/de\\\/hub\\\/#organization\",\"name\":\"NETGEAR\",\"url\":\"https:\\\/\\\/dehub.netgear.com\\\/de\\\/hub\\\/\",\"logo\":{\"@type\":\"ImageObject\",\"inLanguage\":\"de\",\"@id\":\"https:\\\/\\\/dehub.netgear.com\\\/de\\\/hub\\\/#\\\/schema\\\/logo\\\/image\\\/\",\"url\":\"https:\\\/\\\/www.dehub.netgear.com\\\/de\\\/hub\\\/wp-content\\\/uploads\\\/2019\\\/07\\\/NETGEAR_logo.jpg\",\"contentUrl\":\"https:\\\/\\\/www.dehub.netgear.com\\\/de\\\/hub\\\/wp-content\\\/uploads\\\/2019\\\/07\\\/NETGEAR_logo.jpg\",\"width\":1500,\"height\":501,\"caption\":\"NETGEAR\"},\"image\":{\"@id\":\"https:\\\/\\\/dehub.netgear.com\\\/de\\\/hub\\\/#\\\/schema\\\/logo\\\/image\\\/\"},\"sameAs\":[\"https:\\\/\\\/www.facebook.com\\\/NetgearAU\\\/\",\"https:\\\/\\\/x.com\\\/NETGEAR\",\"https:\\\/\\\/www.linkedin.com\\\/company\\\/netgear\"]}]}<\/script>\n<!-- \/ Yoast SEO plugin. -->","yoast_head_json":{"title":"Lightware und NETGEAR haben eine erweiterte Partnerschaft angek\u00fcndigt - NETGEAR Hub","description":"Lightware und NETGEAR haben eine erweiterte Partnerschaft angek\u00fcndigt","robots":{"index":"index","follow":"follow","max-snippet":"max-snippet:-1","max-image-preview":"max-image-preview:large","max-video-preview":"max-video-preview:-1"},"canonical":"https:\/\/dehub.netgear.com\/de\/hub\/business\/av\/lightware-und-netgear-haben-eine-erweiterte-partnerschaft-angekundigt\/","og_locale":"de_DE","og_type":"article","og_title":"Lightware und NETGEAR haben eine erweiterte Partnerschaft angek\u00fcndigt - NETGEAR Hub","og_description":"Lightware und NETGEAR haben eine erweiterte Partnerschaft angek\u00fcndigt","og_url":"https:\/\/dehub.netgear.com\/de\/hub\/business\/av\/lightware-und-netgear-haben-eine-erweiterte-partnerschaft-angekundigt\/","og_site_name":"NETGEAR Hub","article_publisher":"https:\/\/www.facebook.com\/NetgearAU\/","article_modified_time":"2025-06-03T06:25:21+00:00","og_image":[{"width":383,"height":288,"url":"https:\/\/dehub.netgear.com\/de\/hub\/wp-content\/uploads\/2025\/06\/vignette-lightware-AV.jpg","type":"image\/jpeg"}],"twitter_card":"summary_large_image","twitter_site":"@NETGEAR","schema":{"@context":"https:\/\/schema.org","@graph":[{"@type":"WebPage","@id":"https:\/\/dehub.netgear.com\/de\/hub\/business\/av\/lightware-und-netgear-haben-eine-erweiterte-partnerschaft-angekundigt\/","url":"https:\/\/dehub.netgear.com\/de\/hub\/business\/av\/lightware-und-netgear-haben-eine-erweiterte-partnerschaft-angekundigt\/","name":"Lightware und NETGEAR haben eine erweiterte Partnerschaft angek\u00fcndigt - NETGEAR Hub","isPartOf":{"@id":"https:\/\/dehub.netgear.com\/de\/hub\/#website"},"primaryImageOfPage":{"@id":"https:\/\/dehub.netgear.com\/de\/hub\/business\/av\/lightware-und-netgear-haben-eine-erweiterte-partnerschaft-angekundigt\/#primaryimage"},"image":{"@id":"https:\/\/dehub.netgear.com\/de\/hub\/business\/av\/lightware-und-netgear-haben-eine-erweiterte-partnerschaft-angekundigt\/#primaryimage"},"thumbnailUrl":"https:\/\/dehub.netgear.com\/de\/hub\/wp-content\/uploads\/2025\/06\/vignette-lightware-AV.jpg","datePublished":"2025-06-03T06:11:14+00:00","dateModified":"2025-06-03T06:25:21+00:00","description":"Lightware und NETGEAR haben eine erweiterte Partnerschaft angek\u00fcndigt","breadcrumb":{"@id":"https:\/\/dehub.netgear.com\/de\/hub\/business\/av\/lightware-und-netgear-haben-eine-erweiterte-partnerschaft-angekundigt\/#breadcrumb"},"inLanguage":"de","potentialAction":[{"@type":"ReadAction","target":["https:\/\/dehub.netgear.com\/de\/hub\/business\/av\/lightware-und-netgear-haben-eine-erweiterte-partnerschaft-angekundigt\/"]}]},{"@type":"ImageObject","inLanguage":"de","@id":"https:\/\/dehub.netgear.com\/de\/hub\/business\/av\/lightware-und-netgear-haben-eine-erweiterte-partnerschaft-angekundigt\/#primaryimage","url":"https:\/\/dehub.netgear.com\/de\/hub\/wp-content\/uploads\/2025\/06\/vignette-lightware-AV.jpg","contentUrl":"https:\/\/dehub.netgear.com\/de\/hub\/wp-content\/uploads\/2025\/06\/vignette-lightware-AV.jpg","width":383,"height":288},{"@type":"BreadcrumbList","@id":"https:\/\/dehub.netgear.com\/de\/hub\/business\/av\/lightware-und-netgear-haben-eine-erweiterte-partnerschaft-angekundigt\/#breadcrumb","itemListElement":[{"@type":"ListItem","position":1,"name":"Home","item":"https:\/\/dehub.netgear.com\/de\/hub\/"},{"@type":"ListItem","position":2,"name":"Business Articles Hub","item":"https:\/\/dehub.netgear.com\/de\/hub\/business\/"},{"@type":"ListItem","position":3,"name":"Business AV","item":"https:\/\/dehub.netgear.com\/de\/hub\/business\/av\/"},{"@type":"ListItem","position":4,"name":"Lightware und NETGEAR haben eine erweiterte Partnerschaft angek\u00fcndigt"}]},{"@type":"WebSite","@id":"https:\/\/dehub.netgear.com\/de\/hub\/#website","url":"https:\/\/dehub.netgear.com\/de\/hub\/","name":"NETGEAR","description":"Erkunden Sie unsere Hub-Seiten und st\u00f6bern Sie in Artikeln, um mehr \u00fcber NETGEAR Produkte und Technologien zu erfahren.","publisher":{"@id":"https:\/\/dehub.netgear.com\/de\/hub\/#organization"},"potentialAction":[{"@type":"SearchAction","target":{"@type":"EntryPoint","urlTemplate":"https:\/\/dehub.netgear.com\/de\/hub\/?s={search_term_string}"},"query-input":{"@type":"PropertyValueSpecification","valueRequired":true,"valueName":"search_term_string"}}],"inLanguage":"de"},{"@type":"Organization","@id":"https:\/\/dehub.netgear.com\/de\/hub\/#organization","name":"NETGEAR","url":"https:\/\/dehub.netgear.com\/de\/hub\/","logo":{"@type":"ImageObject","inLanguage":"de","@id":"https:\/\/dehub.netgear.com\/de\/hub\/#\/schema\/logo\/image\/","url":"https:\/\/www.dehub.netgear.com\/de\/hub\/wp-content\/uploads\/2019\/07\/NETGEAR_logo.jpg","contentUrl":"https:\/\/www.dehub.netgear.com\/de\/hub\/wp-content\/uploads\/2019\/07\/NETGEAR_logo.jpg","width":1500,"height":501,"caption":"NETGEAR"},"image":{"@id":"https:\/\/dehub.netgear.com\/de\/hub\/#\/schema\/logo\/image\/"},"sameAs":["https:\/\/www.facebook.com\/NetgearAU\/","https:\/\/x.com\/NETGEAR","https:\/\/www.linkedin.com\/company\/netgear"]}]}},"_links":{"self":[{"href":"https:\/\/dehub.netgear.com\/de\/hub\/wp-json\/wp\/v2\/pages\/10270","targetHints":{"allow":["GET"]}}],"collection":[{"href":"https:\/\/dehub.netgear.com\/de\/hub\/wp-json\/wp\/v2\/pages"}],"about":[{"href":"https:\/\/dehub.netgear.com\/de\/hub\/wp-json\/wp\/v2\/types\/page"}],"author":[{"embeddable":true,"href":"https:\/\/dehub.netgear.com\/de\/hub\/wp-json\/wp\/v2\/users\/90"}],"replies":[{"embeddable":true,"href":"https:\/\/dehub.netgear.com\/de\/hub\/wp-json\/wp\/v2\/comments?post=10270"}],"version-history":[{"count":2,"href":"https:\/\/dehub.netgear.com\/de\/hub\/wp-json\/wp\/v2\/pages\/10270\/revisions"}],"predecessor-version":[{"id":10276,"href":"https:\/\/dehub.netgear.com\/de\/hub\/wp-json\/wp\/v2\/pages\/10270\/revisions\/10276"}],"up":[{"embeddable":true,"href":"https:\/\/dehub.netgear.com\/de\/hub\/wp-json\/wp\/v2\/pages\/6754"}],"wp:featuredmedia":[{"embeddable":true,"href":"https:\/\/dehub.netgear.com\/de\/hub\/wp-json\/wp\/v2\/media\/10274"}],"wp:attachment":[{"href":"https:\/\/dehub.netgear.com\/de\/hub\/wp-json\/wp\/v2\/media?parent=10270"}],"curies":[{"name":"wp","href":"https:\/\/api.w.org\/{rel}","templated":true}]}}