{"id":10263,"date":"2025-05-22T14:32:20","date_gmt":"2025-05-22T12:32:20","guid":{"rendered":"https:\/\/dehub.netgear.com\/de\/hub\/business\/av\/vizrt-prasentiert-seine-innovationen-um-die-produktion-mit-netgear-av-zu-vereinfachen-2\/"},"modified":"2025-05-22T14:35:54","modified_gmt":"2025-05-22T12:35:54","slug":"netgear-academy-nab-2025","status":"publish","type":"page","link":"https:\/\/dehub.netgear.com\/de\/hub\/business\/av\/netgear-academy-nab-2025\/","title":{"rendered":"Erhalten Sie Ihre Zertifizierung mit der NETGEAR Academy \u2013 NETGEAR AV auf der NAB 2025"},"content":{"rendered":"<p>John Henkel teilt Details \u00fcber die NETGEAR Academy auf der NAB 2025. Die NETGEAR Academy bietet die M\u00f6glichkeit, von Branchenexperten zu lernen und Ihre F\u00e4higkeiten zu sch\u00e4rfen, um im sich st\u00e4ndig weiterentwickelnden Bereich der Netzwerktechnologie einen Schritt voraus zu bleiben. Um zu starten, melden Sie sich hier an: <a href=\"https:\/\/academy.netgear.com\/\" target=\"_blank\">https:\/\/academy.netgear.com\/<\/a>    <div class=\"table-of-content bg-gray\">\n        <p><strong>IN THIS ARTICLE<\/strong><\/p>\n        <ul>\n                        <li><a href=\"#topic1\">Einleitung<\/a><\/li>\n                        <li><a href=\"#topic2\">Mehr Informationen<\/a><\/li>\n                    <\/ul>\n    <\/div>\n        <div id=\"topic1\" class=\"skip-item\">\n                        <h2>Einleitung<\/h2>\n                <p align=\"center\"><iframe loading=\"lazy\" width=\"560\" height=\"315\" src=\"https:\/\/www.youtube.com\/embed\/7eJbl23PZNY?si=nYDl4NrCkGrEjQRk\" frameborder=\"0\" allowfullscreen><\/iframe><\/p>\n<p> #netgear #avoverip #nab2025 #nabshow#netgearav<\/p>\n    <\/div>\n        <div id=\"topic2\" class=\"skip-item\">\n                        <h2>Mehr Informationen<\/h2>\n                <p><a href=\"https:\/\/www.netgear.com\/de\/business\/av\/services\/proav-designsupport\/?hsCtaAttrib=207818050288#contactformsupport\" target=\"_blank\" style=\"background-color: #26e880;border: 0px none #000000;border-radius: 50px;color: #2c262d;font-size: 16px;font-family: Inter,sans-serif;font-style: normal;font-weight: 500;text-decoration: none;padding-top: 16px;padding-right: 24px;padding-bottom: 16px;padding-left: 24px;width: 100%\">KONTAKTIEREN SIE DEN PROAV-SUPPORT<\/a><\/p>\n<p><a href=\"https:\/\/academy.netgear.com\/course\/index.php?categoryid=2&#038;hsCtaAttrib=207830330055\" target=\"_blank\" style=\"background-color: #26e880;border: 0px none #000000;border-radius: 50px;color: #2c262d;font-size: 16px;font-family: Inter,sans-serif;font-style: normal;font-weight: 500;text-decoration: none;padding-top: 16px;padding-right: 24px;padding-bottom: 16px;padding-left: 24px;width: 100%\">NETGEAR ACADEMY<\/a><\/p>\n<p><a href=\"https:\/\/www.netgear.com\/de\/business\/av\/?hsCtaAttrib=207665517270\" target=\"_blank\" style=\"background-color: #26e880;border: 0px none #000000;border-radius: 50px;color: #2c262d;font-size: 16px;font-family: Inter,sans-serif;font-style: normal;font-weight: 500;text-decoration: none;padding-top: 16px;padding-right: 24px;padding-bottom: 16px;padding-left: 24px;width: 100%\">NETGEAR AV L\u00d6SUNGEN<\/a><\/p>\n    <\/div>\n    <\/p>\n","protected":false},"excerpt":{"rendered":"<p>John Henkel teilt Details \u00fcber die NETGEAR Academy auf der NAB 2025. Die NETGEAR Academy bietet die M\u00f6glichkeit, von Branchenexperten zu lernen und Ihre F\u00e4higkeiten zu sch\u00e4rfen, um im sich st\u00e4ndig weiterentwickelnden Bereich der Netzwerktechnologie einen Schritt voraus zu bleiben. Um zu starten, melden Sie sich hier an: https:\/\/academy.netgear.com\/<\/p>\n","protected":false},"author":90,"featured_media":10249,"parent":6754,"menu_order":4,"comment_status":"closed","ping_status":"closed","template":"templates\/blog-wifi.php","meta":{"_acf_changed":false,"footnotes":""},"class_list":["post-10263","page","type-page","status-publish","has-post-thumbnail","hentry"],"acf":[],"yoast_head":"<!-- This site is optimized with the Yoast SEO plugin v27.4 - https:\/\/yoast.com\/product\/yoast-seo-wordpress\/ -->\n<title>Erhalten Sie Ihre Zertifizierung mit der NETGEAR Academy \u2013 NETGEAR AV auf der NAB 2025 - NETGEAR Hub<\/title>\n<meta name=\"description\" content=\"Erhalten Sie Ihre Zertifizierung mit der NETGEAR Academy \u2013 NETGEAR AV auf der NAB 2025\" \/>\n<meta name=\"robots\" content=\"index, follow, max-snippet:-1, max-image-preview:large, max-video-preview:-1\" \/>\n<link rel=\"canonical\" href=\"https:\/\/dehub.netgear.com\/de\/hub\/business\/av\/netgear-academy-nab-2025\/\" \/>\n<meta property=\"og:locale\" content=\"de_DE\" \/>\n<meta property=\"og:type\" content=\"article\" \/>\n<meta property=\"og:title\" content=\"Erhalten Sie Ihre Zertifizierung mit der NETGEAR Academy \u2013 NETGEAR AV auf der NAB 2025 - NETGEAR Hub\" \/>\n<meta property=\"og:description\" content=\"Erhalten Sie Ihre Zertifizierung mit der NETGEAR Academy \u2013 NETGEAR AV auf der NAB 2025\" \/>\n<meta property=\"og:url\" content=\"https:\/\/dehub.netgear.com\/de\/hub\/business\/av\/netgear-academy-nab-2025\/\" \/>\n<meta property=\"og:site_name\" content=\"NETGEAR Hub\" \/>\n<meta property=\"article:publisher\" content=\"https:\/\/www.facebook.com\/NetgearAU\/\" \/>\n<meta property=\"article:modified_time\" content=\"2025-05-22T12:35:54+00:00\" \/>\n<meta property=\"og:image\" content=\"https:\/\/dehub.netgear.com\/de\/hub\/wp-content\/uploads\/2025\/05\/john-h-netgear-academy-nab-2025-383x288-1.jpg\" \/>\n\t<meta property=\"og:image:width\" content=\"383\" \/>\n\t<meta property=\"og:image:height\" content=\"288\" \/>\n\t<meta property=\"og:image:type\" content=\"image\/jpeg\" \/>\n<meta name=\"twitter:card\" content=\"summary_large_image\" \/>\n<meta name=\"twitter:site\" content=\"@NETGEAR\" \/>\n<script type=\"application\/ld+json\" class=\"yoast-schema-graph\">{\"@context\":\"https:\\\/\\\/schema.org\",\"@graph\":[{\"@type\":\"WebPage\",\"@id\":\"https:\\\/\\\/dehub.netgear.com\\\/de\\\/hub\\\/business\\\/av\\\/netgear-academy-nab-2025\\\/\",\"url\":\"https:\\\/\\\/dehub.netgear.com\\\/de\\\/hub\\\/business\\\/av\\\/netgear-academy-nab-2025\\\/\",\"name\":\"Erhalten Sie Ihre Zertifizierung mit der NETGEAR Academy \u2013 NETGEAR AV auf der NAB 2025 - NETGEAR Hub\",\"isPartOf\":{\"@id\":\"https:\\\/\\\/dehub.netgear.com\\\/de\\\/hub\\\/#website\"},\"primaryImageOfPage\":{\"@id\":\"https:\\\/\\\/dehub.netgear.com\\\/de\\\/hub\\\/business\\\/av\\\/netgear-academy-nab-2025\\\/#primaryimage\"},\"image\":{\"@id\":\"https:\\\/\\\/dehub.netgear.com\\\/de\\\/hub\\\/business\\\/av\\\/netgear-academy-nab-2025\\\/#primaryimage\"},\"thumbnailUrl\":\"https:\\\/\\\/dehub.netgear.com\\\/de\\\/hub\\\/wp-content\\\/uploads\\\/2025\\\/05\\\/john-h-netgear-academy-nab-2025-383x288-1.jpg\",\"datePublished\":\"2025-05-22T12:32:20+00:00\",\"dateModified\":\"2025-05-22T12:35:54+00:00\",\"description\":\"Erhalten Sie Ihre Zertifizierung mit der NETGEAR Academy \u2013 NETGEAR AV auf der NAB 2025\",\"breadcrumb\":{\"@id\":\"https:\\\/\\\/dehub.netgear.com\\\/de\\\/hub\\\/business\\\/av\\\/netgear-academy-nab-2025\\\/#breadcrumb\"},\"inLanguage\":\"de\",\"potentialAction\":[{\"@type\":\"ReadAction\",\"target\":[\"https:\\\/\\\/dehub.netgear.com\\\/de\\\/hub\\\/business\\\/av\\\/netgear-academy-nab-2025\\\/\"]}]},{\"@type\":\"ImageObject\",\"inLanguage\":\"de\",\"@id\":\"https:\\\/\\\/dehub.netgear.com\\\/de\\\/hub\\\/business\\\/av\\\/netgear-academy-nab-2025\\\/#primaryimage\",\"url\":\"https:\\\/\\\/dehub.netgear.com\\\/de\\\/hub\\\/wp-content\\\/uploads\\\/2025\\\/05\\\/john-h-netgear-academy-nab-2025-383x288-1.jpg\",\"contentUrl\":\"https:\\\/\\\/dehub.netgear.com\\\/de\\\/hub\\\/wp-content\\\/uploads\\\/2025\\\/05\\\/john-h-netgear-academy-nab-2025-383x288-1.jpg\",\"width\":383,\"height\":288},{\"@type\":\"BreadcrumbList\",\"@id\":\"https:\\\/\\\/dehub.netgear.com\\\/de\\\/hub\\\/business\\\/av\\\/netgear-academy-nab-2025\\\/#breadcrumb\",\"itemListElement\":[{\"@type\":\"ListItem\",\"position\":1,\"name\":\"Home\",\"item\":\"https:\\\/\\\/dehub.netgear.com\\\/de\\\/hub\\\/\"},{\"@type\":\"ListItem\",\"position\":2,\"name\":\"Business Articles Hub\",\"item\":\"https:\\\/\\\/dehub.netgear.com\\\/de\\\/hub\\\/business\\\/\"},{\"@type\":\"ListItem\",\"position\":3,\"name\":\"Business AV\",\"item\":\"https:\\\/\\\/dehub.netgear.com\\\/de\\\/hub\\\/business\\\/av\\\/\"},{\"@type\":\"ListItem\",\"position\":4,\"name\":\"Erhalten Sie Ihre Zertifizierung mit der NETGEAR Academy \u2013 NETGEAR AV auf der NAB 2025\"}]},{\"@type\":\"WebSite\",\"@id\":\"https:\\\/\\\/dehub.netgear.com\\\/de\\\/hub\\\/#website\",\"url\":\"https:\\\/\\\/dehub.netgear.com\\\/de\\\/hub\\\/\",\"name\":\"NETGEAR\",\"description\":\"Erkunden Sie unsere Hub-Seiten und st\u00f6bern Sie in Artikeln, um mehr \u00fcber NETGEAR Produkte und Technologien zu erfahren.\",\"publisher\":{\"@id\":\"https:\\\/\\\/dehub.netgear.com\\\/de\\\/hub\\\/#organization\"},\"potentialAction\":[{\"@type\":\"SearchAction\",\"target\":{\"@type\":\"EntryPoint\",\"urlTemplate\":\"https:\\\/\\\/dehub.netgear.com\\\/de\\\/hub\\\/?s={search_term_string}\"},\"query-input\":{\"@type\":\"PropertyValueSpecification\",\"valueRequired\":true,\"valueName\":\"search_term_string\"}}],\"inLanguage\":\"de\"},{\"@type\":\"Organization\",\"@id\":\"https:\\\/\\\/dehub.netgear.com\\\/de\\\/hub\\\/#organization\",\"name\":\"NETGEAR\",\"url\":\"https:\\\/\\\/dehub.netgear.com\\\/de\\\/hub\\\/\",\"logo\":{\"@type\":\"ImageObject\",\"inLanguage\":\"de\",\"@id\":\"https:\\\/\\\/dehub.netgear.com\\\/de\\\/hub\\\/#\\\/schema\\\/logo\\\/image\\\/\",\"url\":\"https:\\\/\\\/www.dehub.netgear.com\\\/de\\\/hub\\\/wp-content\\\/uploads\\\/2019\\\/07\\\/NETGEAR_logo.jpg\",\"contentUrl\":\"https:\\\/\\\/www.dehub.netgear.com\\\/de\\\/hub\\\/wp-content\\\/uploads\\\/2019\\\/07\\\/NETGEAR_logo.jpg\",\"width\":1500,\"height\":501,\"caption\":\"NETGEAR\"},\"image\":{\"@id\":\"https:\\\/\\\/dehub.netgear.com\\\/de\\\/hub\\\/#\\\/schema\\\/logo\\\/image\\\/\"},\"sameAs\":[\"https:\\\/\\\/www.facebook.com\\\/NetgearAU\\\/\",\"https:\\\/\\\/x.com\\\/NETGEAR\",\"https:\\\/\\\/www.linkedin.com\\\/company\\\/netgear\"]}]}<\/script>\n<!-- \/ Yoast SEO plugin. -->","yoast_head_json":{"title":"Erhalten Sie Ihre Zertifizierung mit der NETGEAR Academy \u2013 NETGEAR AV auf der NAB 2025 - NETGEAR Hub","description":"Erhalten Sie Ihre Zertifizierung mit der NETGEAR Academy \u2013 NETGEAR AV auf der NAB 2025","robots":{"index":"index","follow":"follow","max-snippet":"max-snippet:-1","max-image-preview":"max-image-preview:large","max-video-preview":"max-video-preview:-1"},"canonical":"https:\/\/dehub.netgear.com\/de\/hub\/business\/av\/netgear-academy-nab-2025\/","og_locale":"de_DE","og_type":"article","og_title":"Erhalten Sie Ihre Zertifizierung mit der NETGEAR Academy \u2013 NETGEAR AV auf der NAB 2025 - NETGEAR Hub","og_description":"Erhalten Sie Ihre Zertifizierung mit der NETGEAR Academy \u2013 NETGEAR AV auf der NAB 2025","og_url":"https:\/\/dehub.netgear.com\/de\/hub\/business\/av\/netgear-academy-nab-2025\/","og_site_name":"NETGEAR Hub","article_publisher":"https:\/\/www.facebook.com\/NetgearAU\/","article_modified_time":"2025-05-22T12:35:54+00:00","og_image":[{"width":383,"height":288,"url":"https:\/\/dehub.netgear.com\/de\/hub\/wp-content\/uploads\/2025\/05\/john-h-netgear-academy-nab-2025-383x288-1.jpg","type":"image\/jpeg"}],"twitter_card":"summary_large_image","twitter_site":"@NETGEAR","schema":{"@context":"https:\/\/schema.org","@graph":[{"@type":"WebPage","@id":"https:\/\/dehub.netgear.com\/de\/hub\/business\/av\/netgear-academy-nab-2025\/","url":"https:\/\/dehub.netgear.com\/de\/hub\/business\/av\/netgear-academy-nab-2025\/","name":"Erhalten Sie Ihre Zertifizierung mit der NETGEAR Academy \u2013 NETGEAR AV auf der NAB 2025 - NETGEAR Hub","isPartOf":{"@id":"https:\/\/dehub.netgear.com\/de\/hub\/#website"},"primaryImageOfPage":{"@id":"https:\/\/dehub.netgear.com\/de\/hub\/business\/av\/netgear-academy-nab-2025\/#primaryimage"},"image":{"@id":"https:\/\/dehub.netgear.com\/de\/hub\/business\/av\/netgear-academy-nab-2025\/#primaryimage"},"thumbnailUrl":"https:\/\/dehub.netgear.com\/de\/hub\/wp-content\/uploads\/2025\/05\/john-h-netgear-academy-nab-2025-383x288-1.jpg","datePublished":"2025-05-22T12:32:20+00:00","dateModified":"2025-05-22T12:35:54+00:00","description":"Erhalten Sie Ihre Zertifizierung mit der NETGEAR Academy \u2013 NETGEAR AV auf der NAB 2025","breadcrumb":{"@id":"https:\/\/dehub.netgear.com\/de\/hub\/business\/av\/netgear-academy-nab-2025\/#breadcrumb"},"inLanguage":"de","potentialAction":[{"@type":"ReadAction","target":["https:\/\/dehub.netgear.com\/de\/hub\/business\/av\/netgear-academy-nab-2025\/"]}]},{"@type":"ImageObject","inLanguage":"de","@id":"https:\/\/dehub.netgear.com\/de\/hub\/business\/av\/netgear-academy-nab-2025\/#primaryimage","url":"https:\/\/dehub.netgear.com\/de\/hub\/wp-content\/uploads\/2025\/05\/john-h-netgear-academy-nab-2025-383x288-1.jpg","contentUrl":"https:\/\/dehub.netgear.com\/de\/hub\/wp-content\/uploads\/2025\/05\/john-h-netgear-academy-nab-2025-383x288-1.jpg","width":383,"height":288},{"@type":"BreadcrumbList","@id":"https:\/\/dehub.netgear.com\/de\/hub\/business\/av\/netgear-academy-nab-2025\/#breadcrumb","itemListElement":[{"@type":"ListItem","position":1,"name":"Home","item":"https:\/\/dehub.netgear.com\/de\/hub\/"},{"@type":"ListItem","position":2,"name":"Business Articles Hub","item":"https:\/\/dehub.netgear.com\/de\/hub\/business\/"},{"@type":"ListItem","position":3,"name":"Business AV","item":"https:\/\/dehub.netgear.com\/de\/hub\/business\/av\/"},{"@type":"ListItem","position":4,"name":"Erhalten Sie Ihre Zertifizierung mit der NETGEAR Academy \u2013 NETGEAR AV auf der NAB 2025"}]},{"@type":"WebSite","@id":"https:\/\/dehub.netgear.com\/de\/hub\/#website","url":"https:\/\/dehub.netgear.com\/de\/hub\/","name":"NETGEAR","description":"Erkunden Sie unsere Hub-Seiten und st\u00f6bern Sie in Artikeln, um mehr \u00fcber NETGEAR Produkte und Technologien zu erfahren.","publisher":{"@id":"https:\/\/dehub.netgear.com\/de\/hub\/#organization"},"potentialAction":[{"@type":"SearchAction","target":{"@type":"EntryPoint","urlTemplate":"https:\/\/dehub.netgear.com\/de\/hub\/?s={search_term_string}"},"query-input":{"@type":"PropertyValueSpecification","valueRequired":true,"valueName":"search_term_string"}}],"inLanguage":"de"},{"@type":"Organization","@id":"https:\/\/dehub.netgear.com\/de\/hub\/#organization","name":"NETGEAR","url":"https:\/\/dehub.netgear.com\/de\/hub\/","logo":{"@type":"ImageObject","inLanguage":"de","@id":"https:\/\/dehub.netgear.com\/de\/hub\/#\/schema\/logo\/image\/","url":"https:\/\/www.dehub.netgear.com\/de\/hub\/wp-content\/uploads\/2019\/07\/NETGEAR_logo.jpg","contentUrl":"https:\/\/www.dehub.netgear.com\/de\/hub\/wp-content\/uploads\/2019\/07\/NETGEAR_logo.jpg","width":1500,"height":501,"caption":"NETGEAR"},"image":{"@id":"https:\/\/dehub.netgear.com\/de\/hub\/#\/schema\/logo\/image\/"},"sameAs":["https:\/\/www.facebook.com\/NetgearAU\/","https:\/\/x.com\/NETGEAR","https:\/\/www.linkedin.com\/company\/netgear"]}]}},"_links":{"self":[{"href":"https:\/\/dehub.netgear.com\/de\/hub\/wp-json\/wp\/v2\/pages\/10263","targetHints":{"allow":["GET"]}}],"collection":[{"href":"https:\/\/dehub.netgear.com\/de\/hub\/wp-json\/wp\/v2\/pages"}],"about":[{"href":"https:\/\/dehub.netgear.com\/de\/hub\/wp-json\/wp\/v2\/types\/page"}],"author":[{"embeddable":true,"href":"https:\/\/dehub.netgear.com\/de\/hub\/wp-json\/wp\/v2\/users\/90"}],"replies":[{"embeddable":true,"href":"https:\/\/dehub.netgear.com\/de\/hub\/wp-json\/wp\/v2\/comments?post=10263"}],"version-history":[{"count":2,"href":"https:\/\/dehub.netgear.com\/de\/hub\/wp-json\/wp\/v2\/pages\/10263\/revisions"}],"predecessor-version":[{"id":10265,"href":"https:\/\/dehub.netgear.com\/de\/hub\/wp-json\/wp\/v2\/pages\/10263\/revisions\/10265"}],"up":[{"embeddable":true,"href":"https:\/\/dehub.netgear.com\/de\/hub\/wp-json\/wp\/v2\/pages\/6754"}],"wp:featuredmedia":[{"embeddable":true,"href":"https:\/\/dehub.netgear.com\/de\/hub\/wp-json\/wp\/v2\/media\/10249"}],"wp:attachment":[{"href":"https:\/\/dehub.netgear.com\/de\/hub\/wp-json\/wp\/v2\/media?parent=10263"}],"curies":[{"name":"wp","href":"https:\/\/api.w.org\/{rel}","templated":true}]}}