{"id":10205,"date":"2024-06-12T12:36:09","date_gmt":"2025-04-15T10:36:41","guid":{"rendered":"https:\/\/dehub.netgear.com\/de\/hub\/?page_id=10205"},"modified":"2025-11-25T20:18:18","modified_gmt":"2025-11-25T19:18:18","slug":"hervorragende-netzwerkqualitat-in-den-filialen-eines-grosen-franzosischen-einzelhandlers","status":"publish","type":"page","link":"https:\/\/dehub.netgear.com\/de\/hub\/business\/case-studies\/it-case-studies\/hervorragende-netzwerkqualitat-in-den-filialen-eines-grosen-franzosischen-einzelhandlers\/","title":{"rendered":"Hervorragende Netzwerkqualit\u00e4t in den Filialen eines gro\u00dfen franz\u00f6sischen Einzelh\u00e4ndlers"},"content":{"rendered":"    <div class=\"table-of-content bg-gray\">\n        <p><strong>IN THIS ARTICLE<\/strong><\/p>\n        <ul>\n                        <li><a href=\"#topic1\">ZUSAMMENFASSUNG<\/a><\/li>\n                        <li><a href=\"#topic2\">KONTEXT<\/a><\/li>\n                        <li><a href=\"#topic3\">FACHKUNDIGE BERATUNG<\/a><\/li>\n                        <li><a href=\"#topic4\">FAZIT<\/a><\/li>\n                    <\/ul>\n    <\/div>\n        <div id=\"topic1\" class=\"skip-item\">\n                        <h2>ZUSAMMENFASSUNG<\/h2>\n                <p>Berater des franz\u00f6sischen Unternehmens Cuisine Schmidt zeigen ihren Kunden das K\u00fcchendesign vor Ort im Gesch\u00e4ft auf dem Tablet. Diese Art von Interaktivit\u00e4t erfordert eine hohe Bandbreite und leistungsstarkes WLAN. Deshalb hat Cuisine Schmidt in leistungsstarke WLAN-Technologie investiert. Das Unternehmen wollte auch den Besuchern der Filiale eine WLAN-Verbindung mit hoher Qualit\u00e4t anbieten.<\/p>\n<div style=\"background-color: #eeeeee;padding: 20px;width: 33%;float: right\">\n<p><strong>Unternehmen: <\/strong><br \/>\nCuisine Schmidt<\/p>\n<p><strong>Sektor:<\/strong><br \/>\nFertigung<\/p>\n<p><strong>Website:<\/strong><br \/>\n<a href=\"https:\/\/www.home-design.schmidt\/de\">home-design.schmidt\/de<\/a><\/p>\n<p><strong>Standort:<\/strong><br \/>\nLi\u00e8pvre, Frankreich<\/p>\n<p><button style=\"font-size: 18px\"><a href=\"https:\/\/dehub.netgear.com\/de\/hub\/wp-content\/uploads\/2025\/04\/Schmidt-CS-a4-04Jul24_GR.pdf\"><strong>Laden Sie diese Fallstudie herunter<\/strong><\/a><\/button><\/p>\n<\/div>\n<p>&nbsp;<\/p>\n<div style=\"background-color: #ffffff;padding: 20px;width: 50%;float: left\"><em><br \/>\nUm diese Ziele zu erreichen, hat Cuisine Schmidt das WLAN-Netzwerk mit NETGEAR Business WiFi 6-Access Points aufger\u00fcstet. Hinzu kommt das Remote-Cloud-Management durch Web&#8217;in Informatique, einen Gesch\u00e4ftspartner von NETGEAR. Egal, ob Kunden sich die K\u00fcche ihrer Tr\u00e4ume aussuchen oder einfach nur ihre Nachrichten lesen und in sozialen Netzwerken surfen \u2013 die digitale Qualit\u00e4t im Gesch\u00e4ft ist jetzt hervorragend.<br \/>\n<\/em><\/div>\n    <\/div>\n        <div id=\"topic2\" class=\"skip-item\">\n                        <h2>KONTEXT<\/h2>\n                <p>Ein Besuch im Gesch\u00e4ft ist bei einem Anbieter hochwertiger K\u00fcchen und M\u00f6bel viel wichtiger als anderswo. Wenn Menschen in ihren Wohnbereich investieren, m\u00f6chten sie Zeit haben, die richtige Wahl zu treffen. Dabei sind eine gute Netzanbindung, eine angenehme Atmosph\u00e4re und Gastfreundschaft in der Filiale wichtige Aspekte. Die Kunden m\u00f6chten ausf\u00fchrliche Gespr\u00e4che mit Kundenberatern f\u00fchren und sehen, wie die neue K\u00fcche bei ihnen zu Hause<br \/>\naussehen k\u00f6nnte.<\/p>\n<p>Deshalb hat der f\u00fchrende K\u00fcchenanbieter Cuisine Schmidt in seinen Gesch\u00e4ften in Hagenau und Vendenheim auf ein schnelleres und zuverl\u00e4ssigeres WLAN-Netzwerk umgestellt. Zwar waren die vorhandenen Systeme noch funktionsf\u00e4hig, doch Cuisine Schmidt wollte die Leistung verbessern \u2013 insbesondere f\u00fcr Mitarbeiter, die Kunden die Layouts auf Tablets zeigen, um zu visualisieren, wie die Produkte nach der Installation aussehen.<\/p>\n<p>Au\u00dferdem verbringen die Kunden viel Zeit in den Gesch\u00e4ften von Cuisine Schmidt und empfinden es als angenehm, wenn das WLAN dort gut ist. Letztendlich kommt die Verbesserung des Netzwerks auch allen Mitarbeitern zugute, die eine Verbindung zum Internet herstellen.<\/p>\n<p><img loading=\"lazy\" decoding=\"async\" class=\"aligncenter size-large wp-image-9465\" src=\"https:\/\/dehub.netgear.com\/de\/hub\/wp-content\/uploads\/2025\/04\/banner-2-schmidt.jpg\" alt=\"\" width=\"1024\" height=\"431\" \/><\/p>\n    <\/div>\n        <div id=\"topic3\" class=\"skip-item bg-gray-full\">\n                        <h2>FACHKUNDIGE BERATUNG<\/h2>\n                <p>In diesem Sinne hat sich Cuisine Schmidt an Web&#8217;in Informatique gewendet, einen IT-Dienstleister mit Sitz in Soultz-sous-For\u00eats, Frankreich. Mit \u00fcber 20 Jahren Erfahrung ist das Unternehmen auch seit mehreren Jahren Gesch\u00e4ftspartner von NETGEAR Business.<\/p>\n<p>Web&#8217;in hat f\u00fcr die Filialen von Cuisine Schmidt ein neues Netzwerk mit NETGEAR Business-Hardware (ein GS728TP-PoE Switch und vier PoE-betriebene WAX610-Wireless Access Points in Hagenau sowie f\u00fcnf in Vendenheim) empfohlen. Diese Hardware entspricht dem WiFi 6-Standard, der deutlich h\u00f6here Geschwindigkeiten und Bandbreiten erm\u00f6glicht, sodass sich mehr Ger\u00e4te und Benutzer gleichzeitig mit dem Internet verbinden k\u00f6nnen. Power over Ethernet (PoE) bietet einen unsch\u00e4tzbaren Vorteil: Stromversorgung und Daten\u00fcbertragung erfolgen \u00fcber dasselbe Kabel, wodurch zus\u00e4tzliche Strom- oder Access Point-Kabel \u00fcberfl\u00fcssig werden.<\/p>\n<p>Au\u00dferdem umfasst die L\u00f6sung NETGEAR Insight Pro. Diese cloudbasierte Netzwerkverwaltungsl\u00f6sung erm\u00f6glicht die Netzwerkkonfiguration und -\u00fcberwachung aus der Ferne, einschlie\u00dflich Fehlerbehebung und sogar Neukonfiguration. Dies erm\u00f6glicht die Remote-Verwaltung, erleichtert die Konfiguration und macht viele Technikertermine \u00fcberfl\u00fcssig.<\/p>\n    <\/div>\n        <div id=\"topic4\" class=\"skip-item\">\n                        <h2>FAZIT<\/h2>\n                <p>Die Installation hat im Mai 2022 stattgefunden und ist reibungslos abgelaufen. Der Vorgang hat nur einen Tag gedauert. Ein von NETGEAR geschulter Web&#8217;in-Techniker hat das Netzwerk mit Insight Pro konfiguriert, ohne sich an den Support von NETGEAR wenden zu m\u00fcssen.<\/p>\n<p>In den Filialen von Cuisine Schmidt waren die Vorteile der schnelleren und qualitativ hochwertigeren Verbindung sofort zu sp\u00fcren, zumal das Netzwerk von Web&#8217;in aus der Ferne \u00fcberwacht und verwaltet werden kann. Voraussichtlich wird die gleiche Art von System in Zukunft auch in anderen Filialen von Cuisine Schmidt eingef\u00fchrt. Schon jetzt kann aber jeder, der diese Gesch\u00e4fte besucht, mit einem hervorragenden WLAN-Netzwerk rechnen.<\/p>\n<p><img loading=\"lazy\" decoding=\"async\" class=\"aligncenter size-large wp-image-9465\" src=\"https:\/\/dehub.netgear.com\/de\/hub\/wp-content\/uploads\/2025\/04\/visuel-schmidt-scaled.jpeg\" alt=\"\" width=\"1024\" height=\"431\" \/><\/p>\n    <\/div>\n        <div id=\"topic5\" class=\"skip-item\">\n                        <p><iframe loading=\"lazy\" src=\"https:\/\/405nrr.share-na2.hsforms.com\/25w_D-U5iS-e5KaSaP86jnQ\" width=\"100%\" height=\"1200px\"><\/iframe><\/p>\n    <\/div>\n    \n","protected":false},"excerpt":{"rendered":"","protected":false},"author":94,"featured_media":10494,"parent":10318,"menu_order":2,"comment_status":"closed","ping_status":"closed","template":"templates\/blog-wifi.php","meta":{"_acf_changed":false,"footnotes":""},"class_list":["post-10205","page","type-page","status-publish","has-post-thumbnail","hentry"],"acf":[],"yoast_head":"<!-- This site is optimized with the Yoast SEO plugin v27.4 - https:\/\/yoast.com\/product\/yoast-seo-wordpress\/ -->\n<title>Hervorragende Netzwerkqualit\u00e4t in den Filialen eines gro\u00dfen franz\u00f6sischen Einzelh\u00e4ndlers - NETGEAR Hub<\/title>\n<meta name=\"description\" content=\"Hervorragende Netzwerkqualit\u00e4t in den Filialen eines gro\u00dfen franz\u00f6sischen Einzelh\u00e4ndlers\" \/>\n<meta name=\"robots\" content=\"index, follow, max-snippet:-1, max-image-preview:large, max-video-preview:-1\" \/>\n<link rel=\"canonical\" href=\"https:\/\/dehub.netgear.com\/de\/hub\/business\/case-studies\/it-case-studies\/hervorragende-netzwerkqualitat-in-den-filialen-eines-grosen-franzosischen-einzelhandlers\/\" \/>\n<meta property=\"og:locale\" content=\"de_DE\" \/>\n<meta property=\"og:type\" content=\"article\" \/>\n<meta property=\"og:title\" content=\"Hervorragende Netzwerkqualit\u00e4t in den Filialen eines gro\u00dfen franz\u00f6sischen Einzelh\u00e4ndlers - NETGEAR Hub\" \/>\n<meta property=\"og:description\" content=\"Hervorragende Netzwerkqualit\u00e4t in den Filialen eines gro\u00dfen franz\u00f6sischen Einzelh\u00e4ndlers\" \/>\n<meta property=\"og:url\" content=\"https:\/\/dehub.netgear.com\/de\/hub\/business\/case-studies\/it-case-studies\/hervorragende-netzwerkqualitat-in-den-filialen-eines-grosen-franzosischen-einzelhandlers\/\" \/>\n<meta property=\"og:site_name\" content=\"NETGEAR Hub\" \/>\n<meta property=\"article:publisher\" content=\"https:\/\/www.facebook.com\/NetgearAU\/\" \/>\n<meta property=\"article:modified_time\" content=\"2025-11-25T19:18:18+00:00\" \/>\n<meta property=\"og:image\" content=\"https:\/\/dehub.netgear.com\/de\/hub\/wp-content\/uploads\/2025\/09\/Vignette-Smidth-v2.webp\" \/>\n\t<meta property=\"og:image:width\" content=\"383\" \/>\n\t<meta property=\"og:image:height\" content=\"288\" \/>\n\t<meta property=\"og:image:type\" content=\"image\/webp\" \/>\n<meta name=\"twitter:card\" content=\"summary_large_image\" \/>\n<meta name=\"twitter:site\" content=\"@NETGEAR\" \/>\n<script type=\"application\/ld+json\" class=\"yoast-schema-graph\">{\"@context\":\"https:\\\/\\\/schema.org\",\"@graph\":[{\"@type\":\"WebPage\",\"@id\":\"https:\\\/\\\/dehub.netgear.com\\\/de\\\/hub\\\/business\\\/case-studies\\\/it-case-studies\\\/hervorragende-netzwerkqualitat-in-den-filialen-eines-grosen-franzosischen-einzelhandlers\\\/\",\"url\":\"https:\\\/\\\/dehub.netgear.com\\\/de\\\/hub\\\/business\\\/case-studies\\\/it-case-studies\\\/hervorragende-netzwerkqualitat-in-den-filialen-eines-grosen-franzosischen-einzelhandlers\\\/\",\"name\":\"Hervorragende Netzwerkqualit\u00e4t in den Filialen eines gro\u00dfen franz\u00f6sischen Einzelh\u00e4ndlers - NETGEAR Hub\",\"isPartOf\":{\"@id\":\"https:\\\/\\\/dehub.netgear.com\\\/de\\\/hub\\\/#website\"},\"primaryImageOfPage\":{\"@id\":\"https:\\\/\\\/dehub.netgear.com\\\/de\\\/hub\\\/business\\\/case-studies\\\/it-case-studies\\\/hervorragende-netzwerkqualitat-in-den-filialen-eines-grosen-franzosischen-einzelhandlers\\\/#primaryimage\"},\"image\":{\"@id\":\"https:\\\/\\\/dehub.netgear.com\\\/de\\\/hub\\\/business\\\/case-studies\\\/it-case-studies\\\/hervorragende-netzwerkqualitat-in-den-filialen-eines-grosen-franzosischen-einzelhandlers\\\/#primaryimage\"},\"thumbnailUrl\":\"https:\\\/\\\/dehub.netgear.com\\\/de\\\/hub\\\/wp-content\\\/uploads\\\/2025\\\/09\\\/Vignette-Smidth-v2.webp\",\"datePublished\":\"2025-04-15T10:36:41+00:00\",\"dateModified\":\"2025-11-25T19:18:18+00:00\",\"description\":\"Hervorragende Netzwerkqualit\u00e4t in den Filialen eines gro\u00dfen franz\u00f6sischen Einzelh\u00e4ndlers\",\"breadcrumb\":{\"@id\":\"https:\\\/\\\/dehub.netgear.com\\\/de\\\/hub\\\/business\\\/case-studies\\\/it-case-studies\\\/hervorragende-netzwerkqualitat-in-den-filialen-eines-grosen-franzosischen-einzelhandlers\\\/#breadcrumb\"},\"inLanguage\":\"de\",\"potentialAction\":[{\"@type\":\"ReadAction\",\"target\":[\"https:\\\/\\\/dehub.netgear.com\\\/de\\\/hub\\\/business\\\/case-studies\\\/it-case-studies\\\/hervorragende-netzwerkqualitat-in-den-filialen-eines-grosen-franzosischen-einzelhandlers\\\/\"]}]},{\"@type\":\"ImageObject\",\"inLanguage\":\"de\",\"@id\":\"https:\\\/\\\/dehub.netgear.com\\\/de\\\/hub\\\/business\\\/case-studies\\\/it-case-studies\\\/hervorragende-netzwerkqualitat-in-den-filialen-eines-grosen-franzosischen-einzelhandlers\\\/#primaryimage\",\"url\":\"https:\\\/\\\/dehub.netgear.com\\\/de\\\/hub\\\/wp-content\\\/uploads\\\/2025\\\/09\\\/Vignette-Smidth-v2.webp\",\"contentUrl\":\"https:\\\/\\\/dehub.netgear.com\\\/de\\\/hub\\\/wp-content\\\/uploads\\\/2025\\\/09\\\/Vignette-Smidth-v2.webp\",\"width\":383,\"height\":288},{\"@type\":\"BreadcrumbList\",\"@id\":\"https:\\\/\\\/dehub.netgear.com\\\/de\\\/hub\\\/business\\\/case-studies\\\/it-case-studies\\\/hervorragende-netzwerkqualitat-in-den-filialen-eines-grosen-franzosischen-einzelhandlers\\\/#breadcrumb\",\"itemListElement\":[{\"@type\":\"ListItem\",\"position\":1,\"name\":\"Home\",\"item\":\"https:\\\/\\\/dehub.netgear.com\\\/de\\\/hub\\\/\"},{\"@type\":\"ListItem\",\"position\":2,\"name\":\"Business Articles Hub\",\"item\":\"https:\\\/\\\/dehub.netgear.com\\\/de\\\/hub\\\/business\\\/\"},{\"@type\":\"ListItem\",\"position\":3,\"name\":\"All Case Studies &#8211; DE\",\"item\":\"https:\\\/\\\/dehub.netgear.com\\\/de\\\/hub\\\/business\\\/case-studies\\\/\"},{\"@type\":\"ListItem\",\"position\":4,\"name\":\"IT-Fallstudien\",\"item\":\"https:\\\/\\\/dehub.netgear.com\\\/de\\\/hub\\\/business\\\/case-studies\\\/it-case-studies\\\/\"},{\"@type\":\"ListItem\",\"position\":5,\"name\":\"Hervorragende Netzwerkqualit\u00e4t in den Filialen eines gro\u00dfen franz\u00f6sischen Einzelh\u00e4ndlers\"}]},{\"@type\":\"WebSite\",\"@id\":\"https:\\\/\\\/dehub.netgear.com\\\/de\\\/hub\\\/#website\",\"url\":\"https:\\\/\\\/dehub.netgear.com\\\/de\\\/hub\\\/\",\"name\":\"NETGEAR\",\"description\":\"Erkunden Sie unsere Hub-Seiten und st\u00f6bern Sie in Artikeln, um mehr \u00fcber NETGEAR Produkte und Technologien zu erfahren.\",\"publisher\":{\"@id\":\"https:\\\/\\\/dehub.netgear.com\\\/de\\\/hub\\\/#organization\"},\"potentialAction\":[{\"@type\":\"SearchAction\",\"target\":{\"@type\":\"EntryPoint\",\"urlTemplate\":\"https:\\\/\\\/dehub.netgear.com\\\/de\\\/hub\\\/?s={search_term_string}\"},\"query-input\":{\"@type\":\"PropertyValueSpecification\",\"valueRequired\":true,\"valueName\":\"search_term_string\"}}],\"inLanguage\":\"de\"},{\"@type\":\"Organization\",\"@id\":\"https:\\\/\\\/dehub.netgear.com\\\/de\\\/hub\\\/#organization\",\"name\":\"NETGEAR\",\"url\":\"https:\\\/\\\/dehub.netgear.com\\\/de\\\/hub\\\/\",\"logo\":{\"@type\":\"ImageObject\",\"inLanguage\":\"de\",\"@id\":\"https:\\\/\\\/dehub.netgear.com\\\/de\\\/hub\\\/#\\\/schema\\\/logo\\\/image\\\/\",\"url\":\"https:\\\/\\\/www.dehub.netgear.com\\\/de\\\/hub\\\/wp-content\\\/uploads\\\/2019\\\/07\\\/NETGEAR_logo.jpg\",\"contentUrl\":\"https:\\\/\\\/www.dehub.netgear.com\\\/de\\\/hub\\\/wp-content\\\/uploads\\\/2019\\\/07\\\/NETGEAR_logo.jpg\",\"width\":1500,\"height\":501,\"caption\":\"NETGEAR\"},\"image\":{\"@id\":\"https:\\\/\\\/dehub.netgear.com\\\/de\\\/hub\\\/#\\\/schema\\\/logo\\\/image\\\/\"},\"sameAs\":[\"https:\\\/\\\/www.facebook.com\\\/NetgearAU\\\/\",\"https:\\\/\\\/x.com\\\/NETGEAR\",\"https:\\\/\\\/www.linkedin.com\\\/company\\\/netgear\"]}]}<\/script>\n<!-- \/ Yoast SEO plugin. -->","yoast_head_json":{"title":"Hervorragende Netzwerkqualit\u00e4t in den Filialen eines gro\u00dfen franz\u00f6sischen Einzelh\u00e4ndlers - NETGEAR Hub","description":"Hervorragende Netzwerkqualit\u00e4t in den Filialen eines gro\u00dfen franz\u00f6sischen Einzelh\u00e4ndlers","robots":{"index":"index","follow":"follow","max-snippet":"max-snippet:-1","max-image-preview":"max-image-preview:large","max-video-preview":"max-video-preview:-1"},"canonical":"https:\/\/dehub.netgear.com\/de\/hub\/business\/case-studies\/it-case-studies\/hervorragende-netzwerkqualitat-in-den-filialen-eines-grosen-franzosischen-einzelhandlers\/","og_locale":"de_DE","og_type":"article","og_title":"Hervorragende Netzwerkqualit\u00e4t in den Filialen eines gro\u00dfen franz\u00f6sischen Einzelh\u00e4ndlers - NETGEAR Hub","og_description":"Hervorragende Netzwerkqualit\u00e4t in den Filialen eines gro\u00dfen franz\u00f6sischen Einzelh\u00e4ndlers","og_url":"https:\/\/dehub.netgear.com\/de\/hub\/business\/case-studies\/it-case-studies\/hervorragende-netzwerkqualitat-in-den-filialen-eines-grosen-franzosischen-einzelhandlers\/","og_site_name":"NETGEAR Hub","article_publisher":"https:\/\/www.facebook.com\/NetgearAU\/","article_modified_time":"2025-11-25T19:18:18+00:00","og_image":[{"width":383,"height":288,"url":"https:\/\/dehub.netgear.com\/de\/hub\/wp-content\/uploads\/2025\/09\/Vignette-Smidth-v2.webp","type":"image\/webp"}],"twitter_card":"summary_large_image","twitter_site":"@NETGEAR","schema":{"@context":"https:\/\/schema.org","@graph":[{"@type":"WebPage","@id":"https:\/\/dehub.netgear.com\/de\/hub\/business\/case-studies\/it-case-studies\/hervorragende-netzwerkqualitat-in-den-filialen-eines-grosen-franzosischen-einzelhandlers\/","url":"https:\/\/dehub.netgear.com\/de\/hub\/business\/case-studies\/it-case-studies\/hervorragende-netzwerkqualitat-in-den-filialen-eines-grosen-franzosischen-einzelhandlers\/","name":"Hervorragende Netzwerkqualit\u00e4t in den Filialen eines gro\u00dfen franz\u00f6sischen Einzelh\u00e4ndlers - NETGEAR Hub","isPartOf":{"@id":"https:\/\/dehub.netgear.com\/de\/hub\/#website"},"primaryImageOfPage":{"@id":"https:\/\/dehub.netgear.com\/de\/hub\/business\/case-studies\/it-case-studies\/hervorragende-netzwerkqualitat-in-den-filialen-eines-grosen-franzosischen-einzelhandlers\/#primaryimage"},"image":{"@id":"https:\/\/dehub.netgear.com\/de\/hub\/business\/case-studies\/it-case-studies\/hervorragende-netzwerkqualitat-in-den-filialen-eines-grosen-franzosischen-einzelhandlers\/#primaryimage"},"thumbnailUrl":"https:\/\/dehub.netgear.com\/de\/hub\/wp-content\/uploads\/2025\/09\/Vignette-Smidth-v2.webp","datePublished":"2025-04-15T10:36:41+00:00","dateModified":"2025-11-25T19:18:18+00:00","description":"Hervorragende Netzwerkqualit\u00e4t in den Filialen eines gro\u00dfen franz\u00f6sischen Einzelh\u00e4ndlers","breadcrumb":{"@id":"https:\/\/dehub.netgear.com\/de\/hub\/business\/case-studies\/it-case-studies\/hervorragende-netzwerkqualitat-in-den-filialen-eines-grosen-franzosischen-einzelhandlers\/#breadcrumb"},"inLanguage":"de","potentialAction":[{"@type":"ReadAction","target":["https:\/\/dehub.netgear.com\/de\/hub\/business\/case-studies\/it-case-studies\/hervorragende-netzwerkqualitat-in-den-filialen-eines-grosen-franzosischen-einzelhandlers\/"]}]},{"@type":"ImageObject","inLanguage":"de","@id":"https:\/\/dehub.netgear.com\/de\/hub\/business\/case-studies\/it-case-studies\/hervorragende-netzwerkqualitat-in-den-filialen-eines-grosen-franzosischen-einzelhandlers\/#primaryimage","url":"https:\/\/dehub.netgear.com\/de\/hub\/wp-content\/uploads\/2025\/09\/Vignette-Smidth-v2.webp","contentUrl":"https:\/\/dehub.netgear.com\/de\/hub\/wp-content\/uploads\/2025\/09\/Vignette-Smidth-v2.webp","width":383,"height":288},{"@type":"BreadcrumbList","@id":"https:\/\/dehub.netgear.com\/de\/hub\/business\/case-studies\/it-case-studies\/hervorragende-netzwerkqualitat-in-den-filialen-eines-grosen-franzosischen-einzelhandlers\/#breadcrumb","itemListElement":[{"@type":"ListItem","position":1,"name":"Home","item":"https:\/\/dehub.netgear.com\/de\/hub\/"},{"@type":"ListItem","position":2,"name":"Business Articles Hub","item":"https:\/\/dehub.netgear.com\/de\/hub\/business\/"},{"@type":"ListItem","position":3,"name":"All Case Studies &#8211; DE","item":"https:\/\/dehub.netgear.com\/de\/hub\/business\/case-studies\/"},{"@type":"ListItem","position":4,"name":"IT-Fallstudien","item":"https:\/\/dehub.netgear.com\/de\/hub\/business\/case-studies\/it-case-studies\/"},{"@type":"ListItem","position":5,"name":"Hervorragende Netzwerkqualit\u00e4t in den Filialen eines gro\u00dfen franz\u00f6sischen Einzelh\u00e4ndlers"}]},{"@type":"WebSite","@id":"https:\/\/dehub.netgear.com\/de\/hub\/#website","url":"https:\/\/dehub.netgear.com\/de\/hub\/","name":"NETGEAR","description":"Erkunden Sie unsere Hub-Seiten und st\u00f6bern Sie in Artikeln, um mehr \u00fcber NETGEAR Produkte und Technologien zu erfahren.","publisher":{"@id":"https:\/\/dehub.netgear.com\/de\/hub\/#organization"},"potentialAction":[{"@type":"SearchAction","target":{"@type":"EntryPoint","urlTemplate":"https:\/\/dehub.netgear.com\/de\/hub\/?s={search_term_string}"},"query-input":{"@type":"PropertyValueSpecification","valueRequired":true,"valueName":"search_term_string"}}],"inLanguage":"de"},{"@type":"Organization","@id":"https:\/\/dehub.netgear.com\/de\/hub\/#organization","name":"NETGEAR","url":"https:\/\/dehub.netgear.com\/de\/hub\/","logo":{"@type":"ImageObject","inLanguage":"de","@id":"https:\/\/dehub.netgear.com\/de\/hub\/#\/schema\/logo\/image\/","url":"https:\/\/www.dehub.netgear.com\/de\/hub\/wp-content\/uploads\/2019\/07\/NETGEAR_logo.jpg","contentUrl":"https:\/\/www.dehub.netgear.com\/de\/hub\/wp-content\/uploads\/2019\/07\/NETGEAR_logo.jpg","width":1500,"height":501,"caption":"NETGEAR"},"image":{"@id":"https:\/\/dehub.netgear.com\/de\/hub\/#\/schema\/logo\/image\/"},"sameAs":["https:\/\/www.facebook.com\/NetgearAU\/","https:\/\/x.com\/NETGEAR","https:\/\/www.linkedin.com\/company\/netgear"]}]}},"_links":{"self":[{"href":"https:\/\/dehub.netgear.com\/de\/hub\/wp-json\/wp\/v2\/pages\/10205","targetHints":{"allow":["GET"]}}],"collection":[{"href":"https:\/\/dehub.netgear.com\/de\/hub\/wp-json\/wp\/v2\/pages"}],"about":[{"href":"https:\/\/dehub.netgear.com\/de\/hub\/wp-json\/wp\/v2\/types\/page"}],"author":[{"embeddable":true,"href":"https:\/\/dehub.netgear.com\/de\/hub\/wp-json\/wp\/v2\/users\/94"}],"replies":[{"embeddable":true,"href":"https:\/\/dehub.netgear.com\/de\/hub\/wp-json\/wp\/v2\/comments?post=10205"}],"version-history":[{"count":6,"href":"https:\/\/dehub.netgear.com\/de\/hub\/wp-json\/wp\/v2\/pages\/10205\/revisions"}],"predecessor-version":[{"id":10447,"href":"https:\/\/dehub.netgear.com\/de\/hub\/wp-json\/wp\/v2\/pages\/10205\/revisions\/10447"}],"up":[{"embeddable":true,"href":"https:\/\/dehub.netgear.com\/de\/hub\/wp-json\/wp\/v2\/pages\/10318"}],"wp:featuredmedia":[{"embeddable":true,"href":"https:\/\/dehub.netgear.com\/de\/hub\/wp-json\/wp\/v2\/media\/10494"}],"wp:attachment":[{"href":"https:\/\/dehub.netgear.com\/de\/hub\/wp-json\/wp\/v2\/media?parent=10205"}],"curies":[{"name":"wp","href":"https:\/\/api.w.org\/{rel}","templated":true}]}}