{"id":10199,"date":"2025-04-15T11:47:31","date_gmt":"2025-04-15T09:47:31","guid":{"rendered":"https:\/\/dehub.netgear.com\/de\/hub\/?page_id=10199"},"modified":"2025-09-04T16:02:29","modified_gmt":"2025-09-04T14:02:29","slug":"die-virtuelle-produktion-von-morgen","status":"publish","type":"page","link":"https:\/\/dehub.netgear.com\/de\/hub\/business\/case-studies\/av-case-studies\/die-virtuelle-produktion-von-morgen\/","title":{"rendered":"Magicbox | Die virtuelle Produktion von morgen"},"content":{"rendered":"    <div class=\"table-of-content bg-gray\">\n        <p><strong>IN THIS ARTICLE<\/strong><\/p>\n        <ul>\n                        <li><a href=\"#topic1\">EINF\u00dcHRUNG<\/a><\/li>\n                        <li><a href=\"#topic2\">HINTERGRUND<\/a><\/li>\n                        <li><a href=\"#topic3\">EIN LKW WIRD ZUM STUDIO<\/a><\/li>\n                        <li><a href=\"#topic4\">HERAUSFORDERUNG<\/a><\/li>\n                        <li><a href=\"#topic5\">L\u00d6SUNG<\/a><\/li>\n                        <li><a href=\"#topic6\">ERGEBNISSE<\/a><\/li>\n                    <\/ul>\n    <\/div>\n        <div id=\"topic1\" class=\"skip-item\">\n                        <h2>EINF\u00dcHRUNG<\/h2>\n                <p><strong>Die virtuelle Produktion von morgen<\/strong><\/p>\n<div style=\"background-color: #eeeeee;padding: 20px;width: 33%;float: right\">\n<p><strong>Firmenname: <\/strong><br \/>\nMagicbox<\/p>\n<p><strong>Branche:<\/strong><br \/>\nMedien und Produktion<\/p>\n<p><strong>Website des Unternehmens:<\/strong><br \/>\n<a href=\"https:\/\/www.magicbox.ninja\/\">www.magicbox.ninja<\/a><\/p>\n<p><strong>Geographische Region:<\/strong><br \/>\nSan Francisco, CA<\/p>\n<p><button style=\"font-size: 18px\"><a href=\"https:\/\/dehub.netgear.com\/de\/hub\/wp-content\/uploads\/2025\/04\/Magicbox_CS_DE_03May24.pdf\" target=\"_blank\" rel=\"noopener\"><strong>Laden Sie diese Fallstudie herunter<\/strong><\/a><\/button><\/p>\n<\/div>\n<p>Die virtuelle Produktion hat die Welt in den letzten Jahren im Sturm erobert und bietet mehr Flexibilit\u00e4t,<br \/>\ngeringere Kosten und mehr Raum f\u00fcr Innovationen bei Videoprojekten. Das kalifornische Unternehmen<br \/>\nMagicbox f\u00fchrt diesen zukunftsweisenden Ansatz mit seinem Mobile Virtual Production Superstudio, einem Lkw,<br \/>\nder sich in etwa 45 Minuten in ein voll funktionsf\u00e4higes LED-Studio verwandelt, noch einen Schritt weiter. Die<br \/>\nManaged Switches von NETGEAR AV spielen eine entscheidende Rolle f\u00fcr den reibungslosen Einsatz von<br \/>\nMagicbox, damit sich die Kunden voll und ganz auf die Produktion herausragender Videos konzentrieren<br \/>\nk\u00f6nnen \u2013 unabh\u00e4ngig vom Standort und ob es sich um eine Live-\u00dcbertragung oder eine Aufzeichnung handelt.<\/p>\n    <\/div>\n        <div id=\"topic2\" class=\"skip-item\">\n                        <h2>HINTERGRUND<\/h2>\n                <p style=\"text-align: left\"><img loading=\"lazy\" decoding=\"async\" class=\"size-medium wp-image-10268 alignleft\" src=\"https:\/\/dehub.netgear.com\/de\/hub\/wp-content\/uploads\/2025\/04\/visuel-Magicbox-300x161-1.jpg\" alt=\"\" width=\"300\" height=\"161\" \/>Brian Nowac, Gr\u00fcnder und CEO von Magicbox, erkl\u00e4rt: \u201eWie viele andere in der Branche wurde ich zum ersten Mal auf die virtuelle Produktion aufmerksam, als ich mir das Material hinter den Kulissen von \u201eStar Wars: The Mandalorian\u201c ansah. Angesichts meiner 20-j\u00e4hrigen Erfahrung in den Bereichen Produktion, Animation, Hardware- und Software-Entwicklung erschien mir der virtuelle Produktionsprozess sofort sinnvoll. Ich wusste, dass dies die Zukunft der Produktion sein w\u00fcrde.\u201c<\/p>\n<p>Brian erwog zun\u00e4chst den Bau eines riesigen LED-Volumens in San Francisco, stellte aber schnell fest, dass der Energiebedarf und die enormen Kosten zu hoch waren. Er beschloss, die Herausforderung auf andere Art und Weise anzugehen: \u201eIch habe mich von den Innovationen bei Smartphones und Computern inspirieren lassen. Die Idee f\u00fcr Magicbox war, das LED-Volumen auf die kleinstm\u00f6gliche Gr\u00f6\u00dfe und die niedrigsten Kosten zu verkleinern und trotzdem eine hohe Leistung zu erzielen \u2013 und dann eine mobile L\u00f6sung daraus zu machen.\u201c<\/p>\n<p>&nbsp;<\/p>\n    <\/div>\n        <div id=\"topic3\" class=\"skip-item\">\n                        <h2>EIN LKW WIRD ZUM STUDIO<\/h2>\n                <p>Das Ergebnis von Nowacs Inspiration ist das Magicbox Mobile Virtual Production Superstudio, ein LED-Studio, das mit der modernsten Technologie f\u00fcr virtuelle Produktionen ausgestattet ist, um die kreativen M\u00f6glichkeiten f\u00fcr Filme, Fernsehsendungen, Werbespots, Videos und Erlebnisveranstaltungen auszusch\u00f6pfen. Nach der Ankunft an fast jedem Standort verwandelt sich die Magicbox in 45 Minuten von einem Sattelauflieger in ein voll funktionsf\u00e4higes LED-Studio f\u00fcr virtuelle Produktionen.<\/p>\n<p>Magicbox enth\u00e4lt alles, was f\u00fcr die virtuelle Produktion ben\u00f6tigt wird. Sie ist mit der gleichen Spiel-Engine, Video-, Steuerungssoftware und Hardware ausgestattet, die von virtuellen Produktionsstudios auf der ganzen Welt eingesetzt werden. Au\u00dferdem verf\u00fcgt sie \u00fcber besondere Funktionen wie einen riesigen, motorisierten Drehboden und eine bewegliche LED-Decke, die abgesenkt und geneigt werden kann, um perfekte Reflexionen auf Glas- und Metalloberfl\u00e4chen am Set zu erzeugen.<\/p>\n<p>Die Magicbox kann \u00fcber die eigene Stromversorgung des Standorts oder \u2013 falls dieser abgelegener sein sollte \u2013 \u00fcber Generatoren betrieben werden. Nach Produktionsabschluss l\u00e4sst sich die Magicbox einfach zusammenpacken und ist bereit f\u00fcr das n\u00e4chste Projekt.<\/p>\n    <\/div>\n        <div id=\"topic4\" class=\"skip-item\">\n                        <h2>HERAUSFORDERUNG<\/h2>\n                <p>Die Mobilit\u00e4t von Magicbox ist mit besonderen Anforderungen verbunden, um das Ganze zu erm\u00f6glichen. \u201eWir brauchen extrem zuverl\u00e4ssige, stabile und robuste technische Komponenten, die technisch ausgereift und langlebig genug sind, um die Arbeit \u00fcberall gleich gut zu erledigen. Au\u00dferdem ist eine gewisse Flexibilit\u00e4t erforderlich, damit wir mobil bleiben und uneingeschr\u00e4nkt auf die Projekte verschiedener Kunden eingehen k\u00f6nnen.\u201c<\/p>\n<p>Diese Anforderungen m\u00fcssen sich auch auf die Netzwerk-Switches erstrecken, die alle Elemente des Studios miteinander verbinden.\u201c Zu den weiteren Anforderungen bei diesem Projekt geh\u00f6rte eine Netzwerkausr\u00fcstung, die auf kleinem Raum Platz findet und den Belastungen und Ersch\u00fctterungen unterwegs standh\u00e4lt.<\/p>\n    <\/div>\n        <div id=\"topic5\" class=\"skip-item\">\n                        <h2>L\u00d6SUNG<\/h2>\n                <p>Gl\u00fccklicherweise hatte Jay Spriggs, Managing Partner von Astra Productions, die Magicbox bei den technischen Aspekten des Projekts unterst\u00fctzte, eine Empfehlung: NETGEAR AV Managed Switches, Teil der AV-Reihe. \u201eWir sch\u00e4tzen die Produkte der AV-Reihe aufgrund ihrer einfachen Konfiguration, Stabilit\u00e4t und ihres Preises\u201c, so Jay. \u201eWir verwenden NETGEAR AV-Switches regelm\u00e4\u00dfig f\u00fcr Installationen und unsere Mietflotte. Besonders gut gefallen uns die flexiblen Montagem\u00f6glichkeiten, die geringe Ger\u00e4uschentwicklung und das schlichte Design, das gut zu den anderen technisch beeindruckenden Ger\u00e4ten in der Magicbox passt.\u201c<\/p>\n<p>Brian erg\u00e4nzt: \u201eAls ich die technischen Daten der NETGEAR AV M4250-Switches sah, wusste ich, dass sie alle Funktionen hatten, die wir brauchten, und da ich die Marke kannte, war die Entscheidung schnell gefallen. Das war ein klarer Fall. Die AV-Switches von NETGEAR bieten uns AV-over-IP-Stabilit\u00e4t: eine herausragende L\u00f6sung, die sich mit anderen herausragenden Produkten und Marken zu etwas Einzigartigem zusammenf\u00fcgt.\u201c<\/p>\n<p>Die Magicbox ist mit 18 NETGEAR AV M4250-12M2XF (MSM4214X) Netzwerk-Switches ausgestattet. \u201eWir haben \u00fcber 100 Hauskabel, die beispielsweise Video \u00fcber IP-Signale von den Prozessoren an die LED-Panels \u00fcbertragen\u201c, erkl\u00e4rt Brian.<\/p>\n    <\/div>\n        <div id=\"topic6\" class=\"skip-item\">\n                        <h2>ERGEBNISSE<\/h2>\n                <p>Das MagicBox Superstudio wurde auf der NAB 2023 vorgestellt, einer der weltweit f\u00fchrenden Veranstaltungen der Rundfunkbranche, die jedes Jahr im April in Las Vegas stattfindet. Seitdem hat die Magicbox weit \u00fcber 15.000 Kilometer zur\u00fcckgelegt, und Brian berichtet, dass die Switches ihre Integrit\u00e4t durchgehend beibehalten haben, ohne dass es Probleme gab oder der NETGEAR Support kontaktiert werden musste. Dieser Grad an Robustheit ist wichtig, denn f\u00fcr die Magicbox und ihren vollen Terminkalender ist kein Tag wie der andere.<\/p>\n<p>\u201eWir stehen auf Parkpl\u00e4tzen, in Lagerhallen, an Stra\u00dfenkreuzungen, in Parks und auf \u00f6ffentlichen Pl\u00e4tzen und fahren vom Strand in den Wald oder aus der W\u00fcste in ein Wohngebiet.\u201c Die Arbeitsabl\u00e4ufe sind sehr breit gef\u00e4chert und umfassen Spielfilme, Fernsehsendungen, Werbespots, Marketingprojekte und \u00dcbertragungen bei Live-Veranstaltungen.<\/p>\n<p>Inzwischen wurde die Magicbox von einigen der gr\u00f6\u00dften Produktionsunternehmen und Marken der Welt eingesetzt. Zu den<br \/>\nj\u00fcngsten Beispielen geh\u00f6ren das Experiential Marketing f\u00fcr den Sci-Fi-Film \u201eRebel Moon\u201c von Netflix sowie Werbespots f\u00fcr Dodge und Subaru. Brian res\u00fcmiert: \u201eUnsere Kunden lieben die Magicbox, weil sie ihnen eine innovative, erschwingliche, flexible und \u00e4u\u00dferst zuverl\u00e4ssige L\u00f6sung bietet.\u201c Die NETGEAR AV-Switches sind zwar nur ein Teil dieser beeindruckenden Konfiguration, doch es ist gut zu wissen, dass sie sich ihren Platz in diesem zukunftsweisenden Ansatz f\u00fcr die virtuelle Produktion verdient haben.<\/p>\n    <\/div>\n        <div id=\"topic7\" class=\"skip-item\">\n                        <div style=\"background-color: #eeeeee;padding: 20px;width: 100%\">\n<p><strong>Dieses Projekt inspiriert Sie?<\/strong><br \/>\nKontaktieren Sie unser ProAV-Team und besprechen Sie Ihr Projekt mit unseren AV-Experten:<br \/>\n<button style=\"font-size: 18px\"><a href=\"mailto:ProAVDesign@netgear.com\"><strong>ProAVDesign@netgear.com<\/strong><\/a><\/button><\/p>\n<p>Oder w\u00fcnschen Sie einen R\u00fcckruf?<br \/>\n<button style=\"font-size: 18px\"><a href=\"https:\/\/www.netgear.com\/de\/business\/av\/services\/proav-designsupport\/#contactformsupport\"><strong>Kontaktieren Sie mich<\/strong><\/a><\/button><\/p>\n<p>Mehr erfahren:<br \/>\n<button style=\"font-size: 18px\"><a href=\"https:\/\/www.downloads.netgear.com\/files\/GDC\/M4250\/M4250_AV_UM_EN.pdf?\"><strong>Datenblatt M4250<\/strong><\/a><\/button><\/p>\n<\/div>\n    <\/div>\n    \n","protected":false},"excerpt":{"rendered":"","protected":false},"author":90,"featured_media":10201,"parent":10321,"menu_order":23,"comment_status":"closed","ping_status":"closed","template":"templates\/blog-wifi.php","meta":{"_acf_changed":false,"footnotes":""},"class_list":["post-10199","page","type-page","status-publish","has-post-thumbnail","hentry"],"acf":[],"yoast_head":"<!-- This site is optimized with the Yoast SEO plugin v27.4 - https:\/\/yoast.com\/product\/yoast-seo-wordpress\/ -->\n<title>Magicbox | Die virtuelle Produktion von morgen - NETGEAR Hub<\/title>\n<meta name=\"description\" content=\"Die virtuelle Produktion von morgen\" \/>\n<meta name=\"robots\" content=\"index, follow, max-snippet:-1, max-image-preview:large, max-video-preview:-1\" \/>\n<link rel=\"canonical\" href=\"https:\/\/dehub.netgear.com\/de\/hub\/business\/case-studies\/av-case-studies\/die-virtuelle-produktion-von-morgen\/\" \/>\n<meta property=\"og:locale\" content=\"de_DE\" \/>\n<meta property=\"og:type\" content=\"article\" \/>\n<meta property=\"og:title\" content=\"Magicbox | Die virtuelle Produktion von morgen - NETGEAR Hub\" \/>\n<meta property=\"og:description\" content=\"Die virtuelle Produktion von morgen\" \/>\n<meta property=\"og:url\" content=\"https:\/\/dehub.netgear.com\/de\/hub\/business\/case-studies\/av-case-studies\/die-virtuelle-produktion-von-morgen\/\" \/>\n<meta property=\"og:site_name\" content=\"NETGEAR Hub\" \/>\n<meta property=\"article:publisher\" content=\"https:\/\/www.facebook.com\/NetgearAU\/\" \/>\n<meta property=\"article:modified_time\" content=\"2025-09-04T14:02:29+00:00\" \/>\n<meta property=\"og:image\" content=\"https:\/\/dehub.netgear.com\/de\/hub\/wp-content\/uploads\/2025\/04\/vignette-MagixBox-300x274-1.jpg\" \/>\n\t<meta property=\"og:image:width\" content=\"300\" \/>\n\t<meta property=\"og:image:height\" content=\"274\" \/>\n\t<meta property=\"og:image:type\" content=\"image\/jpeg\" \/>\n<meta name=\"twitter:card\" content=\"summary_large_image\" \/>\n<meta name=\"twitter:site\" content=\"@NETGEAR\" \/>\n<script type=\"application\/ld+json\" class=\"yoast-schema-graph\">{\"@context\":\"https:\\\/\\\/schema.org\",\"@graph\":[{\"@type\":\"WebPage\",\"@id\":\"https:\\\/\\\/dehub.netgear.com\\\/de\\\/hub\\\/business\\\/case-studies\\\/av-case-studies\\\/die-virtuelle-produktion-von-morgen\\\/\",\"url\":\"https:\\\/\\\/dehub.netgear.com\\\/de\\\/hub\\\/business\\\/case-studies\\\/av-case-studies\\\/die-virtuelle-produktion-von-morgen\\\/\",\"name\":\"Magicbox | Die virtuelle Produktion von morgen - NETGEAR Hub\",\"isPartOf\":{\"@id\":\"https:\\\/\\\/dehub.netgear.com\\\/de\\\/hub\\\/#website\"},\"primaryImageOfPage\":{\"@id\":\"https:\\\/\\\/dehub.netgear.com\\\/de\\\/hub\\\/business\\\/case-studies\\\/av-case-studies\\\/die-virtuelle-produktion-von-morgen\\\/#primaryimage\"},\"image\":{\"@id\":\"https:\\\/\\\/dehub.netgear.com\\\/de\\\/hub\\\/business\\\/case-studies\\\/av-case-studies\\\/die-virtuelle-produktion-von-morgen\\\/#primaryimage\"},\"thumbnailUrl\":\"https:\\\/\\\/dehub.netgear.com\\\/de\\\/hub\\\/wp-content\\\/uploads\\\/2025\\\/04\\\/vignette-MagixBox-300x274-1.jpg\",\"datePublished\":\"2025-04-15T09:47:31+00:00\",\"dateModified\":\"2025-09-04T14:02:29+00:00\",\"description\":\"Die virtuelle Produktion von morgen\",\"breadcrumb\":{\"@id\":\"https:\\\/\\\/dehub.netgear.com\\\/de\\\/hub\\\/business\\\/case-studies\\\/av-case-studies\\\/die-virtuelle-produktion-von-morgen\\\/#breadcrumb\"},\"inLanguage\":\"de\",\"potentialAction\":[{\"@type\":\"ReadAction\",\"target\":[\"https:\\\/\\\/dehub.netgear.com\\\/de\\\/hub\\\/business\\\/case-studies\\\/av-case-studies\\\/die-virtuelle-produktion-von-morgen\\\/\"]}]},{\"@type\":\"ImageObject\",\"inLanguage\":\"de\",\"@id\":\"https:\\\/\\\/dehub.netgear.com\\\/de\\\/hub\\\/business\\\/case-studies\\\/av-case-studies\\\/die-virtuelle-produktion-von-morgen\\\/#primaryimage\",\"url\":\"https:\\\/\\\/dehub.netgear.com\\\/de\\\/hub\\\/wp-content\\\/uploads\\\/2025\\\/04\\\/vignette-MagixBox-300x274-1.jpg\",\"contentUrl\":\"https:\\\/\\\/dehub.netgear.com\\\/de\\\/hub\\\/wp-content\\\/uploads\\\/2025\\\/04\\\/vignette-MagixBox-300x274-1.jpg\",\"width\":300,\"height\":274},{\"@type\":\"BreadcrumbList\",\"@id\":\"https:\\\/\\\/dehub.netgear.com\\\/de\\\/hub\\\/business\\\/case-studies\\\/av-case-studies\\\/die-virtuelle-produktion-von-morgen\\\/#breadcrumb\",\"itemListElement\":[{\"@type\":\"ListItem\",\"position\":1,\"name\":\"Home\",\"item\":\"https:\\\/\\\/dehub.netgear.com\\\/de\\\/hub\\\/\"},{\"@type\":\"ListItem\",\"position\":2,\"name\":\"Business Articles Hub\",\"item\":\"https:\\\/\\\/dehub.netgear.com\\\/de\\\/hub\\\/business\\\/\"},{\"@type\":\"ListItem\",\"position\":3,\"name\":\"All Case Studies &#8211; DE\",\"item\":\"https:\\\/\\\/dehub.netgear.com\\\/de\\\/hub\\\/business\\\/case-studies\\\/\"},{\"@type\":\"ListItem\",\"position\":4,\"name\":\"AV Case Studies &#8211; DE\",\"item\":\"https:\\\/\\\/dehub.netgear.com\\\/de\\\/hub\\\/business\\\/case-studies\\\/av-case-studies\\\/\"},{\"@type\":\"ListItem\",\"position\":5,\"name\":\"Magicbox | Die virtuelle Produktion von morgen\"}]},{\"@type\":\"WebSite\",\"@id\":\"https:\\\/\\\/dehub.netgear.com\\\/de\\\/hub\\\/#website\",\"url\":\"https:\\\/\\\/dehub.netgear.com\\\/de\\\/hub\\\/\",\"name\":\"NETGEAR\",\"description\":\"Erkunden Sie unsere Hub-Seiten und st\u00f6bern Sie in Artikeln, um mehr \u00fcber NETGEAR Produkte und Technologien zu erfahren.\",\"publisher\":{\"@id\":\"https:\\\/\\\/dehub.netgear.com\\\/de\\\/hub\\\/#organization\"},\"potentialAction\":[{\"@type\":\"SearchAction\",\"target\":{\"@type\":\"EntryPoint\",\"urlTemplate\":\"https:\\\/\\\/dehub.netgear.com\\\/de\\\/hub\\\/?s={search_term_string}\"},\"query-input\":{\"@type\":\"PropertyValueSpecification\",\"valueRequired\":true,\"valueName\":\"search_term_string\"}}],\"inLanguage\":\"de\"},{\"@type\":\"Organization\",\"@id\":\"https:\\\/\\\/dehub.netgear.com\\\/de\\\/hub\\\/#organization\",\"name\":\"NETGEAR\",\"url\":\"https:\\\/\\\/dehub.netgear.com\\\/de\\\/hub\\\/\",\"logo\":{\"@type\":\"ImageObject\",\"inLanguage\":\"de\",\"@id\":\"https:\\\/\\\/dehub.netgear.com\\\/de\\\/hub\\\/#\\\/schema\\\/logo\\\/image\\\/\",\"url\":\"https:\\\/\\\/www.dehub.netgear.com\\\/de\\\/hub\\\/wp-content\\\/uploads\\\/2019\\\/07\\\/NETGEAR_logo.jpg\",\"contentUrl\":\"https:\\\/\\\/www.dehub.netgear.com\\\/de\\\/hub\\\/wp-content\\\/uploads\\\/2019\\\/07\\\/NETGEAR_logo.jpg\",\"width\":1500,\"height\":501,\"caption\":\"NETGEAR\"},\"image\":{\"@id\":\"https:\\\/\\\/dehub.netgear.com\\\/de\\\/hub\\\/#\\\/schema\\\/logo\\\/image\\\/\"},\"sameAs\":[\"https:\\\/\\\/www.facebook.com\\\/NetgearAU\\\/\",\"https:\\\/\\\/x.com\\\/NETGEAR\",\"https:\\\/\\\/www.linkedin.com\\\/company\\\/netgear\"]}]}<\/script>\n<!-- \/ Yoast SEO plugin. -->","yoast_head_json":{"title":"Magicbox | Die virtuelle Produktion von morgen - NETGEAR Hub","description":"Die virtuelle Produktion von morgen","robots":{"index":"index","follow":"follow","max-snippet":"max-snippet:-1","max-image-preview":"max-image-preview:large","max-video-preview":"max-video-preview:-1"},"canonical":"https:\/\/dehub.netgear.com\/de\/hub\/business\/case-studies\/av-case-studies\/die-virtuelle-produktion-von-morgen\/","og_locale":"de_DE","og_type":"article","og_title":"Magicbox | Die virtuelle Produktion von morgen - NETGEAR Hub","og_description":"Die virtuelle Produktion von morgen","og_url":"https:\/\/dehub.netgear.com\/de\/hub\/business\/case-studies\/av-case-studies\/die-virtuelle-produktion-von-morgen\/","og_site_name":"NETGEAR Hub","article_publisher":"https:\/\/www.facebook.com\/NetgearAU\/","article_modified_time":"2025-09-04T14:02:29+00:00","og_image":[{"width":300,"height":274,"url":"https:\/\/dehub.netgear.com\/de\/hub\/wp-content\/uploads\/2025\/04\/vignette-MagixBox-300x274-1.jpg","type":"image\/jpeg"}],"twitter_card":"summary_large_image","twitter_site":"@NETGEAR","schema":{"@context":"https:\/\/schema.org","@graph":[{"@type":"WebPage","@id":"https:\/\/dehub.netgear.com\/de\/hub\/business\/case-studies\/av-case-studies\/die-virtuelle-produktion-von-morgen\/","url":"https:\/\/dehub.netgear.com\/de\/hub\/business\/case-studies\/av-case-studies\/die-virtuelle-produktion-von-morgen\/","name":"Magicbox | Die virtuelle Produktion von morgen - NETGEAR Hub","isPartOf":{"@id":"https:\/\/dehub.netgear.com\/de\/hub\/#website"},"primaryImageOfPage":{"@id":"https:\/\/dehub.netgear.com\/de\/hub\/business\/case-studies\/av-case-studies\/die-virtuelle-produktion-von-morgen\/#primaryimage"},"image":{"@id":"https:\/\/dehub.netgear.com\/de\/hub\/business\/case-studies\/av-case-studies\/die-virtuelle-produktion-von-morgen\/#primaryimage"},"thumbnailUrl":"https:\/\/dehub.netgear.com\/de\/hub\/wp-content\/uploads\/2025\/04\/vignette-MagixBox-300x274-1.jpg","datePublished":"2025-04-15T09:47:31+00:00","dateModified":"2025-09-04T14:02:29+00:00","description":"Die virtuelle Produktion von morgen","breadcrumb":{"@id":"https:\/\/dehub.netgear.com\/de\/hub\/business\/case-studies\/av-case-studies\/die-virtuelle-produktion-von-morgen\/#breadcrumb"},"inLanguage":"de","potentialAction":[{"@type":"ReadAction","target":["https:\/\/dehub.netgear.com\/de\/hub\/business\/case-studies\/av-case-studies\/die-virtuelle-produktion-von-morgen\/"]}]},{"@type":"ImageObject","inLanguage":"de","@id":"https:\/\/dehub.netgear.com\/de\/hub\/business\/case-studies\/av-case-studies\/die-virtuelle-produktion-von-morgen\/#primaryimage","url":"https:\/\/dehub.netgear.com\/de\/hub\/wp-content\/uploads\/2025\/04\/vignette-MagixBox-300x274-1.jpg","contentUrl":"https:\/\/dehub.netgear.com\/de\/hub\/wp-content\/uploads\/2025\/04\/vignette-MagixBox-300x274-1.jpg","width":300,"height":274},{"@type":"BreadcrumbList","@id":"https:\/\/dehub.netgear.com\/de\/hub\/business\/case-studies\/av-case-studies\/die-virtuelle-produktion-von-morgen\/#breadcrumb","itemListElement":[{"@type":"ListItem","position":1,"name":"Home","item":"https:\/\/dehub.netgear.com\/de\/hub\/"},{"@type":"ListItem","position":2,"name":"Business Articles Hub","item":"https:\/\/dehub.netgear.com\/de\/hub\/business\/"},{"@type":"ListItem","position":3,"name":"All Case Studies &#8211; DE","item":"https:\/\/dehub.netgear.com\/de\/hub\/business\/case-studies\/"},{"@type":"ListItem","position":4,"name":"AV Case Studies &#8211; DE","item":"https:\/\/dehub.netgear.com\/de\/hub\/business\/case-studies\/av-case-studies\/"},{"@type":"ListItem","position":5,"name":"Magicbox | Die virtuelle Produktion von morgen"}]},{"@type":"WebSite","@id":"https:\/\/dehub.netgear.com\/de\/hub\/#website","url":"https:\/\/dehub.netgear.com\/de\/hub\/","name":"NETGEAR","description":"Erkunden Sie unsere Hub-Seiten und st\u00f6bern Sie in Artikeln, um mehr \u00fcber NETGEAR Produkte und Technologien zu erfahren.","publisher":{"@id":"https:\/\/dehub.netgear.com\/de\/hub\/#organization"},"potentialAction":[{"@type":"SearchAction","target":{"@type":"EntryPoint","urlTemplate":"https:\/\/dehub.netgear.com\/de\/hub\/?s={search_term_string}"},"query-input":{"@type":"PropertyValueSpecification","valueRequired":true,"valueName":"search_term_string"}}],"inLanguage":"de"},{"@type":"Organization","@id":"https:\/\/dehub.netgear.com\/de\/hub\/#organization","name":"NETGEAR","url":"https:\/\/dehub.netgear.com\/de\/hub\/","logo":{"@type":"ImageObject","inLanguage":"de","@id":"https:\/\/dehub.netgear.com\/de\/hub\/#\/schema\/logo\/image\/","url":"https:\/\/www.dehub.netgear.com\/de\/hub\/wp-content\/uploads\/2019\/07\/NETGEAR_logo.jpg","contentUrl":"https:\/\/www.dehub.netgear.com\/de\/hub\/wp-content\/uploads\/2019\/07\/NETGEAR_logo.jpg","width":1500,"height":501,"caption":"NETGEAR"},"image":{"@id":"https:\/\/dehub.netgear.com\/de\/hub\/#\/schema\/logo\/image\/"},"sameAs":["https:\/\/www.facebook.com\/NetgearAU\/","https:\/\/x.com\/NETGEAR","https:\/\/www.linkedin.com\/company\/netgear"]}]}},"_links":{"self":[{"href":"https:\/\/dehub.netgear.com\/de\/hub\/wp-json\/wp\/v2\/pages\/10199","targetHints":{"allow":["GET"]}}],"collection":[{"href":"https:\/\/dehub.netgear.com\/de\/hub\/wp-json\/wp\/v2\/pages"}],"about":[{"href":"https:\/\/dehub.netgear.com\/de\/hub\/wp-json\/wp\/v2\/types\/page"}],"author":[{"embeddable":true,"href":"https:\/\/dehub.netgear.com\/de\/hub\/wp-json\/wp\/v2\/users\/90"}],"replies":[{"embeddable":true,"href":"https:\/\/dehub.netgear.com\/de\/hub\/wp-json\/wp\/v2\/comments?post=10199"}],"version-history":[{"count":1,"href":"https:\/\/dehub.netgear.com\/de\/hub\/wp-json\/wp\/v2\/pages\/10199\/revisions"}],"predecessor-version":[{"id":10204,"href":"https:\/\/dehub.netgear.com\/de\/hub\/wp-json\/wp\/v2\/pages\/10199\/revisions\/10204"}],"up":[{"embeddable":true,"href":"https:\/\/dehub.netgear.com\/de\/hub\/wp-json\/wp\/v2\/pages\/10321"}],"wp:featuredmedia":[{"embeddable":true,"href":"https:\/\/dehub.netgear.com\/de\/hub\/wp-json\/wp\/v2\/media\/10201"}],"wp:attachment":[{"href":"https:\/\/dehub.netgear.com\/de\/hub\/wp-json\/wp\/v2\/media?parent=10199"}],"curies":[{"name":"wp","href":"https:\/\/api.w.org\/{rel}","templated":true}]}}